{"id":71284,"date":"2026-03-11T09:55:42","date_gmt":"2026-03-11T15:55:42","guid":{"rendered":"https:\/\/thebelizecollection.com\/rythmes-au-bord-de-leau\/"},"modified":"2026-04-01T16:45:02","modified_gmt":"2026-04-01T22:45:02","slug":"rythmes-au-bord-de-leau","status":"publish","type":"page","link":"https:\/\/thebelizecollection.com\/fr\/rythmes-au-bord-de-leau\/","title":{"rendered":"Rythmes au bord de l\u2019eau"},"content":{"rendered":"\t\t<div data-elementor-type=\"wp-page\" data-elementor-id=\"71284\" class=\"elementor elementor-71284 elementor-68598\" data-elementor-post-type=\"page\">\n\t\t\t\t<div class=\"elementor-element elementor-element-e0c3fa8 e-con-full e-flex e-con e-parent\" data-id=\"e0c3fa8\" data-element_type=\"container\" data-e-type=\"container\" data-settings=\"{&quot;background_background&quot;:&quot;classic&quot;}\">\n\t\t\t\t<\/div>\n\t\t<div class=\"elementor-element elementor-element-22753ee e-flex e-con-boxed e-con e-parent\" data-id=\"22753ee\" data-element_type=\"container\" data-e-type=\"container\">\n\t\t\t\t\t<div class=\"e-con-inner\">\n\t\t\t\t<div class=\"elementor-element elementor-element-f1d6bf9 elementor-widget elementor-widget-spacer\" data-id=\"f1d6bf9\" data-element_type=\"widget\" data-e-type=\"widget\" data-widget_type=\"spacer.default\">\n\t\t\t\t<div class=\"elementor-widget-container\">\n\t\t\t\t\t\t\t<div class=\"elementor-spacer\">\n\t\t\t<div class=\"elementor-spacer-inner\"><\/div>\n\t\t<\/div>\n\t\t\t\t\t\t<\/div>\n\t\t\t\t<\/div>\n\t\t\t\t\t<\/div>\n\t\t\t\t<\/div>\n\t\t<div class=\"elementor-element elementor-element-e5b8605 e-flex e-con-boxed e-con e-parent\" data-id=\"e5b8605\" data-element_type=\"container\" data-e-type=\"container\">\n\t\t\t\t\t<div class=\"e-con-inner\">\n\t\t<div class=\"elementor-element elementor-element-5863e3a e-con-full e-flex e-con e-child\" data-id=\"5863e3a\" data-element_type=\"container\" data-e-type=\"container\">\n\t\t\t\t<div class=\"elementor-element elementor-element-2d3aff2 elementor-widget elementor-widget-heading\" data-id=\"2d3aff2\" data-element_type=\"widget\" data-e-type=\"widget\" data-widget_type=\"heading.default\">\n\t\t\t\t<div class=\"elementor-widget-container\">\n\t\t\t\t\t<h1 class=\"elementor-heading-title elementor-size-default\">Rythmes au bord de l\u2019eau<\/h1>\t\t\t\t<\/div>\n\t\t\t\t<\/div>\n\t\t\t\t<div class=\"elementor-element elementor-element-db9c635 elementor-widget elementor-widget-text-editor\" data-id=\"db9c635\" data-element_type=\"widget\" data-e-type=\"widget\" data-widget_type=\"text-editor.default\">\n\t\t\t\t<div class=\"elementor-widget-container\">\n\t\t\t\t\t\t\t\t\t<div class=\"elementor-element elementor-element-3fd73d8 elementor-widget elementor-widget-text-editor\" data-id=\"3fd73d8\" data-element_type=\"widget\" data-widget_type=\"text-editor.default\"><div class=\"elementor-widget-container\">Rejoignez-nous pour une soir\u00e9e \u00e9l\u00e9gante de jazz en direct sous les \u00e9toiles au Banks Resort. Laissez le rythme riverain de la soir\u00e9e vous transporter avec des m\u00e9lodies soul, un cadre luxuriant et des cocktails exclusifs du bar Humo. R\u00e9servez votre table \u00e0 l\u2019avance. Les places sont limit\u00e9es. RSVP par WhatsApp <a href=\"callto:+501-615-2167\">+501-615-2167<\/a>.     <\/div><\/div>\t\t\t\t\t\t\t\t<\/div>\n\t\t\t\t<\/div>\n\t\t\t\t<div class=\"elementor-element elementor-element-df230a5 elementor-widget elementor-widget-text-editor\" data-id=\"df230a5\" data-element_type=\"widget\" data-e-type=\"widget\" data-widget_type=\"text-editor.default\">\n\t\t\t\t<div class=\"elementor-widget-container\">\n\t\t\t\t\t\t\t\t\t<p><strong>Lieu : <span style=\"font-weight: 400;\">Humo Restaurant &amp; Bar<\/span><\/strong><\/p><p><strong>Date :<\/strong> 26 mars 2026<\/p><p><strong>Heure :<\/strong> 19h00 &#8211; 21h00<\/p><p><strong>Prix :<\/strong> 20 $ USD par personne <em>(le prix du billet comprend un verre de vin ou une bi\u00e8re)<\/em><\/p>\t\t\t\t\t\t\t\t<\/div>\n\t\t\t\t<\/div>\n\t\t\t\t<div class=\"elementor-element elementor-element-d5c7fba elementor-widget elementor-widget-button\" data-id=\"d5c7fba\" data-element_type=\"widget\" data-e-type=\"widget\" data-widget_type=\"button.default\">\n\t\t\t\t<div class=\"elementor-widget-container\">\n\t\t\t\t\t\t\t\t\t<div class=\"elementor-button-wrapper\">\n\t\t\t\t\t<a class=\"elementor-button elementor-button-link elementor-size-sm\" href=\"mailto:reservations@thebelizecollection.com\">\n\t\t\t\t\t\t<span class=\"elementor-button-content-wrapper\">\n\t\t\t\t\t\t\t\t\t<span class=\"elementor-button-text\">Cliquez ici pour confirmer votre pr\u00e9sence<\/span>\n\t\t\t\t\t<\/span>\n\t\t\t\t\t<\/a>\n\t\t\t\t<\/div>\n\t\t\t\t\t\t\t\t<\/div>\n\t\t\t\t<\/div>\n\t\t\t\t<\/div>\n\t\t<div class=\"elementor-element elementor-element-f2f5dbf e-con-full e-flex e-con e-child\" data-id=\"f2f5dbf\" data-element_type=\"container\" data-e-type=\"container\" data-settings=\"{&quot;background_background&quot;:&quot;classic&quot;}\">\n\t\t\t\t<\/div>\n\t\t\t\t\t<\/div>\n\t\t\t\t<\/div>\n\t\t<div class=\"elementor-element elementor-element-482a04c e-flex e-con-boxed e-con e-parent\" data-id=\"482a04c\" data-element_type=\"container\" data-e-type=\"container\">\n\t\t\t\t\t<div class=\"e-con-inner\">\n\t\t\t\t<div class=\"elementor-element elementor-element-355d8fa elementor-widget elementor-widget-spacer\" data-id=\"355d8fa\" data-element_type=\"widget\" data-e-type=\"widget\" data-widget_type=\"spacer.default\">\n\t\t\t\t<div class=\"elementor-widget-container\">\n\t\t\t\t\t\t\t<div class=\"elementor-spacer\">\n\t\t\t<div class=\"elementor-spacer-inner\"><\/div>\n\t\t<\/div>\n\t\t\t\t\t\t<\/div>\n\t\t\t\t<\/div>\n\t\t\t\t\t<\/div>\n\t\t\t\t<\/div>\n\t\t<div class=\"elementor-element elementor-element-2a190b4 e-flex e-con-boxed e-con e-parent\" data-id=\"2a190b4\" data-element_type=\"container\" data-e-type=\"container\">\n\t\t\t\t\t<div class=\"e-con-inner\">\n\t\t\t\t<div class=\"elementor-element elementor-element-7e3d1a7 elementor-widget elementor-widget-heading\" data-id=\"7e3d1a7\" data-element_type=\"widget\" data-e-type=\"widget\" data-widget_type=\"heading.default\">\n\t\t\t\t<div class=\"elementor-widget-container\">\n\t\t\t\t\t<h1 class=\"elementor-heading-title elementor-size-default\">Ari &amp; Anton<\/h1>\t\t\t\t<\/div>\n\t\t\t\t<\/div>\n\t\t\t\t<div class=\"elementor-element elementor-element-a1b8f90 elementor-widget elementor-widget-text-editor\" data-id=\"a1b8f90\" data-element_type=\"widget\" data-e-type=\"widget\" data-widget_type=\"text-editor.default\">\n\t\t\t\t<div class=\"elementor-widget-container\">\n\t\t\t\t\t\t\t\t\t<div class=\"elementor-element elementor-element-3fd73d8 elementor-widget elementor-widget-text-editor\" data-id=\"3fd73d8\" data-element_type=\"widget\" data-widget_type=\"text-editor.default\"><div class=\"elementor-widget-container\"><p>Anton Alvarez et Arianna Quiroz forment un duo musical dynamique n\u00e9 et bas\u00e9 au Belize, en Am\u00e9rique centrale, apportant pr\u00e8s d\u2019une d\u00e9cennie d\u2019exp\u00e9rience sur sc\u00e8ne. Reconnus pour leur complicit\u00e9 fluide et leur son riche et soul, ils s\u2019inspirent de l\u00e9gendes telles que Stevie Wonder, Ella Fitzgerald, Chet Baker et The Beatles, m\u00ealant jazz, soul et R&amp;B dans un style de performance \u00e9l\u00e9gant et \u00e9mouvant. <\/p><p>Ensemble, ils se sont produits \u00e0 travers l\u2019Am\u00e9rique centrale et les \u00c9tats-Unis, captivant les foules par leur sens artistique raffin\u00e9 et leur r\u00e9pertoire intemporel. Qu\u2019ils interpr\u00e8tent des classiques appr\u00e9ci\u00e9s ou proposent leurs propres arrangements uniques, Anton et Arianna cr\u00e9ent une atmosph\u00e8re chaleureuse et sophistiqu\u00e9e. <\/p><\/div><\/div>\t\t\t\t\t\t\t\t<\/div>\n\t\t\t\t<\/div>\n\t\t\t\t\t<\/div>\n\t\t\t\t<\/div>\n\t\t<div class=\"elementor-element elementor-element-73cd0e7 e-flex e-con-boxed e-con e-parent\" data-id=\"73cd0e7\" data-element_type=\"container\" data-e-type=\"container\">\n\t\t\t\t\t<div class=\"e-con-inner\">\n\t\t\t\t<div class=\"elementor-element elementor-element-d294a06 elementor-widget elementor-widget-spacer\" data-id=\"d294a06\" data-element_type=\"widget\" data-e-type=\"widget\" data-widget_type=\"spacer.default\">\n\t\t\t\t<div class=\"elementor-widget-container\">\n\t\t\t\t\t\t\t<div class=\"elementor-spacer\">\n\t\t\t<div class=\"elementor-spacer-inner\"><\/div>\n\t\t<\/div>\n\t\t\t\t\t\t<\/div>\n\t\t\t\t<\/div>\n\t\t\t\t\t<\/div>\n\t\t\t\t<\/div>\n\t\t\t\t<\/div>\n\t\t","protected":false},"excerpt":{"rendered":"<p>Rythmes au bord de l\u2019eau Rejoignez-nous pour une soir\u00e9e \u00e9l\u00e9gante de jazz en direct sous les \u00e9toiles au Banks Resort. Laissez le rythme riverain de la soir\u00e9e vous transporter avec des m\u00e9lodies soul, un cadre luxuriant et des cocktails exclusifs du bar Humo. R\u00e9servez votre table \u00e0 l\u2019avance. Les places sont limit\u00e9es. RSVP par WhatsApp [&hellip;]<\/p>\n","protected":false},"author":4,"featured_media":71289,"parent":0,"menu_order":0,"comment_status":"closed","ping_status":"closed","template":"page-full-width.php","meta":{"_acf_changed":false,"_vp_format_video_url":"","_vp_image_focal_point":[],"footnotes":""},"categories":[206],"tags":[],"class_list":["post-71284","page","type-page","status-publish","has-post-thumbnail","hentry","category-rassemblement-tbc"],"acf":[],"yoast_head":"<!-- This site is optimized with the Yoast SEO plugin v27.4 - https:\/\/yoast.com\/product\/yoast-seo-wordpress\/ -->\n<title>Rythmes au bord de l\u2019eau - The Belize Collection<\/title>\n<meta name=\"robots\" content=\"index, follow, max-snippet:-1, max-image-preview:large, max-video-preview:-1\" \/>\n<link rel=\"canonical\" href=\"https:\/\/thebelizecollection.com\/fr\/rythmes-au-bord-de-leau\/\" \/>\n<meta property=\"og:locale\" content=\"fr_FR\" \/>\n<meta property=\"og:type\" content=\"article\" \/>\n<meta property=\"og:title\" content=\"Rythmes au bord de l\u2019eau - The Belize Collection\" \/>\n<meta property=\"og:description\" content=\"Rythmes au bord de l\u2019eau Rejoignez-nous pour une soir\u00e9e \u00e9l\u00e9gante de jazz en direct sous les \u00e9toiles au Banks Resort. Laissez le rythme riverain de la soir\u00e9e vous transporter avec des m\u00e9lodies soul, un cadre luxuriant et des cocktails exclusifs du bar Humo. R\u00e9servez votre table \u00e0 l\u2019avance. Les places sont limit\u00e9es. RSVP par WhatsApp [&hellip;]\" \/>\n<meta property=\"og:url\" content=\"https:\/\/thebelizecollection.com\/fr\/rythmes-au-bord-de-leau\/\" \/>\n<meta property=\"og:site_name\" content=\"The Belize Collection\" \/>\n<meta property=\"article:modified_time\" content=\"2026-04-01T22:45:02+00:00\" \/>\n<meta property=\"og:image\" content=\"https:\/\/thebelizecollection.com\/wp-content\/uploads\/2026\/03\/Riverside-Rhythms_1200x628-1.jpg\" \/>\n\t<meta property=\"og:image:width\" content=\"2048\" \/>\n\t<meta property=\"og:image:height\" content=\"1365\" \/>\n\t<meta property=\"og:image:type\" content=\"image\/jpeg\" \/>\n<meta name=\"twitter:card\" content=\"summary_large_image\" \/>\n<meta name=\"twitter:label1\" content=\"Dur\u00e9e de lecture estim\u00e9e\" \/>\n\t<meta name=\"twitter:data1\" content=\"1 minute\" \/>\n<script type=\"application\/ld+json\" class=\"yoast-schema-graph\">{\"@context\":\"https:\\\/\\\/schema.org\",\"@graph\":[{\"@type\":\"WebPage\",\"@id\":\"https:\\\/\\\/thebelizecollection.com\\\/fr\\\/rythmes-au-bord-de-leau\\\/\",\"url\":\"https:\\\/\\\/thebelizecollection.com\\\/fr\\\/rythmes-au-bord-de-leau\\\/\",\"name\":\"Rythmes au bord de l\u2019eau - The Belize Collection\",\"isPartOf\":{\"@id\":\"https:\\\/\\\/thebelizecollection.com\\\/fr\\\/#website\"},\"primaryImageOfPage\":{\"@id\":\"https:\\\/\\\/thebelizecollection.com\\\/fr\\\/rythmes-au-bord-de-leau\\\/#primaryimage\"},\"image\":{\"@id\":\"https:\\\/\\\/thebelizecollection.com\\\/fr\\\/rythmes-au-bord-de-leau\\\/#primaryimage\"},\"thumbnailUrl\":\"https:\\\/\\\/thebelizecollection.com\\\/wp-content\\\/uploads\\\/2026\\\/03\\\/Riverside-Rhythms_1200x628-1.jpg\",\"datePublished\":\"2026-03-11T15:55:42+00:00\",\"dateModified\":\"2026-04-01T22:45:02+00:00\",\"breadcrumb\":{\"@id\":\"https:\\\/\\\/thebelizecollection.com\\\/fr\\\/rythmes-au-bord-de-leau\\\/#breadcrumb\"},\"inLanguage\":\"fr-FR\",\"potentialAction\":[{\"@type\":\"ReadAction\",\"target\":[\"https:\\\/\\\/thebelizecollection.com\\\/fr\\\/rythmes-au-bord-de-leau\\\/\"]}]},{\"@type\":\"ImageObject\",\"inLanguage\":\"fr-FR\",\"@id\":\"https:\\\/\\\/thebelizecollection.com\\\/fr\\\/rythmes-au-bord-de-leau\\\/#primaryimage\",\"url\":\"https:\\\/\\\/thebelizecollection.com\\\/wp-content\\\/uploads\\\/2026\\\/03\\\/Riverside-Rhythms_1200x628-1.jpg\",\"contentUrl\":\"https:\\\/\\\/thebelizecollection.com\\\/wp-content\\\/uploads\\\/2026\\\/03\\\/Riverside-Rhythms_1200x628-1.jpg\",\"width\":2048,\"height\":1365},{\"@type\":\"BreadcrumbList\",\"@id\":\"https:\\\/\\\/thebelizecollection.com\\\/fr\\\/rythmes-au-bord-de-leau\\\/#breadcrumb\",\"itemListElement\":[{\"@type\":\"ListItem\",\"position\":1,\"name\":\"Home\",\"item\":\"https:\\\/\\\/thebelizecollection.com\\\/fr\\\/the-belize-collection-2\\\/\"},{\"@type\":\"ListItem\",\"position\":2,\"name\":\"Rythmes au bord de l\u2019eau\"}]},{\"@type\":\"WebSite\",\"@id\":\"https:\\\/\\\/thebelizecollection.com\\\/fr\\\/#website\",\"url\":\"https:\\\/\\\/thebelizecollection.com\\\/fr\\\/\",\"name\":\"The Belize Collection\",\"description\":\"Everything Belize\",\"potentialAction\":[{\"@type\":\"SearchAction\",\"target\":{\"@type\":\"EntryPoint\",\"urlTemplate\":\"https:\\\/\\\/thebelizecollection.com\\\/fr\\\/?s={search_term_string}\"},\"query-input\":{\"@type\":\"PropertyValueSpecification\",\"valueRequired\":true,\"valueName\":\"search_term_string\"}}],\"inLanguage\":\"fr-FR\"}]}<\/script>\n<!-- \/ Yoast SEO plugin. -->","yoast_head_json":{"title":"Rythmes au bord de l\u2019eau - The Belize Collection","robots":{"index":"index","follow":"follow","max-snippet":"max-snippet:-1","max-image-preview":"max-image-preview:large","max-video-preview":"max-video-preview:-1"},"canonical":"https:\/\/thebelizecollection.com\/fr\/rythmes-au-bord-de-leau\/","og_locale":"fr_FR","og_type":"article","og_title":"Rythmes au bord de l\u2019eau - The Belize Collection","og_description":"Rythmes au bord de l\u2019eau Rejoignez-nous pour une soir\u00e9e \u00e9l\u00e9gante de jazz en direct sous les \u00e9toiles au Banks Resort. Laissez le rythme riverain de la soir\u00e9e vous transporter avec des m\u00e9lodies soul, un cadre luxuriant et des cocktails exclusifs du bar Humo. R\u00e9servez votre table \u00e0 l\u2019avance. Les places sont limit\u00e9es. RSVP par WhatsApp [&hellip;]","og_url":"https:\/\/thebelizecollection.com\/fr\/rythmes-au-bord-de-leau\/","og_site_name":"The Belize Collection","article_modified_time":"2026-04-01T22:45:02+00:00","og_image":[{"width":2048,"height":1365,"url":"https:\/\/thebelizecollection.com\/wp-content\/uploads\/2026\/03\/Riverside-Rhythms_1200x628-1.jpg","type":"image\/jpeg"}],"twitter_card":"summary_large_image","twitter_misc":{"Dur\u00e9e de lecture estim\u00e9e":"1 minute"},"schema":{"@context":"https:\/\/schema.org","@graph":[{"@type":"WebPage","@id":"https:\/\/thebelizecollection.com\/fr\/rythmes-au-bord-de-leau\/","url":"https:\/\/thebelizecollection.com\/fr\/rythmes-au-bord-de-leau\/","name":"Rythmes au bord de l\u2019eau - The Belize Collection","isPartOf":{"@id":"https:\/\/thebelizecollection.com\/fr\/#website"},"primaryImageOfPage":{"@id":"https:\/\/thebelizecollection.com\/fr\/rythmes-au-bord-de-leau\/#primaryimage"},"image":{"@id":"https:\/\/thebelizecollection.com\/fr\/rythmes-au-bord-de-leau\/#primaryimage"},"thumbnailUrl":"https:\/\/thebelizecollection.com\/wp-content\/uploads\/2026\/03\/Riverside-Rhythms_1200x628-1.jpg","datePublished":"2026-03-11T15:55:42+00:00","dateModified":"2026-04-01T22:45:02+00:00","breadcrumb":{"@id":"https:\/\/thebelizecollection.com\/fr\/rythmes-au-bord-de-leau\/#breadcrumb"},"inLanguage":"fr-FR","potentialAction":[{"@type":"ReadAction","target":["https:\/\/thebelizecollection.com\/fr\/rythmes-au-bord-de-leau\/"]}]},{"@type":"ImageObject","inLanguage":"fr-FR","@id":"https:\/\/thebelizecollection.com\/fr\/rythmes-au-bord-de-leau\/#primaryimage","url":"https:\/\/thebelizecollection.com\/wp-content\/uploads\/2026\/03\/Riverside-Rhythms_1200x628-1.jpg","contentUrl":"https:\/\/thebelizecollection.com\/wp-content\/uploads\/2026\/03\/Riverside-Rhythms_1200x628-1.jpg","width":2048,"height":1365},{"@type":"BreadcrumbList","@id":"https:\/\/thebelizecollection.com\/fr\/rythmes-au-bord-de-leau\/#breadcrumb","itemListElement":[{"@type":"ListItem","position":1,"name":"Home","item":"https:\/\/thebelizecollection.com\/fr\/the-belize-collection-2\/"},{"@type":"ListItem","position":2,"name":"Rythmes au bord de l\u2019eau"}]},{"@type":"WebSite","@id":"https:\/\/thebelizecollection.com\/fr\/#website","url":"https:\/\/thebelizecollection.com\/fr\/","name":"The Belize Collection","description":"Everything Belize","potentialAction":[{"@type":"SearchAction","target":{"@type":"EntryPoint","urlTemplate":"https:\/\/thebelizecollection.com\/fr\/?s={search_term_string}"},"query-input":{"@type":"PropertyValueSpecification","valueRequired":true,"valueName":"search_term_string"}}],"inLanguage":"fr-FR"}]}},"jetpack_sharing_enabled":true,"_links":{"self":[{"href":"https:\/\/thebelizecollection.com\/fr\/wp-json\/wp\/v2\/pages\/71284","targetHints":{"allow":["GET"]}}],"collection":[{"href":"https:\/\/thebelizecollection.com\/fr\/wp-json\/wp\/v2\/pages"}],"about":[{"href":"https:\/\/thebelizecollection.com\/fr\/wp-json\/wp\/v2\/types\/page"}],"author":[{"embeddable":true,"href":"https:\/\/thebelizecollection.com\/fr\/wp-json\/wp\/v2\/users\/4"}],"replies":[{"embeddable":true,"href":"https:\/\/thebelizecollection.com\/fr\/wp-json\/wp\/v2\/comments?post=71284"}],"version-history":[{"count":2,"href":"https:\/\/thebelizecollection.com\/fr\/wp-json\/wp\/v2\/pages\/71284\/revisions"}],"predecessor-version":[{"id":71322,"href":"https:\/\/thebelizecollection.com\/fr\/wp-json\/wp\/v2\/pages\/71284\/revisions\/71322"}],"wp:featuredmedia":[{"embeddable":true,"href":"https:\/\/thebelizecollection.com\/fr\/wp-json\/wp\/v2\/media\/71289"}],"wp:attachment":[{"href":"https:\/\/thebelizecollection.com\/fr\/wp-json\/wp\/v2\/media?parent=71284"}],"wp:term":[{"taxonomy":"category","embeddable":true,"href":"https:\/\/thebelizecollection.com\/fr\/wp-json\/wp\/v2\/categories?post=71284"},{"taxonomy":"post_tag","embeddable":true,"href":"https:\/\/thebelizecollection.com\/fr\/wp-json\/wp\/v2\/tags?post=71284"}],"curies":[{"name":"wp","href":"https:\/\/api.w.org\/{rel}","templated":true}]}}