{"id":71305,"date":"2026-02-07T09:26:47","date_gmt":"2026-02-07T15:26:47","guid":{"rendered":"https:\/\/thebelizecollection.com\/un-toast-a-la-nature-sauvage\/"},"modified":"2026-04-01T16:50:47","modified_gmt":"2026-04-01T22:50:47","slug":"un-toast-a-la-nature-sauvage","status":"publish","type":"page","link":"https:\/\/thebelizecollection.com\/fr\/un-toast-a-la-nature-sauvage\/","title":{"rendered":"Un toast \u00e0 la nature sauvage"},"content":{"rendered":"\t\t<div data-elementor-type=\"wp-page\" data-elementor-id=\"71305\" class=\"elementor elementor-71305 elementor-67216\" data-elementor-post-type=\"page\">\n\t\t\t\t<div class=\"elementor-element elementor-element-287690d e-con-full elementor-hidden-mobile e-flex e-con e-parent\" data-id=\"287690d\" data-element_type=\"container\" data-e-type=\"container\" data-settings=\"{&quot;background_background&quot;:&quot;classic&quot;}\">\n\t\t\t\t<\/div>\n\t\t<div class=\"elementor-element elementor-element-7e32a51 e-flex e-con-boxed e-con e-parent\" data-id=\"7e32a51\" data-element_type=\"container\" data-e-type=\"container\">\n\t\t\t\t\t<div class=\"e-con-inner\">\n\t\t\t\t<div class=\"elementor-element elementor-element-8b0fce4 elementor-widget elementor-widget-spacer\" data-id=\"8b0fce4\" data-element_type=\"widget\" data-e-type=\"widget\" data-widget_type=\"spacer.default\">\n\t\t\t\t<div class=\"elementor-widget-container\">\n\t\t\t\t\t\t\t<div class=\"elementor-spacer\">\n\t\t\t<div class=\"elementor-spacer-inner\"><\/div>\n\t\t<\/div>\n\t\t\t\t\t\t<\/div>\n\t\t\t\t<\/div>\n\t\t\t\t\t<\/div>\n\t\t\t\t<\/div>\n\t\t<div class=\"elementor-element elementor-element-a507215 e-flex e-con-boxed e-con e-parent\" data-id=\"a507215\" data-element_type=\"container\" data-e-type=\"container\">\n\t\t\t\t\t<div class=\"e-con-inner\">\n\t\t<div class=\"elementor-element elementor-element-7fdd774 e-con-full e-flex e-con e-child\" data-id=\"7fdd774\" data-element_type=\"container\" data-e-type=\"container\">\n\t\t\t\t<div class=\"elementor-element elementor-element-f0828dd elementor-widget elementor-widget-heading\" data-id=\"f0828dd\" data-element_type=\"widget\" data-e-type=\"widget\" data-widget_type=\"heading.default\">\n\t\t\t\t<div class=\"elementor-widget-container\">\n\t\t\t\t\t<h1 class=\"elementor-heading-title elementor-size-default\">Un toast \u00e0 la nature sauvage<\/h1>\t\t\t\t<\/div>\n\t\t\t\t<\/div>\n\t\t\t\t<div class=\"elementor-element elementor-element-5c623c2 elementor-widget elementor-widget-text-editor\" data-id=\"5c623c2\" data-element_type=\"widget\" data-e-type=\"widget\" data-widget_type=\"text-editor.default\">\n\t\t\t\t<div class=\"elementor-widget-container\">\n\t\t\t\t\t\t\t\t\t<div class=\"elementor-element elementor-element-3fd73d8 elementor-widget elementor-widget-text-editor\" data-id=\"3fd73d8\" data-element_type=\"widget\" data-widget_type=\"text-editor.default\"><div class=\"elementor-widget-container\">Vous cherchez une fa\u00e7on de c\u00e9l\u00e9brer Earth Hour ? Rejoignez-nous pour une soir\u00e9e inoubliable avec Belize Wild Cats. La premi\u00e8re heure d\u00e9bute au Big Dock Bar pour un ap\u00e9ritif cocktail, suivie d\u2019un d\u00eener en bord de mer sous l\u2019amandier. Chaque billet soutient le reboisement, la conservation des f\u00e9lins sauvages et Belize Wild Cats.   <\/div><\/div>\t\t\t\t\t\t\t\t<\/div>\n\t\t\t\t<\/div>\n\t\t\t\t<div class=\"elementor-element elementor-element-8f93bc4 elementor-widget elementor-widget-text-editor\" data-id=\"8f93bc4\" data-element_type=\"widget\" data-e-type=\"widget\" data-widget_type=\"text-editor.default\">\n\t\t\t\t<div class=\"elementor-widget-container\">\n\t\t\t\t\t\t\t\t\t<p><strong>Lieu : <\/strong>Big Dock Bar<\/p><p><strong>Date :<\/strong> 22 mars 2026<\/p><p><strong>Heure :<\/strong> 17h00 &#8211; 21h00<\/p><p><strong>Prix :<\/strong> 100 $ BZD par personne<\/p>\t\t\t\t\t\t\t\t<\/div>\n\t\t\t\t<\/div>\n\t\t\t\t<div class=\"elementor-element elementor-element-4447ca2 elementor-widget elementor-widget-button\" data-id=\"4447ca2\" data-element_type=\"widget\" data-e-type=\"widget\" data-widget_type=\"button.default\">\n\t\t\t\t<div class=\"elementor-widget-container\">\n\t\t\t\t\t\t\t\t\t<div class=\"elementor-button-wrapper\">\n\t\t\t\t\t<a class=\"elementor-button elementor-button-link elementor-size-sm\" href=\"mailto:reservations@thebelizecollection.com\">\n\t\t\t\t\t\t<span class=\"elementor-button-content-wrapper\">\n\t\t\t\t\t\t\t\t\t<span class=\"elementor-button-text\">Cliquez ici pour confirmer votre pr\u00e9sence<\/span>\n\t\t\t\t\t<\/span>\n\t\t\t\t\t<\/a>\n\t\t\t\t<\/div>\n\t\t\t\t\t\t\t\t<\/div>\n\t\t\t\t<\/div>\n\t\t\t\t<\/div>\n\t\t<div class=\"elementor-element elementor-element-3adf8b1 e-con-full e-flex e-con e-child\" data-id=\"3adf8b1\" data-element_type=\"container\" data-e-type=\"container\" data-settings=\"{&quot;background_background&quot;:&quot;classic&quot;}\">\n\t\t\t\t<div class=\"elementor-element elementor-element-9479002 elementor-widget elementor-widget-spacer\" data-id=\"9479002\" data-element_type=\"widget\" data-e-type=\"widget\" data-widget_type=\"spacer.default\">\n\t\t\t\t<div class=\"elementor-widget-container\">\n\t\t\t\t\t\t\t<div class=\"elementor-spacer\">\n\t\t\t<div class=\"elementor-spacer-inner\"><\/div>\n\t\t<\/div>\n\t\t\t\t\t\t<\/div>\n\t\t\t\t<\/div>\n\t\t\t\t<\/div>\n\t\t\t\t\t<\/div>\n\t\t\t\t<\/div>\n\t\t<div class=\"elementor-element elementor-element-13b4b10 e-flex e-con-boxed e-con e-parent\" data-id=\"13b4b10\" data-element_type=\"container\" data-e-type=\"container\">\n\t\t\t\t\t<div class=\"e-con-inner\">\n\t\t\t\t<div class=\"elementor-element elementor-element-4e49227 elementor-widget elementor-widget-spacer\" data-id=\"4e49227\" data-element_type=\"widget\" data-e-type=\"widget\" data-widget_type=\"spacer.default\">\n\t\t\t\t<div class=\"elementor-widget-container\">\n\t\t\t\t\t\t\t<div class=\"elementor-spacer\">\n\t\t\t<div class=\"elementor-spacer-inner\"><\/div>\n\t\t<\/div>\n\t\t\t\t\t\t<\/div>\n\t\t\t\t<\/div>\n\t\t\t\t\t<\/div>\n\t\t\t\t<\/div>\n\t\t<div class=\"elementor-element elementor-element-ffb5134 e-flex e-con-boxed e-con e-parent\" data-id=\"ffb5134\" data-element_type=\"container\" data-e-type=\"container\">\n\t\t\t\t\t<div class=\"e-con-inner\">\n\t\t\t\t<div class=\"elementor-element elementor-element-0c09dfd elementor-widget elementor-widget-heading\" data-id=\"0c09dfd\" data-element_type=\"widget\" data-e-type=\"widget\" data-widget_type=\"heading.default\">\n\t\t\t\t<div class=\"elementor-widget-container\">\n\t\t\t\t\t<h1 class=\"elementor-heading-title elementor-size-default\">\u00c0 propos de Belize Wild Cats<\/h1>\t\t\t\t<\/div>\n\t\t\t\t<\/div>\n\t\t\t\t<div class=\"elementor-element elementor-element-5f8cf92 elementor-widget elementor-widget-text-editor\" data-id=\"5f8cf92\" data-element_type=\"widget\" data-e-type=\"widget\" data-widget_type=\"text-editor.default\">\n\t\t\t\t<div class=\"elementor-widget-container\">\n\t\t\t\t\t\t\t\t\t<div class=\"elementor-element elementor-element-3fd73d8 elementor-widget elementor-widget-text-editor\" data-id=\"3fd73d8\" data-element_type=\"widget\" data-widget_type=\"text-editor.default\"><div class=\"elementor-widget-container\"><p>Belize Wild Cats se consacre \u00e0 pr\u00e9server les f\u00e9lins sauvages du Belize, afin qu\u2019ils restent libres et prosp\u00e8rent. Nous nous attachons \u00e0 att\u00e9nuer les menaces, \u00e0 mobiliser les communaut\u00e9s et \u00e0 proposer des actions \u00e9ducatives, tout en menant des recherches tout au long de l\u2019ann\u00e9e sur les cinq esp\u00e8ces de f\u00e9lins indig\u00e8nes, en particulier le margay et le jaguarundi, moins \u00e9tudi\u00e9s. En partenariat avec The Belize Collection, nous restaurons \u00e9galement les habitats en cr\u00e9ant des corridors fauniques, aidant les f\u00e9lins \u00e0 \u00e9tendre leurs territoires et \u00e0 renforcer leurs populations.  <\/p><\/div><\/div>\t\t\t\t\t\t\t\t<\/div>\n\t\t\t\t<\/div>\n\t\t\t\t\t<\/div>\n\t\t\t\t<\/div>\n\t\t<div class=\"elementor-element elementor-element-edf4035 e-flex e-con-boxed e-con e-parent\" data-id=\"edf4035\" data-element_type=\"container\" data-e-type=\"container\">\n\t\t\t\t\t<div class=\"e-con-inner\">\n\t\t\t\t<div class=\"elementor-element elementor-element-f3f20e0 elementor-widget elementor-widget-spacer\" data-id=\"f3f20e0\" data-element_type=\"widget\" data-e-type=\"widget\" data-widget_type=\"spacer.default\">\n\t\t\t\t<div class=\"elementor-widget-container\">\n\t\t\t\t\t\t\t<div class=\"elementor-spacer\">\n\t\t\t<div class=\"elementor-spacer-inner\"><\/div>\n\t\t<\/div>\n\t\t\t\t\t\t<\/div>\n\t\t\t\t<\/div>\n\t\t\t\t\t<\/div>\n\t\t\t\t<\/div>\n\t\t\t\t<\/div>\n\t\t","protected":false},"excerpt":{"rendered":"<p>Un toast \u00e0 la nature sauvage Vous cherchez une fa\u00e7on de c\u00e9l\u00e9brer Earth Hour ? Rejoignez-nous pour une soir\u00e9e inoubliable avec Belize Wild Cats. La premi\u00e8re heure d\u00e9bute au Big Dock Bar pour un ap\u00e9ritif cocktail, suivie d\u2019un d\u00eener en bord de mer sous l\u2019amandier. Chaque billet soutient le reboisement, la conservation des f\u00e9lins sauvages [&hellip;]<\/p>\n","protected":false},"author":4,"featured_media":71316,"parent":0,"menu_order":0,"comment_status":"closed","ping_status":"closed","template":"page-full-width.php","meta":{"_acf_changed":false,"_vp_format_video_url":"","_vp_image_focal_point":[],"footnotes":""},"categories":[206],"tags":[],"class_list":["post-71305","page","type-page","status-publish","has-post-thumbnail","hentry","category-rassemblement-tbc"],"acf":[],"yoast_head":"<!-- This site is optimized with the Yoast SEO plugin v27.4 - https:\/\/yoast.com\/product\/yoast-seo-wordpress\/ -->\n<title>Un toast \u00e0 la nature sauvage - The Belize Collection<\/title>\n<meta name=\"robots\" content=\"index, follow, max-snippet:-1, max-image-preview:large, max-video-preview:-1\" \/>\n<link rel=\"canonical\" href=\"https:\/\/thebelizecollection.com\/fr\/un-toast-a-la-nature-sauvage\/\" \/>\n<meta property=\"og:locale\" content=\"fr_FR\" \/>\n<meta property=\"og:type\" content=\"article\" \/>\n<meta property=\"og:title\" content=\"Un toast \u00e0 la nature sauvage - The Belize Collection\" \/>\n<meta property=\"og:description\" content=\"Un toast \u00e0 la nature sauvage Vous cherchez une fa\u00e7on de c\u00e9l\u00e9brer Earth Hour ? Rejoignez-nous pour une soir\u00e9e inoubliable avec Belize Wild Cats. La premi\u00e8re heure d\u00e9bute au Big Dock Bar pour un ap\u00e9ritif cocktail, suivie d\u2019un d\u00eener en bord de mer sous l\u2019amandier. Chaque billet soutient le reboisement, la conservation des f\u00e9lins sauvages [&hellip;]\" \/>\n<meta property=\"og:url\" content=\"https:\/\/thebelizecollection.com\/fr\/un-toast-a-la-nature-sauvage\/\" \/>\n<meta property=\"og:site_name\" content=\"The Belize Collection\" \/>\n<meta property=\"article:modified_time\" content=\"2026-04-01T22:50:47+00:00\" \/>\n<meta property=\"og:image\" content=\"https:\/\/thebelizecollection.com\/wp-content\/uploads\/2026\/02\/DJI_20240831002411_0022_D.jpg\" \/>\n\t<meta property=\"og:image:width\" content=\"2048\" \/>\n\t<meta property=\"og:image:height\" content=\"1365\" \/>\n\t<meta property=\"og:image:type\" content=\"image\/jpeg\" \/>\n<meta name=\"twitter:card\" content=\"summary_large_image\" \/>\n<meta name=\"twitter:label1\" content=\"Dur\u00e9e de lecture estim\u00e9e\" \/>\n\t<meta name=\"twitter:data1\" content=\"1 minute\" \/>\n<script type=\"application\/ld+json\" class=\"yoast-schema-graph\">{\"@context\":\"https:\\\/\\\/schema.org\",\"@graph\":[{\"@type\":\"WebPage\",\"@id\":\"https:\\\/\\\/thebelizecollection.com\\\/fr\\\/un-toast-a-la-nature-sauvage\\\/\",\"url\":\"https:\\\/\\\/thebelizecollection.com\\\/fr\\\/un-toast-a-la-nature-sauvage\\\/\",\"name\":\"Un toast \u00e0 la nature sauvage - The Belize Collection\",\"isPartOf\":{\"@id\":\"https:\\\/\\\/thebelizecollection.com\\\/fr\\\/#website\"},\"primaryImageOfPage\":{\"@id\":\"https:\\\/\\\/thebelizecollection.com\\\/fr\\\/un-toast-a-la-nature-sauvage\\\/#primaryimage\"},\"image\":{\"@id\":\"https:\\\/\\\/thebelizecollection.com\\\/fr\\\/un-toast-a-la-nature-sauvage\\\/#primaryimage\"},\"thumbnailUrl\":\"https:\\\/\\\/thebelizecollection.com\\\/wp-content\\\/uploads\\\/2026\\\/02\\\/DJI_20240831002411_0022_D.jpg\",\"datePublished\":\"2026-02-07T15:26:47+00:00\",\"dateModified\":\"2026-04-01T22:50:47+00:00\",\"breadcrumb\":{\"@id\":\"https:\\\/\\\/thebelizecollection.com\\\/fr\\\/un-toast-a-la-nature-sauvage\\\/#breadcrumb\"},\"inLanguage\":\"fr-FR\",\"potentialAction\":[{\"@type\":\"ReadAction\",\"target\":[\"https:\\\/\\\/thebelizecollection.com\\\/fr\\\/un-toast-a-la-nature-sauvage\\\/\"]}]},{\"@type\":\"ImageObject\",\"inLanguage\":\"fr-FR\",\"@id\":\"https:\\\/\\\/thebelizecollection.com\\\/fr\\\/un-toast-a-la-nature-sauvage\\\/#primaryimage\",\"url\":\"https:\\\/\\\/thebelizecollection.com\\\/wp-content\\\/uploads\\\/2026\\\/02\\\/DJI_20240831002411_0022_D.jpg\",\"contentUrl\":\"https:\\\/\\\/thebelizecollection.com\\\/wp-content\\\/uploads\\\/2026\\\/02\\\/DJI_20240831002411_0022_D.jpg\",\"width\":2048,\"height\":1365},{\"@type\":\"BreadcrumbList\",\"@id\":\"https:\\\/\\\/thebelizecollection.com\\\/fr\\\/un-toast-a-la-nature-sauvage\\\/#breadcrumb\",\"itemListElement\":[{\"@type\":\"ListItem\",\"position\":1,\"name\":\"Home\",\"item\":\"https:\\\/\\\/thebelizecollection.com\\\/fr\\\/the-belize-collection-2\\\/\"},{\"@type\":\"ListItem\",\"position\":2,\"name\":\"Un toast \u00e0 la nature sauvage\"}]},{\"@type\":\"WebSite\",\"@id\":\"https:\\\/\\\/thebelizecollection.com\\\/fr\\\/#website\",\"url\":\"https:\\\/\\\/thebelizecollection.com\\\/fr\\\/\",\"name\":\"The Belize Collection\",\"description\":\"Everything Belize\",\"potentialAction\":[{\"@type\":\"SearchAction\",\"target\":{\"@type\":\"EntryPoint\",\"urlTemplate\":\"https:\\\/\\\/thebelizecollection.com\\\/fr\\\/?s={search_term_string}\"},\"query-input\":{\"@type\":\"PropertyValueSpecification\",\"valueRequired\":true,\"valueName\":\"search_term_string\"}}],\"inLanguage\":\"fr-FR\"}]}<\/script>\n<!-- \/ Yoast SEO plugin. -->","yoast_head_json":{"title":"Un toast \u00e0 la nature sauvage - The Belize Collection","robots":{"index":"index","follow":"follow","max-snippet":"max-snippet:-1","max-image-preview":"max-image-preview:large","max-video-preview":"max-video-preview:-1"},"canonical":"https:\/\/thebelizecollection.com\/fr\/un-toast-a-la-nature-sauvage\/","og_locale":"fr_FR","og_type":"article","og_title":"Un toast \u00e0 la nature sauvage - The Belize Collection","og_description":"Un toast \u00e0 la nature sauvage Vous cherchez une fa\u00e7on de c\u00e9l\u00e9brer Earth Hour ? Rejoignez-nous pour une soir\u00e9e inoubliable avec Belize Wild Cats. La premi\u00e8re heure d\u00e9bute au Big Dock Bar pour un ap\u00e9ritif cocktail, suivie d\u2019un d\u00eener en bord de mer sous l\u2019amandier. Chaque billet soutient le reboisement, la conservation des f\u00e9lins sauvages [&hellip;]","og_url":"https:\/\/thebelizecollection.com\/fr\/un-toast-a-la-nature-sauvage\/","og_site_name":"The Belize Collection","article_modified_time":"2026-04-01T22:50:47+00:00","og_image":[{"width":2048,"height":1365,"url":"https:\/\/thebelizecollection.com\/wp-content\/uploads\/2026\/02\/DJI_20240831002411_0022_D.jpg","type":"image\/jpeg"}],"twitter_card":"summary_large_image","twitter_misc":{"Dur\u00e9e de lecture estim\u00e9e":"1 minute"},"schema":{"@context":"https:\/\/schema.org","@graph":[{"@type":"WebPage","@id":"https:\/\/thebelizecollection.com\/fr\/un-toast-a-la-nature-sauvage\/","url":"https:\/\/thebelizecollection.com\/fr\/un-toast-a-la-nature-sauvage\/","name":"Un toast \u00e0 la nature sauvage - The Belize Collection","isPartOf":{"@id":"https:\/\/thebelizecollection.com\/fr\/#website"},"primaryImageOfPage":{"@id":"https:\/\/thebelizecollection.com\/fr\/un-toast-a-la-nature-sauvage\/#primaryimage"},"image":{"@id":"https:\/\/thebelizecollection.com\/fr\/un-toast-a-la-nature-sauvage\/#primaryimage"},"thumbnailUrl":"https:\/\/thebelizecollection.com\/wp-content\/uploads\/2026\/02\/DJI_20240831002411_0022_D.jpg","datePublished":"2026-02-07T15:26:47+00:00","dateModified":"2026-04-01T22:50:47+00:00","breadcrumb":{"@id":"https:\/\/thebelizecollection.com\/fr\/un-toast-a-la-nature-sauvage\/#breadcrumb"},"inLanguage":"fr-FR","potentialAction":[{"@type":"ReadAction","target":["https:\/\/thebelizecollection.com\/fr\/un-toast-a-la-nature-sauvage\/"]}]},{"@type":"ImageObject","inLanguage":"fr-FR","@id":"https:\/\/thebelizecollection.com\/fr\/un-toast-a-la-nature-sauvage\/#primaryimage","url":"https:\/\/thebelizecollection.com\/wp-content\/uploads\/2026\/02\/DJI_20240831002411_0022_D.jpg","contentUrl":"https:\/\/thebelizecollection.com\/wp-content\/uploads\/2026\/02\/DJI_20240831002411_0022_D.jpg","width":2048,"height":1365},{"@type":"BreadcrumbList","@id":"https:\/\/thebelizecollection.com\/fr\/un-toast-a-la-nature-sauvage\/#breadcrumb","itemListElement":[{"@type":"ListItem","position":1,"name":"Home","item":"https:\/\/thebelizecollection.com\/fr\/the-belize-collection-2\/"},{"@type":"ListItem","position":2,"name":"Un toast \u00e0 la nature sauvage"}]},{"@type":"WebSite","@id":"https:\/\/thebelizecollection.com\/fr\/#website","url":"https:\/\/thebelizecollection.com\/fr\/","name":"The Belize Collection","description":"Everything Belize","potentialAction":[{"@type":"SearchAction","target":{"@type":"EntryPoint","urlTemplate":"https:\/\/thebelizecollection.com\/fr\/?s={search_term_string}"},"query-input":{"@type":"PropertyValueSpecification","valueRequired":true,"valueName":"search_term_string"}}],"inLanguage":"fr-FR"}]}},"jetpack_sharing_enabled":true,"_links":{"self":[{"href":"https:\/\/thebelizecollection.com\/fr\/wp-json\/wp\/v2\/pages\/71305","targetHints":{"allow":["GET"]}}],"collection":[{"href":"https:\/\/thebelizecollection.com\/fr\/wp-json\/wp\/v2\/pages"}],"about":[{"href":"https:\/\/thebelizecollection.com\/fr\/wp-json\/wp\/v2\/types\/page"}],"author":[{"embeddable":true,"href":"https:\/\/thebelizecollection.com\/fr\/wp-json\/wp\/v2\/users\/4"}],"replies":[{"embeddable":true,"href":"https:\/\/thebelizecollection.com\/fr\/wp-json\/wp\/v2\/comments?post=71305"}],"version-history":[{"count":2,"href":"https:\/\/thebelizecollection.com\/fr\/wp-json\/wp\/v2\/pages\/71305\/revisions"}],"predecessor-version":[{"id":71338,"href":"https:\/\/thebelizecollection.com\/fr\/wp-json\/wp\/v2\/pages\/71305\/revisions\/71338"}],"wp:featuredmedia":[{"embeddable":true,"href":"https:\/\/thebelizecollection.com\/fr\/wp-json\/wp\/v2\/media\/71316"}],"wp:attachment":[{"href":"https:\/\/thebelizecollection.com\/fr\/wp-json\/wp\/v2\/media?parent=71305"}],"wp:term":[{"taxonomy":"category","embeddable":true,"href":"https:\/\/thebelizecollection.com\/fr\/wp-json\/wp\/v2\/categories?post=71305"},{"taxonomy":"post_tag","embeddable":true,"href":"https:\/\/thebelizecollection.com\/fr\/wp-json\/wp\/v2\/tags?post=71305"}],"curies":[{"name":"wp","href":"https:\/\/api.w.org\/{rel}","templated":true}]}}