{"id":71327,"date":"2026-03-11T13:29:10","date_gmt":"2026-03-11T19:29:10","guid":{"rendered":"https:\/\/thebelizecollection.com\/notre-histoire\/"},"modified":"2026-04-01T17:48:06","modified_gmt":"2026-04-01T23:48:06","slug":"notre-histoire","status":"publish","type":"page","link":"https:\/\/thebelizecollection.com\/fr\/notre-histoire\/","title":{"rendered":"Notre histoire"},"content":{"rendered":"\t\t<div data-elementor-type=\"wp-page\" data-elementor-id=\"71327\" class=\"elementor elementor-71327 elementor-68505\" data-elementor-post-type=\"page\">\n\t\t\t\t<div class=\"elementor-element elementor-element-c14cdab e-con-full elementor-hidden-mobile e-flex e-con e-parent\" data-id=\"c14cdab\" data-element_type=\"container\" data-e-type=\"container\" data-settings=\"{&quot;background_background&quot;:&quot;classic&quot;}\">\n\t\t\t\t<\/div>\n\t\t<div class=\"elementor-element elementor-element-e51c3a4 e-flex e-con-boxed e-con e-parent\" data-id=\"e51c3a4\" data-element_type=\"container\" data-e-type=\"container\">\n\t\t\t\t\t<div class=\"e-con-inner\">\n\t\t\t\t<div class=\"elementor-element elementor-element-149ccaa elementor-widget elementor-widget-spacer\" data-id=\"149ccaa\" data-element_type=\"widget\" data-e-type=\"widget\" data-widget_type=\"spacer.default\">\n\t\t\t\t<div class=\"elementor-widget-container\">\n\t\t\t\t\t\t\t<div class=\"elementor-spacer\">\n\t\t\t<div class=\"elementor-spacer-inner\"><\/div>\n\t\t<\/div>\n\t\t\t\t\t\t<\/div>\n\t\t\t\t<\/div>\n\t\t\t\t<div class=\"elementor-element elementor-element-d2a37ee elementor-widget elementor-widget-heading\" data-id=\"d2a37ee\" data-element_type=\"widget\" data-e-type=\"widget\" data-widget_type=\"heading.default\">\n\t\t\t\t<div class=\"elementor-widget-container\">\n\t\t\t\t\t<h1 class=\"elementor-heading-title elementor-size-default\">The Belize Collection : le pouvoir du voyage<\/h1>\t\t\t\t<\/div>\n\t\t\t\t<\/div>\n\t\t\t\t<div class=\"elementor-element elementor-element-f4ee5e4 elementor-widget elementor-widget-text-editor\" data-id=\"f4ee5e4\" data-element_type=\"widget\" data-e-type=\"widget\" data-widget_type=\"text-editor.default\">\n\t\t\t\t<div class=\"elementor-widget-container\">\n\t\t\t\t\t\t\t\t\t<div class=\"elementor-element elementor-element-3fd73d8 elementor-widget elementor-widget-text-editor\" data-id=\"3fd73d8\" data-element_type=\"widget\" data-widget_type=\"text-editor.default\"><div class=\"elementor-widget-container\"><p>Chez The Belize Collection, nous croyons en l\u2019authenticit\u00e9 culturelle, l\u2019autonomisation des communaut\u00e9s et la durabilit\u00e9. Si nous ne redonnons pas \u00e0 la collectivit\u00e9, nous manquons notre objectif. Depuis notre cr\u00e9ation, cet engagement est rest\u00e9 notre priorit\u00e9.  <\/p><\/div><\/div>\t\t\t\t\t\t\t\t<\/div>\n\t\t\t\t<\/div>\n\t\t\t\t\t<\/div>\n\t\t\t\t<\/div>\n\t\t<div class=\"elementor-element elementor-element-acb648e e-flex e-con-boxed e-con e-parent\" data-id=\"acb648e\" data-element_type=\"container\" data-e-type=\"container\">\n\t\t\t\t\t<div class=\"e-con-inner\">\n\t\t<div class=\"elementor-element elementor-element-6c18cc0 e-con-full e-flex e-con e-child\" data-id=\"6c18cc0\" data-element_type=\"container\" data-e-type=\"container\">\n\t\t<div class=\"elementor-element elementor-element-9588ca8 e-con-full e-flex e-con e-child\" data-id=\"9588ca8\" data-element_type=\"container\" data-e-type=\"container\">\n\t\t\t\t<div class=\"elementor-element elementor-element-96deeb4 elementor-widget elementor-widget-heading\" data-id=\"96deeb4\" data-element_type=\"widget\" data-e-type=\"widget\" data-widget_type=\"heading.default\">\n\t\t\t\t<div class=\"elementor-widget-container\">\n\t\t\t\t\t<h1 class=\"elementor-heading-title elementor-size-default\">Tout a commenc\u00e9 en 2015\u2026<\/h1>\t\t\t\t<\/div>\n\t\t\t\t<\/div>\n\t\t\t\t<div class=\"elementor-element elementor-element-da7dbcb elementor-widget elementor-widget-text-editor\" data-id=\"da7dbcb\" data-element_type=\"widget\" data-e-type=\"widget\" data-widget_type=\"text-editor.default\">\n\t\t\t\t<div class=\"elementor-widget-container\">\n\t\t\t\t\t\t\t\t\t<div class=\"elementor-element elementor-element-3fd73d8 elementor-widget elementor-widget-text-editor\" data-id=\"3fd73d8\" data-element_type=\"widget\" data-widget_type=\"text-editor.default\"><div class=\"elementor-widget-container\"><p>Lorsque David Hayles et Ian Lizarraga ont repris le groupe h\u00f4telier Viva Belize, celui-ci comprenait The Lodge at Jaguar Reef, l\u2019Almond Beach Resort, The Colonial Inn, tous situ\u00e9s c\u00f4te \u00e0 c\u00f4te \u00e0 Hopkins, ainsi que The Rainforest Lodge at Sleeping Giant, le long de la Hummingbird Highway.<\/p><p>Le nom \u00e9trange de Viva Belize ne nous a jamais convaincus. Cela ressemblait \u00e0 un clich\u00e9 de brochure de voyage, pas \u00e0 une promesse de charme local. Associ\u00e9 aux tables en plastique et aux murs orange du restaurant de Jaguar Reef, il risquait de transformer le Belize, si luxuriant et magnifique, en une p\u00e2le copie des complexes surd\u00e9velopp\u00e9s que l\u2019on trouve au-del\u00e0 de nos fronti\u00e8res.  <\/p><p>Cependant, la reprise du groupe h\u00f4telier nous a offert une page blanche pour innover et cr\u00e9er pour vous, voyageur, une exp\u00e9rience b\u00e9lizienne v\u00e9ritablement incroyable, tout en \u00e9tablissant notre r\u00f4le de mentors pour les B\u00e9liziens dans l\u2019industrie du tourisme et en soutenant les communaut\u00e9s qui nous entourent.<\/p><p>L\u2019une des nombreuses \u00e9tapes charni\u00e8res de cette transformation a \u00e9t\u00e9 le changement de nom pour refl\u00e9ter ce que vous vivez en s\u00e9journant chez nous : une collection de moments extraordinaires. D\u2019o\u00f9 le nom, The Belize Collection. <\/p><\/div><\/div>\t\t\t\t\t\t\t\t<\/div>\n\t\t\t\t<\/div>\n\t\t\t\t<\/div>\n\t\t<div class=\"elementor-element elementor-element-c926ef0 e-con-full e-flex e-con e-child\" data-id=\"c926ef0\" data-element_type=\"container\" data-e-type=\"container\" data-settings=\"{&quot;background_background&quot;:&quot;classic&quot;}\">\n\t\t\t\t<div class=\"elementor-element elementor-element-ebb272e elementor-widget elementor-widget-spacer\" data-id=\"ebb272e\" data-element_type=\"widget\" data-e-type=\"widget\" data-widget_type=\"spacer.default\">\n\t\t\t\t<div class=\"elementor-widget-container\">\n\t\t\t\t\t\t\t<div class=\"elementor-spacer\">\n\t\t\t<div class=\"elementor-spacer-inner\"><\/div>\n\t\t<\/div>\n\t\t\t\t\t\t<\/div>\n\t\t\t\t<\/div>\n\t\t\t\t<\/div>\n\t\t\t\t<\/div>\n\t\t\t\t\t<\/div>\n\t\t\t\t<\/div>\n\t\t<div class=\"elementor-element elementor-element-30cc5b3 e-flex e-con-boxed e-con e-parent\" data-id=\"30cc5b3\" data-element_type=\"container\" data-e-type=\"container\">\n\t\t\t\t\t<div class=\"e-con-inner\">\n\t\t\t\t<div class=\"elementor-element elementor-element-74ab9c2 elementor-widget elementor-widget-heading\" data-id=\"74ab9c2\" data-element_type=\"widget\" data-e-type=\"widget\" data-widget_type=\"heading.default\">\n\t\t\t\t<div class=\"elementor-widget-container\">\n\t\t\t\t\t<h1 class=\"elementor-heading-title elementor-size-default\">Ce qui nous distingue dans l\u2019industrie du voyage au Belize\u2026<\/h1>\t\t\t\t<\/div>\n\t\t\t\t<\/div>\n\t\t\t\t<div class=\"elementor-element elementor-element-19fa561 elementor-widget elementor-widget-text-editor\" data-id=\"19fa561\" data-element_type=\"widget\" data-e-type=\"widget\" data-widget_type=\"text-editor.default\">\n\t\t\t\t<div class=\"elementor-widget-container\">\n\t\t\t\t\t\t\t\t\t<div class=\"elementor-element elementor-element-3fd73d8 elementor-widget elementor-widget-text-editor\" data-id=\"3fd73d8\" data-element_type=\"widget\" data-widget_type=\"text-editor.default\"><div class=\"elementor-widget-container\"><p>Dans nos complexes h\u00f4teliers, r\u00e9sidences et restaurants, plus de 400 B\u00e9liziens continuent de relever les standards de l\u2019hospitalit\u00e9 au Belize.<\/p><p>Du personnel d\u00e9butant \u00e0 la haute direction, chaque poste est occup\u00e9 par des talents locaux, principalement issus des communaut\u00e9s environnantes. Des salaires comp\u00e9titifs et de solides opportunit\u00e9s ont favoris\u00e9 un taux de r\u00e9tention exceptionnellement \u00e9lev\u00e9, soulignant la culture que nous avons b\u00e2tie. <\/p><p>Pour cultiver ces talents, nous disposons de nos propres centres de formation, proposant des programmes qui accompagnent les nouveaux venus dans le secteur et favorisent le d\u00e9veloppement professionnel de notre \u00e9quipe.<\/p><p>Nous pensons \u00e9galement que la croissance passe par l\u2019ouverture sur le monde. Par exemple, chaque ann\u00e9e, nos \u00e9tablissements organisent un concours de barman qui inspire des m\u00e9langes inventifs. Plusieurs de nos barmans ont depuis repr\u00e9sent\u00e9 le Belize lors de comp\u00e9titions internationales.  <\/p><p>De m\u00eame, nous \u00e9levons notre offre culinaire en envoyant nos chefs \u00e0 Mexico et dans d\u2019autres p\u00f4les gastronomiques pour d\u00e9couvrir diverses techniques. Ces exp\u00e9riences \u00e9largissent leurs perspectives lorsqu\u2019ils reviennent avec de nouvelles comp\u00e9tences et une inspiration qui transforme les cuisines de nos complexes. <\/p><p>De plus, nous sommes immens\u00e9ment fiers que The Belize Collection d\u00e9finisse les standards de l\u2019autonomisation des femmes. Plus de la moiti\u00e9 de notre \u00e9quipe de direction est compos\u00e9e de femmes incroyables. <\/p><p>Ce leadership dynamique ne se contente pas de cr\u00e9er des espaces de travail valorisants, il g\u00e9n\u00e8re un effet d\u2019entra\u00eenement dans toutes nos communaut\u00e9s. Lorsque les habitants voient l\u2019un des leurs devenir le principal soutien de famille, cela transforme les perspectives et inspire d\u2019autres femmes \u00e0 r\u00e9aliser ce qui est possible. <\/p><\/div><\/div>\t\t\t\t\t\t\t\t<\/div>\n\t\t\t\t<\/div>\n\t\t\t\t\t<\/div>\n\t\t\t\t<\/div>\n\t\t<div class=\"elementor-element elementor-element-24391a6 e-flex e-con-boxed e-con e-parent\" data-id=\"24391a6\" data-element_type=\"container\" data-e-type=\"container\">\n\t\t\t\t\t<div class=\"e-con-inner\">\n\t\t\t\t<div class=\"elementor-element elementor-element-c9ba539 elementor-widget elementor-widget-heading\" data-id=\"c9ba539\" data-element_type=\"widget\" data-e-type=\"widget\" data-widget_type=\"heading.default\">\n\t\t\t\t<div class=\"elementor-widget-container\">\n\t\t\t\t\t<h1 class=\"elementor-heading-title elementor-size-default\">Faire progresser sans cesse l\u2019histoire de notre Belize\u2026<\/h1>\t\t\t\t<\/div>\n\t\t\t\t<\/div>\n\t\t\t\t<div class=\"elementor-element elementor-element-89a0c86 elementor-widget elementor-widget-text-editor\" data-id=\"89a0c86\" data-element_type=\"widget\" data-e-type=\"widget\" data-widget_type=\"text-editor.default\">\n\t\t\t\t<div class=\"elementor-widget-container\">\n\t\t\t\t\t\t\t\t\t<div class=\"elementor-element elementor-element-3fd73d8 elementor-widget elementor-widget-text-editor\" data-id=\"3fd73d8\" data-element_type=\"widget\" data-widget_type=\"text-editor.default\"><div class=\"elementor-widget-container\"><p>En tant qu\u2019entreprise leader de l\u2019hospitalit\u00e9, l\u2019une de nos missions a toujours \u00e9t\u00e9 d\u2019\u00eatre un conteur passionn\u00e9 du Belize pour les voyageurs locaux et internationaux. Et quelle meilleure fa\u00e7on d\u2019explorer une culture qu\u2019\u00e0 travers la gastronomie ? <\/p><p>Nous avons donc entrepris de surmonter ce curieux paradoxe du voyage : les visiteurs veulent toujours se rassembler l\u00e0 o\u00f9 se trouvent les locaux, car la nourriture est ce qui unit tout le monde.<\/p><p>Pour raconter cette histoire de mani\u00e8re authentique, nous sommes revenus aux recettes et aux boissons transmises par nos grands-m\u00e8res et arri\u00e8re-grands-m\u00e8res, en les r\u00e9imaginant selon une interpr\u00e9tation moderne, tout en restant fid\u00e8les \u00e0 notre pays tropical et \u00e0 ses riches traditions.<\/p><p>L\u2019un de ces plats est la poitrine de porc fum\u00e9e \u00e0 la coque de noix de coco. Et une boisson qui \u00e9veille des souvenirs d\u2019enfance nostalgiques comme la Sugar Corn Colada, qui \u00e9tait pour beaucoup d\u2019entre nous la cr\u00e8me glac\u00e9e incontournable de notre jeunesse. <\/p><\/div><\/div>\t\t\t\t\t\t\t\t<\/div>\n\t\t\t\t<\/div>\n\t\t\t\t\t<\/div>\n\t\t\t\t<\/div>\n\t\t<div class=\"elementor-element elementor-element-deb8ba8 e-flex e-con-boxed e-con e-parent\" data-id=\"deb8ba8\" data-element_type=\"container\" data-e-type=\"container\">\n\t\t\t\t\t<div class=\"e-con-inner\">\n\t\t\t\t<div class=\"elementor-element elementor-element-72c6e40 elementor-widget elementor-widget-heading\" data-id=\"72c6e40\" data-element_type=\"widget\" data-e-type=\"widget\" data-widget_type=\"heading.default\">\n\t\t\t\t<div class=\"elementor-widget-container\">\n\t\t\t\t\t<h1 class=\"elementor-heading-title elementor-size-default\">Mais notre \u00e9panouissement ne s\u2019arr\u00eate pas l\u00e0\u2026<\/h1>\t\t\t\t<\/div>\n\t\t\t\t<\/div>\n\t\t\t\t<div class=\"elementor-element elementor-element-6031589 elementor-widget elementor-widget-text-editor\" data-id=\"6031589\" data-element_type=\"widget\" data-e-type=\"widget\" data-widget_type=\"text-editor.default\">\n\t\t\t\t<div class=\"elementor-widget-container\">\n\t\t\t\t\t\t\t\t\t<div class=\"elementor-element elementor-element-3fd73d8 elementor-widget elementor-widget-text-editor\" data-id=\"3fd73d8\" data-element_type=\"widget\" data-widget_type=\"text-editor.default\"><div class=\"elementor-widget-container\"><p>Pour \u00e9veiller tous les sens, nous sommes all\u00e9s au-del\u00e0 de l\u2019h\u00e9bergement, de la nourriture et des boissons. Notre narration s\u2019\u00e9tend aux arts et \u00e0 la musique, et de l\u00e0, plus profond\u00e9ment dans <a href=\"https:\/\/thebelizecollection.com\/fr\/notre-ethique\/\">la philosophie qui sous-tend votre s\u00e9jour.<\/a> <\/p><\/div><\/div>\t\t\t\t\t\t\t\t<\/div>\n\t\t\t\t<\/div>\n\t\t\t\t\t<\/div>\n\t\t\t\t<\/div>\n\t\t<div class=\"elementor-element elementor-element-4eba449 e-flex e-con-boxed e-con e-parent\" data-id=\"4eba449\" data-element_type=\"container\" data-e-type=\"container\">\n\t\t\t\t\t<div class=\"e-con-inner\">\n\t\t\t\t<div class=\"elementor-element elementor-element-adb1db9 elementor-widget elementor-widget-spacer\" data-id=\"adb1db9\" data-element_type=\"widget\" data-e-type=\"widget\" data-widget_type=\"spacer.default\">\n\t\t\t\t<div class=\"elementor-widget-container\">\n\t\t\t\t\t\t\t<div class=\"elementor-spacer\">\n\t\t\t<div class=\"elementor-spacer-inner\"><\/div>\n\t\t<\/div>\n\t\t\t\t\t\t<\/div>\n\t\t\t\t<\/div>\n\t\t\t\t\t<\/div>\n\t\t\t\t<\/div>\n\t\t\t\t<\/div>\n\t\t","protected":false},"excerpt":{"rendered":"<p>The Belize Collection : le pouvoir du voyage Chez The Belize Collection, nous croyons en l\u2019authenticit\u00e9 culturelle, l\u2019autonomisation des communaut\u00e9s et la durabilit\u00e9. Si nous ne redonnons pas \u00e0 la collectivit\u00e9, nous manquons notre objectif. Depuis notre cr\u00e9ation, cet engagement est rest\u00e9 notre priorit\u00e9. Tout a commenc\u00e9 en 2015\u2026 Lorsque David Hayles et Ian Lizarraga [&hellip;]<\/p>\n","protected":false},"author":4,"featured_media":0,"parent":0,"menu_order":0,"comment_status":"closed","ping_status":"closed","template":"page-full-width.php","meta":{"_acf_changed":false,"_vp_format_video_url":"","_vp_image_focal_point":[],"footnotes":""},"categories":[],"tags":[],"class_list":["post-71327","page","type-page","status-publish","hentry"],"acf":[],"yoast_head":"<!-- This site is optimized with the Yoast SEO plugin v27.5 - https:\/\/yoast.com\/product\/yoast-seo-wordpress\/ -->\n<title>Notre histoire - The Belize Collection<\/title>\n<meta name=\"description\" content=\"D\u00e9couvrez comment The Belize Collection privil\u00e9gie l\u2019authenticit\u00e9 culturelle et l\u2019autonomisation des communaut\u00e9s. Faites l\u2019exp\u00e9rience d\u2019une hospitalit\u00e9 locale dans nos complexes h\u00f4teliers de charme au Belize.\" \/>\n<meta name=\"robots\" content=\"index, follow, max-snippet:-1, max-image-preview:large, max-video-preview:-1\" \/>\n<link rel=\"canonical\" href=\"https:\/\/thebelizecollection.com\/fr\/notre-histoire\/\" \/>\n<meta property=\"og:locale\" content=\"fr_FR\" \/>\n<meta property=\"og:type\" content=\"article\" \/>\n<meta property=\"og:title\" content=\"Notre histoire - The Belize Collection\" \/>\n<meta property=\"og:description\" content=\"D\u00e9couvrez comment The Belize Collection privil\u00e9gie l\u2019authenticit\u00e9 culturelle et l\u2019autonomisation des communaut\u00e9s. Faites l\u2019exp\u00e9rience d\u2019une hospitalit\u00e9 locale dans nos complexes h\u00f4teliers de charme au Belize.\" \/>\n<meta property=\"og:url\" content=\"https:\/\/thebelizecollection.com\/fr\/notre-histoire\/\" \/>\n<meta property=\"og:site_name\" content=\"The Belize Collection\" \/>\n<meta property=\"article:modified_time\" content=\"2026-04-01T23:48:06+00:00\" \/>\n<meta name=\"twitter:card\" content=\"summary_large_image\" \/>\n<meta name=\"twitter:label1\" content=\"Dur\u00e9e de lecture estim\u00e9e\" \/>\n\t<meta name=\"twitter:data1\" content=\"4 minutes\" \/>\n<script type=\"application\/ld+json\" class=\"yoast-schema-graph\">{\"@context\":\"https:\\\/\\\/schema.org\",\"@graph\":[{\"@type\":\"WebPage\",\"@id\":\"https:\\\/\\\/thebelizecollection.com\\\/fr\\\/notre-histoire\\\/\",\"url\":\"https:\\\/\\\/thebelizecollection.com\\\/fr\\\/notre-histoire\\\/\",\"name\":\"Notre histoire - The Belize Collection\",\"isPartOf\":{\"@id\":\"https:\\\/\\\/thebelizecollection.com\\\/fr\\\/#website\"},\"datePublished\":\"2026-03-11T19:29:10+00:00\",\"dateModified\":\"2026-04-01T23:48:06+00:00\",\"description\":\"D\u00e9couvrez comment The Belize Collection privil\u00e9gie l\u2019authenticit\u00e9 culturelle et l\u2019autonomisation des communaut\u00e9s. Faites l\u2019exp\u00e9rience d\u2019une hospitalit\u00e9 locale dans nos complexes h\u00f4teliers de charme au Belize.\",\"breadcrumb\":{\"@id\":\"https:\\\/\\\/thebelizecollection.com\\\/fr\\\/notre-histoire\\\/#breadcrumb\"},\"inLanguage\":\"fr-FR\",\"potentialAction\":[{\"@type\":\"ReadAction\",\"target\":[\"https:\\\/\\\/thebelizecollection.com\\\/fr\\\/notre-histoire\\\/\"]}]},{\"@type\":\"BreadcrumbList\",\"@id\":\"https:\\\/\\\/thebelizecollection.com\\\/fr\\\/notre-histoire\\\/#breadcrumb\",\"itemListElement\":[{\"@type\":\"ListItem\",\"position\":1,\"name\":\"Home\",\"item\":\"https:\\\/\\\/thebelizecollection.com\\\/fr\\\/the-belize-collection-2\\\/\"},{\"@type\":\"ListItem\",\"position\":2,\"name\":\"Notre histoire\"}]},{\"@type\":\"WebSite\",\"@id\":\"https:\\\/\\\/thebelizecollection.com\\\/fr\\\/#website\",\"url\":\"https:\\\/\\\/thebelizecollection.com\\\/fr\\\/\",\"name\":\"The Belize Collection\",\"description\":\"Everything Belize\",\"potentialAction\":[{\"@type\":\"SearchAction\",\"target\":{\"@type\":\"EntryPoint\",\"urlTemplate\":\"https:\\\/\\\/thebelizecollection.com\\\/fr\\\/?s={search_term_string}\"},\"query-input\":{\"@type\":\"PropertyValueSpecification\",\"valueRequired\":true,\"valueName\":\"search_term_string\"}}],\"inLanguage\":\"fr-FR\"}]}<\/script>\n<!-- \/ Yoast SEO plugin. -->","yoast_head_json":{"title":"Notre histoire - The Belize Collection","description":"D\u00e9couvrez comment The Belize Collection privil\u00e9gie l\u2019authenticit\u00e9 culturelle et l\u2019autonomisation des communaut\u00e9s. Faites l\u2019exp\u00e9rience d\u2019une hospitalit\u00e9 locale dans nos complexes h\u00f4teliers de charme au Belize.","robots":{"index":"index","follow":"follow","max-snippet":"max-snippet:-1","max-image-preview":"max-image-preview:large","max-video-preview":"max-video-preview:-1"},"canonical":"https:\/\/thebelizecollection.com\/fr\/notre-histoire\/","og_locale":"fr_FR","og_type":"article","og_title":"Notre histoire - The Belize Collection","og_description":"D\u00e9couvrez comment The Belize Collection privil\u00e9gie l\u2019authenticit\u00e9 culturelle et l\u2019autonomisation des communaut\u00e9s. Faites l\u2019exp\u00e9rience d\u2019une hospitalit\u00e9 locale dans nos complexes h\u00f4teliers de charme au Belize.","og_url":"https:\/\/thebelizecollection.com\/fr\/notre-histoire\/","og_site_name":"The Belize Collection","article_modified_time":"2026-04-01T23:48:06+00:00","twitter_card":"summary_large_image","twitter_misc":{"Dur\u00e9e de lecture estim\u00e9e":"4 minutes"},"schema":{"@context":"https:\/\/schema.org","@graph":[{"@type":"WebPage","@id":"https:\/\/thebelizecollection.com\/fr\/notre-histoire\/","url":"https:\/\/thebelizecollection.com\/fr\/notre-histoire\/","name":"Notre histoire - The Belize Collection","isPartOf":{"@id":"https:\/\/thebelizecollection.com\/fr\/#website"},"datePublished":"2026-03-11T19:29:10+00:00","dateModified":"2026-04-01T23:48:06+00:00","description":"D\u00e9couvrez comment The Belize Collection privil\u00e9gie l\u2019authenticit\u00e9 culturelle et l\u2019autonomisation des communaut\u00e9s. Faites l\u2019exp\u00e9rience d\u2019une hospitalit\u00e9 locale dans nos complexes h\u00f4teliers de charme au Belize.","breadcrumb":{"@id":"https:\/\/thebelizecollection.com\/fr\/notre-histoire\/#breadcrumb"},"inLanguage":"fr-FR","potentialAction":[{"@type":"ReadAction","target":["https:\/\/thebelizecollection.com\/fr\/notre-histoire\/"]}]},{"@type":"BreadcrumbList","@id":"https:\/\/thebelizecollection.com\/fr\/notre-histoire\/#breadcrumb","itemListElement":[{"@type":"ListItem","position":1,"name":"Home","item":"https:\/\/thebelizecollection.com\/fr\/the-belize-collection-2\/"},{"@type":"ListItem","position":2,"name":"Notre histoire"}]},{"@type":"WebSite","@id":"https:\/\/thebelizecollection.com\/fr\/#website","url":"https:\/\/thebelizecollection.com\/fr\/","name":"The Belize Collection","description":"Everything Belize","potentialAction":[{"@type":"SearchAction","target":{"@type":"EntryPoint","urlTemplate":"https:\/\/thebelizecollection.com\/fr\/?s={search_term_string}"},"query-input":{"@type":"PropertyValueSpecification","valueRequired":true,"valueName":"search_term_string"}}],"inLanguage":"fr-FR"}]}},"jetpack_sharing_enabled":true,"_links":{"self":[{"href":"https:\/\/thebelizecollection.com\/fr\/wp-json\/wp\/v2\/pages\/71327","targetHints":{"allow":["GET"]}}],"collection":[{"href":"https:\/\/thebelizecollection.com\/fr\/wp-json\/wp\/v2\/pages"}],"about":[{"href":"https:\/\/thebelizecollection.com\/fr\/wp-json\/wp\/v2\/types\/page"}],"author":[{"embeddable":true,"href":"https:\/\/thebelizecollection.com\/fr\/wp-json\/wp\/v2\/users\/4"}],"replies":[{"embeddable":true,"href":"https:\/\/thebelizecollection.com\/fr\/wp-json\/wp\/v2\/comments?post=71327"}],"version-history":[{"count":2,"href":"https:\/\/thebelizecollection.com\/fr\/wp-json\/wp\/v2\/pages\/71327\/revisions"}],"predecessor-version":[{"id":71439,"href":"https:\/\/thebelizecollection.com\/fr\/wp-json\/wp\/v2\/pages\/71327\/revisions\/71439"}],"wp:attachment":[{"href":"https:\/\/thebelizecollection.com\/fr\/wp-json\/wp\/v2\/media?parent=71327"}],"wp:term":[{"taxonomy":"category","embeddable":true,"href":"https:\/\/thebelizecollection.com\/fr\/wp-json\/wp\/v2\/categories?post=71327"},{"taxonomy":"post_tag","embeddable":true,"href":"https:\/\/thebelizecollection.com\/fr\/wp-json\/wp\/v2\/tags?post=71327"}],"curies":[{"name":"wp","href":"https:\/\/api.w.org\/{rel}","templated":true}]}}