{"id":71328,"date":"2026-04-15T16:06:56","date_gmt":"2026-04-15T22:06:56","guid":{"rendered":"https:\/\/thebelizecollection.com\/sessions-bamboo\/"},"modified":"2026-04-16T14:07:40","modified_gmt":"2026-04-16T20:07:40","slug":"sessions-bamboo","status":"publish","type":"page","link":"https:\/\/thebelizecollection.com\/fr\/sessions-bamboo\/","title":{"rendered":"Sessions Bamboo"},"content":{"rendered":"\t\t<div data-elementor-type=\"wp-page\" data-elementor-id=\"71328\" class=\"elementor elementor-71328 elementor-67353\" data-elementor-post-type=\"page\">\n\t\t\t\t<div class=\"elementor-element elementor-element-a67b721 e-con-full e-flex e-con e-parent\" data-id=\"a67b721\" data-element_type=\"container\" data-e-type=\"container\" data-settings=\"{&quot;background_background&quot;:&quot;classic&quot;}\">\n\t\t\t\t<\/div>\n\t\t<div class=\"elementor-element elementor-element-0b5a25c e-flex e-con-boxed e-con e-parent\" data-id=\"0b5a25c\" data-element_type=\"container\" data-e-type=\"container\">\n\t\t\t\t\t<div class=\"e-con-inner\">\n\t\t\t\t<div class=\"elementor-element elementor-element-24219fe elementor-widget elementor-widget-spacer\" data-id=\"24219fe\" data-element_type=\"widget\" data-e-type=\"widget\" data-widget_type=\"spacer.default\">\n\t\t\t\t<div class=\"elementor-widget-container\">\n\t\t\t\t\t\t\t<div class=\"elementor-spacer\">\n\t\t\t<div class=\"elementor-spacer-inner\"><\/div>\n\t\t<\/div>\n\t\t\t\t\t\t<\/div>\n\t\t\t\t<\/div>\n\t\t\t\t\t<\/div>\n\t\t\t\t<\/div>\n\t\t<div class=\"elementor-element elementor-element-d08b642 e-flex e-con-boxed e-con e-parent\" data-id=\"d08b642\" data-element_type=\"container\" data-e-type=\"container\">\n\t\t\t\t\t<div class=\"e-con-inner\">\n\t\t<div class=\"elementor-element elementor-element-3d5ed1e e-con-full e-flex e-con e-child\" data-id=\"3d5ed1e\" data-element_type=\"container\" data-e-type=\"container\">\n\t\t\t\t<div class=\"elementor-element elementor-element-9a56be9 elementor-widget elementor-widget-heading\" data-id=\"9a56be9\" data-element_type=\"widget\" data-e-type=\"widget\" data-widget_type=\"heading.default\">\n\t\t\t\t<div class=\"elementor-widget-container\">\n\t\t\t\t\t<h1 class=\"elementor-heading-title elementor-size-default\">Sessions Bamboo<\/h1>\t\t\t\t<\/div>\n\t\t\t\t<\/div>\n\t\t\t\t<div class=\"elementor-element elementor-element-6e7faf5 elementor-widget elementor-widget-text-editor\" data-id=\"6e7faf5\" data-element_type=\"widget\" data-e-type=\"widget\" data-widget_type=\"text-editor.default\">\n\t\t\t\t<div class=\"elementor-widget-container\">\n\t\t\t\t\t\t\t\t\t<div class=\"elementor-element elementor-element-3fd73d8 elementor-widget elementor-widget-text-editor\" data-id=\"3fd73d8\" data-element_type=\"widget\" data-widget_type=\"text-editor.default\">\n<div class=\"elementor-widget-container\">\n<p>Rejoignez-nous le vendredi 15 mai au Blue Reef pour d\u00e9couvrir Arianna Quiroz et Anton Alvarez, un duo musical dynamique n\u00e9 et bas\u00e9 au Belize, en Am\u00e9rique centrale. Forts de pr\u00e8s d&#8217;une d\u00e9cennie d&#8217;exp\u00e9rience commune sur sc\u00e8ne, ils sont reconnus pour leur alchimie naturelle et leur sonorit\u00e9 riche et profonde. <\/p>\n<p>Ayant perform\u00e9 \u00e0 travers l&#8217;Am\u00e9rique centrale et les \u00c9tats-Unis, Arianna et Anton captivent leur public par un art raffin\u00e9 et un r\u00e9pertoire intemporel \u2014 cr\u00e9ant une atmosph\u00e8re chaleureuse et sophistiqu\u00e9e, qu&#8217;ils interpr\u00e8tent des classiques bien-aim\u00e9s ou proposent des arrangements uniques.<\/p>\n<p>Venez pour la vue, restez pour la musique et d\u00e9couvrez quelques nouveaux favoris en chemin. R\u00e9servation par WhatsApp : <a target=\"_blank\" rel=\"noopener noreferrer\">+501-616-0985<\/a>. <\/p>\n<\/div>\n<\/div>\t\t\t\t\t\t\t\t<\/div>\n\t\t\t\t<\/div>\n\t\t\t\t<div class=\"elementor-element elementor-element-783576c elementor-widget elementor-widget-text-editor\" data-id=\"783576c\" data-element_type=\"widget\" data-e-type=\"widget\" data-widget_type=\"text-editor.default\">\n\t\t\t\t<div class=\"elementor-widget-container\">\n\t\t\t\t\t\t\t\t\t<p><strong>Lieu : <\/strong>Blue Reef<br><strong>Date : <\/strong>Vendredi 15 mai 2026<br><strong>Happy Hour : <\/strong>\u00c0 partir de 15 h<br><strong>Musique en direct : <\/strong>18 h \u2013 21 h<br><strong>Tarif : <\/strong>Entr\u00e9e gratuite<\/p>\t\t\t\t\t\t\t\t<\/div>\n\t\t\t\t<\/div>\n\t\t\t\t<div class=\"elementor-element elementor-element-5ccec93 elementor-widget elementor-widget-button\" data-id=\"5ccec93\" data-element_type=\"widget\" data-e-type=\"widget\" data-widget_type=\"button.default\">\n\t\t\t\t<div class=\"elementor-widget-container\">\n\t\t\t\t\t\t\t\t\t<div class=\"elementor-button-wrapper\">\n\t\t\t\t\t<a class=\"elementor-button elementor-button-link elementor-size-sm\" href=\"mailto:reservations@thebelizecollection.com\">\n\t\t\t\t\t\t<span class=\"elementor-button-content-wrapper\">\n\t\t\t\t\t\t\t\t\t<span class=\"elementor-button-text\">Cliquez ici pour confirmer votre pr\u00e9sence<\/span>\n\t\t\t\t\t<\/span>\n\t\t\t\t\t<\/a>\n\t\t\t\t<\/div>\n\t\t\t\t\t\t\t\t<\/div>\n\t\t\t\t<\/div>\n\t\t\t\t<\/div>\n\t\t<div class=\"elementor-element elementor-element-d377942 e-con-full e-flex e-con e-child\" data-id=\"d377942\" data-element_type=\"container\" data-e-type=\"container\" data-settings=\"{&quot;background_background&quot;:&quot;classic&quot;}\">\n\t\t\t\t<\/div>\n\t\t\t\t\t<\/div>\n\t\t\t\t<\/div>\n\t\t<div class=\"elementor-element elementor-element-a61596c e-flex e-con-boxed e-con e-parent\" data-id=\"a61596c\" data-element_type=\"container\" data-e-type=\"container\">\n\t\t\t\t\t<div class=\"e-con-inner\">\n\t\t\t\t<div class=\"elementor-element elementor-element-063bf66 elementor-widget elementor-widget-spacer\" data-id=\"063bf66\" data-element_type=\"widget\" data-e-type=\"widget\" data-widget_type=\"spacer.default\">\n\t\t\t\t<div class=\"elementor-widget-container\">\n\t\t\t\t\t\t\t<div class=\"elementor-spacer\">\n\t\t\t<div class=\"elementor-spacer-inner\"><\/div>\n\t\t<\/div>\n\t\t\t\t\t\t<\/div>\n\t\t\t\t<\/div>\n\t\t\t\t\t<\/div>\n\t\t\t\t<\/div>\n\t\t<div class=\"elementor-element elementor-element-a77d931 elementor-hidden-desktop elementor-hidden-tablet elementor-hidden-mobile e-flex e-con-boxed e-con e-parent\" data-id=\"a77d931\" data-element_type=\"container\" data-e-type=\"container\">\n\t\t\t\t\t<div class=\"e-con-inner\">\n\t\t\t\t<div class=\"elementor-element elementor-element-76fe942 elementor-widget elementor-widget-heading\" data-id=\"76fe942\" data-element_type=\"widget\" data-e-type=\"widget\" data-widget_type=\"heading.default\">\n\t\t\t\t<div class=\"elementor-widget-container\">\n\t\t\t\t\t<h1 class=\"elementor-heading-title elementor-size-default\">Ari &amp; Anton<\/h1>\t\t\t\t<\/div>\n\t\t\t\t<\/div>\n\t\t\t\t<div class=\"elementor-element elementor-element-c8aca9f elementor-widget elementor-widget-text-editor\" data-id=\"c8aca9f\" data-element_type=\"widget\" data-e-type=\"widget\" data-widget_type=\"text-editor.default\">\n\t\t\t\t<div class=\"elementor-widget-container\">\n\t\t\t\t\t\t\t\t\t<div class=\"elementor-element elementor-element-3fd73d8 elementor-widget elementor-widget-text-editor\" data-id=\"3fd73d8\" data-element_type=\"widget\" data-widget_type=\"text-editor.default\">\n<div class=\"elementor-widget-container\">\n\nAnton Alvarez et Arianna Quiroz forment un duo musical dynamique n\u00e9 et bas\u00e9 au Belize, en Am\u00e9rique centrale, apportant pr\u00e8s d\u2019une d\u00e9cennie d\u2019exp\u00e9rience sur sc\u00e8ne. Reconnus pour leur complicit\u00e9 fluide et leur son riche et soul, ils s\u2019inspirent de l\u00e9gendes telles que Stevie Wonder, Ella Fitzgerald, Chet Baker et The Beatles, m\u00ealant jazz, soul et R&amp;B dans un style de performance \u00e9l\u00e9gant et \u00e9mouvant. \n\nEnsemble, ils se sont produits \u00e0 travers l\u2019Am\u00e9rique centrale et les \u00c9tats-Unis, captivant les foules par leur sens artistique raffin\u00e9 et leur r\u00e9pertoire intemporel. Qu\u2019ils interpr\u00e8tent des classiques appr\u00e9ci\u00e9s ou proposent leurs propres arrangements uniques, Anton et Arianna cr\u00e9ent une atmosph\u00e8re chaleureuse et sophistiqu\u00e9e. \n\n<\/div>\n<\/div>\t\t\t\t\t\t\t\t<\/div>\n\t\t\t\t<\/div>\n\t\t\t\t\t<\/div>\n\t\t\t\t<\/div>\n\t\t<div class=\"elementor-element elementor-element-1e050c9 e-flex e-con-boxed e-con e-parent\" data-id=\"1e050c9\" data-element_type=\"container\" data-e-type=\"container\">\n\t\t\t\t\t<div class=\"e-con-inner\">\n\t\t\t\t<div class=\"elementor-element elementor-element-91f3e04 elementor-widget elementor-widget-spacer\" data-id=\"91f3e04\" data-element_type=\"widget\" data-e-type=\"widget\" data-widget_type=\"spacer.default\">\n\t\t\t\t<div class=\"elementor-widget-container\">\n\t\t\t\t\t\t\t<div class=\"elementor-spacer\">\n\t\t\t<div class=\"elementor-spacer-inner\"><\/div>\n\t\t<\/div>\n\t\t\t\t\t\t<\/div>\n\t\t\t\t<\/div>\n\t\t\t\t\t<\/div>\n\t\t\t\t<\/div>\n\t\t\t\t<\/div>\n\t\t","protected":false},"excerpt":{"rendered":"<p>Sessions Bamboo Rejoignez-nous le vendredi 15 mai au Blue Reef pour d\u00e9couvrir Arianna Quiroz et Anton Alvarez, un duo musical dynamique n\u00e9 et bas\u00e9 au Belize, en Am\u00e9rique centrale. Forts de pr\u00e8s d&#8217;une d\u00e9cennie d&#8217;exp\u00e9rience commune sur sc\u00e8ne, ils sont reconnus pour leur alchimie naturelle et leur sonorit\u00e9 riche et profonde. Ayant perform\u00e9 \u00e0 travers [&hellip;]<\/p>\n","protected":false},"author":4,"featured_media":71336,"parent":0,"menu_order":0,"comment_status":"closed","ping_status":"closed","template":"page-full-width.php","meta":{"_acf_changed":false,"_vp_format_video_url":"","_vp_image_focal_point":[],"footnotes":""},"categories":[206],"tags":[],"class_list":["post-71328","page","type-page","status-publish","has-post-thumbnail","hentry","category-rassemblement-tbc"],"acf":[],"yoast_head":"<!-- This site is optimized with the Yoast SEO plugin v27.4 - https:\/\/yoast.com\/product\/yoast-seo-wordpress\/ -->\n<title>Sessions Bamboo - The Belize Collection<\/title>\n<meta name=\"robots\" content=\"index, follow, max-snippet:-1, max-image-preview:large, max-video-preview:-1\" \/>\n<link rel=\"canonical\" href=\"https:\/\/thebelizecollection.com\/fr\/sessions-bamboo\/\" \/>\n<meta property=\"og:locale\" content=\"fr_FR\" \/>\n<meta property=\"og:type\" content=\"article\" \/>\n<meta property=\"og:title\" content=\"Sessions Bamboo - The Belize Collection\" \/>\n<meta property=\"og:description\" content=\"Sessions Bamboo Rejoignez-nous le vendredi 15 mai au Blue Reef pour d\u00e9couvrir Arianna Quiroz et Anton Alvarez, un duo musical dynamique n\u00e9 et bas\u00e9 au Belize, en Am\u00e9rique centrale. Forts de pr\u00e8s d&#8217;une d\u00e9cennie d&#8217;exp\u00e9rience commune sur sc\u00e8ne, ils sont reconnus pour leur alchimie naturelle et leur sonorit\u00e9 riche et profonde. Ayant perform\u00e9 \u00e0 travers [&hellip;]\" \/>\n<meta property=\"og:url\" content=\"https:\/\/thebelizecollection.com\/fr\/sessions-bamboo\/\" \/>\n<meta property=\"og:site_name\" content=\"The Belize Collection\" \/>\n<meta property=\"article:modified_time\" content=\"2026-04-16T20:07:40+00:00\" \/>\n<meta property=\"og:image\" content=\"https:\/\/thebelizecollection.com\/wp-content\/uploads\/2026\/01\/20251001brrbz00_set-1-1125-1.jpg\" \/>\n\t<meta property=\"og:image:width\" content=\"2048\" \/>\n\t<meta property=\"og:image:height\" content=\"1365\" \/>\n\t<meta property=\"og:image:type\" content=\"image\/jpeg\" \/>\n<meta name=\"twitter:card\" content=\"summary_large_image\" \/>\n<meta name=\"twitter:label1\" content=\"Dur\u00e9e de lecture estim\u00e9e\" \/>\n\t<meta name=\"twitter:data1\" content=\"1 minute\" \/>\n<script type=\"application\/ld+json\" class=\"yoast-schema-graph\">{\"@context\":\"https:\\\/\\\/schema.org\",\"@graph\":[{\"@type\":\"WebPage\",\"@id\":\"https:\\\/\\\/thebelizecollection.com\\\/fr\\\/sessions-bamboo\\\/\",\"url\":\"https:\\\/\\\/thebelizecollection.com\\\/fr\\\/sessions-bamboo\\\/\",\"name\":\"Sessions Bamboo - The Belize Collection\",\"isPartOf\":{\"@id\":\"https:\\\/\\\/thebelizecollection.com\\\/fr\\\/#website\"},\"primaryImageOfPage\":{\"@id\":\"https:\\\/\\\/thebelizecollection.com\\\/fr\\\/sessions-bamboo\\\/#primaryimage\"},\"image\":{\"@id\":\"https:\\\/\\\/thebelizecollection.com\\\/fr\\\/sessions-bamboo\\\/#primaryimage\"},\"thumbnailUrl\":\"https:\\\/\\\/thebelizecollection.com\\\/wp-content\\\/uploads\\\/2026\\\/01\\\/20251001brrbz00_set-1-1125-1.jpg\",\"datePublished\":\"2026-04-15T22:06:56+00:00\",\"dateModified\":\"2026-04-16T20:07:40+00:00\",\"breadcrumb\":{\"@id\":\"https:\\\/\\\/thebelizecollection.com\\\/fr\\\/sessions-bamboo\\\/#breadcrumb\"},\"inLanguage\":\"fr-FR\",\"potentialAction\":[{\"@type\":\"ReadAction\",\"target\":[\"https:\\\/\\\/thebelizecollection.com\\\/fr\\\/sessions-bamboo\\\/\"]}]},{\"@type\":\"ImageObject\",\"inLanguage\":\"fr-FR\",\"@id\":\"https:\\\/\\\/thebelizecollection.com\\\/fr\\\/sessions-bamboo\\\/#primaryimage\",\"url\":\"https:\\\/\\\/thebelizecollection.com\\\/wp-content\\\/uploads\\\/2026\\\/01\\\/20251001brrbz00_set-1-1125-1.jpg\",\"contentUrl\":\"https:\\\/\\\/thebelizecollection.com\\\/wp-content\\\/uploads\\\/2026\\\/01\\\/20251001brrbz00_set-1-1125-1.jpg\",\"width\":2048,\"height\":1365},{\"@type\":\"BreadcrumbList\",\"@id\":\"https:\\\/\\\/thebelizecollection.com\\\/fr\\\/sessions-bamboo\\\/#breadcrumb\",\"itemListElement\":[{\"@type\":\"ListItem\",\"position\":1,\"name\":\"Home\",\"item\":\"https:\\\/\\\/thebelizecollection.com\\\/fr\\\/the-belize-collection-2\\\/\"},{\"@type\":\"ListItem\",\"position\":2,\"name\":\"Sessions Bamboo\"}]},{\"@type\":\"WebSite\",\"@id\":\"https:\\\/\\\/thebelizecollection.com\\\/fr\\\/#website\",\"url\":\"https:\\\/\\\/thebelizecollection.com\\\/fr\\\/\",\"name\":\"The Belize Collection\",\"description\":\"Everything Belize\",\"potentialAction\":[{\"@type\":\"SearchAction\",\"target\":{\"@type\":\"EntryPoint\",\"urlTemplate\":\"https:\\\/\\\/thebelizecollection.com\\\/fr\\\/?s={search_term_string}\"},\"query-input\":{\"@type\":\"PropertyValueSpecification\",\"valueRequired\":true,\"valueName\":\"search_term_string\"}}],\"inLanguage\":\"fr-FR\"}]}<\/script>\n<!-- \/ Yoast SEO plugin. -->","yoast_head_json":{"title":"Sessions Bamboo - The Belize Collection","robots":{"index":"index","follow":"follow","max-snippet":"max-snippet:-1","max-image-preview":"max-image-preview:large","max-video-preview":"max-video-preview:-1"},"canonical":"https:\/\/thebelizecollection.com\/fr\/sessions-bamboo\/","og_locale":"fr_FR","og_type":"article","og_title":"Sessions Bamboo - The Belize Collection","og_description":"Sessions Bamboo Rejoignez-nous le vendredi 15 mai au Blue Reef pour d\u00e9couvrir Arianna Quiroz et Anton Alvarez, un duo musical dynamique n\u00e9 et bas\u00e9 au Belize, en Am\u00e9rique centrale. Forts de pr\u00e8s d&#8217;une d\u00e9cennie d&#8217;exp\u00e9rience commune sur sc\u00e8ne, ils sont reconnus pour leur alchimie naturelle et leur sonorit\u00e9 riche et profonde. Ayant perform\u00e9 \u00e0 travers [&hellip;]","og_url":"https:\/\/thebelizecollection.com\/fr\/sessions-bamboo\/","og_site_name":"The Belize Collection","article_modified_time":"2026-04-16T20:07:40+00:00","og_image":[{"width":2048,"height":1365,"url":"https:\/\/thebelizecollection.com\/wp-content\/uploads\/2026\/01\/20251001brrbz00_set-1-1125-1.jpg","type":"image\/jpeg"}],"twitter_card":"summary_large_image","twitter_misc":{"Dur\u00e9e de lecture estim\u00e9e":"1 minute"},"schema":{"@context":"https:\/\/schema.org","@graph":[{"@type":"WebPage","@id":"https:\/\/thebelizecollection.com\/fr\/sessions-bamboo\/","url":"https:\/\/thebelizecollection.com\/fr\/sessions-bamboo\/","name":"Sessions Bamboo - The Belize Collection","isPartOf":{"@id":"https:\/\/thebelizecollection.com\/fr\/#website"},"primaryImageOfPage":{"@id":"https:\/\/thebelizecollection.com\/fr\/sessions-bamboo\/#primaryimage"},"image":{"@id":"https:\/\/thebelizecollection.com\/fr\/sessions-bamboo\/#primaryimage"},"thumbnailUrl":"https:\/\/thebelizecollection.com\/wp-content\/uploads\/2026\/01\/20251001brrbz00_set-1-1125-1.jpg","datePublished":"2026-04-15T22:06:56+00:00","dateModified":"2026-04-16T20:07:40+00:00","breadcrumb":{"@id":"https:\/\/thebelizecollection.com\/fr\/sessions-bamboo\/#breadcrumb"},"inLanguage":"fr-FR","potentialAction":[{"@type":"ReadAction","target":["https:\/\/thebelizecollection.com\/fr\/sessions-bamboo\/"]}]},{"@type":"ImageObject","inLanguage":"fr-FR","@id":"https:\/\/thebelizecollection.com\/fr\/sessions-bamboo\/#primaryimage","url":"https:\/\/thebelizecollection.com\/wp-content\/uploads\/2026\/01\/20251001brrbz00_set-1-1125-1.jpg","contentUrl":"https:\/\/thebelizecollection.com\/wp-content\/uploads\/2026\/01\/20251001brrbz00_set-1-1125-1.jpg","width":2048,"height":1365},{"@type":"BreadcrumbList","@id":"https:\/\/thebelizecollection.com\/fr\/sessions-bamboo\/#breadcrumb","itemListElement":[{"@type":"ListItem","position":1,"name":"Home","item":"https:\/\/thebelizecollection.com\/fr\/the-belize-collection-2\/"},{"@type":"ListItem","position":2,"name":"Sessions Bamboo"}]},{"@type":"WebSite","@id":"https:\/\/thebelizecollection.com\/fr\/#website","url":"https:\/\/thebelizecollection.com\/fr\/","name":"The Belize Collection","description":"Everything Belize","potentialAction":[{"@type":"SearchAction","target":{"@type":"EntryPoint","urlTemplate":"https:\/\/thebelizecollection.com\/fr\/?s={search_term_string}"},"query-input":{"@type":"PropertyValueSpecification","valueRequired":true,"valueName":"search_term_string"}}],"inLanguage":"fr-FR"}]}},"jetpack_sharing_enabled":true,"_links":{"self":[{"href":"https:\/\/thebelizecollection.com\/fr\/wp-json\/wp\/v2\/pages\/71328","targetHints":{"allow":["GET"]}}],"collection":[{"href":"https:\/\/thebelizecollection.com\/fr\/wp-json\/wp\/v2\/pages"}],"about":[{"href":"https:\/\/thebelizecollection.com\/fr\/wp-json\/wp\/v2\/types\/page"}],"author":[{"embeddable":true,"href":"https:\/\/thebelizecollection.com\/fr\/wp-json\/wp\/v2\/users\/4"}],"replies":[{"embeddable":true,"href":"https:\/\/thebelizecollection.com\/fr\/wp-json\/wp\/v2\/comments?post=71328"}],"version-history":[{"count":6,"href":"https:\/\/thebelizecollection.com\/fr\/wp-json\/wp\/v2\/pages\/71328\/revisions"}],"predecessor-version":[{"id":73884,"href":"https:\/\/thebelizecollection.com\/fr\/wp-json\/wp\/v2\/pages\/71328\/revisions\/73884"}],"wp:featuredmedia":[{"embeddable":true,"href":"https:\/\/thebelizecollection.com\/fr\/wp-json\/wp\/v2\/media\/71336"}],"wp:attachment":[{"href":"https:\/\/thebelizecollection.com\/fr\/wp-json\/wp\/v2\/media?parent=71328"}],"wp:term":[{"taxonomy":"category","embeddable":true,"href":"https:\/\/thebelizecollection.com\/fr\/wp-json\/wp\/v2\/categories?post=71328"},{"taxonomy":"post_tag","embeddable":true,"href":"https:\/\/thebelizecollection.com\/fr\/wp-json\/wp\/v2\/tags?post=71328"}],"curies":[{"name":"wp","href":"https:\/\/api.w.org\/{rel}","templated":true}]}}