{"id":71355,"date":"2026-02-10T10:00:00","date_gmt":"2026-02-10T16:00:00","guid":{"rendered":"https:\/\/thebelizecollection.com\/retraite-idyllique-au-belize\/"},"modified":"2026-04-01T17:03:48","modified_gmt":"2026-04-01T23:03:48","slug":"retraite-idyllique-au-belize","status":"publish","type":"page","link":"https:\/\/thebelizecollection.com\/fr\/retraite-idyllique-au-belize\/","title":{"rendered":"Retraite idyllique au Belize"},"content":{"rendered":"\t\t<div data-elementor-type=\"wp-page\" data-elementor-id=\"71355\" class=\"elementor elementor-71355 elementor-69156\" data-elementor-post-type=\"page\">\n\t\t\t\t<div class=\"elementor-element elementor-element-bf3986e e-con-full e-flex e-con e-parent\" data-id=\"bf3986e\" data-element_type=\"container\" data-e-type=\"container\" data-settings=\"{&quot;background_background&quot;:&quot;classic&quot;}\">\n\t\t\t\t<div class=\"elementor-element elementor-element-8762e47 elementor-widget elementor-widget-heading\" data-id=\"8762e47\" data-element_type=\"widget\" data-e-type=\"widget\" data-widget_type=\"heading.default\">\n\t\t\t\t<div class=\"elementor-widget-container\">\n\t\t\t\t\t<h1 class=\"elementor-heading-title elementor-size-default\">Retraite paradisiaque au Belize<\/h1>\t\t\t\t<\/div>\n\t\t\t\t<\/div>\n\t\t\t\t<\/div>\n\t\t<div class=\"elementor-element elementor-element-5bf7a92 e-flex e-con-boxed e-con e-parent\" data-id=\"5bf7a92\" data-element_type=\"container\" data-e-type=\"container\">\n\t\t\t\t\t<div class=\"e-con-inner\">\n\t\t\t\t<div class=\"elementor-element elementor-element-944d698 elementor-widget elementor-widget-spacer\" data-id=\"944d698\" data-element_type=\"widget\" data-e-type=\"widget\" data-widget_type=\"spacer.default\">\n\t\t\t\t<div class=\"elementor-widget-container\">\n\t\t\t\t\t\t\t<div class=\"elementor-spacer\">\n\t\t\t<div class=\"elementor-spacer-inner\"><\/div>\n\t\t<\/div>\n\t\t\t\t\t\t<\/div>\n\t\t\t\t<\/div>\n\t\t<div class=\"elementor-element elementor-element-057d08c e-con-full e-flex e-con e-child\" data-id=\"057d08c\" data-element_type=\"container\" data-e-type=\"container\">\n\t\t\t\t<div class=\"elementor-element elementor-element-387aa21 elementor-widget elementor-widget-heading\" data-id=\"387aa21\" data-element_type=\"widget\" data-e-type=\"widget\" data-widget_type=\"heading.default\">\n\t\t\t\t<div class=\"elementor-widget-container\">\n\t\t\t\t\t<h1 class=\"elementor-heading-title elementor-size-default\">Retraite paradisiaque au Belize<\/h1>\t\t\t\t<\/div>\n\t\t\t\t<\/div>\n\t\t\t\t<div class=\"elementor-element elementor-element-0ffb826 elementor-widget elementor-widget-heading\" data-id=\"0ffb826\" data-element_type=\"widget\" data-e-type=\"widget\" data-widget_type=\"heading.default\">\n\t\t\t\t<div class=\"elementor-widget-container\">\n\t\t\t\t\t<h3 class=\"elementor-heading-title elementor-size-default\">Retrouvez-vous au paradis : du 22 au 30 avril 2026<\/h3>\t\t\t\t<\/div>\n\t\t\t\t<\/div>\n\t\t\t\t<div class=\"elementor-element elementor-element-be760d0 elementor-widget elementor-widget-text-editor\" data-id=\"be760d0\" data-element_type=\"widget\" data-e-type=\"widget\" data-widget_type=\"text-editor.default\">\n\t\t\t\t<div class=\"elementor-widget-container\">\n\t\t\t\t\t\t\t\t\t<p>\u00c9chappez \u00e0 l&#8217;agitation de la vie quotidienne et plongez dans la tranquillit\u00e9 du Belize avec la retraite paradisiaque YogaVacays au Belize. Cette exp\u00e9rience ressour\u00e7ante est con\u00e7ue pour quiconque recherche un m\u00e9lange harmonieux de yoga, d&#8217;aventure et de d\u00e9tente au c\u0153ur de la beaut\u00e9 naturelle \u00e9poustouflante de l&#8217;Am\u00e9rique centrale. <\/p>\t\t\t\t\t\t\t\t<\/div>\n\t\t\t\t<\/div>\n\t\t\t\t<div class=\"elementor-element elementor-element-4c783b8 elementor-widget elementor-widget-heading\" data-id=\"4c783b8\" data-element_type=\"widget\" data-e-type=\"widget\" data-widget_type=\"heading.default\">\n\t\t\t\t<div class=\"elementor-widget-container\">\n\t\t\t\t\t<h4 class=\"elementor-heading-title elementor-size-default\">Inclus dans cette exp\u00e9rience :<\/h4>\t\t\t\t<\/div>\n\t\t\t\t<\/div>\n\t\t\t\t<div class=\"elementor-element elementor-element-6010cd2 elementor-widget elementor-widget-text-editor\" data-id=\"6010cd2\" data-element_type=\"widget\" data-e-type=\"widget\" data-widget_type=\"text-editor.default\">\n\t\t\t\t<div class=\"elementor-widget-container\">\n\t\t\t\t\t\t\t\t\t<ul><li>Sept petits-d\u00e9jeuners, sept d\u00eeners de groupe et boissons non alcoolis\u00e9es<\/li><li>Huit nuits d&#8217;h\u00e9bergement<\/li><li>Neuf s\u00e9ances de yoga dans des lieux inspirants<\/li><li>Transport entre les deux complexes h\u00f4teliers<\/li><\/ul>\t\t\t\t\t\t\t\t<\/div>\n\t\t\t\t<\/div>\n\t\t\t\t<\/div>\n\t\t\t\t\t<\/div>\n\t\t\t\t<\/div>\n\t\t<div class=\"elementor-element elementor-element-97d46d5 e-flex e-con-boxed e-con e-parent\" data-id=\"97d46d5\" data-element_type=\"container\" data-e-type=\"container\">\n\t\t\t\t\t<div class=\"e-con-inner\">\n\t\t\t\t<div class=\"elementor-element elementor-element-6d4e40b elementor-widget elementor-widget-heading\" data-id=\"6d4e40b\" data-element_type=\"widget\" data-e-type=\"widget\" data-widget_type=\"heading.default\">\n\t\t\t\t<div class=\"elementor-widget-container\">\n\t\t\t\t\t<h1 class=\"elementor-heading-title elementor-size-default\">Itin\u00e9raire The Banks (Jours 1-4)<\/h1>\t\t\t\t<\/div>\n\t\t\t\t<\/div>\n\t\t\t\t<div class=\"elementor-element elementor-element-8e89755 elementor-widget elementor-widget-text-editor\" data-id=\"8e89755\" data-element_type=\"widget\" data-e-type=\"widget\" data-widget_type=\"text-editor.default\">\n\t\t\t\t<div class=\"elementor-widget-container\">\n\t\t\t\t\t\t\t\t\t<table>\n<thead>\n<tr style=\"background-color: #a8506e; color: #ffffff;\">\n<th>Jour<\/th>\n<th>Date<\/th>\n<th>Itin\u00e9raire<\/th>\n<\/tr>\n<\/thead>\n<tbody>\n<tr>\n<td>Jour 1<\/td>\n<td><span style=\"white-space: normal;\">22 avril 2026<\/span><\/td>\n<td>\n<ul>\n<li>Arriv\u00e9e \u00e0 The Banks<\/li>\n<li>D\u00eener de bienvenue<\/li>\n<\/ul>\n<\/td>\n<\/tr>\n<tr>\n<td>Jour 2<\/td>\n<td>23 avril 2026<\/td>\n<td>\n<div><br><\/div>\n<ul>\n<li>Petit-d\u00e9jeuner \u00e0 The Banks<\/li>\n<li>Yoga en milieu de matin\u00e9e sur la terrasse de yoga au bord du ruisseau<\/li>\n<li>Apr\u00e8s-midi libre pour des activit\u00e9s optionnelles<\/li>\n<li>D\u00eener au Sleeping Giant<\/li>\n<\/ul>\n<\/td>\n<\/tr>\n<tr>\n<td>Jour 3<\/td>\n<td>24 avril 2026<\/td>\n<td>\n<ul>\n<li>Yoga d&#8217;\u00e9veil sur la terrasse de yoga au bord du ruisseau<\/li>\n<li>Petit-d\u00e9jeuner \u00e0 The Banks<\/li>\n<li>Le reste de la journ\u00e9e est libre pour des activit\u00e9s optionnelles<\/li>\n<li>D\u00eener de groupe<\/li>\n<\/ul>\n<\/td>\n<\/tr>\n<tr>\n<td>Jour 4<\/td>\n<td>25 avril 2026<\/td>\n<td>\n<ul>\n<li>Petit-d\u00e9jeuner \u00e0 The Banks<\/li>\n<li>Journ\u00e9e libre pour des activit\u00e9s optionnelles<\/li>\n<li>Yoga au coucher du soleil<\/li>\n<li>D\u00eener \u00e0 The Banks<\/li>\n<\/ul>\n<\/td>\n<\/tr>\n<\/tbody>\n<\/table>\t\t\t\t\t\t\t\t<\/div>\n\t\t\t\t<\/div>\n\t\t\t\t<div class=\"elementor-element elementor-element-5d10bbc elementor-widget elementor-widget-spacer\" data-id=\"5d10bbc\" data-element_type=\"widget\" data-e-type=\"widget\" data-widget_type=\"spacer.default\">\n\t\t\t\t<div class=\"elementor-widget-container\">\n\t\t\t\t\t\t\t<div class=\"elementor-spacer\">\n\t\t\t<div class=\"elementor-spacer-inner\"><\/div>\n\t\t<\/div>\n\t\t\t\t\t\t<\/div>\n\t\t\t\t<\/div>\n\t\t\t\t<div class=\"elementor-element elementor-element-8697dcb elementor-widget elementor-widget-heading\" data-id=\"8697dcb\" data-element_type=\"widget\" data-e-type=\"widget\" data-widget_type=\"heading.default\">\n\t\t\t\t<div class=\"elementor-widget-container\">\n\t\t\t\t\t<h1 class=\"elementor-heading-title elementor-size-default\">Itin\u00e9raire Umaya Resort &amp; Adventure (Jours 5-9)<\/h1>\t\t\t\t<\/div>\n\t\t\t\t<\/div>\n\t\t\t\t<div class=\"elementor-element elementor-element-9a4bb2e elementor-widget elementor-widget-text-editor\" data-id=\"9a4bb2e\" data-element_type=\"widget\" data-e-type=\"widget\" data-widget_type=\"text-editor.default\">\n\t\t\t\t<div class=\"elementor-widget-container\">\n\t\t\t\t\t\t\t\t\t<table><thead><tr style=\"background-color: #a8506e; color: #ffffff;\"><th>Jour<\/th><th>Date<\/th><th>Itin\u00e9raire<\/th><\/tr><\/thead><tbody><tr><td>Jour 5<\/td><td>26 avril 2026<\/td><td><ul><li>Brunch \u00e0 The Banks<\/li><li>Transfert \u00e0 Umaya le long de la magnifique Hummingbird Highway<\/li><li>Enregistrement \u00e0 Umaya<\/li><li>Apr\u00e8s-midi libre<\/li><li>D\u00eener de bienvenue en bord de mer<\/li><\/ul><\/td><\/tr><tr><td>Jour 6<\/td><td>27 avril 2026<\/td><td><ul><li>Yoga au lever du soleil \u00e0 la palapa de la plage<\/li><li>Petit-d\u00e9jeuner \u00e0 Umaya<\/li><li>Yoga en milieu de matin\u00e9e dans la salle \u00e9v\u00e9nementielle<\/li><li>D\u00e9jeuner libre<\/li><li>Apr\u00e8s-midi libre pour des activit\u00e9s optionnelles<\/li><li>D\u00eener libre<\/li><\/ul><\/td><\/tr><tr><td>Jour 7<\/td><td>28 avril 2026<\/td><td><ul><li>Yoga au lever du soleil \u00e0 la palapa de la plage<\/li><li>Petit-d\u00e9jeuner \u00e0 Umaya<\/li><li>Village de Placencia (d\u00e9jeuner libre)<\/li><li>Placencia Yacht Club pour le yoga de l&#8217;apr\u00e8s-midi et le d\u00eener au coucher du soleil<\/li><\/ul><\/td><\/tr><tr><td>Jour 8<\/td><td>29 avril 2026<\/td><td><ul><li>Petit-d\u00e9jeuner \u00e0 Umaya<\/li><li><span style=\"background-color: #ffffff;\">Journ\u00e9e libre pour des activit\u00e9s optionnelles<\/span><\/li><li>Yoga au coucher du soleil sur le quai du lagon<\/li><li>D\u00eener \u00e0 Umaya<\/li><\/ul><\/td><\/tr><tr><td>Jour 9<\/td><td>30 avril 2026<\/td><td><ul><li>D\u00e9parts de Placencia ou de Belize City<\/li><\/ul><\/td><\/tr><\/tbody><\/table>\t\t\t\t\t\t\t\t<\/div>\n\t\t\t\t<\/div>\n\t\t\t\t<div class=\"elementor-element elementor-element-346752f elementor-widget elementor-widget-spacer\" data-id=\"346752f\" data-element_type=\"widget\" data-e-type=\"widget\" data-widget_type=\"spacer.default\">\n\t\t\t\t<div class=\"elementor-widget-container\">\n\t\t\t\t\t\t\t<div class=\"elementor-spacer\">\n\t\t\t<div class=\"elementor-spacer-inner\"><\/div>\n\t\t<\/div>\n\t\t\t\t\t\t<\/div>\n\t\t\t\t<\/div>\n\t\t\t\t<div class=\"elementor-element elementor-element-48ed577 elementor-widget elementor-widget-heading\" data-id=\"48ed577\" data-element_type=\"widget\" data-e-type=\"widget\" data-widget_type=\"heading.default\">\n\t\t\t\t<div class=\"elementor-widget-container\">\n\t\t\t\t\t<h1 class=\"elementor-heading-title elementor-size-default\">Tarifs<\/h1>\t\t\t\t<\/div>\n\t\t\t\t<\/div>\n\t\t\t\t<div class=\"elementor-element elementor-element-debfa86 elementor-widget elementor-widget-text-editor\" data-id=\"debfa86\" data-element_type=\"widget\" data-e-type=\"widget\" data-widget_type=\"text-editor.default\">\n\t\t\t\t<div class=\"elementor-widget-container\">\n\t\t\t\t\t\t\t\t\t<table style=\"width: 100%; border-collapse: collapse; border: 1px solid #ddd;\"><thead style=\"background-color: #a8506e; color: #ffffff;\"><tr><th style=\"padding: 8px; border: 1px solid #ddd;\">Option<\/th><th style=\"padding: 8px; border: 1px solid #ddd;\">Prix<\/th><th style=\"padding: 8px; border: 1px solid #ddd;\">Personnes \/ Chambre<\/th><th style=\"padding: 8px; border: 1px solid #ddd;\">D\u00e9tails<\/th><\/tr><\/thead><tbody><tr><td style=\"padding: 8px; border: 1px solid #ddd;\">Option 1<\/td><td style=\"padding: 8px; border: 1px solid #ddd;\">5 650,00 $ US<br><br><br><\/td><td style=\"padding: 8px; border: 1px solid #ddd;\">2 personnes<\/td><td style=\"padding: 8px; border: 1px solid #ddd;\">1 chambre \u00e0 l&#8217;Umaya Resort &amp; Adventures et 1 chambre \u00e0 The Banks<\/td><\/tr><tr><td style=\"padding: 8px; border: 1px solid #ddd;\">Option 2<\/td><td style=\"padding: 8px; border: 1px solid #ddd;\"><span style=\"white-space: normal;\">2 950,00 $ US<\/span><\/td><td style=\"padding: 8px; border: 1px solid #ddd;\">Partag\u00e9e<\/td><td style=\"padding: 8px; border: 1px solid #ddd;\">H\u00e9bergement partag\u00e9 : 2 et 3 chambres \u00e0 The Banks, 2 chambres \u00e0 Umaya<\/td><\/tr><tr><td style=\"padding: 8px; border: 1px solid #ddd;\">Option 3<\/td><td style=\"padding: 8px; border: 1px solid #ddd;\"><span style=\"white-space: normal;\">3 800,00 $ US<\/span><\/td><td style=\"padding: 8px; border: 1px solid #ddd;\">1 personne<\/td><td style=\"padding: 8px; border: 1px solid #ddd;\">1 chambre \u00e0 Umaya et 1 chambre \u00e0 The Banks (occupation simple, non partag\u00e9e)<\/td><\/tr><\/tbody><\/table>\t\t\t\t\t\t\t\t<\/div>\n\t\t\t\t<\/div>\n\t\t\t\t<div class=\"elementor-element elementor-element-c6e248e elementor-widget elementor-widget-spacer\" data-id=\"c6e248e\" data-element_type=\"widget\" data-e-type=\"widget\" data-widget_type=\"spacer.default\">\n\t\t\t\t<div class=\"elementor-widget-container\">\n\t\t\t\t\t\t\t<div class=\"elementor-spacer\">\n\t\t\t<div class=\"elementor-spacer-inner\"><\/div>\n\t\t<\/div>\n\t\t\t\t\t\t<\/div>\n\t\t\t\t<\/div>\n\t\t\t\t<div class=\"elementor-element elementor-element-509a9c6 elementor-widget elementor-widget-heading\" data-id=\"509a9c6\" data-element_type=\"widget\" data-e-type=\"widget\" data-widget_type=\"heading.default\">\n\t\t\t\t<div class=\"elementor-widget-container\">\n\t\t\t\t\t<h1 class=\"elementor-heading-title elementor-size-default\">R\u00e9servez votre place <\/h1>\t\t\t\t<\/div>\n\t\t\t\t<\/div>\n\t\t\t\t<div class=\"elementor-element elementor-element-a7cbf79 elementor-widget elementor-widget-text-editor\" data-id=\"a7cbf79\" data-element_type=\"widget\" data-e-type=\"widget\" data-widget_type=\"text-editor.default\">\n\t\t\t\t<div class=\"elementor-widget-container\">\n\t\t\t\t\t\t\t\t\t<p>Embarquez pour un voyage de d\u00e9couverte de soi et de renouveau dans l&#8217;une des plus belles destinations du monde. Pour les dates, les tarifs et bien plus d&#8217;informations, visitez notre site web \u00e0 l&#8217;adresse <a href=\"http:\/\/www.yogavacays.com\">www.yogavacays.com<\/a> ou appelez Colleen Westphal au <a href=\"callto:971-485-3603\">971-485-3603<\/a> ou envoyez un e-mail \u00e0 <a href=\"mailto:colleen.westphal@yogavacays.com\">colleen.westphal@yogavacays.com<\/a>. <\/p>\t\t\t\t\t\t\t\t<\/div>\n\t\t\t\t<\/div>\n\t\t\t\t\t<\/div>\n\t\t\t\t<\/div>\n\t\t<div class=\"elementor-element elementor-element-3f59f43 e-flex e-con-boxed e-con e-parent\" data-id=\"3f59f43\" data-element_type=\"container\" data-e-type=\"container\">\n\t\t\t\t\t<div class=\"e-con-inner\">\n\t\t\t\t<div class=\"elementor-element elementor-element-543fd6d elementor-widget elementor-widget-spacer\" data-id=\"543fd6d\" data-element_type=\"widget\" data-e-type=\"widget\" data-widget_type=\"spacer.default\">\n\t\t\t\t<div class=\"elementor-widget-container\">\n\t\t\t\t\t\t\t<div class=\"elementor-spacer\">\n\t\t\t<div class=\"elementor-spacer-inner\"><\/div>\n\t\t<\/div>\n\t\t\t\t\t\t<\/div>\n\t\t\t\t<\/div>\n\t\t\t\t\t<\/div>\n\t\t\t\t<\/div>\n\t\t<div class=\"elementor-element elementor-element-a91f26b e-flex e-con-boxed e-con e-parent\" data-id=\"a91f26b\" data-element_type=\"container\" data-e-type=\"container\">\n\t\t\t\t\t<div class=\"e-con-inner\">\n\t\t<div class=\"elementor-element elementor-element-1d9fccb e-con-full e-flex e-con e-child\" data-id=\"1d9fccb\" data-element_type=\"container\" data-e-type=\"container\" data-settings=\"{&quot;background_background&quot;:&quot;classic&quot;}\">\n\t\t\t\t<div class=\"elementor-element elementor-element-57fd3ea elementor-widget elementor-widget-spacer\" data-id=\"57fd3ea\" data-element_type=\"widget\" data-e-type=\"widget\" data-widget_type=\"spacer.default\">\n\t\t\t\t<div class=\"elementor-widget-container\">\n\t\t\t\t\t\t\t<div class=\"elementor-spacer\">\n\t\t\t<div class=\"elementor-spacer-inner\"><\/div>\n\t\t<\/div>\n\t\t\t\t\t\t<\/div>\n\t\t\t\t<\/div>\n\t\t\t\t<\/div>\n\t\t<div class=\"elementor-element elementor-element-1f373b5 e-con-full e-flex e-con e-child\" data-id=\"1f373b5\" data-element_type=\"container\" data-e-type=\"container\">\n\t\t\t\t<div class=\"elementor-element elementor-element-8aad77c elementor-widget elementor-widget-heading\" data-id=\"8aad77c\" data-element_type=\"widget\" data-e-type=\"widget\" data-widget_type=\"heading.default\">\n\t\t\t\t<div class=\"elementor-widget-container\">\n\t\t\t\t\t<h1 class=\"elementor-heading-title elementor-size-default\">\u00c0 propos de Colleen Westphal<\/h1>\t\t\t\t<\/div>\n\t\t\t\t<\/div>\n\t\t\t\t<div class=\"elementor-element elementor-element-16adc28 elementor-widget elementor-widget-text-editor\" data-id=\"16adc28\" data-element_type=\"widget\" data-e-type=\"widget\" data-widget_type=\"text-editor.default\">\n\t\t\t\t<div class=\"elementor-widget-container\">\n\t\t\t\t\t\t\t\t\t<p>Apr\u00e8s avoir d\u00e9m\u00e9nag\u00e9 du Canada \u00e0 l&#8217;Oregon \u00e0 l&#8217;adolescence, j&#8217;ai b\u00e2ti une carri\u00e8re dans le d\u00e9veloppement et la vente de diagnostics de laboratoire, voyageant beaucoup dans l&#8217;ouest des \u00c9tats-Unis. Le yoga est entr\u00e9 dans ma vie en 1996 apr\u00e8s un accident de voiture, et j&#8217;ai depuis exp\u00e9riment\u00e9 sa puissante capacit\u00e9 \u00e0 gu\u00e9rir, calmer et restaurer l&#8217;\u00e9quilibre. Une premi\u00e8re visite au Belize en 2019 a inspir\u00e9 une connexion profonde qui m&#8217;a amen\u00e9e, maintenant \u00e0 la retraite, \u00e0 r\u00e9aliser mon r\u00eave d&#8217;y organiser des retraites de yoga. Combinant mon amour pour les gens, les voyages et le yoga, je cr\u00e9e des exp\u00e9riences de retraite significatives et j&#8217;ai h\u00e2te de vous accueillir au Belize.  <\/p><p>D\u00e9couvrez-en plus sur : <a href=\"https:\/\/yogavacays.com\/\">https:\/\/yogavacays.com\/<\/a><\/p>\t\t\t\t\t\t\t\t<\/div>\n\t\t\t\t<\/div>\n\t\t\t\t<\/div>\n\t\t\t\t\t<\/div>\n\t\t\t\t<\/div>\n\t\t<div class=\"elementor-element elementor-element-7f74e92 e-flex e-con-boxed e-con e-parent\" data-id=\"7f74e92\" data-element_type=\"container\" data-e-type=\"container\">\n\t\t\t\t\t<div class=\"e-con-inner\">\n\t\t\t\t<div class=\"elementor-element elementor-element-d0ad691 elementor-widget elementor-widget-spacer\" data-id=\"d0ad691\" data-element_type=\"widget\" data-e-type=\"widget\" data-widget_type=\"spacer.default\">\n\t\t\t\t<div class=\"elementor-widget-container\">\n\t\t\t\t\t\t\t<div class=\"elementor-spacer\">\n\t\t\t<div class=\"elementor-spacer-inner\"><\/div>\n\t\t<\/div>\n\t\t\t\t\t\t<\/div>\n\t\t\t\t<\/div>\n\t\t\t\t\t<\/div>\n\t\t\t\t<\/div>\n\t\t\t\t<\/div>\n\t\t","protected":false},"excerpt":{"rendered":"<p>Retraite paradisiaque au Belize Retraite paradisiaque au Belize Retrouvez-vous au paradis : du 22 au 30 avril 2026 \u00c9chappez \u00e0 l&#8217;agitation de la vie quotidienne et plongez dans la tranquillit\u00e9 du Belize avec la retraite paradisiaque YogaVacays au Belize. Cette exp\u00e9rience ressour\u00e7ante est con\u00e7ue pour quiconque recherche un m\u00e9lange harmonieux de yoga, d&#8217;aventure et de [&hellip;]<\/p>\n","protected":false},"author":4,"featured_media":0,"parent":0,"menu_order":0,"comment_status":"closed","ping_status":"closed","template":"page-full-width.php","meta":{"_acf_changed":false,"_vp_format_video_url":"","_vp_image_focal_point":[],"footnotes":""},"categories":[206],"tags":[],"class_list":["post-71355","page","type-page","status-publish","hentry","category-rassemblement-tbc"],"acf":[],"yoast_head":"<!-- This site is optimized with the Yoast SEO plugin v27.4 - https:\/\/yoast.com\/product\/yoast-seo-wordpress\/ -->\n<title>Retraite idyllique au Belize - The Belize Collection<\/title>\n<meta name=\"robots\" content=\"index, follow, max-snippet:-1, max-image-preview:large, max-video-preview:-1\" \/>\n<link rel=\"canonical\" href=\"https:\/\/thebelizecollection.com\/fr\/retraite-idyllique-au-belize\/\" \/>\n<meta property=\"og:locale\" content=\"fr_FR\" \/>\n<meta property=\"og:type\" content=\"article\" \/>\n<meta property=\"og:title\" content=\"Retraite idyllique au Belize - The Belize Collection\" \/>\n<meta property=\"og:description\" content=\"Retraite paradisiaque au Belize Retraite paradisiaque au Belize Retrouvez-vous au paradis : du 22 au 30 avril 2026 \u00c9chappez \u00e0 l&#8217;agitation de la vie quotidienne et plongez dans la tranquillit\u00e9 du Belize avec la retraite paradisiaque YogaVacays au Belize. Cette exp\u00e9rience ressour\u00e7ante est con\u00e7ue pour quiconque recherche un m\u00e9lange harmonieux de yoga, d&#8217;aventure et de [&hellip;]\" \/>\n<meta property=\"og:url\" content=\"https:\/\/thebelizecollection.com\/fr\/retraite-idyllique-au-belize\/\" \/>\n<meta property=\"og:site_name\" content=\"The Belize Collection\" \/>\n<meta property=\"article:modified_time\" content=\"2026-04-01T23:03:48+00:00\" \/>\n<meta name=\"twitter:card\" content=\"summary_large_image\" \/>\n<meta name=\"twitter:label1\" content=\"Dur\u00e9e de lecture estim\u00e9e\" \/>\n\t<meta name=\"twitter:data1\" content=\"3 minutes\" \/>\n<script type=\"application\/ld+json\" class=\"yoast-schema-graph\">{\"@context\":\"https:\\\/\\\/schema.org\",\"@graph\":[{\"@type\":\"WebPage\",\"@id\":\"https:\\\/\\\/thebelizecollection.com\\\/fr\\\/retraite-idyllique-au-belize\\\/\",\"url\":\"https:\\\/\\\/thebelizecollection.com\\\/fr\\\/retraite-idyllique-au-belize\\\/\",\"name\":\"Retraite idyllique au Belize - The Belize Collection\",\"isPartOf\":{\"@id\":\"https:\\\/\\\/thebelizecollection.com\\\/fr\\\/#website\"},\"datePublished\":\"2026-02-10T16:00:00+00:00\",\"dateModified\":\"2026-04-01T23:03:48+00:00\",\"breadcrumb\":{\"@id\":\"https:\\\/\\\/thebelizecollection.com\\\/fr\\\/retraite-idyllique-au-belize\\\/#breadcrumb\"},\"inLanguage\":\"fr-FR\",\"potentialAction\":[{\"@type\":\"ReadAction\",\"target\":[\"https:\\\/\\\/thebelizecollection.com\\\/fr\\\/retraite-idyllique-au-belize\\\/\"]}]},{\"@type\":\"BreadcrumbList\",\"@id\":\"https:\\\/\\\/thebelizecollection.com\\\/fr\\\/retraite-idyllique-au-belize\\\/#breadcrumb\",\"itemListElement\":[{\"@type\":\"ListItem\",\"position\":1,\"name\":\"Home\",\"item\":\"https:\\\/\\\/thebelizecollection.com\\\/fr\\\/the-belize-collection-2\\\/\"},{\"@type\":\"ListItem\",\"position\":2,\"name\":\"Retraite idyllique au Belize\"}]},{\"@type\":\"WebSite\",\"@id\":\"https:\\\/\\\/thebelizecollection.com\\\/fr\\\/#website\",\"url\":\"https:\\\/\\\/thebelizecollection.com\\\/fr\\\/\",\"name\":\"The Belize Collection\",\"description\":\"Everything Belize\",\"potentialAction\":[{\"@type\":\"SearchAction\",\"target\":{\"@type\":\"EntryPoint\",\"urlTemplate\":\"https:\\\/\\\/thebelizecollection.com\\\/fr\\\/?s={search_term_string}\"},\"query-input\":{\"@type\":\"PropertyValueSpecification\",\"valueRequired\":true,\"valueName\":\"search_term_string\"}}],\"inLanguage\":\"fr-FR\"}]}<\/script>\n<!-- \/ Yoast SEO plugin. -->","yoast_head_json":{"title":"Retraite idyllique au Belize - The Belize Collection","robots":{"index":"index","follow":"follow","max-snippet":"max-snippet:-1","max-image-preview":"max-image-preview:large","max-video-preview":"max-video-preview:-1"},"canonical":"https:\/\/thebelizecollection.com\/fr\/retraite-idyllique-au-belize\/","og_locale":"fr_FR","og_type":"article","og_title":"Retraite idyllique au Belize - The Belize Collection","og_description":"Retraite paradisiaque au Belize Retraite paradisiaque au Belize Retrouvez-vous au paradis : du 22 au 30 avril 2026 \u00c9chappez \u00e0 l&#8217;agitation de la vie quotidienne et plongez dans la tranquillit\u00e9 du Belize avec la retraite paradisiaque YogaVacays au Belize. Cette exp\u00e9rience ressour\u00e7ante est con\u00e7ue pour quiconque recherche un m\u00e9lange harmonieux de yoga, d&#8217;aventure et de [&hellip;]","og_url":"https:\/\/thebelizecollection.com\/fr\/retraite-idyllique-au-belize\/","og_site_name":"The Belize Collection","article_modified_time":"2026-04-01T23:03:48+00:00","twitter_card":"summary_large_image","twitter_misc":{"Dur\u00e9e de lecture estim\u00e9e":"3 minutes"},"schema":{"@context":"https:\/\/schema.org","@graph":[{"@type":"WebPage","@id":"https:\/\/thebelizecollection.com\/fr\/retraite-idyllique-au-belize\/","url":"https:\/\/thebelizecollection.com\/fr\/retraite-idyllique-au-belize\/","name":"Retraite idyllique au Belize - The Belize Collection","isPartOf":{"@id":"https:\/\/thebelizecollection.com\/fr\/#website"},"datePublished":"2026-02-10T16:00:00+00:00","dateModified":"2026-04-01T23:03:48+00:00","breadcrumb":{"@id":"https:\/\/thebelizecollection.com\/fr\/retraite-idyllique-au-belize\/#breadcrumb"},"inLanguage":"fr-FR","potentialAction":[{"@type":"ReadAction","target":["https:\/\/thebelizecollection.com\/fr\/retraite-idyllique-au-belize\/"]}]},{"@type":"BreadcrumbList","@id":"https:\/\/thebelizecollection.com\/fr\/retraite-idyllique-au-belize\/#breadcrumb","itemListElement":[{"@type":"ListItem","position":1,"name":"Home","item":"https:\/\/thebelizecollection.com\/fr\/the-belize-collection-2\/"},{"@type":"ListItem","position":2,"name":"Retraite idyllique au Belize"}]},{"@type":"WebSite","@id":"https:\/\/thebelizecollection.com\/fr\/#website","url":"https:\/\/thebelizecollection.com\/fr\/","name":"The Belize Collection","description":"Everything Belize","potentialAction":[{"@type":"SearchAction","target":{"@type":"EntryPoint","urlTemplate":"https:\/\/thebelizecollection.com\/fr\/?s={search_term_string}"},"query-input":{"@type":"PropertyValueSpecification","valueRequired":true,"valueName":"search_term_string"}}],"inLanguage":"fr-FR"}]}},"jetpack_sharing_enabled":true,"_links":{"self":[{"href":"https:\/\/thebelizecollection.com\/fr\/wp-json\/wp\/v2\/pages\/71355","targetHints":{"allow":["GET"]}}],"collection":[{"href":"https:\/\/thebelizecollection.com\/fr\/wp-json\/wp\/v2\/pages"}],"about":[{"href":"https:\/\/thebelizecollection.com\/fr\/wp-json\/wp\/v2\/types\/page"}],"author":[{"embeddable":true,"href":"https:\/\/thebelizecollection.com\/fr\/wp-json\/wp\/v2\/users\/4"}],"replies":[{"embeddable":true,"href":"https:\/\/thebelizecollection.com\/fr\/wp-json\/wp\/v2\/comments?post=71355"}],"version-history":[{"count":2,"href":"https:\/\/thebelizecollection.com\/fr\/wp-json\/wp\/v2\/pages\/71355\/revisions"}],"predecessor-version":[{"id":71373,"href":"https:\/\/thebelizecollection.com\/fr\/wp-json\/wp\/v2\/pages\/71355\/revisions\/71373"}],"wp:attachment":[{"href":"https:\/\/thebelizecollection.com\/fr\/wp-json\/wp\/v2\/media?parent=71355"}],"wp:term":[{"taxonomy":"category","embeddable":true,"href":"https:\/\/thebelizecollection.com\/fr\/wp-json\/wp\/v2\/categories?post=71355"},{"taxonomy":"post_tag","embeddable":true,"href":"https:\/\/thebelizecollection.com\/fr\/wp-json\/wp\/v2\/tags?post=71355"}],"curies":[{"name":"wp","href":"https:\/\/api.w.org\/{rel}","templated":true}]}}