{"id":71427,"date":"2026-02-10T12:04:20","date_gmt":"2026-02-10T18:04:20","guid":{"rendered":"https:\/\/thebelizecollection.com\/location-de-velos-electriques\/"},"modified":"2026-04-21T20:34:27","modified_gmt":"2026-04-22T02:34:27","slug":"location-de-velos-electriques","status":"publish","type":"page","link":"https:\/\/thebelizecollection.com\/fr\/activites\/location-de-velos-electriques\/","title":{"rendered":"Location de v\u00e9los \u00e9lectriques"},"content":{"rendered":"\t\t<div data-elementor-type=\"wp-page\" data-elementor-id=\"71427\" class=\"elementor elementor-71427 elementor-67395\" data-elementor-post-type=\"page\">\n\t\t\t\t<div class=\"elementor-element elementor-element-2a73fc58 e-con-full elementor-hidden-mobile e-flex e-con e-parent\" data-id=\"2a73fc58\" data-element_type=\"container\" data-e-type=\"container\" data-settings=\"{&quot;background_background&quot;:&quot;classic&quot;}\">\n\t\t\t\t<\/div>\n\t\t<div class=\"elementor-element elementor-element-78ba4936 e-flex e-con-boxed e-con e-parent\" data-id=\"78ba4936\" data-element_type=\"container\" data-e-type=\"container\">\n\t\t\t\t\t<div class=\"e-con-inner\">\n\t\t<div class=\"elementor-element elementor-element-1224048a e-con-full e-flex e-con e-child\" data-id=\"1224048a\" data-element_type=\"container\" data-e-type=\"container\">\n\t\t\t\t<div class=\"elementor-element elementor-element-79a383d elementor-widget elementor-widget-heading\" data-id=\"79a383d\" data-element_type=\"widget\" data-e-type=\"widget\" data-widget_type=\"heading.default\">\n\t\t\t\t<div class=\"elementor-widget-container\">\n\t\t\t\t\t<h1 class=\"elementor-heading-title elementor-size-default\">Location de v\u00e9los \u00e9lectriques<\/h1>\t\t\t\t<\/div>\n\t\t\t\t<\/div>\n\t\t\t\t<div class=\"elementor-element elementor-element-334604ff elementor-widget elementor-widget-heading\" data-id=\"334604ff\" data-element_type=\"widget\" data-e-type=\"widget\" data-widget_type=\"heading.default\">\n\t\t\t\t<div class=\"elementor-widget-container\">\n\t\t\t\t\t<h3 class=\"elementor-heading-title elementor-size-default\">D\u00e9part depuis The Banks<\/h3>\t\t\t\t<\/div>\n\t\t\t\t<\/div>\n\t\t\t\t<div class=\"elementor-element elementor-element-23dd3f6e elementor-widget elementor-widget-text-editor\" data-id=\"23dd3f6e\" data-element_type=\"widget\" data-e-type=\"widget\" data-widget_type=\"text-editor.default\">\n\t\t\t\t<div class=\"elementor-widget-container\">\n\t\t\t\t\t\t\t\t\t<div class=\"elementor-element elementor-element-3fd73d8 elementor-widget elementor-widget-text-editor\" data-id=\"3fd73d8\" data-element_type=\"widget\" data-widget_type=\"text-editor.default\"><div class=\"elementor-widget-container\">D\u00e9couvrez la propri\u00e9t\u00e9 sous un tout nouvel angle gr\u00e2ce \u00e0 nos v\u00e9los \u00e9lectriques. Glissez sans effort \u00e0 travers des vergers luxuriants et des sentiers de jungle sinueux, tout en admirant le paysage \u00e0 votre rythme. C\u2019est l\u2019alliance parfaite entre aventure et facilit\u00e9, vous permettant d\u2019en voir davantage, d\u2019aller plus loin et de vous connecter \u00e0 la nature comme jamais auparavant.  <\/div><\/div>\t\t\t\t\t\t\t\t<\/div>\n\t\t\t\t<\/div>\n\t\t\t\t<div class=\"elementor-element elementor-element-162bab6 elementor-widget elementor-widget-text-editor\" data-id=\"162bab6\" data-element_type=\"widget\" data-e-type=\"widget\" data-widget_type=\"text-editor.default\">\n\t\t\t\t<div class=\"elementor-widget-container\">\n\t\t\t\t\t\t\t\t\t<p><strong>R\u00e8gles de location :<\/strong><\/p><ul><li>Les v\u00e9los \u00e9lectriques sont disponibles du lever au coucher du soleil.<\/li><li>Les cyclistes doivent avoir 18 ans ou plus.<\/li><li>Un seul cycliste par v\u00e9lo \u00e9lectrique ; le port du casque est obligatoire en permanence.<\/li><li>Veuillez signaler imm\u00e9diatement tout dysfonctionnement \u00e0 la r\u00e9ception.<\/li><\/ul>\t\t\t\t\t\t\t\t<\/div>\n\t\t\t\t<\/div>\n\t\t\t\t<div class=\"elementor-element elementor-element-2908b5ec elementor-widget elementor-widget-text-editor\" data-id=\"2908b5ec\" data-element_type=\"widget\" data-e-type=\"widget\" data-widget_type=\"text-editor.default\">\n\t\t\t\t<div class=\"elementor-widget-container\">\n\t\t\t\t\t\t\t\t\t\n<table id=\"tablepress-111\" class=\"tablepress tablepress-id-111\">\n<tbody class=\"row-striping\">\n<tr class=\"row-1\">\n\t<td class=\"column-1\"><center><b>Price (BZD)<\/b><\/center><\/td><td class=\"column-2\"><center><b>Length of Time<\/b><\/center><\/td>\n<\/tr>\n<tr class=\"row-2\">\n\t<td class=\"column-1\"><center>$10.00<\/center><\/td><td class=\"column-2\"><center>2 Hours (minimum)<\/center><\/td>\n<\/tr>\n<tr class=\"row-3\">\n\t<td class=\"column-1\"><center>$15.00<\/center><\/td><td class=\"column-2\"><center>3 Hours<\/center><\/td>\n<\/tr>\n<tr class=\"row-4\">\n\t<td class=\"column-1\"><center>$30.00<\/center><\/td><td class=\"column-2\"><center>Full Day<\/center><\/td>\n<\/tr>\n<\/tbody>\n<\/table>\n<!-- #tablepress-111 from cache -->\t\t\t\t\t\t\t\t<\/div>\n\t\t\t\t<\/div>\n\t\t\t\t<div class=\"elementor-element elementor-element-410fb90 elementor-widget elementor-widget-button\" data-id=\"410fb90\" data-element_type=\"widget\" data-e-type=\"widget\" data-widget_type=\"button.default\">\n\t\t\t\t<div class=\"elementor-widget-container\">\n\t\t\t\t\t\t\t\t\t<div class=\"elementor-button-wrapper\">\n\t\t\t\t\t<a class=\"elementor-button elementor-button-link elementor-size-sm\" href=\"mailto:reservations@thebelizecollection.com\">\n\t\t\t\t\t\t<span class=\"elementor-button-content-wrapper\">\n\t\t\t\t\t\t\t\t\t<span class=\"elementor-button-text\">CONTACTEZ-NOUS<\/span>\n\t\t\t\t\t<\/span>\n\t\t\t\t\t<\/a>\n\t\t\t\t<\/div>\n\t\t\t\t\t\t\t\t<\/div>\n\t\t\t\t<\/div>\n\t\t\t\t<\/div>\n\t\t<div class=\"elementor-element elementor-element-26a9b633 e-con-full e-flex e-con e-child\" data-id=\"26a9b633\" data-element_type=\"container\" data-e-type=\"container\" data-settings=\"{&quot;background_background&quot;:&quot;slideshow&quot;,&quot;background_slideshow_gallery&quot;:[{&quot;id&quot;:67401,&quot;url&quot;:&quot;https:\\\/\\\/thebelizecollection.com\\\/wp-content\\\/uploads\\\/2026\\\/02\\\/23A0445-scaled.jpg&quot;}],&quot;background_slideshow_loop&quot;:&quot;yes&quot;,&quot;background_slideshow_slide_duration&quot;:5000,&quot;background_slideshow_slide_transition&quot;:&quot;fade&quot;,&quot;background_slideshow_transition_duration&quot;:500}\">\n\t\t\t\t<div class=\"elementor-element elementor-element-3c50a54 elementor-widget elementor-widget-spacer\" data-id=\"3c50a54\" data-element_type=\"widget\" data-e-type=\"widget\" data-widget_type=\"spacer.default\">\n\t\t\t\t<div class=\"elementor-widget-container\">\n\t\t\t\t\t\t\t<div class=\"elementor-spacer\">\n\t\t\t<div class=\"elementor-spacer-inner\"><\/div>\n\t\t<\/div>\n\t\t\t\t\t\t<\/div>\n\t\t\t\t<\/div>\n\t\t\t\t<\/div>\n\t\t\t\t\t<\/div>\n\t\t\t\t<\/div>\n\t\t<div class=\"elementor-element elementor-element-ea867d6 e-flex e-con-boxed e-con e-parent\" data-id=\"ea867d6\" data-element_type=\"container\" data-e-type=\"container\">\n\t\t\t\t\t<div class=\"e-con-inner\">\n\t\t\t\t<div class=\"elementor-element elementor-element-426757ac elementor-widget elementor-widget-spacer\" data-id=\"426757ac\" data-element_type=\"widget\" data-e-type=\"widget\" data-widget_type=\"spacer.default\">\n\t\t\t\t<div class=\"elementor-widget-container\">\n\t\t\t\t\t\t\t<div class=\"elementor-spacer\">\n\t\t\t<div class=\"elementor-spacer-inner\"><\/div>\n\t\t<\/div>\n\t\t\t\t\t\t<\/div>\n\t\t\t\t<\/div>\n\t\t\t\t\t<\/div>\n\t\t\t\t<\/div>\n\t\t<div class=\"elementor-element elementor-element-05f6911 e-con-full e-flex e-con e-parent\" data-id=\"05f6911\" data-element_type=\"container\" data-e-type=\"container\" data-settings=\"{&quot;background_background&quot;:&quot;classic&quot;}\">\n\t\t\t\t<\/div>\n\t\t\t\t<\/div>\n\t\t","protected":false},"excerpt":{"rendered":"<p>Location de v\u00e9los \u00e9lectriques D\u00e9part depuis The Banks D\u00e9couvrez la propri\u00e9t\u00e9 sous un tout nouvel angle gr\u00e2ce \u00e0 nos v\u00e9los \u00e9lectriques. Glissez sans effort \u00e0 travers des vergers luxuriants et des sentiers de jungle sinueux, tout en admirant le paysage \u00e0 votre rythme. C\u2019est l\u2019alliance parfaite entre aventure et facilit\u00e9, vous permettant d\u2019en voir davantage, [&hellip;]<\/p>\n","protected":false},"author":4,"featured_media":0,"parent":74327,"menu_order":0,"comment_status":"closed","ping_status":"closed","template":"page-full-width.php","meta":{"_acf_changed":false,"_vp_format_video_url":"","_vp_image_focal_point":[],"footnotes":""},"categories":[],"tags":[],"class_list":["post-71427","page","type-page","status-publish","hentry"],"acf":[],"yoast_head":"<!-- This site is optimized with the Yoast SEO plugin v27.4 - https:\/\/yoast.com\/product\/yoast-seo-wordpress\/ -->\n<title>Location de v\u00e9los \u00e9lectriques - The Belize Collection<\/title>\n<meta name=\"robots\" content=\"index, follow, max-snippet:-1, max-image-preview:large, max-video-preview:-1\" \/>\n<link rel=\"canonical\" href=\"https:\/\/thebelizecollection.com\/fr\/activites\/location-de-velos-electriques\/\" \/>\n<meta property=\"og:locale\" content=\"fr_FR\" \/>\n<meta property=\"og:type\" content=\"article\" \/>\n<meta property=\"og:title\" content=\"Location de v\u00e9los \u00e9lectriques - The Belize Collection\" \/>\n<meta property=\"og:description\" content=\"Location de v\u00e9los \u00e9lectriques D\u00e9part depuis The Banks D\u00e9couvrez la propri\u00e9t\u00e9 sous un tout nouvel angle gr\u00e2ce \u00e0 nos v\u00e9los \u00e9lectriques. Glissez sans effort \u00e0 travers des vergers luxuriants et des sentiers de jungle sinueux, tout en admirant le paysage \u00e0 votre rythme. C\u2019est l\u2019alliance parfaite entre aventure et facilit\u00e9, vous permettant d\u2019en voir davantage, [&hellip;]\" \/>\n<meta property=\"og:url\" content=\"https:\/\/thebelizecollection.com\/fr\/activites\/location-de-velos-electriques\/\" \/>\n<meta property=\"og:site_name\" content=\"The Belize Collection\" \/>\n<meta property=\"article:modified_time\" content=\"2026-04-22T02:34:27+00:00\" \/>\n<meta name=\"twitter:card\" content=\"summary_large_image\" \/>\n<meta name=\"twitter:label1\" content=\"Dur\u00e9e de lecture estim\u00e9e\" \/>\n\t<meta name=\"twitter:data1\" content=\"1 minute\" \/>\n<script type=\"application\/ld+json\" class=\"yoast-schema-graph\">{\"@context\":\"https:\\\/\\\/schema.org\",\"@graph\":[{\"@type\":\"WebPage\",\"@id\":\"https:\\\/\\\/thebelizecollection.com\\\/fr\\\/activites\\\/location-de-velos-electriques\\\/\",\"url\":\"https:\\\/\\\/thebelizecollection.com\\\/fr\\\/activites\\\/location-de-velos-electriques\\\/\",\"name\":\"Location de v\u00e9los \u00e9lectriques - The Belize Collection\",\"isPartOf\":{\"@id\":\"https:\\\/\\\/thebelizecollection.com\\\/fr\\\/#website\"},\"datePublished\":\"2026-02-10T18:04:20+00:00\",\"dateModified\":\"2026-04-22T02:34:27+00:00\",\"breadcrumb\":{\"@id\":\"https:\\\/\\\/thebelizecollection.com\\\/fr\\\/activites\\\/location-de-velos-electriques\\\/#breadcrumb\"},\"inLanguage\":\"fr-FR\",\"potentialAction\":[{\"@type\":\"ReadAction\",\"target\":[\"https:\\\/\\\/thebelizecollection.com\\\/fr\\\/activites\\\/location-de-velos-electriques\\\/\"]}]},{\"@type\":\"BreadcrumbList\",\"@id\":\"https:\\\/\\\/thebelizecollection.com\\\/fr\\\/activites\\\/location-de-velos-electriques\\\/#breadcrumb\",\"itemListElement\":[{\"@type\":\"ListItem\",\"position\":1,\"name\":\"Home\",\"item\":\"https:\\\/\\\/thebelizecollection.com\\\/fr\\\/the-belize-collection-2\\\/\"},{\"@type\":\"ListItem\",\"position\":2,\"name\":\"Activit\u00e9s\",\"item\":\"https:\\\/\\\/thebelizecollection.com\\\/fr\\\/activites\\\/\"},{\"@type\":\"ListItem\",\"position\":3,\"name\":\"Location de v\u00e9los \u00e9lectriques\"}]},{\"@type\":\"WebSite\",\"@id\":\"https:\\\/\\\/thebelizecollection.com\\\/fr\\\/#website\",\"url\":\"https:\\\/\\\/thebelizecollection.com\\\/fr\\\/\",\"name\":\"The Belize Collection\",\"description\":\"Everything Belize\",\"potentialAction\":[{\"@type\":\"SearchAction\",\"target\":{\"@type\":\"EntryPoint\",\"urlTemplate\":\"https:\\\/\\\/thebelizecollection.com\\\/fr\\\/?s={search_term_string}\"},\"query-input\":{\"@type\":\"PropertyValueSpecification\",\"valueRequired\":true,\"valueName\":\"search_term_string\"}}],\"inLanguage\":\"fr-FR\"}]}<\/script>\n<!-- \/ Yoast SEO plugin. -->","yoast_head_json":{"title":"Location de v\u00e9los \u00e9lectriques - The Belize Collection","robots":{"index":"index","follow":"follow","max-snippet":"max-snippet:-1","max-image-preview":"max-image-preview:large","max-video-preview":"max-video-preview:-1"},"canonical":"https:\/\/thebelizecollection.com\/fr\/activites\/location-de-velos-electriques\/","og_locale":"fr_FR","og_type":"article","og_title":"Location de v\u00e9los \u00e9lectriques - The Belize Collection","og_description":"Location de v\u00e9los \u00e9lectriques D\u00e9part depuis The Banks D\u00e9couvrez la propri\u00e9t\u00e9 sous un tout nouvel angle gr\u00e2ce \u00e0 nos v\u00e9los \u00e9lectriques. Glissez sans effort \u00e0 travers des vergers luxuriants et des sentiers de jungle sinueux, tout en admirant le paysage \u00e0 votre rythme. C\u2019est l\u2019alliance parfaite entre aventure et facilit\u00e9, vous permettant d\u2019en voir davantage, [&hellip;]","og_url":"https:\/\/thebelizecollection.com\/fr\/activites\/location-de-velos-electriques\/","og_site_name":"The Belize Collection","article_modified_time":"2026-04-22T02:34:27+00:00","twitter_card":"summary_large_image","twitter_misc":{"Dur\u00e9e de lecture estim\u00e9e":"1 minute"},"schema":{"@context":"https:\/\/schema.org","@graph":[{"@type":"WebPage","@id":"https:\/\/thebelizecollection.com\/fr\/activites\/location-de-velos-electriques\/","url":"https:\/\/thebelizecollection.com\/fr\/activites\/location-de-velos-electriques\/","name":"Location de v\u00e9los \u00e9lectriques - The Belize Collection","isPartOf":{"@id":"https:\/\/thebelizecollection.com\/fr\/#website"},"datePublished":"2026-02-10T18:04:20+00:00","dateModified":"2026-04-22T02:34:27+00:00","breadcrumb":{"@id":"https:\/\/thebelizecollection.com\/fr\/activites\/location-de-velos-electriques\/#breadcrumb"},"inLanguage":"fr-FR","potentialAction":[{"@type":"ReadAction","target":["https:\/\/thebelizecollection.com\/fr\/activites\/location-de-velos-electriques\/"]}]},{"@type":"BreadcrumbList","@id":"https:\/\/thebelizecollection.com\/fr\/activites\/location-de-velos-electriques\/#breadcrumb","itemListElement":[{"@type":"ListItem","position":1,"name":"Home","item":"https:\/\/thebelizecollection.com\/fr\/the-belize-collection-2\/"},{"@type":"ListItem","position":2,"name":"Activit\u00e9s","item":"https:\/\/thebelizecollection.com\/fr\/activites\/"},{"@type":"ListItem","position":3,"name":"Location de v\u00e9los \u00e9lectriques"}]},{"@type":"WebSite","@id":"https:\/\/thebelizecollection.com\/fr\/#website","url":"https:\/\/thebelizecollection.com\/fr\/","name":"The Belize Collection","description":"Everything Belize","potentialAction":[{"@type":"SearchAction","target":{"@type":"EntryPoint","urlTemplate":"https:\/\/thebelizecollection.com\/fr\/?s={search_term_string}"},"query-input":{"@type":"PropertyValueSpecification","valueRequired":true,"valueName":"search_term_string"}}],"inLanguage":"fr-FR"}]}},"jetpack_sharing_enabled":true,"_links":{"self":[{"href":"https:\/\/thebelizecollection.com\/fr\/wp-json\/wp\/v2\/pages\/71427","targetHints":{"allow":["GET"]}}],"collection":[{"href":"https:\/\/thebelizecollection.com\/fr\/wp-json\/wp\/v2\/pages"}],"about":[{"href":"https:\/\/thebelizecollection.com\/fr\/wp-json\/wp\/v2\/types\/page"}],"author":[{"embeddable":true,"href":"https:\/\/thebelizecollection.com\/fr\/wp-json\/wp\/v2\/users\/4"}],"replies":[{"embeddable":true,"href":"https:\/\/thebelizecollection.com\/fr\/wp-json\/wp\/v2\/comments?post=71427"}],"version-history":[{"count":1,"href":"https:\/\/thebelizecollection.com\/fr\/wp-json\/wp\/v2\/pages\/71427\/revisions"}],"predecessor-version":[{"id":71430,"href":"https:\/\/thebelizecollection.com\/fr\/wp-json\/wp\/v2\/pages\/71427\/revisions\/71430"}],"up":[{"embeddable":true,"href":"https:\/\/thebelizecollection.com\/fr\/wp-json\/wp\/v2\/pages\/74327"}],"wp:attachment":[{"href":"https:\/\/thebelizecollection.com\/fr\/wp-json\/wp\/v2\/media?parent=71427"}],"wp:term":[{"taxonomy":"category","embeddable":true,"href":"https:\/\/thebelizecollection.com\/fr\/wp-json\/wp\/v2\/categories?post=71427"},{"taxonomy":"post_tag","embeddable":true,"href":"https:\/\/thebelizecollection.com\/fr\/wp-json\/wp\/v2\/tags?post=71427"}],"curies":[{"name":"wp","href":"https:\/\/api.w.org\/{rel}","templated":true}]}}