{"id":71447,"date":"2026-02-06T14:27:22","date_gmt":"2026-02-06T20:27:22","guid":{"rendered":"https:\/\/thebelizecollection.com\/retraite-de-bien-etre-equin\/"},"modified":"2026-04-02T09:31:15","modified_gmt":"2026-04-02T15:31:15","slug":"retraite-de-bien-etre-equin","status":"publish","type":"page","link":"https:\/\/thebelizecollection.com\/fr\/retraite-de-bien-etre-equin\/","title":{"rendered":"Retraite de bien-\u00eatre \u00e9quin"},"content":{"rendered":"\t\t<div data-elementor-type=\"wp-page\" data-elementor-id=\"71447\" class=\"elementor elementor-71447 elementor-65986\" data-elementor-post-type=\"page\">\n\t\t\t\t<div class=\"elementor-element elementor-element-f21b8fe e-con-full elementor-hidden-mobile e-flex e-con e-parent\" data-id=\"f21b8fe\" data-element_type=\"container\" data-e-type=\"container\" data-settings=\"{&quot;background_background&quot;:&quot;classic&quot;}\">\n\t\t\t\t<\/div>\n\t\t<div class=\"elementor-element elementor-element-3a5c8f7 e-flex e-con-boxed e-con e-parent\" data-id=\"3a5c8f7\" data-element_type=\"container\" data-e-type=\"container\">\n\t\t\t\t\t<div class=\"e-con-inner\">\n\t\t\t\t<div class=\"elementor-element elementor-element-3e1c6ab elementor-widget elementor-widget-spacer\" data-id=\"3e1c6ab\" data-element_type=\"widget\" data-e-type=\"widget\" data-widget_type=\"spacer.default\">\n\t\t\t\t<div class=\"elementor-widget-container\">\n\t\t\t\t\t\t\t<div class=\"elementor-spacer\">\n\t\t\t<div class=\"elementor-spacer-inner\"><\/div>\n\t\t<\/div>\n\t\t\t\t\t\t<\/div>\n\t\t\t\t<\/div>\n\t\t\t\t\t<\/div>\n\t\t\t\t<\/div>\n\t\t<div class=\"elementor-element elementor-element-27fe456 e-flex e-con-boxed e-con e-parent\" data-id=\"27fe456\" data-element_type=\"container\" data-e-type=\"container\">\n\t\t\t\t\t<div class=\"e-con-inner\">\n\t\t\t\t<div class=\"elementor-element elementor-element-8aa3571 elementor-widget elementor-widget-heading\" data-id=\"8aa3571\" data-element_type=\"widget\" data-e-type=\"widget\" data-widget_type=\"heading.default\">\n\t\t\t\t<div class=\"elementor-widget-container\">\n\t\t\t\t\t<h1 class=\"elementor-heading-title elementor-size-default\">Guid\u00e9 par les chevaux : une \u00e9vasion bien-\u00eatre<\/h1>\t\t\t\t<\/div>\n\t\t\t\t<\/div>\n\t\t\t\t<div class=\"elementor-element elementor-element-6cf3c59 elementor-widget elementor-widget-heading\" data-id=\"6cf3c59\" data-element_type=\"widget\" data-e-type=\"widget\" data-widget_type=\"heading.default\">\n\t\t\t\t<div class=\"elementor-widget-container\">\n\t\t\t\t\t<h3 class=\"elementor-heading-title elementor-size-default\">14 mars 2026<\/h3>\t\t\t\t<\/div>\n\t\t\t\t<\/div>\n\t\t\t\t<div class=\"elementor-element elementor-element-3a5ea5c elementor-widget elementor-widget-text-editor\" data-id=\"3a5ea5c\" data-element_type=\"widget\" data-e-type=\"widget\" data-widget_type=\"text-editor.default\">\n\t\t\t\t<div class=\"elementor-widget-container\">\n\t\t\t\t\t\t\t\t\t<p><strong>Pour les cavaliers de tout niveau<\/strong><\/p>\t\t\t\t\t\t\t\t<\/div>\n\t\t\t\t<\/div>\n\t\t\t\t<div class=\"elementor-element elementor-element-9adf30b elementor-widget elementor-widget-text-editor\" data-id=\"9adf30b\" data-element_type=\"widget\" data-e-type=\"widget\" data-widget_type=\"text-editor.default\">\n\t\t\t\t<div class=\"elementor-widget-container\">\n\t\t\t\t\t\t\t\t\t<p>Un atelier immersif d&#8217;une journ\u00e9e compl\u00e8te sur les soins \u00e9thiques aux chevaux et les bases de l&#8217;\u00e9quitation, guid\u00e9 par Apryl Nicole. Con\u00e7ue pour tous les niveaux d&#8217;exp\u00e9rience, cette exp\u00e9rience pratique favorise une connexion respectueuse et consciente avec les chevaux, le d\u00e9jeuner \u00e9tant inclus dans la journ\u00e9e. <\/p>\t\t\t\t\t\t\t\t<\/div>\n\t\t\t\t<\/div>\n\t\t\t\t<div class=\"elementor-element elementor-element-5e582ad elementor-widget elementor-widget-heading\" data-id=\"5e582ad\" data-element_type=\"widget\" data-e-type=\"widget\" data-widget_type=\"heading.default\">\n\t\t\t\t<div class=\"elementor-widget-container\">\n\t\t\t\t\t<h4 class=\"elementor-heading-title elementor-size-default\">Inclus dans cette exp\u00e9rience :<\/h4>\t\t\t\t<\/div>\n\t\t\t\t<\/div>\n\t\t\t\t<div class=\"elementor-element elementor-element-ea26d59 elementor-widget elementor-widget-text-editor\" data-id=\"ea26d59\" data-element_type=\"widget\" data-e-type=\"widget\" data-widget_type=\"text-editor.default\">\n\t\t\t\t<div class=\"elementor-widget-container\">\n\t\t\t\t\t\t\t\t\t<ul><li>D\u00e9veloppement de relations somatiques<\/li><li>Seller et panser le cheval<\/li><li>Promenade \u00e0 cheval guid\u00e9e<\/li><li>Soins et int\u00e9gration apr\u00e8s la promenade<\/li><\/ul>\t\t\t\t\t\t\t\t<\/div>\n\t\t\t\t<\/div>\n\t\t\t\t<div class=\"elementor-element elementor-element-e41ae14 elementor-widget elementor-widget-heading\" data-id=\"e41ae14\" data-element_type=\"widget\" data-e-type=\"widget\" data-widget_type=\"heading.default\">\n\t\t\t\t<div class=\"elementor-widget-container\">\n\t\t\t\t\t<h4 class=\"elementor-heading-title elementor-size-default\">Prix :<\/h4>\t\t\t\t<\/div>\n\t\t\t\t<\/div>\n\t\t\t\t<div class=\"elementor-element elementor-element-3b0689d elementor-widget elementor-widget-text-editor\" data-id=\"3b0689d\" data-element_type=\"widget\" data-e-type=\"widget\" data-widget_type=\"text-editor.default\">\n\t\t\t\t<div class=\"elementor-widget-container\">\n\t\t\t\t\t\t\t\t\t<ul><li>60 $ US par personne (taxes incluses)<\/li><li>D&#8217;autres conditions peuvent s&#8217;appliquer<\/li><\/ul>\t\t\t\t\t\t\t\t<\/div>\n\t\t\t\t<\/div>\n\t\t\t\t<div class=\"elementor-element elementor-element-fa1e905 elementor-widget elementor-widget-heading\" data-id=\"fa1e905\" data-element_type=\"widget\" data-e-type=\"widget\" data-widget_type=\"heading.default\">\n\t\t\t\t<div class=\"elementor-widget-container\">\n\t\t\t\t\t<h4 class=\"elementor-heading-title elementor-size-default\">Que porter :<\/h4>\t\t\t\t<\/div>\n\t\t\t\t<\/div>\n\t\t\t\t<div class=\"elementor-element elementor-element-bf0740b elementor-widget elementor-widget-text-editor\" data-id=\"bf0740b\" data-element_type=\"widget\" data-e-type=\"widget\" data-widget_type=\"text-editor.default\">\n\t\t\t\t<div class=\"elementor-widget-container\">\n\t\t\t\t\t\t\t\t\t<p>Nous recommandons de porter un pantalon extensible et des chaussures ferm\u00e9es avec un l\u00e9ger talon pour une promenade confortable. Des casques d&#8217;\u00e9quitation sont disponibles sur demande pour assurer votre s\u00e9curit\u00e9 et votre tranquillit\u00e9 d&#8217;esprit. <\/p>\t\t\t\t\t\t\t\t<\/div>\n\t\t\t\t<\/div>\n\t\t\t\t\t<\/div>\n\t\t\t\t<\/div>\n\t\t<div class=\"elementor-element elementor-element-f260794 e-flex e-con-boxed e-con e-parent\" data-id=\"f260794\" data-element_type=\"container\" data-e-type=\"container\">\n\t\t\t\t\t<div class=\"e-con-inner\">\n\t\t\t\t<div class=\"elementor-element elementor-element-0340862 elementor-align-center elementor-widget elementor-widget-button\" data-id=\"0340862\" data-element_type=\"widget\" data-e-type=\"widget\" data-widget_type=\"button.default\">\n\t\t\t\t<div class=\"elementor-widget-container\">\n\t\t\t\t\t\t\t\t\t<div class=\"elementor-button-wrapper\">\n\t\t\t\t\t<a class=\"elementor-button elementor-button-link elementor-size-sm\" href=\"tel:+501%20615-2167\">\n\t\t\t\t\t\t<span class=\"elementor-button-content-wrapper\">\n\t\t\t\t\t\t\t\t\t<span class=\"elementor-button-text\">CLIQUEZ ICI POUR R\u00c9PONDRE<\/span>\n\t\t\t\t\t<\/span>\n\t\t\t\t\t<\/a>\n\t\t\t\t<\/div>\n\t\t\t\t\t\t\t\t<\/div>\n\t\t\t\t<\/div>\n\t\t\t\t\t<\/div>\n\t\t\t\t<\/div>\n\t\t<div class=\"elementor-element elementor-element-8757c2d e-flex e-con-boxed e-con e-parent\" data-id=\"8757c2d\" data-element_type=\"container\" data-e-type=\"container\">\n\t\t\t\t\t<div class=\"e-con-inner\">\n\t\t\t\t<div class=\"elementor-element elementor-element-c5e8ab6 elementor-widget elementor-widget-spacer\" data-id=\"c5e8ab6\" data-element_type=\"widget\" data-e-type=\"widget\" data-widget_type=\"spacer.default\">\n\t\t\t\t<div class=\"elementor-widget-container\">\n\t\t\t\t\t\t\t<div class=\"elementor-spacer\">\n\t\t\t<div class=\"elementor-spacer-inner\"><\/div>\n\t\t<\/div>\n\t\t\t\t\t\t<\/div>\n\t\t\t\t<\/div>\n\t\t<div class=\"elementor-element elementor-element-be106b5 e-con-full e-flex e-con e-child\" data-id=\"be106b5\" data-element_type=\"container\" data-e-type=\"container\">\n\t\t<div class=\"elementor-element elementor-element-db5fb9c e-con-full e-flex e-con e-child\" data-id=\"db5fb9c\" data-element_type=\"container\" data-e-type=\"container\" data-settings=\"{&quot;background_background&quot;:&quot;classic&quot;}\">\n\t\t\t\t<div class=\"elementor-element elementor-element-bab64fb elementor-widget elementor-widget-spacer\" data-id=\"bab64fb\" data-element_type=\"widget\" data-e-type=\"widget\" data-widget_type=\"spacer.default\">\n\t\t\t\t<div class=\"elementor-widget-container\">\n\t\t\t\t\t\t\t<div class=\"elementor-spacer\">\n\t\t\t<div class=\"elementor-spacer-inner\"><\/div>\n\t\t<\/div>\n\t\t\t\t\t\t<\/div>\n\t\t\t\t<\/div>\n\t\t\t\t<\/div>\n\t\t<div class=\"elementor-element elementor-element-60e2940 e-con-full e-flex e-con e-child\" data-id=\"60e2940\" data-element_type=\"container\" data-e-type=\"container\">\n\t\t\t\t<div class=\"elementor-element elementor-element-a4a9faf elementor-widget elementor-widget-heading\" data-id=\"a4a9faf\" data-element_type=\"widget\" data-e-type=\"widget\" data-widget_type=\"heading.default\">\n\t\t\t\t<div class=\"elementor-widget-container\">\n\t\t\t\t\t<h1 class=\"elementor-heading-title elementor-size-default\">\u00c0 propos d'Apryl Nicole<\/h1>\t\t\t\t<\/div>\n\t\t\t\t<\/div>\n\t\t\t\t<div class=\"elementor-element elementor-element-133d91a elementor-widget elementor-widget-text-editor\" data-id=\"133d91a\" data-element_type=\"widget\" data-e-type=\"widget\" data-widget_type=\"text-editor.default\">\n\t\t\t\t<div class=\"elementor-widget-container\">\n\t\t\t\t\t\t\t\t\t<p data-start=\"64\" data-end=\"431\">En tant que th\u00e9rapeute \u00e9questre certifi\u00e9e, praticienne inform\u00e9e des traumatismes et travailleuse \u00e9nerg\u00e9tique, je me sp\u00e9cialise dans l&#8217;int\u00e9gration de l&#8217;\u00e9quitation avec des pratiques somatiques et des techniques de r\u00e9gulation du syst\u00e8me nerveux. Mon approche invite les participants \u00e0 exp\u00e9rimenter les chevaux non seulement comme des animaux majestueux, mais aussi comme des partenaires intuitifs dans la conscience \u00e9motionnelle, la lib\u00e9ration et la transformation significative. <\/p><p data-start=\"438\" data-end=\"484\">Pour en savoir plus, consultez <a class=\"decorated-link\" href=\"https:\/\/www.aprylnicole.com\/\" target=\"_new\" rel=\"noopener\" data-start=\"454\" data-end=\"482\">https:\/\/www.aprylnicole.com\/<\/a><\/p>\t\t\t\t\t\t\t\t<\/div>\n\t\t\t\t<\/div>\n\t\t\t\t<\/div>\n\t\t\t\t<\/div>\n\t\t\t\t<div class=\"elementor-element elementor-element-af618c4 elementor-widget elementor-widget-spacer\" data-id=\"af618c4\" data-element_type=\"widget\" data-e-type=\"widget\" data-widget_type=\"spacer.default\">\n\t\t\t\t<div class=\"elementor-widget-container\">\n\t\t\t\t\t\t\t<div class=\"elementor-spacer\">\n\t\t\t<div class=\"elementor-spacer-inner\"><\/div>\n\t\t<\/div>\n\t\t\t\t\t\t<\/div>\n\t\t\t\t<\/div>\n\t\t\t\t\t<\/div>\n\t\t\t\t<\/div>\n\t\t\t\t<\/div>\n\t\t","protected":false},"excerpt":{"rendered":"<p>Guid\u00e9 par les chevaux : une \u00e9vasion bien-\u00eatre 14 mars 2026 Pour les cavaliers de tout niveau Un atelier immersif d&#8217;une journ\u00e9e compl\u00e8te sur les soins \u00e9thiques aux chevaux et les bases de l&#8217;\u00e9quitation, guid\u00e9 par Apryl Nicole. Con\u00e7ue pour tous les niveaux d&#8217;exp\u00e9rience, cette exp\u00e9rience pratique favorise une connexion respectueuse et consciente avec les [&hellip;]<\/p>\n","protected":false},"author":4,"featured_media":71458,"parent":0,"menu_order":0,"comment_status":"closed","ping_status":"closed","template":"page-full-width.php","meta":{"_acf_changed":false,"_vp_format_video_url":"","_vp_image_focal_point":[],"footnotes":""},"categories":[206],"tags":[],"class_list":["post-71447","page","type-page","status-publish","has-post-thumbnail","hentry","category-rassemblement-tbc"],"acf":[],"yoast_head":"<!-- This site is optimized with the Yoast SEO plugin v27.4 - https:\/\/yoast.com\/product\/yoast-seo-wordpress\/ -->\n<title>Retraite de bien-\u00eatre \u00e9quin - The Belize Collection<\/title>\n<meta name=\"robots\" content=\"index, follow, max-snippet:-1, max-image-preview:large, max-video-preview:-1\" \/>\n<link rel=\"canonical\" href=\"https:\/\/thebelizecollection.com\/fr\/retraite-de-bien-etre-equin\/\" \/>\n<meta property=\"og:locale\" content=\"fr_FR\" \/>\n<meta property=\"og:type\" content=\"article\" \/>\n<meta property=\"og:title\" content=\"Retraite de bien-\u00eatre \u00e9quin - The Belize Collection\" \/>\n<meta property=\"og:description\" content=\"Guid\u00e9 par les chevaux : une \u00e9vasion bien-\u00eatre 14 mars 2026 Pour les cavaliers de tout niveau Un atelier immersif d&#8217;une journ\u00e9e compl\u00e8te sur les soins \u00e9thiques aux chevaux et les bases de l&#8217;\u00e9quitation, guid\u00e9 par Apryl Nicole. Con\u00e7ue pour tous les niveaux d&#8217;exp\u00e9rience, cette exp\u00e9rience pratique favorise une connexion respectueuse et consciente avec les [&hellip;]\" \/>\n<meta property=\"og:url\" content=\"https:\/\/thebelizecollection.com\/fr\/retraite-de-bien-etre-equin\/\" \/>\n<meta property=\"og:site_name\" content=\"The Belize Collection\" \/>\n<meta property=\"article:modified_time\" content=\"2026-04-02T15:31:15+00:00\" \/>\n<meta property=\"og:image\" content=\"https:\/\/thebelizecollection.com\/wp-content\/uploads\/2025\/12\/223A3350.jpg\" \/>\n\t<meta property=\"og:image:width\" content=\"2048\" \/>\n\t<meta property=\"og:image:height\" content=\"1365\" \/>\n\t<meta property=\"og:image:type\" content=\"image\/jpeg\" \/>\n<meta name=\"twitter:card\" content=\"summary_large_image\" \/>\n<meta name=\"twitter:label1\" content=\"Dur\u00e9e de lecture estim\u00e9e\" \/>\n\t<meta name=\"twitter:data1\" content=\"1 minute\" \/>\n<script type=\"application\/ld+json\" class=\"yoast-schema-graph\">{\"@context\":\"https:\\\/\\\/schema.org\",\"@graph\":[{\"@type\":\"WebPage\",\"@id\":\"https:\\\/\\\/thebelizecollection.com\\\/fr\\\/retraite-de-bien-etre-equin\\\/\",\"url\":\"https:\\\/\\\/thebelizecollection.com\\\/fr\\\/retraite-de-bien-etre-equin\\\/\",\"name\":\"Retraite de bien-\u00eatre \u00e9quin - The Belize Collection\",\"isPartOf\":{\"@id\":\"https:\\\/\\\/thebelizecollection.com\\\/fr\\\/#website\"},\"primaryImageOfPage\":{\"@id\":\"https:\\\/\\\/thebelizecollection.com\\\/fr\\\/retraite-de-bien-etre-equin\\\/#primaryimage\"},\"image\":{\"@id\":\"https:\\\/\\\/thebelizecollection.com\\\/fr\\\/retraite-de-bien-etre-equin\\\/#primaryimage\"},\"thumbnailUrl\":\"https:\\\/\\\/thebelizecollection.com\\\/wp-content\\\/uploads\\\/2025\\\/12\\\/223A3350.jpg\",\"datePublished\":\"2026-02-06T20:27:22+00:00\",\"dateModified\":\"2026-04-02T15:31:15+00:00\",\"breadcrumb\":{\"@id\":\"https:\\\/\\\/thebelizecollection.com\\\/fr\\\/retraite-de-bien-etre-equin\\\/#breadcrumb\"},\"inLanguage\":\"fr-FR\",\"potentialAction\":[{\"@type\":\"ReadAction\",\"target\":[\"https:\\\/\\\/thebelizecollection.com\\\/fr\\\/retraite-de-bien-etre-equin\\\/\"]}]},{\"@type\":\"ImageObject\",\"inLanguage\":\"fr-FR\",\"@id\":\"https:\\\/\\\/thebelizecollection.com\\\/fr\\\/retraite-de-bien-etre-equin\\\/#primaryimage\",\"url\":\"https:\\\/\\\/thebelizecollection.com\\\/wp-content\\\/uploads\\\/2025\\\/12\\\/223A3350.jpg\",\"contentUrl\":\"https:\\\/\\\/thebelizecollection.com\\\/wp-content\\\/uploads\\\/2025\\\/12\\\/223A3350.jpg\",\"width\":2048,\"height\":1365},{\"@type\":\"BreadcrumbList\",\"@id\":\"https:\\\/\\\/thebelizecollection.com\\\/fr\\\/retraite-de-bien-etre-equin\\\/#breadcrumb\",\"itemListElement\":[{\"@type\":\"ListItem\",\"position\":1,\"name\":\"Home\",\"item\":\"https:\\\/\\\/thebelizecollection.com\\\/fr\\\/the-belize-collection-2\\\/\"},{\"@type\":\"ListItem\",\"position\":2,\"name\":\"Retraite de bien-\u00eatre \u00e9quin\"}]},{\"@type\":\"WebSite\",\"@id\":\"https:\\\/\\\/thebelizecollection.com\\\/fr\\\/#website\",\"url\":\"https:\\\/\\\/thebelizecollection.com\\\/fr\\\/\",\"name\":\"The Belize Collection\",\"description\":\"Everything Belize\",\"potentialAction\":[{\"@type\":\"SearchAction\",\"target\":{\"@type\":\"EntryPoint\",\"urlTemplate\":\"https:\\\/\\\/thebelizecollection.com\\\/fr\\\/?s={search_term_string}\"},\"query-input\":{\"@type\":\"PropertyValueSpecification\",\"valueRequired\":true,\"valueName\":\"search_term_string\"}}],\"inLanguage\":\"fr-FR\"}]}<\/script>\n<!-- \/ Yoast SEO plugin. -->","yoast_head_json":{"title":"Retraite de bien-\u00eatre \u00e9quin - The Belize Collection","robots":{"index":"index","follow":"follow","max-snippet":"max-snippet:-1","max-image-preview":"max-image-preview:large","max-video-preview":"max-video-preview:-1"},"canonical":"https:\/\/thebelizecollection.com\/fr\/retraite-de-bien-etre-equin\/","og_locale":"fr_FR","og_type":"article","og_title":"Retraite de bien-\u00eatre \u00e9quin - The Belize Collection","og_description":"Guid\u00e9 par les chevaux : une \u00e9vasion bien-\u00eatre 14 mars 2026 Pour les cavaliers de tout niveau Un atelier immersif d&#8217;une journ\u00e9e compl\u00e8te sur les soins \u00e9thiques aux chevaux et les bases de l&#8217;\u00e9quitation, guid\u00e9 par Apryl Nicole. Con\u00e7ue pour tous les niveaux d&#8217;exp\u00e9rience, cette exp\u00e9rience pratique favorise une connexion respectueuse et consciente avec les [&hellip;]","og_url":"https:\/\/thebelizecollection.com\/fr\/retraite-de-bien-etre-equin\/","og_site_name":"The Belize Collection","article_modified_time":"2026-04-02T15:31:15+00:00","og_image":[{"width":2048,"height":1365,"url":"https:\/\/thebelizecollection.com\/wp-content\/uploads\/2025\/12\/223A3350.jpg","type":"image\/jpeg"}],"twitter_card":"summary_large_image","twitter_misc":{"Dur\u00e9e de lecture estim\u00e9e":"1 minute"},"schema":{"@context":"https:\/\/schema.org","@graph":[{"@type":"WebPage","@id":"https:\/\/thebelizecollection.com\/fr\/retraite-de-bien-etre-equin\/","url":"https:\/\/thebelizecollection.com\/fr\/retraite-de-bien-etre-equin\/","name":"Retraite de bien-\u00eatre \u00e9quin - The Belize Collection","isPartOf":{"@id":"https:\/\/thebelizecollection.com\/fr\/#website"},"primaryImageOfPage":{"@id":"https:\/\/thebelizecollection.com\/fr\/retraite-de-bien-etre-equin\/#primaryimage"},"image":{"@id":"https:\/\/thebelizecollection.com\/fr\/retraite-de-bien-etre-equin\/#primaryimage"},"thumbnailUrl":"https:\/\/thebelizecollection.com\/wp-content\/uploads\/2025\/12\/223A3350.jpg","datePublished":"2026-02-06T20:27:22+00:00","dateModified":"2026-04-02T15:31:15+00:00","breadcrumb":{"@id":"https:\/\/thebelizecollection.com\/fr\/retraite-de-bien-etre-equin\/#breadcrumb"},"inLanguage":"fr-FR","potentialAction":[{"@type":"ReadAction","target":["https:\/\/thebelizecollection.com\/fr\/retraite-de-bien-etre-equin\/"]}]},{"@type":"ImageObject","inLanguage":"fr-FR","@id":"https:\/\/thebelizecollection.com\/fr\/retraite-de-bien-etre-equin\/#primaryimage","url":"https:\/\/thebelizecollection.com\/wp-content\/uploads\/2025\/12\/223A3350.jpg","contentUrl":"https:\/\/thebelizecollection.com\/wp-content\/uploads\/2025\/12\/223A3350.jpg","width":2048,"height":1365},{"@type":"BreadcrumbList","@id":"https:\/\/thebelizecollection.com\/fr\/retraite-de-bien-etre-equin\/#breadcrumb","itemListElement":[{"@type":"ListItem","position":1,"name":"Home","item":"https:\/\/thebelizecollection.com\/fr\/the-belize-collection-2\/"},{"@type":"ListItem","position":2,"name":"Retraite de bien-\u00eatre \u00e9quin"}]},{"@type":"WebSite","@id":"https:\/\/thebelizecollection.com\/fr\/#website","url":"https:\/\/thebelizecollection.com\/fr\/","name":"The Belize Collection","description":"Everything Belize","potentialAction":[{"@type":"SearchAction","target":{"@type":"EntryPoint","urlTemplate":"https:\/\/thebelizecollection.com\/fr\/?s={search_term_string}"},"query-input":{"@type":"PropertyValueSpecification","valueRequired":true,"valueName":"search_term_string"}}],"inLanguage":"fr-FR"}]}},"jetpack_sharing_enabled":true,"_links":{"self":[{"href":"https:\/\/thebelizecollection.com\/fr\/wp-json\/wp\/v2\/pages\/71447","targetHints":{"allow":["GET"]}}],"collection":[{"href":"https:\/\/thebelizecollection.com\/fr\/wp-json\/wp\/v2\/pages"}],"about":[{"href":"https:\/\/thebelizecollection.com\/fr\/wp-json\/wp\/v2\/types\/page"}],"author":[{"embeddable":true,"href":"https:\/\/thebelizecollection.com\/fr\/wp-json\/wp\/v2\/users\/4"}],"replies":[{"embeddable":true,"href":"https:\/\/thebelizecollection.com\/fr\/wp-json\/wp\/v2\/comments?post=71447"}],"version-history":[{"count":2,"href":"https:\/\/thebelizecollection.com\/fr\/wp-json\/wp\/v2\/pages\/71447\/revisions"}],"predecessor-version":[{"id":71523,"href":"https:\/\/thebelizecollection.com\/fr\/wp-json\/wp\/v2\/pages\/71447\/revisions\/71523"}],"wp:featuredmedia":[{"embeddable":true,"href":"https:\/\/thebelizecollection.com\/fr\/wp-json\/wp\/v2\/media\/71458"}],"wp:attachment":[{"href":"https:\/\/thebelizecollection.com\/fr\/wp-json\/wp\/v2\/media?parent=71447"}],"wp:term":[{"taxonomy":"category","embeddable":true,"href":"https:\/\/thebelizecollection.com\/fr\/wp-json\/wp\/v2\/categories?post=71447"},{"taxonomy":"post_tag","embeddable":true,"href":"https:\/\/thebelizecollection.com\/fr\/wp-json\/wp\/v2\/tags?post=71447"}],"curies":[{"name":"wp","href":"https:\/\/api.w.org\/{rel}","templated":true}]}}