{"id":71525,"date":"2025-12-09T08:32:14","date_gmt":"2025-12-09T14:32:14","guid":{"rendered":"https:\/\/thebelizecollection.com\/roues-en-pleine-nature\/"},"modified":"2026-04-21T20:33:03","modified_gmt":"2026-04-22T02:33:03","slug":"roues-en-pleine-nature","status":"publish","type":"page","link":"https:\/\/thebelizecollection.com\/fr\/activites\/roues-en-pleine-nature\/","title":{"rendered":"Roues en pleine nature"},"content":{"rendered":"\t\t<div data-elementor-type=\"wp-page\" data-elementor-id=\"71525\" class=\"elementor elementor-71525 elementor-65401\" data-elementor-post-type=\"page\">\n\t\t\t\t<div class=\"elementor-element elementor-element-1c4be66 e-con-full elementor-hidden-mobile e-flex e-con e-parent\" data-id=\"1c4be66\" data-element_type=\"container\" data-e-type=\"container\" data-settings=\"{&quot;background_background&quot;:&quot;classic&quot;}\">\n\t\t\t\t<\/div>\n\t\t<div class=\"elementor-element elementor-element-c1d3635 e-flex e-con-boxed e-con e-parent\" data-id=\"c1d3635\" data-element_type=\"container\" data-e-type=\"container\">\n\t\t\t\t\t<div class=\"e-con-inner\">\n\t\t<div class=\"elementor-element elementor-element-0b28cd1 e-con-full e-flex e-con e-child\" data-id=\"0b28cd1\" data-element_type=\"container\" data-e-type=\"container\">\n\t\t\t\t<div class=\"elementor-element elementor-element-ec77c44 elementor-widget elementor-widget-heading\" data-id=\"ec77c44\" data-element_type=\"widget\" data-e-type=\"widget\" data-widget_type=\"heading.default\">\n\t\t\t\t<div class=\"elementor-widget-container\">\n\t\t\t\t\t<h1 class=\"elementor-heading-title elementor-size-default\">Roues en pleine nature<\/h1>\t\t\t\t<\/div>\n\t\t\t\t<\/div>\n\t\t\t\t<div class=\"elementor-element elementor-element-39677db elementor-widget elementor-widget-heading\" data-id=\"39677db\" data-element_type=\"widget\" data-e-type=\"widget\" data-widget_type=\"heading.default\">\n\t\t\t\t<div class=\"elementor-widget-container\">\n\t\t\t\t\t<h3 class=\"elementor-heading-title elementor-size-default\">D\u00e9part depuis The Banks<\/h3>\t\t\t\t<\/div>\n\t\t\t\t<\/div>\n\t\t\t\t<div class=\"elementor-element elementor-element-5bf3a91 elementor-widget elementor-widget-text-editor\" data-id=\"5bf3a91\" data-element_type=\"widget\" data-e-type=\"widget\" data-widget_type=\"text-editor.default\">\n\t\t\t\t<div class=\"elementor-widget-container\">\n\t\t\t\t\t\t\t\t\t<div class=\"elementor-element elementor-element-3fd73d8 elementor-widget elementor-widget-text-editor\" data-id=\"3fd73d8\" data-element_type=\"widget\" data-widget_type=\"text-editor.default\"><div class=\"elementor-widget-container\"><p>Partez pour une aventure matinale \u00e0 travers les contreforts de Sleeping Giant lors de notre circuit \u00e0 v\u00e9lo Roues en pleine nature. Alors que la for\u00eat tropicale s\u2019\u00e9veille, p\u00e9dalez sur des sentiers de jungle, entour\u00e9 d\u2019arbres majestueux et du chant des oiseaux tropicaux. <\/p><p>En chemin, votre guide partagera des informations passionnantes sur la flore et la faune. Immortalisez la lueur dor\u00e9e du soleil du matin filtrant \u00e0 travers la canop\u00e9e et respirez l\u2019air frais en parcourant \u00e0 v\u00e9lo le sentier de notre r\u00e9serve de for\u00eat tropicale. <\/p><p>Apr\u00e8s votre sortie, savourez un petit-d\u00e9jeuner riche en prot\u00e9ines et une agua fresca rafra\u00eechissante chez Humo en ajoutant la formule petit-d\u00e9jeuner cr\u00e9\u00e9e sp\u00e9cialement pour les Trail Riders.<\/p><\/div><\/div>\t\t\t\t\t\t\t\t<\/div>\n\t\t\t\t<\/div>\n\t\t\t\t<div class=\"elementor-element elementor-element-21dc928 elementor-align-left elementor-widget elementor-widget-button\" data-id=\"21dc928\" data-element_type=\"widget\" data-e-type=\"widget\" data-widget_type=\"button.default\">\n\t\t\t\t<div class=\"elementor-widget-container\">\n\t\t\t\t\t\t\t\t\t<div class=\"elementor-button-wrapper\">\n\t\t\t\t\t<a class=\"elementor-button elementor-button-link elementor-size-sm\" href=\"https:\/\/thebelizecollection.com\/fr\/activites\/\">\n\t\t\t\t\t\t<span class=\"elementor-button-content-wrapper\">\n\t\t\t\t\t\t<span class=\"elementor-button-icon\">\n\t\t\t\t<svg aria-hidden=\"true\" class=\"e-font-icon-svg e-fas-arrow-left\" viewBox=\"0 0 448 512\" xmlns=\"http:\/\/www.w3.org\/2000\/svg\"><path d=\"M257.5 445.1l-22.2 22.2c-9.4 9.4-24.6 9.4-33.9 0L7 273c-9.4-9.4-9.4-24.6 0-33.9L201.4 44.7c9.4-9.4 24.6-9.4 33.9 0l22.2 22.2c9.5 9.5 9.3 25-.4 34.3L136.6 216H424c13.3 0 24 10.7 24 24v32c0 13.3-10.7 24-24 24H136.6l120.5 114.8c9.8 9.3 10 24.8.4 34.3z\"><\/path><\/svg>\t\t\t<\/span>\n\t\t\t\t\t\t\t\t\t<span class=\"elementor-button-text\">VOIR TOUS LES CIRCUITS<\/span>\n\t\t\t\t\t<\/span>\n\t\t\t\t\t<\/a>\n\t\t\t\t<\/div>\n\t\t\t\t\t\t\t\t<\/div>\n\t\t\t\t<\/div>\n\t\t\t\t<div class=\"elementor-element elementor-element-0cc3f8e elementor-widget elementor-widget-text-editor\" data-id=\"0cc3f8e\" data-element_type=\"widget\" data-e-type=\"widget\" data-widget_type=\"text-editor.default\">\n\t\t\t\t<div class=\"elementor-widget-container\">\n\t\t\t\t\t\t\t\t\t\n<table id=\"tablepress-99\" class=\"tablepress tablepress-id-99 tbody-has-connected-cells\">\n<tbody class=\"row-striping row-hover\">\n<tr class=\"row-1\">\n\t<td class=\"column-1\"><b>Intensity:<\/b><\/td><td class=\"column-2\">Moderate<\/td>\n<\/tr>\n<tr class=\"row-2\">\n\t<td class=\"column-1\"><b>Recommended:<\/b><\/td><td class=\"column-2\">For adults and for children 12+<\/td>\n<\/tr>\n<tr class=\"row-3\">\n\t<td class=\"column-1\"><b>Available:<\/b><\/td><td class=\"column-2\">Saturdays &amp; Sundays<\/td>\n<\/tr>\n<tr class=\"row-4\">\n\t<td class=\"column-1\"><b>Duration:<\/b><\/td><td class=\"column-2\">1.5 Hours<\/td>\n<\/tr>\n<tr class=\"row-5\">\n\t<td class=\"column-1\"><b>Departs:<\/b><\/td><td class=\"column-2\">7:00 AM<\/td>\n<\/tr>\n<tr class=\"row-6\">\n\t<td class=\"column-1\"><b>Returns:<\/b><\/td><td class=\"column-2\">8:30 AM<\/td>\n<\/tr>\n<tr class=\"row-7\">\n\t<td class=\"column-1\"><b>Starting Price:<\/b><\/td><td class=\"column-2\">$5.00 USD per person<\/td>\n<\/tr>\n<tr class=\"row-8\">\n\t<td class=\"column-1\"><b>Min Persons:<\/b><\/td><td class=\"column-2\">4<\/td>\n<\/tr>\n<tr class=\"row-9\">\n\t<td class=\"column-1\"><b>Lunch:<\/b><\/td><td class=\"column-2\">Add-ons Available<\/td>\n<\/tr>\n<tr class=\"row-10\">\n\t<td class=\"column-1\"><b>Bring Along:<\/b><\/td><td class=\"column-2\">Camera, repellent, sunblock, and a water bottle<\/td>\n<\/tr>\n<tr class=\"row-11\">\n\t<td colspan=\"2\" class=\"column-1\">All tours are subject to 12.5% General Sales Tax and 10% Resort Fee<\/td>\n<\/tr>\n<\/tbody>\n<\/table>\n<!-- #tablepress-99 from cache -->\t\t\t\t\t\t\t\t<\/div>\n\t\t\t\t<\/div>\n\t\t\t\t<\/div>\n\t\t<div class=\"elementor-element elementor-element-a1bb331 e-con-full e-flex e-con e-child\" data-id=\"a1bb331\" data-element_type=\"container\" data-e-type=\"container\">\n\t\t\t\t<div class=\"elementor-element elementor-element-f16d12b elementor-widget elementor-widget-spacer\" data-id=\"f16d12b\" data-element_type=\"widget\" data-e-type=\"widget\" data-widget_type=\"spacer.default\">\n\t\t\t\t<div class=\"elementor-widget-container\">\n\t\t\t\t\t\t\t<div class=\"elementor-spacer\">\n\t\t\t<div class=\"elementor-spacer-inner\"><\/div>\n\t\t<\/div>\n\t\t\t\t\t\t<\/div>\n\t\t\t\t<\/div>\n\t\t\t\t<div class=\"elementor-element elementor-element-54c7d60 elementor-widget elementor-widget-heading\" data-id=\"54c7d60\" data-element_type=\"widget\" data-e-type=\"widget\" data-widget_type=\"heading.default\">\n\t\t\t\t<div class=\"elementor-widget-container\">\n\t\t\t\t\t<h2 class=\"elementor-heading-title elementor-size-default\">Allons-y !<\/h2>\t\t\t\t<\/div>\n\t\t\t\t<\/div>\n\t\t\t\t<div class=\"elementor-element elementor-element-e01ee08 elementor-button-align-stretch elementor-widget elementor-widget-form\" data-id=\"e01ee08\" data-element_type=\"widget\" data-e-type=\"widget\" data-settings=\"{&quot;step_next_label&quot;:&quot;Suivant&quot;,&quot;step_previous_label&quot;:&quot;Pr\\u00e9c\\u00e9dent&quot;,&quot;button_width&quot;:&quot;100&quot;,&quot;step_type&quot;:&quot;number_text&quot;,&quot;step_icon_shape&quot;:&quot;circle&quot;}\" data-widget_type=\"form.default\">\n\t\t\t\t<div class=\"elementor-widget-container\">\n\t\t\t\t\t\t\t<form class=\"elementor-form\" method=\"post\" name=\"Nouveau formulaire\" aria-label=\"Nouveau formulaire\">\n\t\t\t<input type=\"hidden\" name=\"post_id\" value=\"71525\"\/>\n\t\t\t<input type=\"hidden\" name=\"form_id\" value=\"e01ee08\"\/>\n\t\t\t<input type=\"hidden\" name=\"referer_title\" value=\"Roues en pleine nature - The Belize Collection\" \/>\n\n\t\t\t\t\t\t\t<input type=\"hidden\" name=\"queried_id\" value=\"71525\"\/>\n\t\t\t\n\t\t\t<div class=\"elementor-form-fields-wrapper elementor-labels-above\">\n\t\t\t\t\t\t\t\t<div class=\"elementor-field-type-text elementor-field-group elementor-column elementor-field-group-name elementor-col-50 elementor-field-required elementor-mark-required\">\n\t\t\t\t\t\t\t\t\t\t\t\t<label for=\"form-field-name\" class=\"elementor-field-label\">\n\t\t\t\t\t\t\t\tPr\u00e9nom\t\t\t\t\t\t\t<\/label>\n\t\t\t\t\t\t\t\t\t\t\t\t\t\t<input size=\"1\" type=\"text\" name=\"form_fields[name]\" id=\"form-field-name\" class=\"elementor-field elementor-size-sm  elementor-field-textual\" required=\"required\">\n\t\t\t\t\t\t\t\t\t\t\t<\/div>\n\t\t\t\t\t\t\t\t<div class=\"elementor-field-type-text elementor-field-group elementor-column elementor-field-group-field_18a1f36 elementor-col-50 elementor-field-required elementor-mark-required\">\n\t\t\t\t\t\t\t\t\t\t\t\t<label for=\"form-field-field_18a1f36\" class=\"elementor-field-label\">\n\t\t\t\t\t\t\t\tNom de famille\t\t\t\t\t\t\t<\/label>\n\t\t\t\t\t\t\t\t\t\t\t\t\t\t<input size=\"1\" type=\"text\" name=\"form_fields[field_18a1f36]\" id=\"form-field-field_18a1f36\" class=\"elementor-field elementor-size-sm  elementor-field-textual\" required=\"required\">\n\t\t\t\t\t\t\t\t\t\t\t<\/div>\n\t\t\t\t\t\t\t\t<div class=\"elementor-field-type-email elementor-field-group elementor-column elementor-field-group-email elementor-col-50 elementor-field-required elementor-mark-required\">\n\t\t\t\t\t\t\t\t\t\t\t\t<label for=\"form-field-email\" class=\"elementor-field-label\">\n\t\t\t\t\t\t\t\tE-mail\t\t\t\t\t\t\t<\/label>\n\t\t\t\t\t\t\t\t\t\t\t\t\t\t<input size=\"1\" type=\"email\" name=\"form_fields[email]\" id=\"form-field-email\" class=\"elementor-field elementor-size-sm  elementor-field-textual\" required=\"required\">\n\t\t\t\t\t\t\t\t\t\t\t<\/div>\n\t\t\t\t\t\t\t\t<div class=\"elementor-field-type-tel elementor-field-group elementor-column elementor-field-group-field_ce2fed0 elementor-col-50\">\n\t\t\t\t\t\t\t\t\t\t\t\t<label for=\"form-field-field_ce2fed0\" class=\"elementor-field-label\">\n\t\t\t\t\t\t\t\tT\u00e9l\u00e9phone\t\t\t\t\t\t\t<\/label>\n\t\t\t\t\t\t\t\t<input size=\"1\" type=\"tel\" name=\"form_fields[field_ce2fed0]\" id=\"form-field-field_ce2fed0\" class=\"elementor-field elementor-size-sm  elementor-field-textual\" pattern=\"[0-9()#&amp;+*-=.]+\" title=\"Seuls les caract\u00e8res de num\u00e9ros de t\u00e9l\u00e9phone (#, -, *, etc.) sont accept\u00e9s.\">\n\n\t\t\t\t\t\t<\/div>\n\t\t\t\t\t\t\t\t<div class=\"elementor-field-type-text elementor-field-group elementor-column elementor-field-group-field_648d8d3 elementor-col-100 elementor-field-required elementor-mark-required\">\n\t\t\t\t\t\t\t\t\t\t\t\t<label for=\"form-field-field_648d8d3\" class=\"elementor-field-label\">\n\t\t\t\t\t\t\t\t\u00c0 quelle excursion \u00eates-vous int\u00e9ress\u00e9(e) ?\t\t\t\t\t\t\t<\/label>\n\t\t\t\t\t\t\t\t\t\t\t\t\t\t<input size=\"1\" type=\"text\" name=\"form_fields[field_648d8d3]\" id=\"form-field-field_648d8d3\" class=\"elementor-field elementor-size-sm  elementor-field-textual\" placeholder=\"  Roues en pleine nature\" required=\"required\">\n\t\t\t\t\t\t\t\t\t\t\t<\/div>\n\t\t\t\t\t\t\t\t<div class=\"elementor-field-type-date elementor-field-group elementor-column elementor-field-group-field_7e96a82 elementor-col-33 elementor-field-required elementor-mark-required\">\n\t\t\t\t\t\t\t\t\t\t\t\t<label for=\"form-field-field_7e96a82\" class=\"elementor-field-label\">\n\t\t\t\t\t\t\t\tDate\t\t\t\t\t\t\t<\/label>\n\t\t\t\t\t\t\n\t\t<input type=\"date\" name=\"form_fields[field_7e96a82]\" id=\"form-field-field_7e96a82\" class=\"elementor-field elementor-size-sm  elementor-field-textual elementor-date-field\" required=\"required\" pattern=\"[0-9]{4}-[0-9]{2}-[0-9]{2}\">\n\t\t\t\t\t\t<\/div>\n\t\t\t\t\t\t\t\t<div class=\"elementor-field-type-number elementor-field-group elementor-column elementor-field-group-field_a30da8f elementor-col-33 elementor-field-required elementor-mark-required\">\n\t\t\t\t\t\t\t\t\t\t\t\t<label for=\"form-field-field_a30da8f\" class=\"elementor-field-label\">\n\t\t\t\t\t\t\t\tNombre d\u2019adultes\t\t\t\t\t\t\t<\/label>\n\t\t\t\t\t\t\t\t\t<input type=\"number\" name=\"form_fields[field_a30da8f]\" id=\"form-field-field_a30da8f\" class=\"elementor-field elementor-size-sm  elementor-field-textual\" required=\"required\" min=\"\" max=\"\" >\n\t\t\t\t\t\t<\/div>\n\t\t\t\t\t\t\t\t<div class=\"elementor-field-type-number elementor-field-group elementor-column elementor-field-group-field_e653c70 elementor-col-33 elementor-field-required elementor-mark-required\">\n\t\t\t\t\t\t\t\t\t\t\t\t<label for=\"form-field-field_e653c70\" class=\"elementor-field-label\">\n\t\t\t\t\t\t\t\tNombre d\u2019enfants\t\t\t\t\t\t\t<\/label>\n\t\t\t\t\t\t\t\t\t<input type=\"number\" name=\"form_fields[field_e653c70]\" id=\"form-field-field_e653c70\" class=\"elementor-field elementor-size-sm  elementor-field-textual\" required=\"required\" min=\"\" max=\"\" >\n\t\t\t\t\t\t<\/div>\n\t\t\t\t\t\t\t\t<div class=\"elementor-field-type-textarea elementor-field-group elementor-column elementor-field-group-message elementor-col-100\">\n\t\t\t\t\t\t\t\t\t\t\t\t<label for=\"form-field-message\" class=\"elementor-field-label\">\n\t\t\t\t\t\t\t\tMessage\t\t\t\t\t\t\t<\/label>\n\t\t\t\t\t\t<textarea class=\"elementor-field-textual elementor-field  elementor-size-sm\" name=\"form_fields[message]\" id=\"form-field-message\" rows=\"8\" placeholder=\"Y a-t-il autre chose que vous aimeriez nous dire \/ nous demander ?\"><\/textarea>\t\t\t\t<\/div>\n\t\t\t\t\t\t\t\t<div class=\"elementor-field-type-recaptcha_v3 elementor-field-group elementor-column elementor-field-group-field_376172d elementor-col-100 recaptcha_v3-bottomright\">\n\t\t\t\t\t<div class=\"elementor-field\" id=\"form-field-field_376172d\"><div class=\"elementor-g-recaptcha\" data-sitekey=\"6Lf-h1MrAAAAAK81ZlH5Cj-jndUxNXA8fg5HTY2Y\" data-type=\"v3\" data-action=\"Form\" data-badge=\"bottomright\" data-size=\"invisible\"><\/div><\/div>\t\t\t\t<\/div>\n\t\t\t\t\t\t\t\t<div class=\"elementor-field-group elementor-column elementor-field-type-submit elementor-col-100 e-form__buttons\">\n\t\t\t\t\t<button class=\"elementor-button elementor-size-md\" type=\"submit\">\n\t\t\t\t\t\t<span class=\"elementor-button-content-wrapper\">\n\t\t\t\t\t\t\t\t\t\t\t\t\t\t\t\t\t\t\t\t\t\t<span class=\"elementor-button-text\">Envoyer<\/span>\n\t\t\t\t\t\t\t\t\t\t\t\t\t<\/span>\n\t\t\t\t\t<\/button>\n\t\t\t\t<\/div>\n\t\t\t<\/div>\n\t\t<\/form>\n\t\t\t\t\t\t<\/div>\n\t\t\t\t<\/div>\n\t\t\t\t<\/div>\n\t\t\t\t\t<\/div>\n\t\t\t\t<\/div>\n\t\t<div class=\"elementor-element elementor-element-c3a4565 e-flex e-con-boxed e-con e-parent\" data-id=\"c3a4565\" data-element_type=\"container\" data-e-type=\"container\">\n\t\t\t\t\t<div class=\"e-con-inner\">\n\t\t\t\t<div class=\"elementor-element elementor-element-8f29002 elementor-widget elementor-widget-spacer\" data-id=\"8f29002\" data-element_type=\"widget\" data-e-type=\"widget\" data-widget_type=\"spacer.default\">\n\t\t\t\t<div class=\"elementor-widget-container\">\n\t\t\t\t\t\t\t<div class=\"elementor-spacer\">\n\t\t\t<div class=\"elementor-spacer-inner\"><\/div>\n\t\t<\/div>\n\t\t\t\t\t\t<\/div>\n\t\t\t\t<\/div>\n\t\t\t\t\t<\/div>\n\t\t\t\t<\/div>\n\t\t<div class=\"elementor-element elementor-element-adf7ae5 e-con-full e-flex e-con e-parent\" data-id=\"adf7ae5\" data-element_type=\"container\" data-e-type=\"container\" data-settings=\"{&quot;background_background&quot;:&quot;classic&quot;}\">\n\t\t\t\t<\/div>\n\t\t\t\t<\/div>\n\t\t","protected":false},"excerpt":{"rendered":"<p>Roues en pleine nature D\u00e9part depuis The Banks Partez pour une aventure matinale \u00e0 travers les contreforts de Sleeping Giant lors de notre circuit \u00e0 v\u00e9lo Roues en pleine nature. Alors que la for\u00eat tropicale s\u2019\u00e9veille, p\u00e9dalez sur des sentiers de jungle, entour\u00e9 d\u2019arbres majestueux et du chant des oiseaux tropicaux. En chemin, votre guide [&hellip;]<\/p>\n","protected":false},"author":4,"featured_media":0,"parent":74327,"menu_order":0,"comment_status":"closed","ping_status":"closed","template":"page-full-width.php","meta":{"_acf_changed":false,"_vp_format_video_url":"","_vp_image_focal_point":[],"footnotes":""},"categories":[],"tags":[],"class_list":["post-71525","page","type-page","status-publish","hentry"],"acf":[],"yoast_head":"<!-- This site is optimized with the Yoast SEO plugin v27.5 - https:\/\/yoast.com\/product\/yoast-seo-wordpress\/ -->\n<title>Roues en pleine nature - The Belize Collection<\/title>\n<meta name=\"robots\" content=\"index, follow, max-snippet:-1, max-image-preview:large, max-video-preview:-1\" \/>\n<link rel=\"canonical\" href=\"https:\/\/thebelizecollection.com\/fr\/activites\/roues-en-pleine-nature\/\" \/>\n<meta property=\"og:locale\" content=\"fr_FR\" \/>\n<meta property=\"og:type\" content=\"article\" \/>\n<meta property=\"og:title\" content=\"Roues en pleine nature - The Belize Collection\" \/>\n<meta property=\"og:description\" content=\"Roues en pleine nature D\u00e9part depuis The Banks Partez pour une aventure matinale \u00e0 travers les contreforts de Sleeping Giant lors de notre circuit \u00e0 v\u00e9lo Roues en pleine nature. Alors que la for\u00eat tropicale s\u2019\u00e9veille, p\u00e9dalez sur des sentiers de jungle, entour\u00e9 d\u2019arbres majestueux et du chant des oiseaux tropicaux. En chemin, votre guide [&hellip;]\" \/>\n<meta property=\"og:url\" content=\"https:\/\/thebelizecollection.com\/fr\/activites\/roues-en-pleine-nature\/\" \/>\n<meta property=\"og:site_name\" content=\"The Belize Collection\" \/>\n<meta property=\"article:modified_time\" content=\"2026-04-22T02:33:03+00:00\" \/>\n<meta name=\"twitter:card\" content=\"summary_large_image\" \/>\n<meta name=\"twitter:label1\" content=\"Dur\u00e9e de lecture estim\u00e9e\" \/>\n\t<meta name=\"twitter:data1\" content=\"1 minute\" \/>\n<script type=\"application\/ld+json\" class=\"yoast-schema-graph\">{\"@context\":\"https:\\\/\\\/schema.org\",\"@graph\":[{\"@type\":\"WebPage\",\"@id\":\"https:\\\/\\\/thebelizecollection.com\\\/fr\\\/activites\\\/roues-en-pleine-nature\\\/\",\"url\":\"https:\\\/\\\/thebelizecollection.com\\\/fr\\\/activites\\\/roues-en-pleine-nature\\\/\",\"name\":\"Roues en pleine nature - The Belize Collection\",\"isPartOf\":{\"@id\":\"https:\\\/\\\/thebelizecollection.com\\\/fr\\\/#website\"},\"datePublished\":\"2025-12-09T14:32:14+00:00\",\"dateModified\":\"2026-04-22T02:33:03+00:00\",\"breadcrumb\":{\"@id\":\"https:\\\/\\\/thebelizecollection.com\\\/fr\\\/activites\\\/roues-en-pleine-nature\\\/#breadcrumb\"},\"inLanguage\":\"fr-FR\",\"potentialAction\":[{\"@type\":\"ReadAction\",\"target\":[\"https:\\\/\\\/thebelizecollection.com\\\/fr\\\/activites\\\/roues-en-pleine-nature\\\/\"]}]},{\"@type\":\"BreadcrumbList\",\"@id\":\"https:\\\/\\\/thebelizecollection.com\\\/fr\\\/activites\\\/roues-en-pleine-nature\\\/#breadcrumb\",\"itemListElement\":[{\"@type\":\"ListItem\",\"position\":1,\"name\":\"Home\",\"item\":\"https:\\\/\\\/thebelizecollection.com\\\/fr\\\/the-belize-collection-2\\\/\"},{\"@type\":\"ListItem\",\"position\":2,\"name\":\"Activit\u00e9s\",\"item\":\"https:\\\/\\\/thebelizecollection.com\\\/fr\\\/activites\\\/\"},{\"@type\":\"ListItem\",\"position\":3,\"name\":\"Roues en pleine nature\"}]},{\"@type\":\"WebSite\",\"@id\":\"https:\\\/\\\/thebelizecollection.com\\\/fr\\\/#website\",\"url\":\"https:\\\/\\\/thebelizecollection.com\\\/fr\\\/\",\"name\":\"The Belize Collection\",\"description\":\"Everything Belize\",\"potentialAction\":[{\"@type\":\"SearchAction\",\"target\":{\"@type\":\"EntryPoint\",\"urlTemplate\":\"https:\\\/\\\/thebelizecollection.com\\\/fr\\\/?s={search_term_string}\"},\"query-input\":{\"@type\":\"PropertyValueSpecification\",\"valueRequired\":true,\"valueName\":\"search_term_string\"}}],\"inLanguage\":\"fr-FR\"}]}<\/script>\n<!-- \/ Yoast SEO plugin. -->","yoast_head_json":{"title":"Roues en pleine nature - The Belize Collection","robots":{"index":"index","follow":"follow","max-snippet":"max-snippet:-1","max-image-preview":"max-image-preview:large","max-video-preview":"max-video-preview:-1"},"canonical":"https:\/\/thebelizecollection.com\/fr\/activites\/roues-en-pleine-nature\/","og_locale":"fr_FR","og_type":"article","og_title":"Roues en pleine nature - The Belize Collection","og_description":"Roues en pleine nature D\u00e9part depuis The Banks Partez pour une aventure matinale \u00e0 travers les contreforts de Sleeping Giant lors de notre circuit \u00e0 v\u00e9lo Roues en pleine nature. Alors que la for\u00eat tropicale s\u2019\u00e9veille, p\u00e9dalez sur des sentiers de jungle, entour\u00e9 d\u2019arbres majestueux et du chant des oiseaux tropicaux. En chemin, votre guide [&hellip;]","og_url":"https:\/\/thebelizecollection.com\/fr\/activites\/roues-en-pleine-nature\/","og_site_name":"The Belize Collection","article_modified_time":"2026-04-22T02:33:03+00:00","twitter_card":"summary_large_image","twitter_misc":{"Dur\u00e9e de lecture estim\u00e9e":"1 minute"},"schema":{"@context":"https:\/\/schema.org","@graph":[{"@type":"WebPage","@id":"https:\/\/thebelizecollection.com\/fr\/activites\/roues-en-pleine-nature\/","url":"https:\/\/thebelizecollection.com\/fr\/activites\/roues-en-pleine-nature\/","name":"Roues en pleine nature - The Belize Collection","isPartOf":{"@id":"https:\/\/thebelizecollection.com\/fr\/#website"},"datePublished":"2025-12-09T14:32:14+00:00","dateModified":"2026-04-22T02:33:03+00:00","breadcrumb":{"@id":"https:\/\/thebelizecollection.com\/fr\/activites\/roues-en-pleine-nature\/#breadcrumb"},"inLanguage":"fr-FR","potentialAction":[{"@type":"ReadAction","target":["https:\/\/thebelizecollection.com\/fr\/activites\/roues-en-pleine-nature\/"]}]},{"@type":"BreadcrumbList","@id":"https:\/\/thebelizecollection.com\/fr\/activites\/roues-en-pleine-nature\/#breadcrumb","itemListElement":[{"@type":"ListItem","position":1,"name":"Home","item":"https:\/\/thebelizecollection.com\/fr\/the-belize-collection-2\/"},{"@type":"ListItem","position":2,"name":"Activit\u00e9s","item":"https:\/\/thebelizecollection.com\/fr\/activites\/"},{"@type":"ListItem","position":3,"name":"Roues en pleine nature"}]},{"@type":"WebSite","@id":"https:\/\/thebelizecollection.com\/fr\/#website","url":"https:\/\/thebelizecollection.com\/fr\/","name":"The Belize Collection","description":"Everything Belize","potentialAction":[{"@type":"SearchAction","target":{"@type":"EntryPoint","urlTemplate":"https:\/\/thebelizecollection.com\/fr\/?s={search_term_string}"},"query-input":{"@type":"PropertyValueSpecification","valueRequired":true,"valueName":"search_term_string"}}],"inLanguage":"fr-FR"}]}},"jetpack_sharing_enabled":true,"_links":{"self":[{"href":"https:\/\/thebelizecollection.com\/fr\/wp-json\/wp\/v2\/pages\/71525","targetHints":{"allow":["GET"]}}],"collection":[{"href":"https:\/\/thebelizecollection.com\/fr\/wp-json\/wp\/v2\/pages"}],"about":[{"href":"https:\/\/thebelizecollection.com\/fr\/wp-json\/wp\/v2\/types\/page"}],"author":[{"embeddable":true,"href":"https:\/\/thebelizecollection.com\/fr\/wp-json\/wp\/v2\/users\/4"}],"replies":[{"embeddable":true,"href":"https:\/\/thebelizecollection.com\/fr\/wp-json\/wp\/v2\/comments?post=71525"}],"version-history":[{"count":2,"href":"https:\/\/thebelizecollection.com\/fr\/wp-json\/wp\/v2\/pages\/71525\/revisions"}],"predecessor-version":[{"id":71540,"href":"https:\/\/thebelizecollection.com\/fr\/wp-json\/wp\/v2\/pages\/71525\/revisions\/71540"}],"up":[{"embeddable":true,"href":"https:\/\/thebelizecollection.com\/fr\/wp-json\/wp\/v2\/pages\/74327"}],"wp:attachment":[{"href":"https:\/\/thebelizecollection.com\/fr\/wp-json\/wp\/v2\/media?parent=71525"}],"wp:term":[{"taxonomy":"category","embeddable":true,"href":"https:\/\/thebelizecollection.com\/fr\/wp-json\/wp\/v2\/categories?post=71525"},{"taxonomy":"post_tag","embeddable":true,"href":"https:\/\/thebelizecollection.com\/fr\/wp-json\/wp\/v2\/tags?post=71525"}],"curies":[{"name":"wp","href":"https:\/\/api.w.org\/{rel}","templated":true}]}}