{"id":71597,"date":"2025-10-09T10:16:46","date_gmt":"2025-10-09T16:16:46","guid":{"rendered":"https:\/\/thebelizecollection.com\/folklore-au-coin-du-feu\/"},"modified":"2026-04-02T10:41:32","modified_gmt":"2026-04-02T16:41:32","slug":"folklore-au-coin-du-feu","status":"publish","type":"page","link":"https:\/\/thebelizecollection.com\/fr\/folklore-au-coin-du-feu\/","title":{"rendered":"Folklore au coin du feu"},"content":{"rendered":"\t\t<div data-elementor-type=\"wp-page\" data-elementor-id=\"71597\" class=\"elementor elementor-71597 elementor-63967\" data-elementor-post-type=\"page\">\n\t\t\t\t<div class=\"elementor-element elementor-element-a7e927c e-con-full e-flex e-con e-parent\" data-id=\"a7e927c\" data-element_type=\"container\" data-e-type=\"container\" data-settings=\"{&quot;background_background&quot;:&quot;classic&quot;}\">\n\t\t\t\t<\/div>\n\t\t<div class=\"elementor-element elementor-element-4ceee2b e-flex e-con-boxed e-con e-parent\" data-id=\"4ceee2b\" data-element_type=\"container\" data-e-type=\"container\">\n\t\t\t\t\t<div class=\"e-con-inner\">\n\t\t\t\t<div class=\"elementor-element elementor-element-2862095 elementor-widget elementor-widget-spacer\" data-id=\"2862095\" data-element_type=\"widget\" data-e-type=\"widget\" data-widget_type=\"spacer.default\">\n\t\t\t\t<div class=\"elementor-widget-container\">\n\t\t\t\t\t\t\t<div class=\"elementor-spacer\">\n\t\t\t<div class=\"elementor-spacer-inner\"><\/div>\n\t\t<\/div>\n\t\t\t\t\t\t<\/div>\n\t\t\t\t<\/div>\n\t\t\t\t\t<\/div>\n\t\t\t\t<\/div>\n\t\t<div class=\"elementor-element elementor-element-180663d e-flex e-con-boxed e-con e-parent\" data-id=\"180663d\" data-element_type=\"container\" data-e-type=\"container\">\n\t\t\t\t\t<div class=\"e-con-inner\">\n\t\t<div class=\"elementor-element elementor-element-d9a2a35 e-con-full e-flex e-con e-child\" data-id=\"d9a2a35\" data-element_type=\"container\" data-e-type=\"container\">\n\t\t\t\t<div class=\"elementor-element elementor-element-a2b53ec elementor-widget elementor-widget-heading\" data-id=\"a2b53ec\" data-element_type=\"widget\" data-e-type=\"widget\" data-widget_type=\"heading.default\">\n\t\t\t\t<div class=\"elementor-widget-container\">\n\t\t\t\t\t<h1 class=\"elementor-heading-title elementor-size-default\">Soir\u00e9e de l\u2019\u00e9pouvante<\/h1>\t\t\t\t<\/div>\n\t\t\t\t<\/div>\n\t\t\t\t<div class=\"elementor-element elementor-element-0c6e08e elementor-widget elementor-widget-text-editor\" data-id=\"0c6e08e\" data-element_type=\"widget\" data-e-type=\"widget\" data-widget_type=\"text-editor.default\">\n\t\t\t\t<div class=\"elementor-widget-container\">\n\t\t\t\t\t\t\t\t\t<p>Rejoignez-nous au Lodge at Jaguar Reef pour une soir\u00e9e chaleureuse sous les \u00e9toiles lors de la projection du film tant aim\u00e9 \u00ab Coco \u00bb au coin du feu. R\u00e9unissez-vous avec vos amis et votre famille pour une nuit remplie de rires, de musique et de la magie des contes. Installez-vous confortablement pr\u00e8s du feu et profitez de si\u00e8ges douillets et d\u2019une touche de tradition b\u00e9lizienne.  <\/p>\t\t\t\t\t\t\t\t<\/div>\n\t\t\t\t<\/div>\n\t\t\t\t<div class=\"elementor-element elementor-element-763cc7b elementor-widget elementor-widget-text-editor\" data-id=\"763cc7b\" data-element_type=\"widget\" data-e-type=\"widget\" data-widget_type=\"text-editor.default\">\n\t\t\t\t<div class=\"elementor-widget-container\">\n\t\t\t\t\t\t\t\t\t<p><strong>Lieu :<\/strong> The Lodge at Jaguar Reef<\/p><p><strong>Date :<\/strong> 31 octobre 2025<\/p><p><strong>Heure :<\/strong> 17h00 \u00e0 21h00<\/p>\t\t\t\t\t\t\t\t<\/div>\n\t\t\t\t<\/div>\n\t\t\t\t<div class=\"elementor-element elementor-element-6a8f4b0 elementor-widget elementor-widget-heading\" data-id=\"6a8f4b0\" data-element_type=\"widget\" data-e-type=\"widget\" data-widget_type=\"heading.default\">\n\t\t\t\t<div class=\"elementor-widget-container\">\n\t\t\t\t\t<h1 class=\"elementor-heading-title elementor-size-default\">Points forts de l\u2019\u00e9v\u00e9nement<\/h1>\t\t\t\t<\/div>\n\t\t\t\t<\/div>\n\t\t\t\t<div class=\"elementor-element elementor-element-88b65df elementor-widget elementor-widget-text-editor\" data-id=\"88b65df\" data-element_type=\"widget\" data-e-type=\"widget\" data-widget_type=\"text-editor.default\">\n\t\t\t\t<div class=\"elementor-widget-container\">\n\t\t\t\t\t\t\t\t\t<ul><li>D\u00e9coration de biscuits d\u2019Halloween<\/li><li>Contes au coin du feu<\/li><li>Soir\u00e9e cin\u00e9ma : \u00ab Coco \u00bb<\/li><li>Pop-corn et sachets de bonbons offerts<\/li><li>Sp\u00e9cialit\u00e9s de boissons effrayantes au chariot de bar<\/li><\/ul>\t\t\t\t\t\t\t\t<\/div>\n\t\t\t\t<\/div>\n\t\t\t\t<div class=\"elementor-element elementor-element-5fd7fe4 elementor-widget elementor-widget-button\" data-id=\"5fd7fe4\" data-element_type=\"widget\" data-e-type=\"widget\" data-widget_type=\"button.default\">\n\t\t\t\t<div class=\"elementor-widget-container\">\n\t\t\t\t\t\t\t\t\t<div class=\"elementor-button-wrapper\">\n\t\t\t\t\t<a class=\"elementor-button elementor-button-link elementor-size-sm\" href=\"tel:+501-615-6208\">\n\t\t\t\t\t\t<span class=\"elementor-button-content-wrapper\">\n\t\t\t\t\t\t\t\t\t<span class=\"elementor-button-text\">Cliquez ici pour confirmer votre pr\u00e9sence<\/span>\n\t\t\t\t\t<\/span>\n\t\t\t\t\t<\/a>\n\t\t\t\t<\/div>\n\t\t\t\t\t\t\t\t<\/div>\n\t\t\t\t<\/div>\n\t\t\t\t<\/div>\n\t\t<div class=\"elementor-element elementor-element-3e767e2 e-con-full e-flex e-con e-child\" data-id=\"3e767e2\" data-element_type=\"container\" data-e-type=\"container\" data-settings=\"{&quot;background_background&quot;:&quot;classic&quot;}\">\n\t\t\t\t<\/div>\n\t\t\t\t\t<\/div>\n\t\t\t\t<\/div>\n\t\t<div class=\"elementor-element elementor-element-3198b8e e-flex e-con-boxed e-con e-parent\" data-id=\"3198b8e\" data-element_type=\"container\" data-e-type=\"container\">\n\t\t\t\t\t<div class=\"e-con-inner\">\n\t\t\t\t<div class=\"elementor-element elementor-element-3fcee6d elementor-widget elementor-widget-spacer\" data-id=\"3fcee6d\" data-element_type=\"widget\" data-e-type=\"widget\" data-widget_type=\"spacer.default\">\n\t\t\t\t<div class=\"elementor-widget-container\">\n\t\t\t\t\t\t\t<div class=\"elementor-spacer\">\n\t\t\t<div class=\"elementor-spacer-inner\"><\/div>\n\t\t<\/div>\n\t\t\t\t\t\t<\/div>\n\t\t\t\t<\/div>\n\t\t\t\t\t<\/div>\n\t\t\t\t<\/div>\n\t\t\t\t<\/div>\n\t\t","protected":false},"excerpt":{"rendered":"<p>Soir\u00e9e de l\u2019\u00e9pouvante Rejoignez-nous au Lodge at Jaguar Reef pour une soir\u00e9e chaleureuse sous les \u00e9toiles lors de la projection du film tant aim\u00e9 \u00ab Coco \u00bb au coin du feu. R\u00e9unissez-vous avec vos amis et votre famille pour une nuit remplie de rires, de musique et de la magie des contes. Installez-vous confortablement pr\u00e8s [&hellip;]<\/p>\n","protected":false},"author":4,"featured_media":71602,"parent":0,"menu_order":0,"comment_status":"closed","ping_status":"closed","template":"page-full-width.php","meta":{"_acf_changed":false,"_vp_format_video_url":"","_vp_image_focal_point":[],"footnotes":""},"categories":[206],"tags":[],"class_list":["post-71597","page","type-page","status-publish","has-post-thumbnail","hentry","category-rassemblement-tbc"],"acf":[],"yoast_head":"<!-- This site is optimized with the Yoast SEO plugin v27.4 - https:\/\/yoast.com\/product\/yoast-seo-wordpress\/ -->\n<title>Folklore au coin du feu - The Belize Collection<\/title>\n<meta name=\"robots\" content=\"index, follow, max-snippet:-1, max-image-preview:large, max-video-preview:-1\" \/>\n<link rel=\"canonical\" href=\"https:\/\/thebelizecollection.com\/fr\/folklore-au-coin-du-feu\/\" \/>\n<meta property=\"og:locale\" content=\"fr_FR\" \/>\n<meta property=\"og:type\" content=\"article\" \/>\n<meta property=\"og:title\" content=\"Folklore au coin du feu - The Belize Collection\" \/>\n<meta property=\"og:description\" content=\"Soir\u00e9e de l\u2019\u00e9pouvante Rejoignez-nous au Lodge at Jaguar Reef pour une soir\u00e9e chaleureuse sous les \u00e9toiles lors de la projection du film tant aim\u00e9 \u00ab Coco \u00bb au coin du feu. R\u00e9unissez-vous avec vos amis et votre famille pour une nuit remplie de rires, de musique et de la magie des contes. Installez-vous confortablement pr\u00e8s [&hellip;]\" \/>\n<meta property=\"og:url\" content=\"https:\/\/thebelizecollection.com\/fr\/folklore-au-coin-du-feu\/\" \/>\n<meta property=\"og:site_name\" content=\"The Belize Collection\" \/>\n<meta property=\"article:modified_time\" content=\"2026-04-02T16:41:32+00:00\" \/>\n<meta property=\"og:image\" content=\"https:\/\/thebelizecollection.com\/wp-content\/uploads\/2025\/10\/JRL-Folklore-by-the-Fire-Cookie-Decorating-2.jpg\" \/>\n\t<meta property=\"og:image:width\" content=\"2048\" \/>\n\t<meta property=\"og:image:height\" content=\"1365\" \/>\n\t<meta property=\"og:image:type\" content=\"image\/jpeg\" \/>\n<meta name=\"twitter:card\" content=\"summary_large_image\" \/>\n<meta name=\"twitter:label1\" content=\"Dur\u00e9e de lecture estim\u00e9e\" \/>\n\t<meta name=\"twitter:data1\" content=\"1 minute\" \/>\n<script type=\"application\/ld+json\" class=\"yoast-schema-graph\">{\"@context\":\"https:\\\/\\\/schema.org\",\"@graph\":[{\"@type\":\"WebPage\",\"@id\":\"https:\\\/\\\/thebelizecollection.com\\\/fr\\\/folklore-au-coin-du-feu\\\/\",\"url\":\"https:\\\/\\\/thebelizecollection.com\\\/fr\\\/folklore-au-coin-du-feu\\\/\",\"name\":\"Folklore au coin du feu - The Belize Collection\",\"isPartOf\":{\"@id\":\"https:\\\/\\\/thebelizecollection.com\\\/fr\\\/#website\"},\"primaryImageOfPage\":{\"@id\":\"https:\\\/\\\/thebelizecollection.com\\\/fr\\\/folklore-au-coin-du-feu\\\/#primaryimage\"},\"image\":{\"@id\":\"https:\\\/\\\/thebelizecollection.com\\\/fr\\\/folklore-au-coin-du-feu\\\/#primaryimage\"},\"thumbnailUrl\":\"https:\\\/\\\/thebelizecollection.com\\\/wp-content\\\/uploads\\\/2025\\\/10\\\/JRL-Folklore-by-the-Fire-Cookie-Decorating-2.jpg\",\"datePublished\":\"2025-10-09T16:16:46+00:00\",\"dateModified\":\"2026-04-02T16:41:32+00:00\",\"breadcrumb\":{\"@id\":\"https:\\\/\\\/thebelizecollection.com\\\/fr\\\/folklore-au-coin-du-feu\\\/#breadcrumb\"},\"inLanguage\":\"fr-FR\",\"potentialAction\":[{\"@type\":\"ReadAction\",\"target\":[\"https:\\\/\\\/thebelizecollection.com\\\/fr\\\/folklore-au-coin-du-feu\\\/\"]}]},{\"@type\":\"ImageObject\",\"inLanguage\":\"fr-FR\",\"@id\":\"https:\\\/\\\/thebelizecollection.com\\\/fr\\\/folklore-au-coin-du-feu\\\/#primaryimage\",\"url\":\"https:\\\/\\\/thebelizecollection.com\\\/wp-content\\\/uploads\\\/2025\\\/10\\\/JRL-Folklore-by-the-Fire-Cookie-Decorating-2.jpg\",\"contentUrl\":\"https:\\\/\\\/thebelizecollection.com\\\/wp-content\\\/uploads\\\/2025\\\/10\\\/JRL-Folklore-by-the-Fire-Cookie-Decorating-2.jpg\",\"width\":2048,\"height\":1365},{\"@type\":\"BreadcrumbList\",\"@id\":\"https:\\\/\\\/thebelizecollection.com\\\/fr\\\/folklore-au-coin-du-feu\\\/#breadcrumb\",\"itemListElement\":[{\"@type\":\"ListItem\",\"position\":1,\"name\":\"Home\",\"item\":\"https:\\\/\\\/thebelizecollection.com\\\/fr\\\/the-belize-collection-2\\\/\"},{\"@type\":\"ListItem\",\"position\":2,\"name\":\"Folklore au coin du feu\"}]},{\"@type\":\"WebSite\",\"@id\":\"https:\\\/\\\/thebelizecollection.com\\\/fr\\\/#website\",\"url\":\"https:\\\/\\\/thebelizecollection.com\\\/fr\\\/\",\"name\":\"The Belize Collection\",\"description\":\"Everything Belize\",\"potentialAction\":[{\"@type\":\"SearchAction\",\"target\":{\"@type\":\"EntryPoint\",\"urlTemplate\":\"https:\\\/\\\/thebelizecollection.com\\\/fr\\\/?s={search_term_string}\"},\"query-input\":{\"@type\":\"PropertyValueSpecification\",\"valueRequired\":true,\"valueName\":\"search_term_string\"}}],\"inLanguage\":\"fr-FR\"}]}<\/script>\n<!-- \/ Yoast SEO plugin. -->","yoast_head_json":{"title":"Folklore au coin du feu - The Belize Collection","robots":{"index":"index","follow":"follow","max-snippet":"max-snippet:-1","max-image-preview":"max-image-preview:large","max-video-preview":"max-video-preview:-1"},"canonical":"https:\/\/thebelizecollection.com\/fr\/folklore-au-coin-du-feu\/","og_locale":"fr_FR","og_type":"article","og_title":"Folklore au coin du feu - The Belize Collection","og_description":"Soir\u00e9e de l\u2019\u00e9pouvante Rejoignez-nous au Lodge at Jaguar Reef pour une soir\u00e9e chaleureuse sous les \u00e9toiles lors de la projection du film tant aim\u00e9 \u00ab Coco \u00bb au coin du feu. R\u00e9unissez-vous avec vos amis et votre famille pour une nuit remplie de rires, de musique et de la magie des contes. Installez-vous confortablement pr\u00e8s [&hellip;]","og_url":"https:\/\/thebelizecollection.com\/fr\/folklore-au-coin-du-feu\/","og_site_name":"The Belize Collection","article_modified_time":"2026-04-02T16:41:32+00:00","og_image":[{"width":2048,"height":1365,"url":"https:\/\/thebelizecollection.com\/wp-content\/uploads\/2025\/10\/JRL-Folklore-by-the-Fire-Cookie-Decorating-2.jpg","type":"image\/jpeg"}],"twitter_card":"summary_large_image","twitter_misc":{"Dur\u00e9e de lecture estim\u00e9e":"1 minute"},"schema":{"@context":"https:\/\/schema.org","@graph":[{"@type":"WebPage","@id":"https:\/\/thebelizecollection.com\/fr\/folklore-au-coin-du-feu\/","url":"https:\/\/thebelizecollection.com\/fr\/folklore-au-coin-du-feu\/","name":"Folklore au coin du feu - The Belize Collection","isPartOf":{"@id":"https:\/\/thebelizecollection.com\/fr\/#website"},"primaryImageOfPage":{"@id":"https:\/\/thebelizecollection.com\/fr\/folklore-au-coin-du-feu\/#primaryimage"},"image":{"@id":"https:\/\/thebelizecollection.com\/fr\/folklore-au-coin-du-feu\/#primaryimage"},"thumbnailUrl":"https:\/\/thebelizecollection.com\/wp-content\/uploads\/2025\/10\/JRL-Folklore-by-the-Fire-Cookie-Decorating-2.jpg","datePublished":"2025-10-09T16:16:46+00:00","dateModified":"2026-04-02T16:41:32+00:00","breadcrumb":{"@id":"https:\/\/thebelizecollection.com\/fr\/folklore-au-coin-du-feu\/#breadcrumb"},"inLanguage":"fr-FR","potentialAction":[{"@type":"ReadAction","target":["https:\/\/thebelizecollection.com\/fr\/folklore-au-coin-du-feu\/"]}]},{"@type":"ImageObject","inLanguage":"fr-FR","@id":"https:\/\/thebelizecollection.com\/fr\/folklore-au-coin-du-feu\/#primaryimage","url":"https:\/\/thebelizecollection.com\/wp-content\/uploads\/2025\/10\/JRL-Folklore-by-the-Fire-Cookie-Decorating-2.jpg","contentUrl":"https:\/\/thebelizecollection.com\/wp-content\/uploads\/2025\/10\/JRL-Folklore-by-the-Fire-Cookie-Decorating-2.jpg","width":2048,"height":1365},{"@type":"BreadcrumbList","@id":"https:\/\/thebelizecollection.com\/fr\/folklore-au-coin-du-feu\/#breadcrumb","itemListElement":[{"@type":"ListItem","position":1,"name":"Home","item":"https:\/\/thebelizecollection.com\/fr\/the-belize-collection-2\/"},{"@type":"ListItem","position":2,"name":"Folklore au coin du feu"}]},{"@type":"WebSite","@id":"https:\/\/thebelizecollection.com\/fr\/#website","url":"https:\/\/thebelizecollection.com\/fr\/","name":"The Belize Collection","description":"Everything Belize","potentialAction":[{"@type":"SearchAction","target":{"@type":"EntryPoint","urlTemplate":"https:\/\/thebelizecollection.com\/fr\/?s={search_term_string}"},"query-input":{"@type":"PropertyValueSpecification","valueRequired":true,"valueName":"search_term_string"}}],"inLanguage":"fr-FR"}]}},"jetpack_sharing_enabled":true,"_links":{"self":[{"href":"https:\/\/thebelizecollection.com\/fr\/wp-json\/wp\/v2\/pages\/71597","targetHints":{"allow":["GET"]}}],"collection":[{"href":"https:\/\/thebelizecollection.com\/fr\/wp-json\/wp\/v2\/pages"}],"about":[{"href":"https:\/\/thebelizecollection.com\/fr\/wp-json\/wp\/v2\/types\/page"}],"author":[{"embeddable":true,"href":"https:\/\/thebelizecollection.com\/fr\/wp-json\/wp\/v2\/users\/4"}],"replies":[{"embeddable":true,"href":"https:\/\/thebelizecollection.com\/fr\/wp-json\/wp\/v2\/comments?post=71597"}],"version-history":[{"count":2,"href":"https:\/\/thebelizecollection.com\/fr\/wp-json\/wp\/v2\/pages\/71597\/revisions"}],"predecessor-version":[{"id":71617,"href":"https:\/\/thebelizecollection.com\/fr\/wp-json\/wp\/v2\/pages\/71597\/revisions\/71617"}],"wp:featuredmedia":[{"embeddable":true,"href":"https:\/\/thebelizecollection.com\/fr\/wp-json\/wp\/v2\/media\/71602"}],"wp:attachment":[{"href":"https:\/\/thebelizecollection.com\/fr\/wp-json\/wp\/v2\/media?parent=71597"}],"wp:term":[{"taxonomy":"category","embeddable":true,"href":"https:\/\/thebelizecollection.com\/fr\/wp-json\/wp\/v2\/categories?post=71597"},{"taxonomy":"post_tag","embeddable":true,"href":"https:\/\/thebelizecollection.com\/fr\/wp-json\/wp\/v2\/tags?post=71597"}],"curies":[{"name":"wp","href":"https:\/\/api.w.org\/{rel}","templated":true}]}}