{"id":71634,"date":"2025-10-21T11:11:59","date_gmt":"2025-10-21T17:11:59","guid":{"rendered":"https:\/\/thebelizecollection.com\/comment-se-rendre-a-nos-complexes-hoteliers\/"},"modified":"2026-04-02T10:50:38","modified_gmt":"2026-04-02T16:50:38","slug":"comment-se-rendre-a-nos-complexes-hoteliers","status":"publish","type":"page","link":"https:\/\/thebelizecollection.com\/fr\/comment-se-rendre-a-nos-complexes-hoteliers\/","title":{"rendered":"Comment se rendre \u00e0 nos complexes h\u00f4teliers"},"content":{"rendered":"\t\t<div data-elementor-type=\"wp-page\" data-elementor-id=\"71634\" class=\"elementor elementor-71634 elementor-64348\" data-elementor-post-type=\"page\">\n\t\t\t\t<div class=\"elementor-element elementor-element-63ed8a3 e-con-full e-flex e-con e-parent\" data-id=\"63ed8a3\" data-element_type=\"container\" data-e-type=\"container\" data-settings=\"{&quot;background_background&quot;:&quot;classic&quot;}\">\n\t\t\t\t<div class=\"elementor-element elementor-element-1c042bd elementor-widget elementor-widget-heading\" data-id=\"1c042bd\" data-element_type=\"widget\" data-e-type=\"widget\" data-widget_type=\"heading.default\">\n\t\t\t\t<div class=\"elementor-widget-container\">\n\t\t\t\t\t<h1 class=\"elementor-heading-title elementor-size-default\">COMMENT SE RENDRE \u00c0 NOS COMPLEXES H\u00d4TELIERS<\/h1>\t\t\t\t<\/div>\n\t\t\t\t<\/div>\n\t\t\t\t<\/div>\n\t\t<div class=\"elementor-element elementor-element-7607496 e-flex e-con-boxed e-con e-parent\" data-id=\"7607496\" data-element_type=\"container\" data-e-type=\"container\">\n\t\t\t\t\t<div class=\"e-con-inner\">\n\t\t\t\t<div class=\"elementor-element elementor-element-d223924 elementor-widget elementor-widget-spacer\" data-id=\"d223924\" data-element_type=\"widget\" data-e-type=\"widget\" data-widget_type=\"spacer.default\">\n\t\t\t\t<div class=\"elementor-widget-container\">\n\t\t\t\t\t\t\t<div class=\"elementor-spacer\">\n\t\t\t<div class=\"elementor-spacer-inner\"><\/div>\n\t\t<\/div>\n\t\t\t\t\t\t<\/div>\n\t\t\t\t<\/div>\n\t\t\t\t<div class=\"elementor-element elementor-element-3965f13 elementor-widget elementor-widget-heading\" data-id=\"3965f13\" data-element_type=\"widget\" data-e-type=\"widget\" data-widget_type=\"heading.default\">\n\t\t\t\t<div class=\"elementor-widget-container\">\n\t\t\t\t\t<h1 class=\"elementor-heading-title elementor-size-default\">COMMENT SE RENDRE \u00c0 NOS COMPLEXES H\u00d4TELIERS<\/h1>\t\t\t\t<\/div>\n\t\t\t\t<\/div>\n\t\t\t\t<div class=\"elementor-element elementor-element-bb0aeca elementor-widget elementor-widget-image\" data-id=\"bb0aeca\" data-element_type=\"widget\" data-e-type=\"widget\" data-widget_type=\"image.default\">\n\t\t\t\t<div class=\"elementor-widget-container\">\n\t\t\t\t\t\t\t\t\t\t\t\t\t\t\t\t<a href=\"https:\/\/thebelizecollection.com\/wp-content\/uploads\/2025\/08\/TBC_Local-Map_FinalCRV_1400-x-800.jpg\" data-elementor-open-lightbox=\"yes\" data-elementor-lightbox-title=\"TBC_Local-Map_FinalCRV_1400-x-800\" data-e-action-hash=\"#elementor-action%3Aaction%3Dlightbox%26settings%3DeyJpZCI6NjI0ODEsInVybCI6Imh0dHBzOlwvXC90aGViZWxpemVjb2xsZWN0aW9uLmNvbVwvd3AtY29udGVudFwvdXBsb2Fkc1wvMjAyNVwvMDhcL1RCQ19Mb2NhbC1NYXBfRmluYWxDUlZfMTQwMC14LTgwMC5qcGcifQ%3D%3D\">\n\t\t\t\t\t\t\t<img fetchpriority=\"high\" decoding=\"async\" width=\"1400\" height=\"800\" src=\"https:\/\/thebelizecollection.com\/wp-content\/uploads\/2025\/08\/TBC_Local-Map_FinalCRV_1400-x-800.jpg\" class=\"attachment-full size-full wp-image-62481\" alt=\"\" srcset=\"https:\/\/thebelizecollection.com\/wp-content\/uploads\/2025\/08\/TBC_Local-Map_FinalCRV_1400-x-800.jpg 1400w, https:\/\/thebelizecollection.com\/wp-content\/uploads\/2025\/08\/TBC_Local-Map_FinalCRV_1400-x-800-300x171.jpg 300w, https:\/\/thebelizecollection.com\/wp-content\/uploads\/2025\/08\/TBC_Local-Map_FinalCRV_1400-x-800-1024x585.jpg 1024w, https:\/\/thebelizecollection.com\/wp-content\/uploads\/2025\/08\/TBC_Local-Map_FinalCRV_1400-x-800-768x439.jpg 768w, https:\/\/thebelizecollection.com\/wp-content\/uploads\/2025\/08\/TBC_Local-Map_FinalCRV_1400-x-800-500x286.jpg 500w, https:\/\/thebelizecollection.com\/wp-content\/uploads\/2025\/08\/TBC_Local-Map_FinalCRV_1400-x-800-800x457.jpg 800w, https:\/\/thebelizecollection.com\/wp-content\/uploads\/2025\/08\/TBC_Local-Map_FinalCRV_1400-x-800-1280x731.jpg 1280w\" sizes=\"(max-width: 1400px) 100vw, 1400px\" \/>\t\t\t\t\t\t\t\t<\/a>\n\t\t\t\t\t\t\t\t\t\t\t\t\t\t\t<\/div>\n\t\t\t\t<\/div>\n\t\t\t\t<div class=\"elementor-element elementor-element-45b9a38 elementor-widget elementor-widget-text-editor\" data-id=\"45b9a38\" data-element_type=\"widget\" data-e-type=\"widget\" data-widget_type=\"text-editor.default\">\n\t\t\t\t<div class=\"elementor-widget-container\">\n\t\t\t\t\t\t\t\t\t<div class=\"elementor-element elementor-element-3fd73d8 elementor-widget elementor-widget-text-editor\" data-id=\"3fd73d8\" data-element_type=\"widget\" data-widget_type=\"text-editor.default\"><div class=\"elementor-widget-container\"><div class=\"elementor-element elementor-element-3fd73d8 elementor-widget elementor-widget-text-editor\" data-id=\"3fd73d8\" data-element_type=\"widget\" data-widget_type=\"text-editor.default\"><div class=\"elementor-widget-container\"><p>Nous proposons des transferts routiers depuis l&#8217;a\u00e9roport jusqu&#8217;aux complexes h\u00f4teliers. Nous pouvons \u00e9galement vous aider \u00e0 r\u00e9server des vols int\u00e9rieurs \u00e0 destination et en provenance de The Lodge at Jaguar Reef, Almond Beach Resort et Umaya Resort &amp; Adventures. <\/p><p>Pour demander un devis et r\u00e9server votre transfert, envoyez un courriel \u00e0 <a href=\"mailto:reservations@thebelizecollection.com\">reservations@thebelizecollection.com<\/a>.<\/p><\/div><\/div><\/div><\/div>\t\t\t\t\t\t\t\t<\/div>\n\t\t\t\t<\/div>\n\t\t\t\t\t<\/div>\n\t\t\t\t<\/div>\n\t\t<div class=\"elementor-element elementor-element-c9cf76a e-flex e-con-boxed e-con e-parent\" data-id=\"c9cf76a\" data-element_type=\"container\" data-e-type=\"container\">\n\t\t\t\t\t<div class=\"e-con-inner\">\n\t\t\t\t<div class=\"elementor-element elementor-element-3d871de elementor-widget elementor-widget-heading\" data-id=\"3d871de\" data-element_type=\"widget\" data-e-type=\"widget\" data-widget_type=\"heading.default\">\n\t\t\t\t<div class=\"elementor-widget-container\">\n\t\t\t\t\t<h1 class=\"elementor-heading-title elementor-size-default\">DUR\u00c9ES DE TRANSFERT<\/h1>\t\t\t\t<\/div>\n\t\t\t\t<\/div>\n\t\t\t\t<div class=\"elementor-element elementor-element-35630c1 elementor-widget elementor-widget-text-editor\" data-id=\"35630c1\" data-element_type=\"widget\" data-e-type=\"widget\" data-widget_type=\"text-editor.default\">\n\t\t\t\t<div class=\"elementor-widget-container\">\n\t\t\t\t\t\t\t\t\t<table style=\"width: 100%; border-collapse: collapse; border: 1px solid #ccc; font-family: Arial, sans-serif;\"><thead style=\"background-color: #a8506e; color: white;\"><tr><th style=\"padding: 12px; border: 1px solid #ccc;\">Complexe h\u00f4telier<\/th><th style=\"padding: 12px; border: 1px solid #ccc;\">Transfert routier<\/th><th style=\"padding: 12px; border: 1px solid #ccc;\">Vol + transfert<\/th><th style=\"padding: 12px; border: 1px solid #ccc;\">Remarques<\/th><\/tr><\/thead><tbody><tr><td style=\"padding: 12px; border: 1px solid #ccc;\"><strong>The Rainforest Lodge at Sleeping Giant \/ The Banks Resort<\/strong><\/td><td style=\"padding: 12px; border: 1px solid #ccc;\">Environ 1 \u00e0 1,5 heure<\/td><td style=\"padding: 12px; border: 1px solid #ccc;\">Vol de 30 min vers SGL + 5 min de trajet<\/td><td style=\"padding: 12px; border: 1px solid #ccc;\">Le plus proche de BZE, transfert priv\u00e9 en h\u00e9licopt\u00e8re puis court transfert terrestre<\/td><\/tr><tr><td style=\"padding: 12px; border: 1px solid #ccc;\"><strong>The Lodge at Jaguar Reef \/ The Resort at Almond Beach<\/strong><\/td><td style=\"padding: 12px; border: 1px solid #ccc;\">Environ 2,5 \u00e0 3 heures<\/td><td style=\"padding: 12px; border: 1px solid #ccc;\">Vol de 15 \u00e0 20 min vers DGA + 30 \u00e0 40 min de trajet<\/td><td style=\"padding: 12px; border: 1px solid #ccc;\">Les vols atterrissent \u00e0 Dangriga, puis court transfert terrestre vers Hopkins<\/td><\/tr><tr><td style=\"padding: 12px; border: 1px solid #ccc;\"><strong>Umaya Resort &amp; Adventures (Placencia)<\/strong><\/td><td style=\"padding: 12px; border: 1px solid #ccc;\">Environ 3,5 \u00e0 4 heures<\/td><td style=\"padding: 12px; border: 1px solid #ccc;\">Vol de 35 min vers PLJ + 10 \u00e0 15 min de trajet<\/td><td style=\"padding: 12px; border: 1px solid #ccc;\">Les vols atterrissent \u00e0 Placencia ; l&#8217;option la plus courte pour les voyages longue distance<\/td><\/tr><\/tbody><\/table>\t\t\t\t\t\t\t\t<\/div>\n\t\t\t\t<\/div>\n\t\t\t\t<div class=\"elementor-element elementor-element-83f8951 elementor-widget elementor-widget-text-editor\" data-id=\"83f8951\" data-element_type=\"widget\" data-e-type=\"widget\" data-widget_type=\"text-editor.default\">\n\t\t\t\t<div class=\"elementor-widget-container\">\n\t\t\t\t\t\t\t\t\t<div class=\"elementor-element elementor-element-3fd73d8 elementor-widget elementor-widget-text-editor\" data-id=\"3fd73d8\" data-element_type=\"widget\" data-widget_type=\"text-editor.default\"><div class=\"elementor-widget-container\"><p><strong>BZE<\/strong> &#8211; A\u00e9roport international Philip S. W. Goldson (Belize City)<\/p><p><strong>SGL<\/strong> &#8211; H\u00e9liport de The Rainforest Lodge at Sleeping Giant<\/p><p><strong>DGA<\/strong> &#8211; Piste d&#8217;atterrissage de Dangriga<\/p><p><strong>PLJ<\/strong> &#8211; Piste d&#8217;atterrissage de Placencia<\/p><p><strong>Transfert routier<\/strong> &#8211; Transport terrestre assur\u00e9 par The Belize Collection<\/p><p><strong>Vol + transfert<\/strong> &#8211; Vol int\u00e9rieur depuis BZE vers la piste d&#8217;atterrissage la plus proche, suivi d&#8217;un transfert terrestre vers le complexe h\u00f4telier<\/p><p><em>*Veuillez noter que les transferts doivent \u00eatre r\u00e9serv\u00e9s au moins 48 heures avant votre arriv\u00e9e avec paiement.<\/em><\/p><\/div><\/div>\t\t\t\t\t\t\t\t<\/div>\n\t\t\t\t<\/div>\n\t\t\t\t\t<\/div>\n\t\t\t\t<\/div>\n\t\t<div class=\"elementor-element elementor-element-0c2f4da e-flex e-con-boxed e-con e-parent\" data-id=\"0c2f4da\" data-element_type=\"container\" data-e-type=\"container\">\n\t\t\t\t\t<div class=\"e-con-inner\">\n\t\t\t\t<div class=\"elementor-element elementor-element-72e0e8b elementor-widget elementor-widget-spacer\" data-id=\"72e0e8b\" data-element_type=\"widget\" data-e-type=\"widget\" data-widget_type=\"spacer.default\">\n\t\t\t\t<div class=\"elementor-widget-container\">\n\t\t\t\t\t\t\t<div class=\"elementor-spacer\">\n\t\t\t<div class=\"elementor-spacer-inner\"><\/div>\n\t\t<\/div>\n\t\t\t\t\t\t<\/div>\n\t\t\t\t<\/div>\n\t\t\t\t\t<\/div>\n\t\t\t\t<\/div>\n\t\t<div class=\"elementor-element elementor-element-42e1693 e-grid e-con-boxed e-con e-parent\" data-id=\"42e1693\" data-element_type=\"container\" data-e-type=\"container\">\n\t\t\t\t\t<div class=\"e-con-inner\">\n\t\t\t\t<div class=\"elementor-element elementor-element-b853239 elementor-align-center elementor-widget elementor-widget-button\" data-id=\"b853239\" data-element_type=\"widget\" data-e-type=\"widget\" data-widget_type=\"button.default\">\n\t\t\t\t<div class=\"elementor-widget-container\">\n\t\t\t\t\t\t\t\t\t<div class=\"elementor-button-wrapper\">\n\t\t\t\t\t<a class=\"elementor-button elementor-button-link elementor-size-sm\" href=\"https:\/\/thebelizecollection.com\/how-to-get-here\/\">\n\t\t\t\t\t\t<span class=\"elementor-button-content-wrapper\">\n\t\t\t\t\t\t\t\t\t<span class=\"elementor-button-text\">RETOUR \u00c0 NOTRE CARTE DES VOLS<\/span>\n\t\t\t\t\t<\/span>\n\t\t\t\t\t<\/a>\n\t\t\t\t<\/div>\n\t\t\t\t\t\t\t\t<\/div>\n\t\t\t\t<\/div>\n\t\t\t\t<div class=\"elementor-element elementor-element-6016deb elementor-align-center elementor-widget elementor-widget-button\" data-id=\"6016deb\" data-element_type=\"widget\" data-e-type=\"widget\" data-widget_type=\"button.default\">\n\t\t\t\t<div class=\"elementor-widget-container\">\n\t\t\t\t\t\t\t\t\t<div class=\"elementor-button-wrapper\">\n\t\t\t\t\t<a class=\"elementor-button elementor-button-link elementor-size-sm\" href=\"https:\/\/thebelizecollection.com\/astrum-helicopters\/\">\n\t\t\t\t\t\t<span class=\"elementor-button-content-wrapper\">\n\t\t\t\t\t\t\t\t\t<span class=\"elementor-button-text\">R\u00e9server un VOL EN H\u00c9LICOPT\u00c8RE PRIV\u00c9<\/span>\n\t\t\t\t\t<\/span>\n\t\t\t\t\t<\/a>\n\t\t\t\t<\/div>\n\t\t\t\t\t\t\t\t<\/div>\n\t\t\t\t<\/div>\n\t\t\t\t\t<\/div>\n\t\t\t\t<\/div>\n\t\t<div class=\"elementor-element elementor-element-c201606 e-flex e-con-boxed e-con e-parent\" data-id=\"c201606\" data-element_type=\"container\" data-e-type=\"container\">\n\t\t\t\t\t<div class=\"e-con-inner\">\n\t\t\t\t<div class=\"elementor-element elementor-element-38bd54a elementor-widget elementor-widget-spacer\" data-id=\"38bd54a\" data-element_type=\"widget\" data-e-type=\"widget\" data-widget_type=\"spacer.default\">\n\t\t\t\t<div class=\"elementor-widget-container\">\n\t\t\t\t\t\t\t<div class=\"elementor-spacer\">\n\t\t\t<div class=\"elementor-spacer-inner\"><\/div>\n\t\t<\/div>\n\t\t\t\t\t\t<\/div>\n\t\t\t\t<\/div>\n\t\t\t\t\t<\/div>\n\t\t\t\t<\/div>\n\t\t\t\t<\/div>\n\t\t","protected":false},"excerpt":{"rendered":"<p>COMMENT SE RENDRE \u00c0 NOS COMPLEXES H\u00d4TELIERS COMMENT SE RENDRE \u00c0 NOS COMPLEXES H\u00d4TELIERS Nous proposons des transferts routiers depuis l&#8217;a\u00e9roport jusqu&#8217;aux complexes h\u00f4teliers. Nous pouvons \u00e9galement vous aider \u00e0 r\u00e9server des vols int\u00e9rieurs \u00e0 destination et en provenance de The Lodge at Jaguar Reef, Almond Beach Resort et Umaya Resort &amp; Adventures. Pour demander [&hellip;]<\/p>\n","protected":false},"author":4,"featured_media":0,"parent":0,"menu_order":0,"comment_status":"closed","ping_status":"closed","template":"page-full-width.php","meta":{"_acf_changed":false,"_vp_format_video_url":"","_vp_image_focal_point":[],"footnotes":""},"categories":[],"tags":[],"class_list":["post-71634","page","type-page","status-publish","hentry"],"acf":[],"yoast_head":"<!-- This site is optimized with the Yoast SEO plugin v27.4 - https:\/\/yoast.com\/product\/yoast-seo-wordpress\/ -->\n<title>Comment se rendre \u00e0 nos complexes h\u00f4teliers - The Belize Collection<\/title>\n<meta name=\"robots\" content=\"index, follow, max-snippet:-1, max-image-preview:large, max-video-preview:-1\" \/>\n<link rel=\"canonical\" href=\"https:\/\/thebelizecollection.com\/fr\/comment-se-rendre-a-nos-complexes-hoteliers\/\" \/>\n<meta property=\"og:locale\" content=\"fr_FR\" \/>\n<meta property=\"og:type\" content=\"article\" \/>\n<meta property=\"og:title\" content=\"Comment se rendre \u00e0 nos complexes h\u00f4teliers - The Belize Collection\" \/>\n<meta property=\"og:description\" content=\"COMMENT SE RENDRE \u00c0 NOS COMPLEXES H\u00d4TELIERS COMMENT SE RENDRE \u00c0 NOS COMPLEXES H\u00d4TELIERS Nous proposons des transferts routiers depuis l&#8217;a\u00e9roport jusqu&#8217;aux complexes h\u00f4teliers. Nous pouvons \u00e9galement vous aider \u00e0 r\u00e9server des vols int\u00e9rieurs \u00e0 destination et en provenance de The Lodge at Jaguar Reef, Almond Beach Resort et Umaya Resort &amp; Adventures. Pour demander [&hellip;]\" \/>\n<meta property=\"og:url\" content=\"https:\/\/thebelizecollection.com\/fr\/comment-se-rendre-a-nos-complexes-hoteliers\/\" \/>\n<meta property=\"og:site_name\" content=\"The Belize Collection\" \/>\n<meta property=\"article:modified_time\" content=\"2026-04-02T16:50:38+00:00\" \/>\n<meta property=\"og:image\" content=\"https:\/\/thebelizecollection.com\/wp-content\/uploads\/2025\/08\/TBC_Local-Map_FinalCRV_1400-x-800.jpg\" \/>\n\t<meta property=\"og:image:width\" content=\"1400\" \/>\n\t<meta property=\"og:image:height\" content=\"800\" \/>\n\t<meta property=\"og:image:type\" content=\"image\/jpeg\" \/>\n<meta name=\"twitter:card\" content=\"summary_large_image\" \/>\n<meta name=\"twitter:label1\" content=\"Dur\u00e9e de lecture estim\u00e9e\" \/>\n\t<meta name=\"twitter:data1\" content=\"1 minute\" \/>\n<script type=\"application\/ld+json\" class=\"yoast-schema-graph\">{\"@context\":\"https:\\\/\\\/schema.org\",\"@graph\":[{\"@type\":\"WebPage\",\"@id\":\"https:\\\/\\\/thebelizecollection.com\\\/fr\\\/comment-se-rendre-a-nos-complexes-hoteliers\\\/\",\"url\":\"https:\\\/\\\/thebelizecollection.com\\\/fr\\\/comment-se-rendre-a-nos-complexes-hoteliers\\\/\",\"name\":\"Comment se rendre \u00e0 nos complexes h\u00f4teliers - The Belize Collection\",\"isPartOf\":{\"@id\":\"https:\\\/\\\/thebelizecollection.com\\\/fr\\\/#website\"},\"primaryImageOfPage\":{\"@id\":\"https:\\\/\\\/thebelizecollection.com\\\/fr\\\/comment-se-rendre-a-nos-complexes-hoteliers\\\/#primaryimage\"},\"image\":{\"@id\":\"https:\\\/\\\/thebelizecollection.com\\\/fr\\\/comment-se-rendre-a-nos-complexes-hoteliers\\\/#primaryimage\"},\"thumbnailUrl\":\"https:\\\/\\\/thebelizecollection.com\\\/wp-content\\\/uploads\\\/2025\\\/08\\\/TBC_Local-Map_FinalCRV_1400-x-800.jpg\",\"datePublished\":\"2025-10-21T17:11:59+00:00\",\"dateModified\":\"2026-04-02T16:50:38+00:00\",\"breadcrumb\":{\"@id\":\"https:\\\/\\\/thebelizecollection.com\\\/fr\\\/comment-se-rendre-a-nos-complexes-hoteliers\\\/#breadcrumb\"},\"inLanguage\":\"fr-FR\",\"potentialAction\":[{\"@type\":\"ReadAction\",\"target\":[\"https:\\\/\\\/thebelizecollection.com\\\/fr\\\/comment-se-rendre-a-nos-complexes-hoteliers\\\/\"]}]},{\"@type\":\"ImageObject\",\"inLanguage\":\"fr-FR\",\"@id\":\"https:\\\/\\\/thebelizecollection.com\\\/fr\\\/comment-se-rendre-a-nos-complexes-hoteliers\\\/#primaryimage\",\"url\":\"https:\\\/\\\/thebelizecollection.com\\\/wp-content\\\/uploads\\\/2025\\\/08\\\/TBC_Local-Map_FinalCRV_1400-x-800.jpg\",\"contentUrl\":\"https:\\\/\\\/thebelizecollection.com\\\/wp-content\\\/uploads\\\/2025\\\/08\\\/TBC_Local-Map_FinalCRV_1400-x-800.jpg\"},{\"@type\":\"BreadcrumbList\",\"@id\":\"https:\\\/\\\/thebelizecollection.com\\\/fr\\\/comment-se-rendre-a-nos-complexes-hoteliers\\\/#breadcrumb\",\"itemListElement\":[{\"@type\":\"ListItem\",\"position\":1,\"name\":\"Home\",\"item\":\"https:\\\/\\\/thebelizecollection.com\\\/fr\\\/the-belize-collection-2\\\/\"},{\"@type\":\"ListItem\",\"position\":2,\"name\":\"Comment se rendre \u00e0 nos complexes h\u00f4teliers\"}]},{\"@type\":\"WebSite\",\"@id\":\"https:\\\/\\\/thebelizecollection.com\\\/fr\\\/#website\",\"url\":\"https:\\\/\\\/thebelizecollection.com\\\/fr\\\/\",\"name\":\"The Belize Collection\",\"description\":\"Everything Belize\",\"potentialAction\":[{\"@type\":\"SearchAction\",\"target\":{\"@type\":\"EntryPoint\",\"urlTemplate\":\"https:\\\/\\\/thebelizecollection.com\\\/fr\\\/?s={search_term_string}\"},\"query-input\":{\"@type\":\"PropertyValueSpecification\",\"valueRequired\":true,\"valueName\":\"search_term_string\"}}],\"inLanguage\":\"fr-FR\"}]}<\/script>\n<!-- \/ Yoast SEO plugin. -->","yoast_head_json":{"title":"Comment se rendre \u00e0 nos complexes h\u00f4teliers - The Belize Collection","robots":{"index":"index","follow":"follow","max-snippet":"max-snippet:-1","max-image-preview":"max-image-preview:large","max-video-preview":"max-video-preview:-1"},"canonical":"https:\/\/thebelizecollection.com\/fr\/comment-se-rendre-a-nos-complexes-hoteliers\/","og_locale":"fr_FR","og_type":"article","og_title":"Comment se rendre \u00e0 nos complexes h\u00f4teliers - The Belize Collection","og_description":"COMMENT SE RENDRE \u00c0 NOS COMPLEXES H\u00d4TELIERS COMMENT SE RENDRE \u00c0 NOS COMPLEXES H\u00d4TELIERS Nous proposons des transferts routiers depuis l&#8217;a\u00e9roport jusqu&#8217;aux complexes h\u00f4teliers. Nous pouvons \u00e9galement vous aider \u00e0 r\u00e9server des vols int\u00e9rieurs \u00e0 destination et en provenance de The Lodge at Jaguar Reef, Almond Beach Resort et Umaya Resort &amp; Adventures. Pour demander [&hellip;]","og_url":"https:\/\/thebelizecollection.com\/fr\/comment-se-rendre-a-nos-complexes-hoteliers\/","og_site_name":"The Belize Collection","article_modified_time":"2026-04-02T16:50:38+00:00","og_image":[{"width":1400,"height":800,"url":"https:\/\/thebelizecollection.com\/wp-content\/uploads\/2025\/08\/TBC_Local-Map_FinalCRV_1400-x-800.jpg","type":"image\/jpeg"}],"twitter_card":"summary_large_image","twitter_misc":{"Dur\u00e9e de lecture estim\u00e9e":"1 minute"},"schema":{"@context":"https:\/\/schema.org","@graph":[{"@type":"WebPage","@id":"https:\/\/thebelizecollection.com\/fr\/comment-se-rendre-a-nos-complexes-hoteliers\/","url":"https:\/\/thebelizecollection.com\/fr\/comment-se-rendre-a-nos-complexes-hoteliers\/","name":"Comment se rendre \u00e0 nos complexes h\u00f4teliers - The Belize Collection","isPartOf":{"@id":"https:\/\/thebelizecollection.com\/fr\/#website"},"primaryImageOfPage":{"@id":"https:\/\/thebelizecollection.com\/fr\/comment-se-rendre-a-nos-complexes-hoteliers\/#primaryimage"},"image":{"@id":"https:\/\/thebelizecollection.com\/fr\/comment-se-rendre-a-nos-complexes-hoteliers\/#primaryimage"},"thumbnailUrl":"https:\/\/thebelizecollection.com\/wp-content\/uploads\/2025\/08\/TBC_Local-Map_FinalCRV_1400-x-800.jpg","datePublished":"2025-10-21T17:11:59+00:00","dateModified":"2026-04-02T16:50:38+00:00","breadcrumb":{"@id":"https:\/\/thebelizecollection.com\/fr\/comment-se-rendre-a-nos-complexes-hoteliers\/#breadcrumb"},"inLanguage":"fr-FR","potentialAction":[{"@type":"ReadAction","target":["https:\/\/thebelizecollection.com\/fr\/comment-se-rendre-a-nos-complexes-hoteliers\/"]}]},{"@type":"ImageObject","inLanguage":"fr-FR","@id":"https:\/\/thebelizecollection.com\/fr\/comment-se-rendre-a-nos-complexes-hoteliers\/#primaryimage","url":"https:\/\/thebelizecollection.com\/wp-content\/uploads\/2025\/08\/TBC_Local-Map_FinalCRV_1400-x-800.jpg","contentUrl":"https:\/\/thebelizecollection.com\/wp-content\/uploads\/2025\/08\/TBC_Local-Map_FinalCRV_1400-x-800.jpg"},{"@type":"BreadcrumbList","@id":"https:\/\/thebelizecollection.com\/fr\/comment-se-rendre-a-nos-complexes-hoteliers\/#breadcrumb","itemListElement":[{"@type":"ListItem","position":1,"name":"Home","item":"https:\/\/thebelizecollection.com\/fr\/the-belize-collection-2\/"},{"@type":"ListItem","position":2,"name":"Comment se rendre \u00e0 nos complexes h\u00f4teliers"}]},{"@type":"WebSite","@id":"https:\/\/thebelizecollection.com\/fr\/#website","url":"https:\/\/thebelizecollection.com\/fr\/","name":"The Belize Collection","description":"Everything Belize","potentialAction":[{"@type":"SearchAction","target":{"@type":"EntryPoint","urlTemplate":"https:\/\/thebelizecollection.com\/fr\/?s={search_term_string}"},"query-input":{"@type":"PropertyValueSpecification","valueRequired":true,"valueName":"search_term_string"}}],"inLanguage":"fr-FR"}]}},"jetpack_sharing_enabled":true,"_links":{"self":[{"href":"https:\/\/thebelizecollection.com\/fr\/wp-json\/wp\/v2\/pages\/71634","targetHints":{"allow":["GET"]}}],"collection":[{"href":"https:\/\/thebelizecollection.com\/fr\/wp-json\/wp\/v2\/pages"}],"about":[{"href":"https:\/\/thebelizecollection.com\/fr\/wp-json\/wp\/v2\/types\/page"}],"author":[{"embeddable":true,"href":"https:\/\/thebelizecollection.com\/fr\/wp-json\/wp\/v2\/users\/4"}],"replies":[{"embeddable":true,"href":"https:\/\/thebelizecollection.com\/fr\/wp-json\/wp\/v2\/comments?post=71634"}],"version-history":[{"count":1,"href":"https:\/\/thebelizecollection.com\/fr\/wp-json\/wp\/v2\/pages\/71634\/revisions"}],"predecessor-version":[{"id":71636,"href":"https:\/\/thebelizecollection.com\/fr\/wp-json\/wp\/v2\/pages\/71634\/revisions\/71636"}],"wp:attachment":[{"href":"https:\/\/thebelizecollection.com\/fr\/wp-json\/wp\/v2\/media?parent=71634"}],"wp:term":[{"taxonomy":"category","embeddable":true,"href":"https:\/\/thebelizecollection.com\/fr\/wp-json\/wp\/v2\/categories?post=71634"},{"taxonomy":"post_tag","embeddable":true,"href":"https:\/\/thebelizecollection.com\/fr\/wp-json\/wp\/v2\/tags?post=71634"}],"curies":[{"name":"wp","href":"https:\/\/api.w.org\/{rel}","templated":true}]}}