{"id":71682,"date":"2025-10-14T12:27:49","date_gmt":"2025-10-14T18:27:49","guid":{"rendered":"https:\/\/thebelizecollection.com\/bar-a-tacos-dia-de-muertos\/"},"modified":"2026-04-02T11:06:42","modified_gmt":"2026-04-02T17:06:42","slug":"bar-a-tacos-dia-de-muertos","status":"publish","type":"page","link":"https:\/\/thebelizecollection.com\/fr\/bar-a-tacos-dia-de-muertos\/","title":{"rendered":"Bar \u00e0 tacos D\u00eda de Muertos"},"content":{"rendered":"\t\t<div data-elementor-type=\"wp-page\" data-elementor-id=\"71682\" class=\"elementor elementor-71682 elementor-63991\" data-elementor-post-type=\"page\">\n\t\t\t\t<div class=\"elementor-element elementor-element-34e02c1 e-con-full e-flex e-con e-parent\" data-id=\"34e02c1\" data-element_type=\"container\" data-e-type=\"container\" data-settings=\"{&quot;background_background&quot;:&quot;classic&quot;}\">\n\t\t\t\t<\/div>\n\t\t<div class=\"elementor-element elementor-element-75aa95e e-flex e-con-boxed e-con e-parent\" data-id=\"75aa95e\" data-element_type=\"container\" data-e-type=\"container\">\n\t\t\t\t\t<div class=\"e-con-inner\">\n\t\t\t\t<div class=\"elementor-element elementor-element-5fdb01c elementor-widget elementor-widget-spacer\" data-id=\"5fdb01c\" data-element_type=\"widget\" data-e-type=\"widget\" data-widget_type=\"spacer.default\">\n\t\t\t\t<div class=\"elementor-widget-container\">\n\t\t\t\t\t\t\t<div class=\"elementor-spacer\">\n\t\t\t<div class=\"elementor-spacer-inner\"><\/div>\n\t\t<\/div>\n\t\t\t\t\t\t<\/div>\n\t\t\t\t<\/div>\n\t\t\t\t\t<\/div>\n\t\t\t\t<\/div>\n\t\t<div class=\"elementor-element elementor-element-e048493 e-flex e-con-boxed e-con e-parent\" data-id=\"e048493\" data-element_type=\"container\" data-e-type=\"container\">\n\t\t\t\t\t<div class=\"e-con-inner\">\n\t\t<div class=\"elementor-element elementor-element-e606d7b e-con-full e-flex e-con e-child\" data-id=\"e606d7b\" data-element_type=\"container\" data-e-type=\"container\">\n\t\t\t\t<div class=\"elementor-element elementor-element-35606e6 elementor-widget elementor-widget-heading\" data-id=\"35606e6\" data-element_type=\"widget\" data-e-type=\"widget\" data-widget_type=\"heading.default\">\n\t\t\t\t<div class=\"elementor-widget-container\">\n\t\t\t\t\t<h1 class=\"elementor-heading-title elementor-size-default\">D\u00eda de Muertos au Grove House<\/h1>\t\t\t\t<\/div>\n\t\t\t\t<\/div>\n\t\t\t\t<div class=\"elementor-element elementor-element-4c6b0b3 elementor-widget elementor-widget-text-editor\" data-id=\"4c6b0b3\" data-element_type=\"widget\" data-e-type=\"widget\" data-widget_type=\"text-editor.default\">\n\t\t\t\t<div class=\"elementor-widget-container\">\n\t\t\t\t\t\t\t\t\t<p>Venez c\u00e9l\u00e9brer le D\u00eda de Muertos au Rainforest Lodge at Sleeping Giant avec notre bar \u00e0 tacos festif. Savourez de d\u00e9licieuses saveurs authentiques, impr\u00e9gnez-vous de l\u2019atmosph\u00e8re color\u00e9e et anim\u00e9e, et profitez d\u2019une soir\u00e9e conviviale en l\u2019honneur de cette tradition si particuli\u00e8re. Venez avec vos amis et votre famille pour une soir\u00e9e pleine de saveurs, de plaisir et de c\u00e9l\u00e9bration.  <\/p>\t\t\t\t\t\t\t\t<\/div>\n\t\t\t\t<\/div>\n\t\t\t\t<div class=\"elementor-element elementor-element-a60223b elementor-widget elementor-widget-text-editor\" data-id=\"a60223b\" data-element_type=\"widget\" data-e-type=\"widget\" data-widget_type=\"text-editor.default\">\n\t\t\t\t<div class=\"elementor-widget-container\">\n\t\t\t\t\t\t\t\t\t<p><strong>Lieu :<\/strong> The Grove House at Sleeping Giant<\/p><p><strong>Date :<\/strong> 1er novembre 2025<\/p><p><strong>Heure :<\/strong> de 18h00 \u00e0 21h00<\/p><p><strong>Frais d\u2019entr\u00e9e : <\/strong>75 $ BZD par personne + taxes <\/p>\t\t\t\t\t\t\t\t<\/div>\n\t\t\t\t<\/div>\n\t\t\t\t<div class=\"elementor-element elementor-element-25afa3f elementor-widget elementor-widget-heading\" data-id=\"25afa3f\" data-element_type=\"widget\" data-e-type=\"widget\" data-widget_type=\"heading.default\">\n\t\t\t\t<div class=\"elementor-widget-container\">\n\t\t\t\t\t<h1 class=\"elementor-heading-title elementor-size-default\">Temps forts de l\u2019\u00e9v\u00e9nement<\/h1>\t\t\t\t<\/div>\n\t\t\t\t<\/div>\n\t\t\t\t<div class=\"elementor-element elementor-element-6caafd2 elementor-widget elementor-widget-text-editor\" data-id=\"6caafd2\" data-element_type=\"widget\" data-e-type=\"widget\" data-widget_type=\"text-editor.default\">\n\t\t\t\t<div class=\"elementor-widget-container\">\n\t\t\t\t\t\t\t\t\t<ul><li>Station de tacos<\/li><li>Groupe de marimba en direct<\/li><\/ul>\t\t\t\t\t\t\t\t<\/div>\n\t\t\t\t<\/div>\n\t\t\t\t<div class=\"elementor-element elementor-element-2db15f8 elementor-widget elementor-widget-button\" data-id=\"2db15f8\" data-element_type=\"widget\" data-e-type=\"widget\" data-widget_type=\"button.default\">\n\t\t\t\t<div class=\"elementor-widget-container\">\n\t\t\t\t\t\t\t\t\t<div class=\"elementor-button-wrapper\">\n\t\t\t\t\t<a class=\"elementor-button elementor-button-link elementor-size-sm\" href=\"tel:+501-610-4333\">\n\t\t\t\t\t\t<span class=\"elementor-button-content-wrapper\">\n\t\t\t\t\t\t\t\t\t<span class=\"elementor-button-text\">Cliquez ici pour confirmer votre pr\u00e9sence<\/span>\n\t\t\t\t\t<\/span>\n\t\t\t\t\t<\/a>\n\t\t\t\t<\/div>\n\t\t\t\t\t\t\t\t<\/div>\n\t\t\t\t<\/div>\n\t\t\t\t<\/div>\n\t\t<div class=\"elementor-element elementor-element-d99112a e-con-full e-flex e-con e-child\" data-id=\"d99112a\" data-element_type=\"container\" data-e-type=\"container\" data-settings=\"{&quot;background_background&quot;:&quot;classic&quot;}\">\n\t\t\t\t<\/div>\n\t\t\t\t\t<\/div>\n\t\t\t\t<\/div>\n\t\t<div class=\"elementor-element elementor-element-5028e96 e-flex e-con-boxed e-con e-parent\" data-id=\"5028e96\" data-element_type=\"container\" data-e-type=\"container\">\n\t\t\t\t\t<div class=\"e-con-inner\">\n\t\t\t\t<div class=\"elementor-element elementor-element-b0127b3 elementor-widget elementor-widget-spacer\" data-id=\"b0127b3\" data-element_type=\"widget\" data-e-type=\"widget\" data-widget_type=\"spacer.default\">\n\t\t\t\t<div class=\"elementor-widget-container\">\n\t\t\t\t\t\t\t<div class=\"elementor-spacer\">\n\t\t\t<div class=\"elementor-spacer-inner\"><\/div>\n\t\t<\/div>\n\t\t\t\t\t\t<\/div>\n\t\t\t\t<\/div>\n\t\t\t\t\t<\/div>\n\t\t\t\t<\/div>\n\t\t\t\t<\/div>\n\t\t","protected":false},"excerpt":{"rendered":"<p>D\u00eda de Muertos au Grove House Venez c\u00e9l\u00e9brer le D\u00eda de Muertos au Rainforest Lodge at Sleeping Giant avec notre bar \u00e0 tacos festif. Savourez de d\u00e9licieuses saveurs authentiques, impr\u00e9gnez-vous de l\u2019atmosph\u00e8re color\u00e9e et anim\u00e9e, et profitez d\u2019une soir\u00e9e conviviale en l\u2019honneur de cette tradition si particuli\u00e8re. Venez avec vos amis et votre famille pour [&hellip;]<\/p>\n","protected":false},"author":4,"featured_media":71694,"parent":0,"menu_order":0,"comment_status":"closed","ping_status":"closed","template":"page-full-width.php","meta":{"_acf_changed":false,"_vp_format_video_url":"","_vp_image_focal_point":[],"footnotes":""},"categories":[206],"tags":[],"class_list":["post-71682","page","type-page","status-publish","has-post-thumbnail","hentry","category-rassemblement-tbc"],"acf":[],"yoast_head":"<!-- This site is optimized with the Yoast SEO plugin v27.4 - https:\/\/yoast.com\/product\/yoast-seo-wordpress\/ -->\n<title>Bar \u00e0 tacos D\u00eda de Muertos - The Belize Collection<\/title>\n<meta name=\"robots\" content=\"index, follow, max-snippet:-1, max-image-preview:large, max-video-preview:-1\" \/>\n<link rel=\"canonical\" href=\"https:\/\/thebelizecollection.com\/fr\/bar-a-tacos-dia-de-muertos\/\" \/>\n<meta property=\"og:locale\" content=\"fr_FR\" \/>\n<meta property=\"og:type\" content=\"article\" \/>\n<meta property=\"og:title\" content=\"Bar \u00e0 tacos D\u00eda de Muertos - The Belize Collection\" \/>\n<meta property=\"og:description\" content=\"D\u00eda de Muertos au Grove House Venez c\u00e9l\u00e9brer le D\u00eda de Muertos au Rainforest Lodge at Sleeping Giant avec notre bar \u00e0 tacos festif. Savourez de d\u00e9licieuses saveurs authentiques, impr\u00e9gnez-vous de l\u2019atmosph\u00e8re color\u00e9e et anim\u00e9e, et profitez d\u2019une soir\u00e9e conviviale en l\u2019honneur de cette tradition si particuli\u00e8re. Venez avec vos amis et votre famille pour [&hellip;]\" \/>\n<meta property=\"og:url\" content=\"https:\/\/thebelizecollection.com\/fr\/bar-a-tacos-dia-de-muertos\/\" \/>\n<meta property=\"og:site_name\" content=\"The Belize Collection\" \/>\n<meta property=\"article:modified_time\" content=\"2026-04-02T17:06:42+00:00\" \/>\n<meta property=\"og:image\" content=\"https:\/\/thebelizecollection.com\/wp-content\/uploads\/2025\/10\/Grove-House-Dia-de-Muertos-7-1.png\" \/>\n\t<meta property=\"og:image:width\" content=\"2048\" \/>\n\t<meta property=\"og:image:height\" content=\"1365\" \/>\n\t<meta property=\"og:image:type\" content=\"image\/png\" \/>\n<meta name=\"twitter:card\" content=\"summary_large_image\" \/>\n<meta name=\"twitter:label1\" content=\"Dur\u00e9e de lecture estim\u00e9e\" \/>\n\t<meta name=\"twitter:data1\" content=\"1 minute\" \/>\n<script type=\"application\/ld+json\" class=\"yoast-schema-graph\">{\"@context\":\"https:\\\/\\\/schema.org\",\"@graph\":[{\"@type\":\"WebPage\",\"@id\":\"https:\\\/\\\/thebelizecollection.com\\\/fr\\\/bar-a-tacos-dia-de-muertos\\\/\",\"url\":\"https:\\\/\\\/thebelizecollection.com\\\/fr\\\/bar-a-tacos-dia-de-muertos\\\/\",\"name\":\"Bar \u00e0 tacos D\u00eda de Muertos - The Belize Collection\",\"isPartOf\":{\"@id\":\"https:\\\/\\\/thebelizecollection.com\\\/fr\\\/#website\"},\"primaryImageOfPage\":{\"@id\":\"https:\\\/\\\/thebelizecollection.com\\\/fr\\\/bar-a-tacos-dia-de-muertos\\\/#primaryimage\"},\"image\":{\"@id\":\"https:\\\/\\\/thebelizecollection.com\\\/fr\\\/bar-a-tacos-dia-de-muertos\\\/#primaryimage\"},\"thumbnailUrl\":\"https:\\\/\\\/thebelizecollection.com\\\/wp-content\\\/uploads\\\/2025\\\/10\\\/Grove-House-Dia-de-Muertos-7-1.png\",\"datePublished\":\"2025-10-14T18:27:49+00:00\",\"dateModified\":\"2026-04-02T17:06:42+00:00\",\"breadcrumb\":{\"@id\":\"https:\\\/\\\/thebelizecollection.com\\\/fr\\\/bar-a-tacos-dia-de-muertos\\\/#breadcrumb\"},\"inLanguage\":\"fr-FR\",\"potentialAction\":[{\"@type\":\"ReadAction\",\"target\":[\"https:\\\/\\\/thebelizecollection.com\\\/fr\\\/bar-a-tacos-dia-de-muertos\\\/\"]}]},{\"@type\":\"ImageObject\",\"inLanguage\":\"fr-FR\",\"@id\":\"https:\\\/\\\/thebelizecollection.com\\\/fr\\\/bar-a-tacos-dia-de-muertos\\\/#primaryimage\",\"url\":\"https:\\\/\\\/thebelizecollection.com\\\/wp-content\\\/uploads\\\/2025\\\/10\\\/Grove-House-Dia-de-Muertos-7-1.png\",\"contentUrl\":\"https:\\\/\\\/thebelizecollection.com\\\/wp-content\\\/uploads\\\/2025\\\/10\\\/Grove-House-Dia-de-Muertos-7-1.png\",\"width\":2048,\"height\":1365},{\"@type\":\"BreadcrumbList\",\"@id\":\"https:\\\/\\\/thebelizecollection.com\\\/fr\\\/bar-a-tacos-dia-de-muertos\\\/#breadcrumb\",\"itemListElement\":[{\"@type\":\"ListItem\",\"position\":1,\"name\":\"Home\",\"item\":\"https:\\\/\\\/thebelizecollection.com\\\/fr\\\/the-belize-collection-2\\\/\"},{\"@type\":\"ListItem\",\"position\":2,\"name\":\"Bar \u00e0 tacos D\u00eda de Muertos\"}]},{\"@type\":\"WebSite\",\"@id\":\"https:\\\/\\\/thebelizecollection.com\\\/fr\\\/#website\",\"url\":\"https:\\\/\\\/thebelizecollection.com\\\/fr\\\/\",\"name\":\"The Belize Collection\",\"description\":\"Everything Belize\",\"potentialAction\":[{\"@type\":\"SearchAction\",\"target\":{\"@type\":\"EntryPoint\",\"urlTemplate\":\"https:\\\/\\\/thebelizecollection.com\\\/fr\\\/?s={search_term_string}\"},\"query-input\":{\"@type\":\"PropertyValueSpecification\",\"valueRequired\":true,\"valueName\":\"search_term_string\"}}],\"inLanguage\":\"fr-FR\"}]}<\/script>\n<!-- \/ Yoast SEO plugin. -->","yoast_head_json":{"title":"Bar \u00e0 tacos D\u00eda de Muertos - The Belize Collection","robots":{"index":"index","follow":"follow","max-snippet":"max-snippet:-1","max-image-preview":"max-image-preview:large","max-video-preview":"max-video-preview:-1"},"canonical":"https:\/\/thebelizecollection.com\/fr\/bar-a-tacos-dia-de-muertos\/","og_locale":"fr_FR","og_type":"article","og_title":"Bar \u00e0 tacos D\u00eda de Muertos - The Belize Collection","og_description":"D\u00eda de Muertos au Grove House Venez c\u00e9l\u00e9brer le D\u00eda de Muertos au Rainforest Lodge at Sleeping Giant avec notre bar \u00e0 tacos festif. Savourez de d\u00e9licieuses saveurs authentiques, impr\u00e9gnez-vous de l\u2019atmosph\u00e8re color\u00e9e et anim\u00e9e, et profitez d\u2019une soir\u00e9e conviviale en l\u2019honneur de cette tradition si particuli\u00e8re. Venez avec vos amis et votre famille pour [&hellip;]","og_url":"https:\/\/thebelizecollection.com\/fr\/bar-a-tacos-dia-de-muertos\/","og_site_name":"The Belize Collection","article_modified_time":"2026-04-02T17:06:42+00:00","og_image":[{"width":2048,"height":1365,"url":"https:\/\/thebelizecollection.com\/wp-content\/uploads\/2025\/10\/Grove-House-Dia-de-Muertos-7-1.png","type":"image\/png"}],"twitter_card":"summary_large_image","twitter_misc":{"Dur\u00e9e de lecture estim\u00e9e":"1 minute"},"schema":{"@context":"https:\/\/schema.org","@graph":[{"@type":"WebPage","@id":"https:\/\/thebelizecollection.com\/fr\/bar-a-tacos-dia-de-muertos\/","url":"https:\/\/thebelizecollection.com\/fr\/bar-a-tacos-dia-de-muertos\/","name":"Bar \u00e0 tacos D\u00eda de Muertos - The Belize Collection","isPartOf":{"@id":"https:\/\/thebelizecollection.com\/fr\/#website"},"primaryImageOfPage":{"@id":"https:\/\/thebelizecollection.com\/fr\/bar-a-tacos-dia-de-muertos\/#primaryimage"},"image":{"@id":"https:\/\/thebelizecollection.com\/fr\/bar-a-tacos-dia-de-muertos\/#primaryimage"},"thumbnailUrl":"https:\/\/thebelizecollection.com\/wp-content\/uploads\/2025\/10\/Grove-House-Dia-de-Muertos-7-1.png","datePublished":"2025-10-14T18:27:49+00:00","dateModified":"2026-04-02T17:06:42+00:00","breadcrumb":{"@id":"https:\/\/thebelizecollection.com\/fr\/bar-a-tacos-dia-de-muertos\/#breadcrumb"},"inLanguage":"fr-FR","potentialAction":[{"@type":"ReadAction","target":["https:\/\/thebelizecollection.com\/fr\/bar-a-tacos-dia-de-muertos\/"]}]},{"@type":"ImageObject","inLanguage":"fr-FR","@id":"https:\/\/thebelizecollection.com\/fr\/bar-a-tacos-dia-de-muertos\/#primaryimage","url":"https:\/\/thebelizecollection.com\/wp-content\/uploads\/2025\/10\/Grove-House-Dia-de-Muertos-7-1.png","contentUrl":"https:\/\/thebelizecollection.com\/wp-content\/uploads\/2025\/10\/Grove-House-Dia-de-Muertos-7-1.png","width":2048,"height":1365},{"@type":"BreadcrumbList","@id":"https:\/\/thebelizecollection.com\/fr\/bar-a-tacos-dia-de-muertos\/#breadcrumb","itemListElement":[{"@type":"ListItem","position":1,"name":"Home","item":"https:\/\/thebelizecollection.com\/fr\/the-belize-collection-2\/"},{"@type":"ListItem","position":2,"name":"Bar \u00e0 tacos D\u00eda de Muertos"}]},{"@type":"WebSite","@id":"https:\/\/thebelizecollection.com\/fr\/#website","url":"https:\/\/thebelizecollection.com\/fr\/","name":"The Belize Collection","description":"Everything Belize","potentialAction":[{"@type":"SearchAction","target":{"@type":"EntryPoint","urlTemplate":"https:\/\/thebelizecollection.com\/fr\/?s={search_term_string}"},"query-input":{"@type":"PropertyValueSpecification","valueRequired":true,"valueName":"search_term_string"}}],"inLanguage":"fr-FR"}]}},"jetpack_sharing_enabled":true,"_links":{"self":[{"href":"https:\/\/thebelizecollection.com\/fr\/wp-json\/wp\/v2\/pages\/71682","targetHints":{"allow":["GET"]}}],"collection":[{"href":"https:\/\/thebelizecollection.com\/fr\/wp-json\/wp\/v2\/pages"}],"about":[{"href":"https:\/\/thebelizecollection.com\/fr\/wp-json\/wp\/v2\/types\/page"}],"author":[{"embeddable":true,"href":"https:\/\/thebelizecollection.com\/fr\/wp-json\/wp\/v2\/users\/4"}],"replies":[{"embeddable":true,"href":"https:\/\/thebelizecollection.com\/fr\/wp-json\/wp\/v2\/comments?post=71682"}],"version-history":[{"count":2,"href":"https:\/\/thebelizecollection.com\/fr\/wp-json\/wp\/v2\/pages\/71682\/revisions"}],"predecessor-version":[{"id":71713,"href":"https:\/\/thebelizecollection.com\/fr\/wp-json\/wp\/v2\/pages\/71682\/revisions\/71713"}],"wp:featuredmedia":[{"embeddable":true,"href":"https:\/\/thebelizecollection.com\/fr\/wp-json\/wp\/v2\/media\/71694"}],"wp:attachment":[{"href":"https:\/\/thebelizecollection.com\/fr\/wp-json\/wp\/v2\/media?parent=71682"}],"wp:term":[{"taxonomy":"category","embeddable":true,"href":"https:\/\/thebelizecollection.com\/fr\/wp-json\/wp\/v2\/categories?post=71682"},{"taxonomy":"post_tag","embeddable":true,"href":"https:\/\/thebelizecollection.com\/fr\/wp-json\/wp\/v2\/tags?post=71682"}],"curies":[{"name":"wp","href":"https:\/\/api.w.org\/{rel}","templated":true}]}}