{"id":71717,"date":"2025-10-27T11:11:01","date_gmt":"2025-10-27T17:11:01","guid":{"rendered":"https:\/\/thebelizecollection.com\/transferts-prives-avec-astrum-helicopters\/"},"modified":"2026-04-02T11:10:35","modified_gmt":"2026-04-02T17:10:35","slug":"transferts-prives-avec-astrum-helicopters","status":"publish","type":"page","link":"https:\/\/thebelizecollection.com\/fr\/transferts-prives-avec-astrum-helicopters\/","title":{"rendered":"Transferts priv\u00e9s avec Astrum Helicopters"},"content":{"rendered":"\t\t<div data-elementor-type=\"wp-page\" data-elementor-id=\"71717\" class=\"elementor elementor-71717 elementor-69137\" data-elementor-post-type=\"page\">\n\t\t\t\t<div class=\"elementor-element elementor-element-7cfa4c3 e-con-full e-flex e-con e-parent\" data-id=\"7cfa4c3\" data-element_type=\"container\" data-e-type=\"container\" data-settings=\"{&quot;background_background&quot;:&quot;classic&quot;}\">\n\t\t\t\t<div class=\"elementor-element elementor-element-56b9864 elementor-widget elementor-widget-heading\" data-id=\"56b9864\" data-element_type=\"widget\" data-e-type=\"widget\" data-widget_type=\"heading.default\">\n\t\t\t\t<div class=\"elementor-widget-container\">\n\t\t\t\t\t<h1 class=\"elementor-heading-title elementor-size-default\">TRANSFERT PRIV\u00c9 EN H\u00c9LICOPT\u00c8RE ASTRUM<\/h1>\t\t\t\t<\/div>\n\t\t\t\t<\/div>\n\t\t\t\t<\/div>\n\t\t<div class=\"elementor-element elementor-element-2ca1e34 e-flex e-con-boxed e-con e-parent\" data-id=\"2ca1e34\" data-element_type=\"container\" data-e-type=\"container\">\n\t\t\t\t\t<div class=\"e-con-inner\">\n\t\t\t\t<div class=\"elementor-element elementor-element-4eacea4 elementor-widget elementor-widget-spacer\" data-id=\"4eacea4\" data-element_type=\"widget\" data-e-type=\"widget\" data-widget_type=\"spacer.default\">\n\t\t\t\t<div class=\"elementor-widget-container\">\n\t\t\t\t\t\t\t<div class=\"elementor-spacer\">\n\t\t\t<div class=\"elementor-spacer-inner\"><\/div>\n\t\t<\/div>\n\t\t\t\t\t\t<\/div>\n\t\t\t\t<\/div>\n\t\t\t\t<div class=\"elementor-element elementor-element-f011552 elementor-widget elementor-widget-heading\" data-id=\"f011552\" data-element_type=\"widget\" data-e-type=\"widget\" data-widget_type=\"heading.default\">\n\t\t\t\t<div class=\"elementor-widget-container\">\n\t\t\t\t\t<h1 class=\"elementor-heading-title elementor-size-default\">TRANSFERT PRIV\u00c9 EN H\u00c9LICOPT\u00c8RE ASTRUM<\/h1>\t\t\t\t<\/div>\n\t\t\t\t<\/div>\n\t\t\t\t<div class=\"elementor-element elementor-element-fe14807 elementor-widget elementor-widget-text-editor\" data-id=\"fe14807\" data-element_type=\"widget\" data-e-type=\"widget\" data-widget_type=\"text-editor.default\">\n\t\t\t\t<div class=\"elementor-widget-container\">\n\t\t\t\t\t\t\t\t\t<div class=\"elementor-element elementor-element-3fd73d8 elementor-widget elementor-widget-text-editor\" data-id=\"3fd73d8\" data-element_type=\"widget\" data-widget_type=\"text-editor.default\"><div class=\"elementor-widget-container\"><div class=\"elementor-element elementor-element-3fd73d8 elementor-widget elementor-widget-text-editor\" data-id=\"3fd73d8\" data-element_type=\"widget\" data-widget_type=\"text-editor.default\"><div class=\"elementor-widget-container\"><p>Si vous pr\u00e9f\u00e9rez \u00e9viter le trajet par la route, vous pouvez arriver avec \u00e9l\u00e9gance gr\u00e2ce aux transferts priv\u00e9s en h\u00e9licopt\u00e8re propos\u00e9s par Astrum Helicopters vers The Rainforest Lodge at Sleeping Giant, The Banks et The Lodge at Jaguar Reef. Choisissez un vol direct depuis l\u2019a\u00e9roport international du Belize vers le complexe, ou optez pour un itin\u00e9raire panoramique survolant les montagnes Maya et leurs cascades ou l\u2019\u00e9poustouflant Grand Trou Bleu. <\/p><\/div><\/div><\/div><\/div>\t\t\t\t\t\t\t\t<\/div>\n\t\t\t\t<\/div>\n\t\t\t\t<div class=\"elementor-element elementor-element-cceb6cd elementor-widget elementor-widget-spacer\" data-id=\"cceb6cd\" data-element_type=\"widget\" data-e-type=\"widget\" data-widget_type=\"spacer.default\">\n\t\t\t\t<div class=\"elementor-widget-container\">\n\t\t\t\t\t\t\t<div class=\"elementor-spacer\">\n\t\t\t<div class=\"elementor-spacer-inner\"><\/div>\n\t\t<\/div>\n\t\t\t\t\t\t<\/div>\n\t\t\t\t<\/div>\n\t\t\t\t<div class=\"elementor-element elementor-element-cd1b52b elementor-widget elementor-widget-text-editor\" data-id=\"cd1b52b\" data-element_type=\"widget\" data-e-type=\"widget\" data-widget_type=\"text-editor.default\">\n\t\t\t\t<div class=\"elementor-widget-container\">\n\t\t\t\t\t\t\t\t\t<div class=\"elementor-element elementor-element-3fd73d8 elementor-widget elementor-widget-text-editor\" data-id=\"3fd73d8\" data-element_type=\"widget\" data-widget_type=\"text-editor.default\"><div class=\"elementor-widget-container\"><div class=\"elementor-element elementor-element-3fd73d8 elementor-widget elementor-widget-text-editor\" data-id=\"3fd73d8\" data-element_type=\"widget\" data-widget_type=\"text-editor.default\"><div class=\"elementor-widget-container\"><p>De l\u2019a\u00e9roport international du Belize vers The Rainforest Lodge at Sleeping Giant et The Banks :<\/p><\/div><\/div><\/div><\/div>\t\t\t\t\t\t\t\t<\/div>\n\t\t\t\t<\/div>\n\t\t\t\t<div class=\"elementor-element elementor-element-707a083 elementor-widget elementor-widget-text-editor\" data-id=\"707a083\" data-element_type=\"widget\" data-e-type=\"widget\" data-widget_type=\"text-editor.default\">\n\t\t\t\t<div class=\"elementor-widget-container\">\n\t\t\t\t\t\t\t\t\t<table style=\"width:100%; border-collapse: collapse; text-align: left;\">\n  <thead style=\"background-color: #A8506E; color: white;\">\n    <tr>\n      <th>Itin\u00e9raire<\/th>\n      <th>Dur\u00e9e du vol<\/th>\n      <th>Prix (3 passagers)<\/th>\n      <th>Prix (5 passagers)<\/th>\n    <\/tr>\n  <\/thead>\n  <tbody>\n    <tr>\n      <td>Direct : A\u00e9roport BZE \u2194 Sleeping Giant<\/td>\n      <td>30 min<\/td>\n      <td>2 095 $<\/td>\n      <td>2 328 $<\/td>\n    <\/tr>\n    <tr>\n      <td>A\u00e9roport BZE \u2194 Sleeping Giant via les montagnes Maya et les cascades<\/td>\n      <td>54 min<\/td>\n      <td>2 793 $<\/td>\n      <td>3 103 $<\/td>\n    <\/tr>\n    <tr>\n      <td>A\u00e9roport BZE \u2194 Sleeping Giant via le Grand Trou Bleu du Belize<\/td>\n      <td>1 h 18 min<\/td>\n      <td>3 724 $<\/td>\n      <td>4 138 $<\/td>\n    <\/tr>\n  <\/tbody>\n<\/table>\n\t\t\t\t\t\t\t\t<\/div>\n\t\t\t\t<\/div>\n\t\t\t\t<div class=\"elementor-element elementor-element-e8d486a elementor-widget elementor-widget-spacer\" data-id=\"e8d486a\" data-element_type=\"widget\" data-e-type=\"widget\" data-widget_type=\"spacer.default\">\n\t\t\t\t<div class=\"elementor-widget-container\">\n\t\t\t\t\t\t\t<div class=\"elementor-spacer\">\n\t\t\t<div class=\"elementor-spacer-inner\"><\/div>\n\t\t<\/div>\n\t\t\t\t\t\t<\/div>\n\t\t\t\t<\/div>\n\t\t\t\t<div class=\"elementor-element elementor-element-02ac9cd elementor-widget elementor-widget-text-editor\" data-id=\"02ac9cd\" data-element_type=\"widget\" data-e-type=\"widget\" data-widget_type=\"text-editor.default\">\n\t\t\t\t<div class=\"elementor-widget-container\">\n\t\t\t\t\t\t\t\t\t<div class=\"elementor-element elementor-element-3fd73d8 elementor-widget elementor-widget-text-editor\" data-id=\"3fd73d8\" data-element_type=\"widget\" data-widget_type=\"text-editor.default\"><div class=\"elementor-widget-container\"><div class=\"elementor-element elementor-element-3fd73d8 elementor-widget elementor-widget-text-editor\" data-id=\"3fd73d8\" data-element_type=\"widget\" data-widget_type=\"text-editor.default\"><div class=\"elementor-widget-container\"><p>Les clients arriveront \u00e0 l\u2019a\u00e9roport de Dangriga et seront conduits en navette vers The Lodge at Jaguar Reef.<\/p><p>De l\u2019a\u00e9roport international du Belize vers The Lodge at Jaguar Reef :<\/p><\/div><\/div><\/div><\/div>\t\t\t\t\t\t\t\t<\/div>\n\t\t\t\t<\/div>\n\t\t\t\t<div class=\"elementor-element elementor-element-0d11007 elementor-widget elementor-widget-text-editor\" data-id=\"0d11007\" data-element_type=\"widget\" data-e-type=\"widget\" data-widget_type=\"text-editor.default\">\n\t\t\t\t<div class=\"elementor-widget-container\">\n\t\t\t\t\t\t\t\t\t<table style=\"width:100%; border-collapse: collapse; text-align: left;\">\n  <thead style=\"background-color: #A8506E; color: white;\">\n    <tr>\n      <th>Transfert en h\u00e9licopt\u00e8re<\/th>\n      <th>Dur\u00e9e du vol<\/th>\n      <th>Prix (3 passagers)<\/th>\n      <th>Prix (5 passagers)<\/th>\n    <\/tr>\n  <\/thead>\n  <tbody>\n    <tr>\n      <td>Direct : A\u00e9roport BZE \u2194 A\u00e9roport de Dangriga<\/td>\n      <td>30 min<\/td>\n      <td>2 095 $<\/td>\n      <td>2 328 $<\/td>\n    <\/tr>\n    <tr>\n      <td>A\u00e9roport BZE \u2194 A\u00e9roport de Dangriga via les montagnes et les cascades<\/td>\n      <td>48 min<\/td>\n      <td>2 793 $<\/td>\n      <td>3 103 $<\/td>\n    <\/tr>\n    <tr>\n      <td>A\u00e9roport BZE \u2194 A\u00e9roport de Dangriga via le r\u00e9cif<\/td>\n      <td>48 min<\/td>\n      <td>2 793 $<\/td>\n      <td>3 103 $<\/td>\n    <\/tr>\n    <tr>\n      <td>A\u00e9roport BZE \u2194 A\u00e9roport de Dangriga via le Grand Trou Bleu du Belize<\/td>\n      <td>1 h 12 min<\/td>\n      <td>3 724 $<\/td>\n      <td>4 138 $<\/td>\n    <\/tr>\n  <\/tbody>\n<\/table>\n\t\t\t\t\t\t\t\t<\/div>\n\t\t\t\t<\/div>\n\t\t\t\t<div class=\"elementor-element elementor-element-2add30a elementor-widget elementor-widget-spacer\" data-id=\"2add30a\" data-element_type=\"widget\" data-e-type=\"widget\" data-widget_type=\"spacer.default\">\n\t\t\t\t<div class=\"elementor-widget-container\">\n\t\t\t\t\t\t\t<div class=\"elementor-spacer\">\n\t\t\t<div class=\"elementor-spacer-inner\"><\/div>\n\t\t<\/div>\n\t\t\t\t\t\t<\/div>\n\t\t\t\t<\/div>\n\t\t\t\t<div class=\"elementor-element elementor-element-70f24ee elementor-widget elementor-widget-text-editor\" data-id=\"70f24ee\" data-element_type=\"widget\" data-e-type=\"widget\" data-widget_type=\"text-editor.default\">\n\t\t\t\t<div class=\"elementor-widget-container\">\n\t\t\t\t\t\t\t\t\t<div class=\"elementor-element elementor-element-3fd73d8 elementor-widget elementor-widget-text-editor\" data-id=\"3fd73d8\" data-element_type=\"widget\" data-widget_type=\"text-editor.default\"><div class=\"elementor-widget-container\"><div class=\"elementor-element elementor-element-3fd73d8 elementor-widget elementor-widget-text-editor\" data-id=\"3fd73d8\" data-element_type=\"widget\" data-widget_type=\"text-editor.default\"><div class=\"elementor-widget-container\"><p>Contactez-nous \u00e0 l\u2019adresse <a href=\"mailto:reservations@thebelizecollection.com\">reservations@thebelizecollection.com<\/a> pour r\u00e9server.<\/p><p><em>Les vols doivent \u00eatre organis\u00e9s au moins 30 jours \u00e0 l\u2019avance.<\/em><\/p><\/div><\/div><\/div><\/div>\t\t\t\t\t\t\t\t<\/div>\n\t\t\t\t<\/div>\n\t\t\t\t<div class=\"elementor-element elementor-element-ed11469 elementor-widget elementor-widget-spacer\" data-id=\"ed11469\" data-element_type=\"widget\" data-e-type=\"widget\" data-widget_type=\"spacer.default\">\n\t\t\t\t<div class=\"elementor-widget-container\">\n\t\t\t\t\t\t\t<div class=\"elementor-spacer\">\n\t\t\t<div class=\"elementor-spacer-inner\"><\/div>\n\t\t<\/div>\n\t\t\t\t\t\t<\/div>\n\t\t\t\t<\/div>\n\t\t\t\t\t<\/div>\n\t\t\t\t<\/div>\n\t\t<div class=\"elementor-element elementor-element-328ce6f e-grid e-con-boxed e-con e-parent\" data-id=\"328ce6f\" data-element_type=\"container\" data-e-type=\"container\">\n\t\t\t\t\t<div class=\"e-con-inner\">\n\t\t\t\t<div class=\"elementor-element elementor-element-2a49e5e elementor-align-center elementor-widget elementor-widget-button\" data-id=\"2a49e5e\" data-element_type=\"widget\" data-e-type=\"widget\" data-widget_type=\"button.default\">\n\t\t\t\t<div class=\"elementor-widget-container\">\n\t\t\t\t\t\t\t\t\t<div class=\"elementor-button-wrapper\">\n\t\t\t\t\t<a class=\"elementor-button elementor-button-link elementor-size-sm\" href=\"https:\/\/thebelizecollection.com\/how-to-get-here\/\">\n\t\t\t\t\t\t<span class=\"elementor-button-content-wrapper\">\n\t\t\t\t\t\t\t\t\t<span class=\"elementor-button-text\">RETOUR \u00c0 NOTRE CARTE DES VOLS<\/span>\n\t\t\t\t\t<\/span>\n\t\t\t\t\t<\/a>\n\t\t\t\t<\/div>\n\t\t\t\t\t\t\t\t<\/div>\n\t\t\t\t<\/div>\n\t\t\t\t<div class=\"elementor-element elementor-element-2dab4a6 elementor-align-center elementor-widget elementor-widget-button\" data-id=\"2dab4a6\" data-element_type=\"widget\" data-e-type=\"widget\" data-widget_type=\"button.default\">\n\t\t\t\t<div class=\"elementor-widget-container\">\n\t\t\t\t\t\t\t\t\t<div class=\"elementor-button-wrapper\">\n\t\t\t\t\t<a class=\"elementor-button elementor-button-link elementor-size-sm\" href=\"https:\/\/thebelizecollection.com\/fr\/comment-se-rendre-a-nos-complexes-hoteliers\/\">\n\t\t\t\t\t\t<span class=\"elementor-button-content-wrapper\">\n\t\t\t\t\t\t\t\t\t<span class=\"elementor-button-text\">COMMENT SE RENDRE DANS NOS COMPLEXES<\/span>\n\t\t\t\t\t<\/span>\n\t\t\t\t\t<\/a>\n\t\t\t\t<\/div>\n\t\t\t\t\t\t\t\t<\/div>\n\t\t\t\t<\/div>\n\t\t\t\t\t<\/div>\n\t\t\t\t<\/div>\n\t\t<div class=\"elementor-element elementor-element-7563d9c e-flex e-con-boxed e-con e-parent\" data-id=\"7563d9c\" data-element_type=\"container\" data-e-type=\"container\">\n\t\t\t\t\t<div class=\"e-con-inner\">\n\t\t\t\t<div class=\"elementor-element elementor-element-e6c947c elementor-widget elementor-widget-spacer\" data-id=\"e6c947c\" data-element_type=\"widget\" data-e-type=\"widget\" data-widget_type=\"spacer.default\">\n\t\t\t\t<div class=\"elementor-widget-container\">\n\t\t\t\t\t\t\t<div class=\"elementor-spacer\">\n\t\t\t<div class=\"elementor-spacer-inner\"><\/div>\n\t\t<\/div>\n\t\t\t\t\t\t<\/div>\n\t\t\t\t<\/div>\n\t\t\t\t\t<\/div>\n\t\t\t\t<\/div>\n\t\t\t\t<\/div>\n\t\t","protected":false},"excerpt":{"rendered":"<p>TRANSFERT PRIV\u00c9 EN H\u00c9LICOPT\u00c8RE ASTRUM TRANSFERT PRIV\u00c9 EN H\u00c9LICOPT\u00c8RE ASTRUM Si vous pr\u00e9f\u00e9rez \u00e9viter le trajet par la route, vous pouvez arriver avec \u00e9l\u00e9gance gr\u00e2ce aux transferts priv\u00e9s en h\u00e9licopt\u00e8re propos\u00e9s par Astrum Helicopters vers The Rainforest Lodge at Sleeping Giant, The Banks et The Lodge at Jaguar Reef. Choisissez un vol direct depuis l\u2019a\u00e9roport [&hellip;]<\/p>\n","protected":false},"author":4,"featured_media":0,"parent":0,"menu_order":0,"comment_status":"closed","ping_status":"closed","template":"page-full-width.php","meta":{"_acf_changed":false,"_vp_format_video_url":"","_vp_image_focal_point":[],"footnotes":""},"categories":[],"tags":[],"class_list":["post-71717","page","type-page","status-publish","hentry"],"acf":[],"yoast_head":"<!-- This site is optimized with the Yoast SEO plugin v27.4 - https:\/\/yoast.com\/product\/yoast-seo-wordpress\/ -->\n<title>Transferts priv\u00e9s avec Astrum Helicopters - The Belize Collection<\/title>\n<meta name=\"robots\" content=\"index, follow, max-snippet:-1, max-image-preview:large, max-video-preview:-1\" \/>\n<link rel=\"canonical\" href=\"https:\/\/thebelizecollection.com\/fr\/transferts-prives-avec-astrum-helicopters\/\" \/>\n<meta property=\"og:locale\" content=\"fr_FR\" \/>\n<meta property=\"og:type\" content=\"article\" \/>\n<meta property=\"og:title\" content=\"Transferts priv\u00e9s avec Astrum Helicopters - The Belize Collection\" \/>\n<meta property=\"og:description\" content=\"TRANSFERT PRIV\u00c9 EN H\u00c9LICOPT\u00c8RE ASTRUM TRANSFERT PRIV\u00c9 EN H\u00c9LICOPT\u00c8RE ASTRUM Si vous pr\u00e9f\u00e9rez \u00e9viter le trajet par la route, vous pouvez arriver avec \u00e9l\u00e9gance gr\u00e2ce aux transferts priv\u00e9s en h\u00e9licopt\u00e8re propos\u00e9s par Astrum Helicopters vers The Rainforest Lodge at Sleeping Giant, The Banks et The Lodge at Jaguar Reef. Choisissez un vol direct depuis l\u2019a\u00e9roport [&hellip;]\" \/>\n<meta property=\"og:url\" content=\"https:\/\/thebelizecollection.com\/fr\/transferts-prives-avec-astrum-helicopters\/\" \/>\n<meta property=\"og:site_name\" content=\"The Belize Collection\" \/>\n<meta property=\"article:modified_time\" content=\"2026-04-02T17:10:35+00:00\" \/>\n<meta name=\"twitter:card\" content=\"summary_large_image\" \/>\n<meta name=\"twitter:label1\" content=\"Dur\u00e9e de lecture estim\u00e9e\" \/>\n\t<meta name=\"twitter:data1\" content=\"1 minute\" \/>\n<script type=\"application\/ld+json\" class=\"yoast-schema-graph\">{\"@context\":\"https:\\\/\\\/schema.org\",\"@graph\":[{\"@type\":\"WebPage\",\"@id\":\"https:\\\/\\\/thebelizecollection.com\\\/fr\\\/transferts-prives-avec-astrum-helicopters\\\/\",\"url\":\"https:\\\/\\\/thebelizecollection.com\\\/fr\\\/transferts-prives-avec-astrum-helicopters\\\/\",\"name\":\"Transferts priv\u00e9s avec Astrum Helicopters - The Belize Collection\",\"isPartOf\":{\"@id\":\"https:\\\/\\\/thebelizecollection.com\\\/fr\\\/#website\"},\"datePublished\":\"2025-10-27T17:11:01+00:00\",\"dateModified\":\"2026-04-02T17:10:35+00:00\",\"breadcrumb\":{\"@id\":\"https:\\\/\\\/thebelizecollection.com\\\/fr\\\/transferts-prives-avec-astrum-helicopters\\\/#breadcrumb\"},\"inLanguage\":\"fr-FR\",\"potentialAction\":[{\"@type\":\"ReadAction\",\"target\":[\"https:\\\/\\\/thebelizecollection.com\\\/fr\\\/transferts-prives-avec-astrum-helicopters\\\/\"]}]},{\"@type\":\"BreadcrumbList\",\"@id\":\"https:\\\/\\\/thebelizecollection.com\\\/fr\\\/transferts-prives-avec-astrum-helicopters\\\/#breadcrumb\",\"itemListElement\":[{\"@type\":\"ListItem\",\"position\":1,\"name\":\"Home\",\"item\":\"https:\\\/\\\/thebelizecollection.com\\\/fr\\\/the-belize-collection-2\\\/\"},{\"@type\":\"ListItem\",\"position\":2,\"name\":\"Transferts priv\u00e9s avec Astrum Helicopters\"}]},{\"@type\":\"WebSite\",\"@id\":\"https:\\\/\\\/thebelizecollection.com\\\/fr\\\/#website\",\"url\":\"https:\\\/\\\/thebelizecollection.com\\\/fr\\\/\",\"name\":\"The Belize Collection\",\"description\":\"Everything Belize\",\"potentialAction\":[{\"@type\":\"SearchAction\",\"target\":{\"@type\":\"EntryPoint\",\"urlTemplate\":\"https:\\\/\\\/thebelizecollection.com\\\/fr\\\/?s={search_term_string}\"},\"query-input\":{\"@type\":\"PropertyValueSpecification\",\"valueRequired\":true,\"valueName\":\"search_term_string\"}}],\"inLanguage\":\"fr-FR\"}]}<\/script>\n<!-- \/ Yoast SEO plugin. -->","yoast_head_json":{"title":"Transferts priv\u00e9s avec Astrum Helicopters - The Belize Collection","robots":{"index":"index","follow":"follow","max-snippet":"max-snippet:-1","max-image-preview":"max-image-preview:large","max-video-preview":"max-video-preview:-1"},"canonical":"https:\/\/thebelizecollection.com\/fr\/transferts-prives-avec-astrum-helicopters\/","og_locale":"fr_FR","og_type":"article","og_title":"Transferts priv\u00e9s avec Astrum Helicopters - The Belize Collection","og_description":"TRANSFERT PRIV\u00c9 EN H\u00c9LICOPT\u00c8RE ASTRUM TRANSFERT PRIV\u00c9 EN H\u00c9LICOPT\u00c8RE ASTRUM Si vous pr\u00e9f\u00e9rez \u00e9viter le trajet par la route, vous pouvez arriver avec \u00e9l\u00e9gance gr\u00e2ce aux transferts priv\u00e9s en h\u00e9licopt\u00e8re propos\u00e9s par Astrum Helicopters vers The Rainforest Lodge at Sleeping Giant, The Banks et The Lodge at Jaguar Reef. Choisissez un vol direct depuis l\u2019a\u00e9roport [&hellip;]","og_url":"https:\/\/thebelizecollection.com\/fr\/transferts-prives-avec-astrum-helicopters\/","og_site_name":"The Belize Collection","article_modified_time":"2026-04-02T17:10:35+00:00","twitter_card":"summary_large_image","twitter_misc":{"Dur\u00e9e de lecture estim\u00e9e":"1 minute"},"schema":{"@context":"https:\/\/schema.org","@graph":[{"@type":"WebPage","@id":"https:\/\/thebelizecollection.com\/fr\/transferts-prives-avec-astrum-helicopters\/","url":"https:\/\/thebelizecollection.com\/fr\/transferts-prives-avec-astrum-helicopters\/","name":"Transferts priv\u00e9s avec Astrum Helicopters - The Belize Collection","isPartOf":{"@id":"https:\/\/thebelizecollection.com\/fr\/#website"},"datePublished":"2025-10-27T17:11:01+00:00","dateModified":"2026-04-02T17:10:35+00:00","breadcrumb":{"@id":"https:\/\/thebelizecollection.com\/fr\/transferts-prives-avec-astrum-helicopters\/#breadcrumb"},"inLanguage":"fr-FR","potentialAction":[{"@type":"ReadAction","target":["https:\/\/thebelizecollection.com\/fr\/transferts-prives-avec-astrum-helicopters\/"]}]},{"@type":"BreadcrumbList","@id":"https:\/\/thebelizecollection.com\/fr\/transferts-prives-avec-astrum-helicopters\/#breadcrumb","itemListElement":[{"@type":"ListItem","position":1,"name":"Home","item":"https:\/\/thebelizecollection.com\/fr\/the-belize-collection-2\/"},{"@type":"ListItem","position":2,"name":"Transferts priv\u00e9s avec Astrum Helicopters"}]},{"@type":"WebSite","@id":"https:\/\/thebelizecollection.com\/fr\/#website","url":"https:\/\/thebelizecollection.com\/fr\/","name":"The Belize Collection","description":"Everything Belize","potentialAction":[{"@type":"SearchAction","target":{"@type":"EntryPoint","urlTemplate":"https:\/\/thebelizecollection.com\/fr\/?s={search_term_string}"},"query-input":{"@type":"PropertyValueSpecification","valueRequired":true,"valueName":"search_term_string"}}],"inLanguage":"fr-FR"}]}},"jetpack_sharing_enabled":true,"_links":{"self":[{"href":"https:\/\/thebelizecollection.com\/fr\/wp-json\/wp\/v2\/pages\/71717","targetHints":{"allow":["GET"]}}],"collection":[{"href":"https:\/\/thebelizecollection.com\/fr\/wp-json\/wp\/v2\/pages"}],"about":[{"href":"https:\/\/thebelizecollection.com\/fr\/wp-json\/wp\/v2\/types\/page"}],"author":[{"embeddable":true,"href":"https:\/\/thebelizecollection.com\/fr\/wp-json\/wp\/v2\/users\/4"}],"replies":[{"embeddable":true,"href":"https:\/\/thebelizecollection.com\/fr\/wp-json\/wp\/v2\/comments?post=71717"}],"version-history":[{"count":1,"href":"https:\/\/thebelizecollection.com\/fr\/wp-json\/wp\/v2\/pages\/71717\/revisions"}],"predecessor-version":[{"id":71718,"href":"https:\/\/thebelizecollection.com\/fr\/wp-json\/wp\/v2\/pages\/71717\/revisions\/71718"}],"wp:attachment":[{"href":"https:\/\/thebelizecollection.com\/fr\/wp-json\/wp\/v2\/media?parent=71717"}],"wp:term":[{"taxonomy":"category","embeddable":true,"href":"https:\/\/thebelizecollection.com\/fr\/wp-json\/wp\/v2\/categories?post=71717"},{"taxonomy":"post_tag","embeddable":true,"href":"https:\/\/thebelizecollection.com\/fr\/wp-json\/wp\/v2\/tags?post=71717"}],"curies":[{"name":"wp","href":"https:\/\/api.w.org\/{rel}","templated":true}]}}