{"id":71721,"date":"2025-11-18T11:15:25","date_gmt":"2025-11-18T17:15:25","guid":{"rendered":"https:\/\/thebelizecollection.com\/trail-tales\/"},"modified":"2026-04-02T11:14:45","modified_gmt":"2026-04-02T17:14:45","slug":"trail-tales","status":"publish","type":"page","link":"https:\/\/thebelizecollection.com\/fr\/trail-tales\/","title":{"rendered":"Trail Tales"},"content":{"rendered":"\t\t<div data-elementor-type=\"wp-page\" data-elementor-id=\"71721\" class=\"elementor elementor-71721 elementor-64898\" data-elementor-post-type=\"page\">\n\t\t\t\t<div class=\"elementor-element elementor-element-3c1b90c e-con-full e-flex e-con e-parent\" data-id=\"3c1b90c\" data-element_type=\"container\" data-e-type=\"container\" data-settings=\"{&quot;background_background&quot;:&quot;classic&quot;}\">\n\t\t\t\t<div class=\"elementor-element elementor-element-c625b24 elementor-widget elementor-widget-heading\" data-id=\"c625b24\" data-element_type=\"widget\" data-e-type=\"widget\" data-widget_type=\"heading.default\">\n\t\t\t\t<div class=\"elementor-widget-container\">\n\t\t\t\t\t<h1 class=\"elementor-heading-title elementor-size-default\">Trail Tales<\/h1>\t\t\t\t<\/div>\n\t\t\t\t<\/div>\n\t\t\t\t<\/div>\n\t\t<div class=\"elementor-element elementor-element-d14caad e-flex e-con-boxed e-con e-parent\" data-id=\"d14caad\" data-element_type=\"container\" data-e-type=\"container\">\n\t\t\t\t\t<div class=\"e-con-inner\">\n\t\t\t\t<div class=\"elementor-element elementor-element-5413837 elementor-widget elementor-widget-image\" data-id=\"5413837\" data-element_type=\"widget\" data-e-type=\"widget\" data-widget_type=\"image.default\">\n\t\t\t\t<div class=\"elementor-widget-container\">\n\t\t\t\t\t\t\t\t\t\t\t\t\t\t\t<img decoding=\"async\" width=\"100\" height=\"100\" src=\"https:\/\/thebelizecollection.com\/wp-content\/uploads\/2025\/04\/the-Belize-collection-flower-logo.png\" class=\"attachment-full size-full wp-image-74305\" alt=\"\" \/>\t\t\t\t\t\t\t\t\t\t\t\t\t\t\t<\/div>\n\t\t\t\t<\/div>\n\t\t\t\t\t<\/div>\n\t\t\t\t<\/div>\n\t\t<div class=\"elementor-element elementor-element-7f320ab e-flex e-con-boxed elementor-invisible e-con e-parent\" data-id=\"7f320ab\" data-element_type=\"container\" data-e-type=\"container\" data-settings=\"{&quot;animation&quot;:&quot;slideInLeft&quot;}\">\n\t\t\t\t\t<div class=\"e-con-inner\">\n\t\t<div class=\"elementor-element elementor-element-b03b0f2 e-grid e-con-full e-con e-child\" data-id=\"b03b0f2\" data-element_type=\"container\" data-e-type=\"container\">\n\t\t\t\t<div class=\"elementor-element elementor-element-8147749 elementor-widget elementor-widget-heading\" data-id=\"8147749\" data-element_type=\"widget\" data-e-type=\"widget\" data-widget_type=\"heading.default\">\n\t\t\t\t<div class=\"elementor-widget-container\">\n\t\t\t\t\t<h1 class=\"elementor-heading-title elementor-size-default\">APER\u00c7U<\/h1>\t\t\t\t<\/div>\n\t\t\t\t<\/div>\n\t\t\t\t<div class=\"elementor-element elementor-element-02b1a26 elementor-widget-divider--view-line elementor-widget elementor-widget-divider\" data-id=\"02b1a26\" data-element_type=\"widget\" data-e-type=\"widget\" data-widget_type=\"divider.default\">\n\t\t\t\t<div class=\"elementor-widget-container\">\n\t\t\t\t\t\t\t<div class=\"elementor-divider\">\n\t\t\t<span class=\"elementor-divider-separator\">\n\t\t\t\t\t\t<\/span>\n\t\t<\/div>\n\t\t\t\t\t\t<\/div>\n\t\t\t\t<\/div>\n\t\t\t\t<\/div>\n\t\t\t\t\t<\/div>\n\t\t\t\t<\/div>\n\t\t<div class=\"elementor-element elementor-element-b7809ce e-flex e-con-boxed elementor-invisible e-con e-parent\" data-id=\"b7809ce\" data-element_type=\"container\" data-e-type=\"container\" data-settings=\"{&quot;animation&quot;:&quot;fadeInUp&quot;}\">\n\t\t\t\t\t<div class=\"e-con-inner\">\n\t\t\t\t<div class=\"elementor-element elementor-element-fb76b58 elementor-widget elementor-widget-text-editor\" data-id=\"fb76b58\" data-element_type=\"widget\" data-e-type=\"widget\" data-widget_type=\"text-editor.default\">\n\t\t\t\t<div class=\"elementor-widget-container\">\n\t\t\t\t\t\t\t\t\t<p>\u00c0 The Belize Collection, nous nous engageons \u00e0 prot\u00e9ger l\u2019incroyable faune du Belize. Trail Tales est un projet de suivi de la faune qui utilise un r\u00e9seau de cam\u00e9ras de piste install\u00e9es sur l\u2019ensemble du domaine du Rainforest Lodge at Sleeping Giant afin de rep\u00e9rer et d\u2019\u00e9tudier les f\u00e9lins sauvages et d\u2019autres esp\u00e8ces discr\u00e8tes. En observant ces animaux dans leurs habitats naturels, nous pouvons mieux comprendre leurs comportements, leurs d\u00e9placements et leurs interactions avec l\u2019\u00e9cosyst\u00e8me. Ce projet est men\u00e9 en collaboration avec Belize Wild Cats.   <\/p>\t\t\t\t\t\t\t\t<\/div>\n\t\t\t\t<\/div>\n\t\t\t\t<div class=\"elementor-element elementor-element-e61a395 elementor-widget elementor-widget-spacer\" data-id=\"e61a395\" data-element_type=\"widget\" data-e-type=\"widget\" data-widget_type=\"spacer.default\">\n\t\t\t\t<div class=\"elementor-widget-container\">\n\t\t\t\t\t\t\t<div class=\"elementor-spacer\">\n\t\t\t<div class=\"elementor-spacer-inner\"><\/div>\n\t\t<\/div>\n\t\t\t\t\t\t<\/div>\n\t\t\t\t<\/div>\n\t\t\t\t\t<\/div>\n\t\t\t\t<\/div>\n\t\t<div class=\"elementor-element elementor-element-49cc02a e-flex e-con-boxed e-con e-parent\" data-id=\"49cc02a\" data-element_type=\"container\" data-e-type=\"container\">\n\t\t\t\t\t<div class=\"e-con-inner\">\n\t\t<div class=\"elementor-element elementor-element-6294336 e-con-full e-flex e-con e-child\" data-id=\"6294336\" data-element_type=\"container\" data-e-type=\"container\" data-settings=\"{&quot;animation&quot;:&quot;none&quot;}\">\n\t\t\t\t<div class=\"elementor-element elementor-element-db047ce elementor-invisible elementor-widget elementor-widget-heading\" data-id=\"db047ce\" data-element_type=\"widget\" data-e-type=\"widget\" data-settings=\"{&quot;_animation&quot;:&quot;fadeInLeft&quot;}\" data-widget_type=\"heading.default\">\n\t\t\t\t<div class=\"elementor-widget-container\">\n\t\t\t\t\t<h1 class=\"elementor-heading-title elementor-size-default\">Objectif du projet<\/h1>\t\t\t\t<\/div>\n\t\t\t\t<\/div>\n\t\t\t\t<div class=\"elementor-element elementor-element-f8482ca elementor-invisible elementor-widget elementor-widget-text-editor\" data-id=\"f8482ca\" data-element_type=\"widget\" data-e-type=\"widget\" data-settings=\"{&quot;_animation&quot;:&quot;fadeInUp&quot;}\" data-widget_type=\"text-editor.default\">\n\t\t\t\t<div class=\"elementor-widget-container\">\n\t\t\t\t\t\t\t\t\t<p>Le projet est con\u00e7u pour recueillir des donn\u00e9es non invasives, en temps r\u00e9el, sur la pr\u00e9sence, le comportement et les d\u00e9placements de la faune. Ces informations sont pr\u00e9cieuses pour surveiller les populations, \u00e9tudier les dynamiques \u00e9cologiques, d\u00e9tecter d\u2019\u00e9ventuelles menaces et mesurer l\u2019efficacit\u00e9 des actions de conservation. <\/p><p>Le suivi de la faune ne se limite pas aux observations par cam\u00e9ra. En \u00e9tudiant les empreintes, les excr\u00e9ments, les marques et d\u2019autres indices, nous pouvons comprendre comment les animaux se d\u00e9placent, chassent et \u00e9tablissent leurs territoires. Ces donn\u00e9es de pistage compl\u00e8tent les informations des cam\u00e9ras de piste, constituant une base de donn\u00e9es compl\u00e8te sur la faune de la r\u00e9gion. Ensemble, ces enseignements renforcent notre capacit\u00e9 \u00e0 prot\u00e9ger les habitats essentiels, \u00e0 surveiller la biodiversit\u00e9 et \u00e0 pr\u00e9server la sant\u00e9 de nos \u00e9cosyst\u00e8mes.   <\/p>\t\t\t\t\t\t\t\t<\/div>\n\t\t\t\t<\/div>\n\t\t\t\t<div class=\"elementor-element elementor-element-eb37731 elementor-widget elementor-widget-spacer\" data-id=\"eb37731\" data-element_type=\"widget\" data-e-type=\"widget\" data-widget_type=\"spacer.default\">\n\t\t\t\t<div class=\"elementor-widget-container\">\n\t\t\t\t\t\t\t<div class=\"elementor-spacer\">\n\t\t\t<div class=\"elementor-spacer-inner\"><\/div>\n\t\t<\/div>\n\t\t\t\t\t\t<\/div>\n\t\t\t\t<\/div>\n\t\t\t\t<\/div>\n\t\t<div class=\"elementor-element elementor-element-1b13766 e-con-full e-flex elementor-invisible e-con e-child\" data-id=\"1b13766\" data-element_type=\"container\" data-e-type=\"container\" data-settings=\"{&quot;background_background&quot;:&quot;video&quot;,&quot;background_video_link&quot;:&quot;https:\\\/\\\/thebelizecollection.com\\\/wp-content\\\/uploads\\\/2025\\\/11\\\/Copy-of-coati-3.mp4&quot;,&quot;background_play_on_mobile&quot;:&quot;yes&quot;,&quot;animation&quot;:&quot;fadeInUp&quot;}\">\n\t\t<div class=\"elementor-background-video-container\">\n\t\t\t\t\t\t\t<video class=\"elementor-background-video-hosted\" role=\"presentation\" autoplay muted playsinline loop><\/video>\n\t\t\t\t\t<\/div>\t\t<\/div>\n\t\t\t\t\t<\/div>\n\t\t\t\t<\/div>\n\t\t<div class=\"elementor-element elementor-element-ab719ea e-flex e-con-boxed elementor-invisible e-con e-parent\" data-id=\"ab719ea\" data-element_type=\"container\" data-e-type=\"container\" data-settings=\"{&quot;animation&quot;:&quot;slideInLeft&quot;}\">\n\t\t\t\t\t<div class=\"e-con-inner\">\n\t\t<div class=\"elementor-element elementor-element-b046d29 e-grid e-con-full e-con e-child\" data-id=\"b046d29\" data-element_type=\"container\" data-e-type=\"container\">\n\t\t\t\t<div class=\"elementor-element elementor-element-3d6fb24 elementor-widget elementor-widget-heading\" data-id=\"3d6fb24\" data-element_type=\"widget\" data-e-type=\"widget\" data-widget_type=\"heading.default\">\n\t\t\t\t<div class=\"elementor-widget-container\">\n\t\t\t\t\t<h1 class=\"elementor-heading-title elementor-size-default\">Code de conduite relatif \u00e0 la faune<\/h1>\t\t\t\t<\/div>\n\t\t\t\t<\/div>\n\t\t\t\t<div class=\"elementor-element elementor-element-5470d3b elementor-widget-divider--view-line elementor-widget elementor-widget-divider\" data-id=\"5470d3b\" data-element_type=\"widget\" data-e-type=\"widget\" data-widget_type=\"divider.default\">\n\t\t\t\t<div class=\"elementor-widget-container\">\n\t\t\t\t\t\t\t<div class=\"elementor-divider\">\n\t\t\t<span class=\"elementor-divider-separator\">\n\t\t\t\t\t\t<\/span>\n\t\t<\/div>\n\t\t\t\t\t\t<\/div>\n\t\t\t\t<\/div>\n\t\t\t\t<\/div>\n\t\t\t\t\t<\/div>\n\t\t\t\t<\/div>\n\t\t<div class=\"elementor-element elementor-element-a01a371 e-flex e-con-boxed elementor-invisible e-con e-parent\" data-id=\"a01a371\" data-element_type=\"container\" data-e-type=\"container\" data-settings=\"{&quot;animation&quot;:&quot;fadeInUp&quot;}\">\n\t\t\t\t\t<div class=\"e-con-inner\">\n\t\t\t\t<div class=\"elementor-element elementor-element-6f9229f elementor-widget elementor-widget-text-editor\" data-id=\"6f9229f\" data-element_type=\"widget\" data-e-type=\"widget\" data-widget_type=\"text-editor.default\">\n\t\t\t\t<div class=\"elementor-widget-container\">\n\t\t\t\t\t\t\t\t\t<p>Lorsque vous explorez le domaine du Rainforest Lodge at Sleeping Giant, il est important d\u2019interagir avec la faune en toute s\u00e9curit\u00e9 et avec respect. Le tableau ci-dessous propose un guide simple des choses \u00e0 faire et \u00e0 ne pas faire, \u00e0 consulter chaque fois que vous rencontrez des animaux sur la propri\u00e9t\u00e9. <\/p>\t\t\t\t\t\t\t\t<\/div>\n\t\t\t\t<\/div>\n\t\t\t\t<div class=\"elementor-element elementor-element-558a74d elementor-widget elementor-widget-text-editor\" data-id=\"558a74d\" data-element_type=\"widget\" data-e-type=\"widget\" data-widget_type=\"text-editor.default\">\n\t\t\t\t<div class=\"elementor-widget-container\">\n\t\t\t\t\t\t\t\t\t<table style=\"width: 100%; border-collapse: collapse; text-align: left;\"><thead><tr style=\"background-color: #a8506e; color: white;\"><th style=\"padding: 12px; border: 1px solid #ddd;\">\u00c0 faire<\/th><th style=\"padding: 12px; border: 1px solid #ddd;\">\u00c0 ne pas faire<\/th><\/tr><\/thead><tbody><tr><td style=\"padding: 12px; border: 1px solid #ddd;\">Observer la faune \u00e0 une distance de s\u00e9curit\u00e9.<\/td><td style=\"padding: 12px; border: 1px solid #ddd;\">S\u2019approcher des animaux, les poursuivre ou tenter de les toucher.<\/td><\/tr><tr><td style=\"padding: 12px; border: 1px solid #ddd;\">Rester silencieux et limiter les mouvements brusques.<\/td><td style=\"padding: 12px; border: 1px solid #ddd;\">Faire du bruit ou effrayer les animaux.<\/td><\/tr><tr><td style=\"padding: 12px; border: 1px solid #ddd;\">Prendre des photos sans utiliser le flash.<\/td><td style=\"padding: 12px; border: 1px solid #ddd;\">Utiliser le flash, ce qui peut effrayer ou blesser les animaux.<\/td><\/tr><tr><td style=\"padding: 12px; border: 1px solid #ddd;\">Respecter les habitats naturels et rester sur les sentiers balis\u00e9s.<\/td><td style=\"padding: 12px; border: 1px solid #ddd;\">D\u00e9ranger les nids, les tani\u00e8res ou les zones d\u2019alimentation.<\/td><\/tr><tr><td style=\"padding: 12px; border: 1px solid #ddd;\">Garder votre nourriture et vos d\u00e9chets bien s\u00e9curis\u00e9s.<\/td><td style=\"padding: 12px; border: 1px solid #ddd;\">Nourrir la faune ou laisser de la nourriture derri\u00e8re vous.<\/td><\/tr><tr><td style=\"padding: 12px; border: 1px solid #ddd;\">Suivre les consignes fournies par le garde du parc\/le personnel sur place.<\/td><td style=\"padding: 12px; border: 1px solid #ddd;\">Ignorer les panneaux, les r\u00e8gles ou les instructions du garde du parc\/du personnel sur place.<\/td><\/tr><tr><td style=\"padding: 12px; border: 1px solid #ddd;\">Appr\u00e9cier les animaux dans leur comportement naturel.<\/td><td style=\"padding: 12px; border: 1px solid #ddd;\">Tenter de provoquer, d\u2019attirer ou de manipuler la faune.<\/td><\/tr><tr><td style=\"padding: 12px; border: 1px solid #ddd;\">Signaler aux autorit\u00e9s toute faune bless\u00e9e ou en danger.<\/td><td style=\"padding: 12px; border: 1px solid #ddd;\">Tenter de secourir ou de capturer des animaux sauvages par vous-m\u00eame.<\/td><\/tr><\/tbody><\/table>\t\t\t\t\t\t\t\t<\/div>\n\t\t\t\t<\/div>\n\t\t\t\t\t<\/div>\n\t\t\t\t<\/div>\n\t\t<div class=\"elementor-element elementor-element-4536384 e-flex e-con-boxed e-con e-parent\" data-id=\"4536384\" data-element_type=\"container\" data-e-type=\"container\">\n\t\t\t\t\t<div class=\"e-con-inner\">\n\t\t\t\t<div class=\"elementor-element elementor-element-5d73869 elementor-widget elementor-widget-spacer\" data-id=\"5d73869\" data-element_type=\"widget\" data-e-type=\"widget\" data-widget_type=\"spacer.default\">\n\t\t\t\t<div class=\"elementor-widget-container\">\n\t\t\t\t\t\t\t<div class=\"elementor-spacer\">\n\t\t\t<div class=\"elementor-spacer-inner\"><\/div>\n\t\t<\/div>\n\t\t\t\t\t\t<\/div>\n\t\t\t\t<\/div>\n\t\t\t\t\t<\/div>\n\t\t\t\t<\/div>\n\t\t<div class=\"elementor-element elementor-element-8e8a4c3 e-flex e-con-boxed elementor-invisible e-con e-parent\" data-id=\"8e8a4c3\" data-element_type=\"container\" data-e-type=\"container\" data-settings=\"{&quot;animation&quot;:&quot;fadeInUp&quot;}\">\n\t\t\t\t\t<div class=\"e-con-inner\">\n\t\t\t\t<div class=\"elementor-element elementor-element-f9c7c1a elementor-widget elementor-widget-text-editor\" data-id=\"f9c7c1a\" data-element_type=\"widget\" data-e-type=\"widget\" data-widget_type=\"text-editor.default\">\n\t\t\t\t<div class=\"elementor-widget-container\">\n\t\t\t\t\t\t\t\t\t<p>Soutenez le projet Trail Tales et aidez-nous \u00e0 prot\u00e9ger la faune et les habitats naturels du Belize. Votre contribution fait une r\u00e9elle diff\u00e9rence. Engagez-vous d\u00e8s aujourd\u2019hui !   <\/p>\t\t\t\t\t\t\t\t<\/div>\n\t\t\t\t<\/div>\n\t\t\t\t<div class=\"elementor-element elementor-element-33548e8 elementor-align-center elementor-widget elementor-widget-paypal-button\" data-id=\"33548e8\" data-element_type=\"widget\" data-e-type=\"widget\" data-settings=\"{&quot;merchant_account&quot;:&quot;simple&quot;}\" data-widget_type=\"paypal-button.default\">\n\t\t\t\t<div class=\"elementor-widget-container\">\n\t\t\t\t\t\t\t\t\t<div class=\"elementor-button-wrapper\">\n\t\t\t\t\t\t\t<form action=\"https:\/\/www.paypal.com\/cgi-bin\/webscr\" method=\"post\" target=\"_blank\">\n\t\t\t<input type=\"hidden\" name=\"cmd\" value=\"_donations\" \/>\n\t\t\t<input type=\"hidden\" name=\"business\" value=\"debi@belizewildcats.com\" \/>\n\t\t\t<input type=\"hidden\" name=\"lc\" value=\"US\" \/>\n\t\t\t<input type=\"hidden\" name=\"item_name\" value=\"\" \/>\n\t\t\t<input type=\"hidden\" name=\"item_number\" value=\"\" \/>\n\t\t\t<input type=\"hidden\" name=\"currency_code\" value=\"USD\" \/>\n\t\t\t<input type=\"hidden\" name=\"amount\" value=\"1\" \/>\n\t\t\t<input type=\"hidden\" name=\"no_note\" value=\"1\">\n\n\t\t\t\t\t<button class=\"elementor-button elementor-size-sm elementor-paypal-legacy elementor-payment-button\" role=\"button\" type=\"submit\">\n\t\t\t\t\t<span class=\"elementor-button-content-wrapper\">\n\t\t\t\t\t\t<span class=\"elementor-button-icon\">\n\t\t\t\t<svg aria-hidden=\"true\" class=\"e-font-icon-svg e-fab-paypal\" viewBox=\"0 0 384 512\" xmlns=\"http:\/\/www.w3.org\/2000\/svg\"><path d=\"M111.4 295.9c-3.5 19.2-17.4 108.7-21.5 134-.3 1.8-1 2.5-3 2.5H12.3c-7.6 0-13.1-6.6-12.1-13.9L58.8 46.6c1.5-9.6 10.1-16.9 20-16.9 152.3 0 165.1-3.7 204 11.4 60.1 23.3 65.6 79.5 44 140.3-21.5 62.6-72.5 89.5-140.1 90.3-43.4.7-69.5-7-75.3 24.2zM357.1 152c-1.8-1.3-2.5-1.8-3 1.3-2 11.4-5.1 22.5-8.8 33.6-39.9 113.8-150.5 103.9-204.5 103.9-6.1 0-10.1 3.3-10.9 9.4-22.6 140.4-27.1 169.7-27.1 169.7-1 7.1 3.5 12.9 10.6 12.9h63.5c8.6 0 15.7-6.3 17.4-14.9.7-5.4-1.1 6.1 14.4-91.3 4.6-22 14.3-19.7 29.3-19.7 71 0 126.4-28.8 142.9-112.3 6.5-34.8 4.6-71.4-23.8-92.6z\"><\/path><\/svg>\t\t\t<\/span>\n\t\t\t\t\t\t\t\t\t<span class=\"elementor-button-text\">SOUTENIR LE PROJET TRAIL TALES<\/span>\n\t\t\t\t\t<\/span>\n\t\t\t\t<\/button>\n\t\t\t\t<\/form>\n\t\t\t\t\t\t<\/div>\n\t\t\t\t\t\t\t\t<\/div>\n\t\t\t\t<\/div>\n\t\t\t\t\t<\/div>\n\t\t\t\t<\/div>\n\t\t\t\t<\/div>\n\t\t","protected":false},"excerpt":{"rendered":"<p>Trail Tales APER\u00c7U \u00c0 The Belize Collection, nous nous engageons \u00e0 prot\u00e9ger l\u2019incroyable faune du Belize. Trail Tales est un projet de suivi de la faune qui utilise un r\u00e9seau de cam\u00e9ras de piste install\u00e9es sur l\u2019ensemble du domaine du Rainforest Lodge at Sleeping Giant afin de rep\u00e9rer et d\u2019\u00e9tudier les f\u00e9lins sauvages et d\u2019autres [&hellip;]<\/p>\n","protected":false},"author":4,"featured_media":0,"parent":0,"menu_order":0,"comment_status":"closed","ping_status":"closed","template":"page-full-width.php","meta":{"_acf_changed":false,"_vp_format_video_url":"","_vp_image_focal_point":[],"footnotes":""},"categories":[],"tags":[],"class_list":["post-71721","page","type-page","status-publish","hentry"],"acf":[],"yoast_head":"<!-- This site is optimized with the Yoast SEO plugin v27.4 - https:\/\/yoast.com\/product\/yoast-seo-wordpress\/ -->\n<title>Trail Tales - The Belize Collection<\/title>\n<meta name=\"robots\" content=\"index, follow, max-snippet:-1, max-image-preview:large, max-video-preview:-1\" \/>\n<link rel=\"canonical\" href=\"https:\/\/thebelizecollection.com\/fr\/trail-tales\/\" \/>\n<meta property=\"og:locale\" content=\"fr_FR\" \/>\n<meta property=\"og:type\" content=\"article\" \/>\n<meta property=\"og:title\" content=\"Trail Tales - The Belize Collection\" \/>\n<meta property=\"og:description\" content=\"Trail Tales APER\u00c7U \u00c0 The Belize Collection, nous nous engageons \u00e0 prot\u00e9ger l\u2019incroyable faune du Belize. Trail Tales est un projet de suivi de la faune qui utilise un r\u00e9seau de cam\u00e9ras de piste install\u00e9es sur l\u2019ensemble du domaine du Rainforest Lodge at Sleeping Giant afin de rep\u00e9rer et d\u2019\u00e9tudier les f\u00e9lins sauvages et d\u2019autres [&hellip;]\" \/>\n<meta property=\"og:url\" content=\"https:\/\/thebelizecollection.com\/fr\/trail-tales\/\" \/>\n<meta property=\"og:site_name\" content=\"The Belize Collection\" \/>\n<meta property=\"article:modified_time\" content=\"2026-04-02T17:14:45+00:00\" \/>\n<meta property=\"og:image\" content=\"https:\/\/thebelizecollection.com\/wp-content\/uploads\/2025\/04\/the-Belize-collection-flower-logo.png\" \/>\n\t<meta property=\"og:image:width\" content=\"100\" \/>\n\t<meta property=\"og:image:height\" content=\"100\" \/>\n\t<meta property=\"og:image:type\" content=\"image\/png\" \/>\n<meta name=\"twitter:card\" content=\"summary_large_image\" \/>\n<meta name=\"twitter:label1\" content=\"Dur\u00e9e de lecture estim\u00e9e\" \/>\n\t<meta name=\"twitter:data1\" content=\"3 minutes\" \/>\n<script type=\"application\/ld+json\" class=\"yoast-schema-graph\">{\"@context\":\"https:\\\/\\\/schema.org\",\"@graph\":[{\"@type\":\"WebPage\",\"@id\":\"https:\\\/\\\/thebelizecollection.com\\\/fr\\\/trail-tales\\\/\",\"url\":\"https:\\\/\\\/thebelizecollection.com\\\/fr\\\/trail-tales\\\/\",\"name\":\"Trail Tales - The Belize Collection\",\"isPartOf\":{\"@id\":\"https:\\\/\\\/thebelizecollection.com\\\/fr\\\/#website\"},\"primaryImageOfPage\":{\"@id\":\"https:\\\/\\\/thebelizecollection.com\\\/fr\\\/trail-tales\\\/#primaryimage\"},\"image\":{\"@id\":\"https:\\\/\\\/thebelizecollection.com\\\/fr\\\/trail-tales\\\/#primaryimage\"},\"thumbnailUrl\":\"https:\\\/\\\/thebelizecollection.com\\\/wp-content\\\/uploads\\\/2025\\\/04\\\/the-Belize-collection-flower-logo.png\",\"datePublished\":\"2025-11-18T17:15:25+00:00\",\"dateModified\":\"2026-04-02T17:14:45+00:00\",\"breadcrumb\":{\"@id\":\"https:\\\/\\\/thebelizecollection.com\\\/fr\\\/trail-tales\\\/#breadcrumb\"},\"inLanguage\":\"fr-FR\",\"potentialAction\":[{\"@type\":\"ReadAction\",\"target\":[\"https:\\\/\\\/thebelizecollection.com\\\/fr\\\/trail-tales\\\/\"]}]},{\"@type\":\"ImageObject\",\"inLanguage\":\"fr-FR\",\"@id\":\"https:\\\/\\\/thebelizecollection.com\\\/fr\\\/trail-tales\\\/#primaryimage\",\"url\":\"https:\\\/\\\/thebelizecollection.com\\\/wp-content\\\/uploads\\\/2025\\\/04\\\/the-Belize-collection-flower-logo.png\",\"contentUrl\":\"https:\\\/\\\/thebelizecollection.com\\\/wp-content\\\/uploads\\\/2025\\\/04\\\/the-Belize-collection-flower-logo.png\"},{\"@type\":\"BreadcrumbList\",\"@id\":\"https:\\\/\\\/thebelizecollection.com\\\/fr\\\/trail-tales\\\/#breadcrumb\",\"itemListElement\":[{\"@type\":\"ListItem\",\"position\":1,\"name\":\"Home\",\"item\":\"https:\\\/\\\/thebelizecollection.com\\\/fr\\\/the-belize-collection-2\\\/\"},{\"@type\":\"ListItem\",\"position\":2,\"name\":\"Trail Tales\"}]},{\"@type\":\"WebSite\",\"@id\":\"https:\\\/\\\/thebelizecollection.com\\\/fr\\\/#website\",\"url\":\"https:\\\/\\\/thebelizecollection.com\\\/fr\\\/\",\"name\":\"The Belize Collection\",\"description\":\"Everything Belize\",\"potentialAction\":[{\"@type\":\"SearchAction\",\"target\":{\"@type\":\"EntryPoint\",\"urlTemplate\":\"https:\\\/\\\/thebelizecollection.com\\\/fr\\\/?s={search_term_string}\"},\"query-input\":{\"@type\":\"PropertyValueSpecification\",\"valueRequired\":true,\"valueName\":\"search_term_string\"}}],\"inLanguage\":\"fr-FR\"}]}<\/script>\n<!-- \/ Yoast SEO plugin. -->","yoast_head_json":{"title":"Trail Tales - The Belize Collection","robots":{"index":"index","follow":"follow","max-snippet":"max-snippet:-1","max-image-preview":"max-image-preview:large","max-video-preview":"max-video-preview:-1"},"canonical":"https:\/\/thebelizecollection.com\/fr\/trail-tales\/","og_locale":"fr_FR","og_type":"article","og_title":"Trail Tales - The Belize Collection","og_description":"Trail Tales APER\u00c7U \u00c0 The Belize Collection, nous nous engageons \u00e0 prot\u00e9ger l\u2019incroyable faune du Belize. Trail Tales est un projet de suivi de la faune qui utilise un r\u00e9seau de cam\u00e9ras de piste install\u00e9es sur l\u2019ensemble du domaine du Rainforest Lodge at Sleeping Giant afin de rep\u00e9rer et d\u2019\u00e9tudier les f\u00e9lins sauvages et d\u2019autres [&hellip;]","og_url":"https:\/\/thebelizecollection.com\/fr\/trail-tales\/","og_site_name":"The Belize Collection","article_modified_time":"2026-04-02T17:14:45+00:00","og_image":[{"width":100,"height":100,"url":"https:\/\/thebelizecollection.com\/wp-content\/uploads\/2025\/04\/the-Belize-collection-flower-logo.png","type":"image\/png"}],"twitter_card":"summary_large_image","twitter_misc":{"Dur\u00e9e de lecture estim\u00e9e":"3 minutes"},"schema":{"@context":"https:\/\/schema.org","@graph":[{"@type":"WebPage","@id":"https:\/\/thebelizecollection.com\/fr\/trail-tales\/","url":"https:\/\/thebelizecollection.com\/fr\/trail-tales\/","name":"Trail Tales - The Belize Collection","isPartOf":{"@id":"https:\/\/thebelizecollection.com\/fr\/#website"},"primaryImageOfPage":{"@id":"https:\/\/thebelizecollection.com\/fr\/trail-tales\/#primaryimage"},"image":{"@id":"https:\/\/thebelizecollection.com\/fr\/trail-tales\/#primaryimage"},"thumbnailUrl":"https:\/\/thebelizecollection.com\/wp-content\/uploads\/2025\/04\/the-Belize-collection-flower-logo.png","datePublished":"2025-11-18T17:15:25+00:00","dateModified":"2026-04-02T17:14:45+00:00","breadcrumb":{"@id":"https:\/\/thebelizecollection.com\/fr\/trail-tales\/#breadcrumb"},"inLanguage":"fr-FR","potentialAction":[{"@type":"ReadAction","target":["https:\/\/thebelizecollection.com\/fr\/trail-tales\/"]}]},{"@type":"ImageObject","inLanguage":"fr-FR","@id":"https:\/\/thebelizecollection.com\/fr\/trail-tales\/#primaryimage","url":"https:\/\/thebelizecollection.com\/wp-content\/uploads\/2025\/04\/the-Belize-collection-flower-logo.png","contentUrl":"https:\/\/thebelizecollection.com\/wp-content\/uploads\/2025\/04\/the-Belize-collection-flower-logo.png"},{"@type":"BreadcrumbList","@id":"https:\/\/thebelizecollection.com\/fr\/trail-tales\/#breadcrumb","itemListElement":[{"@type":"ListItem","position":1,"name":"Home","item":"https:\/\/thebelizecollection.com\/fr\/the-belize-collection-2\/"},{"@type":"ListItem","position":2,"name":"Trail Tales"}]},{"@type":"WebSite","@id":"https:\/\/thebelizecollection.com\/fr\/#website","url":"https:\/\/thebelizecollection.com\/fr\/","name":"The Belize Collection","description":"Everything Belize","potentialAction":[{"@type":"SearchAction","target":{"@type":"EntryPoint","urlTemplate":"https:\/\/thebelizecollection.com\/fr\/?s={search_term_string}"},"query-input":{"@type":"PropertyValueSpecification","valueRequired":true,"valueName":"search_term_string"}}],"inLanguage":"fr-FR"}]}},"jetpack_sharing_enabled":true,"_links":{"self":[{"href":"https:\/\/thebelizecollection.com\/fr\/wp-json\/wp\/v2\/pages\/71721","targetHints":{"allow":["GET"]}}],"collection":[{"href":"https:\/\/thebelizecollection.com\/fr\/wp-json\/wp\/v2\/pages"}],"about":[{"href":"https:\/\/thebelizecollection.com\/fr\/wp-json\/wp\/v2\/types\/page"}],"author":[{"embeddable":true,"href":"https:\/\/thebelizecollection.com\/fr\/wp-json\/wp\/v2\/users\/4"}],"replies":[{"embeddable":true,"href":"https:\/\/thebelizecollection.com\/fr\/wp-json\/wp\/v2\/comments?post=71721"}],"version-history":[{"count":1,"href":"https:\/\/thebelizecollection.com\/fr\/wp-json\/wp\/v2\/pages\/71721\/revisions"}],"predecessor-version":[{"id":71727,"href":"https:\/\/thebelizecollection.com\/fr\/wp-json\/wp\/v2\/pages\/71721\/revisions\/71727"}],"wp:attachment":[{"href":"https:\/\/thebelizecollection.com\/fr\/wp-json\/wp\/v2\/media?parent=71721"}],"wp:term":[{"taxonomy":"category","embeddable":true,"href":"https:\/\/thebelizecollection.com\/fr\/wp-json\/wp\/v2\/categories?post=71721"},{"taxonomy":"post_tag","embeddable":true,"href":"https:\/\/thebelizecollection.com\/fr\/wp-json\/wp\/v2\/tags?post=71721"}],"curies":[{"name":"wp","href":"https:\/\/api.w.org\/{rel}","templated":true}]}}