{"id":71753,"date":"2025-09-19T08:51:22","date_gmt":"2025-09-19T14:51:22","guid":{"rendered":"https:\/\/thebelizecollection.com\/coastal-grooves\/"},"modified":"2026-04-02T11:32:18","modified_gmt":"2026-04-02T17:32:18","slug":"coastal-grooves","status":"publish","type":"page","link":"https:\/\/thebelizecollection.com\/fr\/coastal-grooves\/","title":{"rendered":"Coastal Grooves"},"content":{"rendered":"\t\t<div data-elementor-type=\"wp-page\" data-elementor-id=\"71753\" class=\"elementor elementor-71753 elementor-63335\" data-elementor-post-type=\"page\">\n\t\t\t\t<div class=\"elementor-element elementor-element-18f9bb3 e-con-full e-flex e-con e-parent\" data-id=\"18f9bb3\" data-element_type=\"container\" data-e-type=\"container\" data-settings=\"{&quot;background_background&quot;:&quot;classic&quot;}\">\n\t\t\t\t<\/div>\n\t\t<div class=\"elementor-element elementor-element-37162ff e-flex e-con-boxed e-con e-parent\" data-id=\"37162ff\" data-element_type=\"container\" data-e-type=\"container\">\n\t\t\t\t\t<div class=\"e-con-inner\">\n\t\t\t\t<div class=\"elementor-element elementor-element-32fee3b elementor-widget elementor-widget-spacer\" data-id=\"32fee3b\" data-element_type=\"widget\" data-e-type=\"widget\" data-widget_type=\"spacer.default\">\n\t\t\t\t<div class=\"elementor-widget-container\">\n\t\t\t\t\t\t\t<div class=\"elementor-spacer\">\n\t\t\t<div class=\"elementor-spacer-inner\"><\/div>\n\t\t<\/div>\n\t\t\t\t\t\t<\/div>\n\t\t\t\t<\/div>\n\t\t\t\t\t<\/div>\n\t\t\t\t<\/div>\n\t\t<div class=\"elementor-element elementor-element-4a26b0b e-flex e-con-boxed e-con e-parent\" data-id=\"4a26b0b\" data-element_type=\"container\" data-e-type=\"container\">\n\t\t\t\t\t<div class=\"e-con-inner\">\n\t\t<div class=\"elementor-element elementor-element-e966fcd e-con-full e-flex e-con e-child\" data-id=\"e966fcd\" data-element_type=\"container\" data-e-type=\"container\">\n\t\t\t\t<div class=\"elementor-element elementor-element-77241ba elementor-widget elementor-widget-heading\" data-id=\"77241ba\" data-element_type=\"widget\" data-e-type=\"widget\" data-widget_type=\"heading.default\">\n\t\t\t\t<div class=\"elementor-widget-container\">\n\t\t\t\t\t<h1 class=\"elementor-heading-title elementor-size-default\">Coastal Grooves<\/h1>\t\t\t\t<\/div>\n\t\t\t\t<\/div>\n\t\t\t\t<div class=\"elementor-element elementor-element-3477195 elementor-widget elementor-widget-text-editor\" data-id=\"3477195\" data-element_type=\"widget\" data-e-type=\"widget\" data-widget_type=\"text-editor.default\">\n\t\t\t\t<div class=\"elementor-widget-container\">\n\t\t\t\t\t\t\t\t\t<div class=\"elementor-element elementor-element-3fd73d8 elementor-widget elementor-widget-text-editor\" data-id=\"3fd73d8\" data-element_type=\"widget\" data-widget_type=\"text-editor.default\"><div class=\"elementor-widget-container\">Rejoignez-nous \u00e0 la Paddle House du Lodge at Jaguar Reef pour <em data-start=\"223\" data-end=\"240\" data-is-only-node=\"\">Coastal Grooves, <\/em>notre toute premi\u00e8re soir\u00e9e jazz. Vivez une soir\u00e9e de musique jazz en direct avec Loreto Pelayo, Ryan Delvin et Ian Ashby. Contactez-nous par WhatsApp ou t\u00e9l\u00e9phone au <a href=\"tel:+501-615-2167\" data-wplink-edit=\"true\">(501) 615-2167<\/a> pour r\u00e9server d\u00e8s maintenant.  <\/div><\/div>\t\t\t\t\t\t\t\t<\/div>\n\t\t\t\t<\/div>\n\t\t\t\t<div class=\"elementor-element elementor-element-d9b4613 elementor-widget elementor-widget-text-editor\" data-id=\"d9b4613\" data-element_type=\"widget\" data-e-type=\"widget\" data-widget_type=\"text-editor.default\">\n\t\t\t\t<div class=\"elementor-widget-container\">\n\t\t\t\t\t\t\t\t\t<p><strong>Lieu : <\/strong>Paddle House<\/p><p><strong>Date :<\/strong> 11 octobre 2025<\/p><p><strong>Heure :<\/strong> 18h00 \u2013 20h00<\/p><p><strong>Prix :<\/strong> 20 $ US par personne <em>(le prix du billet inclut un verre de vin)<\/em><\/p>\t\t\t\t\t\t\t\t<\/div>\n\t\t\t\t<\/div>\n\t\t\t\t<div class=\"elementor-element elementor-element-d07b9c7 elementor-widget elementor-widget-button\" data-id=\"d07b9c7\" data-element_type=\"widget\" data-e-type=\"widget\" data-widget_type=\"button.default\">\n\t\t\t\t<div class=\"elementor-widget-container\">\n\t\t\t\t\t\t\t\t\t<div class=\"elementor-button-wrapper\">\n\t\t\t\t\t<a class=\"elementor-button elementor-button-link elementor-size-sm\" href=\"tel:+501-615-2167\">\n\t\t\t\t\t\t<span class=\"elementor-button-content-wrapper\">\n\t\t\t\t\t\t\t\t\t<span class=\"elementor-button-text\">Cliquez ici pour confirmer votre pr\u00e9sence<\/span>\n\t\t\t\t\t<\/span>\n\t\t\t\t\t<\/a>\n\t\t\t\t<\/div>\n\t\t\t\t\t\t\t\t<\/div>\n\t\t\t\t<\/div>\n\t\t\t\t<\/div>\n\t\t<div class=\"elementor-element elementor-element-fb08bde e-con-full e-flex e-con e-child\" data-id=\"fb08bde\" data-element_type=\"container\" data-e-type=\"container\" data-settings=\"{&quot;background_background&quot;:&quot;classic&quot;}\">\n\t\t\t\t<\/div>\n\t\t\t\t\t<\/div>\n\t\t\t\t<\/div>\n\t\t<div class=\"elementor-element elementor-element-d4eb3c1 e-flex e-con-boxed e-con e-parent\" data-id=\"d4eb3c1\" data-element_type=\"container\" data-e-type=\"container\">\n\t\t\t\t\t<div class=\"e-con-inner\">\n\t\t\t\t<div class=\"elementor-element elementor-element-fb605d0 elementor-widget elementor-widget-spacer\" data-id=\"fb605d0\" data-element_type=\"widget\" data-e-type=\"widget\" data-widget_type=\"spacer.default\">\n\t\t\t\t<div class=\"elementor-widget-container\">\n\t\t\t\t\t\t\t<div class=\"elementor-spacer\">\n\t\t\t<div class=\"elementor-spacer-inner\"><\/div>\n\t\t<\/div>\n\t\t\t\t\t\t<\/div>\n\t\t\t\t<\/div>\n\t\t\t\t\t<\/div>\n\t\t\t\t<\/div>\n\t\t<div class=\"elementor-element elementor-element-fb931bf e-flex e-con-boxed e-con e-parent\" data-id=\"fb931bf\" data-element_type=\"container\" data-e-type=\"container\">\n\t\t\t\t\t<div class=\"e-con-inner\">\n\t\t\t\t<div class=\"elementor-element elementor-element-ca22903 elementor-widget elementor-widget-heading\" data-id=\"ca22903\" data-element_type=\"widget\" data-e-type=\"widget\" data-widget_type=\"heading.default\">\n\t\t\t\t<div class=\"elementor-widget-container\">\n\t\t\t\t\t<h1 class=\"elementor-heading-title elementor-size-default\">Rencontrez les artistes<\/h1>\t\t\t\t<\/div>\n\t\t\t\t<\/div>\n\t\t\t\t\t<\/div>\n\t\t\t\t<\/div>\n\t\t<div class=\"elementor-element elementor-element-8d0f503 e-flex e-con-boxed e-con e-parent\" data-id=\"8d0f503\" data-element_type=\"container\" data-e-type=\"container\">\n\t\t\t\t\t<div class=\"e-con-inner\">\n\t\t<div class=\"elementor-element elementor-element-e1e4260 e-con-full e-flex e-con e-child\" data-id=\"e1e4260\" data-element_type=\"container\" data-e-type=\"container\">\n\t\t\t\t<div class=\"elementor-element elementor-element-357c2d3 elementor-widget elementor-widget-image\" data-id=\"357c2d3\" data-element_type=\"widget\" data-e-type=\"widget\" data-widget_type=\"image.default\">\n\t\t\t\t<div class=\"elementor-widget-container\">\n\t\t\t\t\t\t\t\t\t\t\t\t\t\t\t<img fetchpriority=\"high\" decoding=\"async\" width=\"1024\" height=\"1024\" src=\"https:\/\/thebelizecollection.com\/wp-content\/uploads\/2025\/09\/Loretto-1024x1024.jpg\" class=\"attachment-large size-large wp-image-71759\" alt=\"\" srcset=\"https:\/\/thebelizecollection.com\/wp-content\/uploads\/2025\/09\/Loretto-1024x1024.jpg 1024w, https:\/\/thebelizecollection.com\/wp-content\/uploads\/2025\/09\/Loretto-300x300.jpg 300w, https:\/\/thebelizecollection.com\/wp-content\/uploads\/2025\/09\/Loretto-150x150.jpg 150w, https:\/\/thebelizecollection.com\/wp-content\/uploads\/2025\/09\/Loretto-768x768.jpg 768w, https:\/\/thebelizecollection.com\/wp-content\/uploads\/2025\/09\/Loretto-1536x1536.jpg 1536w, https:\/\/thebelizecollection.com\/wp-content\/uploads\/2025\/09\/Loretto-500x500.jpg 500w, https:\/\/thebelizecollection.com\/wp-content\/uploads\/2025\/09\/Loretto-800x800.jpg 800w, https:\/\/thebelizecollection.com\/wp-content\/uploads\/2025\/09\/Loretto-1280x1280.jpg 1280w, https:\/\/thebelizecollection.com\/wp-content\/uploads\/2025\/09\/Loretto-1920x1920.jpg 1920w, https:\/\/thebelizecollection.com\/wp-content\/uploads\/2025\/09\/Loretto-650x650.jpg 650w, https:\/\/thebelizecollection.com\/wp-content\/uploads\/2025\/09\/Loretto-1300x1300.jpg 1300w, https:\/\/thebelizecollection.com\/wp-content\/uploads\/2025\/09\/Loretto.jpg 2048w\" sizes=\"(max-width: 1024px) 100vw, 1024px\" \/>\t\t\t\t\t\t\t\t\t\t\t\t\t\t\t<\/div>\n\t\t\t\t<\/div>\n\t\t\t\t<div class=\"elementor-element elementor-element-683182a elementor-widget elementor-widget-heading\" data-id=\"683182a\" data-element_type=\"widget\" data-e-type=\"widget\" data-widget_type=\"heading.default\">\n\t\t\t\t<div class=\"elementor-widget-container\">\n\t\t\t\t\t<h1 class=\"elementor-heading-title elementor-size-default\">Loreto Pelayo<\/h1>\t\t\t\t<\/div>\n\t\t\t\t<\/div>\n\t\t\t\t<\/div>\n\t\t<div class=\"elementor-element elementor-element-46cee05 e-con-full e-flex e-con e-child\" data-id=\"46cee05\" data-element_type=\"container\" data-e-type=\"container\">\n\t\t\t\t<div class=\"elementor-element elementor-element-e5004f3 elementor-widget elementor-widget-image\" data-id=\"e5004f3\" data-element_type=\"widget\" data-e-type=\"widget\" data-widget_type=\"image.default\">\n\t\t\t\t<div class=\"elementor-widget-container\">\n\t\t\t\t\t\t\t\t\t\t\t\t\t\t\t<img decoding=\"async\" width=\"1024\" height=\"1024\" src=\"https:\/\/thebelizecollection.com\/wp-content\/uploads\/2025\/09\/Ryan-1024x1024.jpg\" class=\"attachment-large size-large wp-image-71760\" alt=\"\" srcset=\"https:\/\/thebelizecollection.com\/wp-content\/uploads\/2025\/09\/Ryan-1024x1024.jpg 1024w, https:\/\/thebelizecollection.com\/wp-content\/uploads\/2025\/09\/Ryan-300x300.jpg 300w, https:\/\/thebelizecollection.com\/wp-content\/uploads\/2025\/09\/Ryan-150x150.jpg 150w, https:\/\/thebelizecollection.com\/wp-content\/uploads\/2025\/09\/Ryan-768x768.jpg 768w, https:\/\/thebelizecollection.com\/wp-content\/uploads\/2025\/09\/Ryan-1536x1536.jpg 1536w, https:\/\/thebelizecollection.com\/wp-content\/uploads\/2025\/09\/Ryan-500x500.jpg 500w, https:\/\/thebelizecollection.com\/wp-content\/uploads\/2025\/09\/Ryan-800x800.jpg 800w, https:\/\/thebelizecollection.com\/wp-content\/uploads\/2025\/09\/Ryan-1280x1280.jpg 1280w, https:\/\/thebelizecollection.com\/wp-content\/uploads\/2025\/09\/Ryan-1920x1920.jpg 1920w, https:\/\/thebelizecollection.com\/wp-content\/uploads\/2025\/09\/Ryan-650x650.jpg 650w, https:\/\/thebelizecollection.com\/wp-content\/uploads\/2025\/09\/Ryan-1300x1300.jpg 1300w, https:\/\/thebelizecollection.com\/wp-content\/uploads\/2025\/09\/Ryan.jpg 2048w\" sizes=\"(max-width: 1024px) 100vw, 1024px\" \/>\t\t\t\t\t\t\t\t\t\t\t\t\t\t\t<\/div>\n\t\t\t\t<\/div>\n\t\t\t\t<div class=\"elementor-element elementor-element-02f7894 elementor-widget elementor-widget-heading\" data-id=\"02f7894\" data-element_type=\"widget\" data-e-type=\"widget\" data-widget_type=\"heading.default\">\n\t\t\t\t<div class=\"elementor-widget-container\">\n\t\t\t\t\t<h1 class=\"elementor-heading-title elementor-size-default\">Ryan Delvin<\/h1>\t\t\t\t<\/div>\n\t\t\t\t<\/div>\n\t\t\t\t<\/div>\n\t\t<div class=\"elementor-element elementor-element-bd1a809 e-con-full e-flex e-con e-child\" data-id=\"bd1a809\" data-element_type=\"container\" data-e-type=\"container\">\n\t\t\t\t<div class=\"elementor-element elementor-element-c560199 elementor-widget elementor-widget-image\" data-id=\"c560199\" data-element_type=\"widget\" data-e-type=\"widget\" data-widget_type=\"image.default\">\n\t\t\t\t<div class=\"elementor-widget-container\">\n\t\t\t\t\t\t\t\t\t\t\t\t\t\t\t<img decoding=\"async\" width=\"1024\" height=\"1024\" src=\"https:\/\/thebelizecollection.com\/wp-content\/uploads\/2025\/09\/Ian-1024x1024.png\" class=\"attachment-large size-large wp-image-71761\" alt=\"\" srcset=\"https:\/\/thebelizecollection.com\/wp-content\/uploads\/2025\/09\/Ian-1024x1024.png 1024w, https:\/\/thebelizecollection.com\/wp-content\/uploads\/2025\/09\/Ian-300x300.png 300w, https:\/\/thebelizecollection.com\/wp-content\/uploads\/2025\/09\/Ian-150x150.png 150w, https:\/\/thebelizecollection.com\/wp-content\/uploads\/2025\/09\/Ian-768x768.png 768w, https:\/\/thebelizecollection.com\/wp-content\/uploads\/2025\/09\/Ian-500x500.png 500w, https:\/\/thebelizecollection.com\/wp-content\/uploads\/2025\/09\/Ian-800x800.png 800w, https:\/\/thebelizecollection.com\/wp-content\/uploads\/2025\/09\/Ian-650x650.png 650w, https:\/\/thebelizecollection.com\/wp-content\/uploads\/2025\/09\/Ian.png 1200w\" sizes=\"(max-width: 1024px) 100vw, 1024px\" \/>\t\t\t\t\t\t\t\t\t\t\t\t\t\t\t<\/div>\n\t\t\t\t<\/div>\n\t\t\t\t<div class=\"elementor-element elementor-element-84fd69f elementor-widget elementor-widget-heading\" data-id=\"84fd69f\" data-element_type=\"widget\" data-e-type=\"widget\" data-widget_type=\"heading.default\">\n\t\t\t\t<div class=\"elementor-widget-container\">\n\t\t\t\t\t<h1 class=\"elementor-heading-title elementor-size-default\">Ian Ashby<\/h1>\t\t\t\t<\/div>\n\t\t\t\t<\/div>\n\t\t\t\t<\/div>\n\t\t\t\t\t<\/div>\n\t\t\t\t<\/div>\n\t\t\t\t<\/div>\n\t\t","protected":false},"excerpt":{"rendered":"<p>Coastal Grooves Rejoignez-nous \u00e0 la Paddle House du Lodge at Jaguar Reef pour Coastal Grooves, notre toute premi\u00e8re soir\u00e9e jazz. Vivez une soir\u00e9e de musique jazz en direct avec Loreto Pelayo, Ryan Delvin et Ian Ashby. Contactez-nous par WhatsApp ou t\u00e9l\u00e9phone au (501) 615-2167 pour r\u00e9server d\u00e8s maintenant. Lieu : Paddle House Date : 11 [&hellip;]<\/p>\n","protected":false},"author":4,"featured_media":71755,"parent":0,"menu_order":0,"comment_status":"closed","ping_status":"closed","template":"page-full-width.php","meta":{"_acf_changed":false,"_vp_format_video_url":"","_vp_image_focal_point":[],"footnotes":""},"categories":[206],"tags":[],"class_list":["post-71753","page","type-page","status-publish","has-post-thumbnail","hentry","category-rassemblement-tbc"],"acf":[],"yoast_head":"<!-- This site is optimized with the Yoast SEO plugin v27.4 - https:\/\/yoast.com\/product\/yoast-seo-wordpress\/ -->\n<title>Coastal Grooves - The Belize Collection<\/title>\n<meta name=\"robots\" content=\"index, follow, max-snippet:-1, max-image-preview:large, max-video-preview:-1\" \/>\n<link rel=\"canonical\" href=\"https:\/\/thebelizecollection.com\/fr\/coastal-grooves\/\" \/>\n<meta property=\"og:locale\" content=\"fr_FR\" \/>\n<meta property=\"og:type\" content=\"article\" \/>\n<meta property=\"og:title\" content=\"Coastal Grooves - The Belize Collection\" \/>\n<meta property=\"og:description\" content=\"Coastal Grooves Rejoignez-nous \u00e0 la Paddle House du Lodge at Jaguar Reef pour Coastal Grooves, notre toute premi\u00e8re soir\u00e9e jazz. Vivez une soir\u00e9e de musique jazz en direct avec Loreto Pelayo, Ryan Delvin et Ian Ashby. Contactez-nous par WhatsApp ou t\u00e9l\u00e9phone au (501) 615-2167 pour r\u00e9server d\u00e8s maintenant. Lieu : Paddle House Date : 11 [&hellip;]\" \/>\n<meta property=\"og:url\" content=\"https:\/\/thebelizecollection.com\/fr\/coastal-grooves\/\" \/>\n<meta property=\"og:site_name\" content=\"The Belize Collection\" \/>\n<meta property=\"article:modified_time\" content=\"2026-04-02T17:32:18+00:00\" \/>\n<meta property=\"og:image\" content=\"https:\/\/thebelizecollection.com\/wp-content\/uploads\/2025\/09\/JRL-Jazz-Night-2048x1365-1.jpg\" \/>\n\t<meta property=\"og:image:width\" content=\"2048\" \/>\n\t<meta property=\"og:image:height\" content=\"1365\" \/>\n\t<meta property=\"og:image:type\" content=\"image\/jpeg\" \/>\n<meta name=\"twitter:card\" content=\"summary_large_image\" \/>\n<script type=\"application\/ld+json\" class=\"yoast-schema-graph\">{\"@context\":\"https:\\\/\\\/schema.org\",\"@graph\":[{\"@type\":\"WebPage\",\"@id\":\"https:\\\/\\\/thebelizecollection.com\\\/fr\\\/coastal-grooves\\\/\",\"url\":\"https:\\\/\\\/thebelizecollection.com\\\/fr\\\/coastal-grooves\\\/\",\"name\":\"Coastal Grooves - The Belize Collection\",\"isPartOf\":{\"@id\":\"https:\\\/\\\/thebelizecollection.com\\\/fr\\\/#website\"},\"primaryImageOfPage\":{\"@id\":\"https:\\\/\\\/thebelizecollection.com\\\/fr\\\/coastal-grooves\\\/#primaryimage\"},\"image\":{\"@id\":\"https:\\\/\\\/thebelizecollection.com\\\/fr\\\/coastal-grooves\\\/#primaryimage\"},\"thumbnailUrl\":\"https:\\\/\\\/thebelizecollection.com\\\/wp-content\\\/uploads\\\/2025\\\/09\\\/JRL-Jazz-Night-2048x1365-1.jpg\",\"datePublished\":\"2025-09-19T14:51:22+00:00\",\"dateModified\":\"2026-04-02T17:32:18+00:00\",\"breadcrumb\":{\"@id\":\"https:\\\/\\\/thebelizecollection.com\\\/fr\\\/coastal-grooves\\\/#breadcrumb\"},\"inLanguage\":\"fr-FR\",\"potentialAction\":[{\"@type\":\"ReadAction\",\"target\":[\"https:\\\/\\\/thebelizecollection.com\\\/fr\\\/coastal-grooves\\\/\"]}]},{\"@type\":\"ImageObject\",\"inLanguage\":\"fr-FR\",\"@id\":\"https:\\\/\\\/thebelizecollection.com\\\/fr\\\/coastal-grooves\\\/#primaryimage\",\"url\":\"https:\\\/\\\/thebelizecollection.com\\\/wp-content\\\/uploads\\\/2025\\\/09\\\/JRL-Jazz-Night-2048x1365-1.jpg\",\"contentUrl\":\"https:\\\/\\\/thebelizecollection.com\\\/wp-content\\\/uploads\\\/2025\\\/09\\\/JRL-Jazz-Night-2048x1365-1.jpg\",\"width\":2048,\"height\":1365},{\"@type\":\"BreadcrumbList\",\"@id\":\"https:\\\/\\\/thebelizecollection.com\\\/fr\\\/coastal-grooves\\\/#breadcrumb\",\"itemListElement\":[{\"@type\":\"ListItem\",\"position\":1,\"name\":\"Home\",\"item\":\"https:\\\/\\\/thebelizecollection.com\\\/fr\\\/the-belize-collection-2\\\/\"},{\"@type\":\"ListItem\",\"position\":2,\"name\":\"Coastal Grooves\"}]},{\"@type\":\"WebSite\",\"@id\":\"https:\\\/\\\/thebelizecollection.com\\\/fr\\\/#website\",\"url\":\"https:\\\/\\\/thebelizecollection.com\\\/fr\\\/\",\"name\":\"The Belize Collection\",\"description\":\"Everything Belize\",\"potentialAction\":[{\"@type\":\"SearchAction\",\"target\":{\"@type\":\"EntryPoint\",\"urlTemplate\":\"https:\\\/\\\/thebelizecollection.com\\\/fr\\\/?s={search_term_string}\"},\"query-input\":{\"@type\":\"PropertyValueSpecification\",\"valueRequired\":true,\"valueName\":\"search_term_string\"}}],\"inLanguage\":\"fr-FR\"}]}<\/script>\n<!-- \/ Yoast SEO plugin. -->","yoast_head_json":{"title":"Coastal Grooves - The Belize Collection","robots":{"index":"index","follow":"follow","max-snippet":"max-snippet:-1","max-image-preview":"max-image-preview:large","max-video-preview":"max-video-preview:-1"},"canonical":"https:\/\/thebelizecollection.com\/fr\/coastal-grooves\/","og_locale":"fr_FR","og_type":"article","og_title":"Coastal Grooves - The Belize Collection","og_description":"Coastal Grooves Rejoignez-nous \u00e0 la Paddle House du Lodge at Jaguar Reef pour Coastal Grooves, notre toute premi\u00e8re soir\u00e9e jazz. Vivez une soir\u00e9e de musique jazz en direct avec Loreto Pelayo, Ryan Delvin et Ian Ashby. Contactez-nous par WhatsApp ou t\u00e9l\u00e9phone au (501) 615-2167 pour r\u00e9server d\u00e8s maintenant. Lieu : Paddle House Date : 11 [&hellip;]","og_url":"https:\/\/thebelizecollection.com\/fr\/coastal-grooves\/","og_site_name":"The Belize Collection","article_modified_time":"2026-04-02T17:32:18+00:00","og_image":[{"width":2048,"height":1365,"url":"https:\/\/thebelizecollection.com\/wp-content\/uploads\/2025\/09\/JRL-Jazz-Night-2048x1365-1.jpg","type":"image\/jpeg"}],"twitter_card":"summary_large_image","schema":{"@context":"https:\/\/schema.org","@graph":[{"@type":"WebPage","@id":"https:\/\/thebelizecollection.com\/fr\/coastal-grooves\/","url":"https:\/\/thebelizecollection.com\/fr\/coastal-grooves\/","name":"Coastal Grooves - The Belize Collection","isPartOf":{"@id":"https:\/\/thebelizecollection.com\/fr\/#website"},"primaryImageOfPage":{"@id":"https:\/\/thebelizecollection.com\/fr\/coastal-grooves\/#primaryimage"},"image":{"@id":"https:\/\/thebelizecollection.com\/fr\/coastal-grooves\/#primaryimage"},"thumbnailUrl":"https:\/\/thebelizecollection.com\/wp-content\/uploads\/2025\/09\/JRL-Jazz-Night-2048x1365-1.jpg","datePublished":"2025-09-19T14:51:22+00:00","dateModified":"2026-04-02T17:32:18+00:00","breadcrumb":{"@id":"https:\/\/thebelizecollection.com\/fr\/coastal-grooves\/#breadcrumb"},"inLanguage":"fr-FR","potentialAction":[{"@type":"ReadAction","target":["https:\/\/thebelizecollection.com\/fr\/coastal-grooves\/"]}]},{"@type":"ImageObject","inLanguage":"fr-FR","@id":"https:\/\/thebelizecollection.com\/fr\/coastal-grooves\/#primaryimage","url":"https:\/\/thebelizecollection.com\/wp-content\/uploads\/2025\/09\/JRL-Jazz-Night-2048x1365-1.jpg","contentUrl":"https:\/\/thebelizecollection.com\/wp-content\/uploads\/2025\/09\/JRL-Jazz-Night-2048x1365-1.jpg","width":2048,"height":1365},{"@type":"BreadcrumbList","@id":"https:\/\/thebelizecollection.com\/fr\/coastal-grooves\/#breadcrumb","itemListElement":[{"@type":"ListItem","position":1,"name":"Home","item":"https:\/\/thebelizecollection.com\/fr\/the-belize-collection-2\/"},{"@type":"ListItem","position":2,"name":"Coastal Grooves"}]},{"@type":"WebSite","@id":"https:\/\/thebelizecollection.com\/fr\/#website","url":"https:\/\/thebelizecollection.com\/fr\/","name":"The Belize Collection","description":"Everything Belize","potentialAction":[{"@type":"SearchAction","target":{"@type":"EntryPoint","urlTemplate":"https:\/\/thebelizecollection.com\/fr\/?s={search_term_string}"},"query-input":{"@type":"PropertyValueSpecification","valueRequired":true,"valueName":"search_term_string"}}],"inLanguage":"fr-FR"}]}},"jetpack_sharing_enabled":true,"_links":{"self":[{"href":"https:\/\/thebelizecollection.com\/fr\/wp-json\/wp\/v2\/pages\/71753","targetHints":{"allow":["GET"]}}],"collection":[{"href":"https:\/\/thebelizecollection.com\/fr\/wp-json\/wp\/v2\/pages"}],"about":[{"href":"https:\/\/thebelizecollection.com\/fr\/wp-json\/wp\/v2\/types\/page"}],"author":[{"embeddable":true,"href":"https:\/\/thebelizecollection.com\/fr\/wp-json\/wp\/v2\/users\/4"}],"replies":[{"embeddable":true,"href":"https:\/\/thebelizecollection.com\/fr\/wp-json\/wp\/v2\/comments?post=71753"}],"version-history":[{"count":2,"href":"https:\/\/thebelizecollection.com\/fr\/wp-json\/wp\/v2\/pages\/71753\/revisions"}],"predecessor-version":[{"id":71769,"href":"https:\/\/thebelizecollection.com\/fr\/wp-json\/wp\/v2\/pages\/71753\/revisions\/71769"}],"wp:featuredmedia":[{"embeddable":true,"href":"https:\/\/thebelizecollection.com\/fr\/wp-json\/wp\/v2\/media\/71755"}],"wp:attachment":[{"href":"https:\/\/thebelizecollection.com\/fr\/wp-json\/wp\/v2\/media?parent=71753"}],"wp:term":[{"taxonomy":"category","embeddable":true,"href":"https:\/\/thebelizecollection.com\/fr\/wp-json\/wp\/v2\/categories?post=71753"},{"taxonomy":"post_tag","embeddable":true,"href":"https:\/\/thebelizecollection.com\/fr\/wp-json\/wp\/v2\/tags?post=71753"}],"curies":[{"name":"wp","href":"https:\/\/api.w.org\/{rel}","templated":true}]}}