{"id":71775,"date":"2025-09-15T08:20:16","date_gmt":"2025-09-15T14:20:16","guid":{"rendered":"https:\/\/thebelizecollection.com\/marees-sentiers\/"},"modified":"2026-04-21T20:22:34","modified_gmt":"2026-04-22T02:22:34","slug":"marees-sentiers","status":"publish","type":"page","link":"https:\/\/thebelizecollection.com\/fr\/forfaits-vacances\/marees-sentiers\/","title":{"rendered":"Mar\u00e9es &amp; Sentiers"},"content":{"rendered":"\t\t<div data-elementor-type=\"wp-page\" data-elementor-id=\"71775\" class=\"elementor elementor-71775 elementor-63232\" data-elementor-post-type=\"page\">\n\t\t\t\t<div class=\"elementor-element elementor-element-4473328 e-con-full elementor-hidden-mobile e-flex e-con e-parent\" data-id=\"4473328\" data-element_type=\"container\" data-e-type=\"container\" data-settings=\"{&quot;background_background&quot;:&quot;classic&quot;}\">\n\t\t\t\t<\/div>\n\t\t<div class=\"elementor-element elementor-element-2196309 e-flex e-con-boxed e-con e-parent\" data-id=\"2196309\" data-element_type=\"container\" data-e-type=\"container\">\n\t\t\t\t\t<div class=\"e-con-inner\">\n\t\t<div class=\"elementor-element elementor-element-7146179 e-con-full e-flex e-con e-child\" data-id=\"7146179\" data-element_type=\"container\" data-e-type=\"container\" data-settings=\"{&quot;background_background&quot;:&quot;classic&quot;}\">\n\t\t\t\t<\/div>\n\t\t<div class=\"elementor-element elementor-element-794abc5 e-con-full e-flex e-con e-child\" data-id=\"794abc5\" data-element_type=\"container\" data-e-type=\"container\">\n\t\t\t\t<div class=\"elementor-element elementor-element-f8fac7e elementor-widget elementor-widget-heading\" data-id=\"f8fac7e\" data-element_type=\"widget\" data-e-type=\"widget\" data-widget_type=\"heading.default\">\n\t\t\t\t<div class=\"elementor-widget-container\">\n\t\t\t\t\t<h1 class=\"elementor-heading-title elementor-size-default\">Mar\u00e9es &amp; Sentiers<\/h1>\t\t\t\t<\/div>\n\t\t\t\t<\/div>\n\t\t\t\t<div class=\"elementor-element elementor-element-448a2d8 elementor-widget elementor-widget-heading\" data-id=\"448a2d8\" data-element_type=\"widget\" data-e-type=\"widget\" data-widget_type=\"heading.default\">\n\t\t\t\t<div class=\"elementor-widget-container\">\n\t\t\t\t\t<h3 class=\"elementor-heading-title elementor-size-default\">Naviguez en mer, explorez la jungle<\/h3>\t\t\t\t<\/div>\n\t\t\t\t<\/div>\n\t\t\t\t<div class=\"elementor-element elementor-element-6a5b9fa elementor-widget elementor-widget-text-editor\" data-id=\"6a5b9fa\" data-element_type=\"widget\" data-e-type=\"widget\" data-widget_type=\"text-editor.default\">\n\t\t\t\t<div class=\"elementor-widget-container\">\n\t\t\t\t\t\t\t\t\t<div class=\"elementor-element elementor-element-3fd73d8 elementor-widget elementor-widget-text-editor\" data-id=\"3fd73d8\" data-element_type=\"widget\" data-widget_type=\"text-editor.default\"><div class=\"elementor-widget-container\"><span class=\"TextRun SCXW108837009 BCX0\" lang=\"EN-BZ\" xml:lang=\"EN-BZ\" data-contrast=\"auto\"><span class=\"NormalTextRun SCXW108837009 BCX0\">Vivez <\/span><span class=\"NormalTextRun SCXW108837009 BCX0\">l\u2019<\/span><span class=\"NormalTextRun SCXW108837009 BCX0\">exp\u00e9rience Tides &amp; Trails<\/span><span class=\"NormalTextRun SCXW108837009 BCX0\"> au Belize<\/span><span class=\"NormalTextRun SCXW108837009 BCX0\"> en r\u00e9servant ce <\/span><span class=\"NormalTextRun SCXW108837009 BCX0\">forfait de 7 nuits<\/span><span class=\"NormalTextRun SCXW108837009 BCX0\"> avec <\/span><span class=\"NormalTextRun SCXW108837009 BCX0\">The Rainforest Lodge at Sleeping Giant et Belize Sailing Vacations<\/span><span class=\"NormalTextRun SCXW108837009 BCX0\">. <\/span><span class=\"NormalTextRun SCXW108837009 BCX0\">Nous<\/span> <span class=\"NormalTextRun SCXW108837009 BCX0\">nous sommes associ\u00e9s <\/span><span class=\"NormalTextRun SCXW108837009 BCX0\">pour vous offrir <\/span><span class=\"NormalTextRun SCXW108837009 BCX0\">les paysages de la mer et les sons de la jungle en un seul s\u00e9jour exceptionnel.<\/span><\/span><\/div><\/div>\t\t\t\t\t\t\t\t<\/div>\n\t\t\t\t<\/div>\n\t\t\t\t<div class=\"elementor-element elementor-element-6afd7e8 elementor-widget elementor-widget-heading\" data-id=\"6afd7e8\" data-element_type=\"widget\" data-e-type=\"widget\" data-widget_type=\"heading.default\">\n\t\t\t\t<div class=\"elementor-widget-container\">\n\t\t\t\t\t<h2 class=\"elementor-heading-title elementor-size-default\">Inclus dans cette exp\u00e9rience :<\/h2>\t\t\t\t<\/div>\n\t\t\t\t<\/div>\n\t\t\t\t<div class=\"elementor-element elementor-element-ff86a5f elementor-widget elementor-widget-text-editor\" data-id=\"ff86a5f\" data-element_type=\"widget\" data-e-type=\"widget\" data-widget_type=\"text-editor.default\">\n\t\t\t\t<div class=\"elementor-widget-container\">\n\t\t\t\t\t\t\t\t\t<p aria-level=\"3\"><strong>Avec Belize Sailing Vacations <\/strong><\/p><ul><li><span data-contrast=\"auto\">Transfert priv\u00e9 par la route de l\u2019a\u00e9roport international du Belize \u00e0 Cucumber Beach Marina<\/span><span data-ccp-props=\"{}\"> <\/span><\/li><li><span data-contrast=\"auto\">4 nuits en cabines Queen \u00e0 bord de Magnificent, un catamaran BALI 4.8<\/span><span data-ccp-props=\"{}\"> <\/span><\/li><li><span data-contrast=\"auto\">\u00c9quipage d\u00e9di\u00e9 compos\u00e9 d\u2019un capitaine et d\u2019un chef\/premier officier<\/span><span data-ccp-props=\"{}\"> <\/span><\/li><li><span data-contrast=\"auto\">Tous les repas, y compris le petit-d\u00e9jeuner, le d\u00e9jeuner, les canap\u00e9s, le d\u00eener et le dessert<\/span><span data-ccp-props=\"{}\"> <\/span><\/li><li><span data-contrast=\"auto\">Bar ouvert \u00e0 bord, incluant bi\u00e8re, cocktails au rhum et vin au d\u00eener<\/span><span data-ccp-props=\"{}\"> <\/span><\/li><li><span data-contrast=\"auto\">\u00c9quipement pour la p\u00eache, le kayak, le paddle et le snorkeling<\/span><span data-ccp-props=\"{}\"> <\/span><\/li><\/ul><p><i><span data-contrast=\"auto\">Les pourboires de l\u2019\u00e9quipage et les activit\u00e9s hors du bateau, telles que les repas au restaurant, la plong\u00e9e sous-marine, la p\u00eache sp\u00e9cialis\u00e9e ou les soins au spa, ne sont pas inclus dans le prix.<\/span><\/i><span data-ccp-props=\"{}\"> <\/span><\/p><p> <\/p><p aria-level=\"3\"><strong>\u00c0 The Rainforest Lodge at Sleeping Giant <\/strong><\/p><ul><li><span data-contrast=\"auto\">Transfert priv\u00e9 par la route de Sittee River Marina \u00e0 The Rainforest Lodge at Sleeping Giant, avec un arr\u00eat \u00e0 The Paddle House at Jaguar Reef pour un d\u00e9jeuner en deux services<\/span><span data-ccp-props=\"{}\"> <\/span><\/li><li><span data-contrast=\"auto\">3 nuits dans deux suites Mountain View avec bassin de plong\u00e9e<\/span><span data-ccp-props=\"{}\"> <\/span><\/li><li><span data-contrast=\"auto\">Petit-d\u00e9jeuner \u00e0 un plat, d\u00e9jeuner \u00e0 deux plats et d\u00eener \u00e0 trois plats quotidiens<\/span><span data-ccp-props=\"{}\"> <\/span><\/li><li><span data-contrast=\"auto\">Pique-nique priv\u00e9 au Gazebo ou au Nest, incluant 1 bouteille de champagne et un plateau de fruits<\/span><span data-ccp-props=\"{}\"> <\/span><\/li><li><span data-contrast=\"auto\">Exp\u00e9rience de cours de cuisine maya<\/span><span data-ccp-props=\"{}\"> <\/span><\/li><li><span data-contrast=\"auto\">D\u00eener priv\u00e9 en trois services \u00e0 The Cliff<\/span><span data-ccp-props=\"{}\"> <\/span><\/li><li><span data-contrast=\"auto\">Visite de la grotte c\u00e9r\u00e9monielle<\/span><span data-ccp-props=\"{}\"> <\/span><\/li><li><span data-contrast=\"auto\">Transfert priv\u00e9 vers l\u2019a\u00e9roport international du Belize<\/span><span data-ccp-props=\"{}\"> <\/span><\/li><li><span data-contrast=\"auto\">Acc\u00e8s \u00e0 des v\u00e9los et kayaks offerts<\/span><span data-ccp-props=\"{}\"> <\/span><\/li><\/ul>\t\t\t\t\t\t\t\t<\/div>\n\t\t\t\t<\/div>\n\t\t\t\t<div class=\"elementor-element elementor-element-1155a70 elementor-widget elementor-widget-heading\" data-id=\"1155a70\" data-element_type=\"widget\" data-e-type=\"widget\" data-widget_type=\"heading.default\">\n\t\t\t\t<div class=\"elementor-widget-container\">\n\t\t\t\t\t<h2 class=\"elementor-heading-title elementor-size-default\">18\u202f655,00 $ USD<\/h2>\t\t\t\t<\/div>\n\t\t\t\t<\/div>\n\t\t\t\t<div class=\"elementor-element elementor-element-1a3155e elementor-widget elementor-widget-text-editor\" data-id=\"1a3155e\" data-element_type=\"widget\" data-e-type=\"widget\" data-widget_type=\"text-editor.default\">\n\t\t\t\t<div class=\"elementor-widget-container\">\n\t\t\t\t\t\t\t\t\t<ul><li><span data-contrast=\"auto\">Comprend toutes les taxes et frais<\/span><span data-ccp-props=\"{}\"> <\/span><\/li><li><span data-contrast=\"auto\">Le prix est en USD et bas\u00e9 sur quatre personnes<\/span><span data-ccp-props=\"{}\"> <\/span><\/li><li><span data-contrast=\"auto\">Les portions non utilis\u00e9es du forfait ne peuvent pas \u00eatre r\u00e9clam\u00e9es sous forme de cr\u00e9dit<\/span><span data-ccp-props=\"{}\"> <\/span><\/li><li><span data-contrast=\"auto\">D&#8217;autres conditions peuvent s&#8217;appliquer<\/span><span data-ccp-props=\"{}\"> <\/span><\/li><\/ul>\t\t\t\t\t\t\t\t<\/div>\n\t\t\t\t<\/div>\n\t\t<div class=\"elementor-element elementor-element-15989e3 e-grid e-con-full e-con e-child\" data-id=\"15989e3\" data-element_type=\"container\" data-e-type=\"container\">\n\t\t\t\t<div class=\"elementor-element elementor-element-d46ed7b elementor-align-left elementor-widget elementor-widget-button\" data-id=\"d46ed7b\" data-element_type=\"widget\" data-e-type=\"widget\" data-widget_type=\"button.default\">\n\t\t\t\t<div class=\"elementor-widget-container\">\n\t\t\t\t\t\t\t\t\t<div class=\"elementor-button-wrapper\">\n\t\t\t\t\t<a class=\"elementor-button elementor-button-link elementor-size-sm\" href=\"https:\/\/thebelizecollection.com\/fr\/contactez-nous\/\">\n\t\t\t\t\t\t<span class=\"elementor-button-content-wrapper\">\n\t\t\t\t\t\t\t\t\t<span class=\"elementor-button-text\">CONTACTEZ-NOUS<\/span>\n\t\t\t\t\t<\/span>\n\t\t\t\t\t<\/a>\n\t\t\t\t<\/div>\n\t\t\t\t\t\t\t\t<\/div>\n\t\t\t\t<\/div>\n\t\t\t\t<div class=\"elementor-element elementor-element-fade907 elementor-align-left elementor-widget elementor-widget-button\" data-id=\"fade907\" data-element_type=\"widget\" data-e-type=\"widget\" data-widget_type=\"button.default\">\n\t\t\t\t<div class=\"elementor-widget-container\">\n\t\t\t\t\t\t\t\t\t<div class=\"elementor-button-wrapper\">\n\t\t\t\t\t<a class=\"elementor-button elementor-button-link elementor-size-sm\" href=\"https:\/\/thebelizecollection.com\/fr\/forfaits-vacances\/\">\n\t\t\t\t\t\t<span class=\"elementor-button-content-wrapper\">\n\t\t\t\t\t\t<span class=\"elementor-button-icon\">\n\t\t\t\t<svg aria-hidden=\"true\" class=\"e-font-icon-svg e-fas-arrow-left\" viewBox=\"0 0 448 512\" xmlns=\"http:\/\/www.w3.org\/2000\/svg\"><path d=\"M257.5 445.1l-22.2 22.2c-9.4 9.4-24.6 9.4-33.9 0L7 273c-9.4-9.4-9.4-24.6 0-33.9L201.4 44.7c9.4-9.4 24.6-9.4 33.9 0l22.2 22.2c9.5 9.5 9.3 25-.4 34.3L136.6 216H424c13.3 0 24 10.7 24 24v32c0 13.3-10.7 24-24 24H136.6l120.5 114.8c9.8 9.3 10 24.8.4 34.3z\"><\/path><\/svg>\t\t\t<\/span>\n\t\t\t\t\t\t\t\t\t<span class=\"elementor-button-text\">VOIR LES FORFAITS VACANCES<\/span>\n\t\t\t\t\t<\/span>\n\t\t\t\t\t<\/a>\n\t\t\t\t<\/div>\n\t\t\t\t\t\t\t\t<\/div>\n\t\t\t\t<\/div>\n\t\t\t\t<\/div>\n\t\t\t\t<\/div>\n\t\t\t\t\t<\/div>\n\t\t\t\t<\/div>\n\t\t<div class=\"elementor-element elementor-element-b6e03b7 e-flex e-con-boxed e-con e-parent\" data-id=\"b6e03b7\" data-element_type=\"container\" data-e-type=\"container\">\n\t\t\t\t\t<div class=\"e-con-inner\">\n\t\t\t\t<div class=\"elementor-element elementor-element-e89418f elementor-widget elementor-widget-spacer\" data-id=\"e89418f\" data-element_type=\"widget\" data-e-type=\"widget\" data-widget_type=\"spacer.default\">\n\t\t\t\t<div class=\"elementor-widget-container\">\n\t\t\t\t\t\t\t<div class=\"elementor-spacer\">\n\t\t\t<div class=\"elementor-spacer-inner\"><\/div>\n\t\t<\/div>\n\t\t\t\t\t\t<\/div>\n\t\t\t\t<\/div>\n\t\t\t\t\t<\/div>\n\t\t\t\t<\/div>\n\t\t\t\t<\/div>\n\t\t","protected":false},"excerpt":{"rendered":"<p>Mar\u00e9es &amp; Sentiers Naviguez en mer, explorez la jungle Vivez l\u2019exp\u00e9rience Tides &amp; Trails au Belize en r\u00e9servant ce forfait de 7 nuits avec The Rainforest Lodge at Sleeping Giant et Belize Sailing Vacations. Nous nous sommes associ\u00e9s pour vous offrir les paysages de la mer et les sons de la jungle en un seul [&hellip;]<\/p>\n","protected":false},"author":4,"featured_media":0,"parent":74303,"menu_order":0,"comment_status":"closed","ping_status":"closed","template":"page-full-width.php","meta":{"_acf_changed":false,"_vp_format_video_url":"","_vp_image_focal_point":[],"footnotes":""},"categories":[],"tags":[],"class_list":["post-71775","page","type-page","status-publish","hentry"],"acf":[],"yoast_head":"<!-- This site is optimized with the Yoast SEO plugin v27.5 - https:\/\/yoast.com\/product\/yoast-seo-wordpress\/ -->\n<title>Mar\u00e9es &amp; Sentiers - The Belize Collection<\/title>\n<meta name=\"robots\" content=\"index, follow, max-snippet:-1, max-image-preview:large, max-video-preview:-1\" \/>\n<link rel=\"canonical\" href=\"https:\/\/thebelizecollection.com\/fr\/forfaits-vacances\/marees-sentiers\/\" \/>\n<meta property=\"og:locale\" content=\"fr_FR\" \/>\n<meta property=\"og:type\" content=\"article\" \/>\n<meta property=\"og:title\" content=\"Mar\u00e9es &amp; Sentiers - The Belize Collection\" \/>\n<meta property=\"og:description\" content=\"Mar\u00e9es &amp; Sentiers Naviguez en mer, explorez la jungle Vivez l\u2019exp\u00e9rience Tides &amp; Trails au Belize en r\u00e9servant ce forfait de 7 nuits avec The Rainforest Lodge at Sleeping Giant et Belize Sailing Vacations. Nous nous sommes associ\u00e9s pour vous offrir les paysages de la mer et les sons de la jungle en un seul [&hellip;]\" \/>\n<meta property=\"og:url\" content=\"https:\/\/thebelizecollection.com\/fr\/forfaits-vacances\/marees-sentiers\/\" \/>\n<meta property=\"og:site_name\" content=\"The Belize Collection\" \/>\n<meta property=\"article:modified_time\" content=\"2026-04-22T02:22:34+00:00\" \/>\n<meta name=\"twitter:card\" content=\"summary_large_image\" \/>\n<meta name=\"twitter:label1\" content=\"Dur\u00e9e de lecture estim\u00e9e\" \/>\n\t<meta name=\"twitter:data1\" content=\"2 minutes\" \/>\n<script type=\"application\/ld+json\" class=\"yoast-schema-graph\">{\"@context\":\"https:\\\/\\\/schema.org\",\"@graph\":[{\"@type\":\"WebPage\",\"@id\":\"https:\\\/\\\/thebelizecollection.com\\\/fr\\\/forfaits-vacances\\\/marees-sentiers\\\/\",\"url\":\"https:\\\/\\\/thebelizecollection.com\\\/fr\\\/forfaits-vacances\\\/marees-sentiers\\\/\",\"name\":\"Mar\u00e9es &amp; Sentiers - The Belize Collection\",\"isPartOf\":{\"@id\":\"https:\\\/\\\/thebelizecollection.com\\\/fr\\\/#website\"},\"datePublished\":\"2025-09-15T14:20:16+00:00\",\"dateModified\":\"2026-04-22T02:22:34+00:00\",\"breadcrumb\":{\"@id\":\"https:\\\/\\\/thebelizecollection.com\\\/fr\\\/forfaits-vacances\\\/marees-sentiers\\\/#breadcrumb\"},\"inLanguage\":\"fr-FR\",\"potentialAction\":[{\"@type\":\"ReadAction\",\"target\":[\"https:\\\/\\\/thebelizecollection.com\\\/fr\\\/forfaits-vacances\\\/marees-sentiers\\\/\"]}]},{\"@type\":\"BreadcrumbList\",\"@id\":\"https:\\\/\\\/thebelizecollection.com\\\/fr\\\/forfaits-vacances\\\/marees-sentiers\\\/#breadcrumb\",\"itemListElement\":[{\"@type\":\"ListItem\",\"position\":1,\"name\":\"Home\",\"item\":\"https:\\\/\\\/thebelizecollection.com\\\/fr\\\/the-belize-collection-2\\\/\"},{\"@type\":\"ListItem\",\"position\":2,\"name\":\"Forfaits Vacances\",\"item\":\"https:\\\/\\\/thebelizecollection.com\\\/fr\\\/forfaits-vacances\\\/\"},{\"@type\":\"ListItem\",\"position\":3,\"name\":\"Mar\u00e9es &amp; Sentiers\"}]},{\"@type\":\"WebSite\",\"@id\":\"https:\\\/\\\/thebelizecollection.com\\\/fr\\\/#website\",\"url\":\"https:\\\/\\\/thebelizecollection.com\\\/fr\\\/\",\"name\":\"The Belize Collection\",\"description\":\"Everything Belize\",\"potentialAction\":[{\"@type\":\"SearchAction\",\"target\":{\"@type\":\"EntryPoint\",\"urlTemplate\":\"https:\\\/\\\/thebelizecollection.com\\\/fr\\\/?s={search_term_string}\"},\"query-input\":{\"@type\":\"PropertyValueSpecification\",\"valueRequired\":true,\"valueName\":\"search_term_string\"}}],\"inLanguage\":\"fr-FR\"}]}<\/script>\n<!-- \/ Yoast SEO plugin. -->","yoast_head_json":{"title":"Mar\u00e9es &amp; Sentiers - The Belize Collection","robots":{"index":"index","follow":"follow","max-snippet":"max-snippet:-1","max-image-preview":"max-image-preview:large","max-video-preview":"max-video-preview:-1"},"canonical":"https:\/\/thebelizecollection.com\/fr\/forfaits-vacances\/marees-sentiers\/","og_locale":"fr_FR","og_type":"article","og_title":"Mar\u00e9es &amp; Sentiers - The Belize Collection","og_description":"Mar\u00e9es &amp; Sentiers Naviguez en mer, explorez la jungle Vivez l\u2019exp\u00e9rience Tides &amp; Trails au Belize en r\u00e9servant ce forfait de 7 nuits avec The Rainforest Lodge at Sleeping Giant et Belize Sailing Vacations. Nous nous sommes associ\u00e9s pour vous offrir les paysages de la mer et les sons de la jungle en un seul [&hellip;]","og_url":"https:\/\/thebelizecollection.com\/fr\/forfaits-vacances\/marees-sentiers\/","og_site_name":"The Belize Collection","article_modified_time":"2026-04-22T02:22:34+00:00","twitter_card":"summary_large_image","twitter_misc":{"Dur\u00e9e de lecture estim\u00e9e":"2 minutes"},"schema":{"@context":"https:\/\/schema.org","@graph":[{"@type":"WebPage","@id":"https:\/\/thebelizecollection.com\/fr\/forfaits-vacances\/marees-sentiers\/","url":"https:\/\/thebelizecollection.com\/fr\/forfaits-vacances\/marees-sentiers\/","name":"Mar\u00e9es &amp; Sentiers - The Belize Collection","isPartOf":{"@id":"https:\/\/thebelizecollection.com\/fr\/#website"},"datePublished":"2025-09-15T14:20:16+00:00","dateModified":"2026-04-22T02:22:34+00:00","breadcrumb":{"@id":"https:\/\/thebelizecollection.com\/fr\/forfaits-vacances\/marees-sentiers\/#breadcrumb"},"inLanguage":"fr-FR","potentialAction":[{"@type":"ReadAction","target":["https:\/\/thebelizecollection.com\/fr\/forfaits-vacances\/marees-sentiers\/"]}]},{"@type":"BreadcrumbList","@id":"https:\/\/thebelizecollection.com\/fr\/forfaits-vacances\/marees-sentiers\/#breadcrumb","itemListElement":[{"@type":"ListItem","position":1,"name":"Home","item":"https:\/\/thebelizecollection.com\/fr\/the-belize-collection-2\/"},{"@type":"ListItem","position":2,"name":"Forfaits Vacances","item":"https:\/\/thebelizecollection.com\/fr\/forfaits-vacances\/"},{"@type":"ListItem","position":3,"name":"Mar\u00e9es &amp; Sentiers"}]},{"@type":"WebSite","@id":"https:\/\/thebelizecollection.com\/fr\/#website","url":"https:\/\/thebelizecollection.com\/fr\/","name":"The Belize Collection","description":"Everything Belize","potentialAction":[{"@type":"SearchAction","target":{"@type":"EntryPoint","urlTemplate":"https:\/\/thebelizecollection.com\/fr\/?s={search_term_string}"},"query-input":{"@type":"PropertyValueSpecification","valueRequired":true,"valueName":"search_term_string"}}],"inLanguage":"fr-FR"}]}},"jetpack_sharing_enabled":true,"_links":{"self":[{"href":"https:\/\/thebelizecollection.com\/fr\/wp-json\/wp\/v2\/pages\/71775","targetHints":{"allow":["GET"]}}],"collection":[{"href":"https:\/\/thebelizecollection.com\/fr\/wp-json\/wp\/v2\/pages"}],"about":[{"href":"https:\/\/thebelizecollection.com\/fr\/wp-json\/wp\/v2\/types\/page"}],"author":[{"embeddable":true,"href":"https:\/\/thebelizecollection.com\/fr\/wp-json\/wp\/v2\/users\/4"}],"replies":[{"embeddable":true,"href":"https:\/\/thebelizecollection.com\/fr\/wp-json\/wp\/v2\/comments?post=71775"}],"version-history":[{"count":2,"href":"https:\/\/thebelizecollection.com\/fr\/wp-json\/wp\/v2\/pages\/71775\/revisions"}],"predecessor-version":[{"id":71801,"href":"https:\/\/thebelizecollection.com\/fr\/wp-json\/wp\/v2\/pages\/71775\/revisions\/71801"}],"up":[{"embeddable":true,"href":"https:\/\/thebelizecollection.com\/fr\/wp-json\/wp\/v2\/pages\/74303"}],"wp:attachment":[{"href":"https:\/\/thebelizecollection.com\/fr\/wp-json\/wp\/v2\/media?parent=71775"}],"wp:term":[{"taxonomy":"category","embeddable":true,"href":"https:\/\/thebelizecollection.com\/fr\/wp-json\/wp\/v2\/categories?post=71775"},{"taxonomy":"post_tag","embeddable":true,"href":"https:\/\/thebelizecollection.com\/fr\/wp-json\/wp\/v2\/tags?post=71775"}],"curies":[{"name":"wp","href":"https:\/\/api.w.org\/{rel}","templated":true}]}}