{"id":71802,"date":"2025-09-17T14:21:33","date_gmt":"2025-09-17T20:21:33","guid":{"rendered":"https:\/\/thebelizecollection.com\/decouvrez-le-mundo-maya\/"},"modified":"2026-04-21T20:22:48","modified_gmt":"2026-04-22T02:22:48","slug":"decouvrez-le-mundo-maya","status":"publish","type":"page","link":"https:\/\/thebelizecollection.com\/fr\/forfaits-vacances\/decouvrez-le-mundo-maya\/","title":{"rendered":"D\u00e9couvrez le Mundo Maya"},"content":{"rendered":"\t\t<div data-elementor-type=\"wp-page\" data-elementor-id=\"71802\" class=\"elementor elementor-71802 elementor-63294\" data-elementor-post-type=\"page\">\n\t\t\t\t<div class=\"elementor-element elementor-element-099a814 e-con-full elementor-hidden-mobile e-flex e-con e-parent\" data-id=\"099a814\" data-element_type=\"container\" data-e-type=\"container\" data-settings=\"{&quot;background_background&quot;:&quot;classic&quot;}\">\n\t\t\t\t<\/div>\n\t\t<div class=\"elementor-element elementor-element-7b4ae98 e-flex e-con-boxed e-con e-parent\" data-id=\"7b4ae98\" data-element_type=\"container\" data-e-type=\"container\">\n\t\t\t\t\t<div class=\"e-con-inner\">\n\t\t<div class=\"elementor-element elementor-element-dd51f1e e-con-full e-flex e-con e-child\" data-id=\"dd51f1e\" data-element_type=\"container\" data-e-type=\"container\" data-settings=\"{&quot;background_background&quot;:&quot;classic&quot;}\">\n\t\t\t\t<\/div>\n\t\t<div class=\"elementor-element elementor-element-c56142c e-con-full e-flex e-con e-child\" data-id=\"c56142c\" data-element_type=\"container\" data-e-type=\"container\">\n\t\t\t\t<div class=\"elementor-element elementor-element-bd08f74 elementor-widget elementor-widget-heading\" data-id=\"bd08f74\" data-element_type=\"widget\" data-e-type=\"widget\" data-widget_type=\"heading.default\">\n\t\t\t\t<div class=\"elementor-widget-container\">\n\t\t\t\t\t<h1 class=\"elementor-heading-title elementor-size-default\">D\u00e9couvrez le Mundo Maya<\/h1>\t\t\t\t<\/div>\n\t\t\t\t<\/div>\n\t\t\t\t<div class=\"elementor-element elementor-element-cb0c736 elementor-widget elementor-widget-heading\" data-id=\"cb0c736\" data-element_type=\"widget\" data-e-type=\"widget\" data-widget_type=\"heading.default\">\n\t\t\t\t<div class=\"elementor-widget-container\">\n\t\t\t\t\t<h3 class=\"elementor-heading-title elementor-size-default\">D\u00e9couvrez les secrets de l\u2019Am\u00e9rique centrale<\/h3>\t\t\t\t<\/div>\n\t\t\t\t<\/div>\n\t\t\t\t<div class=\"elementor-element elementor-element-14bac4c elementor-widget elementor-widget-text-editor\" data-id=\"14bac4c\" data-element_type=\"widget\" data-e-type=\"widget\" data-widget_type=\"text-editor.default\">\n\t\t\t\t<div class=\"elementor-widget-container\">\n\t\t\t\t\t\t\t\t\t<div class=\"elementor-element elementor-element-3fd73d8 elementor-widget elementor-widget-text-editor\" data-id=\"3fd73d8\" data-element_type=\"widget\" data-widget_type=\"text-editor.default\"><div class=\"elementor-widget-container\"><span class=\"TextRun SCXW125948553 BCX0\" lang=\"EN-BZ\" xml:lang=\"EN-BZ\" data-contrast=\"auto\"><span class=\"NormalTextRun SCXW125948553 BCX0\">Avec ce forfait vacances, <\/span><span class=\"NormalTextRun SCXW125948553 BCX0\">votre aventure commence sur le<\/span> <span class=\"NormalTextRun SCXW125948553 BCX0\">lac Pet\u00e9n Itz\u00e1<\/span><span class=\"NormalTextRun SCXW125948553 BCX0\"> au Guatemala<\/span><span class=\"NormalTextRun SCXW125948553 BCX0\">,<\/span> <span class=\"NormalTextRun SCXW125948553 BCX0\">envelopp\u00e9 d\u2019une s\u00e9r\u00e9nit\u00e9 absolue. Une fois la fronti\u00e8re travers\u00e9e, votre voyage vous emm\u00e8ne dans<\/span> <span class=\"NormalTextRun SCXW125948553 BCX0\"> la <\/span><span class=\"NormalTextRun SCXW125948553 BCX0\">jungle<\/span><span class=\"NormalTextRun SCXW125948553 BCX0\"> luxuriante<\/span><span class=\"NormalTextRun SCXW125948553 BCX0\"> du Belize<\/span><span class=\"NormalTextRun SCXW125948553 BCX0\"> o\u00f9 <\/span><span class=\"NormalTextRun SCXW125948553 BCX0\">vous<\/span><span class=\"NormalTextRun SCXW125948553 BCX0\"> pourrez<\/span><span class=\"NormalTextRun SCXW125948553 BCX0\"> vous d\u00e9connecter<\/span><span class=\"NormalTextRun SCXW125948553 BCX0\"> du stress quotidien<\/span><span class=\"NormalTextRun SCXW125948553 BCX0\">. <\/span><span class=\"NormalTextRun SCXW125948553 BCX0\">Con\u00e7ues pour<\/span><span class=\"NormalTextRun SCXW125948553 BCX0\"> le voyageur<\/span><span class=\"NormalTextRun SCXW125948553 BCX0\"> curieux, <\/span><span class=\"NormalTextRun SCXW125948553 BCX0\">ces activit\u00e9s vous plongent au c\u0153ur du Mundo Maya<\/span><span class=\"NormalTextRun SCXW125948553 BCX0\"> s\u2019\u00e9tendant \u00e0 travers l\u2019Am\u00e9rique centrale.<\/span><\/span><\/div><\/div>\t\t\t\t\t\t\t\t<\/div>\n\t\t\t\t<\/div>\n\t\t\t\t<div class=\"elementor-element elementor-element-87e31eb elementor-widget elementor-widget-heading\" data-id=\"87e31eb\" data-element_type=\"widget\" data-e-type=\"widget\" data-widget_type=\"heading.default\">\n\t\t\t\t<div class=\"elementor-widget-container\">\n\t\t\t\t\t<h2 class=\"elementor-heading-title elementor-size-default\">Inclus dans cette exp\u00e9rience :<\/h2>\t\t\t\t<\/div>\n\t\t\t\t<\/div>\n\t\t\t\t<div class=\"elementor-element elementor-element-12eab30 elementor-widget elementor-widget-text-editor\" data-id=\"12eab30\" data-element_type=\"widget\" data-e-type=\"widget\" data-widget_type=\"text-editor.default\">\n\t\t\t\t<div class=\"elementor-widget-container\">\n\t\t\t\t\t\t\t\t\t<p aria-level=\"3\"><strong>\u00c0 Bolontiku <\/strong><\/p><ul><li><span data-contrast=\"auto\">Transfert routier de l&#8217;a\u00e9roport international de Flores jusqu&#8217;\u00e0 l&#8217;embarcad\u00e8re du lac, suivi d&#8217;un transfert en bateau jusqu&#8217;\u00e0 l&#8217;h\u00f4tel<\/span><span data-ccp-props=\"{}\"> <\/span><\/li><li><span data-contrast=\"auto\">3 nuits en suite vue jardin ou suite vue lac<\/span><span data-ccp-props=\"{}\"> <\/span><\/li><li><span data-contrast=\"auto\">Petit-d\u00e9jeuner 2 services et d\u00eener 3 services quotidiens avec jus et caf\u00e9<\/span><span data-ccp-props=\"{}\"> <\/span><\/li><li><span data-contrast=\"auto\">Excursion arch\u00e9ologique d&#8217;une journ\u00e9e compl\u00e8te \u00e0 Tikal pour deux personnes<\/span><span data-ccp-props=\"{}\"> <\/span><\/li><li><span data-contrast=\"auto\">Excursion arch\u00e9ologique d&#8217;une demi-journ\u00e9e \u00e0 Tayasal pour deux personnes<\/span><span data-ccp-props=\"{}\"> <\/span><\/li><li><span data-contrast=\"auto\">Visite \u00e0 pied de la ville de Flores, Guatemala<\/span><span data-ccp-props=\"{}\"> <\/span><\/li><li><span data-contrast=\"auto\">Transfert priv\u00e9 de Bolontiku \u00e0 la fronti\u00e8re ouest Belize\/Guatemala<\/span><span data-ccp-props=\"{}\"> <\/span><\/li><\/ul><p aria-level=\"3\"><strong>Au Rainforest Lodge at Sleeping Giant  <\/strong><\/p><ul><li><span data-contrast=\"auto\">Transfert routier priv\u00e9 de la fronti\u00e8re ouest Belize\/Guatemala <\/span><span data-ccp-props=\"{}\"> <\/span><\/li><li><span data-contrast=\"auto\">S\u00e9jour de 3 \u00e0 4 nuits dans une Suite Riverview ou une Suite Mountain View avec piscine priv\u00e9e<\/span><span data-ccp-props=\"{}\"> <\/span><\/li><li><span data-contrast=\"auto\">Petit-d\u00e9jeuner 1 service, d\u00e9jeuner 2 services et d\u00eener 3 services quotidiens avec jus, caf\u00e9 et eau<\/span><span data-ccp-props=\"{}\"> <\/span><\/li><li><span data-contrast=\"auto\">Cours de cuisine maya pour deux.  <\/span><span data-ccp-props=\"{}\"> <\/span><ul><li><i><span data-contrast=\"auto\">L\u2019excursion est personnalisable. Les clients peuvent \u00e9galement choisir entre la randonn\u00e9e \u00e0 cheval ou la visite de la grotte c\u00e9r\u00e9monielle. <\/span><\/i><span data-ccp-props=\"{}\"> <\/span><\/li><\/ul><\/li><li><span data-contrast=\"auto\">Transfert priv\u00e9 du Rainforest Lodge at Sleeping Giant vers l\u2019a\u00e9roport international du Belize<\/span><span data-ccp-props=\"{}\"> <\/span><\/li><\/ul>\t\t\t\t\t\t\t\t<\/div>\n\t\t\t\t<\/div>\n\t\t\t\t<div class=\"elementor-element elementor-element-570ddb8 elementor-widget elementor-widget-heading\" data-id=\"570ddb8\" data-element_type=\"widget\" data-e-type=\"widget\" data-widget_type=\"heading.default\">\n\t\t\t\t<div class=\"elementor-widget-container\">\n\t\t\t\t\t<h2 class=\"elementor-heading-title elementor-size-default\">Prix \u00e0 partir de 6\u202f000 $ USD<\/h2>\t\t\t\t<\/div>\n\t\t\t\t<\/div>\n\t\t\t\t<div class=\"elementor-element elementor-element-ca2a751 elementor-widget elementor-widget-text-editor\" data-id=\"ca2a751\" data-element_type=\"widget\" data-e-type=\"widget\" data-widget_type=\"text-editor.default\">\n\t\t\t\t<div class=\"elementor-widget-container\">\n\t\t\t\t\t\t\t\t\t<ul><li><span data-contrast=\"auto\">Comprend toutes les taxes et tous les frais<\/span><span data-ccp-props=\"{\"201341983\":0,\"335559739\":0,\"335559740\":240}\"> <\/span><\/li><li><span data-contrast=\"auto\">Le prix est en USD et bas\u00e9 sur une occupation double<\/span><span data-ccp-props=\"{\"201341983\":0,\"335559739\":0,\"335559740\":240}\"> <\/span><\/li><li><span data-contrast=\"auto\">Les portions non utilis\u00e9es du forfait ne peuvent \u00eatre r\u00e9clam\u00e9es sous forme de cr\u00e9dit<\/span><span data-ccp-props=\"{\"201341983\":0,\"335559739\":0,\"335559740\":240}\"> <\/span><\/li><li><span data-contrast=\"auto\">D&#8217;autres conditions peuvent s&#8217;appliquer<\/span><span data-ccp-props=\"{\"201341983\":0,\"335559739\":0,\"335559740\":240}\"> <\/span><\/li><\/ul>\t\t\t\t\t\t\t\t<\/div>\n\t\t\t\t<\/div>\n\t\t<div class=\"elementor-element elementor-element-6835a3e e-grid e-con-full e-con e-child\" data-id=\"6835a3e\" data-element_type=\"container\" data-e-type=\"container\">\n\t\t\t\t<div class=\"elementor-element elementor-element-35a6f72 elementor-align-left elementor-widget elementor-widget-button\" data-id=\"35a6f72\" data-element_type=\"widget\" data-e-type=\"widget\" data-widget_type=\"button.default\">\n\t\t\t\t<div class=\"elementor-widget-container\">\n\t\t\t\t\t\t\t\t\t<div class=\"elementor-button-wrapper\">\n\t\t\t\t\t<a class=\"elementor-button elementor-button-link elementor-size-sm\" href=\"https:\/\/thebelizecollection.com\/fr\/contactez-nous\/\">\n\t\t\t\t\t\t<span class=\"elementor-button-content-wrapper\">\n\t\t\t\t\t\t\t\t\t<span class=\"elementor-button-text\">CONTACTEZ-NOUS<\/span>\n\t\t\t\t\t<\/span>\n\t\t\t\t\t<\/a>\n\t\t\t\t<\/div>\n\t\t\t\t\t\t\t\t<\/div>\n\t\t\t\t<\/div>\n\t\t\t\t<div class=\"elementor-element elementor-element-9019179 elementor-align-left elementor-widget elementor-widget-button\" data-id=\"9019179\" data-element_type=\"widget\" data-e-type=\"widget\" data-widget_type=\"button.default\">\n\t\t\t\t<div class=\"elementor-widget-container\">\n\t\t\t\t\t\t\t\t\t<div class=\"elementor-button-wrapper\">\n\t\t\t\t\t<a class=\"elementor-button elementor-button-link elementor-size-sm\" href=\"https:\/\/thebelizecollection.com\/fr\/forfaits-vacances\/\">\n\t\t\t\t\t\t<span class=\"elementor-button-content-wrapper\">\n\t\t\t\t\t\t<span class=\"elementor-button-icon\">\n\t\t\t\t<svg aria-hidden=\"true\" class=\"e-font-icon-svg e-fas-arrow-left\" viewBox=\"0 0 448 512\" xmlns=\"http:\/\/www.w3.org\/2000\/svg\"><path d=\"M257.5 445.1l-22.2 22.2c-9.4 9.4-24.6 9.4-33.9 0L7 273c-9.4-9.4-9.4-24.6 0-33.9L201.4 44.7c9.4-9.4 24.6-9.4 33.9 0l22.2 22.2c9.5 9.5 9.3 25-.4 34.3L136.6 216H424c13.3 0 24 10.7 24 24v32c0 13.3-10.7 24-24 24H136.6l120.5 114.8c9.8 9.3 10 24.8.4 34.3z\"><\/path><\/svg>\t\t\t<\/span>\n\t\t\t\t\t\t\t\t\t<span class=\"elementor-button-text\">VOIR LES FORFAITS VACANCES<\/span>\n\t\t\t\t\t<\/span>\n\t\t\t\t\t<\/a>\n\t\t\t\t<\/div>\n\t\t\t\t\t\t\t\t<\/div>\n\t\t\t\t<\/div>\n\t\t\t\t<\/div>\n\t\t\t\t<\/div>\n\t\t\t\t\t<\/div>\n\t\t\t\t<\/div>\n\t\t\t\t<\/div>\n\t\t","protected":false},"excerpt":{"rendered":"<p>D\u00e9couvrez le Mundo Maya D\u00e9couvrez les secrets de l\u2019Am\u00e9rique centrale Avec ce forfait vacances, votre aventure commence sur le lac Pet\u00e9n Itz\u00e1 au Guatemala, envelopp\u00e9 d\u2019une s\u00e9r\u00e9nit\u00e9 absolue. Une fois la fronti\u00e8re travers\u00e9e, votre voyage vous emm\u00e8ne dans la jungle luxuriante du Belize o\u00f9 vous pourrez vous d\u00e9connecter du stress quotidien. Con\u00e7ues pour le voyageur [&hellip;]<\/p>\n","protected":false},"author":4,"featured_media":0,"parent":74303,"menu_order":0,"comment_status":"closed","ping_status":"closed","template":"page-full-width.php","meta":{"_acf_changed":false,"_vp_format_video_url":"","_vp_image_focal_point":[],"footnotes":""},"categories":[],"tags":[],"class_list":["post-71802","page","type-page","status-publish","hentry"],"acf":[],"yoast_head":"<!-- This site is optimized with the Yoast SEO plugin v27.4 - https:\/\/yoast.com\/product\/yoast-seo-wordpress\/ -->\n<title>D\u00e9couvrez le Mundo Maya - The Belize Collection<\/title>\n<meta name=\"robots\" content=\"index, follow, max-snippet:-1, max-image-preview:large, max-video-preview:-1\" \/>\n<link rel=\"canonical\" href=\"https:\/\/thebelizecollection.com\/fr\/forfaits-vacances\/decouvrez-le-mundo-maya\/\" \/>\n<meta property=\"og:locale\" content=\"fr_FR\" \/>\n<meta property=\"og:type\" content=\"article\" \/>\n<meta property=\"og:title\" content=\"D\u00e9couvrez le Mundo Maya - The Belize Collection\" \/>\n<meta property=\"og:description\" content=\"D\u00e9couvrez le Mundo Maya D\u00e9couvrez les secrets de l\u2019Am\u00e9rique centrale Avec ce forfait vacances, votre aventure commence sur le lac Pet\u00e9n Itz\u00e1 au Guatemala, envelopp\u00e9 d\u2019une s\u00e9r\u00e9nit\u00e9 absolue. Une fois la fronti\u00e8re travers\u00e9e, votre voyage vous emm\u00e8ne dans la jungle luxuriante du Belize o\u00f9 vous pourrez vous d\u00e9connecter du stress quotidien. Con\u00e7ues pour le voyageur [&hellip;]\" \/>\n<meta property=\"og:url\" content=\"https:\/\/thebelizecollection.com\/fr\/forfaits-vacances\/decouvrez-le-mundo-maya\/\" \/>\n<meta property=\"og:site_name\" content=\"The Belize Collection\" \/>\n<meta property=\"article:modified_time\" content=\"2026-04-22T02:22:48+00:00\" \/>\n<meta name=\"twitter:card\" content=\"summary_large_image\" \/>\n<meta name=\"twitter:label1\" content=\"Dur\u00e9e de lecture estim\u00e9e\" \/>\n\t<meta name=\"twitter:data1\" content=\"2 minutes\" \/>\n<script type=\"application\/ld+json\" class=\"yoast-schema-graph\">{\"@context\":\"https:\\\/\\\/schema.org\",\"@graph\":[{\"@type\":\"WebPage\",\"@id\":\"https:\\\/\\\/thebelizecollection.com\\\/fr\\\/forfaits-vacances\\\/decouvrez-le-mundo-maya\\\/\",\"url\":\"https:\\\/\\\/thebelizecollection.com\\\/fr\\\/forfaits-vacances\\\/decouvrez-le-mundo-maya\\\/\",\"name\":\"D\u00e9couvrez le Mundo Maya - The Belize Collection\",\"isPartOf\":{\"@id\":\"https:\\\/\\\/thebelizecollection.com\\\/fr\\\/#website\"},\"datePublished\":\"2025-09-17T20:21:33+00:00\",\"dateModified\":\"2026-04-22T02:22:48+00:00\",\"breadcrumb\":{\"@id\":\"https:\\\/\\\/thebelizecollection.com\\\/fr\\\/forfaits-vacances\\\/decouvrez-le-mundo-maya\\\/#breadcrumb\"},\"inLanguage\":\"fr-FR\",\"potentialAction\":[{\"@type\":\"ReadAction\",\"target\":[\"https:\\\/\\\/thebelizecollection.com\\\/fr\\\/forfaits-vacances\\\/decouvrez-le-mundo-maya\\\/\"]}]},{\"@type\":\"BreadcrumbList\",\"@id\":\"https:\\\/\\\/thebelizecollection.com\\\/fr\\\/forfaits-vacances\\\/decouvrez-le-mundo-maya\\\/#breadcrumb\",\"itemListElement\":[{\"@type\":\"ListItem\",\"position\":1,\"name\":\"Home\",\"item\":\"https:\\\/\\\/thebelizecollection.com\\\/fr\\\/the-belize-collection-2\\\/\"},{\"@type\":\"ListItem\",\"position\":2,\"name\":\"Forfaits Vacances\",\"item\":\"https:\\\/\\\/thebelizecollection.com\\\/fr\\\/forfaits-vacances\\\/\"},{\"@type\":\"ListItem\",\"position\":3,\"name\":\"D\u00e9couvrez le Mundo Maya\"}]},{\"@type\":\"WebSite\",\"@id\":\"https:\\\/\\\/thebelizecollection.com\\\/fr\\\/#website\",\"url\":\"https:\\\/\\\/thebelizecollection.com\\\/fr\\\/\",\"name\":\"The Belize Collection\",\"description\":\"Everything Belize\",\"potentialAction\":[{\"@type\":\"SearchAction\",\"target\":{\"@type\":\"EntryPoint\",\"urlTemplate\":\"https:\\\/\\\/thebelizecollection.com\\\/fr\\\/?s={search_term_string}\"},\"query-input\":{\"@type\":\"PropertyValueSpecification\",\"valueRequired\":true,\"valueName\":\"search_term_string\"}}],\"inLanguage\":\"fr-FR\"}]}<\/script>\n<!-- \/ Yoast SEO plugin. -->","yoast_head_json":{"title":"D\u00e9couvrez le Mundo Maya - The Belize Collection","robots":{"index":"index","follow":"follow","max-snippet":"max-snippet:-1","max-image-preview":"max-image-preview:large","max-video-preview":"max-video-preview:-1"},"canonical":"https:\/\/thebelizecollection.com\/fr\/forfaits-vacances\/decouvrez-le-mundo-maya\/","og_locale":"fr_FR","og_type":"article","og_title":"D\u00e9couvrez le Mundo Maya - The Belize Collection","og_description":"D\u00e9couvrez le Mundo Maya D\u00e9couvrez les secrets de l\u2019Am\u00e9rique centrale Avec ce forfait vacances, votre aventure commence sur le lac Pet\u00e9n Itz\u00e1 au Guatemala, envelopp\u00e9 d\u2019une s\u00e9r\u00e9nit\u00e9 absolue. Une fois la fronti\u00e8re travers\u00e9e, votre voyage vous emm\u00e8ne dans la jungle luxuriante du Belize o\u00f9 vous pourrez vous d\u00e9connecter du stress quotidien. Con\u00e7ues pour le voyageur [&hellip;]","og_url":"https:\/\/thebelizecollection.com\/fr\/forfaits-vacances\/decouvrez-le-mundo-maya\/","og_site_name":"The Belize Collection","article_modified_time":"2026-04-22T02:22:48+00:00","twitter_card":"summary_large_image","twitter_misc":{"Dur\u00e9e de lecture estim\u00e9e":"2 minutes"},"schema":{"@context":"https:\/\/schema.org","@graph":[{"@type":"WebPage","@id":"https:\/\/thebelizecollection.com\/fr\/forfaits-vacances\/decouvrez-le-mundo-maya\/","url":"https:\/\/thebelizecollection.com\/fr\/forfaits-vacances\/decouvrez-le-mundo-maya\/","name":"D\u00e9couvrez le Mundo Maya - The Belize Collection","isPartOf":{"@id":"https:\/\/thebelizecollection.com\/fr\/#website"},"datePublished":"2025-09-17T20:21:33+00:00","dateModified":"2026-04-22T02:22:48+00:00","breadcrumb":{"@id":"https:\/\/thebelizecollection.com\/fr\/forfaits-vacances\/decouvrez-le-mundo-maya\/#breadcrumb"},"inLanguage":"fr-FR","potentialAction":[{"@type":"ReadAction","target":["https:\/\/thebelizecollection.com\/fr\/forfaits-vacances\/decouvrez-le-mundo-maya\/"]}]},{"@type":"BreadcrumbList","@id":"https:\/\/thebelizecollection.com\/fr\/forfaits-vacances\/decouvrez-le-mundo-maya\/#breadcrumb","itemListElement":[{"@type":"ListItem","position":1,"name":"Home","item":"https:\/\/thebelizecollection.com\/fr\/the-belize-collection-2\/"},{"@type":"ListItem","position":2,"name":"Forfaits Vacances","item":"https:\/\/thebelizecollection.com\/fr\/forfaits-vacances\/"},{"@type":"ListItem","position":3,"name":"D\u00e9couvrez le Mundo Maya"}]},{"@type":"WebSite","@id":"https:\/\/thebelizecollection.com\/fr\/#website","url":"https:\/\/thebelizecollection.com\/fr\/","name":"The Belize Collection","description":"Everything Belize","potentialAction":[{"@type":"SearchAction","target":{"@type":"EntryPoint","urlTemplate":"https:\/\/thebelizecollection.com\/fr\/?s={search_term_string}"},"query-input":{"@type":"PropertyValueSpecification","valueRequired":true,"valueName":"search_term_string"}}],"inLanguage":"fr-FR"}]}},"jetpack_sharing_enabled":true,"_links":{"self":[{"href":"https:\/\/thebelizecollection.com\/fr\/wp-json\/wp\/v2\/pages\/71802","targetHints":{"allow":["GET"]}}],"collection":[{"href":"https:\/\/thebelizecollection.com\/fr\/wp-json\/wp\/v2\/pages"}],"about":[{"href":"https:\/\/thebelizecollection.com\/fr\/wp-json\/wp\/v2\/types\/page"}],"author":[{"embeddable":true,"href":"https:\/\/thebelizecollection.com\/fr\/wp-json\/wp\/v2\/users\/4"}],"replies":[{"embeddable":true,"href":"https:\/\/thebelizecollection.com\/fr\/wp-json\/wp\/v2\/comments?post=71802"}],"version-history":[{"count":2,"href":"https:\/\/thebelizecollection.com\/fr\/wp-json\/wp\/v2\/pages\/71802\/revisions"}],"predecessor-version":[{"id":71824,"href":"https:\/\/thebelizecollection.com\/fr\/wp-json\/wp\/v2\/pages\/71802\/revisions\/71824"}],"up":[{"embeddable":true,"href":"https:\/\/thebelizecollection.com\/fr\/wp-json\/wp\/v2\/pages\/74303"}],"wp:attachment":[{"href":"https:\/\/thebelizecollection.com\/fr\/wp-json\/wp\/v2\/media?parent=71802"}],"wp:term":[{"taxonomy":"category","embeddable":true,"href":"https:\/\/thebelizecollection.com\/fr\/wp-json\/wp\/v2\/categories?post=71802"},{"taxonomy":"post_tag","embeddable":true,"href":"https:\/\/thebelizecollection.com\/fr\/wp-json\/wp\/v2\/tags?post=71802"}],"curies":[{"name":"wp","href":"https:\/\/api.w.org\/{rel}","templated":true}]}}