{"id":72127,"date":"2025-08-21T10:18:01","date_gmt":"2025-08-21T16:18:01","guid":{"rendered":"https:\/\/thebelizecollection.com\/croc-run-2025\/"},"modified":"2026-04-03T10:29:22","modified_gmt":"2026-04-03T16:29:22","slug":"croc-run-2025","status":"publish","type":"page","link":"https:\/\/thebelizecollection.com\/fr\/croc-run-2025\/","title":{"rendered":"Croc Run 2025"},"content":{"rendered":"\t\t<div data-elementor-type=\"wp-page\" data-elementor-id=\"72127\" class=\"elementor elementor-72127 elementor-62423\" data-elementor-post-type=\"page\">\n\t\t\t\t<div class=\"elementor-element elementor-element-2cc2d20 e-con-full e-flex e-con e-parent\" data-id=\"2cc2d20\" data-element_type=\"container\" data-e-type=\"container\" data-settings=\"{&quot;background_background&quot;:&quot;classic&quot;}\">\n\t\t\t\t<\/div>\n\t\t<div class=\"elementor-element elementor-element-e1b8d7f e-flex e-con-boxed e-con e-parent\" data-id=\"e1b8d7f\" data-element_type=\"container\" data-e-type=\"container\">\n\t\t\t\t\t<div class=\"e-con-inner\">\n\t\t\t\t<div class=\"elementor-element elementor-element-c987a09 elementor-widget elementor-widget-spacer\" data-id=\"c987a09\" data-element_type=\"widget\" data-e-type=\"widget\" data-widget_type=\"spacer.default\">\n\t\t\t\t<div class=\"elementor-widget-container\">\n\t\t\t\t\t\t\t<div class=\"elementor-spacer\">\n\t\t\t<div class=\"elementor-spacer-inner\"><\/div>\n\t\t<\/div>\n\t\t\t\t\t\t<\/div>\n\t\t\t\t<\/div>\n\t\t\t\t\t<\/div>\n\t\t\t\t<\/div>\n\t\t<div class=\"elementor-element elementor-element-d22dfd9 e-flex e-con-boxed e-con e-parent\" data-id=\"d22dfd9\" data-element_type=\"container\" data-e-type=\"container\">\n\t\t\t\t\t<div class=\"e-con-inner\">\n\t\t<div class=\"elementor-element elementor-element-3d261d3 e-con-full e-flex e-con e-child\" data-id=\"3d261d3\" data-element_type=\"container\" data-e-type=\"container\">\n\t\t\t\t<div class=\"elementor-element elementor-element-44ce055 elementor-widget elementor-widget-heading\" data-id=\"44ce055\" data-element_type=\"widget\" data-e-type=\"widget\" data-widget_type=\"heading.default\">\n\t\t\t\t<div class=\"elementor-widget-container\">\n\t\t\t\t\t<h1 class=\"elementor-heading-title elementor-size-default\">Croc Run 2025<\/h1>\t\t\t\t<\/div>\n\t\t\t\t<\/div>\n\t\t\t\t<div class=\"elementor-element elementor-element-59efba4 elementor-widget elementor-widget-text-editor\" data-id=\"59efba4\" data-element_type=\"widget\" data-e-type=\"widget\" data-widget_type=\"text-editor.default\">\n\t\t\t\t<div class=\"elementor-widget-container\">\n\t\t\t\t\t\t\t\t\t<div class=\"elementor-element elementor-element-3fd73d8 elementor-widget elementor-widget-text-editor\" data-id=\"3fd73d8\" data-element_type=\"widget\" data-widget_type=\"text-editor.default\"><div class=\"elementor-widget-container\">Les fonds r\u00e9colt\u00e9s b\u00e9n\u00e9ficieront au programme de sensibilisation \u00e9ducative de la Crocodile Research Coalition, notamment leur programme jeunesse sur la faune \u00ab Next Gen Croc \u00bb bas\u00e9 \u00e0 Placencia et les \u00e9v\u00e9nements de sensibilisation \u00e0 travers le pays.<\/div><\/div>\t\t\t\t\t\t\t\t<\/div>\n\t\t\t\t<\/div>\n\t\t\t\t<div class=\"elementor-element elementor-element-0f632e2 elementor-widget elementor-widget-text-editor\" data-id=\"0f632e2\" data-element_type=\"widget\" data-e-type=\"widget\" data-widget_type=\"text-editor.default\">\n\t\t\t\t<div class=\"elementor-widget-container\">\n\t\t\t\t\t\t\t\t\t<div class=\"elementor-element elementor-element-7b6add7 elementor-widget elementor-widget-text-editor\" data-id=\"7b6add7\" data-element_type=\"widget\" data-widget_type=\"text-editor.default\"><div class=\"elementor-widget-container\"><p><strong>Date :<\/strong> <a href=\"https:\/\/totaltimebz.com\/event\/croc-run\/\" rel=\"bookmark\">26 octobre 2025 | 5h00 \u2013 9h30<\/a><\/p><p><strong>Lieu : <\/strong><span class=\"single-location term-32\"><a class=\"location\" href=\"https:\/\/totaltimebz.com\/event\/croc-run\/\">Placencia<\/a><\/span><\/p><p><strong>Titre du parrain : <\/strong><span class=\"single-location term-32\"><a class=\"location\" href=\"https:\/\/totaltimebz.com\/event\/croc-run\/\">Parrain Or<\/a><\/span><\/p><\/div><\/div>\t\t\t\t\t\t\t\t<\/div>\n\t\t\t\t<\/div>\n\t\t<div class=\"elementor-element elementor-element-1dea1f9 e-grid e-con-full e-con e-child\" data-id=\"1dea1f9\" data-element_type=\"container\" data-e-type=\"container\">\n\t\t\t\t<div class=\"elementor-element elementor-element-f75f47e elementor-widget elementor-widget-button\" data-id=\"f75f47e\" data-element_type=\"widget\" data-e-type=\"widget\" data-widget_type=\"button.default\">\n\t\t\t\t<div class=\"elementor-widget-container\">\n\t\t\t\t\t\t\t\t\t<div class=\"elementor-button-wrapper\">\n\t\t\t\t\t<a class=\"elementor-button elementor-button-link elementor-size-sm\" href=\"https:\/\/totaltimebz.com\/event\/croc-run\/\">\n\t\t\t\t\t\t<span class=\"elementor-button-content-wrapper\">\n\t\t\t\t\t\t\t\t\t<span class=\"elementor-button-text\">EN SAVOIR PLUS<\/span>\n\t\t\t\t\t<\/span>\n\t\t\t\t\t<\/a>\n\t\t\t\t<\/div>\n\t\t\t\t\t\t\t\t<\/div>\n\t\t\t\t<\/div>\n\t\t\t\t<div class=\"elementor-element elementor-element-0cd9b9a elementor-widget elementor-widget-button\" data-id=\"0cd9b9a\" data-element_type=\"widget\" data-e-type=\"widget\" data-widget_type=\"button.default\">\n\t\t\t\t<div class=\"elementor-widget-container\">\n\t\t\t\t\t\t\t\t\t<div class=\"elementor-button-wrapper\">\n\t\t\t\t\t<a class=\"elementor-button elementor-button-link elementor-size-sm\" href=\"https:\/\/totaltimebz.com\/reg-croc-run\/\">\n\t\t\t\t\t\t<span class=\"elementor-button-content-wrapper\">\n\t\t\t\t\t\t\t\t\t<span class=\"elementor-button-text\">S'INSCRIRE<\/span>\n\t\t\t\t\t<\/span>\n\t\t\t\t\t<\/a>\n\t\t\t\t<\/div>\n\t\t\t\t\t\t\t\t<\/div>\n\t\t\t\t<\/div>\n\t\t\t\t<\/div>\n\t\t\t\t<\/div>\n\t\t<div class=\"elementor-element elementor-element-cf13c85 e-con-full e-flex e-con e-child\" data-id=\"cf13c85\" data-element_type=\"container\" data-e-type=\"container\" data-settings=\"{&quot;background_background&quot;:&quot;classic&quot;}\">\n\t\t\t\t<\/div>\n\t\t\t\t\t<\/div>\n\t\t\t\t<\/div>\n\t\t<div class=\"elementor-element elementor-element-8635f75 e-flex e-con-boxed e-con e-parent\" data-id=\"8635f75\" data-element_type=\"container\" data-e-type=\"container\">\n\t\t\t\t\t<div class=\"e-con-inner\">\n\t\t\t\t<div class=\"elementor-element elementor-element-1c8d641 elementor-widget elementor-widget-spacer\" data-id=\"1c8d641\" data-element_type=\"widget\" data-e-type=\"widget\" data-widget_type=\"spacer.default\">\n\t\t\t\t<div class=\"elementor-widget-container\">\n\t\t\t\t\t\t\t<div class=\"elementor-spacer\">\n\t\t\t<div class=\"elementor-spacer-inner\"><\/div>\n\t\t<\/div>\n\t\t\t\t\t\t<\/div>\n\t\t\t\t<\/div>\n\t\t\t\t\t<\/div>\n\t\t\t\t<\/div>\n\t\t\t\t<\/div>\n\t\t","protected":false},"excerpt":{"rendered":"<p>Croc Run 2025 Les fonds r\u00e9colt\u00e9s b\u00e9n\u00e9ficieront au programme de sensibilisation \u00e9ducative de la Crocodile Research Coalition, notamment leur programme jeunesse sur la faune \u00ab Next Gen Croc \u00bb bas\u00e9 \u00e0 Placencia et les \u00e9v\u00e9nements de sensibilisation \u00e0 travers le pays. Date : 26 octobre 2025 | 5h00 \u2013 9h30 Lieu : Placencia Titre du [&hellip;]<\/p>\n","protected":false},"author":4,"featured_media":72151,"parent":0,"menu_order":0,"comment_status":"closed","ping_status":"closed","template":"page-full-width.php","meta":{"_acf_changed":false,"_vp_format_video_url":"","_vp_image_focal_point":[],"footnotes":""},"categories":[206],"tags":[],"class_list":["post-72127","page","type-page","status-publish","has-post-thumbnail","hentry","category-rassemblement-tbc"],"acf":[],"yoast_head":"<!-- This site is optimized with the Yoast SEO plugin v27.4 - https:\/\/yoast.com\/product\/yoast-seo-wordpress\/ -->\n<title>Croc Run 2025 - The Belize Collection<\/title>\n<meta name=\"robots\" content=\"index, follow, max-snippet:-1, max-image-preview:large, max-video-preview:-1\" \/>\n<link rel=\"canonical\" href=\"https:\/\/thebelizecollection.com\/fr\/croc-run-2025\/\" \/>\n<meta property=\"og:locale\" content=\"fr_FR\" \/>\n<meta property=\"og:type\" content=\"article\" \/>\n<meta property=\"og:title\" content=\"Croc Run 2025 - The Belize Collection\" \/>\n<meta property=\"og:description\" content=\"Croc Run 2025 Les fonds r\u00e9colt\u00e9s b\u00e9n\u00e9ficieront au programme de sensibilisation \u00e9ducative de la Crocodile Research Coalition, notamment leur programme jeunesse sur la faune \u00ab Next Gen Croc \u00bb bas\u00e9 \u00e0 Placencia et les \u00e9v\u00e9nements de sensibilisation \u00e0 travers le pays. Date : 26 octobre 2025 | 5h00 \u2013 9h30 Lieu : Placencia Titre du [&hellip;]\" \/>\n<meta property=\"og:url\" content=\"https:\/\/thebelizecollection.com\/fr\/croc-run-2025\/\" \/>\n<meta property=\"og:site_name\" content=\"The Belize Collection\" \/>\n<meta property=\"article:modified_time\" content=\"2026-04-03T16:29:22+00:00\" \/>\n<meta property=\"og:image\" content=\"https:\/\/thebelizecollection.com\/wp-content\/uploads\/2025\/08\/Marathon2.jpg\" \/>\n\t<meta property=\"og:image:width\" content=\"960\" \/>\n\t<meta property=\"og:image:height\" content=\"640\" \/>\n\t<meta property=\"og:image:type\" content=\"image\/jpeg\" \/>\n<meta name=\"twitter:card\" content=\"summary_large_image\" \/>\n<script type=\"application\/ld+json\" class=\"yoast-schema-graph\">{\"@context\":\"https:\\\/\\\/schema.org\",\"@graph\":[{\"@type\":\"WebPage\",\"@id\":\"https:\\\/\\\/thebelizecollection.com\\\/fr\\\/croc-run-2025\\\/\",\"url\":\"https:\\\/\\\/thebelizecollection.com\\\/fr\\\/croc-run-2025\\\/\",\"name\":\"Croc Run 2025 - The Belize Collection\",\"isPartOf\":{\"@id\":\"https:\\\/\\\/thebelizecollection.com\\\/fr\\\/#website\"},\"primaryImageOfPage\":{\"@id\":\"https:\\\/\\\/thebelizecollection.com\\\/fr\\\/croc-run-2025\\\/#primaryimage\"},\"image\":{\"@id\":\"https:\\\/\\\/thebelizecollection.com\\\/fr\\\/croc-run-2025\\\/#primaryimage\"},\"thumbnailUrl\":\"https:\\\/\\\/thebelizecollection.com\\\/wp-content\\\/uploads\\\/2025\\\/08\\\/Marathon2.jpg\",\"datePublished\":\"2025-08-21T16:18:01+00:00\",\"dateModified\":\"2026-04-03T16:29:22+00:00\",\"breadcrumb\":{\"@id\":\"https:\\\/\\\/thebelizecollection.com\\\/fr\\\/croc-run-2025\\\/#breadcrumb\"},\"inLanguage\":\"fr-FR\",\"potentialAction\":[{\"@type\":\"ReadAction\",\"target\":[\"https:\\\/\\\/thebelizecollection.com\\\/fr\\\/croc-run-2025\\\/\"]}]},{\"@type\":\"ImageObject\",\"inLanguage\":\"fr-FR\",\"@id\":\"https:\\\/\\\/thebelizecollection.com\\\/fr\\\/croc-run-2025\\\/#primaryimage\",\"url\":\"https:\\\/\\\/thebelizecollection.com\\\/wp-content\\\/uploads\\\/2025\\\/08\\\/Marathon2.jpg\",\"contentUrl\":\"https:\\\/\\\/thebelizecollection.com\\\/wp-content\\\/uploads\\\/2025\\\/08\\\/Marathon2.jpg\",\"width\":960,\"height\":640},{\"@type\":\"BreadcrumbList\",\"@id\":\"https:\\\/\\\/thebelizecollection.com\\\/fr\\\/croc-run-2025\\\/#breadcrumb\",\"itemListElement\":[{\"@type\":\"ListItem\",\"position\":1,\"name\":\"Home\",\"item\":\"https:\\\/\\\/thebelizecollection.com\\\/fr\\\/the-belize-collection-2\\\/\"},{\"@type\":\"ListItem\",\"position\":2,\"name\":\"Croc Run 2025\"}]},{\"@type\":\"WebSite\",\"@id\":\"https:\\\/\\\/thebelizecollection.com\\\/fr\\\/#website\",\"url\":\"https:\\\/\\\/thebelizecollection.com\\\/fr\\\/\",\"name\":\"The Belize Collection\",\"description\":\"Everything Belize\",\"potentialAction\":[{\"@type\":\"SearchAction\",\"target\":{\"@type\":\"EntryPoint\",\"urlTemplate\":\"https:\\\/\\\/thebelizecollection.com\\\/fr\\\/?s={search_term_string}\"},\"query-input\":{\"@type\":\"PropertyValueSpecification\",\"valueRequired\":true,\"valueName\":\"search_term_string\"}}],\"inLanguage\":\"fr-FR\"}]}<\/script>\n<!-- \/ Yoast SEO plugin. -->","yoast_head_json":{"title":"Croc Run 2025 - The Belize Collection","robots":{"index":"index","follow":"follow","max-snippet":"max-snippet:-1","max-image-preview":"max-image-preview:large","max-video-preview":"max-video-preview:-1"},"canonical":"https:\/\/thebelizecollection.com\/fr\/croc-run-2025\/","og_locale":"fr_FR","og_type":"article","og_title":"Croc Run 2025 - The Belize Collection","og_description":"Croc Run 2025 Les fonds r\u00e9colt\u00e9s b\u00e9n\u00e9ficieront au programme de sensibilisation \u00e9ducative de la Crocodile Research Coalition, notamment leur programme jeunesse sur la faune \u00ab Next Gen Croc \u00bb bas\u00e9 \u00e0 Placencia et les \u00e9v\u00e9nements de sensibilisation \u00e0 travers le pays. Date : 26 octobre 2025 | 5h00 \u2013 9h30 Lieu : Placencia Titre du [&hellip;]","og_url":"https:\/\/thebelizecollection.com\/fr\/croc-run-2025\/","og_site_name":"The Belize Collection","article_modified_time":"2026-04-03T16:29:22+00:00","og_image":[{"width":960,"height":640,"url":"https:\/\/thebelizecollection.com\/wp-content\/uploads\/2025\/08\/Marathon2.jpg","type":"image\/jpeg"}],"twitter_card":"summary_large_image","schema":{"@context":"https:\/\/schema.org","@graph":[{"@type":"WebPage","@id":"https:\/\/thebelizecollection.com\/fr\/croc-run-2025\/","url":"https:\/\/thebelizecollection.com\/fr\/croc-run-2025\/","name":"Croc Run 2025 - The Belize Collection","isPartOf":{"@id":"https:\/\/thebelizecollection.com\/fr\/#website"},"primaryImageOfPage":{"@id":"https:\/\/thebelizecollection.com\/fr\/croc-run-2025\/#primaryimage"},"image":{"@id":"https:\/\/thebelizecollection.com\/fr\/croc-run-2025\/#primaryimage"},"thumbnailUrl":"https:\/\/thebelizecollection.com\/wp-content\/uploads\/2025\/08\/Marathon2.jpg","datePublished":"2025-08-21T16:18:01+00:00","dateModified":"2026-04-03T16:29:22+00:00","breadcrumb":{"@id":"https:\/\/thebelizecollection.com\/fr\/croc-run-2025\/#breadcrumb"},"inLanguage":"fr-FR","potentialAction":[{"@type":"ReadAction","target":["https:\/\/thebelizecollection.com\/fr\/croc-run-2025\/"]}]},{"@type":"ImageObject","inLanguage":"fr-FR","@id":"https:\/\/thebelizecollection.com\/fr\/croc-run-2025\/#primaryimage","url":"https:\/\/thebelizecollection.com\/wp-content\/uploads\/2025\/08\/Marathon2.jpg","contentUrl":"https:\/\/thebelizecollection.com\/wp-content\/uploads\/2025\/08\/Marathon2.jpg","width":960,"height":640},{"@type":"BreadcrumbList","@id":"https:\/\/thebelizecollection.com\/fr\/croc-run-2025\/#breadcrumb","itemListElement":[{"@type":"ListItem","position":1,"name":"Home","item":"https:\/\/thebelizecollection.com\/fr\/the-belize-collection-2\/"},{"@type":"ListItem","position":2,"name":"Croc Run 2025"}]},{"@type":"WebSite","@id":"https:\/\/thebelizecollection.com\/fr\/#website","url":"https:\/\/thebelizecollection.com\/fr\/","name":"The Belize Collection","description":"Everything Belize","potentialAction":[{"@type":"SearchAction","target":{"@type":"EntryPoint","urlTemplate":"https:\/\/thebelizecollection.com\/fr\/?s={search_term_string}"},"query-input":{"@type":"PropertyValueSpecification","valueRequired":true,"valueName":"search_term_string"}}],"inLanguage":"fr-FR"}]}},"jetpack_sharing_enabled":true,"_links":{"self":[{"href":"https:\/\/thebelizecollection.com\/fr\/wp-json\/wp\/v2\/pages\/72127","targetHints":{"allow":["GET"]}}],"collection":[{"href":"https:\/\/thebelizecollection.com\/fr\/wp-json\/wp\/v2\/pages"}],"about":[{"href":"https:\/\/thebelizecollection.com\/fr\/wp-json\/wp\/v2\/types\/page"}],"author":[{"embeddable":true,"href":"https:\/\/thebelizecollection.com\/fr\/wp-json\/wp\/v2\/users\/4"}],"replies":[{"embeddable":true,"href":"https:\/\/thebelizecollection.com\/fr\/wp-json\/wp\/v2\/comments?post=72127"}],"version-history":[{"count":2,"href":"https:\/\/thebelizecollection.com\/fr\/wp-json\/wp\/v2\/pages\/72127\/revisions"}],"predecessor-version":[{"id":72268,"href":"https:\/\/thebelizecollection.com\/fr\/wp-json\/wp\/v2\/pages\/72127\/revisions\/72268"}],"wp:featuredmedia":[{"embeddable":true,"href":"https:\/\/thebelizecollection.com\/fr\/wp-json\/wp\/v2\/media\/72151"}],"wp:attachment":[{"href":"https:\/\/thebelizecollection.com\/fr\/wp-json\/wp\/v2\/media?parent=72127"}],"wp:term":[{"taxonomy":"category","embeddable":true,"href":"https:\/\/thebelizecollection.com\/fr\/wp-json\/wp\/v2\/categories?post=72127"},{"taxonomy":"post_tag","embeddable":true,"href":"https:\/\/thebelizecollection.com\/fr\/wp-json\/wp\/v2\/tags?post=72127"}],"curies":[{"name":"wp","href":"https:\/\/api.w.org\/{rel}","templated":true}]}}