{"id":72128,"date":"2025-08-21T10:39:31","date_gmt":"2025-08-21T16:39:31","guid":{"rendered":"https:\/\/thebelizecollection.com\/marathon-de-la-fin-du-monde\/"},"modified":"2026-04-03T10:07:32","modified_gmt":"2026-04-03T16:07:32","slug":"marathon-de-la-fin-du-monde","status":"publish","type":"page","link":"https:\/\/thebelizecollection.com\/fr\/marathon-de-la-fin-du-monde\/","title":{"rendered":"Marathon de la fin du monde"},"content":{"rendered":"\t\t<div data-elementor-type=\"wp-page\" data-elementor-id=\"72128\" class=\"elementor elementor-72128 elementor-62448\" data-elementor-post-type=\"page\">\n\t\t\t\t<div class=\"elementor-element elementor-element-88c9f46 e-con-full e-flex e-con e-parent\" data-id=\"88c9f46\" data-element_type=\"container\" data-e-type=\"container\" data-settings=\"{&quot;background_background&quot;:&quot;classic&quot;}\">\n\t\t\t\t<\/div>\n\t\t<div class=\"elementor-element elementor-element-bc9dbb3 e-flex e-con-boxed e-con e-parent\" data-id=\"bc9dbb3\" data-element_type=\"container\" data-e-type=\"container\">\n\t\t\t\t\t<div class=\"e-con-inner\">\n\t\t\t\t<div class=\"elementor-element elementor-element-5b4301e elementor-widget elementor-widget-spacer\" data-id=\"5b4301e\" data-element_type=\"widget\" data-e-type=\"widget\" data-widget_type=\"spacer.default\">\n\t\t\t\t<div class=\"elementor-widget-container\">\n\t\t\t\t\t\t\t<div class=\"elementor-spacer\">\n\t\t\t<div class=\"elementor-spacer-inner\"><\/div>\n\t\t<\/div>\n\t\t\t\t\t\t<\/div>\n\t\t\t\t<\/div>\n\t\t\t\t\t<\/div>\n\t\t\t\t<\/div>\n\t\t<div class=\"elementor-element elementor-element-bbc32fb e-flex e-con-boxed e-con e-parent\" data-id=\"bbc32fb\" data-element_type=\"container\" data-e-type=\"container\">\n\t\t\t\t\t<div class=\"e-con-inner\">\n\t\t<div class=\"elementor-element elementor-element-2d0d8be e-con-full e-flex e-con e-child\" data-id=\"2d0d8be\" data-element_type=\"container\" data-e-type=\"container\">\n\t\t\t\t<div class=\"elementor-element elementor-element-e13b34e elementor-widget elementor-widget-heading\" data-id=\"e13b34e\" data-element_type=\"widget\" data-e-type=\"widget\" data-widget_type=\"heading.default\">\n\t\t\t\t<div class=\"elementor-widget-container\">\n\t\t\t\t\t<h1 class=\"elementor-heading-title elementor-size-default\">Marathon de la fin du monde<\/h1>\t\t\t\t<\/div>\n\t\t\t\t<\/div>\n\t\t\t\t<div class=\"elementor-element elementor-element-cc3f640 elementor-widget elementor-widget-text-editor\" data-id=\"cc3f640\" data-element_type=\"widget\" data-e-type=\"widget\" data-widget_type=\"text-editor.default\">\n\t\t\t\t<div class=\"elementor-widget-container\">\n\t\t\t\t\t\t\t\t\t<div class=\"elementor-element elementor-element-3fd73d8 elementor-widget elementor-widget-text-editor\" data-id=\"3fd73d8\" data-element_type=\"widget\" data-widget_type=\"text-editor.default\"><div class=\"elementor-widget-container\">Le Marathon de la fin du monde a \u00e9t\u00e9 cr\u00e9\u00e9 pour collecter des fonds pour l\u2019\u00e9ducation au Belize. Depuis le d\u00e9but, l\u2019int\u00e9gralit\u00e9 des b\u00e9n\u00e9fices est revers\u00e9e au financement du programme de bourses d\u2019\u00e9tudes secondaires du Rotary Club de Placencia destin\u00e9 \u00e0 la jeunesse b\u00e9lizienne. <\/div><\/div>\t\t\t\t\t\t\t\t<\/div>\n\t\t\t\t<\/div>\n\t\t\t\t<div class=\"elementor-element elementor-element-e2851b9 elementor-widget elementor-widget-text-editor\" data-id=\"e2851b9\" data-element_type=\"widget\" data-e-type=\"widget\" data-widget_type=\"text-editor.default\">\n\t\t\t\t<div class=\"elementor-widget-container\">\n\t\t\t\t\t\t\t\t\t<div class=\"elementor-element elementor-element-7b6add7 elementor-widget elementor-widget-text-editor\" data-id=\"7b6add7\" data-element_type=\"widget\" data-widget_type=\"text-editor.default\"><div class=\"elementor-widget-container\"><div class=\"elementor-element elementor-element-7b6add7 elementor-widget elementor-widget-text-editor\" data-id=\"7b6add7\" data-element_type=\"widget\" data-widget_type=\"text-editor.default\"><div class=\"elementor-widget-container\"><p><strong>Date :<\/strong> <a href=\"https:\/\/totaltimebz.com\/event\/eow\/\">7 d\u00e9cembre 2025 | 4h30 \u2013 13h00<\/a><\/p><p><strong>Lieu : <\/strong><a href=\"https:\/\/totaltimebz.com\/event\/eow\/\"><span class=\"single-location term-32\">Placencia<\/span><\/a><\/p><\/div><\/div><div class=\"elementor-element elementor-element-1e366c3 elementor-widget elementor-widget-text-editor\" data-id=\"1e366c3\" data-element_type=\"widget\" data-widget_type=\"text-editor.default\"><div class=\"elementor-widget-container\"><p><strong>Titre du sponsor : <\/strong><a href=\"https:\/\/totaltimebz.com\/event\/eow\/\"><span class=\"single-location term-32\">Sponsor Argent<\/span><\/a><\/p><\/div><\/div><\/div><\/div>\t\t\t\t\t\t\t\t<\/div>\n\t\t\t\t<\/div>\n\t\t<div class=\"elementor-element elementor-element-cef515c e-grid e-con-full e-con e-child\" data-id=\"cef515c\" data-element_type=\"container\" data-e-type=\"container\">\n\t\t\t\t<div class=\"elementor-element elementor-element-a22ccf1 elementor-widget elementor-widget-button\" data-id=\"a22ccf1\" data-element_type=\"widget\" data-e-type=\"widget\" data-widget_type=\"button.default\">\n\t\t\t\t<div class=\"elementor-widget-container\">\n\t\t\t\t\t\t\t\t\t<div class=\"elementor-button-wrapper\">\n\t\t\t\t\t<a class=\"elementor-button elementor-button-link elementor-size-sm\" href=\"https:\/\/totaltimebz.com\/event\/eow\/\">\n\t\t\t\t\t\t<span class=\"elementor-button-content-wrapper\">\n\t\t\t\t\t\t\t\t\t<span class=\"elementor-button-text\">EN SAVOIR PLUS<\/span>\n\t\t\t\t\t<\/span>\n\t\t\t\t\t<\/a>\n\t\t\t\t<\/div>\n\t\t\t\t\t\t\t\t<\/div>\n\t\t\t\t<\/div>\n\t\t\t\t<div class=\"elementor-element elementor-element-e33d791 elementor-widget elementor-widget-button\" data-id=\"e33d791\" data-element_type=\"widget\" data-e-type=\"widget\" data-widget_type=\"button.default\">\n\t\t\t\t<div class=\"elementor-widget-container\">\n\t\t\t\t\t\t\t\t\t<div class=\"elementor-button-wrapper\">\n\t\t\t\t\t<a class=\"elementor-button elementor-button-link elementor-size-sm\" href=\"https:\/\/totaltimebz.com\/reg-end-of-the-world\/\">\n\t\t\t\t\t\t<span class=\"elementor-button-content-wrapper\">\n\t\t\t\t\t\t\t\t\t<span class=\"elementor-button-text\">S\u2019INSCRIRE<\/span>\n\t\t\t\t\t<\/span>\n\t\t\t\t\t<\/a>\n\t\t\t\t<\/div>\n\t\t\t\t\t\t\t\t<\/div>\n\t\t\t\t<\/div>\n\t\t\t\t<\/div>\n\t\t\t\t<\/div>\n\t\t<div class=\"elementor-element elementor-element-8044d78 e-con-full e-flex e-con e-child\" data-id=\"8044d78\" data-element_type=\"container\" data-e-type=\"container\" data-settings=\"{&quot;background_background&quot;:&quot;classic&quot;}\">\n\t\t\t\t<\/div>\n\t\t\t\t\t<\/div>\n\t\t\t\t<\/div>\n\t\t<div class=\"elementor-element elementor-element-65a2771 e-flex e-con-boxed e-con e-parent\" data-id=\"65a2771\" data-element_type=\"container\" data-e-type=\"container\">\n\t\t\t\t\t<div class=\"e-con-inner\">\n\t\t\t\t<div class=\"elementor-element elementor-element-6e39b99 elementor-widget elementor-widget-spacer\" data-id=\"6e39b99\" data-element_type=\"widget\" data-e-type=\"widget\" data-widget_type=\"spacer.default\">\n\t\t\t\t<div class=\"elementor-widget-container\">\n\t\t\t\t\t\t\t<div class=\"elementor-spacer\">\n\t\t\t<div class=\"elementor-spacer-inner\"><\/div>\n\t\t<\/div>\n\t\t\t\t\t\t<\/div>\n\t\t\t\t<\/div>\n\t\t\t\t\t<\/div>\n\t\t\t\t<\/div>\n\t\t\t\t<\/div>\n\t\t","protected":false},"excerpt":{"rendered":"<p>Marathon de la fin du monde Le Marathon de la fin du monde a \u00e9t\u00e9 cr\u00e9\u00e9 pour collecter des fonds pour l\u2019\u00e9ducation au Belize. Depuis le d\u00e9but, l\u2019int\u00e9gralit\u00e9 des b\u00e9n\u00e9fices est revers\u00e9e au financement du programme de bourses d\u2019\u00e9tudes secondaires du Rotary Club de Placencia destin\u00e9 \u00e0 la jeunesse b\u00e9lizienne. Date : 7 d\u00e9cembre 2025 [&hellip;]<\/p>\n","protected":false},"author":4,"featured_media":72135,"parent":0,"menu_order":0,"comment_status":"closed","ping_status":"closed","template":"page-full-width.php","meta":{"_acf_changed":false,"_vp_format_video_url":"","_vp_image_focal_point":[],"footnotes":""},"categories":[206],"tags":[],"class_list":["post-72128","page","type-page","status-publish","has-post-thumbnail","hentry","category-rassemblement-tbc"],"acf":[],"yoast_head":"<!-- This site is optimized with the Yoast SEO plugin v27.4 - https:\/\/yoast.com\/product\/yoast-seo-wordpress\/ -->\n<title>Marathon de la fin du monde - The Belize Collection<\/title>\n<meta name=\"robots\" content=\"index, follow, max-snippet:-1, max-image-preview:large, max-video-preview:-1\" \/>\n<link rel=\"canonical\" href=\"https:\/\/thebelizecollection.com\/fr\/marathon-de-la-fin-du-monde\/\" \/>\n<meta property=\"og:locale\" content=\"fr_FR\" \/>\n<meta property=\"og:type\" content=\"article\" \/>\n<meta property=\"og:title\" content=\"Marathon de la fin du monde - The Belize Collection\" \/>\n<meta property=\"og:description\" content=\"Marathon de la fin du monde Le Marathon de la fin du monde a \u00e9t\u00e9 cr\u00e9\u00e9 pour collecter des fonds pour l\u2019\u00e9ducation au Belize. Depuis le d\u00e9but, l\u2019int\u00e9gralit\u00e9 des b\u00e9n\u00e9fices est revers\u00e9e au financement du programme de bourses d\u2019\u00e9tudes secondaires du Rotary Club de Placencia destin\u00e9 \u00e0 la jeunesse b\u00e9lizienne. Date : 7 d\u00e9cembre 2025 [&hellip;]\" \/>\n<meta property=\"og:url\" content=\"https:\/\/thebelizecollection.com\/fr\/marathon-de-la-fin-du-monde\/\" \/>\n<meta property=\"og:site_name\" content=\"The Belize Collection\" \/>\n<meta property=\"article:modified_time\" content=\"2026-04-03T16:07:32+00:00\" \/>\n<meta property=\"og:image\" content=\"https:\/\/thebelizecollection.com\/wp-content\/uploads\/2025\/08\/UMAYA-END-WORD-MARATHON-8757-webopd-scaled.webp\" \/>\n\t<meta property=\"og:image:width\" content=\"2048\" \/>\n\t<meta property=\"og:image:height\" content=\"1365\" \/>\n\t<meta property=\"og:image:type\" content=\"image\/webp\" \/>\n<meta name=\"twitter:card\" content=\"summary_large_image\" \/>\n<script type=\"application\/ld+json\" class=\"yoast-schema-graph\">{\"@context\":\"https:\\\/\\\/schema.org\",\"@graph\":[{\"@type\":\"WebPage\",\"@id\":\"https:\\\/\\\/thebelizecollection.com\\\/fr\\\/marathon-de-la-fin-du-monde\\\/\",\"url\":\"https:\\\/\\\/thebelizecollection.com\\\/fr\\\/marathon-de-la-fin-du-monde\\\/\",\"name\":\"Marathon de la fin du monde - The Belize Collection\",\"isPartOf\":{\"@id\":\"https:\\\/\\\/thebelizecollection.com\\\/fr\\\/#website\"},\"primaryImageOfPage\":{\"@id\":\"https:\\\/\\\/thebelizecollection.com\\\/fr\\\/marathon-de-la-fin-du-monde\\\/#primaryimage\"},\"image\":{\"@id\":\"https:\\\/\\\/thebelizecollection.com\\\/fr\\\/marathon-de-la-fin-du-monde\\\/#primaryimage\"},\"thumbnailUrl\":\"https:\\\/\\\/thebelizecollection.com\\\/wp-content\\\/uploads\\\/2025\\\/08\\\/UMAYA-END-WORD-MARATHON-8757-webopd-scaled.webp\",\"datePublished\":\"2025-08-21T16:39:31+00:00\",\"dateModified\":\"2026-04-03T16:07:32+00:00\",\"breadcrumb\":{\"@id\":\"https:\\\/\\\/thebelizecollection.com\\\/fr\\\/marathon-de-la-fin-du-monde\\\/#breadcrumb\"},\"inLanguage\":\"fr-FR\",\"potentialAction\":[{\"@type\":\"ReadAction\",\"target\":[\"https:\\\/\\\/thebelizecollection.com\\\/fr\\\/marathon-de-la-fin-du-monde\\\/\"]}]},{\"@type\":\"ImageObject\",\"inLanguage\":\"fr-FR\",\"@id\":\"https:\\\/\\\/thebelizecollection.com\\\/fr\\\/marathon-de-la-fin-du-monde\\\/#primaryimage\",\"url\":\"https:\\\/\\\/thebelizecollection.com\\\/wp-content\\\/uploads\\\/2025\\\/08\\\/UMAYA-END-WORD-MARATHON-8757-webopd-scaled.webp\",\"contentUrl\":\"https:\\\/\\\/thebelizecollection.com\\\/wp-content\\\/uploads\\\/2025\\\/08\\\/UMAYA-END-WORD-MARATHON-8757-webopd-scaled.webp\",\"width\":2048,\"height\":1365},{\"@type\":\"BreadcrumbList\",\"@id\":\"https:\\\/\\\/thebelizecollection.com\\\/fr\\\/marathon-de-la-fin-du-monde\\\/#breadcrumb\",\"itemListElement\":[{\"@type\":\"ListItem\",\"position\":1,\"name\":\"Home\",\"item\":\"https:\\\/\\\/thebelizecollection.com\\\/fr\\\/the-belize-collection-2\\\/\"},{\"@type\":\"ListItem\",\"position\":2,\"name\":\"Marathon de la fin du monde\"}]},{\"@type\":\"WebSite\",\"@id\":\"https:\\\/\\\/thebelizecollection.com\\\/fr\\\/#website\",\"url\":\"https:\\\/\\\/thebelizecollection.com\\\/fr\\\/\",\"name\":\"The Belize Collection\",\"description\":\"Everything Belize\",\"potentialAction\":[{\"@type\":\"SearchAction\",\"target\":{\"@type\":\"EntryPoint\",\"urlTemplate\":\"https:\\\/\\\/thebelizecollection.com\\\/fr\\\/?s={search_term_string}\"},\"query-input\":{\"@type\":\"PropertyValueSpecification\",\"valueRequired\":true,\"valueName\":\"search_term_string\"}}],\"inLanguage\":\"fr-FR\"}]}<\/script>\n<!-- \/ Yoast SEO plugin. -->","yoast_head_json":{"title":"Marathon de la fin du monde - The Belize Collection","robots":{"index":"index","follow":"follow","max-snippet":"max-snippet:-1","max-image-preview":"max-image-preview:large","max-video-preview":"max-video-preview:-1"},"canonical":"https:\/\/thebelizecollection.com\/fr\/marathon-de-la-fin-du-monde\/","og_locale":"fr_FR","og_type":"article","og_title":"Marathon de la fin du monde - The Belize Collection","og_description":"Marathon de la fin du monde Le Marathon de la fin du monde a \u00e9t\u00e9 cr\u00e9\u00e9 pour collecter des fonds pour l\u2019\u00e9ducation au Belize. Depuis le d\u00e9but, l\u2019int\u00e9gralit\u00e9 des b\u00e9n\u00e9fices est revers\u00e9e au financement du programme de bourses d\u2019\u00e9tudes secondaires du Rotary Club de Placencia destin\u00e9 \u00e0 la jeunesse b\u00e9lizienne. Date : 7 d\u00e9cembre 2025 [&hellip;]","og_url":"https:\/\/thebelizecollection.com\/fr\/marathon-de-la-fin-du-monde\/","og_site_name":"The Belize Collection","article_modified_time":"2026-04-03T16:07:32+00:00","og_image":[{"width":2048,"height":1365,"url":"https:\/\/thebelizecollection.com\/wp-content\/uploads\/2025\/08\/UMAYA-END-WORD-MARATHON-8757-webopd-scaled.webp","type":"image\/webp"}],"twitter_card":"summary_large_image","schema":{"@context":"https:\/\/schema.org","@graph":[{"@type":"WebPage","@id":"https:\/\/thebelizecollection.com\/fr\/marathon-de-la-fin-du-monde\/","url":"https:\/\/thebelizecollection.com\/fr\/marathon-de-la-fin-du-monde\/","name":"Marathon de la fin du monde - The Belize Collection","isPartOf":{"@id":"https:\/\/thebelizecollection.com\/fr\/#website"},"primaryImageOfPage":{"@id":"https:\/\/thebelizecollection.com\/fr\/marathon-de-la-fin-du-monde\/#primaryimage"},"image":{"@id":"https:\/\/thebelizecollection.com\/fr\/marathon-de-la-fin-du-monde\/#primaryimage"},"thumbnailUrl":"https:\/\/thebelizecollection.com\/wp-content\/uploads\/2025\/08\/UMAYA-END-WORD-MARATHON-8757-webopd-scaled.webp","datePublished":"2025-08-21T16:39:31+00:00","dateModified":"2026-04-03T16:07:32+00:00","breadcrumb":{"@id":"https:\/\/thebelizecollection.com\/fr\/marathon-de-la-fin-du-monde\/#breadcrumb"},"inLanguage":"fr-FR","potentialAction":[{"@type":"ReadAction","target":["https:\/\/thebelizecollection.com\/fr\/marathon-de-la-fin-du-monde\/"]}]},{"@type":"ImageObject","inLanguage":"fr-FR","@id":"https:\/\/thebelizecollection.com\/fr\/marathon-de-la-fin-du-monde\/#primaryimage","url":"https:\/\/thebelizecollection.com\/wp-content\/uploads\/2025\/08\/UMAYA-END-WORD-MARATHON-8757-webopd-scaled.webp","contentUrl":"https:\/\/thebelizecollection.com\/wp-content\/uploads\/2025\/08\/UMAYA-END-WORD-MARATHON-8757-webopd-scaled.webp","width":2048,"height":1365},{"@type":"BreadcrumbList","@id":"https:\/\/thebelizecollection.com\/fr\/marathon-de-la-fin-du-monde\/#breadcrumb","itemListElement":[{"@type":"ListItem","position":1,"name":"Home","item":"https:\/\/thebelizecollection.com\/fr\/the-belize-collection-2\/"},{"@type":"ListItem","position":2,"name":"Marathon de la fin du monde"}]},{"@type":"WebSite","@id":"https:\/\/thebelizecollection.com\/fr\/#website","url":"https:\/\/thebelizecollection.com\/fr\/","name":"The Belize Collection","description":"Everything Belize","potentialAction":[{"@type":"SearchAction","target":{"@type":"EntryPoint","urlTemplate":"https:\/\/thebelizecollection.com\/fr\/?s={search_term_string}"},"query-input":{"@type":"PropertyValueSpecification","valueRequired":true,"valueName":"search_term_string"}}],"inLanguage":"fr-FR"}]}},"jetpack_sharing_enabled":true,"_links":{"self":[{"href":"https:\/\/thebelizecollection.com\/fr\/wp-json\/wp\/v2\/pages\/72128","targetHints":{"allow":["GET"]}}],"collection":[{"href":"https:\/\/thebelizecollection.com\/fr\/wp-json\/wp\/v2\/pages"}],"about":[{"href":"https:\/\/thebelizecollection.com\/fr\/wp-json\/wp\/v2\/types\/page"}],"author":[{"embeddable":true,"href":"https:\/\/thebelizecollection.com\/fr\/wp-json\/wp\/v2\/users\/4"}],"replies":[{"embeddable":true,"href":"https:\/\/thebelizecollection.com\/fr\/wp-json\/wp\/v2\/comments?post=72128"}],"version-history":[{"count":2,"href":"https:\/\/thebelizecollection.com\/fr\/wp-json\/wp\/v2\/pages\/72128\/revisions"}],"predecessor-version":[{"id":72235,"href":"https:\/\/thebelizecollection.com\/fr\/wp-json\/wp\/v2\/pages\/72128\/revisions\/72235"}],"wp:featuredmedia":[{"embeddable":true,"href":"https:\/\/thebelizecollection.com\/fr\/wp-json\/wp\/v2\/media\/72135"}],"wp:attachment":[{"href":"https:\/\/thebelizecollection.com\/fr\/wp-json\/wp\/v2\/media?parent=72128"}],"wp:term":[{"taxonomy":"category","embeddable":true,"href":"https:\/\/thebelizecollection.com\/fr\/wp-json\/wp\/v2\/categories?post=72128"},{"taxonomy":"post_tag","embeddable":true,"href":"https:\/\/thebelizecollection.com\/fr\/wp-json\/wp\/v2\/tags?post=72128"}],"curies":[{"name":"wp","href":"https:\/\/api.w.org\/{rel}","templated":true}]}}