{"id":72129,"date":"2025-09-03T10:29:48","date_gmt":"2025-09-03T16:29:48","guid":{"rendered":"https:\/\/thebelizecollection.com\/voice-of-the-south\/"},"modified":"2026-04-03T10:18:43","modified_gmt":"2026-04-03T16:18:43","slug":"voice-of-the-south","status":"publish","type":"page","link":"https:\/\/thebelizecollection.com\/fr\/voice-of-the-south\/","title":{"rendered":"Voice of the South"},"content":{"rendered":"\t\t<div data-elementor-type=\"wp-page\" data-elementor-id=\"72129\" class=\"elementor elementor-72129 elementor-62988\" data-elementor-post-type=\"page\">\n\t\t\t\t<div class=\"elementor-element elementor-element-9b7159a e-con-full e-flex e-con e-parent\" data-id=\"9b7159a\" data-element_type=\"container\" data-e-type=\"container\" data-settings=\"{&quot;background_background&quot;:&quot;classic&quot;}\">\n\t\t\t\t<\/div>\n\t\t<div class=\"elementor-element elementor-element-7091cb4 e-flex e-con-boxed e-con e-parent\" data-id=\"7091cb4\" data-element_type=\"container\" data-e-type=\"container\">\n\t\t\t\t\t<div class=\"e-con-inner\">\n\t\t\t\t<div class=\"elementor-element elementor-element-d7bf955 elementor-widget elementor-widget-spacer\" data-id=\"d7bf955\" data-element_type=\"widget\" data-e-type=\"widget\" data-widget_type=\"spacer.default\">\n\t\t\t\t<div class=\"elementor-widget-container\">\n\t\t\t\t\t\t\t<div class=\"elementor-spacer\">\n\t\t\t<div class=\"elementor-spacer-inner\"><\/div>\n\t\t<\/div>\n\t\t\t\t\t\t<\/div>\n\t\t\t\t<\/div>\n\t\t\t\t\t<\/div>\n\t\t\t\t<\/div>\n\t\t<div class=\"elementor-element elementor-element-66d7a19 e-flex e-con-boxed e-con e-parent\" data-id=\"66d7a19\" data-element_type=\"container\" data-e-type=\"container\">\n\t\t\t\t\t<div class=\"e-con-inner\">\n\t\t<div class=\"elementor-element elementor-element-771e6bd e-con-full e-flex e-con e-child\" data-id=\"771e6bd\" data-element_type=\"container\" data-e-type=\"container\">\n\t\t\t\t<div class=\"elementor-element elementor-element-b2a9a74 elementor-widget elementor-widget-heading\" data-id=\"b2a9a74\" data-element_type=\"widget\" data-e-type=\"widget\" data-widget_type=\"heading.default\">\n\t\t\t\t<div class=\"elementor-widget-container\">\n\t\t\t\t\t<h1 class=\"elementor-heading-title elementor-size-default\">Voice of the South<\/h1>\t\t\t\t<\/div>\n\t\t\t\t<\/div>\n\t\t\t\t<div class=\"elementor-element elementor-element-41e2d50 elementor-widget elementor-widget-text-editor\" data-id=\"41e2d50\" data-element_type=\"widget\" data-e-type=\"widget\" data-widget_type=\"text-editor.default\">\n\t\t\t\t<div class=\"elementor-widget-container\">\n\t\t\t\t\t\t\t\t\t<div class=\"elementor-element elementor-element-3fd73d8 elementor-widget elementor-widget-text-editor\" data-id=\"3fd73d8\" data-element_type=\"widget\" data-widget_type=\"text-editor.default\"><div class=\"elementor-widget-container\"><div>Rejoignez-nous au Paddle House pour une soir\u00e9e de musique et de rires anim\u00e9e par notre propre Malcolm Leslie. Nous proposerons des boissons \u00e0 prix sp\u00e9ciaux, que vous soyez pr\u00eat \u00e0 interpr\u00e9ter vos morceaux pr\u00e9f\u00e9r\u00e9s ou que vous souhaitiez simplement profiter de l&#8217;ambiance entre amis. Envoyez-nous un message au <a href=\"tel:+501-615-2167\">+501-<span class=\"a_GcMg font-feature-liga-off font-feature-clig-off font-feature-calt-off text-decoration-none text-strikethrough-none\">615-2167<\/span><\/a> pour r\u00e9server votre place.  <\/div><\/div><\/div>\t\t\t\t\t\t\t\t<\/div>\n\t\t\t\t<\/div>\n\t\t\t\t<div class=\"elementor-element elementor-element-50f0172 elementor-widget elementor-widget-text-editor\" data-id=\"50f0172\" data-element_type=\"widget\" data-e-type=\"widget\" data-widget_type=\"text-editor.default\">\n\t\t\t\t<div class=\"elementor-widget-container\">\n\t\t\t\t\t\t\t\t\t<p><strong>Lieu : <\/strong>Paddle House<\/p><p><strong>Date :<\/strong> 26 septembre 2025<\/p><p><strong>Heure :<\/strong> 21 h \u2013 23 h<\/p><p><strong>Prix : <\/strong>Entr\u00e9e gratuite<\/p>\t\t\t\t\t\t\t\t<\/div>\n\t\t\t\t<\/div>\n\t\t\t\t<div class=\"elementor-element elementor-element-981691a elementor-widget elementor-widget-button\" data-id=\"981691a\" data-element_type=\"widget\" data-e-type=\"widget\" data-widget_type=\"button.default\">\n\t\t\t\t<div class=\"elementor-widget-container\">\n\t\t\t\t\t\t\t\t\t<div class=\"elementor-button-wrapper\">\n\t\t\t\t\t<a class=\"elementor-button elementor-button-link elementor-size-sm\" href=\"tel:+501-615-2167\">\n\t\t\t\t\t\t<span class=\"elementor-button-content-wrapper\">\n\t\t\t\t\t\t\t\t\t<span class=\"elementor-button-text\">Cliquez ici pour confirmer votre pr\u00e9sence<\/span>\n\t\t\t\t\t<\/span>\n\t\t\t\t\t<\/a>\n\t\t\t\t<\/div>\n\t\t\t\t\t\t\t\t<\/div>\n\t\t\t\t<\/div>\n\t\t\t\t<\/div>\n\t\t<div class=\"elementor-element elementor-element-8036169 e-con-full e-flex e-con e-child\" data-id=\"8036169\" data-element_type=\"container\" data-e-type=\"container\" data-settings=\"{&quot;background_background&quot;:&quot;classic&quot;}\">\n\t\t\t\t<\/div>\n\t\t\t\t\t<\/div>\n\t\t\t\t<\/div>\n\t\t\t\t<\/div>\n\t\t","protected":false},"excerpt":{"rendered":"<p>Voice of the South Rejoignez-nous au Paddle House pour une soir\u00e9e de musique et de rires anim\u00e9e par notre propre Malcolm Leslie. Nous proposerons des boissons \u00e0 prix sp\u00e9ciaux, que vous soyez pr\u00eat \u00e0 interpr\u00e9ter vos morceaux pr\u00e9f\u00e9r\u00e9s ou que vous souhaitiez simplement profiter de l&#8217;ambiance entre amis. Envoyez-nous un message au +501-615-2167 pour r\u00e9server [&hellip;]<\/p>\n","protected":false},"author":4,"featured_media":72145,"parent":0,"menu_order":0,"comment_status":"closed","ping_status":"closed","template":"page-full-width.php","meta":{"_acf_changed":false,"_vp_format_video_url":"","_vp_image_focal_point":[],"footnotes":""},"categories":[206],"tags":[],"class_list":["post-72129","page","type-page","status-publish","has-post-thumbnail","hentry","category-rassemblement-tbc"],"acf":[],"yoast_head":"<!-- This site is optimized with the Yoast SEO plugin v27.4 - https:\/\/yoast.com\/product\/yoast-seo-wordpress\/ -->\n<title>Voice of the South - The Belize Collection<\/title>\n<meta name=\"robots\" content=\"index, follow, max-snippet:-1, max-image-preview:large, max-video-preview:-1\" \/>\n<link rel=\"canonical\" href=\"https:\/\/thebelizecollection.com\/fr\/voice-of-the-south\/\" \/>\n<meta property=\"og:locale\" content=\"fr_FR\" \/>\n<meta property=\"og:type\" content=\"article\" \/>\n<meta property=\"og:title\" content=\"Voice of the South - The Belize Collection\" \/>\n<meta property=\"og:description\" content=\"Voice of the South Rejoignez-nous au Paddle House pour une soir\u00e9e de musique et de rires anim\u00e9e par notre propre Malcolm Leslie. Nous proposerons des boissons \u00e0 prix sp\u00e9ciaux, que vous soyez pr\u00eat \u00e0 interpr\u00e9ter vos morceaux pr\u00e9f\u00e9r\u00e9s ou que vous souhaitiez simplement profiter de l&#8217;ambiance entre amis. Envoyez-nous un message au +501-615-2167 pour r\u00e9server [&hellip;]\" \/>\n<meta property=\"og:url\" content=\"https:\/\/thebelizecollection.com\/fr\/voice-of-the-south\/\" \/>\n<meta property=\"og:site_name\" content=\"The Belize Collection\" \/>\n<meta property=\"article:modified_time\" content=\"2026-04-03T16:18:43+00:00\" \/>\n<meta property=\"og:image\" content=\"https:\/\/thebelizecollection.com\/wp-content\/uploads\/2025\/09\/Karaoke-Night-E-Blast-1.png\" \/>\n\t<meta property=\"og:image:width\" content=\"2048\" \/>\n\t<meta property=\"og:image:height\" content=\"1365\" \/>\n\t<meta property=\"og:image:type\" content=\"image\/png\" \/>\n<meta name=\"twitter:card\" content=\"summary_large_image\" \/>\n<script type=\"application\/ld+json\" class=\"yoast-schema-graph\">{\"@context\":\"https:\\\/\\\/schema.org\",\"@graph\":[{\"@type\":\"WebPage\",\"@id\":\"https:\\\/\\\/thebelizecollection.com\\\/fr\\\/voice-of-the-south\\\/\",\"url\":\"https:\\\/\\\/thebelizecollection.com\\\/fr\\\/voice-of-the-south\\\/\",\"name\":\"Voice of the South - The Belize Collection\",\"isPartOf\":{\"@id\":\"https:\\\/\\\/thebelizecollection.com\\\/fr\\\/#website\"},\"primaryImageOfPage\":{\"@id\":\"https:\\\/\\\/thebelizecollection.com\\\/fr\\\/voice-of-the-south\\\/#primaryimage\"},\"image\":{\"@id\":\"https:\\\/\\\/thebelizecollection.com\\\/fr\\\/voice-of-the-south\\\/#primaryimage\"},\"thumbnailUrl\":\"https:\\\/\\\/thebelizecollection.com\\\/wp-content\\\/uploads\\\/2025\\\/09\\\/Karaoke-Night-E-Blast-1.png\",\"datePublished\":\"2025-09-03T16:29:48+00:00\",\"dateModified\":\"2026-04-03T16:18:43+00:00\",\"breadcrumb\":{\"@id\":\"https:\\\/\\\/thebelizecollection.com\\\/fr\\\/voice-of-the-south\\\/#breadcrumb\"},\"inLanguage\":\"fr-FR\",\"potentialAction\":[{\"@type\":\"ReadAction\",\"target\":[\"https:\\\/\\\/thebelizecollection.com\\\/fr\\\/voice-of-the-south\\\/\"]}]},{\"@type\":\"ImageObject\",\"inLanguage\":\"fr-FR\",\"@id\":\"https:\\\/\\\/thebelizecollection.com\\\/fr\\\/voice-of-the-south\\\/#primaryimage\",\"url\":\"https:\\\/\\\/thebelizecollection.com\\\/wp-content\\\/uploads\\\/2025\\\/09\\\/Karaoke-Night-E-Blast-1.png\",\"contentUrl\":\"https:\\\/\\\/thebelizecollection.com\\\/wp-content\\\/uploads\\\/2025\\\/09\\\/Karaoke-Night-E-Blast-1.png\",\"width\":2048,\"height\":1365},{\"@type\":\"BreadcrumbList\",\"@id\":\"https:\\\/\\\/thebelizecollection.com\\\/fr\\\/voice-of-the-south\\\/#breadcrumb\",\"itemListElement\":[{\"@type\":\"ListItem\",\"position\":1,\"name\":\"Home\",\"item\":\"https:\\\/\\\/thebelizecollection.com\\\/fr\\\/the-belize-collection-2\\\/\"},{\"@type\":\"ListItem\",\"position\":2,\"name\":\"Voice of the South\"}]},{\"@type\":\"WebSite\",\"@id\":\"https:\\\/\\\/thebelizecollection.com\\\/fr\\\/#website\",\"url\":\"https:\\\/\\\/thebelizecollection.com\\\/fr\\\/\",\"name\":\"The Belize Collection\",\"description\":\"Everything Belize\",\"potentialAction\":[{\"@type\":\"SearchAction\",\"target\":{\"@type\":\"EntryPoint\",\"urlTemplate\":\"https:\\\/\\\/thebelizecollection.com\\\/fr\\\/?s={search_term_string}\"},\"query-input\":{\"@type\":\"PropertyValueSpecification\",\"valueRequired\":true,\"valueName\":\"search_term_string\"}}],\"inLanguage\":\"fr-FR\"}]}<\/script>\n<!-- \/ Yoast SEO plugin. -->","yoast_head_json":{"title":"Voice of the South - The Belize Collection","robots":{"index":"index","follow":"follow","max-snippet":"max-snippet:-1","max-image-preview":"max-image-preview:large","max-video-preview":"max-video-preview:-1"},"canonical":"https:\/\/thebelizecollection.com\/fr\/voice-of-the-south\/","og_locale":"fr_FR","og_type":"article","og_title":"Voice of the South - The Belize Collection","og_description":"Voice of the South Rejoignez-nous au Paddle House pour une soir\u00e9e de musique et de rires anim\u00e9e par notre propre Malcolm Leslie. Nous proposerons des boissons \u00e0 prix sp\u00e9ciaux, que vous soyez pr\u00eat \u00e0 interpr\u00e9ter vos morceaux pr\u00e9f\u00e9r\u00e9s ou que vous souhaitiez simplement profiter de l&#8217;ambiance entre amis. Envoyez-nous un message au +501-615-2167 pour r\u00e9server [&hellip;]","og_url":"https:\/\/thebelizecollection.com\/fr\/voice-of-the-south\/","og_site_name":"The Belize Collection","article_modified_time":"2026-04-03T16:18:43+00:00","og_image":[{"width":2048,"height":1365,"url":"https:\/\/thebelizecollection.com\/wp-content\/uploads\/2025\/09\/Karaoke-Night-E-Blast-1.png","type":"image\/png"}],"twitter_card":"summary_large_image","schema":{"@context":"https:\/\/schema.org","@graph":[{"@type":"WebPage","@id":"https:\/\/thebelizecollection.com\/fr\/voice-of-the-south\/","url":"https:\/\/thebelizecollection.com\/fr\/voice-of-the-south\/","name":"Voice of the South - The Belize Collection","isPartOf":{"@id":"https:\/\/thebelizecollection.com\/fr\/#website"},"primaryImageOfPage":{"@id":"https:\/\/thebelizecollection.com\/fr\/voice-of-the-south\/#primaryimage"},"image":{"@id":"https:\/\/thebelizecollection.com\/fr\/voice-of-the-south\/#primaryimage"},"thumbnailUrl":"https:\/\/thebelizecollection.com\/wp-content\/uploads\/2025\/09\/Karaoke-Night-E-Blast-1.png","datePublished":"2025-09-03T16:29:48+00:00","dateModified":"2026-04-03T16:18:43+00:00","breadcrumb":{"@id":"https:\/\/thebelizecollection.com\/fr\/voice-of-the-south\/#breadcrumb"},"inLanguage":"fr-FR","potentialAction":[{"@type":"ReadAction","target":["https:\/\/thebelizecollection.com\/fr\/voice-of-the-south\/"]}]},{"@type":"ImageObject","inLanguage":"fr-FR","@id":"https:\/\/thebelizecollection.com\/fr\/voice-of-the-south\/#primaryimage","url":"https:\/\/thebelizecollection.com\/wp-content\/uploads\/2025\/09\/Karaoke-Night-E-Blast-1.png","contentUrl":"https:\/\/thebelizecollection.com\/wp-content\/uploads\/2025\/09\/Karaoke-Night-E-Blast-1.png","width":2048,"height":1365},{"@type":"BreadcrumbList","@id":"https:\/\/thebelizecollection.com\/fr\/voice-of-the-south\/#breadcrumb","itemListElement":[{"@type":"ListItem","position":1,"name":"Home","item":"https:\/\/thebelizecollection.com\/fr\/the-belize-collection-2\/"},{"@type":"ListItem","position":2,"name":"Voice of the South"}]},{"@type":"WebSite","@id":"https:\/\/thebelizecollection.com\/fr\/#website","url":"https:\/\/thebelizecollection.com\/fr\/","name":"The Belize Collection","description":"Everything Belize","potentialAction":[{"@type":"SearchAction","target":{"@type":"EntryPoint","urlTemplate":"https:\/\/thebelizecollection.com\/fr\/?s={search_term_string}"},"query-input":{"@type":"PropertyValueSpecification","valueRequired":true,"valueName":"search_term_string"}}],"inLanguage":"fr-FR"}]}},"jetpack_sharing_enabled":true,"_links":{"self":[{"href":"https:\/\/thebelizecollection.com\/fr\/wp-json\/wp\/v2\/pages\/72129","targetHints":{"allow":["GET"]}}],"collection":[{"href":"https:\/\/thebelizecollection.com\/fr\/wp-json\/wp\/v2\/pages"}],"about":[{"href":"https:\/\/thebelizecollection.com\/fr\/wp-json\/wp\/v2\/types\/page"}],"author":[{"embeddable":true,"href":"https:\/\/thebelizecollection.com\/fr\/wp-json\/wp\/v2\/users\/4"}],"replies":[{"embeddable":true,"href":"https:\/\/thebelizecollection.com\/fr\/wp-json\/wp\/v2\/comments?post=72129"}],"version-history":[{"count":2,"href":"https:\/\/thebelizecollection.com\/fr\/wp-json\/wp\/v2\/pages\/72129\/revisions"}],"predecessor-version":[{"id":72256,"href":"https:\/\/thebelizecollection.com\/fr\/wp-json\/wp\/v2\/pages\/72129\/revisions\/72256"}],"wp:featuredmedia":[{"embeddable":true,"href":"https:\/\/thebelizecollection.com\/fr\/wp-json\/wp\/v2\/media\/72145"}],"wp:attachment":[{"href":"https:\/\/thebelizecollection.com\/fr\/wp-json\/wp\/v2\/media?parent=72129"}],"wp:term":[{"taxonomy":"category","embeddable":true,"href":"https:\/\/thebelizecollection.com\/fr\/wp-json\/wp\/v2\/categories?post=72129"},{"taxonomy":"post_tag","embeddable":true,"href":"https:\/\/thebelizecollection.com\/fr\/wp-json\/wp\/v2\/tags?post=72129"}],"curies":[{"name":"wp","href":"https:\/\/api.w.org\/{rel}","templated":true}]}}