{"id":72131,"date":"2025-08-13T14:07:17","date_gmt":"2025-08-13T20:07:17","guid":{"rendered":"https:\/\/thebelizecollection.com\/reunions-privees\/"},"modified":"2026-04-03T10:00:03","modified_gmt":"2026-04-03T16:00:03","slug":"reunions-privees","status":"publish","type":"page","link":"https:\/\/thebelizecollection.com\/fr\/reunions-privees\/","title":{"rendered":"R\u00e9unions priv\u00e9es"},"content":{"rendered":"\t\t<div data-elementor-type=\"wp-page\" data-elementor-id=\"72131\" class=\"elementor elementor-72131 elementor-62141\" data-elementor-post-type=\"page\">\n\t\t\t\t<div class=\"elementor-element elementor-element-47a884d6 e-con-full e-flex e-con e-parent\" data-id=\"47a884d6\" data-element_type=\"container\" data-e-type=\"container\" data-settings=\"{&quot;background_background&quot;:&quot;classic&quot;}\">\n\t\t\t\t<\/div>\n\t\t<div class=\"elementor-element elementor-element-43f80619 e-flex e-con-boxed e-con e-parent\" data-id=\"43f80619\" data-element_type=\"container\" data-e-type=\"container\">\n\t\t\t\t\t<div class=\"e-con-inner\">\n\t\t\t\t<div class=\"elementor-element elementor-element-43661a0d elementor-widget elementor-widget-heading\" data-id=\"43661a0d\" data-element_type=\"widget\" data-e-type=\"widget\" data-widget_type=\"heading.default\">\n\t\t\t\t<div class=\"elementor-widget-container\">\n\t\t\t\t\t<h1 class=\"elementor-heading-title elementor-size-default\">R\u00c9UNIONS PRIV\u00c9ES<\/h1>\t\t\t\t<\/div>\n\t\t\t\t<\/div>\n\t\t\t\t\t<\/div>\n\t\t\t\t<\/div>\n\t\t<div class=\"elementor-element elementor-element-56723b06 e-flex e-con-boxed elementor-invisible e-con e-parent\" data-id=\"56723b06\" data-element_type=\"container\" data-e-type=\"container\" data-settings=\"{&quot;animation&quot;:&quot;fadeInUp&quot;}\">\n\t\t\t\t\t<div class=\"e-con-inner\">\n\t\t\t\t<div class=\"elementor-element elementor-element-4ad5bca elementor-widget elementor-widget-text-editor\" data-id=\"4ad5bca\" data-element_type=\"widget\" data-e-type=\"widget\" data-widget_type=\"text-editor.default\">\n\t\t\t\t<div class=\"elementor-widget-container\">\n\t\t\t\t\t\t\t\t\t<div class=\"elementor-element elementor-element-3fd73d8 elementor-widget elementor-widget-text-editor\" data-id=\"3fd73d8\" data-element_type=\"widget\" data-widget_type=\"text-editor.default\"><div class=\"elementor-widget-container\">Que vous souhaitiez organiser une r\u00e9union de haut niveau ou accueillir vos proches lors du jour le plus magique de votre vie, vous trouverez le lieu id\u00e9al avec The Belize Collection. Choisissez entre la plage, la jungle ou le bord de lagune et organisez un \u00e9v\u00e9nement inoubliable avec l\u2019aide de notre \u00e9quipe. <\/div><\/div>\t\t\t\t\t\t\t\t<\/div>\n\t\t\t\t<\/div>\n\t\t\t\t\t<\/div>\n\t\t\t\t<\/div>\n\t\t<div class=\"elementor-element elementor-element-21e0fde0 e-flex e-con-boxed e-con e-parent\" data-id=\"21e0fde0\" data-element_type=\"container\" data-e-type=\"container\">\n\t\t\t\t\t<div class=\"e-con-inner\">\n\t\t\t\t<div class=\"elementor-element elementor-element-536cfe12 elementor-widget elementor-widget-spacer\" data-id=\"536cfe12\" data-element_type=\"widget\" data-e-type=\"widget\" data-widget_type=\"spacer.default\">\n\t\t\t\t<div class=\"elementor-widget-container\">\n\t\t\t\t\t\t\t<div class=\"elementor-spacer\">\n\t\t\t<div class=\"elementor-spacer-inner\"><\/div>\n\t\t<\/div>\n\t\t\t\t\t\t<\/div>\n\t\t\t\t<\/div>\n\t\t\t\t\t<\/div>\n\t\t\t\t<\/div>\n\t\t<div class=\"elementor-element elementor-element-1059590b e-flex e-con-boxed e-con e-parent\" data-id=\"1059590b\" data-element_type=\"container\" data-e-type=\"container\">\n\t\t\t\t\t<div class=\"e-con-inner\">\n\t\t<div class=\"elementor-element elementor-element-501dfc8d e-con-full e-flex e-con e-child\" data-id=\"501dfc8d\" data-element_type=\"container\" data-e-type=\"container\">\n\t\t\t\t<div class=\"elementor-element elementor-element-589637bd elementor-widget elementor-widget-image\" data-id=\"589637bd\" data-element_type=\"widget\" data-e-type=\"widget\" data-widget_type=\"image.default\">\n\t\t\t\t<div class=\"elementor-widget-container\">\n\t\t\t\t\t\t\t\t\t\t\t\t\t\t\t<img fetchpriority=\"high\" decoding=\"async\" width=\"1024\" height=\"683\" src=\"https:\/\/thebelizecollection.com\/wp-content\/uploads\/2025\/08\/SLEEPING-GIANT-LODGE-6422-webopd-scaled-1-1024x683.webp\" class=\"attachment-large size-large wp-image-72150\" alt=\"\" srcset=\"https:\/\/thebelizecollection.com\/wp-content\/uploads\/2025\/08\/SLEEPING-GIANT-LODGE-6422-webopd-scaled-1-1024x683.webp 1024w, https:\/\/thebelizecollection.com\/wp-content\/uploads\/2025\/08\/SLEEPING-GIANT-LODGE-6422-webopd-scaled-1-300x200.webp 300w, https:\/\/thebelizecollection.com\/wp-content\/uploads\/2025\/08\/SLEEPING-GIANT-LODGE-6422-webopd-scaled-1-768x512.webp 768w, https:\/\/thebelizecollection.com\/wp-content\/uploads\/2025\/08\/SLEEPING-GIANT-LODGE-6422-webopd-scaled-1-1536x1024.webp 1536w, https:\/\/thebelizecollection.com\/wp-content\/uploads\/2025\/08\/SLEEPING-GIANT-LODGE-6422-webopd-scaled-1-scaled.webp 2048w, https:\/\/thebelizecollection.com\/wp-content\/uploads\/2025\/08\/SLEEPING-GIANT-LODGE-6422-webopd-scaled-1-500x333.webp 500w, https:\/\/thebelizecollection.com\/wp-content\/uploads\/2025\/08\/SLEEPING-GIANT-LODGE-6422-webopd-scaled-1-800x533.webp 800w, https:\/\/thebelizecollection.com\/wp-content\/uploads\/2025\/08\/SLEEPING-GIANT-LODGE-6422-webopd-scaled-1-1280x854.webp 1280w, https:\/\/thebelizecollection.com\/wp-content\/uploads\/2025\/08\/SLEEPING-GIANT-LODGE-6422-webopd-scaled-1-1920x1280.webp 1920w\" sizes=\"(max-width: 1024px) 100vw, 1024px\" \/>\t\t\t\t\t\t\t\t\t\t\t\t\t\t\t<\/div>\n\t\t\t\t<\/div>\n\t\t\t\t<div class=\"elementor-element elementor-element-1e3daf97 elementor-widget elementor-widget-heading\" data-id=\"1e3daf97\" data-element_type=\"widget\" data-e-type=\"widget\" data-widget_type=\"heading.default\">\n\t\t\t\t<div class=\"elementor-widget-container\">\n\t\t\t\t\t<h3 class=\"elementor-heading-title elementor-size-default\">The Rainforest Lodge At<br>Sleeping Giant<\/h3>\t\t\t\t<\/div>\n\t\t\t\t<\/div>\n\t\t\t\t<div class=\"elementor-element elementor-element-f74b550 elementor-widget elementor-widget-heading\" data-id=\"f74b550\" data-element_type=\"widget\" data-e-type=\"widget\" data-widget_type=\"heading.default\">\n\t\t\t\t<div class=\"elementor-widget-container\">\n\t\t\t\t\t<h4 class=\"elementor-heading-title elementor-size-default\">HUMMINGBIRD HIGHWAY<\/h4>\t\t\t\t<\/div>\n\t\t\t\t<\/div>\n\t\t\t\t<div class=\"elementor-element elementor-element-7be358d4 elementor-widget elementor-widget-text-editor\" data-id=\"7be358d4\" data-element_type=\"widget\" data-e-type=\"widget\" data-widget_type=\"text-editor.default\">\n\t\t\t\t<div class=\"elementor-widget-container\">\n\t\t\t\t\t\t\t\t\t<p>Nich\u00e9e au c\u0153ur d\u2019une jungle luxuriante, organisez une r\u00e9union intimiste au dernier \u00e9tage du Grove House, prim\u00e9. Faites na\u00eetre des id\u00e9es et des \u00e9changes, avec pour seule interruption le son de la nature. <\/p>\t\t\t\t\t\t\t\t<\/div>\n\t\t\t\t<\/div>\n\t\t\t\t<div class=\"elementor-element elementor-element-273a6e2c elementor-align-center elementor-widget elementor-widget-button\" data-id=\"273a6e2c\" data-element_type=\"widget\" data-e-type=\"widget\" data-widget_type=\"button.default\">\n\t\t\t\t<div class=\"elementor-widget-container\">\n\t\t\t\t\t\t\t\t\t<div class=\"elementor-button-wrapper\">\n\t\t\t\t\t<a class=\"elementor-button elementor-button-link elementor-size-sm\" href=\"https:\/\/thebelizecollection.com\/fr\/contactez-nous\/\">\n\t\t\t\t\t\t<span class=\"elementor-button-content-wrapper\">\n\t\t\t\t\t\t\t\t\t<span class=\"elementor-button-text\">D\u00c9TAILS<\/span>\n\t\t\t\t\t<\/span>\n\t\t\t\t\t<\/a>\n\t\t\t\t<\/div>\n\t\t\t\t\t\t\t\t<\/div>\n\t\t\t\t<\/div>\n\t\t\t\t<\/div>\n\t\t<div class=\"elementor-element elementor-element-36ee62fe e-con-full e-flex e-con e-child\" data-id=\"36ee62fe\" data-element_type=\"container\" data-e-type=\"container\">\n\t\t\t\t<div class=\"elementor-element elementor-element-402a0d54 elementor-widget elementor-widget-image\" data-id=\"402a0d54\" data-element_type=\"widget\" data-e-type=\"widget\" data-widget_type=\"image.default\">\n\t\t\t\t<div class=\"elementor-widget-container\">\n\t\t\t\t\t\t\t\t\t\t\t\t\t\t\t<img decoding=\"async\" width=\"1024\" height=\"683\" src=\"https:\/\/thebelizecollection.com\/wp-content\/uploads\/2025\/08\/Belize-Resort-Conference-Room-Facilities-JRL_WebOpd-1024x683.jpg\" class=\"attachment-large size-large wp-image-72152\" alt=\"\" srcset=\"https:\/\/thebelizecollection.com\/wp-content\/uploads\/2025\/08\/Belize-Resort-Conference-Room-Facilities-JRL_WebOpd-1024x683.jpg 1024w, https:\/\/thebelizecollection.com\/wp-content\/uploads\/2025\/08\/Belize-Resort-Conference-Room-Facilities-JRL_WebOpd-300x200.jpg 300w, https:\/\/thebelizecollection.com\/wp-content\/uploads\/2025\/08\/Belize-Resort-Conference-Room-Facilities-JRL_WebOpd-768x512.jpg 768w, https:\/\/thebelizecollection.com\/wp-content\/uploads\/2025\/08\/Belize-Resort-Conference-Room-Facilities-JRL_WebOpd-1536x1024.jpg 1536w, https:\/\/thebelizecollection.com\/wp-content\/uploads\/2025\/08\/Belize-Resort-Conference-Room-Facilities-JRL_WebOpd-500x333.jpg 500w, https:\/\/thebelizecollection.com\/wp-content\/uploads\/2025\/08\/Belize-Resort-Conference-Room-Facilities-JRL_WebOpd-800x533.jpg 800w, https:\/\/thebelizecollection.com\/wp-content\/uploads\/2025\/08\/Belize-Resort-Conference-Room-Facilities-JRL_WebOpd-1280x853.jpg 1280w, https:\/\/thebelizecollection.com\/wp-content\/uploads\/2025\/08\/Belize-Resort-Conference-Room-Facilities-JRL_WebOpd.jpg 1620w\" sizes=\"(max-width: 1024px) 100vw, 1024px\" \/>\t\t\t\t\t\t\t\t\t\t\t\t\t\t\t<\/div>\n\t\t\t\t<\/div>\n\t\t\t\t<div class=\"elementor-element elementor-element-50669b42 elementor-widget elementor-widget-heading\" data-id=\"50669b42\" data-element_type=\"widget\" data-e-type=\"widget\" data-widget_type=\"heading.default\">\n\t\t\t\t<div class=\"elementor-widget-container\">\n\t\t\t\t\t<h3 class=\"elementor-heading-title elementor-size-default\">The Lodge At Jaguar Reef<\/h3>\t\t\t\t<\/div>\n\t\t\t\t<\/div>\n\t\t\t\t<div class=\"elementor-element elementor-element-a001bb3 elementor-widget elementor-widget-heading\" data-id=\"a001bb3\" data-element_type=\"widget\" data-e-type=\"widget\" data-widget_type=\"heading.default\">\n\t\t\t\t<div class=\"elementor-widget-container\">\n\t\t\t\t\t<h4 class=\"elementor-heading-title elementor-size-default\">HOPKIKNS<\/h4>\t\t\t\t<\/div>\n\t\t\t\t<\/div>\n\t\t\t\t<div class=\"elementor-element elementor-element-2fb80413 elementor-widget elementor-widget-text-editor\" data-id=\"2fb80413\" data-element_type=\"widget\" data-e-type=\"widget\" data-widget_type=\"text-editor.default\">\n\t\t\t\t<div class=\"elementor-widget-container\">\n\t\t\t\t\t\t\t\t\t<p>R\u00e9unissez-vous avec celles et ceux qui inspirent et dirigent, dans un cadre de travail productif. Passez facilement \u00e0 la d\u00e9tente et au zen lorsque vous quittez la salle de conf\u00e9rence pour rejoindre la plage. <\/p>\t\t\t\t\t\t\t\t<\/div>\n\t\t\t\t<\/div>\n\t\t\t\t<div class=\"elementor-element elementor-element-10464c7d elementor-align-center elementor-widget elementor-widget-button\" data-id=\"10464c7d\" data-element_type=\"widget\" data-e-type=\"widget\" data-widget_type=\"button.default\">\n\t\t\t\t<div class=\"elementor-widget-container\">\n\t\t\t\t\t\t\t\t\t<div class=\"elementor-button-wrapper\">\n\t\t\t\t\t<a class=\"elementor-button elementor-button-link elementor-size-sm\" href=\"https:\/\/thebelizecollection.com\/fr\/contactez-nous\/\">\n\t\t\t\t\t\t<span class=\"elementor-button-content-wrapper\">\n\t\t\t\t\t\t\t\t\t<span class=\"elementor-button-text\">D\u00c9TAILS<\/span>\n\t\t\t\t\t<\/span>\n\t\t\t\t\t<\/a>\n\t\t\t\t<\/div>\n\t\t\t\t\t\t\t\t<\/div>\n\t\t\t\t<\/div>\n\t\t\t\t<\/div>\n\t\t<div class=\"elementor-element elementor-element-5c2d283 e-con-full e-flex e-con e-child\" data-id=\"5c2d283\" data-element_type=\"container\" data-e-type=\"container\">\n\t\t\t\t<div class=\"elementor-element elementor-element-46e1adca elementor-widget elementor-widget-image\" data-id=\"46e1adca\" data-element_type=\"widget\" data-e-type=\"widget\" data-widget_type=\"image.default\">\n\t\t\t\t<div class=\"elementor-widget-container\">\n\t\t\t\t\t\t\t\t\t\t\t\t\t\t\t<img decoding=\"async\" width=\"1024\" height=\"683\" src=\"https:\/\/thebelizecollection.com\/wp-content\/uploads\/2025\/08\/20191107umaya00_premium-suites-1086_WebOpd-1024x683.jpg\" class=\"attachment-large size-large wp-image-72154\" alt=\"\" srcset=\"https:\/\/thebelizecollection.com\/wp-content\/uploads\/2025\/08\/20191107umaya00_premium-suites-1086_WebOpd-1024x683.jpg 1024w, https:\/\/thebelizecollection.com\/wp-content\/uploads\/2025\/08\/20191107umaya00_premium-suites-1086_WebOpd-300x200.jpg 300w, https:\/\/thebelizecollection.com\/wp-content\/uploads\/2025\/08\/20191107umaya00_premium-suites-1086_WebOpd-768x512.jpg 768w, https:\/\/thebelizecollection.com\/wp-content\/uploads\/2025\/08\/20191107umaya00_premium-suites-1086_WebOpd-1536x1024.jpg 1536w, https:\/\/thebelizecollection.com\/wp-content\/uploads\/2025\/08\/20191107umaya00_premium-suites-1086_WebOpd-500x333.jpg 500w, https:\/\/thebelizecollection.com\/wp-content\/uploads\/2025\/08\/20191107umaya00_premium-suites-1086_WebOpd-800x533.jpg 800w, https:\/\/thebelizecollection.com\/wp-content\/uploads\/2025\/08\/20191107umaya00_premium-suites-1086_WebOpd-1280x853.jpg 1280w, https:\/\/thebelizecollection.com\/wp-content\/uploads\/2025\/08\/20191107umaya00_premium-suites-1086_WebOpd.jpg 1620w\" sizes=\"(max-width: 1024px) 100vw, 1024px\" \/>\t\t\t\t\t\t\t\t\t\t\t\t\t\t\t<\/div>\n\t\t\t\t<\/div>\n\t\t\t\t<div class=\"elementor-element elementor-element-7cb1381e elementor-widget elementor-widget-heading\" data-id=\"7cb1381e\" data-element_type=\"widget\" data-e-type=\"widget\" data-widget_type=\"heading.default\">\n\t\t\t\t<div class=\"elementor-widget-container\">\n\t\t\t\t\t<h3 class=\"elementor-heading-title elementor-size-default\">Umaya Resort<\/h3>\t\t\t\t<\/div>\n\t\t\t\t<\/div>\n\t\t\t\t<div class=\"elementor-element elementor-element-7b7b722 elementor-widget elementor-widget-heading\" data-id=\"7b7b722\" data-element_type=\"widget\" data-e-type=\"widget\" data-widget_type=\"heading.default\">\n\t\t\t\t<div class=\"elementor-widget-container\">\n\t\t\t\t\t<h4 class=\"elementor-heading-title elementor-size-default\">PLACENCIA<\/h4>\t\t\t\t<\/div>\n\t\t\t\t<\/div>\n\t\t\t\t<div class=\"elementor-element elementor-element-694e478c elementor-widget elementor-widget-text-editor\" data-id=\"694e478c\" data-element_type=\"widget\" data-e-type=\"widget\" data-widget_type=\"text-editor.default\">\n\t\t\t\t<div class=\"elementor-widget-container\">\n\t\t\t\t\t\t\t\t\t<p>Choisissez une destination de premier plan au Belize pour organiser votre conf\u00e9rence. Cr\u00e9ez des liens avec vos invit\u00e9s tout en vous impr\u00e9gnant de la culture. <\/p>\t\t\t\t\t\t\t\t<\/div>\n\t\t\t\t<\/div>\n\t\t\t\t<div class=\"elementor-element elementor-element-9e1270a elementor-align-center elementor-widget elementor-widget-button\" data-id=\"9e1270a\" data-element_type=\"widget\" data-e-type=\"widget\" data-widget_type=\"button.default\">\n\t\t\t\t<div class=\"elementor-widget-container\">\n\t\t\t\t\t\t\t\t\t<div class=\"elementor-button-wrapper\">\n\t\t\t\t\t<a class=\"elementor-button elementor-button-link elementor-size-sm\" href=\"https:\/\/thebelizecollection.com\/fr\/contactez-nous\/\">\n\t\t\t\t\t\t<span class=\"elementor-button-content-wrapper\">\n\t\t\t\t\t\t\t\t\t<span class=\"elementor-button-text\">D\u00c9TAILS<\/span>\n\t\t\t\t\t<\/span>\n\t\t\t\t\t<\/a>\n\t\t\t\t<\/div>\n\t\t\t\t\t\t\t\t<\/div>\n\t\t\t\t<\/div>\n\t\t\t\t<\/div>\n\t\t\t\t\t<\/div>\n\t\t\t\t<\/div>\n\t\t<div class=\"elementor-element elementor-element-655edfc7 e-flex e-con-boxed e-con e-parent\" data-id=\"655edfc7\" data-element_type=\"container\" data-e-type=\"container\">\n\t\t\t\t\t<div class=\"e-con-inner\">\n\t\t\t\t<div class=\"elementor-element elementor-element-4a6ef1af elementor-widget elementor-widget-spacer\" data-id=\"4a6ef1af\" data-element_type=\"widget\" data-e-type=\"widget\" data-widget_type=\"spacer.default\">\n\t\t\t\t<div class=\"elementor-widget-container\">\n\t\t\t\t\t\t\t<div class=\"elementor-spacer\">\n\t\t\t<div class=\"elementor-spacer-inner\"><\/div>\n\t\t<\/div>\n\t\t\t\t\t\t<\/div>\n\t\t\t\t<\/div>\n\t\t\t\t\t<\/div>\n\t\t\t\t<\/div>\n\t\t\t\t<\/div>\n\t\t","protected":false},"excerpt":{"rendered":"<p>R\u00c9UNIONS PRIV\u00c9ES Que vous souhaitiez organiser une r\u00e9union de haut niveau ou accueillir vos proches lors du jour le plus magique de votre vie, vous trouverez le lieu id\u00e9al avec The Belize Collection. Choisissez entre la plage, la jungle ou le bord de lagune et organisez un \u00e9v\u00e9nement inoubliable avec l\u2019aide de notre \u00e9quipe. The [&hellip;]<\/p>\n","protected":false},"author":2,"featured_media":0,"parent":0,"menu_order":0,"comment_status":"closed","ping_status":"closed","template":"page-full-width.php","meta":{"_acf_changed":false,"_vp_format_video_url":"","_vp_image_focal_point":[],"footnotes":""},"categories":[],"tags":[],"class_list":["post-72131","page","type-page","status-publish","hentry"],"acf":[],"yoast_head":"<!-- This site is optimized with the Yoast SEO plugin v27.5 - https:\/\/yoast.com\/product\/yoast-seo-wordpress\/ -->\n<title>R\u00e9unions priv\u00e9es - The Belize Collection<\/title>\n<meta name=\"robots\" content=\"index, follow, max-snippet:-1, max-image-preview:large, max-video-preview:-1\" \/>\n<link rel=\"canonical\" href=\"https:\/\/thebelizecollection.com\/fr\/reunions-privees\/\" \/>\n<meta property=\"og:locale\" content=\"fr_FR\" \/>\n<meta property=\"og:type\" content=\"article\" \/>\n<meta property=\"og:title\" content=\"R\u00e9unions priv\u00e9es - The Belize Collection\" \/>\n<meta property=\"og:description\" content=\"R\u00c9UNIONS PRIV\u00c9ES Que vous souhaitiez organiser une r\u00e9union de haut niveau ou accueillir vos proches lors du jour le plus magique de votre vie, vous trouverez le lieu id\u00e9al avec The Belize Collection. Choisissez entre la plage, la jungle ou le bord de lagune et organisez un \u00e9v\u00e9nement inoubliable avec l\u2019aide de notre \u00e9quipe. The [&hellip;]\" \/>\n<meta property=\"og:url\" content=\"https:\/\/thebelizecollection.com\/fr\/reunions-privees\/\" \/>\n<meta property=\"og:site_name\" content=\"The Belize Collection\" \/>\n<meta property=\"article:modified_time\" content=\"2026-04-03T16:00:03+00:00\" \/>\n<meta property=\"og:image\" content=\"https:\/\/thebelizecollection.com\/wp-content\/uploads\/2025\/08\/SLEEPING-GIANT-LODGE-6422-webopd-scaled-1-scaled.webp\" \/>\n\t<meta property=\"og:image:width\" content=\"2048\" \/>\n\t<meta property=\"og:image:height\" content=\"1366\" \/>\n\t<meta property=\"og:image:type\" content=\"image\/webp\" \/>\n<meta name=\"twitter:card\" content=\"summary_large_image\" \/>\n<meta name=\"twitter:label1\" content=\"Dur\u00e9e de lecture estim\u00e9e\" \/>\n\t<meta name=\"twitter:data1\" content=\"1 minute\" \/>\n<script type=\"application\/ld+json\" class=\"yoast-schema-graph\">{\"@context\":\"https:\\\/\\\/schema.org\",\"@graph\":[{\"@type\":\"WebPage\",\"@id\":\"https:\\\/\\\/thebelizecollection.com\\\/fr\\\/reunions-privees\\\/\",\"url\":\"https:\\\/\\\/thebelizecollection.com\\\/fr\\\/reunions-privees\\\/\",\"name\":\"R\u00e9unions priv\u00e9es - The Belize Collection\",\"isPartOf\":{\"@id\":\"https:\\\/\\\/thebelizecollection.com\\\/fr\\\/#website\"},\"primaryImageOfPage\":{\"@id\":\"https:\\\/\\\/thebelizecollection.com\\\/fr\\\/reunions-privees\\\/#primaryimage\"},\"image\":{\"@id\":\"https:\\\/\\\/thebelizecollection.com\\\/fr\\\/reunions-privees\\\/#primaryimage\"},\"thumbnailUrl\":\"https:\\\/\\\/thebelizecollection.com\\\/wp-content\\\/uploads\\\/2025\\\/08\\\/SLEEPING-GIANT-LODGE-6422-webopd-scaled-1-1024x683.webp\",\"datePublished\":\"2025-08-13T20:07:17+00:00\",\"dateModified\":\"2026-04-03T16:00:03+00:00\",\"breadcrumb\":{\"@id\":\"https:\\\/\\\/thebelizecollection.com\\\/fr\\\/reunions-privees\\\/#breadcrumb\"},\"inLanguage\":\"fr-FR\",\"potentialAction\":[{\"@type\":\"ReadAction\",\"target\":[\"https:\\\/\\\/thebelizecollection.com\\\/fr\\\/reunions-privees\\\/\"]}]},{\"@type\":\"ImageObject\",\"inLanguage\":\"fr-FR\",\"@id\":\"https:\\\/\\\/thebelizecollection.com\\\/fr\\\/reunions-privees\\\/#primaryimage\",\"url\":\"https:\\\/\\\/thebelizecollection.com\\\/wp-content\\\/uploads\\\/2025\\\/08\\\/SLEEPING-GIANT-LODGE-6422-webopd-scaled-1-1024x683.webp\",\"contentUrl\":\"https:\\\/\\\/thebelizecollection.com\\\/wp-content\\\/uploads\\\/2025\\\/08\\\/SLEEPING-GIANT-LODGE-6422-webopd-scaled-1-1024x683.webp\"},{\"@type\":\"BreadcrumbList\",\"@id\":\"https:\\\/\\\/thebelizecollection.com\\\/fr\\\/reunions-privees\\\/#breadcrumb\",\"itemListElement\":[{\"@type\":\"ListItem\",\"position\":1,\"name\":\"Home\",\"item\":\"https:\\\/\\\/thebelizecollection.com\\\/fr\\\/the-belize-collection-2\\\/\"},{\"@type\":\"ListItem\",\"position\":2,\"name\":\"R\u00e9unions priv\u00e9es\"}]},{\"@type\":\"WebSite\",\"@id\":\"https:\\\/\\\/thebelizecollection.com\\\/fr\\\/#website\",\"url\":\"https:\\\/\\\/thebelizecollection.com\\\/fr\\\/\",\"name\":\"The Belize Collection\",\"description\":\"Everything Belize\",\"potentialAction\":[{\"@type\":\"SearchAction\",\"target\":{\"@type\":\"EntryPoint\",\"urlTemplate\":\"https:\\\/\\\/thebelizecollection.com\\\/fr\\\/?s={search_term_string}\"},\"query-input\":{\"@type\":\"PropertyValueSpecification\",\"valueRequired\":true,\"valueName\":\"search_term_string\"}}],\"inLanguage\":\"fr-FR\"}]}<\/script>\n<!-- \/ Yoast SEO plugin. -->","yoast_head_json":{"title":"R\u00e9unions priv\u00e9es - The Belize Collection","robots":{"index":"index","follow":"follow","max-snippet":"max-snippet:-1","max-image-preview":"max-image-preview:large","max-video-preview":"max-video-preview:-1"},"canonical":"https:\/\/thebelizecollection.com\/fr\/reunions-privees\/","og_locale":"fr_FR","og_type":"article","og_title":"R\u00e9unions priv\u00e9es - The Belize Collection","og_description":"R\u00c9UNIONS PRIV\u00c9ES Que vous souhaitiez organiser une r\u00e9union de haut niveau ou accueillir vos proches lors du jour le plus magique de votre vie, vous trouverez le lieu id\u00e9al avec The Belize Collection. Choisissez entre la plage, la jungle ou le bord de lagune et organisez un \u00e9v\u00e9nement inoubliable avec l\u2019aide de notre \u00e9quipe. The [&hellip;]","og_url":"https:\/\/thebelizecollection.com\/fr\/reunions-privees\/","og_site_name":"The Belize Collection","article_modified_time":"2026-04-03T16:00:03+00:00","og_image":[{"width":2048,"height":1366,"url":"https:\/\/thebelizecollection.com\/wp-content\/uploads\/2025\/08\/SLEEPING-GIANT-LODGE-6422-webopd-scaled-1-scaled.webp","type":"image\/webp"}],"twitter_card":"summary_large_image","twitter_misc":{"Dur\u00e9e de lecture estim\u00e9e":"1 minute"},"schema":{"@context":"https:\/\/schema.org","@graph":[{"@type":"WebPage","@id":"https:\/\/thebelizecollection.com\/fr\/reunions-privees\/","url":"https:\/\/thebelizecollection.com\/fr\/reunions-privees\/","name":"R\u00e9unions priv\u00e9es - The Belize Collection","isPartOf":{"@id":"https:\/\/thebelizecollection.com\/fr\/#website"},"primaryImageOfPage":{"@id":"https:\/\/thebelizecollection.com\/fr\/reunions-privees\/#primaryimage"},"image":{"@id":"https:\/\/thebelizecollection.com\/fr\/reunions-privees\/#primaryimage"},"thumbnailUrl":"https:\/\/thebelizecollection.com\/wp-content\/uploads\/2025\/08\/SLEEPING-GIANT-LODGE-6422-webopd-scaled-1-1024x683.webp","datePublished":"2025-08-13T20:07:17+00:00","dateModified":"2026-04-03T16:00:03+00:00","breadcrumb":{"@id":"https:\/\/thebelizecollection.com\/fr\/reunions-privees\/#breadcrumb"},"inLanguage":"fr-FR","potentialAction":[{"@type":"ReadAction","target":["https:\/\/thebelizecollection.com\/fr\/reunions-privees\/"]}]},{"@type":"ImageObject","inLanguage":"fr-FR","@id":"https:\/\/thebelizecollection.com\/fr\/reunions-privees\/#primaryimage","url":"https:\/\/thebelizecollection.com\/wp-content\/uploads\/2025\/08\/SLEEPING-GIANT-LODGE-6422-webopd-scaled-1-1024x683.webp","contentUrl":"https:\/\/thebelizecollection.com\/wp-content\/uploads\/2025\/08\/SLEEPING-GIANT-LODGE-6422-webopd-scaled-1-1024x683.webp"},{"@type":"BreadcrumbList","@id":"https:\/\/thebelizecollection.com\/fr\/reunions-privees\/#breadcrumb","itemListElement":[{"@type":"ListItem","position":1,"name":"Home","item":"https:\/\/thebelizecollection.com\/fr\/the-belize-collection-2\/"},{"@type":"ListItem","position":2,"name":"R\u00e9unions priv\u00e9es"}]},{"@type":"WebSite","@id":"https:\/\/thebelizecollection.com\/fr\/#website","url":"https:\/\/thebelizecollection.com\/fr\/","name":"The Belize Collection","description":"Everything Belize","potentialAction":[{"@type":"SearchAction","target":{"@type":"EntryPoint","urlTemplate":"https:\/\/thebelizecollection.com\/fr\/?s={search_term_string}"},"query-input":{"@type":"PropertyValueSpecification","valueRequired":true,"valueName":"search_term_string"}}],"inLanguage":"fr-FR"}]}},"jetpack_sharing_enabled":true,"_links":{"self":[{"href":"https:\/\/thebelizecollection.com\/fr\/wp-json\/wp\/v2\/pages\/72131","targetHints":{"allow":["GET"]}}],"collection":[{"href":"https:\/\/thebelizecollection.com\/fr\/wp-json\/wp\/v2\/pages"}],"about":[{"href":"https:\/\/thebelizecollection.com\/fr\/wp-json\/wp\/v2\/types\/page"}],"author":[{"embeddable":true,"href":"https:\/\/thebelizecollection.com\/fr\/wp-json\/wp\/v2\/users\/2"}],"replies":[{"embeddable":true,"href":"https:\/\/thebelizecollection.com\/fr\/wp-json\/wp\/v2\/comments?post=72131"}],"version-history":[{"count":2,"href":"https:\/\/thebelizecollection.com\/fr\/wp-json\/wp\/v2\/pages\/72131\/revisions"}],"predecessor-version":[{"id":72227,"href":"https:\/\/thebelizecollection.com\/fr\/wp-json\/wp\/v2\/pages\/72131\/revisions\/72227"}],"wp:attachment":[{"href":"https:\/\/thebelizecollection.com\/fr\/wp-json\/wp\/v2\/media?parent=72131"}],"wp:term":[{"taxonomy":"category","embeddable":true,"href":"https:\/\/thebelizecollection.com\/fr\/wp-json\/wp\/v2\/categories?post=72131"},{"taxonomy":"post_tag","embeddable":true,"href":"https:\/\/thebelizecollection.com\/fr\/wp-json\/wp\/v2\/tags?post=72131"}],"curies":[{"name":"wp","href":"https:\/\/api.w.org\/{rel}","templated":true}]}}