{"id":72155,"date":"2025-08-21T10:47:18","date_gmt":"2025-08-21T16:47:18","guid":{"rendered":"https:\/\/thebelizecollection.com\/4e-edition-de-la-roaring-run-for-jaguars\/"},"modified":"2026-04-03T09:53:09","modified_gmt":"2026-04-03T15:53:09","slug":"4e-edition-de-la-roaring-run-for-jaguars","status":"publish","type":"page","link":"https:\/\/thebelizecollection.com\/fr\/4e-edition-de-la-roaring-run-for-jaguars\/","title":{"rendered":"4e \u00e9dition de la Roaring Run for Jaguars"},"content":{"rendered":"\t\t<div data-elementor-type=\"wp-page\" data-elementor-id=\"72155\" class=\"elementor elementor-72155 elementor-62453\" data-elementor-post-type=\"page\">\n\t\t\t\t<div class=\"elementor-element elementor-element-e227695 e-con-full e-flex e-con e-parent\" data-id=\"e227695\" data-element_type=\"container\" data-e-type=\"container\" data-settings=\"{&quot;background_background&quot;:&quot;classic&quot;}\">\n\t\t\t\t<\/div>\n\t\t<div class=\"elementor-element elementor-element-5c8f192 e-flex e-con-boxed e-con e-parent\" data-id=\"5c8f192\" data-element_type=\"container\" data-e-type=\"container\">\n\t\t\t\t\t<div class=\"e-con-inner\">\n\t\t\t\t<div class=\"elementor-element elementor-element-fa9dd0c elementor-widget elementor-widget-spacer\" data-id=\"fa9dd0c\" data-element_type=\"widget\" data-e-type=\"widget\" data-widget_type=\"spacer.default\">\n\t\t\t\t<div class=\"elementor-widget-container\">\n\t\t\t\t\t\t\t<div class=\"elementor-spacer\">\n\t\t\t<div class=\"elementor-spacer-inner\"><\/div>\n\t\t<\/div>\n\t\t\t\t\t\t<\/div>\n\t\t\t\t<\/div>\n\t\t\t\t\t<\/div>\n\t\t\t\t<\/div>\n\t\t<div class=\"elementor-element elementor-element-496c6c2 e-flex e-con-boxed e-con e-parent\" data-id=\"496c6c2\" data-element_type=\"container\" data-e-type=\"container\">\n\t\t\t\t\t<div class=\"e-con-inner\">\n\t\t<div class=\"elementor-element elementor-element-c41c7e6 e-con-full e-flex e-con e-child\" data-id=\"c41c7e6\" data-element_type=\"container\" data-e-type=\"container\">\n\t\t\t\t<div class=\"elementor-element elementor-element-d7cfdab elementor-widget elementor-widget-heading\" data-id=\"d7cfdab\" data-element_type=\"widget\" data-e-type=\"widget\" data-widget_type=\"heading.default\">\n\t\t\t\t<div class=\"elementor-widget-container\">\n\t\t\t\t\t<h1 class=\"elementor-heading-title elementor-size-default\">The Belize Collection<\/h1>\t\t\t\t<\/div>\n\t\t\t\t<\/div>\n\t\t\t\t<div class=\"elementor-element elementor-element-4004436 elementor-widget elementor-widget-heading\" data-id=\"4004436\" data-element_type=\"widget\" data-e-type=\"widget\" data-widget_type=\"heading.default\">\n\t\t\t\t<div class=\"elementor-widget-container\">\n\t\t\t\t\t<h1 class=\"elementor-heading-title elementor-size-default\">4e \u00e9dition de la Roaring Run for Jaguars<\/h1>\t\t\t\t<\/div>\n\t\t\t\t<\/div>\n\t\t\t\t<div class=\"elementor-element elementor-element-424f1ca elementor-widget elementor-widget-text-editor\" data-id=\"424f1ca\" data-element_type=\"widget\" data-e-type=\"widget\" data-widget_type=\"text-editor.default\">\n\t\t\t\t<div class=\"elementor-widget-container\">\n\t\t\t\t\t\t\t\t\t<div class=\"elementor-element elementor-element-3fd73d8 elementor-widget elementor-widget-text-editor\" data-id=\"3fd73d8\" data-element_type=\"widget\" data-widget_type=\"text-editor.default\"><div class=\"elementor-widget-container\">La Journ\u00e9e internationale du jaguar est c\u00e9l\u00e9br\u00e9e chaque ann\u00e9e le 29 novembre. La Roaring Run for Jaguars sensibilise \u00e0 la conservation de la biodiversit\u00e9 en tant que collecte de fonds pour le programme de gestion des conflits entre l\u2019homme et le jaguar du zoo du Belize. <\/div><\/div>\t\t\t\t\t\t\t\t<\/div>\n\t\t\t\t<\/div>\n\t\t\t\t<div class=\"elementor-element elementor-element-036ba12 elementor-widget elementor-widget-text-editor\" data-id=\"036ba12\" data-element_type=\"widget\" data-e-type=\"widget\" data-widget_type=\"text-editor.default\">\n\t\t\t\t<div class=\"elementor-widget-container\">\n\t\t\t\t\t\t\t\t\t<div class=\"elementor-element elementor-element-7b6add7 elementor-widget elementor-widget-text-editor\" data-id=\"7b6add7\" data-element_type=\"widget\" data-widget_type=\"text-editor.default\"><div class=\"elementor-widget-container\"><div class=\"elementor-element elementor-element-7b6add7 elementor-widget elementor-widget-text-editor\" data-id=\"7b6add7\" data-element_type=\"widget\" data-widget_type=\"text-editor.default\"><div class=\"elementor-widget-container\"><div class=\"elementor-element elementor-element-66dba51 elementor-widget elementor-widget-text-editor\" data-id=\"66dba51\" data-element_type=\"widget\" data-widget_type=\"text-editor.default\"><div class=\"elementor-widget-container\"><p><strong>Date :<\/strong> 23 novembre 2025<\/p><div class=\"elementor-element elementor-element-0bab296 elementor-widget elementor-widget-text-editor\" data-id=\"0bab296\" data-element_type=\"widget\" data-widget_type=\"text-editor.default\"><div class=\"elementor-widget-container\"><p><strong>Heure : <\/strong><span class=\"single-location term-101\">6h00<\/span><\/p><div class=\"elementor-element elementor-element-0bab296 elementor-widget elementor-widget-text-editor\" data-id=\"0bab296\" data-element_type=\"widget\" data-widget_type=\"text-editor.default\"><div class=\"elementor-widget-container\"><p><strong>Lieu : <\/strong><span class=\"single-location term-101\">Zoo du Belize<\/span><\/p><\/div><\/div><\/div><\/div><\/div><\/div><\/div><\/div><div class=\"elementor-element elementor-element-1e366c3 elementor-widget elementor-widget-text-editor\" data-id=\"1e366c3\" data-element_type=\"widget\" data-widget_type=\"text-editor.default\"><div class=\"elementor-widget-container\"> <\/div><\/div><\/div><\/div>\t\t\t\t\t\t\t\t<\/div>\n\t\t\t\t<\/div>\n\t\t\t\t<div class=\"elementor-element elementor-element-b7cfd48 elementor-widget elementor-widget-button\" data-id=\"b7cfd48\" data-element_type=\"widget\" data-e-type=\"widget\" data-widget_type=\"button.default\">\n\t\t\t\t<div class=\"elementor-widget-container\">\n\t\t\t\t\t\t\t\t\t<div class=\"elementor-button-wrapper\">\n\t\t\t\t\t<a class=\"elementor-button elementor-button-link elementor-size-sm\" href=\"https:\/\/www.belizezoo.org\/run-for-jaguars-registration\/\">\n\t\t\t\t\t\t<span class=\"elementor-button-content-wrapper\">\n\t\t\t\t\t\t\t\t\t<span class=\"elementor-button-text\">EN SAVOIR PLUS ET S\u2019INSCRIRE<\/span>\n\t\t\t\t\t<\/span>\n\t\t\t\t\t<\/a>\n\t\t\t\t<\/div>\n\t\t\t\t\t\t\t\t<\/div>\n\t\t\t\t<\/div>\n\t\t\t\t<\/div>\n\t\t<div class=\"elementor-element elementor-element-cdb8f28 e-con-full e-flex e-con e-child\" data-id=\"cdb8f28\" data-element_type=\"container\" data-e-type=\"container\" data-settings=\"{&quot;background_background&quot;:&quot;classic&quot;}\">\n\t\t\t\t<\/div>\n\t\t\t\t\t<\/div>\n\t\t\t\t<\/div>\n\t\t<div class=\"elementor-element elementor-element-62844cf e-flex e-con-boxed e-con e-parent\" data-id=\"62844cf\" data-element_type=\"container\" data-e-type=\"container\">\n\t\t\t\t\t<div class=\"e-con-inner\">\n\t\t\t\t<div class=\"elementor-element elementor-element-55595e0 elementor-widget elementor-widget-spacer\" data-id=\"55595e0\" data-element_type=\"widget\" data-e-type=\"widget\" data-widget_type=\"spacer.default\">\n\t\t\t\t<div class=\"elementor-widget-container\">\n\t\t\t\t\t\t\t<div class=\"elementor-spacer\">\n\t\t\t<div class=\"elementor-spacer-inner\"><\/div>\n\t\t<\/div>\n\t\t\t\t\t\t<\/div>\n\t\t\t\t<\/div>\n\t\t\t\t\t<\/div>\n\t\t\t\t<\/div>\n\t\t\t\t<\/div>\n\t\t","protected":false},"excerpt":{"rendered":"<p>The Belize Collection 4e \u00e9dition de la Roaring Run for Jaguars La Journ\u00e9e internationale du jaguar est c\u00e9l\u00e9br\u00e9e chaque ann\u00e9e le 29 novembre. La Roaring Run for Jaguars sensibilise \u00e0 la conservation de la biodiversit\u00e9 en tant que collecte de fonds pour le programme de gestion des conflits entre l\u2019homme et le jaguar du zoo [&hellip;]<\/p>\n","protected":false},"author":4,"featured_media":72164,"parent":0,"menu_order":0,"comment_status":"closed","ping_status":"closed","template":"page-full-width.php","meta":{"_acf_changed":false,"_vp_format_video_url":"","_vp_image_focal_point":[],"footnotes":""},"categories":[206],"tags":[],"class_list":["post-72155","page","type-page","status-publish","has-post-thumbnail","hentry","category-rassemblement-tbc"],"acf":[],"yoast_head":"<!-- This site is optimized with the Yoast SEO plugin v27.4 - https:\/\/yoast.com\/product\/yoast-seo-wordpress\/ -->\n<title>4e \u00e9dition de la Roaring Run for Jaguars - The Belize Collection<\/title>\n<meta name=\"robots\" content=\"index, follow, max-snippet:-1, max-image-preview:large, max-video-preview:-1\" \/>\n<link rel=\"canonical\" href=\"https:\/\/thebelizecollection.com\/fr\/4e-edition-de-la-roaring-run-for-jaguars\/\" \/>\n<meta property=\"og:locale\" content=\"fr_FR\" \/>\n<meta property=\"og:type\" content=\"article\" \/>\n<meta property=\"og:title\" content=\"4e \u00e9dition de la Roaring Run for Jaguars - The Belize Collection\" \/>\n<meta property=\"og:description\" content=\"The Belize Collection 4e \u00e9dition de la Roaring Run for Jaguars La Journ\u00e9e internationale du jaguar est c\u00e9l\u00e9br\u00e9e chaque ann\u00e9e le 29 novembre. La Roaring Run for Jaguars sensibilise \u00e0 la conservation de la biodiversit\u00e9 en tant que collecte de fonds pour le programme de gestion des conflits entre l\u2019homme et le jaguar du zoo [&hellip;]\" \/>\n<meta property=\"og:url\" content=\"https:\/\/thebelizecollection.com\/fr\/4e-edition-de-la-roaring-run-for-jaguars\/\" \/>\n<meta property=\"og:site_name\" content=\"The Belize Collection\" \/>\n<meta property=\"article:modified_time\" content=\"2026-04-03T15:53:09+00:00\" \/>\n<meta property=\"og:image\" content=\"https:\/\/thebelizecollection.com\/wp-content\/uploads\/2025\/08\/223A2881.jpg\" \/>\n\t<meta property=\"og:image:width\" content=\"2048\" \/>\n\t<meta property=\"og:image:height\" content=\"1365\" \/>\n\t<meta property=\"og:image:type\" content=\"image\/jpeg\" \/>\n<meta name=\"twitter:card\" content=\"summary_large_image\" \/>\n<script type=\"application\/ld+json\" class=\"yoast-schema-graph\">{\"@context\":\"https:\\\/\\\/schema.org\",\"@graph\":[{\"@type\":\"WebPage\",\"@id\":\"https:\\\/\\\/thebelizecollection.com\\\/fr\\\/4e-edition-de-la-roaring-run-for-jaguars\\\/\",\"url\":\"https:\\\/\\\/thebelizecollection.com\\\/fr\\\/4e-edition-de-la-roaring-run-for-jaguars\\\/\",\"name\":\"4e \u00e9dition de la Roaring Run for Jaguars - The Belize Collection\",\"isPartOf\":{\"@id\":\"https:\\\/\\\/thebelizecollection.com\\\/fr\\\/#website\"},\"primaryImageOfPage\":{\"@id\":\"https:\\\/\\\/thebelizecollection.com\\\/fr\\\/4e-edition-de-la-roaring-run-for-jaguars\\\/#primaryimage\"},\"image\":{\"@id\":\"https:\\\/\\\/thebelizecollection.com\\\/fr\\\/4e-edition-de-la-roaring-run-for-jaguars\\\/#primaryimage\"},\"thumbnailUrl\":\"https:\\\/\\\/thebelizecollection.com\\\/wp-content\\\/uploads\\\/2025\\\/08\\\/223A2881.jpg\",\"datePublished\":\"2025-08-21T16:47:18+00:00\",\"dateModified\":\"2026-04-03T15:53:09+00:00\",\"breadcrumb\":{\"@id\":\"https:\\\/\\\/thebelizecollection.com\\\/fr\\\/4e-edition-de-la-roaring-run-for-jaguars\\\/#breadcrumb\"},\"inLanguage\":\"fr-FR\",\"potentialAction\":[{\"@type\":\"ReadAction\",\"target\":[\"https:\\\/\\\/thebelizecollection.com\\\/fr\\\/4e-edition-de-la-roaring-run-for-jaguars\\\/\"]}]},{\"@type\":\"ImageObject\",\"inLanguage\":\"fr-FR\",\"@id\":\"https:\\\/\\\/thebelizecollection.com\\\/fr\\\/4e-edition-de-la-roaring-run-for-jaguars\\\/#primaryimage\",\"url\":\"https:\\\/\\\/thebelizecollection.com\\\/wp-content\\\/uploads\\\/2025\\\/08\\\/223A2881.jpg\",\"contentUrl\":\"https:\\\/\\\/thebelizecollection.com\\\/wp-content\\\/uploads\\\/2025\\\/08\\\/223A2881.jpg\",\"width\":2048,\"height\":1365},{\"@type\":\"BreadcrumbList\",\"@id\":\"https:\\\/\\\/thebelizecollection.com\\\/fr\\\/4e-edition-de-la-roaring-run-for-jaguars\\\/#breadcrumb\",\"itemListElement\":[{\"@type\":\"ListItem\",\"position\":1,\"name\":\"Home\",\"item\":\"https:\\\/\\\/thebelizecollection.com\\\/fr\\\/the-belize-collection-2\\\/\"},{\"@type\":\"ListItem\",\"position\":2,\"name\":\"4e \u00e9dition de la Roaring Run for Jaguars\"}]},{\"@type\":\"WebSite\",\"@id\":\"https:\\\/\\\/thebelizecollection.com\\\/fr\\\/#website\",\"url\":\"https:\\\/\\\/thebelizecollection.com\\\/fr\\\/\",\"name\":\"The Belize Collection\",\"description\":\"Everything Belize\",\"potentialAction\":[{\"@type\":\"SearchAction\",\"target\":{\"@type\":\"EntryPoint\",\"urlTemplate\":\"https:\\\/\\\/thebelizecollection.com\\\/fr\\\/?s={search_term_string}\"},\"query-input\":{\"@type\":\"PropertyValueSpecification\",\"valueRequired\":true,\"valueName\":\"search_term_string\"}}],\"inLanguage\":\"fr-FR\"}]}<\/script>\n<!-- \/ Yoast SEO plugin. -->","yoast_head_json":{"title":"4e \u00e9dition de la Roaring Run for Jaguars - The Belize Collection","robots":{"index":"index","follow":"follow","max-snippet":"max-snippet:-1","max-image-preview":"max-image-preview:large","max-video-preview":"max-video-preview:-1"},"canonical":"https:\/\/thebelizecollection.com\/fr\/4e-edition-de-la-roaring-run-for-jaguars\/","og_locale":"fr_FR","og_type":"article","og_title":"4e \u00e9dition de la Roaring Run for Jaguars - The Belize Collection","og_description":"The Belize Collection 4e \u00e9dition de la Roaring Run for Jaguars La Journ\u00e9e internationale du jaguar est c\u00e9l\u00e9br\u00e9e chaque ann\u00e9e le 29 novembre. La Roaring Run for Jaguars sensibilise \u00e0 la conservation de la biodiversit\u00e9 en tant que collecte de fonds pour le programme de gestion des conflits entre l\u2019homme et le jaguar du zoo [&hellip;]","og_url":"https:\/\/thebelizecollection.com\/fr\/4e-edition-de-la-roaring-run-for-jaguars\/","og_site_name":"The Belize Collection","article_modified_time":"2026-04-03T15:53:09+00:00","og_image":[{"width":2048,"height":1365,"url":"https:\/\/thebelizecollection.com\/wp-content\/uploads\/2025\/08\/223A2881.jpg","type":"image\/jpeg"}],"twitter_card":"summary_large_image","schema":{"@context":"https:\/\/schema.org","@graph":[{"@type":"WebPage","@id":"https:\/\/thebelizecollection.com\/fr\/4e-edition-de-la-roaring-run-for-jaguars\/","url":"https:\/\/thebelizecollection.com\/fr\/4e-edition-de-la-roaring-run-for-jaguars\/","name":"4e \u00e9dition de la Roaring Run for Jaguars - The Belize Collection","isPartOf":{"@id":"https:\/\/thebelizecollection.com\/fr\/#website"},"primaryImageOfPage":{"@id":"https:\/\/thebelizecollection.com\/fr\/4e-edition-de-la-roaring-run-for-jaguars\/#primaryimage"},"image":{"@id":"https:\/\/thebelizecollection.com\/fr\/4e-edition-de-la-roaring-run-for-jaguars\/#primaryimage"},"thumbnailUrl":"https:\/\/thebelizecollection.com\/wp-content\/uploads\/2025\/08\/223A2881.jpg","datePublished":"2025-08-21T16:47:18+00:00","dateModified":"2026-04-03T15:53:09+00:00","breadcrumb":{"@id":"https:\/\/thebelizecollection.com\/fr\/4e-edition-de-la-roaring-run-for-jaguars\/#breadcrumb"},"inLanguage":"fr-FR","potentialAction":[{"@type":"ReadAction","target":["https:\/\/thebelizecollection.com\/fr\/4e-edition-de-la-roaring-run-for-jaguars\/"]}]},{"@type":"ImageObject","inLanguage":"fr-FR","@id":"https:\/\/thebelizecollection.com\/fr\/4e-edition-de-la-roaring-run-for-jaguars\/#primaryimage","url":"https:\/\/thebelizecollection.com\/wp-content\/uploads\/2025\/08\/223A2881.jpg","contentUrl":"https:\/\/thebelizecollection.com\/wp-content\/uploads\/2025\/08\/223A2881.jpg","width":2048,"height":1365},{"@type":"BreadcrumbList","@id":"https:\/\/thebelizecollection.com\/fr\/4e-edition-de-la-roaring-run-for-jaguars\/#breadcrumb","itemListElement":[{"@type":"ListItem","position":1,"name":"Home","item":"https:\/\/thebelizecollection.com\/fr\/the-belize-collection-2\/"},{"@type":"ListItem","position":2,"name":"4e \u00e9dition de la Roaring Run for Jaguars"}]},{"@type":"WebSite","@id":"https:\/\/thebelizecollection.com\/fr\/#website","url":"https:\/\/thebelizecollection.com\/fr\/","name":"The Belize Collection","description":"Everything Belize","potentialAction":[{"@type":"SearchAction","target":{"@type":"EntryPoint","urlTemplate":"https:\/\/thebelizecollection.com\/fr\/?s={search_term_string}"},"query-input":{"@type":"PropertyValueSpecification","valueRequired":true,"valueName":"search_term_string"}}],"inLanguage":"fr-FR"}]}},"jetpack_sharing_enabled":true,"_links":{"self":[{"href":"https:\/\/thebelizecollection.com\/fr\/wp-json\/wp\/v2\/pages\/72155","targetHints":{"allow":["GET"]}}],"collection":[{"href":"https:\/\/thebelizecollection.com\/fr\/wp-json\/wp\/v2\/pages"}],"about":[{"href":"https:\/\/thebelizecollection.com\/fr\/wp-json\/wp\/v2\/types\/page"}],"author":[{"embeddable":true,"href":"https:\/\/thebelizecollection.com\/fr\/wp-json\/wp\/v2\/users\/4"}],"replies":[{"embeddable":true,"href":"https:\/\/thebelizecollection.com\/fr\/wp-json\/wp\/v2\/comments?post=72155"}],"version-history":[{"count":2,"href":"https:\/\/thebelizecollection.com\/fr\/wp-json\/wp\/v2\/pages\/72155\/revisions"}],"predecessor-version":[{"id":72210,"href":"https:\/\/thebelizecollection.com\/fr\/wp-json\/wp\/v2\/pages\/72155\/revisions\/72210"}],"wp:featuredmedia":[{"embeddable":true,"href":"https:\/\/thebelizecollection.com\/fr\/wp-json\/wp\/v2\/media\/72164"}],"wp:attachment":[{"href":"https:\/\/thebelizecollection.com\/fr\/wp-json\/wp\/v2\/media?parent=72155"}],"wp:term":[{"taxonomy":"category","embeddable":true,"href":"https:\/\/thebelizecollection.com\/fr\/wp-json\/wp\/v2\/categories?post=72155"},{"taxonomy":"post_tag","embeddable":true,"href":"https:\/\/thebelizecollection.com\/fr\/wp-json\/wp\/v2\/tags?post=72155"}],"curies":[{"name":"wp","href":"https:\/\/api.w.org\/{rel}","templated":true}]}}