{"id":72231,"date":"2025-08-12T14:48:00","date_gmt":"2025-08-12T20:48:00","guid":{"rendered":"https:\/\/thebelizecollection.com\/la-bataille-des-barmans\/"},"modified":"2026-04-03T11:48:38","modified_gmt":"2026-04-03T17:48:38","slug":"la-bataille-des-barmans","status":"publish","type":"page","link":"https:\/\/thebelizecollection.com\/fr\/rassemblements\/la-bataille-des-barmans\/","title":{"rendered":"La Bataille des Barmans"},"content":{"rendered":"\t\t<div data-elementor-type=\"wp-page\" data-elementor-id=\"72231\" class=\"elementor elementor-72231 elementor-61982\" data-elementor-post-type=\"page\">\n\t\t\t\t<div class=\"elementor-element elementor-element-61661b2 e-con-full e-flex e-con e-parent\" data-id=\"61661b2\" data-element_type=\"container\" data-e-type=\"container\" data-settings=\"{&quot;background_background&quot;:&quot;classic&quot;}\">\n\t\t\t\t<\/div>\n\t\t<div class=\"elementor-element elementor-element-99548b6 e-flex e-con-boxed e-con e-parent\" data-id=\"99548b6\" data-element_type=\"container\" data-e-type=\"container\">\n\t\t\t\t\t<div class=\"e-con-inner\">\n\t\t\t\t<div class=\"elementor-element elementor-element-43a382a elementor-widget elementor-widget-spacer\" data-id=\"43a382a\" data-element_type=\"widget\" data-e-type=\"widget\" data-widget_type=\"spacer.default\">\n\t\t\t\t<div class=\"elementor-widget-container\">\n\t\t\t\t\t\t\t<div class=\"elementor-spacer\">\n\t\t\t<div class=\"elementor-spacer-inner\"><\/div>\n\t\t<\/div>\n\t\t\t\t\t\t<\/div>\n\t\t\t\t<\/div>\n\t\t\t\t\t<\/div>\n\t\t\t\t<\/div>\n\t\t<div class=\"elementor-element elementor-element-cd31e2c e-flex e-con-boxed e-con e-parent\" data-id=\"cd31e2c\" data-element_type=\"container\" data-e-type=\"container\">\n\t\t\t\t\t<div class=\"e-con-inner\">\n\t\t<div class=\"elementor-element elementor-element-39594b1 e-con-full e-flex e-con e-child\" data-id=\"39594b1\" data-element_type=\"container\" data-e-type=\"container\">\n\t\t\t\t<div class=\"elementor-element elementor-element-d49a284 elementor-widget elementor-widget-heading\" data-id=\"d49a284\" data-element_type=\"widget\" data-e-type=\"widget\" data-widget_type=\"heading.default\">\n\t\t\t\t<div class=\"elementor-widget-container\">\n\t\t\t\t\t<h1 class=\"elementor-heading-title elementor-size-default\">La Bataille des Barmans<\/h1>\t\t\t\t<\/div>\n\t\t\t\t<\/div>\n\t\t\t\t<div class=\"elementor-element elementor-element-d3643e7 elementor-widget elementor-widget-text-editor\" data-id=\"d3643e7\" data-element_type=\"widget\" data-e-type=\"widget\" data-widget_type=\"text-editor.default\">\n\t\t\t\t<div class=\"elementor-widget-container\">\n\t\t\t\t\t\t\t\t\t<div class=\"elementor-element elementor-element-3fd73d8 elementor-widget elementor-widget-text-editor\" data-id=\"3fd73d8\" data-element_type=\"widget\" data-widget_type=\"text-editor.default\"><div class=\"elementor-widget-container\">The Belize Collection vous invite \u00e0 nous rejoindre pour notre troisi\u00e8me \u00e9dition annuelle de la Bataille des Barmans, une c\u00e9l\u00e9bration de la Journ\u00e9e mondiale du cocktail ! Une journ\u00e9e remplie de plaisir et de saveurs alors que nous r\u00e9unissons trois barmans talentueux dans chacun de nos complexes (Umaya Resort, The Lodge at Jaguar Reef, The Rainforest Lodge at Sleeping Giant et The Banks) pour s\u2019affronter lors d\u2019une comp\u00e9tition en trois manches. Chaque cocktail sera jug\u00e9 sur son go\u00fbt, son apparence et sa cr\u00e9ativit\u00e9. Rejoignez-nous pour cet \u00e9v\u00e9nement o\u00f9 chaque gorg\u00e9e compte ! Sant\u00e9 !    <\/div><\/div>\t\t\t\t\t\t\t\t<\/div>\n\t\t\t\t<\/div>\n\t\t\t\t<div class=\"elementor-element elementor-element-dccc459 elementor-widget elementor-widget-button\" data-id=\"dccc459\" data-element_type=\"widget\" data-e-type=\"widget\" data-widget_type=\"button.default\">\n\t\t\t\t<div class=\"elementor-widget-container\">\n\t\t\t\t\t\t\t\t\t<div class=\"elementor-button-wrapper\">\n\t\t\t\t\t<a class=\"elementor-button elementor-button-link elementor-size-sm\" href=\"http:\/\/info@thebelizecollection.com\">\n\t\t\t\t\t\t<span class=\"elementor-button-content-wrapper\">\n\t\t\t\t\t\t\t\t\t<span class=\"elementor-button-text\">Cliquez ici pour confirmer votre pr\u00e9sence<\/span>\n\t\t\t\t\t<\/span>\n\t\t\t\t\t<\/a>\n\t\t\t\t<\/div>\n\t\t\t\t\t\t\t\t<\/div>\n\t\t\t\t<\/div>\n\t\t\t\t<\/div>\n\t\t<div class=\"elementor-element elementor-element-0052661 e-con-full e-flex e-con e-child\" data-id=\"0052661\" data-element_type=\"container\" data-e-type=\"container\" data-settings=\"{&quot;background_background&quot;:&quot;classic&quot;}\">\n\t\t\t\t<div class=\"elementor-element elementor-element-8f23e48 elementor-widget elementor-widget-spacer\" data-id=\"8f23e48\" data-element_type=\"widget\" data-e-type=\"widget\" data-widget_type=\"spacer.default\">\n\t\t\t\t<div class=\"elementor-widget-container\">\n\t\t\t\t\t\t\t<div class=\"elementor-spacer\">\n\t\t\t<div class=\"elementor-spacer-inner\"><\/div>\n\t\t<\/div>\n\t\t\t\t\t\t<\/div>\n\t\t\t\t<\/div>\n\t\t\t\t<\/div>\n\t\t\t\t\t<\/div>\n\t\t\t\t<\/div>\n\t\t<div class=\"elementor-element elementor-element-25bcdf8 e-flex e-con-boxed e-con e-parent\" data-id=\"25bcdf8\" data-element_type=\"container\" data-e-type=\"container\">\n\t\t\t\t\t<div class=\"e-con-inner\">\n\t\t<div class=\"elementor-element elementor-element-d019e3f e-con-full e-flex e-con e-child\" data-id=\"d019e3f\" data-element_type=\"container\" data-e-type=\"container\">\n\t\t\t\t<div class=\"elementor-element elementor-element-1a95914 elementor-widget elementor-widget-heading\" data-id=\"1a95914\" data-element_type=\"widget\" data-e-type=\"widget\" data-widget_type=\"heading.default\">\n\t\t\t\t<div class=\"elementor-widget-container\">\n\t\t\t\t\t<h1 class=\"elementor-heading-title elementor-size-default\">The Rainforest Lodge at Sleeping Giant\n<br>&amp; The Banks Resort<\/h1>\t\t\t\t<\/div>\n\t\t\t\t<\/div>\n\t\t\t\t<div class=\"elementor-element elementor-element-498b0a5 elementor-widget elementor-widget-text-editor\" data-id=\"498b0a5\" data-element_type=\"widget\" data-e-type=\"widget\" data-widget_type=\"text-editor.default\">\n\t\t\t\t<div class=\"elementor-widget-container\">\n\t\t\t\t\t\t\t\t\t<div class=\"elementor-element elementor-element-01ee361 elementor-widget elementor-widget-text-editor\" data-id=\"01ee361\" data-element_type=\"widget\" data-widget_type=\"text-editor.default\"><div class=\"elementor-widget-container\"><p><b>Date<\/b> : 13 mai 2025<\/p><p><strong>Lieu :<\/strong> Humo Bar<\/p><p><b>\u00c0 partir de<\/b> : 10h00<\/p><\/div><\/div><div class=\"elementor-element elementor-element-87423ed elementor-widget elementor-widget-spacer\" data-id=\"87423ed\" data-element_type=\"widget\" data-widget_type=\"spacer.default\"><div class=\"elementor-widget-container\"><div class=\"elementor-spacer\"> <\/div><\/div><\/div>\t\t\t\t\t\t\t\t<\/div>\n\t\t\t\t<\/div>\n\t\t\t\t<\/div>\n\t\t<div class=\"elementor-element elementor-element-c60477f e-con-full e-flex e-con e-child\" data-id=\"c60477f\" data-element_type=\"container\" data-e-type=\"container\">\n\t\t\t\t<div class=\"elementor-element elementor-element-44a9124 elementor-widget elementor-widget-heading\" data-id=\"44a9124\" data-element_type=\"widget\" data-e-type=\"widget\" data-widget_type=\"heading.default\">\n\t\t\t\t<div class=\"elementor-widget-container\">\n\t\t\t\t\t<h1 class=\"elementor-heading-title elementor-size-default\">Umaya Resort &amp; Adventures\u200b<\/h1>\t\t\t\t<\/div>\n\t\t\t\t<\/div>\n\t\t\t\t<div class=\"elementor-element elementor-element-7e7f0c7 elementor-widget elementor-widget-text-editor\" data-id=\"7e7f0c7\" data-element_type=\"widget\" data-e-type=\"widget\" data-widget_type=\"text-editor.default\">\n\t\t\t\t<div class=\"elementor-widget-container\">\n\t\t\t\t\t\t\t\t\t<div class=\"elementor-element elementor-element-44c48e4 elementor-widget elementor-widget-text-editor\" data-id=\"44c48e4\" data-element_type=\"widget\" data-widget_type=\"text-editor.default\"><div class=\"elementor-widget-container\"><p><b>Date<\/b> : 13 mai 2025<\/p><p><b>Lieu<\/b> : Palapa en bord de plage<\/p><p><b>\u00c0 partir de<\/b> : 13h00<\/p><\/div><\/div><div class=\"elementor-element elementor-element-89e9133 elementor-widget elementor-widget-spacer\" data-id=\"89e9133\" data-element_type=\"widget\" data-widget_type=\"spacer.default\"><div class=\"elementor-widget-container\"><div class=\"elementor-spacer\"> <\/div><\/div><\/div>\t\t\t\t\t\t\t\t<\/div>\n\t\t\t\t<\/div>\n\t\t\t\t<\/div>\n\t\t<div class=\"elementor-element elementor-element-e6244af e-con-full e-flex e-con e-child\" data-id=\"e6244af\" data-element_type=\"container\" data-e-type=\"container\">\n\t\t\t\t<div class=\"elementor-element elementor-element-ddc09cb elementor-widget elementor-widget-heading\" data-id=\"ddc09cb\" data-element_type=\"widget\" data-e-type=\"widget\" data-widget_type=\"heading.default\">\n\t\t\t\t<div class=\"elementor-widget-container\">\n\t\t\t\t\t<h1 class=\"elementor-heading-title elementor-size-default\">The Lodge at Jaguar Reef &amp;\nThe Resort at Almond Beach<\/h1>\t\t\t\t<\/div>\n\t\t\t\t<\/div>\n\t\t\t\t<div class=\"elementor-element elementor-element-1e68184 elementor-widget elementor-widget-text-editor\" data-id=\"1e68184\" data-element_type=\"widget\" data-e-type=\"widget\" data-widget_type=\"text-editor.default\">\n\t\t\t\t<div class=\"elementor-widget-container\">\n\t\t\t\t\t\t\t\t\t<p><b>Date<\/b> : 13 mai 2025<\/p><p><strong>Lieu :<\/strong> Salle de conf\u00e9rence<\/p><p><b>\u00c0 partir de<\/b> : 10h00<\/p>\t\t\t\t\t\t\t\t<\/div>\n\t\t\t\t<\/div>\n\t\t\t\t<\/div>\n\t\t\t\t\t<\/div>\n\t\t\t\t<\/div>\n\t\t<div class=\"elementor-element elementor-element-bb4e97e e-flex e-con-boxed e-con e-parent\" data-id=\"bb4e97e\" data-element_type=\"container\" data-e-type=\"container\">\n\t\t\t\t\t<div class=\"e-con-inner\">\n\t\t\t\t<div class=\"elementor-element elementor-element-480f235 elementor-widget elementor-widget-spacer\" data-id=\"480f235\" data-element_type=\"widget\" data-e-type=\"widget\" data-widget_type=\"spacer.default\">\n\t\t\t\t<div class=\"elementor-widget-container\">\n\t\t\t\t\t\t\t<div class=\"elementor-spacer\">\n\t\t\t<div class=\"elementor-spacer-inner\"><\/div>\n\t\t<\/div>\n\t\t\t\t\t\t<\/div>\n\t\t\t\t<\/div>\n\t\t\t\t\t<\/div>\n\t\t\t\t<\/div>\n\t\t\t\t<\/div>\n\t\t","protected":false},"excerpt":{"rendered":"<p>La Bataille des Barmans The Belize Collection vous invite \u00e0 nous rejoindre pour notre troisi\u00e8me \u00e9dition annuelle de la Bataille des Barmans, une c\u00e9l\u00e9bration de la Journ\u00e9e mondiale du cocktail ! Une journ\u00e9e remplie de plaisir et de saveurs alors que nous r\u00e9unissons trois barmans talentueux dans chacun de nos complexes (Umaya Resort, The Lodge [&hellip;]<\/p>\n","protected":false},"author":2,"featured_media":72232,"parent":72312,"menu_order":0,"comment_status":"closed","ping_status":"closed","template":"page-full-width.php","meta":{"_acf_changed":false,"_vp_format_video_url":"","_vp_image_focal_point":[],"footnotes":""},"categories":[206],"tags":[],"class_list":["post-72231","page","type-page","status-publish","has-post-thumbnail","hentry","category-rassemblement-tbc"],"acf":[],"yoast_head":"<!-- This site is optimized with the Yoast SEO plugin v27.4 - https:\/\/yoast.com\/product\/yoast-seo-wordpress\/ -->\n<title>La Bataille des Barmans - The Belize Collection<\/title>\n<meta name=\"robots\" content=\"index, follow, max-snippet:-1, max-image-preview:large, max-video-preview:-1\" \/>\n<link rel=\"canonical\" href=\"https:\/\/thebelizecollection.com\/fr\/rassemblements\/la-bataille-des-barmans\/\" \/>\n<meta property=\"og:locale\" content=\"fr_FR\" \/>\n<meta property=\"og:type\" content=\"article\" \/>\n<meta property=\"og:title\" content=\"La Bataille des Barmans - The Belize Collection\" \/>\n<meta property=\"og:description\" content=\"La Bataille des Barmans The Belize Collection vous invite \u00e0 nous rejoindre pour notre troisi\u00e8me \u00e9dition annuelle de la Bataille des Barmans, une c\u00e9l\u00e9bration de la Journ\u00e9e mondiale du cocktail ! Une journ\u00e9e remplie de plaisir et de saveurs alors que nous r\u00e9unissons trois barmans talentueux dans chacun de nos complexes (Umaya Resort, The Lodge [&hellip;]\" \/>\n<meta property=\"og:url\" content=\"https:\/\/thebelizecollection.com\/fr\/rassemblements\/la-bataille-des-barmans\/\" \/>\n<meta property=\"og:site_name\" content=\"The Belize Collection\" \/>\n<meta property=\"article:modified_time\" content=\"2026-04-03T17:48:38+00:00\" \/>\n<meta property=\"og:image\" content=\"https:\/\/thebelizecollection.com\/wp-content\/uploads\/2025\/08\/TBC-Bartender-Comp.jpg\" \/>\n\t<meta property=\"og:image:width\" content=\"1920\" \/>\n\t<meta property=\"og:image:height\" content=\"1280\" \/>\n\t<meta property=\"og:image:type\" content=\"image\/jpeg\" \/>\n<meta name=\"twitter:card\" content=\"summary_large_image\" \/>\n<meta name=\"twitter:label1\" content=\"Dur\u00e9e de lecture estim\u00e9e\" \/>\n\t<meta name=\"twitter:data1\" content=\"1 minute\" \/>\n<script type=\"application\/ld+json\" class=\"yoast-schema-graph\">{\"@context\":\"https:\\\/\\\/schema.org\",\"@graph\":[{\"@type\":\"WebPage\",\"@id\":\"https:\\\/\\\/thebelizecollection.com\\\/fr\\\/rassemblements\\\/la-bataille-des-barmans\\\/\",\"url\":\"https:\\\/\\\/thebelizecollection.com\\\/fr\\\/rassemblements\\\/la-bataille-des-barmans\\\/\",\"name\":\"La Bataille des Barmans - The Belize Collection\",\"isPartOf\":{\"@id\":\"https:\\\/\\\/thebelizecollection.com\\\/fr\\\/#website\"},\"primaryImageOfPage\":{\"@id\":\"https:\\\/\\\/thebelizecollection.com\\\/fr\\\/rassemblements\\\/la-bataille-des-barmans\\\/#primaryimage\"},\"image\":{\"@id\":\"https:\\\/\\\/thebelizecollection.com\\\/fr\\\/rassemblements\\\/la-bataille-des-barmans\\\/#primaryimage\"},\"thumbnailUrl\":\"https:\\\/\\\/thebelizecollection.com\\\/wp-content\\\/uploads\\\/2025\\\/08\\\/TBC-Bartender-Comp.jpg\",\"datePublished\":\"2025-08-12T20:48:00+00:00\",\"dateModified\":\"2026-04-03T17:48:38+00:00\",\"breadcrumb\":{\"@id\":\"https:\\\/\\\/thebelizecollection.com\\\/fr\\\/rassemblements\\\/la-bataille-des-barmans\\\/#breadcrumb\"},\"inLanguage\":\"fr-FR\",\"potentialAction\":[{\"@type\":\"ReadAction\",\"target\":[\"https:\\\/\\\/thebelizecollection.com\\\/fr\\\/rassemblements\\\/la-bataille-des-barmans\\\/\"]}]},{\"@type\":\"ImageObject\",\"inLanguage\":\"fr-FR\",\"@id\":\"https:\\\/\\\/thebelizecollection.com\\\/fr\\\/rassemblements\\\/la-bataille-des-barmans\\\/#primaryimage\",\"url\":\"https:\\\/\\\/thebelizecollection.com\\\/wp-content\\\/uploads\\\/2025\\\/08\\\/TBC-Bartender-Comp.jpg\",\"contentUrl\":\"https:\\\/\\\/thebelizecollection.com\\\/wp-content\\\/uploads\\\/2025\\\/08\\\/TBC-Bartender-Comp.jpg\",\"width\":1920,\"height\":1280},{\"@type\":\"BreadcrumbList\",\"@id\":\"https:\\\/\\\/thebelizecollection.com\\\/fr\\\/rassemblements\\\/la-bataille-des-barmans\\\/#breadcrumb\",\"itemListElement\":[{\"@type\":\"ListItem\",\"position\":1,\"name\":\"Home\",\"item\":\"https:\\\/\\\/thebelizecollection.com\\\/fr\\\/the-belize-collection-2\\\/\"},{\"@type\":\"ListItem\",\"position\":2,\"name\":\"Rassemblements\",\"item\":\"https:\\\/\\\/thebelizecollection.com\\\/fr\\\/rassemblements\\\/\"},{\"@type\":\"ListItem\",\"position\":3,\"name\":\"La Bataille des Barmans\"}]},{\"@type\":\"WebSite\",\"@id\":\"https:\\\/\\\/thebelizecollection.com\\\/fr\\\/#website\",\"url\":\"https:\\\/\\\/thebelizecollection.com\\\/fr\\\/\",\"name\":\"The Belize Collection\",\"description\":\"Everything Belize\",\"potentialAction\":[{\"@type\":\"SearchAction\",\"target\":{\"@type\":\"EntryPoint\",\"urlTemplate\":\"https:\\\/\\\/thebelizecollection.com\\\/fr\\\/?s={search_term_string}\"},\"query-input\":{\"@type\":\"PropertyValueSpecification\",\"valueRequired\":true,\"valueName\":\"search_term_string\"}}],\"inLanguage\":\"fr-FR\"}]}<\/script>\n<!-- \/ Yoast SEO plugin. -->","yoast_head_json":{"title":"La Bataille des Barmans - The Belize Collection","robots":{"index":"index","follow":"follow","max-snippet":"max-snippet:-1","max-image-preview":"max-image-preview:large","max-video-preview":"max-video-preview:-1"},"canonical":"https:\/\/thebelizecollection.com\/fr\/rassemblements\/la-bataille-des-barmans\/","og_locale":"fr_FR","og_type":"article","og_title":"La Bataille des Barmans - The Belize Collection","og_description":"La Bataille des Barmans The Belize Collection vous invite \u00e0 nous rejoindre pour notre troisi\u00e8me \u00e9dition annuelle de la Bataille des Barmans, une c\u00e9l\u00e9bration de la Journ\u00e9e mondiale du cocktail ! Une journ\u00e9e remplie de plaisir et de saveurs alors que nous r\u00e9unissons trois barmans talentueux dans chacun de nos complexes (Umaya Resort, The Lodge [&hellip;]","og_url":"https:\/\/thebelizecollection.com\/fr\/rassemblements\/la-bataille-des-barmans\/","og_site_name":"The Belize Collection","article_modified_time":"2026-04-03T17:48:38+00:00","og_image":[{"width":1920,"height":1280,"url":"https:\/\/thebelizecollection.com\/wp-content\/uploads\/2025\/08\/TBC-Bartender-Comp.jpg","type":"image\/jpeg"}],"twitter_card":"summary_large_image","twitter_misc":{"Dur\u00e9e de lecture estim\u00e9e":"1 minute"},"schema":{"@context":"https:\/\/schema.org","@graph":[{"@type":"WebPage","@id":"https:\/\/thebelizecollection.com\/fr\/rassemblements\/la-bataille-des-barmans\/","url":"https:\/\/thebelizecollection.com\/fr\/rassemblements\/la-bataille-des-barmans\/","name":"La Bataille des Barmans - The Belize Collection","isPartOf":{"@id":"https:\/\/thebelizecollection.com\/fr\/#website"},"primaryImageOfPage":{"@id":"https:\/\/thebelizecollection.com\/fr\/rassemblements\/la-bataille-des-barmans\/#primaryimage"},"image":{"@id":"https:\/\/thebelizecollection.com\/fr\/rassemblements\/la-bataille-des-barmans\/#primaryimage"},"thumbnailUrl":"https:\/\/thebelizecollection.com\/wp-content\/uploads\/2025\/08\/TBC-Bartender-Comp.jpg","datePublished":"2025-08-12T20:48:00+00:00","dateModified":"2026-04-03T17:48:38+00:00","breadcrumb":{"@id":"https:\/\/thebelizecollection.com\/fr\/rassemblements\/la-bataille-des-barmans\/#breadcrumb"},"inLanguage":"fr-FR","potentialAction":[{"@type":"ReadAction","target":["https:\/\/thebelizecollection.com\/fr\/rassemblements\/la-bataille-des-barmans\/"]}]},{"@type":"ImageObject","inLanguage":"fr-FR","@id":"https:\/\/thebelizecollection.com\/fr\/rassemblements\/la-bataille-des-barmans\/#primaryimage","url":"https:\/\/thebelizecollection.com\/wp-content\/uploads\/2025\/08\/TBC-Bartender-Comp.jpg","contentUrl":"https:\/\/thebelizecollection.com\/wp-content\/uploads\/2025\/08\/TBC-Bartender-Comp.jpg","width":1920,"height":1280},{"@type":"BreadcrumbList","@id":"https:\/\/thebelizecollection.com\/fr\/rassemblements\/la-bataille-des-barmans\/#breadcrumb","itemListElement":[{"@type":"ListItem","position":1,"name":"Home","item":"https:\/\/thebelizecollection.com\/fr\/the-belize-collection-2\/"},{"@type":"ListItem","position":2,"name":"Rassemblements","item":"https:\/\/thebelizecollection.com\/fr\/rassemblements\/"},{"@type":"ListItem","position":3,"name":"La Bataille des Barmans"}]},{"@type":"WebSite","@id":"https:\/\/thebelizecollection.com\/fr\/#website","url":"https:\/\/thebelizecollection.com\/fr\/","name":"The Belize Collection","description":"Everything Belize","potentialAction":[{"@type":"SearchAction","target":{"@type":"EntryPoint","urlTemplate":"https:\/\/thebelizecollection.com\/fr\/?s={search_term_string}"},"query-input":{"@type":"PropertyValueSpecification","valueRequired":true,"valueName":"search_term_string"}}],"inLanguage":"fr-FR"}]}},"jetpack_sharing_enabled":true,"_links":{"self":[{"href":"https:\/\/thebelizecollection.com\/fr\/wp-json\/wp\/v2\/pages\/72231","targetHints":{"allow":["GET"]}}],"collection":[{"href":"https:\/\/thebelizecollection.com\/fr\/wp-json\/wp\/v2\/pages"}],"about":[{"href":"https:\/\/thebelizecollection.com\/fr\/wp-json\/wp\/v2\/types\/page"}],"author":[{"embeddable":true,"href":"https:\/\/thebelizecollection.com\/fr\/wp-json\/wp\/v2\/users\/2"}],"replies":[{"embeddable":true,"href":"https:\/\/thebelizecollection.com\/fr\/wp-json\/wp\/v2\/comments?post=72231"}],"version-history":[{"count":2,"href":"https:\/\/thebelizecollection.com\/fr\/wp-json\/wp\/v2\/pages\/72231\/revisions"}],"predecessor-version":[{"id":72241,"href":"https:\/\/thebelizecollection.com\/fr\/wp-json\/wp\/v2\/pages\/72231\/revisions\/72241"}],"up":[{"embeddable":true,"href":"https:\/\/thebelizecollection.com\/fr\/wp-json\/wp\/v2\/pages\/72312"}],"wp:featuredmedia":[{"embeddable":true,"href":"https:\/\/thebelizecollection.com\/fr\/wp-json\/wp\/v2\/media\/72232"}],"wp:attachment":[{"href":"https:\/\/thebelizecollection.com\/fr\/wp-json\/wp\/v2\/media?parent=72231"}],"wp:term":[{"taxonomy":"category","embeddable":true,"href":"https:\/\/thebelizecollection.com\/fr\/wp-json\/wp\/v2\/categories?post=72231"},{"taxonomy":"post_tag","embeddable":true,"href":"https:\/\/thebelizecollection.com\/fr\/wp-json\/wp\/v2\/tags?post=72231"}],"curies":[{"name":"wp","href":"https:\/\/api.w.org\/{rel}","templated":true}]}}