{"id":72244,"date":"2025-08-13T11:34:19","date_gmt":"2025-08-13T17:34:19","guid":{"rendered":"https:\/\/thebelizecollection.com\/mini-lobster-fest-marche-artisanal\/"},"modified":"2026-04-03T10:14:06","modified_gmt":"2026-04-03T16:14:06","slug":"mini-lobster-fest-marche-artisanal","status":"publish","type":"page","link":"https:\/\/thebelizecollection.com\/fr\/mini-lobster-fest-marche-artisanal\/","title":{"rendered":"Mini Lobster Fest &amp; March\u00e9 artisanal"},"content":{"rendered":"\t\t<div data-elementor-type=\"wp-page\" data-elementor-id=\"72244\" class=\"elementor elementor-72244 elementor-62101\" data-elementor-post-type=\"page\">\n\t\t\t\t<div class=\"elementor-element elementor-element-f8281b3 e-con-full e-flex e-con e-parent\" data-id=\"f8281b3\" data-element_type=\"container\" data-e-type=\"container\" data-settings=\"{&quot;background_background&quot;:&quot;classic&quot;}\">\n\t\t\t\t<\/div>\n\t\t<div class=\"elementor-element elementor-element-e44afdd e-flex e-con-boxed e-con e-parent\" data-id=\"e44afdd\" data-element_type=\"container\" data-e-type=\"container\">\n\t\t\t\t\t<div class=\"e-con-inner\">\n\t\t\t\t<div class=\"elementor-element elementor-element-3ca3843 elementor-widget elementor-widget-spacer\" data-id=\"3ca3843\" data-element_type=\"widget\" data-e-type=\"widget\" data-widget_type=\"spacer.default\">\n\t\t\t\t<div class=\"elementor-widget-container\">\n\t\t\t\t\t\t\t<div class=\"elementor-spacer\">\n\t\t\t<div class=\"elementor-spacer-inner\"><\/div>\n\t\t<\/div>\n\t\t\t\t\t\t<\/div>\n\t\t\t\t<\/div>\n\t\t\t\t\t<\/div>\n\t\t\t\t<\/div>\n\t\t<div class=\"elementor-element elementor-element-91f727c e-flex e-con-boxed e-con e-parent\" data-id=\"91f727c\" data-element_type=\"container\" data-e-type=\"container\">\n\t\t\t\t\t<div class=\"e-con-inner\">\n\t\t\t\t<div class=\"elementor-element elementor-element-7032c7f elementor-widget elementor-widget-heading\" data-id=\"7032c7f\" data-element_type=\"widget\" data-e-type=\"widget\" data-widget_type=\"heading.default\">\n\t\t\t\t<div class=\"elementor-widget-container\">\n\t\t\t\t\t<h1 class=\"elementor-heading-title elementor-size-default\">Mini Lobster Fest &amp; March\u00e9 artisanal<\/h1>\t\t\t\t<\/div>\n\t\t\t\t<\/div>\n\t\t\t\t\t<\/div>\n\t\t\t\t<\/div>\n\t\t<div class=\"elementor-element elementor-element-3b44373 e-flex e-con-boxed e-con e-parent\" data-id=\"3b44373\" data-element_type=\"container\" data-e-type=\"container\">\n\t\t\t\t\t<div class=\"e-con-inner\">\n\t\t<div class=\"elementor-element elementor-element-9669da9 e-con-full e-flex e-con e-child\" data-id=\"9669da9\" data-element_type=\"container\" data-e-type=\"container\" data-settings=\"{&quot;background_background&quot;:&quot;classic&quot;}\">\n\t\t\t\t<div class=\"elementor-element elementor-element-0b4fa11 elementor-widget elementor-widget-spacer\" data-id=\"0b4fa11\" data-element_type=\"widget\" data-e-type=\"widget\" data-widget_type=\"spacer.default\">\n\t\t\t\t<div class=\"elementor-widget-container\">\n\t\t\t\t\t\t\t<div class=\"elementor-spacer\">\n\t\t\t<div class=\"elementor-spacer-inner\"><\/div>\n\t\t<\/div>\n\t\t\t\t\t\t<\/div>\n\t\t\t\t<\/div>\n\t\t\t\t<\/div>\n\t\t<div class=\"elementor-element elementor-element-60d1894 e-con-full e-flex e-con e-child\" data-id=\"60d1894\" data-element_type=\"container\" data-e-type=\"container\">\n\t\t\t\t<div class=\"elementor-element elementor-element-75d2e05 elementor-widget elementor-widget-heading\" data-id=\"75d2e05\" data-element_type=\"widget\" data-e-type=\"widget\" data-widget_type=\"heading.default\">\n\t\t\t\t<div class=\"elementor-widget-container\">\n\t\t\t\t\t<h1 class=\"elementor-heading-title elementor-size-default\">Battle of the Bartenders<\/h1>\t\t\t\t<\/div>\n\t\t\t\t<\/div>\n\t\t\t\t<div class=\"elementor-element elementor-element-ca3601b elementor-widget elementor-widget-text-editor\" data-id=\"ca3601b\" data-element_type=\"widget\" data-e-type=\"widget\" data-widget_type=\"text-editor.default\">\n\t\t\t\t<div class=\"elementor-widget-container\">\n\t\t\t\t\t\t\t\t\t<div class=\"elementor-element elementor-element-3fd73d8 elementor-widget elementor-widget-text-editor\" data-id=\"3fd73d8\" data-element_type=\"widget\" data-widget_type=\"text-editor.default\"><div class=\"elementor-widget-container\">Rejoignez-nous pour assister \u00e0 l&#8217;affrontement de trois barmen extraordinaires lors de la finale de la Battle of the Bartenders ! Leur objectif ultime : \u00eatre nomm\u00e9 Master Mixologist et remporter des droits de vantardise non seulement pour eux-m\u00eames, mais aussi pour le complexe qu&#8217;ils repr\u00e9sentent. Les trois \u00e9tablissements participant \u00e0 la comp\u00e9tition sont The Rainforest Lodge at Sleeping Giant, The Lodge at Jaguar Reef et Umaya Resort. Pendant que le jury d\u00e9lib\u00e8re, assistez \u00e0 ce choc de cr\u00e9ativit\u00e9, de comp\u00e9tence et de passion autour des cocktails alors que les champions en titre de chaque \u00e9tablissement d\u00e9montrent leur talent derri\u00e8re le bar. Que vous soyez un connaisseur de cocktails, un mixologue en herbe ou simplement \u00e0 la recherche d&#8217;une fa\u00e7on amusante de passer le week-end, cet \u00e9v\u00e9nement promet d&#8217;\u00eatre une c\u00e9l\u00e9bration palpitante de l&#8217;art du bartending.    <\/div><\/div>\t\t\t\t\t\t\t\t<\/div>\n\t\t\t\t<\/div>\n\t\t\t\t<\/div>\n\t\t\t\t\t<\/div>\n\t\t\t\t<\/div>\n\t\t<div class=\"elementor-element elementor-element-1ec4d11 e-flex e-con-boxed e-con e-parent\" data-id=\"1ec4d11\" data-element_type=\"container\" data-e-type=\"container\">\n\t\t\t\t\t<div class=\"e-con-inner\">\n\t\t\t\t<div class=\"elementor-element elementor-element-345dc2d elementor-widget elementor-widget-spacer\" data-id=\"345dc2d\" data-element_type=\"widget\" data-e-type=\"widget\" data-widget_type=\"spacer.default\">\n\t\t\t\t<div class=\"elementor-widget-container\">\n\t\t\t\t\t\t\t<div class=\"elementor-spacer\">\n\t\t\t<div class=\"elementor-spacer-inner\"><\/div>\n\t\t<\/div>\n\t\t\t\t\t\t<\/div>\n\t\t\t\t<\/div>\n\t\t\t\t\t<\/div>\n\t\t\t\t<\/div>\n\t\t<div class=\"elementor-element elementor-element-803a7f8 e-flex e-con-boxed e-con e-parent\" data-id=\"803a7f8\" data-element_type=\"container\" data-e-type=\"container\">\n\t\t\t\t\t<div class=\"e-con-inner\">\n\t\t<div class=\"elementor-element elementor-element-e31c580 e-con-full e-flex e-con e-child\" data-id=\"e31c580\" data-element_type=\"container\" data-e-type=\"container\">\n\t\t\t\t<div class=\"elementor-element elementor-element-f23ac72 elementor-widget elementor-widget-heading\" data-id=\"f23ac72\" data-element_type=\"widget\" data-e-type=\"widget\" data-widget_type=\"heading.default\">\n\t\t\t\t<div class=\"elementor-widget-container\">\n\t\t\t\t\t<h1 class=\"elementor-heading-title elementor-size-default\">March\u00e9 artisanal<\/h1>\t\t\t\t<\/div>\n\t\t\t\t<\/div>\n\t\t\t\t<div class=\"elementor-element elementor-element-d5196b8 elementor-widget elementor-widget-text-editor\" data-id=\"d5196b8\" data-element_type=\"widget\" data-e-type=\"widget\" data-widget_type=\"text-editor.default\">\n\t\t\t\t<div class=\"elementor-widget-container\">\n\t\t\t\t\t\t\t\t\t<div class=\"elementor-element elementor-element-3fd73d8 elementor-widget elementor-widget-text-editor\" data-id=\"3fd73d8\" data-element_type=\"widget\" data-widget_type=\"text-editor.default\"><div class=\"elementor-widget-container\">D\u00e9couvrez les tr\u00e9sors de l&#8217;artisanat b\u00e9lizien lors du Lobster Fest &amp; March\u00e9 artisanal de cette ann\u00e9e, o\u00f9 vous trouverez une s\u00e9lection de produits artisanaux uniques. Savourez de d\u00e9licieux plats de homard pr\u00e9par\u00e9s par notre talentueux Chef, tout en rencontrant les artisans locaux et en soutenant ces entrepreneurs locaux talentueux. <\/div><\/div>\t\t\t\t\t\t\t\t<\/div>\n\t\t\t\t<\/div>\n\t\t\t\t<\/div>\n\t\t<div class=\"elementor-element elementor-element-791e05d e-con-full e-flex e-con e-child\" data-id=\"791e05d\" data-element_type=\"container\" data-e-type=\"container\" data-settings=\"{&quot;background_background&quot;:&quot;classic&quot;}\">\n\t\t\t\t<div class=\"elementor-element elementor-element-d181a1d elementor-widget elementor-widget-spacer\" data-id=\"d181a1d\" data-element_type=\"widget\" data-e-type=\"widget\" data-widget_type=\"spacer.default\">\n\t\t\t\t<div class=\"elementor-widget-container\">\n\t\t\t\t\t\t\t<div class=\"elementor-spacer\">\n\t\t\t<div class=\"elementor-spacer-inner\"><\/div>\n\t\t<\/div>\n\t\t\t\t\t\t<\/div>\n\t\t\t\t<\/div>\n\t\t\t\t<\/div>\n\t\t\t\t\t<\/div>\n\t\t\t\t<\/div>\n\t\t<div class=\"elementor-element elementor-element-133ccd4 e-flex e-con-boxed e-con e-parent\" data-id=\"133ccd4\" data-element_type=\"container\" data-e-type=\"container\">\n\t\t\t\t\t<div class=\"e-con-inner\">\n\t\t\t\t<div class=\"elementor-element elementor-element-1c32d65 elementor-widget elementor-widget-spacer\" data-id=\"1c32d65\" data-element_type=\"widget\" data-e-type=\"widget\" data-widget_type=\"spacer.default\">\n\t\t\t\t<div class=\"elementor-widget-container\">\n\t\t\t\t\t\t\t<div class=\"elementor-spacer\">\n\t\t\t<div class=\"elementor-spacer-inner\"><\/div>\n\t\t<\/div>\n\t\t\t\t\t\t<\/div>\n\t\t\t\t<\/div>\n\t\t\t\t\t<\/div>\n\t\t\t\t<\/div>\n\t\t<div class=\"elementor-element elementor-element-ca5c2b4 e-flex e-con-boxed e-con e-parent\" data-id=\"ca5c2b4\" data-element_type=\"container\" data-e-type=\"container\">\n\t\t\t\t\t<div class=\"e-con-inner\">\n\t\t<div class=\"elementor-element elementor-element-c83537a e-con-full e-flex e-con e-child\" data-id=\"c83537a\" data-element_type=\"container\" data-e-type=\"container\" data-settings=\"{&quot;background_background&quot;:&quot;classic&quot;}\">\n\t\t\t\t<div class=\"elementor-element elementor-element-fd0579f elementor-widget elementor-widget-spacer\" data-id=\"fd0579f\" data-element_type=\"widget\" data-e-type=\"widget\" data-widget_type=\"spacer.default\">\n\t\t\t\t<div class=\"elementor-widget-container\">\n\t\t\t\t\t\t\t<div class=\"elementor-spacer\">\n\t\t\t<div class=\"elementor-spacer-inner\"><\/div>\n\t\t<\/div>\n\t\t\t\t\t\t<\/div>\n\t\t\t\t<\/div>\n\t\t\t\t<\/div>\n\t\t<div class=\"elementor-element elementor-element-feb58d9 e-con-full e-flex e-con e-child\" data-id=\"feb58d9\" data-element_type=\"container\" data-e-type=\"container\">\n\t\t\t\t<div class=\"elementor-element elementor-element-6575dac elementor-widget elementor-widget-heading\" data-id=\"6575dac\" data-element_type=\"widget\" data-e-type=\"widget\" data-widget_type=\"heading.default\">\n\t\t\t\t<div class=\"elementor-widget-container\">\n\t\t\t\t\t<h1 class=\"elementor-heading-title elementor-size-default\">Divertissement<\/h1>\t\t\t\t<\/div>\n\t\t\t\t<\/div>\n\t\t\t\t<div class=\"elementor-element elementor-element-0f4fff2 elementor-widget elementor-widget-text-editor\" data-id=\"0f4fff2\" data-element_type=\"widget\" data-e-type=\"widget\" data-widget_type=\"text-editor.default\">\n\t\t\t\t<div class=\"elementor-widget-container\">\n\t\t\t\t\t\t\t\t\t<div class=\"elementor-element elementor-element-3fd73d8 elementor-widget elementor-widget-text-editor\" data-id=\"3fd73d8\" data-element_type=\"widget\" data-widget_type=\"text-editor.default\"><div class=\"elementor-widget-container\"><p>Promenez-vous sur la plage ensoleill\u00e9e de The Lodge at Jaguar Reef, tandis que la musique des groupes locaux enchante votre \u00e2me. Laissez-vous emporter par les rythmes produits par les groupes de musique locaux. Lorsque l&#8217;app\u00e9tit se fait sentir, dirigez-vous vers les stands de restauration, o\u00f9 une s\u00e9lection de d\u00e9licieux plats de homard vous attend. Ne manquez pas cette exp\u00e9rience extraordinaire sur la plage o\u00f9 la symphonie des vagues rencontre l&#8217;harmonie des instruments de musique locaux.   <\/p><p>En 2023, l&#8217;air \u00e9tait empli de rythmes produits par The Panerrifix Steelband.<\/p><\/div><\/div>\t\t\t\t\t\t\t\t<\/div>\n\t\t\t\t<\/div>\n\t\t\t\t<div class=\"elementor-element elementor-element-0018e21 elementor-widget elementor-widget-button\" data-id=\"0018e21\" data-element_type=\"widget\" data-e-type=\"widget\" data-widget_type=\"button.default\">\n\t\t\t\t<div class=\"elementor-widget-container\">\n\t\t\t\t\t\t\t\t\t<div class=\"elementor-button-wrapper\">\n\t\t\t\t\t<a class=\"elementor-button elementor-button-link elementor-size-sm\" href=\"tel:+501-609-6825\">\n\t\t\t\t\t\t<span class=\"elementor-button-content-wrapper\">\n\t\t\t\t\t\t\t\t\t<span class=\"elementor-button-text\">Cliquez ici pour confirmer votre pr\u00e9sence<\/span>\n\t\t\t\t\t<\/span>\n\t\t\t\t\t<\/a>\n\t\t\t\t<\/div>\n\t\t\t\t\t\t\t\t<\/div>\n\t\t\t\t<\/div>\n\t\t\t\t<\/div>\n\t\t\t\t\t<\/div>\n\t\t\t\t<\/div>\n\t\t<div class=\"elementor-element elementor-element-a8c0924 e-flex e-con-boxed e-con e-parent\" data-id=\"a8c0924\" data-element_type=\"container\" data-e-type=\"container\">\n\t\t\t\t\t<div class=\"e-con-inner\">\n\t\t\t\t<div class=\"elementor-element elementor-element-c210741 elementor-widget elementor-widget-spacer\" data-id=\"c210741\" data-element_type=\"widget\" data-e-type=\"widget\" data-widget_type=\"spacer.default\">\n\t\t\t\t<div class=\"elementor-widget-container\">\n\t\t\t\t\t\t\t<div class=\"elementor-spacer\">\n\t\t\t<div class=\"elementor-spacer-inner\"><\/div>\n\t\t<\/div>\n\t\t\t\t\t\t<\/div>\n\t\t\t\t<\/div>\n\t\t\t\t\t<\/div>\n\t\t\t\t<\/div>\n\t\t\t\t<\/div>\n\t\t","protected":false},"excerpt":{"rendered":"<p>Mini Lobster Fest &amp; March\u00e9 artisanal Battle of the Bartenders Rejoignez-nous pour assister \u00e0 l&#8217;affrontement de trois barmen extraordinaires lors de la finale de la Battle of the Bartenders ! Leur objectif ultime : \u00eatre nomm\u00e9 Master Mixologist et remporter des droits de vantardise non seulement pour eux-m\u00eames, mais aussi pour le complexe qu&#8217;ils repr\u00e9sentent. [&hellip;]<\/p>\n","protected":false},"author":4,"featured_media":72249,"parent":0,"menu_order":0,"comment_status":"closed","ping_status":"closed","template":"page-full-width.php","meta":{"_acf_changed":false,"_vp_format_video_url":"","_vp_image_focal_point":[],"footnotes":""},"categories":[206],"tags":[],"class_list":["post-72244","page","type-page","status-publish","has-post-thumbnail","hentry","category-rassemblement-tbc"],"acf":[],"yoast_head":"<!-- This site is optimized with the Yoast SEO plugin v27.4 - https:\/\/yoast.com\/product\/yoast-seo-wordpress\/ -->\n<title>Mini Lobster Fest &amp; March\u00e9 artisanal - The Belize Collection<\/title>\n<meta name=\"robots\" content=\"index, follow, max-snippet:-1, max-image-preview:large, max-video-preview:-1\" \/>\n<link rel=\"canonical\" href=\"https:\/\/thebelizecollection.com\/fr\/mini-lobster-fest-marche-artisanal\/\" \/>\n<meta property=\"og:locale\" content=\"fr_FR\" \/>\n<meta property=\"og:type\" content=\"article\" \/>\n<meta property=\"og:title\" content=\"Mini Lobster Fest &amp; March\u00e9 artisanal - The Belize Collection\" \/>\n<meta property=\"og:description\" content=\"Mini Lobster Fest &amp; March\u00e9 artisanal Battle of the Bartenders Rejoignez-nous pour assister \u00e0 l&#8217;affrontement de trois barmen extraordinaires lors de la finale de la Battle of the Bartenders ! Leur objectif ultime : \u00eatre nomm\u00e9 Master Mixologist et remporter des droits de vantardise non seulement pour eux-m\u00eames, mais aussi pour le complexe qu&#8217;ils repr\u00e9sentent. [&hellip;]\" \/>\n<meta property=\"og:url\" content=\"https:\/\/thebelizecollection.com\/fr\/mini-lobster-fest-marche-artisanal\/\" \/>\n<meta property=\"og:site_name\" content=\"The Belize Collection\" \/>\n<meta property=\"article:modified_time\" content=\"2026-04-03T16:14:06+00:00\" \/>\n<meta property=\"og:image\" content=\"https:\/\/thebelizecollection.com\/wp-content\/uploads\/2025\/07\/2023-PLACENCIA-LOBSTER-FEST-0513-webpd-scaled.webp\" \/>\n\t<meta property=\"og:image:width\" content=\"2048\" \/>\n\t<meta property=\"og:image:height\" content=\"1365\" \/>\n\t<meta property=\"og:image:type\" content=\"image\/webp\" \/>\n<meta name=\"twitter:card\" content=\"summary_large_image\" \/>\n<meta name=\"twitter:label1\" content=\"Dur\u00e9e de lecture estim\u00e9e\" \/>\n\t<meta name=\"twitter:data1\" content=\"2 minutes\" \/>\n<script type=\"application\/ld+json\" class=\"yoast-schema-graph\">{\"@context\":\"https:\\\/\\\/schema.org\",\"@graph\":[{\"@type\":\"WebPage\",\"@id\":\"https:\\\/\\\/thebelizecollection.com\\\/fr\\\/mini-lobster-fest-marche-artisanal\\\/\",\"url\":\"https:\\\/\\\/thebelizecollection.com\\\/fr\\\/mini-lobster-fest-marche-artisanal\\\/\",\"name\":\"Mini Lobster Fest &amp; March\u00e9 artisanal - The Belize Collection\",\"isPartOf\":{\"@id\":\"https:\\\/\\\/thebelizecollection.com\\\/fr\\\/#website\"},\"primaryImageOfPage\":{\"@id\":\"https:\\\/\\\/thebelizecollection.com\\\/fr\\\/mini-lobster-fest-marche-artisanal\\\/#primaryimage\"},\"image\":{\"@id\":\"https:\\\/\\\/thebelizecollection.com\\\/fr\\\/mini-lobster-fest-marche-artisanal\\\/#primaryimage\"},\"thumbnailUrl\":\"https:\\\/\\\/thebelizecollection.com\\\/wp-content\\\/uploads\\\/2025\\\/07\\\/2023-PLACENCIA-LOBSTER-FEST-0513-webpd-scaled.webp\",\"datePublished\":\"2025-08-13T17:34:19+00:00\",\"dateModified\":\"2026-04-03T16:14:06+00:00\",\"breadcrumb\":{\"@id\":\"https:\\\/\\\/thebelizecollection.com\\\/fr\\\/mini-lobster-fest-marche-artisanal\\\/#breadcrumb\"},\"inLanguage\":\"fr-FR\",\"potentialAction\":[{\"@type\":\"ReadAction\",\"target\":[\"https:\\\/\\\/thebelizecollection.com\\\/fr\\\/mini-lobster-fest-marche-artisanal\\\/\"]}]},{\"@type\":\"ImageObject\",\"inLanguage\":\"fr-FR\",\"@id\":\"https:\\\/\\\/thebelizecollection.com\\\/fr\\\/mini-lobster-fest-marche-artisanal\\\/#primaryimage\",\"url\":\"https:\\\/\\\/thebelizecollection.com\\\/wp-content\\\/uploads\\\/2025\\\/07\\\/2023-PLACENCIA-LOBSTER-FEST-0513-webpd-scaled.webp\",\"contentUrl\":\"https:\\\/\\\/thebelizecollection.com\\\/wp-content\\\/uploads\\\/2025\\\/07\\\/2023-PLACENCIA-LOBSTER-FEST-0513-webpd-scaled.webp\",\"width\":2048,\"height\":1365},{\"@type\":\"BreadcrumbList\",\"@id\":\"https:\\\/\\\/thebelizecollection.com\\\/fr\\\/mini-lobster-fest-marche-artisanal\\\/#breadcrumb\",\"itemListElement\":[{\"@type\":\"ListItem\",\"position\":1,\"name\":\"Home\",\"item\":\"https:\\\/\\\/thebelizecollection.com\\\/fr\\\/the-belize-collection-2\\\/\"},{\"@type\":\"ListItem\",\"position\":2,\"name\":\"Mini Lobster Fest &amp; March\u00e9 artisanal\"}]},{\"@type\":\"WebSite\",\"@id\":\"https:\\\/\\\/thebelizecollection.com\\\/fr\\\/#website\",\"url\":\"https:\\\/\\\/thebelizecollection.com\\\/fr\\\/\",\"name\":\"The Belize Collection\",\"description\":\"Everything Belize\",\"potentialAction\":[{\"@type\":\"SearchAction\",\"target\":{\"@type\":\"EntryPoint\",\"urlTemplate\":\"https:\\\/\\\/thebelizecollection.com\\\/fr\\\/?s={search_term_string}\"},\"query-input\":{\"@type\":\"PropertyValueSpecification\",\"valueRequired\":true,\"valueName\":\"search_term_string\"}}],\"inLanguage\":\"fr-FR\"}]}<\/script>\n<!-- \/ Yoast SEO plugin. -->","yoast_head_json":{"title":"Mini Lobster Fest &amp; March\u00e9 artisanal - The Belize Collection","robots":{"index":"index","follow":"follow","max-snippet":"max-snippet:-1","max-image-preview":"max-image-preview:large","max-video-preview":"max-video-preview:-1"},"canonical":"https:\/\/thebelizecollection.com\/fr\/mini-lobster-fest-marche-artisanal\/","og_locale":"fr_FR","og_type":"article","og_title":"Mini Lobster Fest &amp; March\u00e9 artisanal - The Belize Collection","og_description":"Mini Lobster Fest &amp; March\u00e9 artisanal Battle of the Bartenders Rejoignez-nous pour assister \u00e0 l&#8217;affrontement de trois barmen extraordinaires lors de la finale de la Battle of the Bartenders ! Leur objectif ultime : \u00eatre nomm\u00e9 Master Mixologist et remporter des droits de vantardise non seulement pour eux-m\u00eames, mais aussi pour le complexe qu&#8217;ils repr\u00e9sentent. [&hellip;]","og_url":"https:\/\/thebelizecollection.com\/fr\/mini-lobster-fest-marche-artisanal\/","og_site_name":"The Belize Collection","article_modified_time":"2026-04-03T16:14:06+00:00","og_image":[{"width":2048,"height":1365,"url":"https:\/\/thebelizecollection.com\/wp-content\/uploads\/2025\/07\/2023-PLACENCIA-LOBSTER-FEST-0513-webpd-scaled.webp","type":"image\/webp"}],"twitter_card":"summary_large_image","twitter_misc":{"Dur\u00e9e de lecture estim\u00e9e":"2 minutes"},"schema":{"@context":"https:\/\/schema.org","@graph":[{"@type":"WebPage","@id":"https:\/\/thebelizecollection.com\/fr\/mini-lobster-fest-marche-artisanal\/","url":"https:\/\/thebelizecollection.com\/fr\/mini-lobster-fest-marche-artisanal\/","name":"Mini Lobster Fest &amp; March\u00e9 artisanal - The Belize Collection","isPartOf":{"@id":"https:\/\/thebelizecollection.com\/fr\/#website"},"primaryImageOfPage":{"@id":"https:\/\/thebelizecollection.com\/fr\/mini-lobster-fest-marche-artisanal\/#primaryimage"},"image":{"@id":"https:\/\/thebelizecollection.com\/fr\/mini-lobster-fest-marche-artisanal\/#primaryimage"},"thumbnailUrl":"https:\/\/thebelizecollection.com\/wp-content\/uploads\/2025\/07\/2023-PLACENCIA-LOBSTER-FEST-0513-webpd-scaled.webp","datePublished":"2025-08-13T17:34:19+00:00","dateModified":"2026-04-03T16:14:06+00:00","breadcrumb":{"@id":"https:\/\/thebelizecollection.com\/fr\/mini-lobster-fest-marche-artisanal\/#breadcrumb"},"inLanguage":"fr-FR","potentialAction":[{"@type":"ReadAction","target":["https:\/\/thebelizecollection.com\/fr\/mini-lobster-fest-marche-artisanal\/"]}]},{"@type":"ImageObject","inLanguage":"fr-FR","@id":"https:\/\/thebelizecollection.com\/fr\/mini-lobster-fest-marche-artisanal\/#primaryimage","url":"https:\/\/thebelizecollection.com\/wp-content\/uploads\/2025\/07\/2023-PLACENCIA-LOBSTER-FEST-0513-webpd-scaled.webp","contentUrl":"https:\/\/thebelizecollection.com\/wp-content\/uploads\/2025\/07\/2023-PLACENCIA-LOBSTER-FEST-0513-webpd-scaled.webp","width":2048,"height":1365},{"@type":"BreadcrumbList","@id":"https:\/\/thebelizecollection.com\/fr\/mini-lobster-fest-marche-artisanal\/#breadcrumb","itemListElement":[{"@type":"ListItem","position":1,"name":"Home","item":"https:\/\/thebelizecollection.com\/fr\/the-belize-collection-2\/"},{"@type":"ListItem","position":2,"name":"Mini Lobster Fest &amp; March\u00e9 artisanal"}]},{"@type":"WebSite","@id":"https:\/\/thebelizecollection.com\/fr\/#website","url":"https:\/\/thebelizecollection.com\/fr\/","name":"The Belize Collection","description":"Everything Belize","potentialAction":[{"@type":"SearchAction","target":{"@type":"EntryPoint","urlTemplate":"https:\/\/thebelizecollection.com\/fr\/?s={search_term_string}"},"query-input":{"@type":"PropertyValueSpecification","valueRequired":true,"valueName":"search_term_string"}}],"inLanguage":"fr-FR"}]}},"jetpack_sharing_enabled":true,"_links":{"self":[{"href":"https:\/\/thebelizecollection.com\/fr\/wp-json\/wp\/v2\/pages\/72244","targetHints":{"allow":["GET"]}}],"collection":[{"href":"https:\/\/thebelizecollection.com\/fr\/wp-json\/wp\/v2\/pages"}],"about":[{"href":"https:\/\/thebelizecollection.com\/fr\/wp-json\/wp\/v2\/types\/page"}],"author":[{"embeddable":true,"href":"https:\/\/thebelizecollection.com\/fr\/wp-json\/wp\/v2\/users\/4"}],"replies":[{"embeddable":true,"href":"https:\/\/thebelizecollection.com\/fr\/wp-json\/wp\/v2\/comments?post=72244"}],"version-history":[{"count":1,"href":"https:\/\/thebelizecollection.com\/fr\/wp-json\/wp\/v2\/pages\/72244\/revisions"}],"predecessor-version":[{"id":72250,"href":"https:\/\/thebelizecollection.com\/fr\/wp-json\/wp\/v2\/pages\/72244\/revisions\/72250"}],"wp:featuredmedia":[{"embeddable":true,"href":"https:\/\/thebelizecollection.com\/fr\/wp-json\/wp\/v2\/media\/72249"}],"wp:attachment":[{"href":"https:\/\/thebelizecollection.com\/fr\/wp-json\/wp\/v2\/media?parent=72244"}],"wp:term":[{"taxonomy":"category","embeddable":true,"href":"https:\/\/thebelizecollection.com\/fr\/wp-json\/wp\/v2\/categories?post=72244"},{"taxonomy":"post_tag","embeddable":true,"href":"https:\/\/thebelizecollection.com\/fr\/wp-json\/wp\/v2\/tags?post=72244"}],"curies":[{"name":"wp","href":"https:\/\/api.w.org\/{rel}","templated":true}]}}