{"id":72260,"date":"2025-08-12T15:03:44","date_gmt":"2025-08-12T21:03:44","guid":{"rendered":"https:\/\/thebelizecollection.com\/happy-hour-au-the-banks\/"},"modified":"2026-04-03T11:49:41","modified_gmt":"2026-04-03T17:49:41","slug":"happy-hour-au-the-banks","status":"publish","type":"page","link":"https:\/\/thebelizecollection.com\/fr\/rassemblements\/happy-hour-au-the-banks\/","title":{"rendered":"Happy Hour au The Banks"},"content":{"rendered":"\t\t<div data-elementor-type=\"wp-page\" data-elementor-id=\"72260\" class=\"elementor elementor-72260 elementor-61986\" data-elementor-post-type=\"page\">\n\t\t\t\t<div class=\"elementor-element elementor-element-c2e0909 e-con-full e-flex e-con e-parent\" data-id=\"c2e0909\" data-element_type=\"container\" data-e-type=\"container\" data-settings=\"{&quot;background_background&quot;:&quot;classic&quot;}\">\n\t\t\t\t<\/div>\n\t\t<div class=\"elementor-element elementor-element-26c2265 e-flex e-con-boxed e-con e-parent\" data-id=\"26c2265\" data-element_type=\"container\" data-e-type=\"container\">\n\t\t\t\t\t<div class=\"e-con-inner\">\n\t\t\t\t<div class=\"elementor-element elementor-element-3e10aa3 elementor-widget elementor-widget-spacer\" data-id=\"3e10aa3\" data-element_type=\"widget\" data-e-type=\"widget\" data-widget_type=\"spacer.default\">\n\t\t\t\t<div class=\"elementor-widget-container\">\n\t\t\t\t\t\t\t<div class=\"elementor-spacer\">\n\t\t\t<div class=\"elementor-spacer-inner\"><\/div>\n\t\t<\/div>\n\t\t\t\t\t\t<\/div>\n\t\t\t\t<\/div>\n\t\t\t\t\t<\/div>\n\t\t\t\t<\/div>\n\t\t<div class=\"elementor-element elementor-element-3f60b41 e-flex e-con-boxed e-con e-parent\" data-id=\"3f60b41\" data-element_type=\"container\" data-e-type=\"container\">\n\t\t\t\t\t<div class=\"e-con-inner\">\n\t\t<div class=\"elementor-element elementor-element-87eb38d e-con-full e-flex e-con e-child\" data-id=\"87eb38d\" data-element_type=\"container\" data-e-type=\"container\">\n\t\t\t\t<div class=\"elementor-element elementor-element-dda9927 elementor-widget elementor-widget-heading\" data-id=\"dda9927\" data-element_type=\"widget\" data-e-type=\"widget\" data-widget_type=\"heading.default\">\n\t\t\t\t<div class=\"elementor-widget-container\">\n\t\t\t\t\t<h1 class=\"elementor-heading-title elementor-size-default\">Happy Hour<\/h1>\t\t\t\t<\/div>\n\t\t\t\t<\/div>\n\t\t\t\t<div class=\"elementor-element elementor-element-5cef2ec elementor-widget elementor-widget-text-editor\" data-id=\"5cef2ec\" data-element_type=\"widget\" data-e-type=\"widget\" data-widget_type=\"text-editor.default\">\n\t\t\t\t<div class=\"elementor-widget-container\">\n\t\t\t\t\t\t\t\t\t<div class=\"elementor-element elementor-element-3fd73d8 elementor-widget elementor-widget-text-editor\" data-id=\"3fd73d8\" data-element_type=\"widget\" data-widget_type=\"text-editor.default\"><div class=\"elementor-widget-container\">Rejoignez-nous pour le Happy Hour au The Banks. Profitez de r\u00e9ductions sp\u00e9ciales sur les boissons et de d\u00e9licieuses tapas tout en vous d\u00e9tendant au rythme vibrant de DJ Rebel. Invitez vos amis et profitez d\u2019une soir\u00e9e remplie de bonne cuisine, de musique entra\u00eenante et d\u2019une compagnie encore meilleure.  <\/div><\/div>\t\t\t\t\t\t\t\t<\/div>\n\t\t\t\t<\/div>\n\t\t\t\t<div class=\"elementor-element elementor-element-da22de5 elementor-widget elementor-widget-text-editor\" data-id=\"da22de5\" data-element_type=\"widget\" data-e-type=\"widget\" data-widget_type=\"text-editor.default\">\n\t\t\t\t<div class=\"elementor-widget-container\">\n\t\t\t\t\t\t\t\t\t<p><strong>Lieu :<\/strong> Humo Bar<\/p><p><strong>Date :<\/strong> 30 juillet 2025<\/p><p><strong>Heure :<\/strong> 15h00 &#8211; 18h00<\/p><p><strong>Sp\u00e9cial boissons :<\/strong> 25 % de r\u00e9duction sur les bi\u00e8res locales, les mojitos, les margaritas et les pi\u00f1a coladas<\/p><p><strong>Sp\u00e9cial tapas :<\/strong> Sardines croustillantes avec a\u00efoli, bouch\u00e9es de saucisse avec salade de poireaux, tostadas de poitrine de porc croustillante et tacos croustillants \u00e0 la saucisse de porc <\/p>\t\t\t\t\t\t\t\t<\/div>\n\t\t\t\t<\/div>\n\t\t\t\t<div class=\"elementor-element elementor-element-91ffd86 elementor-widget elementor-widget-button\" data-id=\"91ffd86\" data-element_type=\"widget\" data-e-type=\"widget\" data-widget_type=\"button.default\">\n\t\t\t\t<div class=\"elementor-widget-container\">\n\t\t\t\t\t\t\t\t\t<div class=\"elementor-button-wrapper\">\n\t\t\t\t\t<a class=\"elementor-button elementor-button-link elementor-size-sm\" href=\"tel:+501-609-6825\">\n\t\t\t\t\t\t<span class=\"elementor-button-content-wrapper\">\n\t\t\t\t\t\t\t\t\t<span class=\"elementor-button-text\">Cliquez ici pour confirmer votre pr\u00e9sence<\/span>\n\t\t\t\t\t<\/span>\n\t\t\t\t\t<\/a>\n\t\t\t\t<\/div>\n\t\t\t\t\t\t\t\t<\/div>\n\t\t\t\t<\/div>\n\t\t\t\t<\/div>\n\t\t<div class=\"elementor-element elementor-element-57d987d e-con-full e-flex e-con e-child\" data-id=\"57d987d\" data-element_type=\"container\" data-e-type=\"container\" data-settings=\"{&quot;background_background&quot;:&quot;classic&quot;}\">\n\t\t\t\t<\/div>\n\t\t\t\t\t<\/div>\n\t\t\t\t<\/div>\n\t\t<div class=\"elementor-element elementor-element-baf3b16 e-flex e-con-boxed e-con e-parent\" data-id=\"baf3b16\" data-element_type=\"container\" data-e-type=\"container\">\n\t\t\t\t\t<div class=\"e-con-inner\">\n\t\t\t\t<div class=\"elementor-element elementor-element-713634b elementor-widget elementor-widget-heading\" data-id=\"713634b\" data-element_type=\"widget\" data-e-type=\"widget\" data-widget_type=\"heading.default\">\n\t\t\t\t<div class=\"elementor-widget-container\">\n\t\t\t\t\t<h1 class=\"elementor-heading-title elementor-size-default\">Horaires de la navette<\/h1>\t\t\t\t<\/div>\n\t\t\t\t<\/div>\n\t\t\t\t<div class=\"elementor-element elementor-element-707d7be elementor-widget elementor-widget-text-editor\" data-id=\"707d7be\" data-element_type=\"widget\" data-e-type=\"widget\" data-widget_type=\"text-editor.default\">\n\t\t\t\t<div class=\"elementor-widget-container\">\n\t\t\t\t\t\t\t\t\t<div class=\"elementor-element elementor-element-3fd73d8 elementor-widget elementor-widget-text-editor\" data-id=\"3fd73d8\" data-element_type=\"widget\" data-widget_type=\"text-editor.default\"><div class=\"elementor-widget-container\">Des navettes gratuites partiront du Governor General Field et reviendront au m\u00eame endroit. Veuillez vous assurer d\u2019\u00eatre \u00e0 l\u2019heure pour le d\u00e9part et de consulter les horaires pour votre trajet de retour. <\/div><\/div>\t\t\t\t\t\t\t\t<\/div>\n\t\t\t\t<\/div>\n\t\t\t\t<div class=\"elementor-element elementor-element-c443313 elementor-widget elementor-widget-text-editor\" data-id=\"c443313\" data-element_type=\"widget\" data-e-type=\"widget\" data-widget_type=\"text-editor.default\">\n\t\t\t\t<div class=\"elementor-widget-container\">\n\t\t\t\t\t\t\t\t\t<div class=\"elementor-element elementor-element-3fd73d8 elementor-widget elementor-widget-text-editor\" data-id=\"3fd73d8\" data-element_type=\"widget\" data-widget_type=\"text-editor.default\"><div class=\"elementor-widget-container\">\n<table id=\"tablepress-94\" class=\"tablepress tablepress-id-94 tbody-has-connected-cells\">\n<tbody class=\"row-hover\">\n<tr class=\"row-1\">\n\t<td class=\"column-1\"><\/td><td class=\"column-2\"><b>Pickup Time<\/b><\/td><td class=\"column-3\"><b>Drop Off Time<\/b><\/td>\n<\/tr>\n<tr class=\"row-2\">\n\t<td class=\"column-1\"><b>Shuttle 1<\/b><\/td><td class=\"column-2\">2:00 P.M.<\/td><td class=\"column-3\">6:00 P.M.<\/td>\n<\/tr>\n<tr class=\"row-3\">\n\t<td class=\"column-1\"><b>Shuttle 2<\/b><\/td><td class=\"column-2\">3:00 P.M.<\/td><td class=\"column-3\">7:00 P.M.<\/td>\n<\/tr>\n<tr class=\"row-4\">\n\t<td colspan=\"3\" class=\"column-1\"><em>*Please contact us at +501 615-2167 to confirm space availability.<\/em><\/td>\n<\/tr>\n<\/tbody>\n<\/table>\n<!-- #tablepress-94 from cache --><\/div><\/div>\t\t\t\t\t\t\t\t<\/div>\n\t\t\t\t<\/div>\n\t\t\t\t\t<\/div>\n\t\t\t\t<\/div>\n\t\t<div class=\"elementor-element elementor-element-e884c00 e-flex e-con-boxed e-con e-parent\" data-id=\"e884c00\" data-element_type=\"container\" data-e-type=\"container\">\n\t\t\t\t\t<div class=\"e-con-inner\">\n\t\t\t\t<div class=\"elementor-element elementor-element-edf6e4c elementor-widget elementor-widget-spacer\" data-id=\"edf6e4c\" data-element_type=\"widget\" data-e-type=\"widget\" data-widget_type=\"spacer.default\">\n\t\t\t\t<div class=\"elementor-widget-container\">\n\t\t\t\t\t\t\t<div class=\"elementor-spacer\">\n\t\t\t<div class=\"elementor-spacer-inner\"><\/div>\n\t\t<\/div>\n\t\t\t\t\t\t<\/div>\n\t\t\t\t<\/div>\n\t\t\t\t\t<\/div>\n\t\t\t\t<\/div>\n\t\t\t\t<\/div>\n\t\t","protected":false},"excerpt":{"rendered":"<p>Happy Hour Rejoignez-nous pour le Happy Hour au The Banks. Profitez de r\u00e9ductions sp\u00e9ciales sur les boissons et de d\u00e9licieuses tapas tout en vous d\u00e9tendant au rythme vibrant de DJ Rebel. Invitez vos amis et profitez d\u2019une soir\u00e9e remplie de bonne cuisine, de musique entra\u00eenante et d\u2019une compagnie encore meilleure. Lieu : Humo Bar Date [&hellip;]<\/p>\n","protected":false},"author":2,"featured_media":72266,"parent":72312,"menu_order":0,"comment_status":"closed","ping_status":"closed","template":"page-full-width.php","meta":{"_acf_changed":false,"_vp_format_video_url":"","_vp_image_focal_point":[],"footnotes":""},"categories":[206],"tags":[],"class_list":["post-72260","page","type-page","status-publish","has-post-thumbnail","hentry","category-rassemblement-tbc"],"acf":[],"yoast_head":"<!-- This site is optimized with the Yoast SEO plugin v27.4 - https:\/\/yoast.com\/product\/yoast-seo-wordpress\/ -->\n<title>Happy Hour au The Banks - The Belize Collection<\/title>\n<meta name=\"robots\" content=\"index, follow, max-snippet:-1, max-image-preview:large, max-video-preview:-1\" \/>\n<link rel=\"canonical\" href=\"https:\/\/thebelizecollection.com\/fr\/rassemblements\/happy-hour-au-the-banks\/\" \/>\n<meta property=\"og:locale\" content=\"fr_FR\" \/>\n<meta property=\"og:type\" content=\"article\" \/>\n<meta property=\"og:title\" content=\"Happy Hour au The Banks - The Belize Collection\" \/>\n<meta property=\"og:description\" content=\"Happy Hour Rejoignez-nous pour le Happy Hour au The Banks. Profitez de r\u00e9ductions sp\u00e9ciales sur les boissons et de d\u00e9licieuses tapas tout en vous d\u00e9tendant au rythme vibrant de DJ Rebel. Invitez vos amis et profitez d\u2019une soir\u00e9e remplie de bonne cuisine, de musique entra\u00eenante et d\u2019une compagnie encore meilleure. Lieu : Humo Bar Date [&hellip;]\" \/>\n<meta property=\"og:url\" content=\"https:\/\/thebelizecollection.com\/fr\/rassemblements\/happy-hour-au-the-banks\/\" \/>\n<meta property=\"og:site_name\" content=\"The Belize Collection\" \/>\n<meta property=\"article:modified_time\" content=\"2026-04-03T17:49:41+00:00\" \/>\n<meta property=\"og:image\" content=\"https:\/\/thebelizecollection.com\/wp-content\/uploads\/2025\/08\/5.jpg\" \/>\n\t<meta property=\"og:image:width\" content=\"1620\" \/>\n\t<meta property=\"og:image:height\" content=\"1080\" \/>\n\t<meta property=\"og:image:type\" content=\"image\/jpeg\" \/>\n<meta name=\"twitter:card\" content=\"summary_large_image\" \/>\n<meta name=\"twitter:label1\" content=\"Dur\u00e9e de lecture estim\u00e9e\" \/>\n\t<meta name=\"twitter:data1\" content=\"1 minute\" \/>\n<script type=\"application\/ld+json\" class=\"yoast-schema-graph\">{\"@context\":\"https:\\\/\\\/schema.org\",\"@graph\":[{\"@type\":\"WebPage\",\"@id\":\"https:\\\/\\\/thebelizecollection.com\\\/fr\\\/rassemblements\\\/happy-hour-au-the-banks\\\/\",\"url\":\"https:\\\/\\\/thebelizecollection.com\\\/fr\\\/rassemblements\\\/happy-hour-au-the-banks\\\/\",\"name\":\"Happy Hour au The Banks - The Belize Collection\",\"isPartOf\":{\"@id\":\"https:\\\/\\\/thebelizecollection.com\\\/fr\\\/#website\"},\"primaryImageOfPage\":{\"@id\":\"https:\\\/\\\/thebelizecollection.com\\\/fr\\\/rassemblements\\\/happy-hour-au-the-banks\\\/#primaryimage\"},\"image\":{\"@id\":\"https:\\\/\\\/thebelizecollection.com\\\/fr\\\/rassemblements\\\/happy-hour-au-the-banks\\\/#primaryimage\"},\"thumbnailUrl\":\"https:\\\/\\\/thebelizecollection.com\\\/wp-content\\\/uploads\\\/2025\\\/08\\\/5.jpg\",\"datePublished\":\"2025-08-12T21:03:44+00:00\",\"dateModified\":\"2026-04-03T17:49:41+00:00\",\"breadcrumb\":{\"@id\":\"https:\\\/\\\/thebelizecollection.com\\\/fr\\\/rassemblements\\\/happy-hour-au-the-banks\\\/#breadcrumb\"},\"inLanguage\":\"fr-FR\",\"potentialAction\":[{\"@type\":\"ReadAction\",\"target\":[\"https:\\\/\\\/thebelizecollection.com\\\/fr\\\/rassemblements\\\/happy-hour-au-the-banks\\\/\"]}]},{\"@type\":\"ImageObject\",\"inLanguage\":\"fr-FR\",\"@id\":\"https:\\\/\\\/thebelizecollection.com\\\/fr\\\/rassemblements\\\/happy-hour-au-the-banks\\\/#primaryimage\",\"url\":\"https:\\\/\\\/thebelizecollection.com\\\/wp-content\\\/uploads\\\/2025\\\/08\\\/5.jpg\",\"contentUrl\":\"https:\\\/\\\/thebelizecollection.com\\\/wp-content\\\/uploads\\\/2025\\\/08\\\/5.jpg\",\"width\":1620,\"height\":1080},{\"@type\":\"BreadcrumbList\",\"@id\":\"https:\\\/\\\/thebelizecollection.com\\\/fr\\\/rassemblements\\\/happy-hour-au-the-banks\\\/#breadcrumb\",\"itemListElement\":[{\"@type\":\"ListItem\",\"position\":1,\"name\":\"Home\",\"item\":\"https:\\\/\\\/thebelizecollection.com\\\/fr\\\/the-belize-collection-2\\\/\"},{\"@type\":\"ListItem\",\"position\":2,\"name\":\"Rassemblements\",\"item\":\"https:\\\/\\\/thebelizecollection.com\\\/fr\\\/rassemblements\\\/\"},{\"@type\":\"ListItem\",\"position\":3,\"name\":\"Happy Hour au The Banks\"}]},{\"@type\":\"WebSite\",\"@id\":\"https:\\\/\\\/thebelizecollection.com\\\/fr\\\/#website\",\"url\":\"https:\\\/\\\/thebelizecollection.com\\\/fr\\\/\",\"name\":\"The Belize Collection\",\"description\":\"Everything Belize\",\"potentialAction\":[{\"@type\":\"SearchAction\",\"target\":{\"@type\":\"EntryPoint\",\"urlTemplate\":\"https:\\\/\\\/thebelizecollection.com\\\/fr\\\/?s={search_term_string}\"},\"query-input\":{\"@type\":\"PropertyValueSpecification\",\"valueRequired\":true,\"valueName\":\"search_term_string\"}}],\"inLanguage\":\"fr-FR\"}]}<\/script>\n<!-- \/ Yoast SEO plugin. -->","yoast_head_json":{"title":"Happy Hour au The Banks - The Belize Collection","robots":{"index":"index","follow":"follow","max-snippet":"max-snippet:-1","max-image-preview":"max-image-preview:large","max-video-preview":"max-video-preview:-1"},"canonical":"https:\/\/thebelizecollection.com\/fr\/rassemblements\/happy-hour-au-the-banks\/","og_locale":"fr_FR","og_type":"article","og_title":"Happy Hour au The Banks - The Belize Collection","og_description":"Happy Hour Rejoignez-nous pour le Happy Hour au The Banks. Profitez de r\u00e9ductions sp\u00e9ciales sur les boissons et de d\u00e9licieuses tapas tout en vous d\u00e9tendant au rythme vibrant de DJ Rebel. Invitez vos amis et profitez d\u2019une soir\u00e9e remplie de bonne cuisine, de musique entra\u00eenante et d\u2019une compagnie encore meilleure. Lieu : Humo Bar Date [&hellip;]","og_url":"https:\/\/thebelizecollection.com\/fr\/rassemblements\/happy-hour-au-the-banks\/","og_site_name":"The Belize Collection","article_modified_time":"2026-04-03T17:49:41+00:00","og_image":[{"width":1620,"height":1080,"url":"https:\/\/thebelizecollection.com\/wp-content\/uploads\/2025\/08\/5.jpg","type":"image\/jpeg"}],"twitter_card":"summary_large_image","twitter_misc":{"Dur\u00e9e de lecture estim\u00e9e":"1 minute"},"schema":{"@context":"https:\/\/schema.org","@graph":[{"@type":"WebPage","@id":"https:\/\/thebelizecollection.com\/fr\/rassemblements\/happy-hour-au-the-banks\/","url":"https:\/\/thebelizecollection.com\/fr\/rassemblements\/happy-hour-au-the-banks\/","name":"Happy Hour au The Banks - The Belize Collection","isPartOf":{"@id":"https:\/\/thebelizecollection.com\/fr\/#website"},"primaryImageOfPage":{"@id":"https:\/\/thebelizecollection.com\/fr\/rassemblements\/happy-hour-au-the-banks\/#primaryimage"},"image":{"@id":"https:\/\/thebelizecollection.com\/fr\/rassemblements\/happy-hour-au-the-banks\/#primaryimage"},"thumbnailUrl":"https:\/\/thebelizecollection.com\/wp-content\/uploads\/2025\/08\/5.jpg","datePublished":"2025-08-12T21:03:44+00:00","dateModified":"2026-04-03T17:49:41+00:00","breadcrumb":{"@id":"https:\/\/thebelizecollection.com\/fr\/rassemblements\/happy-hour-au-the-banks\/#breadcrumb"},"inLanguage":"fr-FR","potentialAction":[{"@type":"ReadAction","target":["https:\/\/thebelizecollection.com\/fr\/rassemblements\/happy-hour-au-the-banks\/"]}]},{"@type":"ImageObject","inLanguage":"fr-FR","@id":"https:\/\/thebelizecollection.com\/fr\/rassemblements\/happy-hour-au-the-banks\/#primaryimage","url":"https:\/\/thebelizecollection.com\/wp-content\/uploads\/2025\/08\/5.jpg","contentUrl":"https:\/\/thebelizecollection.com\/wp-content\/uploads\/2025\/08\/5.jpg","width":1620,"height":1080},{"@type":"BreadcrumbList","@id":"https:\/\/thebelizecollection.com\/fr\/rassemblements\/happy-hour-au-the-banks\/#breadcrumb","itemListElement":[{"@type":"ListItem","position":1,"name":"Home","item":"https:\/\/thebelizecollection.com\/fr\/the-belize-collection-2\/"},{"@type":"ListItem","position":2,"name":"Rassemblements","item":"https:\/\/thebelizecollection.com\/fr\/rassemblements\/"},{"@type":"ListItem","position":3,"name":"Happy Hour au The Banks"}]},{"@type":"WebSite","@id":"https:\/\/thebelizecollection.com\/fr\/#website","url":"https:\/\/thebelizecollection.com\/fr\/","name":"The Belize Collection","description":"Everything Belize","potentialAction":[{"@type":"SearchAction","target":{"@type":"EntryPoint","urlTemplate":"https:\/\/thebelizecollection.com\/fr\/?s={search_term_string}"},"query-input":{"@type":"PropertyValueSpecification","valueRequired":true,"valueName":"search_term_string"}}],"inLanguage":"fr-FR"}]}},"jetpack_sharing_enabled":true,"_links":{"self":[{"href":"https:\/\/thebelizecollection.com\/fr\/wp-json\/wp\/v2\/pages\/72260","targetHints":{"allow":["GET"]}}],"collection":[{"href":"https:\/\/thebelizecollection.com\/fr\/wp-json\/wp\/v2\/pages"}],"about":[{"href":"https:\/\/thebelizecollection.com\/fr\/wp-json\/wp\/v2\/types\/page"}],"author":[{"embeddable":true,"href":"https:\/\/thebelizecollection.com\/fr\/wp-json\/wp\/v2\/users\/2"}],"replies":[{"embeddable":true,"href":"https:\/\/thebelizecollection.com\/fr\/wp-json\/wp\/v2\/comments?post=72260"}],"version-history":[{"count":1,"href":"https:\/\/thebelizecollection.com\/fr\/wp-json\/wp\/v2\/pages\/72260\/revisions"}],"predecessor-version":[{"id":72267,"href":"https:\/\/thebelizecollection.com\/fr\/wp-json\/wp\/v2\/pages\/72260\/revisions\/72267"}],"up":[{"embeddable":true,"href":"https:\/\/thebelizecollection.com\/fr\/wp-json\/wp\/v2\/pages\/72312"}],"wp:featuredmedia":[{"embeddable":true,"href":"https:\/\/thebelizecollection.com\/fr\/wp-json\/wp\/v2\/media\/72266"}],"wp:attachment":[{"href":"https:\/\/thebelizecollection.com\/fr\/wp-json\/wp\/v2\/media?parent=72260"}],"wp:term":[{"taxonomy":"category","embeddable":true,"href":"https:\/\/thebelizecollection.com\/fr\/wp-json\/wp\/v2\/categories?post=72260"},{"taxonomy":"post_tag","embeddable":true,"href":"https:\/\/thebelizecollection.com\/fr\/wp-json\/wp\/v2\/tags?post=72260"}],"curies":[{"name":"wp","href":"https:\/\/api.w.org\/{rel}","templated":true}]}}