{"id":72317,"date":"2025-05-12T15:37:10","date_gmt":"2025-05-12T21:37:10","guid":{"rendered":"https:\/\/thebelizecollection.com\/forfait-belize-waves-wonder\/"},"modified":"2026-04-21T20:22:01","modified_gmt":"2026-04-22T02:22:01","slug":"forfait-belize-waves-wonder","status":"publish","type":"page","link":"https:\/\/thebelizecollection.com\/fr\/forfaits-vacances\/forfait-belize-waves-wonder\/","title":{"rendered":"Forfait Belize Waves &amp; Wonder"},"content":{"rendered":"\t\t<div data-elementor-type=\"wp-page\" data-elementor-id=\"72317\" class=\"elementor elementor-72317 elementor-14770\" data-elementor-post-type=\"page\">\n\t\t\t\t<div class=\"elementor-element elementor-element-1159b0f8 e-con-full elementor-hidden-mobile e-flex e-con e-parent\" data-id=\"1159b0f8\" data-element_type=\"container\" data-e-type=\"container\" data-settings=\"{&quot;background_background&quot;:&quot;classic&quot;}\">\n\t\t\t\t<\/div>\n\t\t<div class=\"elementor-element elementor-element-3cd295e e-flex e-con-boxed e-con e-parent\" data-id=\"3cd295e\" data-element_type=\"container\" data-e-type=\"container\">\n\t\t\t\t\t<div class=\"e-con-inner\">\n\t\t<div class=\"elementor-element elementor-element-7c79be5e e-con-full e-flex e-con e-child\" data-id=\"7c79be5e\" data-element_type=\"container\" data-e-type=\"container\" data-settings=\"{&quot;background_background&quot;:&quot;classic&quot;}\">\n\t\t\t\t<\/div>\n\t\t<div class=\"elementor-element elementor-element-65cefe96 e-con-full e-flex e-con e-child\" data-id=\"65cefe96\" data-element_type=\"container\" data-e-type=\"container\">\n\t\t\t\t<div class=\"elementor-element elementor-element-3a3f3049 elementor-widget elementor-widget-heading\" data-id=\"3a3f3049\" data-element_type=\"widget\" data-e-type=\"widget\" data-widget_type=\"heading.default\">\n\t\t\t\t<div class=\"elementor-widget-container\">\n\t\t\t\t\t<h1 class=\"elementor-heading-title elementor-size-default\">Forfait Belize Waves &amp; Wonder<\/h1>\t\t\t\t<\/div>\n\t\t\t\t<\/div>\n\t\t\t\t<div class=\"elementor-element elementor-element-158033bf elementor-widget elementor-widget-heading\" data-id=\"158033bf\" data-element_type=\"widget\" data-e-type=\"widget\" data-widget_type=\"heading.default\">\n\t\t\t\t<div class=\"elementor-widget-container\">\n\t\t\t\t\t<h3 class=\"elementor-heading-title elementor-size-default\">Quatre (4) nuits \u00e0 la plage et trois (3) nuits dans la jungle<\/h3>\t\t\t\t<\/div>\n\t\t\t\t<\/div>\n\t\t\t\t<div class=\"elementor-element elementor-element-5d11155d elementor-widget elementor-widget-text-editor\" data-id=\"5d11155d\" data-element_type=\"widget\" data-e-type=\"widget\" data-widget_type=\"text-editor.default\">\n\t\t\t\t<div class=\"elementor-widget-container\">\n\t\t\t\t\t\t\t\t\t<div class=\"elementor-element elementor-element-3fd73d8 elementor-widget elementor-widget-text-editor\" data-id=\"3fd73d8\" data-element_type=\"widget\" data-widget_type=\"text-editor.default\"><div class=\"elementor-widget-container\">Explorez les merveilles diurnes et nocturnes de l\u2019un des lodges de la jungle les plus prim\u00e9s du Belize, associ\u00e9 \u00e0 une occasion de se reposer, de se d\u00e9tendre et de se ressourcer dans un luxe d\u00e9contract\u00e9. Notre \u00ab Forfait Vacances Belize Waves and Wonder \u00bb est con\u00e7u pour nos clients amoureux de la nature qui souhaitent d\u00e9couvrir le meilleur des deux mondes lors de leur s\u00e9jour au Belize. <\/div><\/div>\t\t\t\t\t\t\t\t<\/div>\n\t\t\t\t<\/div>\n\t\t\t\t<div class=\"elementor-element elementor-element-129114e4 elementor-widget elementor-widget-heading\" data-id=\"129114e4\" data-element_type=\"widget\" data-e-type=\"widget\" data-widget_type=\"heading.default\">\n\t\t\t\t<div class=\"elementor-widget-container\">\n\t\t\t\t\t<h2 class=\"elementor-heading-title elementor-size-default\">Inclus dans cette exp\u00e9rience :<\/h2>\t\t\t\t<\/div>\n\t\t\t\t<\/div>\n\t\t\t\t<div class=\"elementor-element elementor-element-6c707080 elementor-widget elementor-widget-text-editor\" data-id=\"6c707080\" data-element_type=\"widget\" data-e-type=\"widget\" data-widget_type=\"text-editor.default\">\n\t\t\t\t<div class=\"elementor-widget-container\">\n\t\t\t\t\t\t\t\t\t<p><strong>Au Rainforest Lodge at Sleeping Giant :<\/strong><\/p><ul><li>Transfert de l\u2019a\u00e9roport international vers le complexe h\u00f4telier.<\/li><li>S\u00e9jour de trois (3) nuits au <a title=\"The Rainforest Lodge at Sleeping Giant\" href=\"https:\/\/thebelizecollection.com\/the-rainforest-lodge-at-sleeping-giant\/\">The Rainforest Lodge at Sleeping Giant<\/a>.<\/li><li>H\u00e9bergement dans une <a title=\"Riverview Suite avec piscine priv\u00e9e\" href=\"https:\/\/thebelizecollection.com\/room\/riverview-suite-with-plunge-pool\/\">Riverview Suite<\/a>.<\/li><li>Petit-d\u00e9jeuner, d\u00e9jeuner et d\u00eener pour deux (2) personnes.<\/li><li>Excursion \u00e0 Xunantunich<\/li><li>Choix entre une excursion dans une grotte c\u00e9r\u00e9monielle maya ou une descente de rivi\u00e8re en bou\u00e9e et tyrolienne.<\/li><li>Transfert de Sleeping Giant vers le Naia Resort.<\/li><\/ul><p><strong>Au Naia Resort and Spa :<\/strong><\/p><ul><li>Transfert a\u00e9rien aller simple de BZE vers Placencia ou de Placencia vers BZE.<\/li><li>Transfert terrestre aller simple vers la piste d\u2019atterrissage de Placencia depuis le Naia Resort and Spa.<\/li><li>S\u00e9jour de quatre (4) nuits au Naia Resort and Spa.<\/li><li>H\u00e9bergement en Studio Beach House \u2013 Front de mer.<\/li><li>Repas \u2013 Petit-d\u00e9jeuner, d\u00e9jeuner et d\u00eener \u00e0 3 plats.<\/li><li>Excursion de plong\u00e9e avec tuba.<\/li><li>Journ\u00e9e d\u2019excursion \u00e0 Monkey River.<\/li><li>Utilisation gratuite des piscines du complexe, des kayaks, des paddles, des v\u00e9los<br>et du Wi-Fi, ainsi qu\u2019un acc\u00e8s au centre de remise en forme et au studio de yoga et de mouvement.<\/li><\/ul>\t\t\t\t\t\t\t\t<\/div>\n\t\t\t\t<\/div>\n\t\t\t\t<div class=\"elementor-element elementor-element-37812cb5 elementor-widget elementor-widget-heading\" data-id=\"37812cb5\" data-element_type=\"widget\" data-e-type=\"widget\" data-widget_type=\"heading.default\">\n\t\t\t\t<div class=\"elementor-widget-container\">\n\t\t\t\t\t<h2 class=\"elementor-heading-title elementor-size-default\">\u00c0 PARTIR DE 6\u202f500,00 $ USD<\/h2>\t\t\t\t<\/div>\n\t\t\t\t<\/div>\n\t\t\t\t<div class=\"elementor-element elementor-element-590e09d6 elementor-widget elementor-widget-text-editor\" data-id=\"590e09d6\" data-element_type=\"widget\" data-e-type=\"widget\" data-widget_type=\"text-editor.default\">\n\t\t\t\t<div class=\"elementor-widget-container\">\n\t\t\t\t\t\t\t\t\t<div class=\"elementor-element elementor-element-3fd73d8 elementor-widget elementor-widget-text-editor\" data-id=\"3fd73d8\" data-element_type=\"widget\" data-widget_type=\"text-editor.default\"><div class=\"elementor-widget-container\"><ul><li>Le prix du forfait est bas\u00e9 sur 2 personnes.<\/li><\/ul><\/div><\/div>\t\t\t\t\t\t\t\t<\/div>\n\t\t\t\t<\/div>\n\t\t<div class=\"elementor-element elementor-element-2fde196 e-grid e-con-full e-con e-child\" data-id=\"2fde196\" data-element_type=\"container\" data-e-type=\"container\">\n\t\t\t\t<div class=\"elementor-element elementor-element-2932bcd2 elementor-align-left elementor-widget elementor-widget-button\" data-id=\"2932bcd2\" data-element_type=\"widget\" data-e-type=\"widget\" data-widget_type=\"button.default\">\n\t\t\t\t<div class=\"elementor-widget-container\">\n\t\t\t\t\t\t\t\t\t<div class=\"elementor-button-wrapper\">\n\t\t\t\t\t<a class=\"elementor-button elementor-button-link elementor-size-sm\" href=\"https:\/\/thebelizecollection.com\/fr\/contactez-nous\/\">\n\t\t\t\t\t\t<span class=\"elementor-button-content-wrapper\">\n\t\t\t\t\t\t\t\t\t<span class=\"elementor-button-text\">CONTACTEZ-NOUS<\/span>\n\t\t\t\t\t<\/span>\n\t\t\t\t\t<\/a>\n\t\t\t\t<\/div>\n\t\t\t\t\t\t\t\t<\/div>\n\t\t\t\t<\/div>\n\t\t\t\t<div class=\"elementor-element elementor-element-fa64ac5 elementor-align-left elementor-widget elementor-widget-button\" data-id=\"fa64ac5\" data-element_type=\"widget\" data-e-type=\"widget\" data-widget_type=\"button.default\">\n\t\t\t\t<div class=\"elementor-widget-container\">\n\t\t\t\t\t\t\t\t\t<div class=\"elementor-button-wrapper\">\n\t\t\t\t\t<a class=\"elementor-button elementor-button-link elementor-size-sm\" href=\"https:\/\/thebelizecollection.com\/fr\/forfaits-vacances\/\">\n\t\t\t\t\t\t<span class=\"elementor-button-content-wrapper\">\n\t\t\t\t\t\t<span class=\"elementor-button-icon\">\n\t\t\t\t<svg aria-hidden=\"true\" class=\"e-font-icon-svg e-fas-arrow-left\" viewBox=\"0 0 448 512\" xmlns=\"http:\/\/www.w3.org\/2000\/svg\"><path d=\"M257.5 445.1l-22.2 22.2c-9.4 9.4-24.6 9.4-33.9 0L7 273c-9.4-9.4-9.4-24.6 0-33.9L201.4 44.7c9.4-9.4 24.6-9.4 33.9 0l22.2 22.2c9.5 9.5 9.3 25-.4 34.3L136.6 216H424c13.3 0 24 10.7 24 24v32c0 13.3-10.7 24-24 24H136.6l120.5 114.8c9.8 9.3 10 24.8.4 34.3z\"><\/path><\/svg>\t\t\t<\/span>\n\t\t\t\t\t\t\t\t\t<span class=\"elementor-button-text\">VOIR LES FORFAITS VACANCES<\/span>\n\t\t\t\t\t<\/span>\n\t\t\t\t\t<\/a>\n\t\t\t\t<\/div>\n\t\t\t\t\t\t\t\t<\/div>\n\t\t\t\t<\/div>\n\t\t\t\t<\/div>\n\t\t\t\t<\/div>\n\t\t\t\t\t<\/div>\n\t\t\t\t<\/div>\n\t\t<div class=\"elementor-element elementor-element-35b9b216 e-flex e-con-boxed e-con e-parent\" data-id=\"35b9b216\" data-element_type=\"container\" data-e-type=\"container\">\n\t\t\t\t\t<div class=\"e-con-inner\">\n\t\t\t\t<div class=\"elementor-element elementor-element-4ac7f4c9 elementor-widget elementor-widget-spacer\" data-id=\"4ac7f4c9\" data-element_type=\"widget\" data-e-type=\"widget\" data-widget_type=\"spacer.default\">\n\t\t\t\t<div class=\"elementor-widget-container\">\n\t\t\t\t\t\t\t<div class=\"elementor-spacer\">\n\t\t\t<div class=\"elementor-spacer-inner\"><\/div>\n\t\t<\/div>\n\t\t\t\t\t\t<\/div>\n\t\t\t\t<\/div>\n\t\t\t\t\t<\/div>\n\t\t\t\t<\/div>\n\t\t\t\t<\/div>\n\t\t","protected":false},"excerpt":{"rendered":"<p>Forfait Belize Waves &amp; Wonder Quatre (4) nuits \u00e0 la plage et trois (3) nuits dans la jungle Explorez les merveilles diurnes et nocturnes de l\u2019un des lodges de la jungle les plus prim\u00e9s du Belize, associ\u00e9 \u00e0 une occasion de se reposer, de se d\u00e9tendre et de se ressourcer dans un luxe d\u00e9contract\u00e9. Notre [&hellip;]<\/p>\n","protected":false},"author":2,"featured_media":0,"parent":74303,"menu_order":0,"comment_status":"closed","ping_status":"closed","template":"page-full-width.php","meta":{"_acf_changed":false,"_vp_format_video_url":"","_vp_image_focal_point":[],"footnotes":""},"categories":[],"tags":[],"class_list":["post-72317","page","type-page","status-publish","hentry"],"acf":[],"yoast_head":"<!-- This site is optimized with the Yoast SEO plugin v27.4 - https:\/\/yoast.com\/product\/yoast-seo-wordpress\/ -->\n<title>Forfait Belize Waves &amp; Wonder - The Belize Collection<\/title>\n<meta name=\"robots\" content=\"index, follow, max-snippet:-1, max-image-preview:large, max-video-preview:-1\" \/>\n<link rel=\"canonical\" href=\"https:\/\/thebelizecollection.com\/fr\/forfaits-vacances\/forfait-belize-waves-wonder\/\" \/>\n<meta property=\"og:locale\" content=\"fr_FR\" \/>\n<meta property=\"og:type\" content=\"article\" \/>\n<meta property=\"og:title\" content=\"Forfait Belize Waves &amp; Wonder - The Belize Collection\" \/>\n<meta property=\"og:description\" content=\"Forfait Belize Waves &amp; Wonder Quatre (4) nuits \u00e0 la plage et trois (3) nuits dans la jungle Explorez les merveilles diurnes et nocturnes de l\u2019un des lodges de la jungle les plus prim\u00e9s du Belize, associ\u00e9 \u00e0 une occasion de se reposer, de se d\u00e9tendre et de se ressourcer dans un luxe d\u00e9contract\u00e9. Notre [&hellip;]\" \/>\n<meta property=\"og:url\" content=\"https:\/\/thebelizecollection.com\/fr\/forfaits-vacances\/forfait-belize-waves-wonder\/\" \/>\n<meta property=\"og:site_name\" content=\"The Belize Collection\" \/>\n<meta property=\"article:modified_time\" content=\"2026-04-22T02:22:01+00:00\" \/>\n<meta name=\"twitter:card\" content=\"summary_large_image\" \/>\n<meta name=\"twitter:label1\" content=\"Dur\u00e9e de lecture estim\u00e9e\" \/>\n\t<meta name=\"twitter:data1\" content=\"1 minute\" \/>\n<script type=\"application\/ld+json\" class=\"yoast-schema-graph\">{\"@context\":\"https:\\\/\\\/schema.org\",\"@graph\":[{\"@type\":\"WebPage\",\"@id\":\"https:\\\/\\\/thebelizecollection.com\\\/fr\\\/forfaits-vacances\\\/forfait-belize-waves-wonder\\\/\",\"url\":\"https:\\\/\\\/thebelizecollection.com\\\/fr\\\/forfaits-vacances\\\/forfait-belize-waves-wonder\\\/\",\"name\":\"Forfait Belize Waves &amp; Wonder - The Belize Collection\",\"isPartOf\":{\"@id\":\"https:\\\/\\\/thebelizecollection.com\\\/fr\\\/#website\"},\"datePublished\":\"2025-05-12T21:37:10+00:00\",\"dateModified\":\"2026-04-22T02:22:01+00:00\",\"breadcrumb\":{\"@id\":\"https:\\\/\\\/thebelizecollection.com\\\/fr\\\/forfaits-vacances\\\/forfait-belize-waves-wonder\\\/#breadcrumb\"},\"inLanguage\":\"fr-FR\",\"potentialAction\":[{\"@type\":\"ReadAction\",\"target\":[\"https:\\\/\\\/thebelizecollection.com\\\/fr\\\/forfaits-vacances\\\/forfait-belize-waves-wonder\\\/\"]}]},{\"@type\":\"BreadcrumbList\",\"@id\":\"https:\\\/\\\/thebelizecollection.com\\\/fr\\\/forfaits-vacances\\\/forfait-belize-waves-wonder\\\/#breadcrumb\",\"itemListElement\":[{\"@type\":\"ListItem\",\"position\":1,\"name\":\"Home\",\"item\":\"https:\\\/\\\/thebelizecollection.com\\\/fr\\\/the-belize-collection-2\\\/\"},{\"@type\":\"ListItem\",\"position\":2,\"name\":\"Forfaits Vacances\",\"item\":\"https:\\\/\\\/thebelizecollection.com\\\/fr\\\/forfaits-vacances\\\/\"},{\"@type\":\"ListItem\",\"position\":3,\"name\":\"Forfait Belize Waves &amp; Wonder\"}]},{\"@type\":\"WebSite\",\"@id\":\"https:\\\/\\\/thebelizecollection.com\\\/fr\\\/#website\",\"url\":\"https:\\\/\\\/thebelizecollection.com\\\/fr\\\/\",\"name\":\"The Belize Collection\",\"description\":\"Everything Belize\",\"potentialAction\":[{\"@type\":\"SearchAction\",\"target\":{\"@type\":\"EntryPoint\",\"urlTemplate\":\"https:\\\/\\\/thebelizecollection.com\\\/fr\\\/?s={search_term_string}\"},\"query-input\":{\"@type\":\"PropertyValueSpecification\",\"valueRequired\":true,\"valueName\":\"search_term_string\"}}],\"inLanguage\":\"fr-FR\"}]}<\/script>\n<!-- \/ Yoast SEO plugin. -->","yoast_head_json":{"title":"Forfait Belize Waves &amp; Wonder - The Belize Collection","robots":{"index":"index","follow":"follow","max-snippet":"max-snippet:-1","max-image-preview":"max-image-preview:large","max-video-preview":"max-video-preview:-1"},"canonical":"https:\/\/thebelizecollection.com\/fr\/forfaits-vacances\/forfait-belize-waves-wonder\/","og_locale":"fr_FR","og_type":"article","og_title":"Forfait Belize Waves &amp; Wonder - The Belize Collection","og_description":"Forfait Belize Waves &amp; Wonder Quatre (4) nuits \u00e0 la plage et trois (3) nuits dans la jungle Explorez les merveilles diurnes et nocturnes de l\u2019un des lodges de la jungle les plus prim\u00e9s du Belize, associ\u00e9 \u00e0 une occasion de se reposer, de se d\u00e9tendre et de se ressourcer dans un luxe d\u00e9contract\u00e9. Notre [&hellip;]","og_url":"https:\/\/thebelizecollection.com\/fr\/forfaits-vacances\/forfait-belize-waves-wonder\/","og_site_name":"The Belize Collection","article_modified_time":"2026-04-22T02:22:01+00:00","twitter_card":"summary_large_image","twitter_misc":{"Dur\u00e9e de lecture estim\u00e9e":"1 minute"},"schema":{"@context":"https:\/\/schema.org","@graph":[{"@type":"WebPage","@id":"https:\/\/thebelizecollection.com\/fr\/forfaits-vacances\/forfait-belize-waves-wonder\/","url":"https:\/\/thebelizecollection.com\/fr\/forfaits-vacances\/forfait-belize-waves-wonder\/","name":"Forfait Belize Waves &amp; Wonder - The Belize Collection","isPartOf":{"@id":"https:\/\/thebelizecollection.com\/fr\/#website"},"datePublished":"2025-05-12T21:37:10+00:00","dateModified":"2026-04-22T02:22:01+00:00","breadcrumb":{"@id":"https:\/\/thebelizecollection.com\/fr\/forfaits-vacances\/forfait-belize-waves-wonder\/#breadcrumb"},"inLanguage":"fr-FR","potentialAction":[{"@type":"ReadAction","target":["https:\/\/thebelizecollection.com\/fr\/forfaits-vacances\/forfait-belize-waves-wonder\/"]}]},{"@type":"BreadcrumbList","@id":"https:\/\/thebelizecollection.com\/fr\/forfaits-vacances\/forfait-belize-waves-wonder\/#breadcrumb","itemListElement":[{"@type":"ListItem","position":1,"name":"Home","item":"https:\/\/thebelizecollection.com\/fr\/the-belize-collection-2\/"},{"@type":"ListItem","position":2,"name":"Forfaits Vacances","item":"https:\/\/thebelizecollection.com\/fr\/forfaits-vacances\/"},{"@type":"ListItem","position":3,"name":"Forfait Belize Waves &amp; Wonder"}]},{"@type":"WebSite","@id":"https:\/\/thebelizecollection.com\/fr\/#website","url":"https:\/\/thebelizecollection.com\/fr\/","name":"The Belize Collection","description":"Everything Belize","potentialAction":[{"@type":"SearchAction","target":{"@type":"EntryPoint","urlTemplate":"https:\/\/thebelizecollection.com\/fr\/?s={search_term_string}"},"query-input":{"@type":"PropertyValueSpecification","valueRequired":true,"valueName":"search_term_string"}}],"inLanguage":"fr-FR"}]}},"jetpack_sharing_enabled":true,"_links":{"self":[{"href":"https:\/\/thebelizecollection.com\/fr\/wp-json\/wp\/v2\/pages\/72317","targetHints":{"allow":["GET"]}}],"collection":[{"href":"https:\/\/thebelizecollection.com\/fr\/wp-json\/wp\/v2\/pages"}],"about":[{"href":"https:\/\/thebelizecollection.com\/fr\/wp-json\/wp\/v2\/types\/page"}],"author":[{"embeddable":true,"href":"https:\/\/thebelizecollection.com\/fr\/wp-json\/wp\/v2\/users\/2"}],"replies":[{"embeddable":true,"href":"https:\/\/thebelizecollection.com\/fr\/wp-json\/wp\/v2\/comments?post=72317"}],"version-history":[{"count":2,"href":"https:\/\/thebelizecollection.com\/fr\/wp-json\/wp\/v2\/pages\/72317\/revisions"}],"predecessor-version":[{"id":72366,"href":"https:\/\/thebelizecollection.com\/fr\/wp-json\/wp\/v2\/pages\/72317\/revisions\/72366"}],"up":[{"embeddable":true,"href":"https:\/\/thebelizecollection.com\/fr\/wp-json\/wp\/v2\/pages\/74303"}],"wp:attachment":[{"href":"https:\/\/thebelizecollection.com\/fr\/wp-json\/wp\/v2\/media?parent=72317"}],"wp:term":[{"taxonomy":"category","embeddable":true,"href":"https:\/\/thebelizecollection.com\/fr\/wp-json\/wp\/v2\/categories?post=72317"},{"taxonomy":"post_tag","embeddable":true,"href":"https:\/\/thebelizecollection.com\/fr\/wp-json\/wp\/v2\/tags?post=72317"}],"curies":[{"name":"wp","href":"https:\/\/api.w.org\/{rel}","templated":true}]}}