{"id":72322,"date":"2025-05-03T16:48:57","date_gmt":"2025-05-03T22:48:57","guid":{"rendered":"https:\/\/thebelizecollection.com\/forfait-solo-maintenant-ou-jamais\/"},"modified":"2026-04-21T20:20:14","modified_gmt":"2026-04-22T02:20:14","slug":"forfait-solo-maintenant-ou-jamais","status":"publish","type":"page","link":"https:\/\/thebelizecollection.com\/fr\/forfaits-vacances\/forfait-solo-maintenant-ou-jamais\/","title":{"rendered":"Forfait Solo Maintenant ou Jamais"},"content":{"rendered":"\t\t<div data-elementor-type=\"wp-page\" data-elementor-id=\"72322\" class=\"elementor elementor-72322 elementor-14694\" data-elementor-post-type=\"page\">\n\t\t\t\t<div class=\"elementor-element elementor-element-78d556ea e-con-full elementor-hidden-mobile e-flex e-con e-parent\" data-id=\"78d556ea\" data-element_type=\"container\" data-e-type=\"container\" data-settings=\"{&quot;background_background&quot;:&quot;classic&quot;}\">\n\t\t\t\t<\/div>\n\t\t<div class=\"elementor-element elementor-element-38c70237 e-flex e-con-boxed e-con e-parent\" data-id=\"38c70237\" data-element_type=\"container\" data-e-type=\"container\">\n\t\t\t\t\t<div class=\"e-con-inner\">\n\t\t<div class=\"elementor-element elementor-element-5716d0ff e-con-full e-flex e-con e-child\" data-id=\"5716d0ff\" data-element_type=\"container\" data-e-type=\"container\" data-settings=\"{&quot;background_background&quot;:&quot;classic&quot;}\">\n\t\t\t\t<\/div>\n\t\t<div class=\"elementor-element elementor-element-662a8a68 e-con-full e-flex e-con e-child\" data-id=\"662a8a68\" data-element_type=\"container\" data-e-type=\"container\">\n\t\t\t\t<div class=\"elementor-element elementor-element-1ee4da4a elementor-widget elementor-widget-heading\" data-id=\"1ee4da4a\" data-element_type=\"widget\" data-e-type=\"widget\" data-widget_type=\"heading.default\">\n\t\t\t\t<div class=\"elementor-widget-container\">\n\t\t\t\t\t<h1 class=\"elementor-heading-title elementor-size-default\">Forfait Solo Maintenant ou Jamais<\/h1>\t\t\t\t<\/div>\n\t\t\t\t<\/div>\n\t\t\t\t<div class=\"elementor-element elementor-element-73c59156 elementor-widget elementor-widget-heading\" data-id=\"73c59156\" data-element_type=\"widget\" data-e-type=\"widget\" data-widget_type=\"heading.default\">\n\t\t\t\t<div class=\"elementor-widget-container\">\n\t\t\t\t\t<h3 class=\"elementor-heading-title elementor-size-default\">Le meilleur moment, c'est maintenant<\/h3>\t\t\t\t<\/div>\n\t\t\t\t<\/div>\n\t\t\t\t<div class=\"elementor-element elementor-element-4462162c elementor-widget elementor-widget-text-editor\" data-id=\"4462162c\" data-element_type=\"widget\" data-e-type=\"widget\" data-widget_type=\"text-editor.default\">\n\t\t\t\t<div class=\"elementor-widget-container\">\n\t\t\t\t\t\t\t\t\t<div class=\"elementor-element elementor-element-3fd73d8 elementor-widget elementor-widget-text-editor\" data-id=\"3fd73d8\" data-element_type=\"widget\" data-widget_type=\"text-editor.default\"><div class=\"elementor-widget-container\"><p>Red\u00e9couvrez-vous sur les plages dor\u00e9es de Hopkins. Ou prenez un risque et r\u00e9inventez-vous dans la jungle du Belize. Savourez votre caf\u00e9 matinal avec le lever du soleil dans les montagnes Mayas. Lib\u00e9rez-vous de vos inhibitions dans la mer des Cara\u00efbes sal\u00e9e. Comme bon vous semble, faites-le \u00e0 votre mani\u00e8re.    <\/p><p> <\/p><\/div><\/div>\t\t\t\t\t\t\t\t<\/div>\n\t\t\t\t<\/div>\n\t\t\t\t<div class=\"elementor-element elementor-element-2bcc8b4d elementor-widget elementor-widget-heading\" data-id=\"2bcc8b4d\" data-element_type=\"widget\" data-e-type=\"widget\" data-widget_type=\"heading.default\">\n\t\t\t\t<div class=\"elementor-widget-container\">\n\t\t\t\t\t<h2 class=\"elementor-heading-title elementor-size-default\">Inclus dans cette exp\u00e9rience :<\/h2>\t\t\t\t<\/div>\n\t\t\t\t<\/div>\n\t\t\t\t<div class=\"elementor-element elementor-element-232eff59 elementor-widget elementor-widget-text-editor\" data-id=\"232eff59\" data-element_type=\"widget\" data-e-type=\"widget\" data-widget_type=\"text-editor.default\">\n\t\t\t\t<div class=\"elementor-widget-container\">\n\t\t\t\t\t\t\t\t\t<ul><li>H\u00e9bergement de 2 nuits en suite Deluxe \u00e0 <a href=\"https:\/\/www.jaguarreefbelize.com\/\">The Lodge at Jaguar Reef<\/a>.<\/li><li>H\u00e9bergement de 2 nuits dans un cottage Creek Side \u00e0 <a href=\"http:\/\/www.sleepinggiantbelize.com\/\">The Rainforest Lodge at Sleeping Giant<\/a>.<\/li><li>Transferts collectifs de l\u2019a\u00e9roport international du Belize \u00e0 <a href=\"https:\/\/www.jaguarreefbelize.com\/\">The Lodge at Jaguar Reef<\/a>, puis \u00e0 The<\/li><li>Rainforest Lodge at Sleeping Giant et retour \u00e0 l\u2019a\u00e9roport international du Belize<\/li><li>Petit-d\u00e9jeuner, d\u00e9jeuner et d\u00eener.<\/li><li>Excursion d\u2019une demi-journ\u00e9e de snorkeling, cours de cuisine ou visite de grotte c\u00e9r\u00e9monielle<\/li><\/ul>\t\t\t\t\t\t\t\t<\/div>\n\t\t\t\t<\/div>\n\t\t\t\t<div class=\"elementor-element elementor-element-702e83d3 elementor-widget elementor-widget-heading\" data-id=\"702e83d3\" data-element_type=\"widget\" data-e-type=\"widget\" data-widget_type=\"heading.default\">\n\t\t\t\t<div class=\"elementor-widget-container\">\n\t\t\t\t\t<h2 class=\"elementor-heading-title elementor-size-default\">\u00c0 PARTIR DE 2 700,00 $ US<\/h2>\t\t\t\t<\/div>\n\t\t\t\t<\/div>\n\t\t\t\t<div class=\"elementor-element elementor-element-266faa3e elementor-widget elementor-widget-text-editor\" data-id=\"266faa3e\" data-element_type=\"widget\" data-e-type=\"widget\" data-widget_type=\"text-editor.default\">\n\t\t\t\t<div class=\"elementor-widget-container\">\n\t\t\t\t\t\t\t\t\t<div class=\"elementor-element elementor-element-3fd73d8 elementor-widget elementor-widget-text-editor\" data-id=\"3fd73d8\" data-element_type=\"widget\" data-widget_type=\"text-editor.default\"><div class=\"elementor-widget-container\"><ul><li>Le prix du forfait est bas\u00e9 sur 2 personnes.<\/li><\/ul><\/div><\/div>\t\t\t\t\t\t\t\t<\/div>\n\t\t\t\t<\/div>\n\t\t<div class=\"elementor-element elementor-element-0c81b00 e-grid e-con-full e-con e-child\" data-id=\"0c81b00\" data-element_type=\"container\" data-e-type=\"container\">\n\t\t\t\t<div class=\"elementor-element elementor-element-178a5f20 elementor-align-left elementor-widget elementor-widget-button\" data-id=\"178a5f20\" data-element_type=\"widget\" data-e-type=\"widget\" data-widget_type=\"button.default\">\n\t\t\t\t<div class=\"elementor-widget-container\">\n\t\t\t\t\t\t\t\t\t<div class=\"elementor-button-wrapper\">\n\t\t\t\t\t<a class=\"elementor-button elementor-button-link elementor-size-sm\" href=\"https:\/\/thebelizecollection.com\/fr\/contactez-nous\/\">\n\t\t\t\t\t\t<span class=\"elementor-button-content-wrapper\">\n\t\t\t\t\t\t\t\t\t<span class=\"elementor-button-text\">CONTACTEZ-NOUS<\/span>\n\t\t\t\t\t<\/span>\n\t\t\t\t\t<\/a>\n\t\t\t\t<\/div>\n\t\t\t\t\t\t\t\t<\/div>\n\t\t\t\t<\/div>\n\t\t\t\t<div class=\"elementor-element elementor-element-190d640 elementor-align-left elementor-widget elementor-widget-button\" data-id=\"190d640\" data-element_type=\"widget\" data-e-type=\"widget\" data-widget_type=\"button.default\">\n\t\t\t\t<div class=\"elementor-widget-container\">\n\t\t\t\t\t\t\t\t\t<div class=\"elementor-button-wrapper\">\n\t\t\t\t\t<a class=\"elementor-button elementor-button-link elementor-size-sm\" href=\"https:\/\/thebelizecollection.com\/fr\/forfaits-vacances\/\">\n\t\t\t\t\t\t<span class=\"elementor-button-content-wrapper\">\n\t\t\t\t\t\t<span class=\"elementor-button-icon\">\n\t\t\t\t<svg aria-hidden=\"true\" class=\"e-font-icon-svg e-fas-arrow-left\" viewBox=\"0 0 448 512\" xmlns=\"http:\/\/www.w3.org\/2000\/svg\"><path d=\"M257.5 445.1l-22.2 22.2c-9.4 9.4-24.6 9.4-33.9 0L7 273c-9.4-9.4-9.4-24.6 0-33.9L201.4 44.7c9.4-9.4 24.6-9.4 33.9 0l22.2 22.2c9.5 9.5 9.3 25-.4 34.3L136.6 216H424c13.3 0 24 10.7 24 24v32c0 13.3-10.7 24-24 24H136.6l120.5 114.8c9.8 9.3 10 24.8.4 34.3z\"><\/path><\/svg>\t\t\t<\/span>\n\t\t\t\t\t\t\t\t\t<span class=\"elementor-button-text\">VOIR LES FORFAITS VACANCES<\/span>\n\t\t\t\t\t<\/span>\n\t\t\t\t\t<\/a>\n\t\t\t\t<\/div>\n\t\t\t\t\t\t\t\t<\/div>\n\t\t\t\t<\/div>\n\t\t\t\t<\/div>\n\t\t\t\t<\/div>\n\t\t\t\t\t<\/div>\n\t\t\t\t<\/div>\n\t\t<div class=\"elementor-element elementor-element-3a326b9e e-flex e-con-boxed e-con e-parent\" data-id=\"3a326b9e\" data-element_type=\"container\" data-e-type=\"container\">\n\t\t\t\t\t<div class=\"e-con-inner\">\n\t\t\t\t<div class=\"elementor-element elementor-element-92cbc14 elementor-widget elementor-widget-spacer\" data-id=\"92cbc14\" data-element_type=\"widget\" data-e-type=\"widget\" data-widget_type=\"spacer.default\">\n\t\t\t\t<div class=\"elementor-widget-container\">\n\t\t\t\t\t\t\t<div class=\"elementor-spacer\">\n\t\t\t<div class=\"elementor-spacer-inner\"><\/div>\n\t\t<\/div>\n\t\t\t\t\t\t<\/div>\n\t\t\t\t<\/div>\n\t\t\t\t\t<\/div>\n\t\t\t\t<\/div>\n\t\t\t\t<\/div>\n\t\t","protected":false},"excerpt":{"rendered":"<p>Forfait Solo Maintenant ou Jamais Le meilleur moment, c&#8217;est maintenant Red\u00e9couvrez-vous sur les plages dor\u00e9es de Hopkins. Ou prenez un risque et r\u00e9inventez-vous dans la jungle du Belize. Savourez votre caf\u00e9 matinal avec le lever du soleil dans les montagnes Mayas. Lib\u00e9rez-vous de vos inhibitions dans la mer des Cara\u00efbes sal\u00e9e. Comme bon vous semble, [&hellip;]<\/p>\n","protected":false},"author":2,"featured_media":0,"parent":74303,"menu_order":0,"comment_status":"closed","ping_status":"closed","template":"page-full-width.php","meta":{"_acf_changed":false,"_vp_format_video_url":"","_vp_image_focal_point":[],"footnotes":""},"categories":[],"tags":[],"class_list":["post-72322","page","type-page","status-publish","hentry"],"acf":[],"yoast_head":"<!-- This site is optimized with the Yoast SEO plugin v27.5 - https:\/\/yoast.com\/product\/yoast-seo-wordpress\/ -->\n<title>Forfait Solo Maintenant ou Jamais - The Belize Collection<\/title>\n<meta name=\"robots\" content=\"index, follow, max-snippet:-1, max-image-preview:large, max-video-preview:-1\" \/>\n<link rel=\"canonical\" href=\"https:\/\/thebelizecollection.com\/fr\/forfaits-vacances\/forfait-solo-maintenant-ou-jamais\/\" \/>\n<meta property=\"og:locale\" content=\"fr_FR\" \/>\n<meta property=\"og:type\" content=\"article\" \/>\n<meta property=\"og:title\" content=\"Forfait Solo Maintenant ou Jamais - The Belize Collection\" \/>\n<meta property=\"og:description\" content=\"Forfait Solo Maintenant ou Jamais Le meilleur moment, c&#8217;est maintenant Red\u00e9couvrez-vous sur les plages dor\u00e9es de Hopkins. Ou prenez un risque et r\u00e9inventez-vous dans la jungle du Belize. Savourez votre caf\u00e9 matinal avec le lever du soleil dans les montagnes Mayas. Lib\u00e9rez-vous de vos inhibitions dans la mer des Cara\u00efbes sal\u00e9e. Comme bon vous semble, [&hellip;]\" \/>\n<meta property=\"og:url\" content=\"https:\/\/thebelizecollection.com\/fr\/forfaits-vacances\/forfait-solo-maintenant-ou-jamais\/\" \/>\n<meta property=\"og:site_name\" content=\"The Belize Collection\" \/>\n<meta property=\"article:modified_time\" content=\"2026-04-22T02:20:14+00:00\" \/>\n<meta name=\"twitter:card\" content=\"summary_large_image\" \/>\n<meta name=\"twitter:label1\" content=\"Dur\u00e9e de lecture estim\u00e9e\" \/>\n\t<meta name=\"twitter:data1\" content=\"1 minute\" \/>\n<script type=\"application\/ld+json\" class=\"yoast-schema-graph\">{\"@context\":\"https:\\\/\\\/schema.org\",\"@graph\":[{\"@type\":\"WebPage\",\"@id\":\"https:\\\/\\\/thebelizecollection.com\\\/fr\\\/forfaits-vacances\\\/forfait-solo-maintenant-ou-jamais\\\/\",\"url\":\"https:\\\/\\\/thebelizecollection.com\\\/fr\\\/forfaits-vacances\\\/forfait-solo-maintenant-ou-jamais\\\/\",\"name\":\"Forfait Solo Maintenant ou Jamais - The Belize Collection\",\"isPartOf\":{\"@id\":\"https:\\\/\\\/thebelizecollection.com\\\/fr\\\/#website\"},\"datePublished\":\"2025-05-03T22:48:57+00:00\",\"dateModified\":\"2026-04-22T02:20:14+00:00\",\"breadcrumb\":{\"@id\":\"https:\\\/\\\/thebelizecollection.com\\\/fr\\\/forfaits-vacances\\\/forfait-solo-maintenant-ou-jamais\\\/#breadcrumb\"},\"inLanguage\":\"fr-FR\",\"potentialAction\":[{\"@type\":\"ReadAction\",\"target\":[\"https:\\\/\\\/thebelizecollection.com\\\/fr\\\/forfaits-vacances\\\/forfait-solo-maintenant-ou-jamais\\\/\"]}]},{\"@type\":\"BreadcrumbList\",\"@id\":\"https:\\\/\\\/thebelizecollection.com\\\/fr\\\/forfaits-vacances\\\/forfait-solo-maintenant-ou-jamais\\\/#breadcrumb\",\"itemListElement\":[{\"@type\":\"ListItem\",\"position\":1,\"name\":\"Home\",\"item\":\"https:\\\/\\\/thebelizecollection.com\\\/fr\\\/the-belize-collection-2\\\/\"},{\"@type\":\"ListItem\",\"position\":2,\"name\":\"Forfaits Vacances\",\"item\":\"https:\\\/\\\/thebelizecollection.com\\\/fr\\\/forfaits-vacances\\\/\"},{\"@type\":\"ListItem\",\"position\":3,\"name\":\"Forfait Solo Maintenant ou Jamais\"}]},{\"@type\":\"WebSite\",\"@id\":\"https:\\\/\\\/thebelizecollection.com\\\/fr\\\/#website\",\"url\":\"https:\\\/\\\/thebelizecollection.com\\\/fr\\\/\",\"name\":\"The Belize Collection\",\"description\":\"Everything Belize\",\"potentialAction\":[{\"@type\":\"SearchAction\",\"target\":{\"@type\":\"EntryPoint\",\"urlTemplate\":\"https:\\\/\\\/thebelizecollection.com\\\/fr\\\/?s={search_term_string}\"},\"query-input\":{\"@type\":\"PropertyValueSpecification\",\"valueRequired\":true,\"valueName\":\"search_term_string\"}}],\"inLanguage\":\"fr-FR\"}]}<\/script>\n<!-- \/ Yoast SEO plugin. -->","yoast_head_json":{"title":"Forfait Solo Maintenant ou Jamais - The Belize Collection","robots":{"index":"index","follow":"follow","max-snippet":"max-snippet:-1","max-image-preview":"max-image-preview:large","max-video-preview":"max-video-preview:-1"},"canonical":"https:\/\/thebelizecollection.com\/fr\/forfaits-vacances\/forfait-solo-maintenant-ou-jamais\/","og_locale":"fr_FR","og_type":"article","og_title":"Forfait Solo Maintenant ou Jamais - The Belize Collection","og_description":"Forfait Solo Maintenant ou Jamais Le meilleur moment, c&#8217;est maintenant Red\u00e9couvrez-vous sur les plages dor\u00e9es de Hopkins. Ou prenez un risque et r\u00e9inventez-vous dans la jungle du Belize. Savourez votre caf\u00e9 matinal avec le lever du soleil dans les montagnes Mayas. Lib\u00e9rez-vous de vos inhibitions dans la mer des Cara\u00efbes sal\u00e9e. Comme bon vous semble, [&hellip;]","og_url":"https:\/\/thebelizecollection.com\/fr\/forfaits-vacances\/forfait-solo-maintenant-ou-jamais\/","og_site_name":"The Belize Collection","article_modified_time":"2026-04-22T02:20:14+00:00","twitter_card":"summary_large_image","twitter_misc":{"Dur\u00e9e de lecture estim\u00e9e":"1 minute"},"schema":{"@context":"https:\/\/schema.org","@graph":[{"@type":"WebPage","@id":"https:\/\/thebelizecollection.com\/fr\/forfaits-vacances\/forfait-solo-maintenant-ou-jamais\/","url":"https:\/\/thebelizecollection.com\/fr\/forfaits-vacances\/forfait-solo-maintenant-ou-jamais\/","name":"Forfait Solo Maintenant ou Jamais - The Belize Collection","isPartOf":{"@id":"https:\/\/thebelizecollection.com\/fr\/#website"},"datePublished":"2025-05-03T22:48:57+00:00","dateModified":"2026-04-22T02:20:14+00:00","breadcrumb":{"@id":"https:\/\/thebelizecollection.com\/fr\/forfaits-vacances\/forfait-solo-maintenant-ou-jamais\/#breadcrumb"},"inLanguage":"fr-FR","potentialAction":[{"@type":"ReadAction","target":["https:\/\/thebelizecollection.com\/fr\/forfaits-vacances\/forfait-solo-maintenant-ou-jamais\/"]}]},{"@type":"BreadcrumbList","@id":"https:\/\/thebelizecollection.com\/fr\/forfaits-vacances\/forfait-solo-maintenant-ou-jamais\/#breadcrumb","itemListElement":[{"@type":"ListItem","position":1,"name":"Home","item":"https:\/\/thebelizecollection.com\/fr\/the-belize-collection-2\/"},{"@type":"ListItem","position":2,"name":"Forfaits Vacances","item":"https:\/\/thebelizecollection.com\/fr\/forfaits-vacances\/"},{"@type":"ListItem","position":3,"name":"Forfait Solo Maintenant ou Jamais"}]},{"@type":"WebSite","@id":"https:\/\/thebelizecollection.com\/fr\/#website","url":"https:\/\/thebelizecollection.com\/fr\/","name":"The Belize Collection","description":"Everything Belize","potentialAction":[{"@type":"SearchAction","target":{"@type":"EntryPoint","urlTemplate":"https:\/\/thebelizecollection.com\/fr\/?s={search_term_string}"},"query-input":{"@type":"PropertyValueSpecification","valueRequired":true,"valueName":"search_term_string"}}],"inLanguage":"fr-FR"}]}},"jetpack_sharing_enabled":true,"_links":{"self":[{"href":"https:\/\/thebelizecollection.com\/fr\/wp-json\/wp\/v2\/pages\/72322","targetHints":{"allow":["GET"]}}],"collection":[{"href":"https:\/\/thebelizecollection.com\/fr\/wp-json\/wp\/v2\/pages"}],"about":[{"href":"https:\/\/thebelizecollection.com\/fr\/wp-json\/wp\/v2\/types\/page"}],"author":[{"embeddable":true,"href":"https:\/\/thebelizecollection.com\/fr\/wp-json\/wp\/v2\/users\/2"}],"replies":[{"embeddable":true,"href":"https:\/\/thebelizecollection.com\/fr\/wp-json\/wp\/v2\/comments?post=72322"}],"version-history":[{"count":2,"href":"https:\/\/thebelizecollection.com\/fr\/wp-json\/wp\/v2\/pages\/72322\/revisions"}],"predecessor-version":[{"id":72362,"href":"https:\/\/thebelizecollection.com\/fr\/wp-json\/wp\/v2\/pages\/72322\/revisions\/72362"}],"up":[{"embeddable":true,"href":"https:\/\/thebelizecollection.com\/fr\/wp-json\/wp\/v2\/pages\/74303"}],"wp:attachment":[{"href":"https:\/\/thebelizecollection.com\/fr\/wp-json\/wp\/v2\/media?parent=72322"}],"wp:term":[{"taxonomy":"category","embeddable":true,"href":"https:\/\/thebelizecollection.com\/fr\/wp-json\/wp\/v2\/categories?post=72322"},{"taxonomy":"post_tag","embeddable":true,"href":"https:\/\/thebelizecollection.com\/fr\/wp-json\/wp\/v2\/tags?post=72322"}],"curies":[{"name":"wp","href":"https:\/\/api.w.org\/{rel}","templated":true}]}}