{"id":72350,"date":"2025-05-12T15:13:39","date_gmt":"2025-05-12T21:13:39","guid":{"rendered":"https:\/\/thebelizecollection.com\/sejour-dans-la-jungle-tropicale-et-sur-une-ile-privee-au-belize\/"},"modified":"2026-04-21T20:21:31","modified_gmt":"2026-04-22T02:21:31","slug":"sejour-dans-la-jungle-tropicale-et-sur-une-ile-privee-au-belize","status":"publish","type":"page","link":"https:\/\/thebelizecollection.com\/fr\/forfaits-vacances\/sejour-dans-la-jungle-tropicale-et-sur-une-ile-privee-au-belize\/","title":{"rendered":"S\u00e9jour dans la jungle tropicale et sur une \u00eele priv\u00e9e au Belize"},"content":{"rendered":"\t\t<div data-elementor-type=\"wp-page\" data-elementor-id=\"72350\" class=\"elementor elementor-72350 elementor-14756\" data-elementor-post-type=\"page\">\n\t\t\t\t<div class=\"elementor-element elementor-element-e26fd71 e-con-full elementor-hidden-mobile e-flex e-con e-parent\" data-id=\"e26fd71\" data-element_type=\"container\" data-e-type=\"container\" data-settings=\"{&quot;background_background&quot;:&quot;classic&quot;}\">\n\t\t\t\t<\/div>\n\t\t<div class=\"elementor-element elementor-element-532c627e e-flex e-con-boxed e-con e-parent\" data-id=\"532c627e\" data-element_type=\"container\" data-e-type=\"container\">\n\t\t\t\t\t<div class=\"e-con-inner\">\n\t\t<div class=\"elementor-element elementor-element-66a97e2c e-con-full e-flex e-con e-child\" data-id=\"66a97e2c\" data-element_type=\"container\" data-e-type=\"container\" data-settings=\"{&quot;background_background&quot;:&quot;classic&quot;}\">\n\t\t\t\t<\/div>\n\t\t<div class=\"elementor-element elementor-element-2e09fa10 e-con-full e-flex e-con e-child\" data-id=\"2e09fa10\" data-element_type=\"container\" data-e-type=\"container\">\n\t\t\t\t<div class=\"elementor-element elementor-element-74147209 elementor-widget elementor-widget-heading\" data-id=\"74147209\" data-element_type=\"widget\" data-e-type=\"widget\" data-widget_type=\"heading.default\">\n\t\t\t\t<div class=\"elementor-widget-container\">\n\t\t\t\t\t<h1 class=\"elementor-heading-title elementor-size-default\">S\u00e9jour dans la jungle tropicale et sur une \u00eele priv\u00e9e au Belize<\/h1>\t\t\t\t<\/div>\n\t\t\t\t<\/div>\n\t\t\t\t<div class=\"elementor-element elementor-element-733b0c4f elementor-widget elementor-widget-heading\" data-id=\"733b0c4f\" data-element_type=\"widget\" data-e-type=\"widget\" data-widget_type=\"heading.default\">\n\t\t\t\t<div class=\"elementor-widget-container\">\n\t\t\t\t\t<h3 class=\"elementor-heading-title elementor-size-default\">R\u00e9servez votre exp\u00e9rience tropicale ultime avec nous.<\/h3>\t\t\t\t<\/div>\n\t\t\t\t<\/div>\n\t\t\t\t<div class=\"elementor-element elementor-element-1037ea0b elementor-widget elementor-widget-text-editor\" data-id=\"1037ea0b\" data-element_type=\"widget\" data-e-type=\"widget\" data-widget_type=\"text-editor.default\">\n\t\t\t\t<div class=\"elementor-widget-container\">\n\t\t\t\t\t\t\t\t\t<div class=\"elementor-element elementor-element-3fd73d8 elementor-widget elementor-widget-text-editor\" data-id=\"3fd73d8\" data-element_type=\"widget\" data-widget_type=\"text-editor.default\"><div class=\"elementor-widget-container\">Du vert luxuriant de la for\u00eat tropicale \u00e0 la vibrante effervescence d&#8217;une \u00eele priv\u00e9e et douce, ce forfait tout compris vous offre le Belize tel qu&#8217;il est et l&#8217;a toujours \u00e9t\u00e9 \u2014 authentique et direct. Partez \u00e0 l&#8217;aventure et d\u00e9couvrez la culture dans la jungle, et d\u00e9tendez-vous sous la douce lueur du soleil, avec le forfait The Rainforest Lodge at Sleeping Giant et Ray Caye Private Island Resort. <\/div><\/div>\t\t\t\t\t\t\t\t<\/div>\n\t\t\t\t<\/div>\n\t\t\t\t<div class=\"elementor-element elementor-element-39c6e114 elementor-widget elementor-widget-heading\" data-id=\"39c6e114\" data-element_type=\"widget\" data-e-type=\"widget\" data-widget_type=\"heading.default\">\n\t\t\t\t<div class=\"elementor-widget-container\">\n\t\t\t\t\t<h2 class=\"elementor-heading-title elementor-size-default\">Inclus dans cette exp\u00e9rience :<\/h2>\t\t\t\t<\/div>\n\t\t\t\t<\/div>\n\t\t\t\t<div class=\"elementor-element elementor-element-18467446 elementor-widget elementor-widget-text-editor\" data-id=\"18467446\" data-element_type=\"widget\" data-e-type=\"widget\" data-widget_type=\"text-editor.default\">\n\t\t\t\t<div class=\"elementor-widget-container\">\n\t\t\t\t\t\t\t\t\t<p><strong>The Rainforest Lodge at Sleeping Giant :<\/strong><\/p><ul><li>Transfert de l&#8217;a\u00e9roport international \u00e0 The Rainforest Lodge at Sleeping Giant.<\/li><li>Trois (3) nuits dans un cottage de luxe au bord du ruisseau ou une suite avec vue sur la rivi\u00e8re (selon disponibilit\u00e9).<\/li><li>Petit-d\u00e9jeuner, d\u00e9jeuner, d\u00eener pour 2 personnes, le d\u00eener \u00e9tant servi au restaurant prim\u00e9 Grove House ou \u00e0 la pizzeria Don Tonitio\u2019s.<\/li><li>Visite des ruines mayas de Xunantunich.<\/li><li>Visite de la grotte c\u00e9r\u00e9monielle maya.<\/li><li>Massage aromath\u00e9rapie pour deux (1 heure).<\/li><li>Transfert de Sleeping Giant Rainforest Lodge \u00e0 la piste d&#8217;atterrissage de Placencia.<\/li><li>Toutes taxes comprises.<\/li><\/ul><p><strong>Ray Caye Island Resort :<\/strong><\/p><div class=\"elementor-element elementor-element-b246a24 elementor-widget elementor-widget-text-editor\" data-id=\"b246a24\" data-element_type=\"widget\" data-widget_type=\"text-editor.default\"><div class=\"elementor-widget-container\"><ul><li>Transfert terrestre vers la piste d&#8217;atterrissage de Placencia.<\/li><li>Transfert en bateau vers l&#8217;\u00eele (aller-retour).<\/li><li>Quatre (4) nuits dans une cabane en bord de mer.<\/li><li>Tous les repas (petit-d\u00e9jeuner, d\u00e9jeuner et un d\u00eener \u00e0 3 plats), \u00e0 l&#8217;exception des boissons, sauf le caf\u00e9\/th\u00e9 du matin et l&#8217;eau de table.<\/li><li>Une (1) excursion de plong\u00e9e avec tuba au site des tortues, incluant les frais du parc marin.<\/li><li>Toutes taxes comprises.<\/li><\/ul><\/div><\/div>\t\t\t\t\t\t\t\t<\/div>\n\t\t\t\t<\/div>\n\t\t\t\t<div class=\"elementor-element elementor-element-27ab0ec6 elementor-widget elementor-widget-heading\" data-id=\"27ab0ec6\" data-element_type=\"widget\" data-e-type=\"widget\" data-widget_type=\"heading.default\">\n\t\t\t\t<div class=\"elementor-widget-container\">\n\t\t\t\t\t<h2 class=\"elementor-heading-title elementor-size-default\">\u00c0 PARTIR DE 6 200,00 $ US<\/h2>\t\t\t\t<\/div>\n\t\t\t\t<\/div>\n\t\t\t\t<div class=\"elementor-element elementor-element-4574301b elementor-widget elementor-widget-text-editor\" data-id=\"4574301b\" data-element_type=\"widget\" data-e-type=\"widget\" data-widget_type=\"text-editor.default\">\n\t\t\t\t<div class=\"elementor-widget-container\">\n\t\t\t\t\t\t\t\t\t<div class=\"elementor-element elementor-element-3fd73d8 elementor-widget elementor-widget-text-editor\" data-id=\"3fd73d8\" data-element_type=\"widget\" data-widget_type=\"text-editor.default\"><div class=\"elementor-widget-container\"><ul><li>Le prix du forfait est bas\u00e9 sur 2 personnes.<\/li><\/ul><\/div><\/div>\t\t\t\t\t\t\t\t<\/div>\n\t\t\t\t<\/div>\n\t\t<div class=\"elementor-element elementor-element-ae4e8f5 e-grid e-con-full e-con e-child\" data-id=\"ae4e8f5\" data-element_type=\"container\" data-e-type=\"container\">\n\t\t\t\t<div class=\"elementor-element elementor-element-252d3bfb elementor-align-left elementor-widget elementor-widget-button\" data-id=\"252d3bfb\" data-element_type=\"widget\" data-e-type=\"widget\" data-widget_type=\"button.default\">\n\t\t\t\t<div class=\"elementor-widget-container\">\n\t\t\t\t\t\t\t\t\t<div class=\"elementor-button-wrapper\">\n\t\t\t\t\t<a class=\"elementor-button elementor-button-link elementor-size-sm\" href=\"https:\/\/thebelizecollection.com\/fr\/contactez-nous\/\">\n\t\t\t\t\t\t<span class=\"elementor-button-content-wrapper\">\n\t\t\t\t\t\t\t\t\t<span class=\"elementor-button-text\">CONTACTEZ-NOUS<\/span>\n\t\t\t\t\t<\/span>\n\t\t\t\t\t<\/a>\n\t\t\t\t<\/div>\n\t\t\t\t\t\t\t\t<\/div>\n\t\t\t\t<\/div>\n\t\t\t\t<div class=\"elementor-element elementor-element-8dac967 elementor-align-left elementor-widget elementor-widget-button\" data-id=\"8dac967\" data-element_type=\"widget\" data-e-type=\"widget\" data-widget_type=\"button.default\">\n\t\t\t\t<div class=\"elementor-widget-container\">\n\t\t\t\t\t\t\t\t\t<div class=\"elementor-button-wrapper\">\n\t\t\t\t\t<a class=\"elementor-button elementor-button-link elementor-size-sm\" href=\"https:\/\/thebelizecollection.com\/fr\/forfaits-vacances\/\">\n\t\t\t\t\t\t<span class=\"elementor-button-content-wrapper\">\n\t\t\t\t\t\t<span class=\"elementor-button-icon\">\n\t\t\t\t<svg aria-hidden=\"true\" class=\"e-font-icon-svg e-fas-arrow-left\" viewBox=\"0 0 448 512\" xmlns=\"http:\/\/www.w3.org\/2000\/svg\"><path d=\"M257.5 445.1l-22.2 22.2c-9.4 9.4-24.6 9.4-33.9 0L7 273c-9.4-9.4-9.4-24.6 0-33.9L201.4 44.7c9.4-9.4 24.6-9.4 33.9 0l22.2 22.2c9.5 9.5 9.3 25-.4 34.3L136.6 216H424c13.3 0 24 10.7 24 24v32c0 13.3-10.7 24-24 24H136.6l120.5 114.8c9.8 9.3 10 24.8.4 34.3z\"><\/path><\/svg>\t\t\t<\/span>\n\t\t\t\t\t\t\t\t\t<span class=\"elementor-button-text\">VOIR LES FORFAITS VACANCES<\/span>\n\t\t\t\t\t<\/span>\n\t\t\t\t\t<\/a>\n\t\t\t\t<\/div>\n\t\t\t\t\t\t\t\t<\/div>\n\t\t\t\t<\/div>\n\t\t\t\t<\/div>\n\t\t\t\t<\/div>\n\t\t\t\t\t<\/div>\n\t\t\t\t<\/div>\n\t\t<div class=\"elementor-element elementor-element-46d472af e-flex e-con-boxed e-con e-parent\" data-id=\"46d472af\" data-element_type=\"container\" data-e-type=\"container\">\n\t\t\t\t\t<div class=\"e-con-inner\">\n\t\t\t\t<div class=\"elementor-element elementor-element-7832408b elementor-widget elementor-widget-spacer\" data-id=\"7832408b\" data-element_type=\"widget\" data-e-type=\"widget\" data-widget_type=\"spacer.default\">\n\t\t\t\t<div class=\"elementor-widget-container\">\n\t\t\t\t\t\t\t<div class=\"elementor-spacer\">\n\t\t\t<div class=\"elementor-spacer-inner\"><\/div>\n\t\t<\/div>\n\t\t\t\t\t\t<\/div>\n\t\t\t\t<\/div>\n\t\t\t\t\t<\/div>\n\t\t\t\t<\/div>\n\t\t\t\t<\/div>\n\t\t","protected":false},"excerpt":{"rendered":"<p>S\u00e9jour dans la jungle tropicale et sur une \u00eele priv\u00e9e au Belize R\u00e9servez votre exp\u00e9rience tropicale ultime avec nous. Du vert luxuriant de la for\u00eat tropicale \u00e0 la vibrante effervescence d&#8217;une \u00eele priv\u00e9e et douce, ce forfait tout compris vous offre le Belize tel qu&#8217;il est et l&#8217;a toujours \u00e9t\u00e9 \u2014 authentique et direct. Partez [&hellip;]<\/p>\n","protected":false},"author":2,"featured_media":0,"parent":74303,"menu_order":0,"comment_status":"closed","ping_status":"closed","template":"page-full-width.php","meta":{"_acf_changed":false,"_vp_format_video_url":"","_vp_image_focal_point":[],"footnotes":""},"categories":[],"tags":[],"class_list":["post-72350","page","type-page","status-publish","hentry"],"acf":[],"yoast_head":"<!-- This site is optimized with the Yoast SEO plugin v27.5 - https:\/\/yoast.com\/product\/yoast-seo-wordpress\/ -->\n<title>S\u00e9jour dans la jungle tropicale et sur une \u00eele priv\u00e9e au Belize - The Belize Collection<\/title>\n<meta name=\"robots\" content=\"index, follow, max-snippet:-1, max-image-preview:large, max-video-preview:-1\" \/>\n<link rel=\"canonical\" href=\"https:\/\/thebelizecollection.com\/fr\/forfaits-vacances\/sejour-dans-la-jungle-tropicale-et-sur-une-ile-privee-au-belize\/\" \/>\n<meta property=\"og:locale\" content=\"fr_FR\" \/>\n<meta property=\"og:type\" content=\"article\" \/>\n<meta property=\"og:title\" content=\"S\u00e9jour dans la jungle tropicale et sur une \u00eele priv\u00e9e au Belize - The Belize Collection\" \/>\n<meta property=\"og:description\" content=\"S\u00e9jour dans la jungle tropicale et sur une \u00eele priv\u00e9e au Belize R\u00e9servez votre exp\u00e9rience tropicale ultime avec nous. Du vert luxuriant de la for\u00eat tropicale \u00e0 la vibrante effervescence d&#8217;une \u00eele priv\u00e9e et douce, ce forfait tout compris vous offre le Belize tel qu&#8217;il est et l&#8217;a toujours \u00e9t\u00e9 \u2014 authentique et direct. Partez [&hellip;]\" \/>\n<meta property=\"og:url\" content=\"https:\/\/thebelizecollection.com\/fr\/forfaits-vacances\/sejour-dans-la-jungle-tropicale-et-sur-une-ile-privee-au-belize\/\" \/>\n<meta property=\"og:site_name\" content=\"The Belize Collection\" \/>\n<meta property=\"article:modified_time\" content=\"2026-04-22T02:21:31+00:00\" \/>\n<meta name=\"twitter:card\" content=\"summary_large_image\" \/>\n<meta name=\"twitter:label1\" content=\"Dur\u00e9e de lecture estim\u00e9e\" \/>\n\t<meta name=\"twitter:data1\" content=\"1 minute\" \/>\n<script type=\"application\/ld+json\" class=\"yoast-schema-graph\">{\"@context\":\"https:\\\/\\\/schema.org\",\"@graph\":[{\"@type\":\"WebPage\",\"@id\":\"https:\\\/\\\/thebelizecollection.com\\\/fr\\\/forfaits-vacances\\\/sejour-dans-la-jungle-tropicale-et-sur-une-ile-privee-au-belize\\\/\",\"url\":\"https:\\\/\\\/thebelizecollection.com\\\/fr\\\/forfaits-vacances\\\/sejour-dans-la-jungle-tropicale-et-sur-une-ile-privee-au-belize\\\/\",\"name\":\"S\u00e9jour dans la jungle tropicale et sur une \u00eele priv\u00e9e au Belize - The Belize Collection\",\"isPartOf\":{\"@id\":\"https:\\\/\\\/thebelizecollection.com\\\/fr\\\/#website\"},\"datePublished\":\"2025-05-12T21:13:39+00:00\",\"dateModified\":\"2026-04-22T02:21:31+00:00\",\"breadcrumb\":{\"@id\":\"https:\\\/\\\/thebelizecollection.com\\\/fr\\\/forfaits-vacances\\\/sejour-dans-la-jungle-tropicale-et-sur-une-ile-privee-au-belize\\\/#breadcrumb\"},\"inLanguage\":\"fr-FR\",\"potentialAction\":[{\"@type\":\"ReadAction\",\"target\":[\"https:\\\/\\\/thebelizecollection.com\\\/fr\\\/forfaits-vacances\\\/sejour-dans-la-jungle-tropicale-et-sur-une-ile-privee-au-belize\\\/\"]}]},{\"@type\":\"BreadcrumbList\",\"@id\":\"https:\\\/\\\/thebelizecollection.com\\\/fr\\\/forfaits-vacances\\\/sejour-dans-la-jungle-tropicale-et-sur-une-ile-privee-au-belize\\\/#breadcrumb\",\"itemListElement\":[{\"@type\":\"ListItem\",\"position\":1,\"name\":\"Home\",\"item\":\"https:\\\/\\\/thebelizecollection.com\\\/fr\\\/the-belize-collection-2\\\/\"},{\"@type\":\"ListItem\",\"position\":2,\"name\":\"Forfaits Vacances\",\"item\":\"https:\\\/\\\/thebelizecollection.com\\\/fr\\\/forfaits-vacances\\\/\"},{\"@type\":\"ListItem\",\"position\":3,\"name\":\"S\u00e9jour dans la jungle tropicale et sur une \u00eele priv\u00e9e au Belize\"}]},{\"@type\":\"WebSite\",\"@id\":\"https:\\\/\\\/thebelizecollection.com\\\/fr\\\/#website\",\"url\":\"https:\\\/\\\/thebelizecollection.com\\\/fr\\\/\",\"name\":\"The Belize Collection\",\"description\":\"Everything Belize\",\"potentialAction\":[{\"@type\":\"SearchAction\",\"target\":{\"@type\":\"EntryPoint\",\"urlTemplate\":\"https:\\\/\\\/thebelizecollection.com\\\/fr\\\/?s={search_term_string}\"},\"query-input\":{\"@type\":\"PropertyValueSpecification\",\"valueRequired\":true,\"valueName\":\"search_term_string\"}}],\"inLanguage\":\"fr-FR\"}]}<\/script>\n<!-- \/ Yoast SEO plugin. -->","yoast_head_json":{"title":"S\u00e9jour dans la jungle tropicale et sur une \u00eele priv\u00e9e au Belize - The Belize Collection","robots":{"index":"index","follow":"follow","max-snippet":"max-snippet:-1","max-image-preview":"max-image-preview:large","max-video-preview":"max-video-preview:-1"},"canonical":"https:\/\/thebelizecollection.com\/fr\/forfaits-vacances\/sejour-dans-la-jungle-tropicale-et-sur-une-ile-privee-au-belize\/","og_locale":"fr_FR","og_type":"article","og_title":"S\u00e9jour dans la jungle tropicale et sur une \u00eele priv\u00e9e au Belize - The Belize Collection","og_description":"S\u00e9jour dans la jungle tropicale et sur une \u00eele priv\u00e9e au Belize R\u00e9servez votre exp\u00e9rience tropicale ultime avec nous. Du vert luxuriant de la for\u00eat tropicale \u00e0 la vibrante effervescence d&#8217;une \u00eele priv\u00e9e et douce, ce forfait tout compris vous offre le Belize tel qu&#8217;il est et l&#8217;a toujours \u00e9t\u00e9 \u2014 authentique et direct. Partez [&hellip;]","og_url":"https:\/\/thebelizecollection.com\/fr\/forfaits-vacances\/sejour-dans-la-jungle-tropicale-et-sur-une-ile-privee-au-belize\/","og_site_name":"The Belize Collection","article_modified_time":"2026-04-22T02:21:31+00:00","twitter_card":"summary_large_image","twitter_misc":{"Dur\u00e9e de lecture estim\u00e9e":"1 minute"},"schema":{"@context":"https:\/\/schema.org","@graph":[{"@type":"WebPage","@id":"https:\/\/thebelizecollection.com\/fr\/forfaits-vacances\/sejour-dans-la-jungle-tropicale-et-sur-une-ile-privee-au-belize\/","url":"https:\/\/thebelizecollection.com\/fr\/forfaits-vacances\/sejour-dans-la-jungle-tropicale-et-sur-une-ile-privee-au-belize\/","name":"S\u00e9jour dans la jungle tropicale et sur une \u00eele priv\u00e9e au Belize - The Belize Collection","isPartOf":{"@id":"https:\/\/thebelizecollection.com\/fr\/#website"},"datePublished":"2025-05-12T21:13:39+00:00","dateModified":"2026-04-22T02:21:31+00:00","breadcrumb":{"@id":"https:\/\/thebelizecollection.com\/fr\/forfaits-vacances\/sejour-dans-la-jungle-tropicale-et-sur-une-ile-privee-au-belize\/#breadcrumb"},"inLanguage":"fr-FR","potentialAction":[{"@type":"ReadAction","target":["https:\/\/thebelizecollection.com\/fr\/forfaits-vacances\/sejour-dans-la-jungle-tropicale-et-sur-une-ile-privee-au-belize\/"]}]},{"@type":"BreadcrumbList","@id":"https:\/\/thebelizecollection.com\/fr\/forfaits-vacances\/sejour-dans-la-jungle-tropicale-et-sur-une-ile-privee-au-belize\/#breadcrumb","itemListElement":[{"@type":"ListItem","position":1,"name":"Home","item":"https:\/\/thebelizecollection.com\/fr\/the-belize-collection-2\/"},{"@type":"ListItem","position":2,"name":"Forfaits Vacances","item":"https:\/\/thebelizecollection.com\/fr\/forfaits-vacances\/"},{"@type":"ListItem","position":3,"name":"S\u00e9jour dans la jungle tropicale et sur une \u00eele priv\u00e9e au Belize"}]},{"@type":"WebSite","@id":"https:\/\/thebelizecollection.com\/fr\/#website","url":"https:\/\/thebelizecollection.com\/fr\/","name":"The Belize Collection","description":"Everything Belize","potentialAction":[{"@type":"SearchAction","target":{"@type":"EntryPoint","urlTemplate":"https:\/\/thebelizecollection.com\/fr\/?s={search_term_string}"},"query-input":{"@type":"PropertyValueSpecification","valueRequired":true,"valueName":"search_term_string"}}],"inLanguage":"fr-FR"}]}},"jetpack_sharing_enabled":true,"_links":{"self":[{"href":"https:\/\/thebelizecollection.com\/fr\/wp-json\/wp\/v2\/pages\/72350","targetHints":{"allow":["GET"]}}],"collection":[{"href":"https:\/\/thebelizecollection.com\/fr\/wp-json\/wp\/v2\/pages"}],"about":[{"href":"https:\/\/thebelizecollection.com\/fr\/wp-json\/wp\/v2\/types\/page"}],"author":[{"embeddable":true,"href":"https:\/\/thebelizecollection.com\/fr\/wp-json\/wp\/v2\/users\/2"}],"replies":[{"embeddable":true,"href":"https:\/\/thebelizecollection.com\/fr\/wp-json\/wp\/v2\/comments?post=72350"}],"version-history":[{"count":2,"href":"https:\/\/thebelizecollection.com\/fr\/wp-json\/wp\/v2\/pages\/72350\/revisions"}],"predecessor-version":[{"id":72365,"href":"https:\/\/thebelizecollection.com\/fr\/wp-json\/wp\/v2\/pages\/72350\/revisions\/72365"}],"up":[{"embeddable":true,"href":"https:\/\/thebelizecollection.com\/fr\/wp-json\/wp\/v2\/pages\/74303"}],"wp:attachment":[{"href":"https:\/\/thebelizecollection.com\/fr\/wp-json\/wp\/v2\/media?parent=72350"}],"wp:term":[{"taxonomy":"category","embeddable":true,"href":"https:\/\/thebelizecollection.com\/fr\/wp-json\/wp\/v2\/categories?post=72350"},{"taxonomy":"post_tag","embeddable":true,"href":"https:\/\/thebelizecollection.com\/fr\/wp-json\/wp\/v2\/tags?post=72350"}],"curies":[{"name":"wp","href":"https:\/\/api.w.org\/{rel}","templated":true}]}}