{"id":72429,"date":"2025-06-05T13:57:41","date_gmt":"2025-06-05T19:57:41","guid":{"rendered":"https:\/\/thebelizecollection.com\/aventure-de-descente-en-bouee-sur-la-riviere-de-la-reserve-de-jaguars\/"},"modified":"2026-04-07T10:40:46","modified_gmt":"2026-04-07T16:40:46","slug":"aventure-de-descente-en-bouee-sur-la-riviere-de-la-reserve-de-jaguars","status":"publish","type":"page","link":"https:\/\/thebelizecollection.com\/fr\/aventure-de-descente-en-bouee-sur-la-riviere-de-la-reserve-de-jaguars\/","title":{"rendered":"Aventure de descente en bou\u00e9e sur la rivi\u00e8re de la R\u00e9serve de jaguars"},"content":{"rendered":"\t\t<div data-elementor-type=\"wp-page\" data-elementor-id=\"72429\" class=\"elementor elementor-72429 elementor-59663\" data-elementor-post-type=\"page\">\n\t\t\t\t<div class=\"elementor-element elementor-element-b87fb4f e-con-full elementor-hidden-mobile e-flex e-con e-parent\" data-id=\"b87fb4f\" data-element_type=\"container\" data-e-type=\"container\" data-settings=\"{&quot;background_background&quot;:&quot;classic&quot;}\">\n\t\t\t\t<\/div>\n\t\t<div class=\"elementor-element elementor-element-a45ad32 e-flex e-con-boxed e-con e-parent\" data-id=\"a45ad32\" data-element_type=\"container\" data-e-type=\"container\">\n\t\t\t\t\t<div class=\"e-con-inner\">\n\t\t<div class=\"elementor-element elementor-element-02a8bb7 e-con-full e-flex e-con e-child\" data-id=\"02a8bb7\" data-element_type=\"container\" data-e-type=\"container\">\n\t\t\t\t<div class=\"elementor-element elementor-element-2543e70 elementor-widget elementor-widget-heading\" data-id=\"2543e70\" data-element_type=\"widget\" data-e-type=\"widget\" data-widget_type=\"heading.default\">\n\t\t\t\t<div class=\"elementor-widget-container\">\n\t\t\t\t\t<h1 class=\"elementor-heading-title elementor-size-default\">Aventure de descente en bou\u00e9e sur la rivi\u00e8re de la R\u00e9serve de jaguars<\/h1>\t\t\t\t<\/div>\n\t\t\t\t<\/div>\n\t\t\t\t<div class=\"elementor-element elementor-element-43aa9ec elementor-widget elementor-widget-heading\" data-id=\"43aa9ec\" data-element_type=\"widget\" data-e-type=\"widget\" data-widget_type=\"heading.default\">\n\t\t\t\t<div class=\"elementor-widget-container\">\n\t\t\t\t\t<h3 class=\"elementor-heading-title elementor-size-default\">D\u00e9part de Hopkins<\/h3>\t\t\t\t<\/div>\n\t\t\t\t<\/div>\n\t\t\t\t<div class=\"elementor-element elementor-element-1bf83ef elementor-widget elementor-widget-text-editor\" data-id=\"1bf83ef\" data-element_type=\"widget\" data-e-type=\"widget\" data-widget_type=\"text-editor.default\">\n\t\t\t\t<div class=\"elementor-widget-container\">\n\t\t\t\t\t\t\t\t\t<div class=\"elementor-element elementor-element-3fd73d8 elementor-widget elementor-widget-text-editor\" data-id=\"3fd73d8\" data-element_type=\"widget\" data-widget_type=\"text-editor.default\"><div class=\"elementor-widget-container\">Cette excursion vous emm\u00e8ne dans la for\u00eat tropicale de la R\u00e9serve de jaguars. \u00c9tant donn\u00e9 que cette excursion<br>a lieu pendant la journ\u00e9e, vous pourriez apercevoir des traces de jaguars, mais il est peu probable que vous voyiez les jaguars nocturnes. Vous r\u00e9cup\u00e9rerez vos bou\u00e9es et commencerez une randonn\u00e9e dans la jungle d\u2019une dur\u00e9e d\u2019environ 15 \u00e0 20 minutes. De l\u00e0, vous<br>flotterez sur des bou\u00e9es le long de la rivi\u00e8re South Stann Creek. La rivi\u00e8re est peu profonde et sereine. La v\u00e9g\u00e9tation le long de la rivi\u00e8re est magnifique tandis que vous flottez paisiblement parmi les oiseaux et le feuillage. Apr\u00e8s environ 45 minutes, vous retournerez au point de d\u00e9part en randonn\u00e9e.      <\/div><\/div>\t\t\t\t\t\t\t\t<\/div>\n\t\t\t\t<\/div>\n\t\t\t\t<div class=\"elementor-element elementor-element-9486e99 elementor-widget elementor-widget-text-editor\" data-id=\"9486e99\" data-element_type=\"widget\" data-e-type=\"widget\" data-widget_type=\"text-editor.default\">\n\t\t\t\t<div class=\"elementor-widget-container\">\n\t\t\t\t\t\t\t\t\t\n<table id=\"tablepress-80\" class=\"tablepress tablepress-id-80 tbody-has-connected-cells\">\n<tbody class=\"row-striping row-hover\">\n<tr class=\"row-1\">\n\t<td class=\"column-1\"><b>Recommended:<\/b><\/td><td class=\"column-2\">Adults &amp; Children 12+<\/td>\n<\/tr>\n<tr class=\"row-2\">\n\t<td class=\"column-1\"><b>Prices starting at:<\/b><\/td><td class=\"column-2\">$75 USD per person<\/td>\n<\/tr>\n<tr class=\"row-3\">\n\t<td class=\"column-1\"><b>Min Persons:<\/b><\/td><td class=\"column-2\">4<\/td>\n<\/tr>\n<tr class=\"row-4\">\n\t<td class=\"column-1\"><b>Available:<\/b><\/td><td class=\"column-2\">Everyday<\/td>\n<\/tr>\n<tr class=\"row-5\">\n\t<td class=\"column-1\"><b>Duration:<\/b><\/td><td class=\"column-2\">3 Hrs 30 Mins<\/td>\n<\/tr>\n<tr class=\"row-6\">\n\t<td class=\"column-1\"><b>Departs:<\/b><\/td><td class=\"column-2\">8:30 a.m.<\/td>\n<\/tr>\n<tr class=\"row-7\">\n\t<td class=\"column-1\"><b>Returns:<\/b><\/td><td class=\"column-2\">12:00 p.m.<\/td>\n<\/tr>\n<tr class=\"row-8\">\n\t<td class=\"column-1\"><b>Intensity<\/b><\/td><td class=\"column-2\">Easy<\/td>\n<\/tr>\n<tr class=\"row-9\">\n\t<td class=\"column-1\"><b>Meals:<\/b><\/td><td class=\"column-2\">Not included<\/td>\n<\/tr>\n<tr class=\"row-10\">\n\t<td class=\"column-1\"><b>Bring Along:<\/b><\/td><td class=\"column-2\">Repellant, comfortable clothing, hat, water bottle, hiking boots or trail sneakers<\/td>\n<\/tr>\n<tr class=\"row-11\">\n\t<td colspan=\"2\" class=\"column-1\"><small><center>All tours are subject to 12.5% General Sales Tax and 10% Resort Fee<\/center><\/small><\/td>\n<\/tr>\n<\/tbody>\n<\/table>\n<!-- #tablepress-80 from cache -->\t\t\t\t\t\t\t\t<\/div>\n\t\t\t\t<\/div>\n\t\t\t\t<\/div>\n\t\t<div class=\"elementor-element elementor-element-bcf7226 e-con-full e-flex e-con e-child\" data-id=\"bcf7226\" data-element_type=\"container\" data-e-type=\"container\">\n\t\t\t\t<div class=\"elementor-element elementor-element-5aa6d6e elementor-widget elementor-widget-spacer\" data-id=\"5aa6d6e\" data-element_type=\"widget\" data-e-type=\"widget\" data-widget_type=\"spacer.default\">\n\t\t\t\t<div class=\"elementor-widget-container\">\n\t\t\t\t\t\t\t<div class=\"elementor-spacer\">\n\t\t\t<div class=\"elementor-spacer-inner\"><\/div>\n\t\t<\/div>\n\t\t\t\t\t\t<\/div>\n\t\t\t\t<\/div>\n\t\t\t\t<div class=\"elementor-element elementor-element-0598c9c elementor-widget elementor-widget-heading\" data-id=\"0598c9c\" data-element_type=\"widget\" data-e-type=\"widget\" data-widget_type=\"heading.default\">\n\t\t\t\t<div class=\"elementor-widget-container\">\n\t\t\t\t\t<h2 class=\"elementor-heading-title elementor-size-default\">Allons-y !<\/h2>\t\t\t\t<\/div>\n\t\t\t\t<\/div>\n\t\t\t\t<div class=\"elementor-element elementor-element-aefb01e elementor-button-align-stretch elementor-widget elementor-widget-form\" data-id=\"aefb01e\" data-element_type=\"widget\" data-e-type=\"widget\" data-settings=\"{&quot;step_next_label&quot;:&quot;Suivant&quot;,&quot;step_previous_label&quot;:&quot;Pr\\u00e9c\\u00e9dent&quot;,&quot;button_width&quot;:&quot;100&quot;,&quot;step_type&quot;:&quot;number_text&quot;,&quot;step_icon_shape&quot;:&quot;circle&quot;}\" data-widget_type=\"form.default\">\n\t\t\t\t<div class=\"elementor-widget-container\">\n\t\t\t\t\t\t\t<form class=\"elementor-form\" method=\"post\" name=\"Nouveau formulaire\" aria-label=\"Nouveau formulaire\">\n\t\t\t<input type=\"hidden\" name=\"post_id\" value=\"72429\"\/>\n\t\t\t<input type=\"hidden\" name=\"form_id\" value=\"aefb01e\"\/>\n\t\t\t<input type=\"hidden\" name=\"referer_title\" value=\"Aventure de descente en bou\u00e9e sur la rivi\u00e8re de la R\u00e9serve de jaguars - The Belize Collection\" \/>\n\n\t\t\t\t\t\t\t<input type=\"hidden\" name=\"queried_id\" value=\"72429\"\/>\n\t\t\t\n\t\t\t<div class=\"elementor-form-fields-wrapper elementor-labels-above\">\n\t\t\t\t\t\t\t\t<div class=\"elementor-field-type-text elementor-field-group elementor-column elementor-field-group-name elementor-col-50 elementor-field-required elementor-mark-required\">\n\t\t\t\t\t\t\t\t\t\t\t\t<label for=\"form-field-name\" class=\"elementor-field-label\">\n\t\t\t\t\t\t\t\tPr\u00e9nom\t\t\t\t\t\t\t<\/label>\n\t\t\t\t\t\t\t\t\t\t\t\t\t\t<input size=\"1\" type=\"text\" name=\"form_fields[name]\" id=\"form-field-name\" class=\"elementor-field elementor-size-sm  elementor-field-textual\" required=\"required\">\n\t\t\t\t\t\t\t\t\t\t\t<\/div>\n\t\t\t\t\t\t\t\t<div class=\"elementor-field-type-text elementor-field-group elementor-column elementor-field-group-field_18a1f36 elementor-col-50 elementor-field-required elementor-mark-required\">\n\t\t\t\t\t\t\t\t\t\t\t\t<label for=\"form-field-field_18a1f36\" class=\"elementor-field-label\">\n\t\t\t\t\t\t\t\tNom de famille\t\t\t\t\t\t\t<\/label>\n\t\t\t\t\t\t\t\t\t\t\t\t\t\t<input size=\"1\" type=\"text\" name=\"form_fields[field_18a1f36]\" id=\"form-field-field_18a1f36\" class=\"elementor-field elementor-size-sm  elementor-field-textual\" required=\"required\">\n\t\t\t\t\t\t\t\t\t\t\t<\/div>\n\t\t\t\t\t\t\t\t<div class=\"elementor-field-type-email elementor-field-group elementor-column elementor-field-group-email elementor-col-50 elementor-field-required elementor-mark-required\">\n\t\t\t\t\t\t\t\t\t\t\t\t<label for=\"form-field-email\" class=\"elementor-field-label\">\n\t\t\t\t\t\t\t\tE-mail\t\t\t\t\t\t\t<\/label>\n\t\t\t\t\t\t\t\t\t\t\t\t\t\t<input size=\"1\" type=\"email\" name=\"form_fields[email]\" id=\"form-field-email\" class=\"elementor-field elementor-size-sm  elementor-field-textual\" required=\"required\">\n\t\t\t\t\t\t\t\t\t\t\t<\/div>\n\t\t\t\t\t\t\t\t<div class=\"elementor-field-type-tel elementor-field-group elementor-column elementor-field-group-field_ce2fed0 elementor-col-50\">\n\t\t\t\t\t\t\t\t\t\t\t\t<label for=\"form-field-field_ce2fed0\" class=\"elementor-field-label\">\n\t\t\t\t\t\t\t\tT\u00e9l\u00e9phone\t\t\t\t\t\t\t<\/label>\n\t\t\t\t\t\t\t\t<input size=\"1\" type=\"tel\" name=\"form_fields[field_ce2fed0]\" id=\"form-field-field_ce2fed0\" class=\"elementor-field elementor-size-sm  elementor-field-textual\" pattern=\"[0-9()#&amp;+*-=.]+\" title=\"Seuls les caract\u00e8res de num\u00e9ros de t\u00e9l\u00e9phone (#, -, *, etc.) sont accept\u00e9s.\">\n\n\t\t\t\t\t\t<\/div>\n\t\t\t\t\t\t\t\t<div class=\"elementor-field-type-text elementor-field-group elementor-column elementor-field-group-field_648d8d3 elementor-col-100 elementor-field-required elementor-mark-required\">\n\t\t\t\t\t\t\t\t\t\t\t\t<label for=\"form-field-field_648d8d3\" class=\"elementor-field-label\">\n\t\t\t\t\t\t\t\t\u00c0 quelle excursion \u00eates-vous int\u00e9ress\u00e9(e) ?\t\t\t\t\t\t\t<\/label>\n\t\t\t\t\t\t\t\t\t\t\t\t\t\t<input size=\"1\" type=\"text\" name=\"form_fields[field_648d8d3]\" id=\"form-field-field_648d8d3\" class=\"elementor-field elementor-size-sm  elementor-field-textual\" placeholder=\" Aventure de descente en bou\u00e9e sur la rivi\u00e8re de la R\u00e9serve de jaguars\" required=\"required\">\n\t\t\t\t\t\t\t\t\t\t\t<\/div>\n\t\t\t\t\t\t\t\t<div class=\"elementor-field-type-date elementor-field-group elementor-column elementor-field-group-field_7e96a82 elementor-col-33 elementor-field-required elementor-mark-required\">\n\t\t\t\t\t\t\t\t\t\t\t\t<label for=\"form-field-field_7e96a82\" class=\"elementor-field-label\">\n\t\t\t\t\t\t\t\tDate\t\t\t\t\t\t\t<\/label>\n\t\t\t\t\t\t\n\t\t<input type=\"date\" name=\"form_fields[field_7e96a82]\" id=\"form-field-field_7e96a82\" class=\"elementor-field elementor-size-sm  elementor-field-textual elementor-date-field\" required=\"required\" pattern=\"[0-9]{4}-[0-9]{2}-[0-9]{2}\">\n\t\t\t\t\t\t<\/div>\n\t\t\t\t\t\t\t\t<div class=\"elementor-field-type-number elementor-field-group elementor-column elementor-field-group-field_a30da8f elementor-col-33 elementor-field-required elementor-mark-required\">\n\t\t\t\t\t\t\t\t\t\t\t\t<label for=\"form-field-field_a30da8f\" class=\"elementor-field-label\">\n\t\t\t\t\t\t\t\tNombre d\u2019adultes\t\t\t\t\t\t\t<\/label>\n\t\t\t\t\t\t\t\t\t<input type=\"number\" name=\"form_fields[field_a30da8f]\" id=\"form-field-field_a30da8f\" class=\"elementor-field elementor-size-sm  elementor-field-textual\" required=\"required\" min=\"\" max=\"\" >\n\t\t\t\t\t\t<\/div>\n\t\t\t\t\t\t\t\t<div class=\"elementor-field-type-number elementor-field-group elementor-column elementor-field-group-field_e653c70 elementor-col-33 elementor-field-required elementor-mark-required\">\n\t\t\t\t\t\t\t\t\t\t\t\t<label for=\"form-field-field_e653c70\" class=\"elementor-field-label\">\n\t\t\t\t\t\t\t\tNombre d\u2019enfants\t\t\t\t\t\t\t<\/label>\n\t\t\t\t\t\t\t\t\t<input type=\"number\" name=\"form_fields[field_e653c70]\" id=\"form-field-field_e653c70\" class=\"elementor-field elementor-size-sm  elementor-field-textual\" required=\"required\" min=\"\" max=\"\" >\n\t\t\t\t\t\t<\/div>\n\t\t\t\t\t\t\t\t<div class=\"elementor-field-type-textarea elementor-field-group elementor-column elementor-field-group-message elementor-col-100\">\n\t\t\t\t\t\t\t\t\t\t\t\t<label for=\"form-field-message\" class=\"elementor-field-label\">\n\t\t\t\t\t\t\t\tMessage\t\t\t\t\t\t\t<\/label>\n\t\t\t\t\t\t<textarea class=\"elementor-field-textual elementor-field  elementor-size-sm\" name=\"form_fields[message]\" id=\"form-field-message\" rows=\"8\" placeholder=\"Y a-t-il autre chose que vous aimeriez nous dire \/ nous demander ?\"><\/textarea>\t\t\t\t<\/div>\n\t\t\t\t\t\t\t\t<div class=\"elementor-field-group elementor-column elementor-field-type-submit elementor-col-100 e-form__buttons\">\n\t\t\t\t\t<button class=\"elementor-button elementor-size-md\" type=\"submit\">\n\t\t\t\t\t\t<span class=\"elementor-button-content-wrapper\">\n\t\t\t\t\t\t\t\t\t\t\t\t\t\t\t\t\t\t\t\t\t\t<span class=\"elementor-button-text\">Envoyer<\/span>\n\t\t\t\t\t\t\t\t\t\t\t\t\t<\/span>\n\t\t\t\t\t<\/button>\n\t\t\t\t<\/div>\n\t\t\t<\/div>\n\t\t<\/form>\n\t\t\t\t\t\t<\/div>\n\t\t\t\t<\/div>\n\t\t\t\t<\/div>\n\t\t\t\t\t<\/div>\n\t\t\t\t<\/div>\n\t\t<div class=\"elementor-element elementor-element-c28d0ea e-flex e-con-boxed e-con e-parent\" data-id=\"c28d0ea\" data-element_type=\"container\" data-e-type=\"container\">\n\t\t\t\t\t<div class=\"e-con-inner\">\n\t\t\t\t<div class=\"elementor-element elementor-element-323cecc elementor-widget elementor-widget-spacer\" data-id=\"323cecc\" data-element_type=\"widget\" data-e-type=\"widget\" data-widget_type=\"spacer.default\">\n\t\t\t\t<div class=\"elementor-widget-container\">\n\t\t\t\t\t\t\t<div class=\"elementor-spacer\">\n\t\t\t<div class=\"elementor-spacer-inner\"><\/div>\n\t\t<\/div>\n\t\t\t\t\t\t<\/div>\n\t\t\t\t<\/div>\n\t\t\t\t\t<\/div>\n\t\t\t\t<\/div>\n\t\t<div class=\"elementor-element elementor-element-3b43d88 e-con-full e-flex e-con e-parent\" data-id=\"3b43d88\" data-element_type=\"container\" data-e-type=\"container\" data-settings=\"{&quot;background_background&quot;:&quot;classic&quot;}\">\n\t\t\t\t<\/div>\n\t\t\t\t<\/div>\n\t\t","protected":false},"excerpt":{"rendered":"<p>Aventure de descente en bou\u00e9e sur la rivi\u00e8re de la R\u00e9serve de jaguars D\u00e9part de Hopkins Cette excursion vous emm\u00e8ne dans la for\u00eat tropicale de la R\u00e9serve de jaguars. \u00c9tant donn\u00e9 que cette excursiona lieu pendant la journ\u00e9e, vous pourriez apercevoir des traces de jaguars, mais il est peu probable que vous voyiez les jaguars [&hellip;]<\/p>\n","protected":false},"author":4,"featured_media":0,"parent":0,"menu_order":0,"comment_status":"closed","ping_status":"closed","template":"page-full-width.php","meta":{"_acf_changed":false,"_vp_format_video_url":"","_vp_image_focal_point":[],"footnotes":""},"categories":[],"tags":[],"class_list":["post-72429","page","type-page","status-publish","hentry"],"acf":[],"yoast_head":"<!-- This site is optimized with the Yoast SEO plugin v27.5 - https:\/\/yoast.com\/product\/yoast-seo-wordpress\/ -->\n<title>Aventure de descente en bou\u00e9e sur la rivi\u00e8re de la R\u00e9serve de jaguars - The Belize Collection<\/title>\n<meta name=\"robots\" content=\"index, follow, max-snippet:-1, max-image-preview:large, max-video-preview:-1\" \/>\n<link rel=\"canonical\" href=\"https:\/\/thebelizecollection.com\/fr\/aventure-de-descente-en-bouee-sur-la-riviere-de-la-reserve-de-jaguars\/\" \/>\n<meta property=\"og:locale\" content=\"fr_FR\" \/>\n<meta property=\"og:type\" content=\"article\" \/>\n<meta property=\"og:title\" content=\"Aventure de descente en bou\u00e9e sur la rivi\u00e8re de la R\u00e9serve de jaguars - The Belize Collection\" \/>\n<meta property=\"og:description\" content=\"Aventure de descente en bou\u00e9e sur la rivi\u00e8re de la R\u00e9serve de jaguars D\u00e9part de Hopkins Cette excursion vous emm\u00e8ne dans la for\u00eat tropicale de la R\u00e9serve de jaguars. \u00c9tant donn\u00e9 que cette excursiona lieu pendant la journ\u00e9e, vous pourriez apercevoir des traces de jaguars, mais il est peu probable que vous voyiez les jaguars [&hellip;]\" \/>\n<meta property=\"og:url\" content=\"https:\/\/thebelizecollection.com\/fr\/aventure-de-descente-en-bouee-sur-la-riviere-de-la-reserve-de-jaguars\/\" \/>\n<meta property=\"og:site_name\" content=\"The Belize Collection\" \/>\n<meta property=\"article:modified_time\" content=\"2026-04-07T16:40:46+00:00\" \/>\n<meta name=\"twitter:card\" content=\"summary_large_image\" \/>\n<meta name=\"twitter:label1\" content=\"Dur\u00e9e de lecture estim\u00e9e\" \/>\n\t<meta name=\"twitter:data1\" content=\"1 minute\" \/>\n<script type=\"application\/ld+json\" class=\"yoast-schema-graph\">{\"@context\":\"https:\\\/\\\/schema.org\",\"@graph\":[{\"@type\":\"WebPage\",\"@id\":\"https:\\\/\\\/thebelizecollection.com\\\/fr\\\/aventure-de-descente-en-bouee-sur-la-riviere-de-la-reserve-de-jaguars\\\/\",\"url\":\"https:\\\/\\\/thebelizecollection.com\\\/fr\\\/aventure-de-descente-en-bouee-sur-la-riviere-de-la-reserve-de-jaguars\\\/\",\"name\":\"Aventure de descente en bou\u00e9e sur la rivi\u00e8re de la R\u00e9serve de jaguars - The Belize Collection\",\"isPartOf\":{\"@id\":\"https:\\\/\\\/thebelizecollection.com\\\/fr\\\/#website\"},\"datePublished\":\"2025-06-05T19:57:41+00:00\",\"dateModified\":\"2026-04-07T16:40:46+00:00\",\"breadcrumb\":{\"@id\":\"https:\\\/\\\/thebelizecollection.com\\\/fr\\\/aventure-de-descente-en-bouee-sur-la-riviere-de-la-reserve-de-jaguars\\\/#breadcrumb\"},\"inLanguage\":\"fr-FR\",\"potentialAction\":[{\"@type\":\"ReadAction\",\"target\":[\"https:\\\/\\\/thebelizecollection.com\\\/fr\\\/aventure-de-descente-en-bouee-sur-la-riviere-de-la-reserve-de-jaguars\\\/\"]}]},{\"@type\":\"BreadcrumbList\",\"@id\":\"https:\\\/\\\/thebelizecollection.com\\\/fr\\\/aventure-de-descente-en-bouee-sur-la-riviere-de-la-reserve-de-jaguars\\\/#breadcrumb\",\"itemListElement\":[{\"@type\":\"ListItem\",\"position\":1,\"name\":\"Home\",\"item\":\"https:\\\/\\\/thebelizecollection.com\\\/fr\\\/the-belize-collection-2\\\/\"},{\"@type\":\"ListItem\",\"position\":2,\"name\":\"Aventure de descente en bou\u00e9e sur la rivi\u00e8re de la R\u00e9serve de jaguars\"}]},{\"@type\":\"WebSite\",\"@id\":\"https:\\\/\\\/thebelizecollection.com\\\/fr\\\/#website\",\"url\":\"https:\\\/\\\/thebelizecollection.com\\\/fr\\\/\",\"name\":\"The Belize Collection\",\"description\":\"Everything Belize\",\"potentialAction\":[{\"@type\":\"SearchAction\",\"target\":{\"@type\":\"EntryPoint\",\"urlTemplate\":\"https:\\\/\\\/thebelizecollection.com\\\/fr\\\/?s={search_term_string}\"},\"query-input\":{\"@type\":\"PropertyValueSpecification\",\"valueRequired\":true,\"valueName\":\"search_term_string\"}}],\"inLanguage\":\"fr-FR\"}]}<\/script>\n<!-- \/ Yoast SEO plugin. -->","yoast_head_json":{"title":"Aventure de descente en bou\u00e9e sur la rivi\u00e8re de la R\u00e9serve de jaguars - The Belize Collection","robots":{"index":"index","follow":"follow","max-snippet":"max-snippet:-1","max-image-preview":"max-image-preview:large","max-video-preview":"max-video-preview:-1"},"canonical":"https:\/\/thebelizecollection.com\/fr\/aventure-de-descente-en-bouee-sur-la-riviere-de-la-reserve-de-jaguars\/","og_locale":"fr_FR","og_type":"article","og_title":"Aventure de descente en bou\u00e9e sur la rivi\u00e8re de la R\u00e9serve de jaguars - The Belize Collection","og_description":"Aventure de descente en bou\u00e9e sur la rivi\u00e8re de la R\u00e9serve de jaguars D\u00e9part de Hopkins Cette excursion vous emm\u00e8ne dans la for\u00eat tropicale de la R\u00e9serve de jaguars. \u00c9tant donn\u00e9 que cette excursiona lieu pendant la journ\u00e9e, vous pourriez apercevoir des traces de jaguars, mais il est peu probable que vous voyiez les jaguars [&hellip;]","og_url":"https:\/\/thebelizecollection.com\/fr\/aventure-de-descente-en-bouee-sur-la-riviere-de-la-reserve-de-jaguars\/","og_site_name":"The Belize Collection","article_modified_time":"2026-04-07T16:40:46+00:00","twitter_card":"summary_large_image","twitter_misc":{"Dur\u00e9e de lecture estim\u00e9e":"1 minute"},"schema":{"@context":"https:\/\/schema.org","@graph":[{"@type":"WebPage","@id":"https:\/\/thebelizecollection.com\/fr\/aventure-de-descente-en-bouee-sur-la-riviere-de-la-reserve-de-jaguars\/","url":"https:\/\/thebelizecollection.com\/fr\/aventure-de-descente-en-bouee-sur-la-riviere-de-la-reserve-de-jaguars\/","name":"Aventure de descente en bou\u00e9e sur la rivi\u00e8re de la R\u00e9serve de jaguars - The Belize Collection","isPartOf":{"@id":"https:\/\/thebelizecollection.com\/fr\/#website"},"datePublished":"2025-06-05T19:57:41+00:00","dateModified":"2026-04-07T16:40:46+00:00","breadcrumb":{"@id":"https:\/\/thebelizecollection.com\/fr\/aventure-de-descente-en-bouee-sur-la-riviere-de-la-reserve-de-jaguars\/#breadcrumb"},"inLanguage":"fr-FR","potentialAction":[{"@type":"ReadAction","target":["https:\/\/thebelizecollection.com\/fr\/aventure-de-descente-en-bouee-sur-la-riviere-de-la-reserve-de-jaguars\/"]}]},{"@type":"BreadcrumbList","@id":"https:\/\/thebelizecollection.com\/fr\/aventure-de-descente-en-bouee-sur-la-riviere-de-la-reserve-de-jaguars\/#breadcrumb","itemListElement":[{"@type":"ListItem","position":1,"name":"Home","item":"https:\/\/thebelizecollection.com\/fr\/the-belize-collection-2\/"},{"@type":"ListItem","position":2,"name":"Aventure de descente en bou\u00e9e sur la rivi\u00e8re de la R\u00e9serve de jaguars"}]},{"@type":"WebSite","@id":"https:\/\/thebelizecollection.com\/fr\/#website","url":"https:\/\/thebelizecollection.com\/fr\/","name":"The Belize Collection","description":"Everything Belize","potentialAction":[{"@type":"SearchAction","target":{"@type":"EntryPoint","urlTemplate":"https:\/\/thebelizecollection.com\/fr\/?s={search_term_string}"},"query-input":{"@type":"PropertyValueSpecification","valueRequired":true,"valueName":"search_term_string"}}],"inLanguage":"fr-FR"}]}},"jetpack_sharing_enabled":true,"_links":{"self":[{"href":"https:\/\/thebelizecollection.com\/fr\/wp-json\/wp\/v2\/pages\/72429","targetHints":{"allow":["GET"]}}],"collection":[{"href":"https:\/\/thebelizecollection.com\/fr\/wp-json\/wp\/v2\/pages"}],"about":[{"href":"https:\/\/thebelizecollection.com\/fr\/wp-json\/wp\/v2\/types\/page"}],"author":[{"embeddable":true,"href":"https:\/\/thebelizecollection.com\/fr\/wp-json\/wp\/v2\/users\/4"}],"replies":[{"embeddable":true,"href":"https:\/\/thebelizecollection.com\/fr\/wp-json\/wp\/v2\/comments?post=72429"}],"version-history":[{"count":1,"href":"https:\/\/thebelizecollection.com\/fr\/wp-json\/wp\/v2\/pages\/72429\/revisions"}],"predecessor-version":[{"id":72430,"href":"https:\/\/thebelizecollection.com\/fr\/wp-json\/wp\/v2\/pages\/72429\/revisions\/72430"}],"wp:attachment":[{"href":"https:\/\/thebelizecollection.com\/fr\/wp-json\/wp\/v2\/media?parent=72429"}],"wp:term":[{"taxonomy":"category","embeddable":true,"href":"https:\/\/thebelizecollection.com\/fr\/wp-json\/wp\/v2\/categories?post=72429"},{"taxonomy":"post_tag","embeddable":true,"href":"https:\/\/thebelizecollection.com\/fr\/wp-json\/wp\/v2\/tags?post=72429"}],"curies":[{"name":"wp","href":"https:\/\/api.w.org\/{rel}","templated":true}]}}