{"id":72460,"date":"2025-06-02T13:25:27","date_gmt":"2025-06-02T19:25:27","guid":{"rendered":"https:\/\/thebelizecollection.com\/opportunite-de-carriere\/"},"modified":"2026-04-07T10:53:34","modified_gmt":"2026-04-07T16:53:34","slug":"opportunite-de-carriere","status":"publish","type":"page","link":"https:\/\/thebelizecollection.com\/fr\/opportunite-de-carriere\/","title":{"rendered":"Opportunit\u00e9 de carri\u00e8re"},"content":{"rendered":"\t\t<div data-elementor-type=\"wp-page\" data-elementor-id=\"72460\" class=\"elementor elementor-72460 elementor-59279\" data-elementor-post-type=\"page\">\n\t\t\t\t<div class=\"elementor-element elementor-element-65210069 e-con-full e-flex e-con e-parent\" data-id=\"65210069\" data-element_type=\"container\" data-e-type=\"container\" data-settings=\"{&quot;background_background&quot;:&quot;classic&quot;}\">\n\t\t\t\t<div class=\"elementor-element elementor-element-111d6d9 elementor-widget elementor-widget-heading\" data-id=\"111d6d9\" data-element_type=\"widget\" data-e-type=\"widget\" data-widget_type=\"heading.default\">\n\t\t\t\t<div class=\"elementor-widget-container\">\n\t\t\t\t\t<h1 class=\"elementor-heading-title elementor-size-default\">OPPORTUNIT\u00c9 DE CARRI\u00c8RE<\/h1>\t\t\t\t<\/div>\n\t\t\t\t<\/div>\n\t\t\t\t<div class=\"elementor-element elementor-element-ae6c27c elementor-widget elementor-widget-heading\" data-id=\"ae6c27c\" data-element_type=\"widget\" data-e-type=\"widget\" data-widget_type=\"heading.default\">\n\t\t\t\t<div class=\"elementor-widget-container\">\n\t\t\t\t\t<h2 class=\"elementor-heading-title elementor-size-default\">POSTULEZ D\u00c8S AUJOURD\u2019HUI !<\/h2>\t\t\t\t<\/div>\n\t\t\t\t<\/div>\n\t\t\t\t<\/div>\n\t\t<div class=\"elementor-element elementor-element-68936123 e-flex e-con-boxed e-con e-parent\" data-id=\"68936123\" data-element_type=\"container\" data-e-type=\"container\">\n\t\t\t\t\t<div class=\"e-con-inner\">\n\t\t\t\t<div class=\"elementor-element elementor-element-43d245d2 elementor-widget elementor-widget-image\" data-id=\"43d245d2\" data-element_type=\"widget\" data-e-type=\"widget\" data-widget_type=\"image.default\">\n\t\t\t\t<div class=\"elementor-widget-container\">\n\t\t\t\t\t\t\t\t\t\t\t\t\t\t\t<img decoding=\"async\" width=\"100\" height=\"100\" src=\"https:\/\/thebelizecollection.com\/wp-content\/uploads\/2025\/04\/the-Belize-collection-flower-logo.png\" class=\"attachment-full size-full wp-image-74305\" alt=\"\" \/>\t\t\t\t\t\t\t\t\t\t\t\t\t\t\t<\/div>\n\t\t\t\t<\/div>\n\t\t\t\t\t<\/div>\n\t\t\t\t<\/div>\n\t\t<div class=\"elementor-element elementor-element-1bf08430 e-flex e-con-boxed e-con e-parent\" data-id=\"1bf08430\" data-element_type=\"container\" data-e-type=\"container\">\n\t\t\t\t\t<div class=\"e-con-inner\">\n\t\t\t\t<div class=\"elementor-element elementor-element-14becf83 elementor-widget elementor-widget-heading\" data-id=\"14becf83\" data-element_type=\"widget\" data-e-type=\"widget\" data-widget_type=\"heading.default\">\n\t\t\t\t<div class=\"elementor-widget-container\">\n\t\t\t\t\t<h1 class=\"elementor-heading-title elementor-size-default\">REJOIGNEZ L\u2019\u00c9QUIPE DE THE BELIZE COLLECTION<\/h1>\t\t\t\t<\/div>\n\t\t\t\t<\/div>\n\t\t\t\t\t<\/div>\n\t\t\t\t<\/div>\n\t\t<div class=\"elementor-element elementor-element-4f6aa4b0 e-flex e-con-boxed elementor-invisible e-con e-parent\" data-id=\"4f6aa4b0\" data-element_type=\"container\" data-e-type=\"container\" data-settings=\"{&quot;animation&quot;:&quot;fadeInUp&quot;}\">\n\t\t\t\t\t<div class=\"e-con-inner\">\n\t\t\t\t<div class=\"elementor-element elementor-element-43b37f7c elementor-widget elementor-widget-text-editor\" data-id=\"43b37f7c\" data-element_type=\"widget\" data-e-type=\"widget\" data-widget_type=\"text-editor.default\">\n\t\t\t\t<div class=\"elementor-widget-container\">\n\t\t\t\t\t\t\t\t\t<div class=\"elementor-element elementor-element-3fd73d8 elementor-widget elementor-widget-text-editor\" data-id=\"3fd73d8\" data-element_type=\"widget\" data-widget_type=\"text-editor.default\"><div class=\"elementor-widget-container\"><div class=\"elementor-element elementor-element-1c4cdb9 elementor-widget elementor-widget-text-editor\" data-id=\"1c4cdb9\" data-element_type=\"widget\" data-widget_type=\"text-editor.default\"><div class=\"elementor-widget-container\"><p style=\"text-align: center;\">The Belize Collection recherche des candidats qualifi\u00e9s pour travailler dans nos complexes h\u00f4teliers et nos restaurants. <\/p><p style=\"text-align: center;\"><strong>Soyez les premiers inform\u00e9s<\/strong><\/p><p style=\"text-align: center;\">Chez The Belize Collection, nous croyons au pouvoir des personnes pour repousser les limites de l\u2019industrie touristique au Belize. Notre \u00e9quipe est au c\u0153ur de l\u2019exp\u00e9rience client et s\u2019efforce en permanence de s\u2019am\u00e9liorer, d\u2019innover et d\u2019offrir une escapade exceptionnelle au Belize. Que vous travailliez comme agent de r\u00e9ception, chef ou comptable, nous recherchons des personnes d\u00e9termin\u00e9es \u00e0 d\u00e9velopper leur potentiel, \u00e0 travailler en \u00e9quipe et, au final, \u00e0 \u00eatre \u00e0 la hauteur des attentes de nos clients. Nous offrons des possibilit\u00e9s d\u2019\u00e9volution de carri\u00e8re, un package de r\u00e9mun\u00e9ration comp\u00e9titif et des avantages r\u00e9serv\u00e9s aux employ\u00e9s dans nos resorts. Rejoignez notre r\u00e9seau et nous vous informerons lorsqu\u2019une opportunit\u00e9 correspondant \u00e0 vos centres d\u2019int\u00e9r\u00eat et \u00e0 vos comp\u00e9tences sera disponible.    <\/p><\/div><\/div><\/div><\/div>\t\t\t\t\t\t\t\t<\/div>\n\t\t\t\t<\/div>\n\t\t\t\t\t<\/div>\n\t\t\t\t<\/div>\n\t\t<div class=\"elementor-element elementor-element-16e9a4c e-flex e-con-boxed e-con e-parent\" data-id=\"16e9a4c\" data-element_type=\"container\" data-e-type=\"container\">\n\t\t\t\t\t<div class=\"e-con-inner\">\n\t\t\t\t<div class=\"elementor-element elementor-element-32f76f8 elementor-widget elementor-widget-spacer\" data-id=\"32f76f8\" data-element_type=\"widget\" data-e-type=\"widget\" data-widget_type=\"spacer.default\">\n\t\t\t\t<div class=\"elementor-widget-container\">\n\t\t\t\t\t\t\t<div class=\"elementor-spacer\">\n\t\t\t<div class=\"elementor-spacer-inner\"><\/div>\n\t\t<\/div>\n\t\t\t\t\t\t<\/div>\n\t\t\t\t<\/div>\n\t\t\t\t\t<\/div>\n\t\t\t\t<\/div>\n\t\t<div class=\"elementor-element elementor-element-c5b6bf2 e-flex e-con-boxed e-con e-parent\" data-id=\"c5b6bf2\" data-element_type=\"container\" data-e-type=\"container\">\n\t\t\t\t\t<div class=\"e-con-inner\">\n\t\t\t\t<div class=\"elementor-element elementor-element-cdfcd5b elementor-button-align-center elementor-widget elementor-widget-form\" data-id=\"cdfcd5b\" data-element_type=\"widget\" data-e-type=\"widget\" data-settings=\"{&quot;step_next_label&quot;:&quot;Suivant&quot;,&quot;step_previous_label&quot;:&quot;Pr\\u00e9c\\u00e9dent&quot;,&quot;button_width&quot;:&quot;100&quot;,&quot;step_type&quot;:&quot;number_text&quot;,&quot;step_icon_shape&quot;:&quot;circle&quot;}\" data-widget_type=\"form.default\">\n\t\t\t\t<div class=\"elementor-widget-container\">\n\t\t\t\t\t\t\t<form class=\"elementor-form\" method=\"post\" name=\"Nouveau formulaire\" aria-label=\"Nouveau formulaire\">\n\t\t\t<input type=\"hidden\" name=\"post_id\" value=\"72460\"\/>\n\t\t\t<input type=\"hidden\" name=\"form_id\" value=\"cdfcd5b\"\/>\n\t\t\t<input type=\"hidden\" name=\"referer_title\" value=\"Opportunit\u00e9 de carri\u00e8re - The Belize Collection\" \/>\n\n\t\t\t\t\t\t\t<input type=\"hidden\" name=\"queried_id\" value=\"72460\"\/>\n\t\t\t\n\t\t\t<div class=\"elementor-form-fields-wrapper elementor-labels-above\">\n\t\t\t\t\t\t\t\t<div class=\"elementor-field-type-text elementor-field-group elementor-column elementor-field-group-name elementor-col-50 elementor-field-required elementor-mark-required\">\n\t\t\t\t\t\t\t\t\t\t\t\t<label for=\"form-field-name\" class=\"elementor-field-label\">\n\t\t\t\t\t\t\t\tPr\u00e9nom\t\t\t\t\t\t\t<\/label>\n\t\t\t\t\t\t\t\t\t\t\t\t\t\t<input size=\"1\" type=\"text\" name=\"form_fields[name]\" id=\"form-field-name\" class=\"elementor-field elementor-size-sm  elementor-field-textual\" required=\"required\">\n\t\t\t\t\t\t\t\t\t\t\t<\/div>\n\t\t\t\t\t\t\t\t<div class=\"elementor-field-type-text elementor-field-group elementor-column elementor-field-group-field_a99de8f elementor-col-50 elementor-field-required elementor-mark-required\">\n\t\t\t\t\t\t\t\t\t\t\t\t<label for=\"form-field-field_a99de8f\" class=\"elementor-field-label\">\n\t\t\t\t\t\t\t\tNom de famille\t\t\t\t\t\t\t<\/label>\n\t\t\t\t\t\t\t\t\t\t\t\t\t\t<input size=\"1\" type=\"text\" name=\"form_fields[field_a99de8f]\" id=\"form-field-field_a99de8f\" class=\"elementor-field elementor-size-sm  elementor-field-textual\" required=\"required\">\n\t\t\t\t\t\t\t\t\t\t\t<\/div>\n\t\t\t\t\t\t\t\t<div class=\"elementor-field-type-text elementor-field-group elementor-column elementor-field-group-field_7228be7 elementor-col-50 elementor-field-required elementor-mark-required\">\n\t\t\t\t\t\t\t\t\t\t\t\t<label for=\"form-field-field_7228be7\" class=\"elementor-field-label\">\n\t\t\t\t\t\t\t\tNum\u00e9ro de t\u00e9l\u00e9phone\t\t\t\t\t\t\t<\/label>\n\t\t\t\t\t\t\t\t\t\t\t\t\t\t<input size=\"1\" type=\"text\" name=\"form_fields[field_7228be7]\" id=\"form-field-field_7228be7\" class=\"elementor-field elementor-size-sm  elementor-field-textual\" required=\"required\">\n\t\t\t\t\t\t\t\t\t\t\t<\/div>\n\t\t\t\t\t\t\t\t<div class=\"elementor-field-type-email elementor-field-group elementor-column elementor-field-group-email elementor-col-50 elementor-field-required elementor-mark-required\">\n\t\t\t\t\t\t\t\t\t\t\t\t<label for=\"form-field-email\" class=\"elementor-field-label\">\n\t\t\t\t\t\t\t\tE-mail\t\t\t\t\t\t\t<\/label>\n\t\t\t\t\t\t\t\t\t\t\t\t\t\t<input size=\"1\" type=\"email\" name=\"form_fields[email]\" id=\"form-field-email\" class=\"elementor-field elementor-size-sm  elementor-field-textual\" required=\"required\">\n\t\t\t\t\t\t\t\t\t\t\t<\/div>\n\t\t\t\t\t\t\t\t<div class=\"elementor-field-type-upload elementor-field-group elementor-column elementor-field-group-field_08f029d elementor-col-50\">\n\t\t\t\t\t\t\t\t\t\t\t\t<label for=\"form-field-field_08f029d\" class=\"elementor-field-label\">\n\t\t\t\t\t\t\t\tRejoignez-nous plus rapidement en t\u00e9l\u00e9versant votre CV et d\u2019autres documents :\t\t\t\t\t\t\t<\/label>\n\t\t\t\t\t\t\t\t<input type=\"file\" name=\"form_fields[field_08f029d][]\" id=\"form-field-field_08f029d\" class=\"elementor-field elementor-size-sm  elementor-upload-field\" multiple=\"multiple\" data-maxsize=\"30\" data-maxsize-message=\"Ce fichier d\u00e9passe la taille maximale autoris\u00e9e.\">\n\n\t\t\t\t\t\t<\/div>\n\t\t\t\t\t\t\t\t<div class=\"elementor-field-type-recaptcha_v3 elementor-field-group elementor-column elementor-field-group-field_f3324cc elementor-col-100 recaptcha_v3-bottomright\">\n\t\t\t\t\t<div class=\"elementor-field\" id=\"form-field-field_f3324cc\"><div class=\"elementor-g-recaptcha\" data-sitekey=\"6Lf-h1MrAAAAAK81ZlH5Cj-jndUxNXA8fg5HTY2Y\" data-type=\"v3\" data-action=\"Form\" data-badge=\"bottomright\" data-size=\"invisible\"><\/div><\/div>\t\t\t\t<\/div>\n\t\t\t\t\t\t\t\t<div class=\"elementor-field-group elementor-column elementor-field-type-submit elementor-col-100 e-form__buttons\">\n\t\t\t\t\t<button class=\"elementor-button elementor-size-sm\" type=\"submit\">\n\t\t\t\t\t\t<span class=\"elementor-button-content-wrapper\">\n\t\t\t\t\t\t\t\t\t\t\t\t\t\t\t\t\t\t\t\t\t\t<span class=\"elementor-button-text\">ENVOYER<\/span>\n\t\t\t\t\t\t\t\t\t\t\t\t\t<\/span>\n\t\t\t\t\t<\/button>\n\t\t\t\t<\/div>\n\t\t\t<\/div>\n\t\t<\/form>\n\t\t\t\t\t\t<\/div>\n\t\t\t\t<\/div>\n\t\t\t\t\t<\/div>\n\t\t\t\t<\/div>\n\t\t<div class=\"elementor-element elementor-element-21d9ffcd e-flex e-con-boxed e-con e-parent\" data-id=\"21d9ffcd\" data-element_type=\"container\" data-e-type=\"container\">\n\t\t\t\t\t<div class=\"e-con-inner\">\n\t\t\t\t<div class=\"elementor-element elementor-element-6b3f85a7 elementor-widget elementor-widget-spacer\" data-id=\"6b3f85a7\" data-element_type=\"widget\" data-e-type=\"widget\" data-widget_type=\"spacer.default\">\n\t\t\t\t<div class=\"elementor-widget-container\">\n\t\t\t\t\t\t\t<div class=\"elementor-spacer\">\n\t\t\t<div class=\"elementor-spacer-inner\"><\/div>\n\t\t<\/div>\n\t\t\t\t\t\t<\/div>\n\t\t\t\t<\/div>\n\t\t\t\t\t<\/div>\n\t\t\t\t<\/div>\n\t\t\t\t<\/div>\n\t\t","protected":false},"excerpt":{"rendered":"<p>OPPORTUNIT\u00c9 DE CARRI\u00c8RE POSTULEZ D\u00c8S AUJOURD\u2019HUI ! REJOIGNEZ L\u2019\u00c9QUIPE DE THE BELIZE COLLECTION The Belize Collection recherche des candidats qualifi\u00e9s pour travailler dans nos complexes h\u00f4teliers et nos restaurants. Soyez les premiers inform\u00e9s Chez The Belize Collection, nous croyons au pouvoir des personnes pour repousser les limites de l\u2019industrie touristique au Belize. Notre \u00e9quipe est [&hellip;]<\/p>\n","protected":false},"author":2,"featured_media":0,"parent":0,"menu_order":0,"comment_status":"closed","ping_status":"closed","template":"page-full-width.php","meta":{"_acf_changed":false,"_vp_format_video_url":"","_vp_image_focal_point":[],"footnotes":""},"categories":[],"tags":[],"class_list":["post-72460","page","type-page","status-publish","hentry"],"acf":[],"yoast_head":"<!-- This site is optimized with the Yoast SEO plugin v27.4 - https:\/\/yoast.com\/product\/yoast-seo-wordpress\/ -->\n<title>Opportunit\u00e9 de carri\u00e8re - The Belize Collection<\/title>\n<meta name=\"robots\" content=\"index, follow, max-snippet:-1, max-image-preview:large, max-video-preview:-1\" \/>\n<link rel=\"canonical\" href=\"https:\/\/thebelizecollection.com\/fr\/opportunite-de-carriere\/\" \/>\n<meta property=\"og:locale\" content=\"fr_FR\" \/>\n<meta property=\"og:type\" content=\"article\" \/>\n<meta property=\"og:title\" content=\"Opportunit\u00e9 de carri\u00e8re - The Belize Collection\" \/>\n<meta property=\"og:description\" content=\"OPPORTUNIT\u00c9 DE CARRI\u00c8RE POSTULEZ D\u00c8S AUJOURD\u2019HUI ! REJOIGNEZ L\u2019\u00c9QUIPE DE THE BELIZE COLLECTION The Belize Collection recherche des candidats qualifi\u00e9s pour travailler dans nos complexes h\u00f4teliers et nos restaurants. Soyez les premiers inform\u00e9s Chez The Belize Collection, nous croyons au pouvoir des personnes pour repousser les limites de l\u2019industrie touristique au Belize. Notre \u00e9quipe est [&hellip;]\" \/>\n<meta property=\"og:url\" content=\"https:\/\/thebelizecollection.com\/fr\/opportunite-de-carriere\/\" \/>\n<meta property=\"og:site_name\" content=\"The Belize Collection\" \/>\n<meta property=\"article:modified_time\" content=\"2026-04-07T16:53:34+00:00\" \/>\n<meta property=\"og:image\" content=\"https:\/\/thebelizecollection.com\/wp-content\/uploads\/2025\/04\/the-Belize-collection-flower-logo.png\" \/>\n\t<meta property=\"og:image:width\" content=\"100\" \/>\n\t<meta property=\"og:image:height\" content=\"100\" \/>\n\t<meta property=\"og:image:type\" content=\"image\/png\" \/>\n<meta name=\"twitter:card\" content=\"summary_large_image\" \/>\n<meta name=\"twitter:label1\" content=\"Dur\u00e9e de lecture estim\u00e9e\" \/>\n\t<meta name=\"twitter:data1\" content=\"1 minute\" \/>\n<script type=\"application\/ld+json\" class=\"yoast-schema-graph\">{\"@context\":\"https:\\\/\\\/schema.org\",\"@graph\":[{\"@type\":\"WebPage\",\"@id\":\"https:\\\/\\\/thebelizecollection.com\\\/fr\\\/opportunite-de-carriere\\\/\",\"url\":\"https:\\\/\\\/thebelizecollection.com\\\/fr\\\/opportunite-de-carriere\\\/\",\"name\":\"Opportunit\u00e9 de carri\u00e8re - The Belize Collection\",\"isPartOf\":{\"@id\":\"https:\\\/\\\/thebelizecollection.com\\\/fr\\\/#website\"},\"primaryImageOfPage\":{\"@id\":\"https:\\\/\\\/thebelizecollection.com\\\/fr\\\/opportunite-de-carriere\\\/#primaryimage\"},\"image\":{\"@id\":\"https:\\\/\\\/thebelizecollection.com\\\/fr\\\/opportunite-de-carriere\\\/#primaryimage\"},\"thumbnailUrl\":\"https:\\\/\\\/thebelizecollection.com\\\/wp-content\\\/uploads\\\/2025\\\/04\\\/the-Belize-collection-flower-logo.png\",\"datePublished\":\"2025-06-02T19:25:27+00:00\",\"dateModified\":\"2026-04-07T16:53:34+00:00\",\"breadcrumb\":{\"@id\":\"https:\\\/\\\/thebelizecollection.com\\\/fr\\\/opportunite-de-carriere\\\/#breadcrumb\"},\"inLanguage\":\"fr-FR\",\"potentialAction\":[{\"@type\":\"ReadAction\",\"target\":[\"https:\\\/\\\/thebelizecollection.com\\\/fr\\\/opportunite-de-carriere\\\/\"]}]},{\"@type\":\"ImageObject\",\"inLanguage\":\"fr-FR\",\"@id\":\"https:\\\/\\\/thebelizecollection.com\\\/fr\\\/opportunite-de-carriere\\\/#primaryimage\",\"url\":\"https:\\\/\\\/thebelizecollection.com\\\/wp-content\\\/uploads\\\/2025\\\/04\\\/the-Belize-collection-flower-logo.png\",\"contentUrl\":\"https:\\\/\\\/thebelizecollection.com\\\/wp-content\\\/uploads\\\/2025\\\/04\\\/the-Belize-collection-flower-logo.png\"},{\"@type\":\"BreadcrumbList\",\"@id\":\"https:\\\/\\\/thebelizecollection.com\\\/fr\\\/opportunite-de-carriere\\\/#breadcrumb\",\"itemListElement\":[{\"@type\":\"ListItem\",\"position\":1,\"name\":\"Home\",\"item\":\"https:\\\/\\\/thebelizecollection.com\\\/fr\\\/the-belize-collection-2\\\/\"},{\"@type\":\"ListItem\",\"position\":2,\"name\":\"Opportunit\u00e9 de carri\u00e8re\"}]},{\"@type\":\"WebSite\",\"@id\":\"https:\\\/\\\/thebelizecollection.com\\\/fr\\\/#website\",\"url\":\"https:\\\/\\\/thebelizecollection.com\\\/fr\\\/\",\"name\":\"The Belize Collection\",\"description\":\"Everything Belize\",\"potentialAction\":[{\"@type\":\"SearchAction\",\"target\":{\"@type\":\"EntryPoint\",\"urlTemplate\":\"https:\\\/\\\/thebelizecollection.com\\\/fr\\\/?s={search_term_string}\"},\"query-input\":{\"@type\":\"PropertyValueSpecification\",\"valueRequired\":true,\"valueName\":\"search_term_string\"}}],\"inLanguage\":\"fr-FR\"}]}<\/script>\n<!-- \/ Yoast SEO plugin. -->","yoast_head_json":{"title":"Opportunit\u00e9 de carri\u00e8re - The Belize Collection","robots":{"index":"index","follow":"follow","max-snippet":"max-snippet:-1","max-image-preview":"max-image-preview:large","max-video-preview":"max-video-preview:-1"},"canonical":"https:\/\/thebelizecollection.com\/fr\/opportunite-de-carriere\/","og_locale":"fr_FR","og_type":"article","og_title":"Opportunit\u00e9 de carri\u00e8re - The Belize Collection","og_description":"OPPORTUNIT\u00c9 DE CARRI\u00c8RE POSTULEZ D\u00c8S AUJOURD\u2019HUI ! REJOIGNEZ L\u2019\u00c9QUIPE DE THE BELIZE COLLECTION The Belize Collection recherche des candidats qualifi\u00e9s pour travailler dans nos complexes h\u00f4teliers et nos restaurants. Soyez les premiers inform\u00e9s Chez The Belize Collection, nous croyons au pouvoir des personnes pour repousser les limites de l\u2019industrie touristique au Belize. Notre \u00e9quipe est [&hellip;]","og_url":"https:\/\/thebelizecollection.com\/fr\/opportunite-de-carriere\/","og_site_name":"The Belize Collection","article_modified_time":"2026-04-07T16:53:34+00:00","og_image":[{"width":100,"height":100,"url":"https:\/\/thebelizecollection.com\/wp-content\/uploads\/2025\/04\/the-Belize-collection-flower-logo.png","type":"image\/png"}],"twitter_card":"summary_large_image","twitter_misc":{"Dur\u00e9e de lecture estim\u00e9e":"1 minute"},"schema":{"@context":"https:\/\/schema.org","@graph":[{"@type":"WebPage","@id":"https:\/\/thebelizecollection.com\/fr\/opportunite-de-carriere\/","url":"https:\/\/thebelizecollection.com\/fr\/opportunite-de-carriere\/","name":"Opportunit\u00e9 de carri\u00e8re - The Belize Collection","isPartOf":{"@id":"https:\/\/thebelizecollection.com\/fr\/#website"},"primaryImageOfPage":{"@id":"https:\/\/thebelizecollection.com\/fr\/opportunite-de-carriere\/#primaryimage"},"image":{"@id":"https:\/\/thebelizecollection.com\/fr\/opportunite-de-carriere\/#primaryimage"},"thumbnailUrl":"https:\/\/thebelizecollection.com\/wp-content\/uploads\/2025\/04\/the-Belize-collection-flower-logo.png","datePublished":"2025-06-02T19:25:27+00:00","dateModified":"2026-04-07T16:53:34+00:00","breadcrumb":{"@id":"https:\/\/thebelizecollection.com\/fr\/opportunite-de-carriere\/#breadcrumb"},"inLanguage":"fr-FR","potentialAction":[{"@type":"ReadAction","target":["https:\/\/thebelizecollection.com\/fr\/opportunite-de-carriere\/"]}]},{"@type":"ImageObject","inLanguage":"fr-FR","@id":"https:\/\/thebelizecollection.com\/fr\/opportunite-de-carriere\/#primaryimage","url":"https:\/\/thebelizecollection.com\/wp-content\/uploads\/2025\/04\/the-Belize-collection-flower-logo.png","contentUrl":"https:\/\/thebelizecollection.com\/wp-content\/uploads\/2025\/04\/the-Belize-collection-flower-logo.png"},{"@type":"BreadcrumbList","@id":"https:\/\/thebelizecollection.com\/fr\/opportunite-de-carriere\/#breadcrumb","itemListElement":[{"@type":"ListItem","position":1,"name":"Home","item":"https:\/\/thebelizecollection.com\/fr\/the-belize-collection-2\/"},{"@type":"ListItem","position":2,"name":"Opportunit\u00e9 de carri\u00e8re"}]},{"@type":"WebSite","@id":"https:\/\/thebelizecollection.com\/fr\/#website","url":"https:\/\/thebelizecollection.com\/fr\/","name":"The Belize Collection","description":"Everything Belize","potentialAction":[{"@type":"SearchAction","target":{"@type":"EntryPoint","urlTemplate":"https:\/\/thebelizecollection.com\/fr\/?s={search_term_string}"},"query-input":{"@type":"PropertyValueSpecification","valueRequired":true,"valueName":"search_term_string"}}],"inLanguage":"fr-FR"}]}},"jetpack_sharing_enabled":true,"_links":{"self":[{"href":"https:\/\/thebelizecollection.com\/fr\/wp-json\/wp\/v2\/pages\/72460","targetHints":{"allow":["GET"]}}],"collection":[{"href":"https:\/\/thebelizecollection.com\/fr\/wp-json\/wp\/v2\/pages"}],"about":[{"href":"https:\/\/thebelizecollection.com\/fr\/wp-json\/wp\/v2\/types\/page"}],"author":[{"embeddable":true,"href":"https:\/\/thebelizecollection.com\/fr\/wp-json\/wp\/v2\/users\/2"}],"replies":[{"embeddable":true,"href":"https:\/\/thebelizecollection.com\/fr\/wp-json\/wp\/v2\/comments?post=72460"}],"version-history":[{"count":1,"href":"https:\/\/thebelizecollection.com\/fr\/wp-json\/wp\/v2\/pages\/72460\/revisions"}],"predecessor-version":[{"id":72465,"href":"https:\/\/thebelizecollection.com\/fr\/wp-json\/wp\/v2\/pages\/72460\/revisions\/72465"}],"wp:attachment":[{"href":"https:\/\/thebelizecollection.com\/fr\/wp-json\/wp\/v2\/media?parent=72460"}],"wp:term":[{"taxonomy":"category","embeddable":true,"href":"https:\/\/thebelizecollection.com\/fr\/wp-json\/wp\/v2\/categories?post=72460"},{"taxonomy":"post_tag","embeddable":true,"href":"https:\/\/thebelizecollection.com\/fr\/wp-json\/wp\/v2\/tags?post=72460"}],"curies":[{"name":"wp","href":"https:\/\/api.w.org\/{rel}","templated":true}]}}