{"id":72466,"date":"2025-06-04T10:42:34","date_gmt":"2025-06-04T16:42:34","guid":{"rendered":"https:\/\/thebelizecollection.com\/forfait-cote-canopee\/"},"modified":"2026-04-07T11:05:13","modified_gmt":"2026-04-07T17:05:13","slug":"forfait-cote-canopee","status":"publish","type":"page","link":"https:\/\/thebelizecollection.com\/fr\/forfait-cote-canopee\/","title":{"rendered":"Forfait C\u00f4te &amp; Canop\u00e9e"},"content":{"rendered":"\t\t<div data-elementor-type=\"wp-page\" data-elementor-id=\"72466\" class=\"elementor elementor-72466 elementor-59385\" data-elementor-post-type=\"page\">\n\t\t\t\t<div class=\"elementor-element elementor-element-e990c9b e-con-full elementor-hidden-mobile e-flex e-con e-parent\" data-id=\"e990c9b\" data-element_type=\"container\" data-e-type=\"container\" data-settings=\"{&quot;background_background&quot;:&quot;classic&quot;}\">\n\t\t\t\t<\/div>\n\t\t<div class=\"elementor-element elementor-element-9df8b15 e-flex e-con-boxed e-con e-parent\" data-id=\"9df8b15\" data-element_type=\"container\" data-e-type=\"container\">\n\t\t\t\t\t<div class=\"e-con-inner\">\n\t\t<div class=\"elementor-element elementor-element-be570c2 e-con-full e-flex e-con e-child\" data-id=\"be570c2\" data-element_type=\"container\" data-e-type=\"container\" data-settings=\"{&quot;background_background&quot;:&quot;classic&quot;}\">\n\t\t\t\t<\/div>\n\t\t<div class=\"elementor-element elementor-element-b949653 e-con-full e-flex e-con e-child\" data-id=\"b949653\" data-element_type=\"container\" data-e-type=\"container\">\n\t\t\t\t<div class=\"elementor-element elementor-element-867c190 elementor-widget elementor-widget-heading\" data-id=\"867c190\" data-element_type=\"widget\" data-e-type=\"widget\" data-widget_type=\"heading.default\">\n\t\t\t\t<div class=\"elementor-widget-container\">\n\t\t\t\t\t<h1 class=\"elementor-heading-title elementor-size-default\">C\u00f4te et canop\u00e9e<\/h1>\t\t\t\t<\/div>\n\t\t\t\t<\/div>\n\t\t\t\t<div class=\"elementor-element elementor-element-edb9b9a elementor-widget elementor-widget-heading\" data-id=\"edb9b9a\" data-element_type=\"widget\" data-e-type=\"widget\" data-widget_type=\"heading.default\">\n\t\t\t\t<div class=\"elementor-widget-container\">\n\t\t\t\t\t<h3 class=\"elementor-heading-title elementor-size-default\">Sept jours, deux univers<\/h3>\t\t\t\t<\/div>\n\t\t\t\t<\/div>\n\t\t\t\t<div class=\"elementor-element elementor-element-4a30d44 elementor-widget elementor-widget-text-editor\" data-id=\"4a30d44\" data-element_type=\"widget\" data-e-type=\"widget\" data-widget_type=\"text-editor.default\">\n\t\t\t\t<div class=\"elementor-widget-container\">\n\t\t\t\t\t\t\t\t\t<div class=\"elementor-element elementor-element-3fd73d8 elementor-widget elementor-widget-text-editor\" data-id=\"3fd73d8\" data-element_type=\"widget\" data-widget_type=\"text-editor.default\"><div class=\"elementor-widget-container\">Avec notre forfait vacances C\u00f4te et Canop\u00e9e de sept jours, passez la moiti\u00e9 de votre s\u00e9jour sur les plages dor\u00e9es de Hopkins et l\u2019autre moiti\u00e9 dans la jungle du Belize. D\u00e9couvrez la magie de l\u2019oc\u00e9an \u00e0 l\u2019Almond Beach Resort et les merveilles de l\u2019int\u00e9rieur des terres lors de votre s\u00e9jour au Table Rock Jungle Lodge. <\/div><\/div>\t\t\t\t\t\t\t\t<\/div>\n\t\t\t\t<\/div>\n\t\t\t\t<div class=\"elementor-element elementor-element-6d92739 elementor-widget elementor-widget-heading\" data-id=\"6d92739\" data-element_type=\"widget\" data-e-type=\"widget\" data-widget_type=\"heading.default\">\n\t\t\t\t<div class=\"elementor-widget-container\">\n\t\t\t\t\t<h2 class=\"elementor-heading-title elementor-size-default\">Inclus dans cette exp\u00e9rience :<\/h2>\t\t\t\t<\/div>\n\t\t\t\t<\/div>\n\t\t\t\t<div class=\"elementor-element elementor-element-98d17a6 elementor-widget elementor-widget-text-editor\" data-id=\"98d17a6\" data-element_type=\"widget\" data-e-type=\"widget\" data-widget_type=\"text-editor.default\">\n\t\t\t\t<div class=\"elementor-widget-container\">\n\t\t\t\t\t\t\t\t\t<div class=\"elementor-element elementor-element-7953c00 elementor-widget elementor-widget-text-editor\" data-id=\"7953c00\" data-element_type=\"widget\" data-widget_type=\"text-editor.default\"><p><strong>\u00c0 l\u2019Almond Beach Resort :<\/strong><\/p><ul><li aria-level=\"1\">Choisissez entre un cottage en bord de mer, une suite Deluxe ou une chambre Spa<\/li><li aria-level=\"1\">Petit-d\u00e9jeuner \u00e0 un plat, d\u00e9jeuner \u00e0 deux plats et d\u00eener \u00e0 trois plats quotidiens<\/li><li aria-level=\"1\">Snorkeling \u00e0 Southwater Caye<\/li><li aria-level=\"1\">Cours de fabrication de chocolat et excursion \u00e0 la cascade Mayan King<\/li><li aria-level=\"1\">Transfert priv\u00e9 aller\/retour de l\u2019a\u00e9roport international du Belize \u00e0 l\u2019Almond Beach Resort<\/li><li aria-level=\"1\">Transfert priv\u00e9 aller\/retour de l\u2019Almond Beach Resort au Table Rock Jungle Lodge<\/li><li aria-level=\"1\">V\u00e9los, kayaks et paddleboards offerts<\/li><li aria-level=\"1\">Boisson de bienvenue<\/li><li aria-level=\"1\">Wi-Fi<\/li><\/ul><\/div><div class=\"elementor-element elementor-element-0c7b925 elementor-widget elementor-widget-text-editor\" data-id=\"0c7b925\" data-element_type=\"widget\" data-widget_type=\"text-editor.default\"><p><strong>Au Table Rock Jungle Lodge :<\/strong><\/p><ul><li aria-level=\"1\">H\u00e9bergement dans une cabane de jungle<\/li><li aria-level=\"1\">Petit-d\u00e9jeuner, d\u00e9jeuner, d\u00eener et dessert apr\u00e8s le d\u00eener<\/li><li aria-level=\"1\">Randonn\u00e9e nocturne guid\u00e9e \u00e0 Table Rock<\/li><li aria-level=\"1\">Temple maya d\u2019ATM ou de Caracol avec les bassins de Rio On<\/li><li aria-level=\"1\">Temple maya de Xunantunich ou descente en bou\u00e9e dans des grottes<\/li><li aria-level=\"1\">Transfert aller\/retour vers l\u2019a\u00e9roport international du Belize + arr\u00eat au zoo du Belize<\/li><li aria-level=\"1\">Transfert aller\/retour vers l\u2019Almond Beach Resort<\/li><li aria-level=\"1\">Cano\u00ebs, bou\u00e9es de rivi\u00e8re, sentiers de randonn\u00e9e et piscine offerts<\/li><li aria-level=\"1\">Boisson de bienvenue<\/li><li aria-level=\"1\">Wi-Fi<\/li><\/ul><\/div>\t\t\t\t\t\t\t\t<\/div>\n\t\t\t\t<\/div>\n\t\t\t\t<div class=\"elementor-element elementor-element-90106e6 elementor-widget elementor-widget-heading\" data-id=\"90106e6\" data-element_type=\"widget\" data-e-type=\"widget\" data-widget_type=\"heading.default\">\n\t\t\t\t<div class=\"elementor-widget-container\">\n\t\t\t\t\t<h2 class=\"elementor-heading-title elementor-size-default\">\u00c0 PARTIR DE 6\u202f140,00 $ USD<\/h2>\t\t\t\t<\/div>\n\t\t\t\t<\/div>\n\t\t\t\t<div class=\"elementor-element elementor-element-feb1ebe elementor-widget elementor-widget-text-editor\" data-id=\"feb1ebe\" data-element_type=\"widget\" data-e-type=\"widget\" data-widget_type=\"text-editor.default\">\n\t\t\t\t<div class=\"elementor-widget-container\">\n\t\t\t\t\t\t\t\t\t<div class=\"elementor-element elementor-element-3fd73d8 elementor-widget elementor-widget-text-editor\" data-id=\"3fd73d8\" data-element_type=\"widget\" data-widget_type=\"text-editor.default\"><div class=\"elementor-widget-container\"><ul><li>Comprend toutes les taxes et frais<\/li><li>Le prix est en USD et bas\u00e9 sur une occupation double<\/li><li>Les portions non utilis\u00e9es du forfait ne peuvent pas \u00eatre r\u00e9clam\u00e9es sous forme de cr\u00e9dit<\/li><li>D&#8217;autres conditions peuvent s&#8217;appliquer<\/li><\/ul><\/div><\/div>\t\t\t\t\t\t\t\t<\/div>\n\t\t\t\t<\/div>\n\t\t<div class=\"elementor-element elementor-element-434f765 e-grid e-con-full e-con e-child\" data-id=\"434f765\" data-element_type=\"container\" data-e-type=\"container\">\n\t\t\t\t<div class=\"elementor-element elementor-element-ef14c4a elementor-align-left elementor-widget elementor-widget-button\" data-id=\"ef14c4a\" data-element_type=\"widget\" data-e-type=\"widget\" data-widget_type=\"button.default\">\n\t\t\t\t<div class=\"elementor-widget-container\">\n\t\t\t\t\t\t\t\t\t<div class=\"elementor-button-wrapper\">\n\t\t\t\t\t<a class=\"elementor-button elementor-button-link elementor-size-sm\" href=\"https:\/\/thebelizecollection.com\/fr\/contactez-nous\/\">\n\t\t\t\t\t\t<span class=\"elementor-button-content-wrapper\">\n\t\t\t\t\t\t\t\t\t<span class=\"elementor-button-text\">CONTACTEZ-NOUS<\/span>\n\t\t\t\t\t<\/span>\n\t\t\t\t\t<\/a>\n\t\t\t\t<\/div>\n\t\t\t\t\t\t\t\t<\/div>\n\t\t\t\t<\/div>\n\t\t\t\t<div class=\"elementor-element elementor-element-3333053 elementor-align-left elementor-widget elementor-widget-button\" data-id=\"3333053\" data-element_type=\"widget\" data-e-type=\"widget\" data-widget_type=\"button.default\">\n\t\t\t\t<div class=\"elementor-widget-container\">\n\t\t\t\t\t\t\t\t\t<div class=\"elementor-button-wrapper\">\n\t\t\t\t\t<a class=\"elementor-button elementor-button-link elementor-size-sm\" href=\"https:\/\/thebelizecollection.com\/fr\/forfaits-vacances\/\">\n\t\t\t\t\t\t<span class=\"elementor-button-content-wrapper\">\n\t\t\t\t\t\t<span class=\"elementor-button-icon\">\n\t\t\t\t<svg aria-hidden=\"true\" class=\"e-font-icon-svg e-fas-arrow-left\" viewBox=\"0 0 448 512\" xmlns=\"http:\/\/www.w3.org\/2000\/svg\"><path d=\"M257.5 445.1l-22.2 22.2c-9.4 9.4-24.6 9.4-33.9 0L7 273c-9.4-9.4-9.4-24.6 0-33.9L201.4 44.7c9.4-9.4 24.6-9.4 33.9 0l22.2 22.2c9.5 9.5 9.3 25-.4 34.3L136.6 216H424c13.3 0 24 10.7 24 24v32c0 13.3-10.7 24-24 24H136.6l120.5 114.8c9.8 9.3 10 24.8.4 34.3z\"><\/path><\/svg>\t\t\t<\/span>\n\t\t\t\t\t\t\t\t\t<span class=\"elementor-button-text\">VOIR LES FORFAITS VACANCES<\/span>\n\t\t\t\t\t<\/span>\n\t\t\t\t\t<\/a>\n\t\t\t\t<\/div>\n\t\t\t\t\t\t\t\t<\/div>\n\t\t\t\t<\/div>\n\t\t\t\t<\/div>\n\t\t\t\t<\/div>\n\t\t\t\t\t<\/div>\n\t\t\t\t<\/div>\n\t\t<div class=\"elementor-element elementor-element-c68d93c e-flex e-con-boxed e-con e-parent\" data-id=\"c68d93c\" data-element_type=\"container\" data-e-type=\"container\">\n\t\t\t\t\t<div class=\"e-con-inner\">\n\t\t\t\t<div class=\"elementor-element elementor-element-84e8bc0 elementor-widget elementor-widget-spacer\" data-id=\"84e8bc0\" data-element_type=\"widget\" data-e-type=\"widget\" data-widget_type=\"spacer.default\">\n\t\t\t\t<div class=\"elementor-widget-container\">\n\t\t\t\t\t\t\t<div class=\"elementor-spacer\">\n\t\t\t<div class=\"elementor-spacer-inner\"><\/div>\n\t\t<\/div>\n\t\t\t\t\t\t<\/div>\n\t\t\t\t<\/div>\n\t\t\t\t\t<\/div>\n\t\t\t\t<\/div>\n\t\t\t\t<\/div>\n\t\t","protected":false},"excerpt":{"rendered":"<p>C\u00f4te et canop\u00e9e Sept jours, deux univers Avec notre forfait vacances C\u00f4te et Canop\u00e9e de sept jours, passez la moiti\u00e9 de votre s\u00e9jour sur les plages dor\u00e9es de Hopkins et l\u2019autre moiti\u00e9 dans la jungle du Belize. D\u00e9couvrez la magie de l\u2019oc\u00e9an \u00e0 l\u2019Almond Beach Resort et les merveilles de l\u2019int\u00e9rieur des terres lors de [&hellip;]<\/p>\n","protected":false},"author":4,"featured_media":0,"parent":0,"menu_order":0,"comment_status":"closed","ping_status":"closed","template":"page-full-width.php","meta":{"_acf_changed":false,"_vp_format_video_url":"","_vp_image_focal_point":[],"footnotes":""},"categories":[],"tags":[],"class_list":["post-72466","page","type-page","status-publish","hentry"],"acf":[],"yoast_head":"<!-- This site is optimized with the Yoast SEO plugin v27.5 - https:\/\/yoast.com\/product\/yoast-seo-wordpress\/ -->\n<title>Forfait C\u00f4te &amp; Canop\u00e9e - The Belize Collection<\/title>\n<meta name=\"robots\" content=\"index, follow, max-snippet:-1, max-image-preview:large, max-video-preview:-1\" \/>\n<link rel=\"canonical\" href=\"https:\/\/thebelizecollection.com\/fr\/forfait-cote-canopee\/\" \/>\n<meta property=\"og:locale\" content=\"fr_FR\" \/>\n<meta property=\"og:type\" content=\"article\" \/>\n<meta property=\"og:title\" content=\"Forfait C\u00f4te &amp; Canop\u00e9e - The Belize Collection\" \/>\n<meta property=\"og:description\" content=\"C\u00f4te et canop\u00e9e Sept jours, deux univers Avec notre forfait vacances C\u00f4te et Canop\u00e9e de sept jours, passez la moiti\u00e9 de votre s\u00e9jour sur les plages dor\u00e9es de Hopkins et l\u2019autre moiti\u00e9 dans la jungle du Belize. D\u00e9couvrez la magie de l\u2019oc\u00e9an \u00e0 l\u2019Almond Beach Resort et les merveilles de l\u2019int\u00e9rieur des terres lors de [&hellip;]\" \/>\n<meta property=\"og:url\" content=\"https:\/\/thebelizecollection.com\/fr\/forfait-cote-canopee\/\" \/>\n<meta property=\"og:site_name\" content=\"The Belize Collection\" \/>\n<meta property=\"article:modified_time\" content=\"2026-04-07T17:05:13+00:00\" \/>\n<meta name=\"twitter:card\" content=\"summary_large_image\" \/>\n<meta name=\"twitter:label1\" content=\"Dur\u00e9e de lecture estim\u00e9e\" \/>\n\t<meta name=\"twitter:data1\" content=\"1 minute\" \/>\n<script type=\"application\/ld+json\" class=\"yoast-schema-graph\">{\"@context\":\"https:\\\/\\\/schema.org\",\"@graph\":[{\"@type\":\"WebPage\",\"@id\":\"https:\\\/\\\/thebelizecollection.com\\\/fr\\\/forfait-cote-canopee\\\/\",\"url\":\"https:\\\/\\\/thebelizecollection.com\\\/fr\\\/forfait-cote-canopee\\\/\",\"name\":\"Forfait C\u00f4te &amp; Canop\u00e9e - The Belize Collection\",\"isPartOf\":{\"@id\":\"https:\\\/\\\/thebelizecollection.com\\\/fr\\\/#website\"},\"datePublished\":\"2025-06-04T16:42:34+00:00\",\"dateModified\":\"2026-04-07T17:05:13+00:00\",\"breadcrumb\":{\"@id\":\"https:\\\/\\\/thebelizecollection.com\\\/fr\\\/forfait-cote-canopee\\\/#breadcrumb\"},\"inLanguage\":\"fr-FR\",\"potentialAction\":[{\"@type\":\"ReadAction\",\"target\":[\"https:\\\/\\\/thebelizecollection.com\\\/fr\\\/forfait-cote-canopee\\\/\"]}]},{\"@type\":\"BreadcrumbList\",\"@id\":\"https:\\\/\\\/thebelizecollection.com\\\/fr\\\/forfait-cote-canopee\\\/#breadcrumb\",\"itemListElement\":[{\"@type\":\"ListItem\",\"position\":1,\"name\":\"Home\",\"item\":\"https:\\\/\\\/thebelizecollection.com\\\/fr\\\/the-belize-collection-2\\\/\"},{\"@type\":\"ListItem\",\"position\":2,\"name\":\"Forfait C\u00f4te &amp; Canop\u00e9e\"}]},{\"@type\":\"WebSite\",\"@id\":\"https:\\\/\\\/thebelizecollection.com\\\/fr\\\/#website\",\"url\":\"https:\\\/\\\/thebelizecollection.com\\\/fr\\\/\",\"name\":\"The Belize Collection\",\"description\":\"Everything Belize\",\"potentialAction\":[{\"@type\":\"SearchAction\",\"target\":{\"@type\":\"EntryPoint\",\"urlTemplate\":\"https:\\\/\\\/thebelizecollection.com\\\/fr\\\/?s={search_term_string}\"},\"query-input\":{\"@type\":\"PropertyValueSpecification\",\"valueRequired\":true,\"valueName\":\"search_term_string\"}}],\"inLanguage\":\"fr-FR\"}]}<\/script>\n<!-- \/ Yoast SEO plugin. -->","yoast_head_json":{"title":"Forfait C\u00f4te &amp; Canop\u00e9e - The Belize Collection","robots":{"index":"index","follow":"follow","max-snippet":"max-snippet:-1","max-image-preview":"max-image-preview:large","max-video-preview":"max-video-preview:-1"},"canonical":"https:\/\/thebelizecollection.com\/fr\/forfait-cote-canopee\/","og_locale":"fr_FR","og_type":"article","og_title":"Forfait C\u00f4te &amp; Canop\u00e9e - The Belize Collection","og_description":"C\u00f4te et canop\u00e9e Sept jours, deux univers Avec notre forfait vacances C\u00f4te et Canop\u00e9e de sept jours, passez la moiti\u00e9 de votre s\u00e9jour sur les plages dor\u00e9es de Hopkins et l\u2019autre moiti\u00e9 dans la jungle du Belize. D\u00e9couvrez la magie de l\u2019oc\u00e9an \u00e0 l\u2019Almond Beach Resort et les merveilles de l\u2019int\u00e9rieur des terres lors de [&hellip;]","og_url":"https:\/\/thebelizecollection.com\/fr\/forfait-cote-canopee\/","og_site_name":"The Belize Collection","article_modified_time":"2026-04-07T17:05:13+00:00","twitter_card":"summary_large_image","twitter_misc":{"Dur\u00e9e de lecture estim\u00e9e":"1 minute"},"schema":{"@context":"https:\/\/schema.org","@graph":[{"@type":"WebPage","@id":"https:\/\/thebelizecollection.com\/fr\/forfait-cote-canopee\/","url":"https:\/\/thebelizecollection.com\/fr\/forfait-cote-canopee\/","name":"Forfait C\u00f4te &amp; Canop\u00e9e - The Belize Collection","isPartOf":{"@id":"https:\/\/thebelizecollection.com\/fr\/#website"},"datePublished":"2025-06-04T16:42:34+00:00","dateModified":"2026-04-07T17:05:13+00:00","breadcrumb":{"@id":"https:\/\/thebelizecollection.com\/fr\/forfait-cote-canopee\/#breadcrumb"},"inLanguage":"fr-FR","potentialAction":[{"@type":"ReadAction","target":["https:\/\/thebelizecollection.com\/fr\/forfait-cote-canopee\/"]}]},{"@type":"BreadcrumbList","@id":"https:\/\/thebelizecollection.com\/fr\/forfait-cote-canopee\/#breadcrumb","itemListElement":[{"@type":"ListItem","position":1,"name":"Home","item":"https:\/\/thebelizecollection.com\/fr\/the-belize-collection-2\/"},{"@type":"ListItem","position":2,"name":"Forfait C\u00f4te &amp; Canop\u00e9e"}]},{"@type":"WebSite","@id":"https:\/\/thebelizecollection.com\/fr\/#website","url":"https:\/\/thebelizecollection.com\/fr\/","name":"The Belize Collection","description":"Everything Belize","potentialAction":[{"@type":"SearchAction","target":{"@type":"EntryPoint","urlTemplate":"https:\/\/thebelizecollection.com\/fr\/?s={search_term_string}"},"query-input":{"@type":"PropertyValueSpecification","valueRequired":true,"valueName":"search_term_string"}}],"inLanguage":"fr-FR"}]}},"jetpack_sharing_enabled":true,"_links":{"self":[{"href":"https:\/\/thebelizecollection.com\/fr\/wp-json\/wp\/v2\/pages\/72466","targetHints":{"allow":["GET"]}}],"collection":[{"href":"https:\/\/thebelizecollection.com\/fr\/wp-json\/wp\/v2\/pages"}],"about":[{"href":"https:\/\/thebelizecollection.com\/fr\/wp-json\/wp\/v2\/types\/page"}],"author":[{"embeddable":true,"href":"https:\/\/thebelizecollection.com\/fr\/wp-json\/wp\/v2\/users\/4"}],"replies":[{"embeddable":true,"href":"https:\/\/thebelizecollection.com\/fr\/wp-json\/wp\/v2\/comments?post=72466"}],"version-history":[{"count":2,"href":"https:\/\/thebelizecollection.com\/fr\/wp-json\/wp\/v2\/pages\/72466\/revisions"}],"predecessor-version":[{"id":72489,"href":"https:\/\/thebelizecollection.com\/fr\/wp-json\/wp\/v2\/pages\/72466\/revisions\/72489"}],"wp:attachment":[{"href":"https:\/\/thebelizecollection.com\/fr\/wp-json\/wp\/v2\/media?parent=72466"}],"wp:term":[{"taxonomy":"category","embeddable":true,"href":"https:\/\/thebelizecollection.com\/fr\/wp-json\/wp\/v2\/categories?post=72466"},{"taxonomy":"post_tag","embeddable":true,"href":"https:\/\/thebelizecollection.com\/fr\/wp-json\/wp\/v2\/tags?post=72466"}],"curies":[{"name":"wp","href":"https:\/\/api.w.org\/{rel}","templated":true}]}}