{"id":72557,"date":"2025-05-13T12:33:54","date_gmt":"2025-05-13T18:33:54","guid":{"rendered":"https:\/\/thebelizecollection.com\/excursion-ara-rouge\/"},"modified":"2026-04-21T20:38:22","modified_gmt":"2026-04-22T02:38:22","slug":"excursion-ara-rouge","status":"publish","type":"page","link":"https:\/\/thebelizecollection.com\/fr\/activites\/excursion-ara-rouge\/","title":{"rendered":"Excursion Ara rouge"},"content":{"rendered":"\t\t<div data-elementor-type=\"wp-page\" data-elementor-id=\"72557\" class=\"elementor elementor-72557 elementor-15057\" data-elementor-post-type=\"page\">\n\t\t\t\t<div class=\"elementor-element elementor-element-1d68fea7 e-con-full elementor-hidden-mobile e-flex e-con e-parent\" data-id=\"1d68fea7\" data-element_type=\"container\" data-e-type=\"container\" data-settings=\"{&quot;background_background&quot;:&quot;classic&quot;}\">\n\t\t\t\t<\/div>\n\t\t<div class=\"elementor-element elementor-element-33a9cf97 e-flex e-con-boxed e-con e-parent\" data-id=\"33a9cf97\" data-element_type=\"container\" data-e-type=\"container\">\n\t\t\t\t\t<div class=\"e-con-inner\">\n\t\t<div class=\"elementor-element elementor-element-51f871a1 e-con-full e-flex e-con e-child\" data-id=\"51f871a1\" data-element_type=\"container\" data-e-type=\"container\">\n\t\t\t\t<div class=\"elementor-element elementor-element-2f5f8e6a elementor-widget elementor-widget-heading\" data-id=\"2f5f8e6a\" data-element_type=\"widget\" data-e-type=\"widget\" data-widget_type=\"heading.default\">\n\t\t\t\t<div class=\"elementor-widget-container\">\n\t\t\t\t\t<h1 class=\"elementor-heading-title elementor-size-default\">Excursion Ara rouge<\/h1>\t\t\t\t<\/div>\n\t\t\t\t<\/div>\n\t\t\t\t<div class=\"elementor-element elementor-element-73b3de2f elementor-widget elementor-widget-heading\" data-id=\"73b3de2f\" data-element_type=\"widget\" data-e-type=\"widget\" data-widget_type=\"heading.default\">\n\t\t\t\t<div class=\"elementor-widget-container\">\n\t\t\t\t\t<h3 class=\"elementor-heading-title elementor-size-default\">D\u00e9part de Hopkins<\/h3>\t\t\t\t<\/div>\n\t\t\t\t<\/div>\n\t\t\t\t<div class=\"elementor-element elementor-element-262155e9 elementor-widget elementor-widget-text-editor\" data-id=\"262155e9\" data-element_type=\"widget\" data-e-type=\"widget\" data-widget_type=\"text-editor.default\">\n\t\t\t\t<div class=\"elementor-widget-container\">\n\t\t\t\t\t\t\t\t\t<div class=\"elementor-element elementor-element-3fd73d8 elementor-widget elementor-widget-text-editor\" data-id=\"3fd73d8\" data-element_type=\"widget\" data-widget_type=\"text-editor.default\"><div class=\"elementor-widget-container\">Les aras rouges sont parmi les oiseaux les plus magnifiques du Belize. De d\u00e9cembre \u00e0 avril chaque ann\u00e9e, les aras rouges quittent leurs aires de nidification dans la for\u00eat tropicale de Chiquibul et s&#8217;envolent vers le petit village maya de Red Bank, dans le sud de Stann Creek, pour se nourrir. Les aras rouges sont l&#8217;une des esp\u00e8ces d&#8217;oiseaux pr\u00e9cieuses du Belize, r\u00e9put\u00e9es pour leurs couleurs embl\u00e9matiques et leur grande envergure. Dans cette r\u00e9gion, vous pourriez m\u00eame apercevoir l&#8217;oiseau national du Belize, le toucan \u00e0 car\u00e8ne. Faites une courte promenade jusqu&#8217;\u00e0 la rivi\u00e8re et profitez d&#8217;une baignade rafra\u00eechissante avant de retourner au lodge pour le d\u00e9jeuner.    <\/div><\/div>\t\t\t\t\t\t\t\t<\/div>\n\t\t\t\t<\/div>\n\t\t\t\t<div class=\"elementor-element elementor-element-fcf432c elementor-widget elementor-widget-text-editor\" data-id=\"fcf432c\" data-element_type=\"widget\" data-e-type=\"widget\" data-widget_type=\"text-editor.default\">\n\t\t\t\t<div class=\"elementor-widget-container\">\n\t\t\t\t\t\t\t\t\t\n<table id=\"tablepress-53\" class=\"tablepress tablepress-id-53 tbody-has-connected-cells\">\n<tbody class=\"row-striping row-hover\">\n<tr class=\"row-1\">\n\t<td class=\"column-1\"><b>Prices starting at:<\/b><\/td><td class=\"column-2\">$95 USD per person<\/td>\n<\/tr>\n<tr class=\"row-2\">\n\t<td class=\"column-1\"><b>Available:<\/b><\/td><td class=\"column-2\">Everyday<\/td>\n<\/tr>\n<tr class=\"row-3\">\n\t<td class=\"column-1\"><b>Duration:<\/b><\/td><td class=\"column-2\">6 Hrs<\/td>\n<\/tr>\n<tr class=\"row-4\">\n\t<td class=\"column-1\"><b>Departs:<\/b><\/td><td class=\"column-2\">5:30 a.m.<\/td>\n<\/tr>\n<tr class=\"row-5\">\n\t<td class=\"column-1\"><b>Returns:<\/b><\/td><td class=\"column-2\">11:30 a.m.<\/td>\n<\/tr>\n<tr class=\"row-6\">\n\t<td class=\"column-1\"><b>Intensity<\/b><\/td><td class=\"column-2\">Easy<\/td>\n<\/tr>\n<tr class=\"row-7\">\n\t<td class=\"column-1\"><b>Meals:<\/b><\/td><td class=\"column-2\">Not included<\/td>\n<\/tr>\n<tr class=\"row-8\">\n\t<td class=\"column-1\"><b>Bring Along:<\/b><\/td><td class=\"column-2\">Repellant, comfortable clothing, hat, water bottle, hiking boots or trail sneakers<\/td>\n<\/tr>\n<tr class=\"row-9\">\n\t<td colspan=\"2\" class=\"column-1\"><small><center>All tours are subject to 12.5% General Sales Tax and 10% Resort Fee<\/center><\/small><\/td>\n<\/tr>\n<\/tbody>\n<\/table>\n<!-- #tablepress-53 from cache -->\t\t\t\t\t\t\t\t<\/div>\n\t\t\t\t<\/div>\n\t\t\t\t<\/div>\n\t\t<div class=\"elementor-element elementor-element-7a7c678b e-con-full e-flex e-con e-child\" data-id=\"7a7c678b\" data-element_type=\"container\" data-e-type=\"container\">\n\t\t\t\t<div class=\"elementor-element elementor-element-7f9472dc elementor-widget elementor-widget-spacer\" data-id=\"7f9472dc\" data-element_type=\"widget\" data-e-type=\"widget\" data-widget_type=\"spacer.default\">\n\t\t\t\t<div class=\"elementor-widget-container\">\n\t\t\t\t\t\t\t<div class=\"elementor-spacer\">\n\t\t\t<div class=\"elementor-spacer-inner\"><\/div>\n\t\t<\/div>\n\t\t\t\t\t\t<\/div>\n\t\t\t\t<\/div>\n\t\t\t\t<div class=\"elementor-element elementor-element-4fe3e447 elementor-widget elementor-widget-heading\" data-id=\"4fe3e447\" data-element_type=\"widget\" data-e-type=\"widget\" data-widget_type=\"heading.default\">\n\t\t\t\t<div class=\"elementor-widget-container\">\n\t\t\t\t\t<h2 class=\"elementor-heading-title elementor-size-default\">Allons-y !<\/h2>\t\t\t\t<\/div>\n\t\t\t\t<\/div>\n\t\t\t\t<div class=\"elementor-element elementor-element-5622aa25 elementor-button-align-stretch elementor-widget elementor-widget-form\" data-id=\"5622aa25\" data-element_type=\"widget\" data-e-type=\"widget\" data-settings=\"{&quot;step_next_label&quot;:&quot;Suivant&quot;,&quot;step_previous_label&quot;:&quot;Pr\\u00e9c\\u00e9dent&quot;,&quot;button_width&quot;:&quot;100&quot;,&quot;step_type&quot;:&quot;number_text&quot;,&quot;step_icon_shape&quot;:&quot;circle&quot;}\" data-widget_type=\"form.default\">\n\t\t\t\t<div class=\"elementor-widget-container\">\n\t\t\t\t\t\t\t<form class=\"elementor-form\" method=\"post\" name=\"Nouveau formulaire\" aria-label=\"Nouveau formulaire\">\n\t\t\t<input type=\"hidden\" name=\"post_id\" value=\"72557\"\/>\n\t\t\t<input type=\"hidden\" name=\"form_id\" value=\"5622aa25\"\/>\n\t\t\t<input type=\"hidden\" name=\"referer_title\" value=\"Excursion Ara rouge - The Belize Collection\" \/>\n\n\t\t\t\t\t\t\t<input type=\"hidden\" name=\"queried_id\" value=\"72557\"\/>\n\t\t\t\n\t\t\t<div class=\"elementor-form-fields-wrapper elementor-labels-above\">\n\t\t\t\t\t\t\t\t<div class=\"elementor-field-type-text elementor-field-group elementor-column elementor-field-group-name elementor-col-50 elementor-field-required elementor-mark-required\">\n\t\t\t\t\t\t\t\t\t\t\t\t<label for=\"form-field-name\" class=\"elementor-field-label\">\n\t\t\t\t\t\t\t\tPr\u00e9nom\t\t\t\t\t\t\t<\/label>\n\t\t\t\t\t\t\t\t\t\t\t\t\t\t<input size=\"1\" type=\"text\" name=\"form_fields[name]\" id=\"form-field-name\" class=\"elementor-field elementor-size-sm  elementor-field-textual\" required=\"required\">\n\t\t\t\t\t\t\t\t\t\t\t<\/div>\n\t\t\t\t\t\t\t\t<div class=\"elementor-field-type-text elementor-field-group elementor-column elementor-field-group-field_18a1f36 elementor-col-50 elementor-field-required elementor-mark-required\">\n\t\t\t\t\t\t\t\t\t\t\t\t<label for=\"form-field-field_18a1f36\" class=\"elementor-field-label\">\n\t\t\t\t\t\t\t\tNom de famille\t\t\t\t\t\t\t<\/label>\n\t\t\t\t\t\t\t\t\t\t\t\t\t\t<input size=\"1\" type=\"text\" name=\"form_fields[field_18a1f36]\" id=\"form-field-field_18a1f36\" class=\"elementor-field elementor-size-sm  elementor-field-textual\" required=\"required\">\n\t\t\t\t\t\t\t\t\t\t\t<\/div>\n\t\t\t\t\t\t\t\t<div class=\"elementor-field-type-email elementor-field-group elementor-column elementor-field-group-email elementor-col-50 elementor-field-required elementor-mark-required\">\n\t\t\t\t\t\t\t\t\t\t\t\t<label for=\"form-field-email\" class=\"elementor-field-label\">\n\t\t\t\t\t\t\t\tE-mail\t\t\t\t\t\t\t<\/label>\n\t\t\t\t\t\t\t\t\t\t\t\t\t\t<input size=\"1\" type=\"email\" name=\"form_fields[email]\" id=\"form-field-email\" class=\"elementor-field elementor-size-sm  elementor-field-textual\" required=\"required\">\n\t\t\t\t\t\t\t\t\t\t\t<\/div>\n\t\t\t\t\t\t\t\t<div class=\"elementor-field-type-tel elementor-field-group elementor-column elementor-field-group-field_ce2fed0 elementor-col-50\">\n\t\t\t\t\t\t\t\t\t\t\t\t<label for=\"form-field-field_ce2fed0\" class=\"elementor-field-label\">\n\t\t\t\t\t\t\t\tT\u00e9l\u00e9phone\t\t\t\t\t\t\t<\/label>\n\t\t\t\t\t\t\t\t<input size=\"1\" type=\"tel\" name=\"form_fields[field_ce2fed0]\" id=\"form-field-field_ce2fed0\" class=\"elementor-field elementor-size-sm  elementor-field-textual\" pattern=\"[0-9()#&amp;+*-=.]+\" title=\"Seuls les caract\u00e8res de num\u00e9ros de t\u00e9l\u00e9phone (#, -, *, etc.) sont accept\u00e9s.\">\n\n\t\t\t\t\t\t<\/div>\n\t\t\t\t\t\t\t\t<div class=\"elementor-field-type-text elementor-field-group elementor-column elementor-field-group-field_648d8d3 elementor-col-100 elementor-field-required elementor-mark-required\">\n\t\t\t\t\t\t\t\t\t\t\t\t<label for=\"form-field-field_648d8d3\" class=\"elementor-field-label\">\n\t\t\t\t\t\t\t\t\u00c0 quelle excursion \u00eates-vous int\u00e9ress\u00e9(e) ?\t\t\t\t\t\t\t<\/label>\n\t\t\t\t\t\t\t\t\t\t\t\t\t\t<input size=\"1\" type=\"text\" name=\"form_fields[field_648d8d3]\" id=\"form-field-field_648d8d3\" class=\"elementor-field elementor-size-sm  elementor-field-textual\" placeholder=\" Excursion Ara rouge\" required=\"required\">\n\t\t\t\t\t\t\t\t\t\t\t<\/div>\n\t\t\t\t\t\t\t\t<div class=\"elementor-field-type-date elementor-field-group elementor-column elementor-field-group-field_7e96a82 elementor-col-33 elementor-field-required elementor-mark-required\">\n\t\t\t\t\t\t\t\t\t\t\t\t<label for=\"form-field-field_7e96a82\" class=\"elementor-field-label\">\n\t\t\t\t\t\t\t\tDate\t\t\t\t\t\t\t<\/label>\n\t\t\t\t\t\t\n\t\t<input type=\"date\" name=\"form_fields[field_7e96a82]\" id=\"form-field-field_7e96a82\" class=\"elementor-field elementor-size-sm  elementor-field-textual elementor-date-field\" required=\"required\" pattern=\"[0-9]{4}-[0-9]{2}-[0-9]{2}\">\n\t\t\t\t\t\t<\/div>\n\t\t\t\t\t\t\t\t<div class=\"elementor-field-type-number elementor-field-group elementor-column elementor-field-group-field_a30da8f elementor-col-33 elementor-field-required elementor-mark-required\">\n\t\t\t\t\t\t\t\t\t\t\t\t<label for=\"form-field-field_a30da8f\" class=\"elementor-field-label\">\n\t\t\t\t\t\t\t\tNombre d\u2019adultes\t\t\t\t\t\t\t<\/label>\n\t\t\t\t\t\t\t\t\t<input type=\"number\" name=\"form_fields[field_a30da8f]\" id=\"form-field-field_a30da8f\" class=\"elementor-field elementor-size-sm  elementor-field-textual\" required=\"required\" min=\"\" max=\"\" >\n\t\t\t\t\t\t<\/div>\n\t\t\t\t\t\t\t\t<div class=\"elementor-field-type-number elementor-field-group elementor-column elementor-field-group-field_e653c70 elementor-col-33 elementor-field-required elementor-mark-required\">\n\t\t\t\t\t\t\t\t\t\t\t\t<label for=\"form-field-field_e653c70\" class=\"elementor-field-label\">\n\t\t\t\t\t\t\t\tNombre d\u2019enfants\t\t\t\t\t\t\t<\/label>\n\t\t\t\t\t\t\t\t\t<input type=\"number\" name=\"form_fields[field_e653c70]\" id=\"form-field-field_e653c70\" class=\"elementor-field elementor-size-sm  elementor-field-textual\" required=\"required\" min=\"\" max=\"\" >\n\t\t\t\t\t\t<\/div>\n\t\t\t\t\t\t\t\t<div class=\"elementor-field-type-textarea elementor-field-group elementor-column elementor-field-group-message elementor-col-100\">\n\t\t\t\t\t\t\t\t\t\t\t\t<label for=\"form-field-message\" class=\"elementor-field-label\">\n\t\t\t\t\t\t\t\tMessage\t\t\t\t\t\t\t<\/label>\n\t\t\t\t\t\t<textarea class=\"elementor-field-textual elementor-field  elementor-size-sm\" name=\"form_fields[message]\" id=\"form-field-message\" rows=\"8\" placeholder=\"Y a-t-il autre chose que vous aimeriez nous dire \/ nous demander ?\"><\/textarea>\t\t\t\t<\/div>\n\t\t\t\t\t\t\t\t<div class=\"elementor-field-group elementor-column elementor-field-type-submit elementor-col-100 e-form__buttons\">\n\t\t\t\t\t<button class=\"elementor-button elementor-size-md\" type=\"submit\">\n\t\t\t\t\t\t<span class=\"elementor-button-content-wrapper\">\n\t\t\t\t\t\t\t\t\t\t\t\t\t\t\t\t\t\t\t\t\t\t<span class=\"elementor-button-text\">Envoyer<\/span>\n\t\t\t\t\t\t\t\t\t\t\t\t\t<\/span>\n\t\t\t\t\t<\/button>\n\t\t\t\t<\/div>\n\t\t\t<\/div>\n\t\t<\/form>\n\t\t\t\t\t\t<\/div>\n\t\t\t\t<\/div>\n\t\t\t\t<\/div>\n\t\t\t\t\t<\/div>\n\t\t\t\t<\/div>\n\t\t<div class=\"elementor-element elementor-element-3a52d30c e-flex e-con-boxed e-con e-parent\" data-id=\"3a52d30c\" data-element_type=\"container\" data-e-type=\"container\">\n\t\t\t\t\t<div class=\"e-con-inner\">\n\t\t\t\t<div class=\"elementor-element elementor-element-53cd6ae5 elementor-widget elementor-widget-spacer\" data-id=\"53cd6ae5\" data-element_type=\"widget\" data-e-type=\"widget\" data-widget_type=\"spacer.default\">\n\t\t\t\t<div class=\"elementor-widget-container\">\n\t\t\t\t\t\t\t<div class=\"elementor-spacer\">\n\t\t\t<div class=\"elementor-spacer-inner\"><\/div>\n\t\t<\/div>\n\t\t\t\t\t\t<\/div>\n\t\t\t\t<\/div>\n\t\t\t\t\t<\/div>\n\t\t\t\t<\/div>\n\t\t<div class=\"elementor-element elementor-element-52e39d35 e-con-full e-flex e-con e-parent\" data-id=\"52e39d35\" data-element_type=\"container\" data-e-type=\"container\" data-settings=\"{&quot;background_background&quot;:&quot;classic&quot;}\">\n\t\t\t\t<\/div>\n\t\t\t\t<\/div>\n\t\t","protected":false},"excerpt":{"rendered":"<p>Excursion Ara rouge D\u00e9part de Hopkins Les aras rouges sont parmi les oiseaux les plus magnifiques du Belize. De d\u00e9cembre \u00e0 avril chaque ann\u00e9e, les aras rouges quittent leurs aires de nidification dans la for\u00eat tropicale de Chiquibul et s&#8217;envolent vers le petit village maya de Red Bank, dans le sud de Stann Creek, pour [&hellip;]<\/p>\n","protected":false},"author":2,"featured_media":0,"parent":74327,"menu_order":0,"comment_status":"closed","ping_status":"closed","template":"page-full-width.php","meta":{"_acf_changed":false,"_vp_format_video_url":"","_vp_image_focal_point":[],"footnotes":""},"categories":[],"tags":[],"class_list":["post-72557","page","type-page","status-publish","hentry"],"acf":[],"yoast_head":"<!-- This site is optimized with the Yoast SEO plugin v27.5 - https:\/\/yoast.com\/product\/yoast-seo-wordpress\/ -->\n<title>Excursion Ara rouge - The Belize Collection<\/title>\n<meta name=\"robots\" content=\"index, follow, max-snippet:-1, max-image-preview:large, max-video-preview:-1\" \/>\n<link rel=\"canonical\" href=\"https:\/\/thebelizecollection.com\/fr\/activites\/excursion-ara-rouge\/\" \/>\n<meta property=\"og:locale\" content=\"fr_FR\" \/>\n<meta property=\"og:type\" content=\"article\" \/>\n<meta property=\"og:title\" content=\"Excursion Ara rouge - The Belize Collection\" \/>\n<meta property=\"og:description\" content=\"Excursion Ara rouge D\u00e9part de Hopkins Les aras rouges sont parmi les oiseaux les plus magnifiques du Belize. De d\u00e9cembre \u00e0 avril chaque ann\u00e9e, les aras rouges quittent leurs aires de nidification dans la for\u00eat tropicale de Chiquibul et s&#8217;envolent vers le petit village maya de Red Bank, dans le sud de Stann Creek, pour [&hellip;]\" \/>\n<meta property=\"og:url\" content=\"https:\/\/thebelizecollection.com\/fr\/activites\/excursion-ara-rouge\/\" \/>\n<meta property=\"og:site_name\" content=\"The Belize Collection\" \/>\n<meta property=\"article:modified_time\" content=\"2026-04-22T02:38:22+00:00\" \/>\n<meta name=\"twitter:card\" content=\"summary_large_image\" \/>\n<meta name=\"twitter:label1\" content=\"Dur\u00e9e de lecture estim\u00e9e\" \/>\n\t<meta name=\"twitter:data1\" content=\"1 minute\" \/>\n<script type=\"application\/ld+json\" class=\"yoast-schema-graph\">{\"@context\":\"https:\\\/\\\/schema.org\",\"@graph\":[{\"@type\":\"WebPage\",\"@id\":\"https:\\\/\\\/thebelizecollection.com\\\/fr\\\/activites\\\/excursion-ara-rouge\\\/\",\"url\":\"https:\\\/\\\/thebelizecollection.com\\\/fr\\\/activites\\\/excursion-ara-rouge\\\/\",\"name\":\"Excursion Ara rouge - The Belize Collection\",\"isPartOf\":{\"@id\":\"https:\\\/\\\/thebelizecollection.com\\\/fr\\\/#website\"},\"datePublished\":\"2025-05-13T18:33:54+00:00\",\"dateModified\":\"2026-04-22T02:38:22+00:00\",\"breadcrumb\":{\"@id\":\"https:\\\/\\\/thebelizecollection.com\\\/fr\\\/activites\\\/excursion-ara-rouge\\\/#breadcrumb\"},\"inLanguage\":\"fr-FR\",\"potentialAction\":[{\"@type\":\"ReadAction\",\"target\":[\"https:\\\/\\\/thebelizecollection.com\\\/fr\\\/activites\\\/excursion-ara-rouge\\\/\"]}]},{\"@type\":\"BreadcrumbList\",\"@id\":\"https:\\\/\\\/thebelizecollection.com\\\/fr\\\/activites\\\/excursion-ara-rouge\\\/#breadcrumb\",\"itemListElement\":[{\"@type\":\"ListItem\",\"position\":1,\"name\":\"Home\",\"item\":\"https:\\\/\\\/thebelizecollection.com\\\/fr\\\/the-belize-collection-2\\\/\"},{\"@type\":\"ListItem\",\"position\":2,\"name\":\"Activit\u00e9s\",\"item\":\"https:\\\/\\\/thebelizecollection.com\\\/fr\\\/activites\\\/\"},{\"@type\":\"ListItem\",\"position\":3,\"name\":\"Excursion Ara rouge\"}]},{\"@type\":\"WebSite\",\"@id\":\"https:\\\/\\\/thebelizecollection.com\\\/fr\\\/#website\",\"url\":\"https:\\\/\\\/thebelizecollection.com\\\/fr\\\/\",\"name\":\"The Belize Collection\",\"description\":\"Everything Belize\",\"potentialAction\":[{\"@type\":\"SearchAction\",\"target\":{\"@type\":\"EntryPoint\",\"urlTemplate\":\"https:\\\/\\\/thebelizecollection.com\\\/fr\\\/?s={search_term_string}\"},\"query-input\":{\"@type\":\"PropertyValueSpecification\",\"valueRequired\":true,\"valueName\":\"search_term_string\"}}],\"inLanguage\":\"fr-FR\"}]}<\/script>\n<!-- \/ Yoast SEO plugin. -->","yoast_head_json":{"title":"Excursion Ara rouge - The Belize Collection","robots":{"index":"index","follow":"follow","max-snippet":"max-snippet:-1","max-image-preview":"max-image-preview:large","max-video-preview":"max-video-preview:-1"},"canonical":"https:\/\/thebelizecollection.com\/fr\/activites\/excursion-ara-rouge\/","og_locale":"fr_FR","og_type":"article","og_title":"Excursion Ara rouge - The Belize Collection","og_description":"Excursion Ara rouge D\u00e9part de Hopkins Les aras rouges sont parmi les oiseaux les plus magnifiques du Belize. De d\u00e9cembre \u00e0 avril chaque ann\u00e9e, les aras rouges quittent leurs aires de nidification dans la for\u00eat tropicale de Chiquibul et s&#8217;envolent vers le petit village maya de Red Bank, dans le sud de Stann Creek, pour [&hellip;]","og_url":"https:\/\/thebelizecollection.com\/fr\/activites\/excursion-ara-rouge\/","og_site_name":"The Belize Collection","article_modified_time":"2026-04-22T02:38:22+00:00","twitter_card":"summary_large_image","twitter_misc":{"Dur\u00e9e de lecture estim\u00e9e":"1 minute"},"schema":{"@context":"https:\/\/schema.org","@graph":[{"@type":"WebPage","@id":"https:\/\/thebelizecollection.com\/fr\/activites\/excursion-ara-rouge\/","url":"https:\/\/thebelizecollection.com\/fr\/activites\/excursion-ara-rouge\/","name":"Excursion Ara rouge - The Belize Collection","isPartOf":{"@id":"https:\/\/thebelizecollection.com\/fr\/#website"},"datePublished":"2025-05-13T18:33:54+00:00","dateModified":"2026-04-22T02:38:22+00:00","breadcrumb":{"@id":"https:\/\/thebelizecollection.com\/fr\/activites\/excursion-ara-rouge\/#breadcrumb"},"inLanguage":"fr-FR","potentialAction":[{"@type":"ReadAction","target":["https:\/\/thebelizecollection.com\/fr\/activites\/excursion-ara-rouge\/"]}]},{"@type":"BreadcrumbList","@id":"https:\/\/thebelizecollection.com\/fr\/activites\/excursion-ara-rouge\/#breadcrumb","itemListElement":[{"@type":"ListItem","position":1,"name":"Home","item":"https:\/\/thebelizecollection.com\/fr\/the-belize-collection-2\/"},{"@type":"ListItem","position":2,"name":"Activit\u00e9s","item":"https:\/\/thebelizecollection.com\/fr\/activites\/"},{"@type":"ListItem","position":3,"name":"Excursion Ara rouge"}]},{"@type":"WebSite","@id":"https:\/\/thebelizecollection.com\/fr\/#website","url":"https:\/\/thebelizecollection.com\/fr\/","name":"The Belize Collection","description":"Everything Belize","potentialAction":[{"@type":"SearchAction","target":{"@type":"EntryPoint","urlTemplate":"https:\/\/thebelizecollection.com\/fr\/?s={search_term_string}"},"query-input":{"@type":"PropertyValueSpecification","valueRequired":true,"valueName":"search_term_string"}}],"inLanguage":"fr-FR"}]}},"jetpack_sharing_enabled":true,"_links":{"self":[{"href":"https:\/\/thebelizecollection.com\/fr\/wp-json\/wp\/v2\/pages\/72557","targetHints":{"allow":["GET"]}}],"collection":[{"href":"https:\/\/thebelizecollection.com\/fr\/wp-json\/wp\/v2\/pages"}],"about":[{"href":"https:\/\/thebelizecollection.com\/fr\/wp-json\/wp\/v2\/types\/page"}],"author":[{"embeddable":true,"href":"https:\/\/thebelizecollection.com\/fr\/wp-json\/wp\/v2\/users\/2"}],"replies":[{"embeddable":true,"href":"https:\/\/thebelizecollection.com\/fr\/wp-json\/wp\/v2\/comments?post=72557"}],"version-history":[{"count":2,"href":"https:\/\/thebelizecollection.com\/fr\/wp-json\/wp\/v2\/pages\/72557\/revisions"}],"predecessor-version":[{"id":72560,"href":"https:\/\/thebelizecollection.com\/fr\/wp-json\/wp\/v2\/pages\/72557\/revisions\/72560"}],"up":[{"embeddable":true,"href":"https:\/\/thebelizecollection.com\/fr\/wp-json\/wp\/v2\/pages\/74327"}],"wp:attachment":[{"href":"https:\/\/thebelizecollection.com\/fr\/wp-json\/wp\/v2\/media?parent=72557"}],"wp:term":[{"taxonomy":"category","embeddable":true,"href":"https:\/\/thebelizecollection.com\/fr\/wp-json\/wp\/v2\/categories?post=72557"},{"taxonomy":"post_tag","embeddable":true,"href":"https:\/\/thebelizecollection.com\/fr\/wp-json\/wp\/v2\/tags?post=72557"}],"curies":[{"name":"wp","href":"https:\/\/api.w.org\/{rel}","templated":true}]}}