{"id":73881,"date":"2026-04-13T16:06:46","date_gmt":"2026-04-13T22:06:46","guid":{"rendered":"https:\/\/thebelizecollection.com\/soutenez-la-conservation-marine-lors-de-votre-visite-au-belize\/"},"modified":"2026-04-22T08:27:27","modified_gmt":"2026-04-22T14:27:27","slug":"soutenez-la-conservation-marine-lors-de-votre-visite-au-belize","status":"publish","type":"page","link":"https:\/\/thebelizecollection.com\/fr\/soutenez-la-conservation-marine-lors-de-votre-visite-au-belize\/","title":{"rendered":"MarTalk &amp; Hopkins Beach Cleanup"},"content":{"rendered":"\t\t<div data-elementor-type=\"wp-page\" data-elementor-id=\"73881\" class=\"elementor elementor-73881 elementor-73701\" data-elementor-post-type=\"page\">\n\t\t\t\t<div class=\"elementor-element elementor-element-2cc2d20 e-con-full e-flex e-con e-parent\" data-id=\"2cc2d20\" data-element_type=\"container\" data-e-type=\"container\" data-settings=\"{&quot;background_background&quot;:&quot;classic&quot;}\">\n\t\t\t\t<\/div>\n\t\t<div class=\"elementor-element elementor-element-e1b8d7f e-flex e-con-boxed e-con e-parent\" data-id=\"e1b8d7f\" data-element_type=\"container\" data-e-type=\"container\">\n\t\t\t\t\t<div class=\"e-con-inner\">\n\t\t\t\t<div class=\"elementor-element elementor-element-c987a09 elementor-widget elementor-widget-spacer\" data-id=\"c987a09\" data-element_type=\"widget\" data-e-type=\"widget\" data-widget_type=\"spacer.default\">\n\t\t\t\t<div class=\"elementor-widget-container\">\n\t\t\t\t\t\t\t<div class=\"elementor-spacer\">\n\t\t\t<div class=\"elementor-spacer-inner\"><\/div>\n\t\t<\/div>\n\t\t\t\t\t\t<\/div>\n\t\t\t\t<\/div>\n\t\t\t\t\t<\/div>\n\t\t\t\t<\/div>\n\t\t<div class=\"elementor-element elementor-element-d22dfd9 e-flex e-con-boxed e-con e-parent\" data-id=\"d22dfd9\" data-element_type=\"container\" data-e-type=\"container\">\n\t\t\t\t\t<div class=\"e-con-inner\">\n\t\t<div class=\"elementor-element elementor-element-3d261d3 e-con-full e-flex e-con e-child\" data-id=\"3d261d3\" data-element_type=\"container\" data-e-type=\"container\">\n\t\t\t\t<div class=\"elementor-element elementor-element-44ce055 elementor-widget elementor-widget-heading\" data-id=\"44ce055\" data-element_type=\"widget\" data-e-type=\"widget\" data-widget_type=\"heading.default\">\n\t\t\t\t<div class=\"elementor-widget-container\">\n\t\t\t\t\t<h1 class=\"elementor-heading-title elementor-size-default\">MarTalk &amp; Hopkins Beach Cleanup<\/h1>\t\t\t\t<\/div>\n\t\t\t\t<\/div>\n\t\t\t\t<div class=\"elementor-element elementor-element-6699540 elementor-widget elementor-widget-heading\" data-id=\"6699540\" data-element_type=\"widget\" data-e-type=\"widget\" data-widget_type=\"heading.default\">\n\t\t\t\t<div class=\"elementor-widget-container\">\n\t\t\t\t\t<h1 class=\"elementor-heading-title elementor-size-default\">Soutenez la conservation marine lors de votre visite au Belize<\/h1>\t\t\t\t<\/div>\n\t\t\t\t<\/div>\n\t\t\t\t<div class=\"elementor-element elementor-element-59efba4 elementor-widget elementor-widget-text-editor\" data-id=\"59efba4\" data-element_type=\"widget\" data-e-type=\"widget\" data-widget_type=\"text-editor.default\">\n\t\t\t\t<div class=\"elementor-widget-container\">\n\t\t\t\t\t\t\t\t\t<div class=\"elementor-element elementor-element-3fd73d8 elementor-widget elementor-widget-text-editor\" data-id=\"3fd73d8\" data-element_type=\"widget\" data-widget_type=\"text-editor.default\"><div class=\"elementor-widget-container\">Si vous vous souciez des requins, des raies, des tortues de mer et de bien d\u2019autres cr\u00e9atures oc\u00e9aniques, ce moment est crucial. Les esp\u00e8ces de la m\u00e9gafaune marine sont confront\u00e9es \u00e0 des d\u00e9fis croissants : r\u00e9duction des zones de nidification et d\u2019alimentation, prises accessoires, enchev\u00eatrement dans les engins de p\u00eache et effets acc\u00e9l\u00e9r\u00e9s du changement climatique. Pour de nombreuses esp\u00e8ces, chaque ann\u00e9e d\u2019inaction rend le r\u00e9tablissement plus difficile.  <\/div><div class=\"elementor-widget-container\"><br>Pourtant, m\u00eame si les pressions s\u2019accentuent, nous avons constat\u00e9 de r\u00e9els progr\u00e8s lorsque des sympathisants comme vous se tiennent \u00e0 nos c\u00f4t\u00e9s. Nos programmes de surveillance s\u2019\u00e9tendent. Les communaut\u00e9s prennent l\u2019initiative. Des esp\u00e8ces sont r\u00e9apparues dans des zones o\u00f9 les observations avaient presque disparu.   <\/div><div class=\"elementor-widget-container\"> <\/div><div class=\"elementor-widget-container\">Nous vous invitons \u00e0 soutenir notre travail en faisant un don ponctuel ou mensuel afin d\u2019aider \u00e0 propulser notre mission continue.<\/div><\/div>\t\t\t\t\t\t\t\t<\/div>\n\t\t\t\t<\/div>\n\t\t\t\t<div class=\"elementor-element elementor-element-0f632e2 elementor-widget elementor-widget-text-editor\" data-id=\"0f632e2\" data-element_type=\"widget\" data-e-type=\"widget\" data-widget_type=\"text-editor.default\">\n\t\t\t\t<div class=\"elementor-widget-container\">\n\t\t\t\t\t\t\t\t\t<div class=\"elementor-element elementor-element-7b6add7 elementor-widget elementor-widget-text-editor\" data-id=\"7b6add7\" data-element_type=\"widget\" data-widget_type=\"text-editor.default\"><div class=\"elementor-widget-container\"><p><strong>Date :<\/strong> 22 avril 2026 |<\/p><p><strong>Activit\u00e9s :<\/strong> MarTalk \u2013 12h00 | Nettoyage de la plage de Hopkins \u2013 13h30<\/p><p><strong>Lieu : <\/strong><span class=\"single-location term-32\">The Lodge at Jaguar Reef<\/span><\/p><p><em>*Une navette gratuite part de Jaguar Reef \u00e0 13h30.  <\/em><\/p><\/div><\/div>\t\t\t\t\t\t\t\t<\/div>\n\t\t\t\t<\/div>\n\t\t\t\t<div class=\"elementor-element elementor-element-0cd9b9a elementor-widget elementor-widget-button\" data-id=\"0cd9b9a\" data-element_type=\"widget\" data-e-type=\"widget\" data-widget_type=\"button.default\">\n\t\t\t\t<div class=\"elementor-widget-container\">\n\t\t\t\t\t\t\t\t\t<div class=\"elementor-button-wrapper\">\n\t\t\t\t\t<a class=\"elementor-button elementor-button-link elementor-size-sm\" href=\"\">\n\t\t\t\t\t\t<span class=\"elementor-button-content-wrapper\">\n\t\t\t\t\t\t\t\t\t<span class=\"elementor-button-text\">CLIQUEZ ICI POUR R\u00c9PONDRE<\/span>\n\t\t\t\t\t<\/span>\n\t\t\t\t\t<\/a>\n\t\t\t\t<\/div>\n\t\t\t\t\t\t\t\t<\/div>\n\t\t\t\t<\/div>\n\t\t\t\t<\/div>\n\t\t<div class=\"elementor-element elementor-element-cf13c85 e-con-full e-flex e-con e-child\" data-id=\"cf13c85\" data-element_type=\"container\" data-e-type=\"container\" data-settings=\"{&quot;background_background&quot;:&quot;classic&quot;}\">\n\t\t\t\t<\/div>\n\t\t\t\t\t<\/div>\n\t\t\t\t<\/div>\n\t\t<div class=\"elementor-element elementor-element-67f1e6e e-flex e-con-boxed e-con e-parent\" data-id=\"67f1e6e\" data-element_type=\"container\" data-e-type=\"container\">\n\t\t\t\t\t<div class=\"e-con-inner\">\n\t\t<div class=\"elementor-element elementor-element-bcf44ec e-con-full e-flex e-con e-child\" data-id=\"bcf44ec\" data-element_type=\"container\" data-e-type=\"container\">\n\t\t\t\t<div class=\"elementor-element elementor-element-1ade157 elementor-widget elementor-widget-heading\" data-id=\"1ade157\" data-element_type=\"widget\" data-e-type=\"widget\" data-widget_type=\"heading.default\">\n\t\t\t\t<div class=\"elementor-widget-container\">\n\t\t\t\t\t<h1 class=\"elementor-heading-title elementor-size-default\">\u00c0 propos de MarAlliance<\/h1>\t\t\t\t<\/div>\n\t\t\t\t<\/div>\n\t\t\t\t<div class=\"elementor-element elementor-element-73063a4 elementor-widget elementor-widget-text-editor\" data-id=\"73063a4\" data-element_type=\"widget\" data-e-type=\"widget\" data-widget_type=\"text-editor.default\">\n\t\t\t\t<div class=\"elementor-widget-container\">\n\t\t\t\t\t\t\t\t\t<div class=\"elementor-element elementor-element-3fd73d8 elementor-widget elementor-widget-text-editor\" data-id=\"3fd73d8\" data-element_type=\"widget\" data-widget_type=\"text-editor.default\"><div class=\"elementor-widget-container\">MarAlliance s\u2019efforce d\u2019explorer, de favoriser et d\u2019inspirer la conservation de la faune marine menac\u00e9e et de ses habitats avec les communaut\u00e9s. Nous combinons recherche, renforcement des capacit\u00e9s, sensibilisation et appui aux politiques, en travaillant avec les p\u00eacheurs, les gouvernements, les ONG, les secteurs touristique et universitaire, ainsi que d\u2019autres partenaires pour restaurer les populations de faune marine menac\u00e9e afin de renforcer la r\u00e9silience des \u00e9cosyst\u00e8mes et des communaut\u00e9s c\u00f4ti\u00e8res. <\/div><\/div>\t\t\t\t\t\t\t\t<\/div>\n\t\t\t\t<\/div>\n\t\t\t\t<\/div>\n\t\t\t\t\t<\/div>\n\t\t\t\t<\/div>\n\t\t<div class=\"elementor-element elementor-element-8635f75 e-flex e-con-boxed e-con e-parent\" data-id=\"8635f75\" data-element_type=\"container\" data-e-type=\"container\">\n\t\t\t\t\t<div class=\"e-con-inner\">\n\t\t\t\t<div class=\"elementor-element elementor-element-1c8d641 elementor-widget elementor-widget-spacer\" data-id=\"1c8d641\" data-element_type=\"widget\" data-e-type=\"widget\" data-widget_type=\"spacer.default\">\n\t\t\t\t<div class=\"elementor-widget-container\">\n\t\t\t\t\t\t\t<div class=\"elementor-spacer\">\n\t\t\t<div class=\"elementor-spacer-inner\"><\/div>\n\t\t<\/div>\n\t\t\t\t\t\t<\/div>\n\t\t\t\t<\/div>\n\t\t\t\t\t<\/div>\n\t\t\t\t<\/div>\n\t\t\t\t<\/div>\n\t\t","protected":false},"excerpt":{"rendered":"<p>MarTalk &amp; Hopkins Beach Cleanup Soutenez la conservation marine lors de votre visite au Belize Si vous vous souciez des requins, des raies, des tortues de mer et de bien d\u2019autres cr\u00e9atures oc\u00e9aniques, ce moment est crucial. Les esp\u00e8ces de la m\u00e9gafaune marine sont confront\u00e9es \u00e0 des d\u00e9fis croissants : r\u00e9duction des zones de nidification [&hellip;]<\/p>\n","protected":false},"author":4,"featured_media":73708,"parent":0,"menu_order":0,"comment_status":"closed","ping_status":"closed","template":"page-full-width.php","meta":{"_acf_changed":false,"_vp_format_video_url":"","_vp_image_focal_point":[],"footnotes":""},"categories":[206],"tags":[],"class_list":["post-73881","page","type-page","status-publish","has-post-thumbnail","hentry","category-rassemblement-tbc"],"acf":[],"yoast_head":"<!-- This site is optimized with the Yoast SEO plugin v27.4 - https:\/\/yoast.com\/product\/yoast-seo-wordpress\/ -->\n<title>MarTalk &amp; Hopkins Beach Cleanup - The Belize Collection<\/title>\n<meta name=\"robots\" content=\"index, follow, max-snippet:-1, max-image-preview:large, max-video-preview:-1\" \/>\n<link rel=\"canonical\" href=\"https:\/\/thebelizecollection.com\/fr\/soutenez-la-conservation-marine-lors-de-votre-visite-au-belize\/\" \/>\n<meta property=\"og:locale\" content=\"fr_FR\" \/>\n<meta property=\"og:type\" content=\"article\" \/>\n<meta property=\"og:title\" content=\"MarTalk &amp; Hopkins Beach Cleanup - The Belize Collection\" \/>\n<meta property=\"og:description\" content=\"MarTalk &amp; Hopkins Beach Cleanup Soutenez la conservation marine lors de votre visite au Belize Si vous vous souciez des requins, des raies, des tortues de mer et de bien d\u2019autres cr\u00e9atures oc\u00e9aniques, ce moment est crucial. Les esp\u00e8ces de la m\u00e9gafaune marine sont confront\u00e9es \u00e0 des d\u00e9fis croissants : r\u00e9duction des zones de nidification [&hellip;]\" \/>\n<meta property=\"og:url\" content=\"https:\/\/thebelizecollection.com\/fr\/soutenez-la-conservation-marine-lors-de-votre-visite-au-belize\/\" \/>\n<meta property=\"og:site_name\" content=\"The Belize Collection\" \/>\n<meta property=\"article:modified_time\" content=\"2026-04-22T14:27:27+00:00\" \/>\n<meta property=\"og:image\" content=\"https:\/\/thebelizecollection.com\/wp-content\/uploads\/2026\/04\/Caribbean-Reef-Shark-2_Rachel-Grahamjpg.jpg\" \/>\n\t<meta property=\"og:image:width\" content=\"1600\" \/>\n\t<meta property=\"og:image:height\" content=\"1080\" \/>\n\t<meta property=\"og:image:type\" content=\"image\/jpeg\" \/>\n<meta name=\"twitter:card\" content=\"summary_large_image\" \/>\n<meta name=\"twitter:label1\" content=\"Dur\u00e9e de lecture estim\u00e9e\" \/>\n\t<meta name=\"twitter:data1\" content=\"1 minute\" \/>\n<script type=\"application\/ld+json\" class=\"yoast-schema-graph\">{\"@context\":\"https:\\\/\\\/schema.org\",\"@graph\":[{\"@type\":\"WebPage\",\"@id\":\"https:\\\/\\\/thebelizecollection.com\\\/fr\\\/soutenez-la-conservation-marine-lors-de-votre-visite-au-belize\\\/\",\"url\":\"https:\\\/\\\/thebelizecollection.com\\\/fr\\\/soutenez-la-conservation-marine-lors-de-votre-visite-au-belize\\\/\",\"name\":\"MarTalk &amp; Hopkins Beach Cleanup - The Belize Collection\",\"isPartOf\":{\"@id\":\"https:\\\/\\\/thebelizecollection.com\\\/fr\\\/#website\"},\"primaryImageOfPage\":{\"@id\":\"https:\\\/\\\/thebelizecollection.com\\\/fr\\\/soutenez-la-conservation-marine-lors-de-votre-visite-au-belize\\\/#primaryimage\"},\"image\":{\"@id\":\"https:\\\/\\\/thebelizecollection.com\\\/fr\\\/soutenez-la-conservation-marine-lors-de-votre-visite-au-belize\\\/#primaryimage\"},\"thumbnailUrl\":\"https:\\\/\\\/thebelizecollection.com\\\/wp-content\\\/uploads\\\/2026\\\/04\\\/Caribbean-Reef-Shark-2_Rachel-Grahamjpg.jpg\",\"datePublished\":\"2026-04-13T22:06:46+00:00\",\"dateModified\":\"2026-04-22T14:27:27+00:00\",\"breadcrumb\":{\"@id\":\"https:\\\/\\\/thebelizecollection.com\\\/fr\\\/soutenez-la-conservation-marine-lors-de-votre-visite-au-belize\\\/#breadcrumb\"},\"inLanguage\":\"fr-FR\",\"potentialAction\":[{\"@type\":\"ReadAction\",\"target\":[\"https:\\\/\\\/thebelizecollection.com\\\/fr\\\/soutenez-la-conservation-marine-lors-de-votre-visite-au-belize\\\/\"]}]},{\"@type\":\"ImageObject\",\"inLanguage\":\"fr-FR\",\"@id\":\"https:\\\/\\\/thebelizecollection.com\\\/fr\\\/soutenez-la-conservation-marine-lors-de-votre-visite-au-belize\\\/#primaryimage\",\"url\":\"https:\\\/\\\/thebelizecollection.com\\\/wp-content\\\/uploads\\\/2026\\\/04\\\/Caribbean-Reef-Shark-2_Rachel-Grahamjpg.jpg\",\"contentUrl\":\"https:\\\/\\\/thebelizecollection.com\\\/wp-content\\\/uploads\\\/2026\\\/04\\\/Caribbean-Reef-Shark-2_Rachel-Grahamjpg.jpg\",\"width\":1600,\"height\":1080},{\"@type\":\"BreadcrumbList\",\"@id\":\"https:\\\/\\\/thebelizecollection.com\\\/fr\\\/soutenez-la-conservation-marine-lors-de-votre-visite-au-belize\\\/#breadcrumb\",\"itemListElement\":[{\"@type\":\"ListItem\",\"position\":1,\"name\":\"Home\",\"item\":\"https:\\\/\\\/thebelizecollection.com\\\/fr\\\/the-belize-collection-2\\\/\"},{\"@type\":\"ListItem\",\"position\":2,\"name\":\"MarTalk &amp; Hopkins Beach Cleanup\"}]},{\"@type\":\"WebSite\",\"@id\":\"https:\\\/\\\/thebelizecollection.com\\\/fr\\\/#website\",\"url\":\"https:\\\/\\\/thebelizecollection.com\\\/fr\\\/\",\"name\":\"The Belize Collection\",\"description\":\"Everything Belize\",\"potentialAction\":[{\"@type\":\"SearchAction\",\"target\":{\"@type\":\"EntryPoint\",\"urlTemplate\":\"https:\\\/\\\/thebelizecollection.com\\\/fr\\\/?s={search_term_string}\"},\"query-input\":{\"@type\":\"PropertyValueSpecification\",\"valueRequired\":true,\"valueName\":\"search_term_string\"}}],\"inLanguage\":\"fr-FR\"}]}<\/script>\n<!-- \/ Yoast SEO plugin. -->","yoast_head_json":{"title":"MarTalk &amp; Hopkins Beach Cleanup - The Belize Collection","robots":{"index":"index","follow":"follow","max-snippet":"max-snippet:-1","max-image-preview":"max-image-preview:large","max-video-preview":"max-video-preview:-1"},"canonical":"https:\/\/thebelizecollection.com\/fr\/soutenez-la-conservation-marine-lors-de-votre-visite-au-belize\/","og_locale":"fr_FR","og_type":"article","og_title":"MarTalk &amp; Hopkins Beach Cleanup - The Belize Collection","og_description":"MarTalk &amp; Hopkins Beach Cleanup Soutenez la conservation marine lors de votre visite au Belize Si vous vous souciez des requins, des raies, des tortues de mer et de bien d\u2019autres cr\u00e9atures oc\u00e9aniques, ce moment est crucial. Les esp\u00e8ces de la m\u00e9gafaune marine sont confront\u00e9es \u00e0 des d\u00e9fis croissants : r\u00e9duction des zones de nidification [&hellip;]","og_url":"https:\/\/thebelizecollection.com\/fr\/soutenez-la-conservation-marine-lors-de-votre-visite-au-belize\/","og_site_name":"The Belize Collection","article_modified_time":"2026-04-22T14:27:27+00:00","og_image":[{"width":1600,"height":1080,"url":"https:\/\/thebelizecollection.com\/wp-content\/uploads\/2026\/04\/Caribbean-Reef-Shark-2_Rachel-Grahamjpg.jpg","type":"image\/jpeg"}],"twitter_card":"summary_large_image","twitter_misc":{"Dur\u00e9e de lecture estim\u00e9e":"1 minute"},"schema":{"@context":"https:\/\/schema.org","@graph":[{"@type":"WebPage","@id":"https:\/\/thebelizecollection.com\/fr\/soutenez-la-conservation-marine-lors-de-votre-visite-au-belize\/","url":"https:\/\/thebelizecollection.com\/fr\/soutenez-la-conservation-marine-lors-de-votre-visite-au-belize\/","name":"MarTalk &amp; Hopkins Beach Cleanup - The Belize Collection","isPartOf":{"@id":"https:\/\/thebelizecollection.com\/fr\/#website"},"primaryImageOfPage":{"@id":"https:\/\/thebelizecollection.com\/fr\/soutenez-la-conservation-marine-lors-de-votre-visite-au-belize\/#primaryimage"},"image":{"@id":"https:\/\/thebelizecollection.com\/fr\/soutenez-la-conservation-marine-lors-de-votre-visite-au-belize\/#primaryimage"},"thumbnailUrl":"https:\/\/thebelizecollection.com\/wp-content\/uploads\/2026\/04\/Caribbean-Reef-Shark-2_Rachel-Grahamjpg.jpg","datePublished":"2026-04-13T22:06:46+00:00","dateModified":"2026-04-22T14:27:27+00:00","breadcrumb":{"@id":"https:\/\/thebelizecollection.com\/fr\/soutenez-la-conservation-marine-lors-de-votre-visite-au-belize\/#breadcrumb"},"inLanguage":"fr-FR","potentialAction":[{"@type":"ReadAction","target":["https:\/\/thebelizecollection.com\/fr\/soutenez-la-conservation-marine-lors-de-votre-visite-au-belize\/"]}]},{"@type":"ImageObject","inLanguage":"fr-FR","@id":"https:\/\/thebelizecollection.com\/fr\/soutenez-la-conservation-marine-lors-de-votre-visite-au-belize\/#primaryimage","url":"https:\/\/thebelizecollection.com\/wp-content\/uploads\/2026\/04\/Caribbean-Reef-Shark-2_Rachel-Grahamjpg.jpg","contentUrl":"https:\/\/thebelizecollection.com\/wp-content\/uploads\/2026\/04\/Caribbean-Reef-Shark-2_Rachel-Grahamjpg.jpg","width":1600,"height":1080},{"@type":"BreadcrumbList","@id":"https:\/\/thebelizecollection.com\/fr\/soutenez-la-conservation-marine-lors-de-votre-visite-au-belize\/#breadcrumb","itemListElement":[{"@type":"ListItem","position":1,"name":"Home","item":"https:\/\/thebelizecollection.com\/fr\/the-belize-collection-2\/"},{"@type":"ListItem","position":2,"name":"MarTalk &amp; Hopkins Beach Cleanup"}]},{"@type":"WebSite","@id":"https:\/\/thebelizecollection.com\/fr\/#website","url":"https:\/\/thebelizecollection.com\/fr\/","name":"The Belize Collection","description":"Everything Belize","potentialAction":[{"@type":"SearchAction","target":{"@type":"EntryPoint","urlTemplate":"https:\/\/thebelizecollection.com\/fr\/?s={search_term_string}"},"query-input":{"@type":"PropertyValueSpecification","valueRequired":true,"valueName":"search_term_string"}}],"inLanguage":"fr-FR"}]}},"jetpack_sharing_enabled":true,"_links":{"self":[{"href":"https:\/\/thebelizecollection.com\/fr\/wp-json\/wp\/v2\/pages\/73881","targetHints":{"allow":["GET"]}}],"collection":[{"href":"https:\/\/thebelizecollection.com\/fr\/wp-json\/wp\/v2\/pages"}],"about":[{"href":"https:\/\/thebelizecollection.com\/fr\/wp-json\/wp\/v2\/types\/page"}],"author":[{"embeddable":true,"href":"https:\/\/thebelizecollection.com\/fr\/wp-json\/wp\/v2\/users\/4"}],"replies":[{"embeddable":true,"href":"https:\/\/thebelizecollection.com\/fr\/wp-json\/wp\/v2\/comments?post=73881"}],"version-history":[{"count":6,"href":"https:\/\/thebelizecollection.com\/fr\/wp-json\/wp\/v2\/pages\/73881\/revisions"}],"predecessor-version":[{"id":74362,"href":"https:\/\/thebelizecollection.com\/fr\/wp-json\/wp\/v2\/pages\/73881\/revisions\/74362"}],"wp:featuredmedia":[{"embeddable":true,"href":"https:\/\/thebelizecollection.com\/fr\/wp-json\/wp\/v2\/media\/73708"}],"wp:attachment":[{"href":"https:\/\/thebelizecollection.com\/fr\/wp-json\/wp\/v2\/media?parent=73881"}],"wp:term":[{"taxonomy":"category","embeddable":true,"href":"https:\/\/thebelizecollection.com\/fr\/wp-json\/wp\/v2\/categories?post=73881"},{"taxonomy":"post_tag","embeddable":true,"href":"https:\/\/thebelizecollection.com\/fr\/wp-json\/wp\/v2\/tags?post=73881"}],"curies":[{"name":"wp","href":"https:\/\/api.w.org\/{rel}","templated":true}]}}