{"id":73882,"date":"2026-04-08T11:28:03","date_gmt":"2026-04-08T17:28:03","guid":{"rendered":"https:\/\/thebelizecollection.com\/jour-de-la-terre-lumieres-eteintes-sur-la-falaise\/"},"modified":"2026-04-22T08:26:01","modified_gmt":"2026-04-22T14:26:01","slug":"jour-de-la-terre-lumieres-eteintes-sur-la-falaise","status":"publish","type":"page","link":"https:\/\/thebelizecollection.com\/fr\/jour-de-la-terre-lumieres-eteintes-sur-la-falaise\/","title":{"rendered":"Jour de la Terre : Lumi\u00e8res \u00e9teintes sur la falaise"},"content":{"rendered":"\t\t<div data-elementor-type=\"wp-page\" data-elementor-id=\"73882\" class=\"elementor elementor-73882 elementor-73178\" data-elementor-post-type=\"page\">\n\t\t\t\t<div class=\"elementor-element elementor-element-2cc2d20 e-con-full e-flex e-con e-parent\" data-id=\"2cc2d20\" data-element_type=\"container\" data-e-type=\"container\" data-settings=\"{&quot;background_background&quot;:&quot;classic&quot;}\">\n\t\t\t\t<\/div>\n\t\t<div class=\"elementor-element elementor-element-e1b8d7f e-flex e-con-boxed e-con e-parent\" data-id=\"e1b8d7f\" data-element_type=\"container\" data-e-type=\"container\">\n\t\t\t\t\t<div class=\"e-con-inner\">\n\t\t\t\t<div class=\"elementor-element elementor-element-c987a09 elementor-widget elementor-widget-spacer\" data-id=\"c987a09\" data-element_type=\"widget\" data-e-type=\"widget\" data-widget_type=\"spacer.default\">\n\t\t\t\t<div class=\"elementor-widget-container\">\n\t\t\t\t\t\t\t<div class=\"elementor-spacer\">\n\t\t\t<div class=\"elementor-spacer-inner\"><\/div>\n\t\t<\/div>\n\t\t\t\t\t\t<\/div>\n\t\t\t\t<\/div>\n\t\t\t\t\t<\/div>\n\t\t\t\t<\/div>\n\t\t<div class=\"elementor-element elementor-element-d22dfd9 e-flex e-con-boxed e-con e-parent\" data-id=\"d22dfd9\" data-element_type=\"container\" data-e-type=\"container\">\n\t\t\t\t\t<div class=\"e-con-inner\">\n\t\t<div class=\"elementor-element elementor-element-3d261d3 e-con-full e-flex e-con e-child\" data-id=\"3d261d3\" data-element_type=\"container\" data-e-type=\"container\">\n\t\t\t\t<div class=\"elementor-element elementor-element-44ce055 elementor-widget elementor-widget-heading\" data-id=\"44ce055\" data-element_type=\"widget\" data-e-type=\"widget\" data-widget_type=\"heading.default\">\n\t\t\t\t<div class=\"elementor-widget-container\">\n\t\t\t\t\t<h1 class=\"elementor-heading-title elementor-size-default\">Jour de la Terre : Lumi\u00e8res \u00e9teintes sur la falaise<\/h1>\t\t\t\t<\/div>\n\t\t\t\t<\/div>\n\t\t\t\t<div class=\"elementor-element elementor-element-59efba4 elementor-widget elementor-widget-text-editor\" data-id=\"59efba4\" data-element_type=\"widget\" data-e-type=\"widget\" data-widget_type=\"text-editor.default\">\n\t\t\t\t<div class=\"elementor-widget-container\">\n\t\t\t\t\t\t\t\t\t<div class=\"elementor-element elementor-element-3fd73d8 elementor-widget elementor-widget-text-editor\" data-id=\"3fd73d8\" data-element_type=\"widget\" data-widget_type=\"text-editor.default\"><div class=\"elementor-widget-container\">C\u00e9l\u00e9brez le Jour de la Terre 2026 avec une soir\u00e9e inoubliable sur la falaise, o\u00f9 la nature, les saveurs et l&#8217;engagement se rencontrent. Dans un cadre offrant des vues panoramiques et les sons de la nature sauvage, cette exp\u00e9rience culinaire intimiste propose des plats soigneusement \u00e9labor\u00e9s, inspir\u00e9s de la terre et de la mer. Rejoignez-nous pour honorer la beaut\u00e9 du Belize \u00e0 travers une cuisine durable, des moments de partage authentiques et un engagement commun pour la protection de notre monde naturel.  <\/div><\/div>\t\t\t\t\t\t\t\t<\/div>\n\t\t\t\t<\/div>\n\t\t\t\t<div class=\"elementor-element elementor-element-0f632e2 elementor-widget elementor-widget-text-editor\" data-id=\"0f632e2\" data-element_type=\"widget\" data-e-type=\"widget\" data-widget_type=\"text-editor.default\">\n\t\t\t\t<div class=\"elementor-widget-container\">\n\t\t\t\t\t\t\t\t\t<p><strong>Lieu :<\/strong> The Cliff at Sleeping Giant<\/p><p><strong>Date :<\/strong> 22 avril 2026<\/p><p><strong>Heure :<\/strong> 18h00<\/p><p><strong>Option 1 :<\/strong> Entr\u00e9e, plat de poisson + dessert = 65 $ US + taxes<\/p><p><strong>Option 2 :<\/strong> Entr\u00e9e, plat de poulet + dessert = 59 $ US + taxes<\/p><p>Un service de navette gratuit partira du hall du Rainforest Lodge at Sleeping Giant \u00e0 17h30. Capacit\u00e9 maximale : 20 personnes. <\/p>\t\t\t\t\t\t\t\t<\/div>\n\t\t\t\t<\/div>\n\t\t<div class=\"elementor-element elementor-element-495ca02 e-grid e-con-full e-con e-child\" data-id=\"495ca02\" data-element_type=\"container\" data-e-type=\"container\">\n\t\t\t\t<div class=\"elementor-element elementor-element-16af8e0 elementor-widget elementor-widget-button\" data-id=\"16af8e0\" data-element_type=\"widget\" data-e-type=\"widget\" data-widget_type=\"button.default\">\n\t\t\t\t<div class=\"elementor-widget-container\">\n\t\t\t\t\t\t\t\t\t<div class=\"elementor-button-wrapper\">\n\t\t\t\t\t<a class=\"elementor-button elementor-button-link elementor-size-sm\" href=\"\">\n\t\t\t\t\t\t<span class=\"elementor-button-content-wrapper\">\n\t\t\t\t\t\t\t\t\t<span class=\"elementor-button-text\">Cliquez ici pour confirmer votre pr\u00e9sence<\/span>\n\t\t\t\t\t<\/span>\n\t\t\t\t\t<\/a>\n\t\t\t\t<\/div>\n\t\t\t\t\t\t\t\t<\/div>\n\t\t\t\t<\/div>\n\t\t\t\t<div class=\"elementor-element elementor-element-38e4897 elementor-widget elementor-widget-button\" data-id=\"38e4897\" data-element_type=\"widget\" data-e-type=\"widget\" data-widget_type=\"button.default\">\n\t\t\t\t<div class=\"elementor-widget-container\">\n\t\t\t\t\t\t\t\t\t<div class=\"elementor-button-wrapper\">\n\t\t\t\t\t<a class=\"elementor-button elementor-button-link elementor-size-sm\" href=\"#elementor-action%3Aaction%3Dpopup%3Aopen%26settings%3DeyJpZCI6NzM1NTQsInRvZ2dsZSI6ZmFsc2V9\">\n\t\t\t\t\t\t<span class=\"elementor-button-content-wrapper\">\n\t\t\t\t\t\t\t\t\t<span class=\"elementor-button-text\">Cliquez pour consulter le menu<\/span>\n\t\t\t\t\t<\/span>\n\t\t\t\t\t<\/a>\n\t\t\t\t<\/div>\n\t\t\t\t\t\t\t\t<\/div>\n\t\t\t\t<\/div>\n\t\t\t\t<\/div>\n\t\t\t\t<\/div>\n\t\t<div class=\"elementor-element elementor-element-cf13c85 e-con-full e-flex e-con e-child\" data-id=\"cf13c85\" data-element_type=\"container\" data-e-type=\"container\" data-settings=\"{&quot;background_background&quot;:&quot;classic&quot;}\">\n\t\t\t\t<\/div>\n\t\t\t\t\t<\/div>\n\t\t\t\t<\/div>\n\t\t<div class=\"elementor-element elementor-element-8635f75 e-flex e-con-boxed e-con e-parent\" data-id=\"8635f75\" data-element_type=\"container\" data-e-type=\"container\">\n\t\t\t\t\t<div class=\"e-con-inner\">\n\t\t\t\t<div class=\"elementor-element elementor-element-1c8d641 elementor-widget elementor-widget-spacer\" data-id=\"1c8d641\" data-element_type=\"widget\" data-e-type=\"widget\" data-widget_type=\"spacer.default\">\n\t\t\t\t<div class=\"elementor-widget-container\">\n\t\t\t\t\t\t\t<div class=\"elementor-spacer\">\n\t\t\t<div class=\"elementor-spacer-inner\"><\/div>\n\t\t<\/div>\n\t\t\t\t\t\t<\/div>\n\t\t\t\t<\/div>\n\t\t\t\t\t<\/div>\n\t\t\t\t<\/div>\n\t\t\t\t<\/div>\n\t\t","protected":false},"excerpt":{"rendered":"<p>Jour de la Terre : Lumi\u00e8res \u00e9teintes sur la falaise C\u00e9l\u00e9brez le Jour de la Terre 2026 avec une soir\u00e9e inoubliable sur la falaise, o\u00f9 la nature, les saveurs et l&#8217;engagement se rencontrent. Dans un cadre offrant des vues panoramiques et les sons de la nature sauvage, cette exp\u00e9rience culinaire intimiste propose des plats soigneusement [&hellip;]<\/p>\n","protected":false},"author":4,"featured_media":73535,"parent":0,"menu_order":0,"comment_status":"closed","ping_status":"closed","template":"page-full-width.php","meta":{"_acf_changed":false,"_vp_format_video_url":"","_vp_image_focal_point":[],"footnotes":""},"categories":[206],"tags":[],"class_list":["post-73882","page","type-page","status-publish","has-post-thumbnail","hentry","category-rassemblement-tbc"],"acf":[],"yoast_head":"<!-- This site is optimized with the Yoast SEO plugin v27.4 - https:\/\/yoast.com\/product\/yoast-seo-wordpress\/ -->\n<title>Jour de la Terre : Lumi\u00e8res \u00e9teintes sur la falaise - The Belize Collection<\/title>\n<meta name=\"robots\" content=\"index, follow, max-snippet:-1, max-image-preview:large, max-video-preview:-1\" \/>\n<link rel=\"canonical\" href=\"https:\/\/thebelizecollection.com\/fr\/jour-de-la-terre-lumieres-eteintes-sur-la-falaise\/\" \/>\n<meta property=\"og:locale\" content=\"fr_FR\" \/>\n<meta property=\"og:type\" content=\"article\" \/>\n<meta property=\"og:title\" content=\"Jour de la Terre : Lumi\u00e8res \u00e9teintes sur la falaise - The Belize Collection\" \/>\n<meta property=\"og:description\" content=\"Jour de la Terre : Lumi\u00e8res \u00e9teintes sur la falaise C\u00e9l\u00e9brez le Jour de la Terre 2026 avec une soir\u00e9e inoubliable sur la falaise, o\u00f9 la nature, les saveurs et l&#8217;engagement se rencontrent. Dans un cadre offrant des vues panoramiques et les sons de la nature sauvage, cette exp\u00e9rience culinaire intimiste propose des plats soigneusement [&hellip;]\" \/>\n<meta property=\"og:url\" content=\"https:\/\/thebelizecollection.com\/fr\/jour-de-la-terre-lumieres-eteintes-sur-la-falaise\/\" \/>\n<meta property=\"og:site_name\" content=\"The Belize Collection\" \/>\n<meta property=\"article:modified_time\" content=\"2026-04-22T14:26:01+00:00\" \/>\n<meta property=\"og:image\" content=\"https:\/\/thebelizecollection.com\/wp-content\/uploads\/2026\/04\/LEX02616.jpg\" \/>\n\t<meta property=\"og:image:width\" content=\"2048\" \/>\n\t<meta property=\"og:image:height\" content=\"1365\" \/>\n\t<meta property=\"og:image:type\" content=\"image\/jpeg\" \/>\n<meta name=\"twitter:card\" content=\"summary_large_image\" \/>\n<meta name=\"twitter:label1\" content=\"Dur\u00e9e de lecture estim\u00e9e\" \/>\n\t<meta name=\"twitter:data1\" content=\"1 minute\" \/>\n<script type=\"application\/ld+json\" class=\"yoast-schema-graph\">{\"@context\":\"https:\\\/\\\/schema.org\",\"@graph\":[{\"@type\":\"WebPage\",\"@id\":\"https:\\\/\\\/thebelizecollection.com\\\/fr\\\/jour-de-la-terre-lumieres-eteintes-sur-la-falaise\\\/\",\"url\":\"https:\\\/\\\/thebelizecollection.com\\\/fr\\\/jour-de-la-terre-lumieres-eteintes-sur-la-falaise\\\/\",\"name\":\"Jour de la Terre : Lumi\u00e8res \u00e9teintes sur la falaise - The Belize Collection\",\"isPartOf\":{\"@id\":\"https:\\\/\\\/thebelizecollection.com\\\/fr\\\/#website\"},\"primaryImageOfPage\":{\"@id\":\"https:\\\/\\\/thebelizecollection.com\\\/fr\\\/jour-de-la-terre-lumieres-eteintes-sur-la-falaise\\\/#primaryimage\"},\"image\":{\"@id\":\"https:\\\/\\\/thebelizecollection.com\\\/fr\\\/jour-de-la-terre-lumieres-eteintes-sur-la-falaise\\\/#primaryimage\"},\"thumbnailUrl\":\"https:\\\/\\\/thebelizecollection.com\\\/wp-content\\\/uploads\\\/2026\\\/04\\\/LEX02616.jpg\",\"datePublished\":\"2026-04-08T17:28:03+00:00\",\"dateModified\":\"2026-04-22T14:26:01+00:00\",\"breadcrumb\":{\"@id\":\"https:\\\/\\\/thebelizecollection.com\\\/fr\\\/jour-de-la-terre-lumieres-eteintes-sur-la-falaise\\\/#breadcrumb\"},\"inLanguage\":\"fr-FR\",\"potentialAction\":[{\"@type\":\"ReadAction\",\"target\":[\"https:\\\/\\\/thebelizecollection.com\\\/fr\\\/jour-de-la-terre-lumieres-eteintes-sur-la-falaise\\\/\"]}]},{\"@type\":\"ImageObject\",\"inLanguage\":\"fr-FR\",\"@id\":\"https:\\\/\\\/thebelizecollection.com\\\/fr\\\/jour-de-la-terre-lumieres-eteintes-sur-la-falaise\\\/#primaryimage\",\"url\":\"https:\\\/\\\/thebelizecollection.com\\\/wp-content\\\/uploads\\\/2026\\\/04\\\/LEX02616.jpg\",\"contentUrl\":\"https:\\\/\\\/thebelizecollection.com\\\/wp-content\\\/uploads\\\/2026\\\/04\\\/LEX02616.jpg\",\"width\":2048,\"height\":1365},{\"@type\":\"BreadcrumbList\",\"@id\":\"https:\\\/\\\/thebelizecollection.com\\\/fr\\\/jour-de-la-terre-lumieres-eteintes-sur-la-falaise\\\/#breadcrumb\",\"itemListElement\":[{\"@type\":\"ListItem\",\"position\":1,\"name\":\"Home\",\"item\":\"https:\\\/\\\/thebelizecollection.com\\\/fr\\\/the-belize-collection-2\\\/\"},{\"@type\":\"ListItem\",\"position\":2,\"name\":\"Jour de la Terre : Lumi\u00e8res \u00e9teintes sur la falaise\"}]},{\"@type\":\"WebSite\",\"@id\":\"https:\\\/\\\/thebelizecollection.com\\\/fr\\\/#website\",\"url\":\"https:\\\/\\\/thebelizecollection.com\\\/fr\\\/\",\"name\":\"The Belize Collection\",\"description\":\"Everything Belize\",\"potentialAction\":[{\"@type\":\"SearchAction\",\"target\":{\"@type\":\"EntryPoint\",\"urlTemplate\":\"https:\\\/\\\/thebelizecollection.com\\\/fr\\\/?s={search_term_string}\"},\"query-input\":{\"@type\":\"PropertyValueSpecification\",\"valueRequired\":true,\"valueName\":\"search_term_string\"}}],\"inLanguage\":\"fr-FR\"}]}<\/script>\n<!-- \/ Yoast SEO plugin. -->","yoast_head_json":{"title":"Jour de la Terre : Lumi\u00e8res \u00e9teintes sur la falaise - The Belize Collection","robots":{"index":"index","follow":"follow","max-snippet":"max-snippet:-1","max-image-preview":"max-image-preview:large","max-video-preview":"max-video-preview:-1"},"canonical":"https:\/\/thebelizecollection.com\/fr\/jour-de-la-terre-lumieres-eteintes-sur-la-falaise\/","og_locale":"fr_FR","og_type":"article","og_title":"Jour de la Terre : Lumi\u00e8res \u00e9teintes sur la falaise - The Belize Collection","og_description":"Jour de la Terre : Lumi\u00e8res \u00e9teintes sur la falaise C\u00e9l\u00e9brez le Jour de la Terre 2026 avec une soir\u00e9e inoubliable sur la falaise, o\u00f9 la nature, les saveurs et l&#8217;engagement se rencontrent. Dans un cadre offrant des vues panoramiques et les sons de la nature sauvage, cette exp\u00e9rience culinaire intimiste propose des plats soigneusement [&hellip;]","og_url":"https:\/\/thebelizecollection.com\/fr\/jour-de-la-terre-lumieres-eteintes-sur-la-falaise\/","og_site_name":"The Belize Collection","article_modified_time":"2026-04-22T14:26:01+00:00","og_image":[{"width":2048,"height":1365,"url":"https:\/\/thebelizecollection.com\/wp-content\/uploads\/2026\/04\/LEX02616.jpg","type":"image\/jpeg"}],"twitter_card":"summary_large_image","twitter_misc":{"Dur\u00e9e de lecture estim\u00e9e":"1 minute"},"schema":{"@context":"https:\/\/schema.org","@graph":[{"@type":"WebPage","@id":"https:\/\/thebelizecollection.com\/fr\/jour-de-la-terre-lumieres-eteintes-sur-la-falaise\/","url":"https:\/\/thebelizecollection.com\/fr\/jour-de-la-terre-lumieres-eteintes-sur-la-falaise\/","name":"Jour de la Terre : Lumi\u00e8res \u00e9teintes sur la falaise - The Belize Collection","isPartOf":{"@id":"https:\/\/thebelizecollection.com\/fr\/#website"},"primaryImageOfPage":{"@id":"https:\/\/thebelizecollection.com\/fr\/jour-de-la-terre-lumieres-eteintes-sur-la-falaise\/#primaryimage"},"image":{"@id":"https:\/\/thebelizecollection.com\/fr\/jour-de-la-terre-lumieres-eteintes-sur-la-falaise\/#primaryimage"},"thumbnailUrl":"https:\/\/thebelizecollection.com\/wp-content\/uploads\/2026\/04\/LEX02616.jpg","datePublished":"2026-04-08T17:28:03+00:00","dateModified":"2026-04-22T14:26:01+00:00","breadcrumb":{"@id":"https:\/\/thebelizecollection.com\/fr\/jour-de-la-terre-lumieres-eteintes-sur-la-falaise\/#breadcrumb"},"inLanguage":"fr-FR","potentialAction":[{"@type":"ReadAction","target":["https:\/\/thebelizecollection.com\/fr\/jour-de-la-terre-lumieres-eteintes-sur-la-falaise\/"]}]},{"@type":"ImageObject","inLanguage":"fr-FR","@id":"https:\/\/thebelizecollection.com\/fr\/jour-de-la-terre-lumieres-eteintes-sur-la-falaise\/#primaryimage","url":"https:\/\/thebelizecollection.com\/wp-content\/uploads\/2026\/04\/LEX02616.jpg","contentUrl":"https:\/\/thebelizecollection.com\/wp-content\/uploads\/2026\/04\/LEX02616.jpg","width":2048,"height":1365},{"@type":"BreadcrumbList","@id":"https:\/\/thebelizecollection.com\/fr\/jour-de-la-terre-lumieres-eteintes-sur-la-falaise\/#breadcrumb","itemListElement":[{"@type":"ListItem","position":1,"name":"Home","item":"https:\/\/thebelizecollection.com\/fr\/the-belize-collection-2\/"},{"@type":"ListItem","position":2,"name":"Jour de la Terre : Lumi\u00e8res \u00e9teintes sur la falaise"}]},{"@type":"WebSite","@id":"https:\/\/thebelizecollection.com\/fr\/#website","url":"https:\/\/thebelizecollection.com\/fr\/","name":"The Belize Collection","description":"Everything Belize","potentialAction":[{"@type":"SearchAction","target":{"@type":"EntryPoint","urlTemplate":"https:\/\/thebelizecollection.com\/fr\/?s={search_term_string}"},"query-input":{"@type":"PropertyValueSpecification","valueRequired":true,"valueName":"search_term_string"}}],"inLanguage":"fr-FR"}]}},"jetpack_sharing_enabled":true,"_links":{"self":[{"href":"https:\/\/thebelizecollection.com\/fr\/wp-json\/wp\/v2\/pages\/73882","targetHints":{"allow":["GET"]}}],"collection":[{"href":"https:\/\/thebelizecollection.com\/fr\/wp-json\/wp\/v2\/pages"}],"about":[{"href":"https:\/\/thebelizecollection.com\/fr\/wp-json\/wp\/v2\/types\/page"}],"author":[{"embeddable":true,"href":"https:\/\/thebelizecollection.com\/fr\/wp-json\/wp\/v2\/users\/4"}],"replies":[{"embeddable":true,"href":"https:\/\/thebelizecollection.com\/fr\/wp-json\/wp\/v2\/comments?post=73882"}],"version-history":[{"count":6,"href":"https:\/\/thebelizecollection.com\/fr\/wp-json\/wp\/v2\/pages\/73882\/revisions"}],"predecessor-version":[{"id":74349,"href":"https:\/\/thebelizecollection.com\/fr\/wp-json\/wp\/v2\/pages\/73882\/revisions\/74349"}],"wp:featuredmedia":[{"embeddable":true,"href":"https:\/\/thebelizecollection.com\/fr\/wp-json\/wp\/v2\/media\/73535"}],"wp:attachment":[{"href":"https:\/\/thebelizecollection.com\/fr\/wp-json\/wp\/v2\/media?parent=73882"}],"wp:term":[{"taxonomy":"category","embeddable":true,"href":"https:\/\/thebelizecollection.com\/fr\/wp-json\/wp\/v2\/categories?post=73882"},{"taxonomy":"post_tag","embeddable":true,"href":"https:\/\/thebelizecollection.com\/fr\/wp-json\/wp\/v2\/tags?post=73882"}],"curies":[{"name":"wp","href":"https:\/\/api.w.org\/{rel}","templated":true}]}}