{"id":75892,"date":"2026-04-29T09:14:38","date_gmt":"2026-04-29T15:14:38","guid":{"rendered":"https:\/\/thebelizecollection.com\/evasions-a-la-plage-et-retraites-en-foret-tropicale-the-belize-collection\/"},"modified":"2026-04-30T09:26:51","modified_gmt":"2026-04-30T15:26:51","slug":"evasions-a-la-plage-et-retraites-en-foret-tropicale-the-belize-collection","status":"publish","type":"page","link":"https:\/\/thebelizecollection.com\/fr\/evasions-a-la-plage-et-retraites-en-foret-tropicale-the-belize-collection\/","title":{"rendered":"\u00c9vasions \u00e0 la plage et retraites en for\u00eat tropicale | The Belize Collection"},"content":{"rendered":"\t\t<div data-elementor-type=\"wp-page\" data-elementor-id=\"75892\" class=\"elementor elementor-75892 elementor-73862\" data-elementor-post-type=\"page\">\n\t\t\t\t<div class=\"elementor-element elementor-element-7c4ef77d e-con-full e-flex e-con e-parent\" data-id=\"7c4ef77d\" data-element_type=\"container\" data-e-type=\"container\" data-settings=\"{&quot;background_background&quot;:&quot;classic&quot;}\">\n\t\t\t\t<\/div>\n\t\t<div class=\"elementor-element elementor-element-4649901c e-flex e-con-boxed elementor-invisible e-con e-parent\" data-id=\"4649901c\" data-element_type=\"container\" data-e-type=\"container\" data-settings=\"{&quot;animation&quot;:&quot;fadeInUp&quot;}\">\n\t\t\t\t\t<div class=\"e-con-inner\">\n\t\t\t\t<div class=\"elementor-element elementor-element-5c62ada elementor-widget elementor-widget-spacer\" data-id=\"5c62ada\" data-element_type=\"widget\" data-e-type=\"widget\" data-widget_type=\"spacer.default\">\n\t\t\t\t<div class=\"elementor-widget-container\">\n\t\t\t\t\t\t\t<div class=\"elementor-spacer\">\n\t\t\t<div class=\"elementor-spacer-inner\"><\/div>\n\t\t<\/div>\n\t\t\t\t\t\t<\/div>\n\t\t\t\t<\/div>\n\t\t\t\t<div class=\"elementor-element elementor-element-66ed8d61 elementor-widget elementor-widget-heading\" data-id=\"66ed8d61\" data-element_type=\"widget\" data-e-type=\"widget\" data-widget_type=\"heading.default\">\n\t\t\t\t<div class=\"elementor-widget-container\">\n\t\t\t\t\t<h1 class=\"elementor-heading-title elementor-size-default\">Le Belize rec\u00e8le un monde de merveilles<\/h1>\t\t\t\t<\/div>\n\t\t\t\t<\/div>\n\t\t\t\t<div class=\"elementor-element elementor-element-5680be82 elementor-widget elementor-widget-text-editor\" data-id=\"5680be82\" data-element_type=\"widget\" data-e-type=\"widget\" data-widget_type=\"text-editor.default\">\n\t\t\t\t<div class=\"elementor-widget-container\">\n\t\t\t\t\t\t\t\t\t<div class=\"elementor-element elementor-element-3fd73d8 elementor-widget elementor-widget-text-editor\" data-id=\"3fd73d8\" data-element_type=\"widget\" data-widget_type=\"text-editor.default\"><div class=\"elementor-widget-container\">Vos vacances au Belize vous promettent autant d\u2019aventure que de d\u00e9tente le long de 240 milles de c\u00f4tes carib\u00e9ennes aux eaux cristallines, o\u00f9 des villages de p\u00eacheurs s\u2019ouvrent sur des sables dor\u00e9s et la deuxi\u00e8me plus grande barri\u00e8re de corail au monde. \u00c0 l\u2019int\u00e9rieur des terres, les for\u00eats tropicales des monts Maya, riches en faune, en cascades et en r\u00e9seaux de grottes complexes, enveloppent les temples de cette civilisation ancienne. <\/div><\/div><div><p>D\u00e9sormais plus facile que jamais \u00e0 atteindre, notre joyau d\u2019Am\u00e9rique centrale accueille les voyageurs avec de nouveaux vols directs. Ajoutez \u00e0 cela une temp\u00e9rature moyenne de 26 \u00b0C et vous voil\u00e0 dans un havre tropical toute l\u2019ann\u00e9e. Pendant la saison verte (de juin \u00e0 mi-novembre), soyez pr\u00e9voyant et emportez une veste de pluie, car de br\u00e8ves pluies tropicales pr\u00e9servent la luxuriance du paysage.  <\/p><p>Pour faciliter encore davantage votre s\u00e9jour, l\u2019anglais est la langue officielle du pays, ce qui vous permet de communiquer ais\u00e9ment.<\/p><p>\u00c0 tout moment de l\u2019ann\u00e9e, vous d\u00e9couvrirez une culture aussi riche que le paysage, o\u00f9 les tambours accueillants des Garifunas, les traditions mayas, la cuisine cr\u00e9ole et l\u2019artisanat mennonite contribuent \u00e0 l\u2019h\u00e9ritage commun.<\/p><p>Plus extraordinaire encore est l\u2019engagement farouche du Belize \u00e0 prot\u00e9ger la biodiversit\u00e9 et les \u00e9cosyst\u00e8mes distinctifs, avec plus de 40 % des terres et pr\u00e8s de 30 % des eaux sous protection. The Belize Collection contribue \u00e0 cette pr\u00e9servation en soutenant la conservation, en s\u2019approvisionnant localement et en cr\u00e9ant des exp\u00e9riences qui profitent autant aux communaut\u00e9s qu\u2019elles vous enchantent. <\/p><p>Commencez votre aventure pieds nus dans nos complexes baln\u00e9aires de Hopkins ou Placencia, passez une journ\u00e9e sur notre \u00eele priv\u00e9e, ou lacez vos chaussures de randonn\u00e9e pour un s\u00e9jour \u00e0 l\u2019int\u00e9rieur des terres, pr\u00e8s du Sleeping Giant et des rives de la rivi\u00e8re Sittee. Profitez de 10 000 acres de for\u00eat tropicale et d\u2019orangeraies environnantes, un paradis infini de vie sauvage qui fait de l\u2019oisivet\u00e9 une activit\u00e9 en soi, ou choisissez parmi notre myriade d\u2019aventures sur place. <\/p><p>D\u00e9couvrez comment chaque complexe h\u00f4telier ouvre une nouvelle page de notre histoire aux multiples facettes pour vous surprendre encore et encore.<\/p><\/div>\t\t\t\t\t\t\t\t<\/div>\n\t\t\t\t<\/div>\n\t\t\t\t\t<\/div>\n\t\t\t\t<\/div>\n\t\t<div class=\"elementor-element elementor-element-360faac e-flex e-con-boxed e-con e-parent\" data-id=\"360faac\" data-element_type=\"container\" data-e-type=\"container\">\n\t\t\t\t\t<div class=\"e-con-inner\">\n\t\t\t\t<div class=\"elementor-element elementor-element-123a441 elementor-widget elementor-widget-spacer\" data-id=\"123a441\" data-element_type=\"widget\" data-e-type=\"widget\" data-widget_type=\"spacer.default\">\n\t\t\t\t<div class=\"elementor-widget-container\">\n\t\t\t\t\t\t\t<div class=\"elementor-spacer\">\n\t\t\t<div class=\"elementor-spacer-inner\"><\/div>\n\t\t<\/div>\n\t\t\t\t\t\t<\/div>\n\t\t\t\t<\/div>\n\t\t\t\t\t<\/div>\n\t\t\t\t<\/div>\n\t\t\t\t<\/div>\n\t\t","protected":false},"excerpt":{"rendered":"<p>Le Belize rec\u00e8le un monde de merveilles Vos vacances au Belize vous promettent autant d\u2019aventure que de d\u00e9tente le long de 240 milles de c\u00f4tes carib\u00e9ennes aux eaux cristallines, o\u00f9 des villages de p\u00eacheurs s\u2019ouvrent sur des sables dor\u00e9s et la deuxi\u00e8me plus grande barri\u00e8re de corail au monde. \u00c0 l\u2019int\u00e9rieur des terres, les for\u00eats [&hellip;]<\/p>\n","protected":false},"author":4,"featured_media":0,"parent":0,"menu_order":0,"comment_status":"closed","ping_status":"closed","template":"page-full-width.php","meta":{"_acf_changed":false,"_vp_format_video_url":"","_vp_image_focal_point":[],"footnotes":""},"categories":[],"tags":[],"class_list":["post-75892","page","type-page","status-publish","hentry"],"acf":[],"yoast_head":"<!-- This site is optimized with the Yoast SEO plugin v27.5 - https:\/\/yoast.com\/product\/yoast-seo-wordpress\/ -->\n<title>\u00c9vasions \u00e0 la plage et retraites en for\u00eat tropicale | The Belize Collection - The Belize Collection<\/title>\n<meta name=\"description\" content=\"Des c\u00f4tes scintillantes de la mer des Cara\u00efbes aux profondeurs de la for\u00eat tropicale mill\u00e9naire, The Belize Collection met le meilleur du Belize \u00e0 votre port\u00e9e. D\u00e9couvrez une collection de complexes h\u00f4teliers con\u00e7us pour inspirer, ressourcer et vous donner l\u2019envie irr\u00e9sistible de revenir.\" \/>\n<meta name=\"robots\" content=\"index, follow, max-snippet:-1, max-image-preview:large, max-video-preview:-1\" \/>\n<link rel=\"canonical\" href=\"https:\/\/thebelizecollection.com\/fr\/evasions-a-la-plage-et-retraites-en-foret-tropicale-the-belize-collection\/\" \/>\n<meta property=\"og:locale\" content=\"fr_FR\" \/>\n<meta property=\"og:type\" content=\"article\" \/>\n<meta property=\"og:title\" content=\"\u00c9vasions \u00e0 la plage et retraites en for\u00eat tropicale | The Belize Collection - The Belize Collection\" \/>\n<meta property=\"og:description\" content=\"Des c\u00f4tes scintillantes de la mer des Cara\u00efbes aux profondeurs de la for\u00eat tropicale mill\u00e9naire, The Belize Collection met le meilleur du Belize \u00e0 votre port\u00e9e. D\u00e9couvrez une collection de complexes h\u00f4teliers con\u00e7us pour inspirer, ressourcer et vous donner l\u2019envie irr\u00e9sistible de revenir.\" \/>\n<meta property=\"og:url\" content=\"https:\/\/thebelizecollection.com\/fr\/evasions-a-la-plage-et-retraites-en-foret-tropicale-the-belize-collection\/\" \/>\n<meta property=\"og:site_name\" content=\"The Belize Collection\" \/>\n<meta property=\"article:modified_time\" content=\"2026-04-30T15:26:51+00:00\" \/>\n<meta name=\"twitter:card\" content=\"summary_large_image\" \/>\n<meta name=\"twitter:label1\" content=\"Dur\u00e9e de lecture estim\u00e9e\" \/>\n\t<meta name=\"twitter:data1\" content=\"2 minutes\" \/>\n<script type=\"application\/ld+json\" class=\"yoast-schema-graph\">{\"@context\":\"https:\\\/\\\/schema.org\",\"@graph\":[{\"@type\":\"WebPage\",\"@id\":\"https:\\\/\\\/thebelizecollection.com\\\/fr\\\/evasions-a-la-plage-et-retraites-en-foret-tropicale-the-belize-collection\\\/\",\"url\":\"https:\\\/\\\/thebelizecollection.com\\\/fr\\\/evasions-a-la-plage-et-retraites-en-foret-tropicale-the-belize-collection\\\/\",\"name\":\"\u00c9vasions \u00e0 la plage et retraites en for\u00eat tropicale | The Belize Collection - The Belize Collection\",\"isPartOf\":{\"@id\":\"https:\\\/\\\/thebelizecollection.com\\\/fr\\\/#website\"},\"datePublished\":\"2026-04-29T15:14:38+00:00\",\"dateModified\":\"2026-04-30T15:26:51+00:00\",\"description\":\"Des c\u00f4tes scintillantes de la mer des Cara\u00efbes aux profondeurs de la for\u00eat tropicale mill\u00e9naire, The Belize Collection met le meilleur du Belize \u00e0 votre port\u00e9e. D\u00e9couvrez une collection de complexes h\u00f4teliers con\u00e7us pour inspirer, ressourcer et vous donner l\u2019envie irr\u00e9sistible de revenir.\",\"breadcrumb\":{\"@id\":\"https:\\\/\\\/thebelizecollection.com\\\/fr\\\/evasions-a-la-plage-et-retraites-en-foret-tropicale-the-belize-collection\\\/#breadcrumb\"},\"inLanguage\":\"fr-FR\",\"potentialAction\":[{\"@type\":\"ReadAction\",\"target\":[\"https:\\\/\\\/thebelizecollection.com\\\/fr\\\/evasions-a-la-plage-et-retraites-en-foret-tropicale-the-belize-collection\\\/\"]}]},{\"@type\":\"BreadcrumbList\",\"@id\":\"https:\\\/\\\/thebelizecollection.com\\\/fr\\\/evasions-a-la-plage-et-retraites-en-foret-tropicale-the-belize-collection\\\/#breadcrumb\",\"itemListElement\":[{\"@type\":\"ListItem\",\"position\":1,\"name\":\"Home\",\"item\":\"https:\\\/\\\/thebelizecollection.com\\\/fr\\\/the-belize-collection-2\\\/\"},{\"@type\":\"ListItem\",\"position\":2,\"name\":\"\u00c9vasions \u00e0 la plage et retraites en for\u00eat tropicale | The Belize Collection\"}]},{\"@type\":\"WebSite\",\"@id\":\"https:\\\/\\\/thebelizecollection.com\\\/fr\\\/#website\",\"url\":\"https:\\\/\\\/thebelizecollection.com\\\/fr\\\/\",\"name\":\"The Belize Collection\",\"description\":\"Everything Belize\",\"potentialAction\":[{\"@type\":\"SearchAction\",\"target\":{\"@type\":\"EntryPoint\",\"urlTemplate\":\"https:\\\/\\\/thebelizecollection.com\\\/fr\\\/?s={search_term_string}\"},\"query-input\":{\"@type\":\"PropertyValueSpecification\",\"valueRequired\":true,\"valueName\":\"search_term_string\"}}],\"inLanguage\":\"fr-FR\"}]}<\/script>\n<!-- \/ Yoast SEO plugin. -->","yoast_head_json":{"title":"\u00c9vasions \u00e0 la plage et retraites en for\u00eat tropicale | The Belize Collection - The Belize Collection","description":"Des c\u00f4tes scintillantes de la mer des Cara\u00efbes aux profondeurs de la for\u00eat tropicale mill\u00e9naire, The Belize Collection met le meilleur du Belize \u00e0 votre port\u00e9e. D\u00e9couvrez une collection de complexes h\u00f4teliers con\u00e7us pour inspirer, ressourcer et vous donner l\u2019envie irr\u00e9sistible de revenir.","robots":{"index":"index","follow":"follow","max-snippet":"max-snippet:-1","max-image-preview":"max-image-preview:large","max-video-preview":"max-video-preview:-1"},"canonical":"https:\/\/thebelizecollection.com\/fr\/evasions-a-la-plage-et-retraites-en-foret-tropicale-the-belize-collection\/","og_locale":"fr_FR","og_type":"article","og_title":"\u00c9vasions \u00e0 la plage et retraites en for\u00eat tropicale | The Belize Collection - The Belize Collection","og_description":"Des c\u00f4tes scintillantes de la mer des Cara\u00efbes aux profondeurs de la for\u00eat tropicale mill\u00e9naire, The Belize Collection met le meilleur du Belize \u00e0 votre port\u00e9e. D\u00e9couvrez une collection de complexes h\u00f4teliers con\u00e7us pour inspirer, ressourcer et vous donner l\u2019envie irr\u00e9sistible de revenir.","og_url":"https:\/\/thebelizecollection.com\/fr\/evasions-a-la-plage-et-retraites-en-foret-tropicale-the-belize-collection\/","og_site_name":"The Belize Collection","article_modified_time":"2026-04-30T15:26:51+00:00","twitter_card":"summary_large_image","twitter_misc":{"Dur\u00e9e de lecture estim\u00e9e":"2 minutes"},"schema":{"@context":"https:\/\/schema.org","@graph":[{"@type":"WebPage","@id":"https:\/\/thebelizecollection.com\/fr\/evasions-a-la-plage-et-retraites-en-foret-tropicale-the-belize-collection\/","url":"https:\/\/thebelizecollection.com\/fr\/evasions-a-la-plage-et-retraites-en-foret-tropicale-the-belize-collection\/","name":"\u00c9vasions \u00e0 la plage et retraites en for\u00eat tropicale | The Belize Collection - The Belize Collection","isPartOf":{"@id":"https:\/\/thebelizecollection.com\/fr\/#website"},"datePublished":"2026-04-29T15:14:38+00:00","dateModified":"2026-04-30T15:26:51+00:00","description":"Des c\u00f4tes scintillantes de la mer des Cara\u00efbes aux profondeurs de la for\u00eat tropicale mill\u00e9naire, The Belize Collection met le meilleur du Belize \u00e0 votre port\u00e9e. D\u00e9couvrez une collection de complexes h\u00f4teliers con\u00e7us pour inspirer, ressourcer et vous donner l\u2019envie irr\u00e9sistible de revenir.","breadcrumb":{"@id":"https:\/\/thebelizecollection.com\/fr\/evasions-a-la-plage-et-retraites-en-foret-tropicale-the-belize-collection\/#breadcrumb"},"inLanguage":"fr-FR","potentialAction":[{"@type":"ReadAction","target":["https:\/\/thebelizecollection.com\/fr\/evasions-a-la-plage-et-retraites-en-foret-tropicale-the-belize-collection\/"]}]},{"@type":"BreadcrumbList","@id":"https:\/\/thebelizecollection.com\/fr\/evasions-a-la-plage-et-retraites-en-foret-tropicale-the-belize-collection\/#breadcrumb","itemListElement":[{"@type":"ListItem","position":1,"name":"Home","item":"https:\/\/thebelizecollection.com\/fr\/the-belize-collection-2\/"},{"@type":"ListItem","position":2,"name":"\u00c9vasions \u00e0 la plage et retraites en for\u00eat tropicale | The Belize Collection"}]},{"@type":"WebSite","@id":"https:\/\/thebelizecollection.com\/fr\/#website","url":"https:\/\/thebelizecollection.com\/fr\/","name":"The Belize Collection","description":"Everything Belize","potentialAction":[{"@type":"SearchAction","target":{"@type":"EntryPoint","urlTemplate":"https:\/\/thebelizecollection.com\/fr\/?s={search_term_string}"},"query-input":{"@type":"PropertyValueSpecification","valueRequired":true,"valueName":"search_term_string"}}],"inLanguage":"fr-FR"}]}},"jetpack_sharing_enabled":true,"_links":{"self":[{"href":"https:\/\/thebelizecollection.com\/fr\/wp-json\/wp\/v2\/pages\/75892","targetHints":{"allow":["GET"]}}],"collection":[{"href":"https:\/\/thebelizecollection.com\/fr\/wp-json\/wp\/v2\/pages"}],"about":[{"href":"https:\/\/thebelizecollection.com\/fr\/wp-json\/wp\/v2\/types\/page"}],"author":[{"embeddable":true,"href":"https:\/\/thebelizecollection.com\/fr\/wp-json\/wp\/v2\/users\/4"}],"replies":[{"embeddable":true,"href":"https:\/\/thebelizecollection.com\/fr\/wp-json\/wp\/v2\/comments?post=75892"}],"version-history":[{"count":1,"href":"https:\/\/thebelizecollection.com\/fr\/wp-json\/wp\/v2\/pages\/75892\/revisions"}],"predecessor-version":[{"id":75893,"href":"https:\/\/thebelizecollection.com\/fr\/wp-json\/wp\/v2\/pages\/75892\/revisions\/75893"}],"wp:attachment":[{"href":"https:\/\/thebelizecollection.com\/fr\/wp-json\/wp\/v2\/media?parent=75892"}],"wp:term":[{"taxonomy":"category","embeddable":true,"href":"https:\/\/thebelizecollection.com\/fr\/wp-json\/wp\/v2\/categories?post=75892"},{"taxonomy":"post_tag","embeddable":true,"href":"https:\/\/thebelizecollection.com\/fr\/wp-json\/wp\/v2\/tags?post=75892"}],"curies":[{"name":"wp","href":"https:\/\/api.w.org\/{rel}","templated":true}]}}