{"id":75899,"date":"2026-04-11T16:09:15","date_gmt":"2026-04-11T22:09:15","guid":{"rendered":"https:\/\/thebelizecollection.com\/mouvement-mobilite-et-pleine-conscience\/"},"modified":"2026-04-30T09:27:20","modified_gmt":"2026-04-30T15:27:20","slug":"mouvement-mobilite-et-pleine-conscience","status":"publish","type":"page","link":"https:\/\/thebelizecollection.com\/fr\/mouvement-mobilite-et-pleine-conscience\/","title":{"rendered":"Mouvement, mobilit\u00e9 et pleine conscience"},"content":{"rendered":"\t\t<div data-elementor-type=\"wp-page\" data-elementor-id=\"75899\" class=\"elementor elementor-75899 elementor-73916\" data-elementor-post-type=\"page\">\n\t\t\t\t<div class=\"elementor-element elementor-element-287690d e-con-full elementor-hidden-mobile e-flex e-con e-parent\" data-id=\"287690d\" data-element_type=\"container\" data-e-type=\"container\" data-settings=\"{&quot;background_background&quot;:&quot;classic&quot;}\">\n\t\t\t\t<\/div>\n\t\t<div class=\"elementor-element elementor-element-7e32a51 e-flex e-con-boxed e-con e-parent\" data-id=\"7e32a51\" data-element_type=\"container\" data-e-type=\"container\">\n\t\t\t\t\t<div class=\"e-con-inner\">\n\t\t\t\t<div class=\"elementor-element elementor-element-8b0fce4 elementor-widget elementor-widget-spacer\" data-id=\"8b0fce4\" data-element_type=\"widget\" data-e-type=\"widget\" data-widget_type=\"spacer.default\">\n\t\t\t\t<div class=\"elementor-widget-container\">\n\t\t\t\t\t\t\t<div class=\"elementor-spacer\">\n\t\t\t<div class=\"elementor-spacer-inner\"><\/div>\n\t\t<\/div>\n\t\t\t\t\t\t<\/div>\n\t\t\t\t<\/div>\n\t\t\t\t\t<\/div>\n\t\t\t\t<\/div>\n\t\t<div class=\"elementor-element elementor-element-a507215 e-flex e-con-boxed e-con e-parent\" data-id=\"a507215\" data-element_type=\"container\" data-e-type=\"container\">\n\t\t\t\t\t<div class=\"e-con-inner\">\n\t\t<div class=\"elementor-element elementor-element-7fdd774 e-con-full e-flex e-con e-child\" data-id=\"7fdd774\" data-element_type=\"container\" data-e-type=\"container\">\n\t\t\t\t<div class=\"elementor-element elementor-element-f0828dd elementor-widget elementor-widget-heading\" data-id=\"f0828dd\" data-element_type=\"widget\" data-e-type=\"widget\" data-widget_type=\"heading.default\">\n\t\t\t\t<div class=\"elementor-widget-container\">\n\t\t\t\t\t<h1 class=\"elementor-heading-title elementor-size-default\">Mouvement, mobilit\u00e9 et pleine conscience<\/h1>\t\t\t\t<\/div>\n\t\t\t\t<\/div>\n\t\t\t\t<div class=\"elementor-element elementor-element-5c623c2 elementor-widget elementor-widget-text-editor\" data-id=\"5c623c2\" data-element_type=\"widget\" data-e-type=\"widget\" data-widget_type=\"text-editor.default\">\n\t\t\t\t<div class=\"elementor-widget-container\">\n\t\t\t\t\t\t\t\t\t<div class=\"elementor-element elementor-element-3fd73d8 elementor-widget elementor-widget-text-editor\" data-id=\"3fd73d8\" data-element_type=\"widget\" data-widget_type=\"text-editor.default\"><div class=\"elementor-widget-container\"><p>Nous vous invitons \u00e0 participer \u00e0 une exp\u00e9rience inoubliable, riche en beaux moments et offrant de quoi satisfaire chacun.<\/p><p>Vivez une s\u00e9rie de mini-sessions soigneusement con\u00e7ues, comprenant Wellness Mobility, Yoga Sense et un bain sonore r\u00e9g\u00e9n\u00e9rant. Chacune est pens\u00e9e pour vous laisser une sensation de fra\u00eecheur, de r\u00e9\u00e9quilibrage et de pleine revitalisation. <\/p><\/div><\/div>\t\t\t\t\t\t\t\t<\/div>\n\t\t\t\t<\/div>\n\t\t\t\t<div class=\"elementor-element elementor-element-8f93bc4 elementor-widget elementor-widget-text-editor\" data-id=\"8f93bc4\" data-element_type=\"widget\" data-e-type=\"widget\" data-widget_type=\"text-editor.default\">\n\t\t\t\t<div class=\"elementor-widget-container\">\n\t\t\t\t\t\t\t\t\t<p><strong>Date :<\/strong> vendredi 17 avril 2026<\/p><p><strong>Heure : <\/strong>14h00 &#8211; 16h00<\/p><p><strong>Lieu :<\/strong> Courtyard at Sleeping Giant<\/p><p><strong>Prix :<\/strong> 30 $ USD par personne<\/p>\t\t\t\t\t\t\t\t<\/div>\n\t\t\t\t<\/div>\n\t\t\t\t<div class=\"elementor-element elementor-element-0ddae44 elementor-widget elementor-widget-button\" data-id=\"0ddae44\" data-element_type=\"widget\" data-e-type=\"widget\" data-widget_type=\"button.default\">\n\t\t\t\t<div class=\"elementor-widget-container\">\n\t\t\t\t\t\t\t\t\t<div class=\"elementor-button-wrapper\">\n\t\t\t\t\t<a class=\"elementor-button elementor-button-link elementor-size-sm\" href=\"mailto:reservations@thebelizecollection.com\">\n\t\t\t\t\t\t<span class=\"elementor-button-content-wrapper\">\n\t\t\t\t\t\t\t\t\t<span class=\"elementor-button-text\">Cliquez ici pour confirmer votre pr\u00e9sence<\/span>\n\t\t\t\t\t<\/span>\n\t\t\t\t\t<\/a>\n\t\t\t\t<\/div>\n\t\t\t\t\t\t\t\t<\/div>\n\t\t\t\t<\/div>\n\t\t\t\t<\/div>\n\t\t<div class=\"elementor-element elementor-element-3adf8b1 e-con-full e-flex e-con e-child\" data-id=\"3adf8b1\" data-element_type=\"container\" data-e-type=\"container\" data-settings=\"{&quot;background_background&quot;:&quot;classic&quot;}\">\n\t\t\t\t<\/div>\n\t\t\t\t\t<\/div>\n\t\t\t\t<\/div>\n\t\t<div class=\"elementor-element elementor-element-edf4035 e-flex e-con-boxed e-con e-parent\" data-id=\"edf4035\" data-element_type=\"container\" data-e-type=\"container\">\n\t\t\t\t\t<div class=\"e-con-inner\">\n\t\t\t\t<div class=\"elementor-element elementor-element-f3f20e0 elementor-widget elementor-widget-spacer\" data-id=\"f3f20e0\" data-element_type=\"widget\" data-e-type=\"widget\" data-widget_type=\"spacer.default\">\n\t\t\t\t<div class=\"elementor-widget-container\">\n\t\t\t\t\t\t\t<div class=\"elementor-spacer\">\n\t\t\t<div class=\"elementor-spacer-inner\"><\/div>\n\t\t<\/div>\n\t\t\t\t\t\t<\/div>\n\t\t\t\t<\/div>\n\t\t\t\t\t<\/div>\n\t\t\t\t<\/div>\n\t\t\t\t<\/div>\n\t\t","protected":false},"excerpt":{"rendered":"<p>Mouvement, mobilit\u00e9 et pleine conscience Nous vous invitons \u00e0 participer \u00e0 une exp\u00e9rience inoubliable, riche en beaux moments et offrant de quoi satisfaire chacun. Vivez une s\u00e9rie de mini-sessions soigneusement con\u00e7ues, comprenant Wellness Mobility, Yoga Sense et un bain sonore r\u00e9g\u00e9n\u00e9rant. Chacune est pens\u00e9e pour vous laisser une sensation de fra\u00eecheur, de r\u00e9\u00e9quilibrage et de [&hellip;]<\/p>\n","protected":false},"author":4,"featured_media":0,"parent":0,"menu_order":0,"comment_status":"closed","ping_status":"closed","template":"page-full-width.php","meta":{"_acf_changed":false,"_vp_format_video_url":"","_vp_image_focal_point":[],"footnotes":""},"categories":[206],"tags":[],"class_list":["post-75899","page","type-page","status-publish","hentry","category-rassemblement-tbc"],"acf":[],"yoast_head":"<!-- This site is optimized with the Yoast SEO plugin v27.6 - https:\/\/yoast.com\/product\/yoast-seo-wordpress\/ -->\n<title>Mouvement, mobilit\u00e9 et pleine conscience - The Belize Collection<\/title>\n<meta name=\"robots\" content=\"index, follow, max-snippet:-1, max-image-preview:large, max-video-preview:-1\" \/>\n<link rel=\"canonical\" href=\"https:\/\/thebelizecollection.com\/fr\/mouvement-mobilite-et-pleine-conscience\/\" \/>\n<meta property=\"og:locale\" content=\"fr_FR\" \/>\n<meta property=\"og:type\" content=\"article\" \/>\n<meta property=\"og:title\" content=\"Mouvement, mobilit\u00e9 et pleine conscience - The Belize Collection\" \/>\n<meta property=\"og:description\" content=\"Mouvement, mobilit\u00e9 et pleine conscience Nous vous invitons \u00e0 participer \u00e0 une exp\u00e9rience inoubliable, riche en beaux moments et offrant de quoi satisfaire chacun. Vivez une s\u00e9rie de mini-sessions soigneusement con\u00e7ues, comprenant Wellness Mobility, Yoga Sense et un bain sonore r\u00e9g\u00e9n\u00e9rant. Chacune est pens\u00e9e pour vous laisser une sensation de fra\u00eecheur, de r\u00e9\u00e9quilibrage et de [&hellip;]\" \/>\n<meta property=\"og:url\" content=\"https:\/\/thebelizecollection.com\/fr\/mouvement-mobilite-et-pleine-conscience\/\" \/>\n<meta property=\"og:site_name\" content=\"The Belize Collection\" \/>\n<meta property=\"article:modified_time\" content=\"2026-04-30T15:27:20+00:00\" \/>\n<meta name=\"twitter:card\" content=\"summary_large_image\" \/>\n<script type=\"application\/ld+json\" class=\"yoast-schema-graph\">{\"@context\":\"https:\\\/\\\/schema.org\",\"@graph\":[{\"@type\":\"WebPage\",\"@id\":\"https:\\\/\\\/thebelizecollection.com\\\/fr\\\/mouvement-mobilite-et-pleine-conscience\\\/\",\"url\":\"https:\\\/\\\/thebelizecollection.com\\\/fr\\\/mouvement-mobilite-et-pleine-conscience\\\/\",\"name\":\"Mouvement, mobilit\u00e9 et pleine conscience - The Belize Collection\",\"isPartOf\":{\"@id\":\"https:\\\/\\\/thebelizecollection.com\\\/fr\\\/#website\"},\"datePublished\":\"2026-04-11T22:09:15+00:00\",\"dateModified\":\"2026-04-30T15:27:20+00:00\",\"breadcrumb\":{\"@id\":\"https:\\\/\\\/thebelizecollection.com\\\/fr\\\/mouvement-mobilite-et-pleine-conscience\\\/#breadcrumb\"},\"inLanguage\":\"fr-FR\",\"potentialAction\":[{\"@type\":\"ReadAction\",\"target\":[\"https:\\\/\\\/thebelizecollection.com\\\/fr\\\/mouvement-mobilite-et-pleine-conscience\\\/\"]}]},{\"@type\":\"BreadcrumbList\",\"@id\":\"https:\\\/\\\/thebelizecollection.com\\\/fr\\\/mouvement-mobilite-et-pleine-conscience\\\/#breadcrumb\",\"itemListElement\":[{\"@type\":\"ListItem\",\"position\":1,\"name\":\"Home\",\"item\":\"https:\\\/\\\/thebelizecollection.com\\\/fr\\\/the-belize-collection-2\\\/\"},{\"@type\":\"ListItem\",\"position\":2,\"name\":\"Mouvement, mobilit\u00e9 et pleine conscience\"}]},{\"@type\":\"WebSite\",\"@id\":\"https:\\\/\\\/thebelizecollection.com\\\/fr\\\/#website\",\"url\":\"https:\\\/\\\/thebelizecollection.com\\\/fr\\\/\",\"name\":\"The Belize Collection\",\"description\":\"Everything Belize\",\"potentialAction\":[{\"@type\":\"SearchAction\",\"target\":{\"@type\":\"EntryPoint\",\"urlTemplate\":\"https:\\\/\\\/thebelizecollection.com\\\/fr\\\/?s={search_term_string}\"},\"query-input\":{\"@type\":\"PropertyValueSpecification\",\"valueRequired\":true,\"valueName\":\"search_term_string\"}}],\"inLanguage\":\"fr-FR\"}]}<\/script>\n<!-- \/ Yoast SEO plugin. -->","yoast_head_json":{"title":"Mouvement, mobilit\u00e9 et pleine conscience - The Belize Collection","robots":{"index":"index","follow":"follow","max-snippet":"max-snippet:-1","max-image-preview":"max-image-preview:large","max-video-preview":"max-video-preview:-1"},"canonical":"https:\/\/thebelizecollection.com\/fr\/mouvement-mobilite-et-pleine-conscience\/","og_locale":"fr_FR","og_type":"article","og_title":"Mouvement, mobilit\u00e9 et pleine conscience - The Belize Collection","og_description":"Mouvement, mobilit\u00e9 et pleine conscience Nous vous invitons \u00e0 participer \u00e0 une exp\u00e9rience inoubliable, riche en beaux moments et offrant de quoi satisfaire chacun. Vivez une s\u00e9rie de mini-sessions soigneusement con\u00e7ues, comprenant Wellness Mobility, Yoga Sense et un bain sonore r\u00e9g\u00e9n\u00e9rant. Chacune est pens\u00e9e pour vous laisser une sensation de fra\u00eecheur, de r\u00e9\u00e9quilibrage et de [&hellip;]","og_url":"https:\/\/thebelizecollection.com\/fr\/mouvement-mobilite-et-pleine-conscience\/","og_site_name":"The Belize Collection","article_modified_time":"2026-04-30T15:27:20+00:00","twitter_card":"summary_large_image","schema":{"@context":"https:\/\/schema.org","@graph":[{"@type":"WebPage","@id":"https:\/\/thebelizecollection.com\/fr\/mouvement-mobilite-et-pleine-conscience\/","url":"https:\/\/thebelizecollection.com\/fr\/mouvement-mobilite-et-pleine-conscience\/","name":"Mouvement, mobilit\u00e9 et pleine conscience - The Belize Collection","isPartOf":{"@id":"https:\/\/thebelizecollection.com\/fr\/#website"},"datePublished":"2026-04-11T22:09:15+00:00","dateModified":"2026-04-30T15:27:20+00:00","breadcrumb":{"@id":"https:\/\/thebelizecollection.com\/fr\/mouvement-mobilite-et-pleine-conscience\/#breadcrumb"},"inLanguage":"fr-FR","potentialAction":[{"@type":"ReadAction","target":["https:\/\/thebelizecollection.com\/fr\/mouvement-mobilite-et-pleine-conscience\/"]}]},{"@type":"BreadcrumbList","@id":"https:\/\/thebelizecollection.com\/fr\/mouvement-mobilite-et-pleine-conscience\/#breadcrumb","itemListElement":[{"@type":"ListItem","position":1,"name":"Home","item":"https:\/\/thebelizecollection.com\/fr\/the-belize-collection-2\/"},{"@type":"ListItem","position":2,"name":"Mouvement, mobilit\u00e9 et pleine conscience"}]},{"@type":"WebSite","@id":"https:\/\/thebelizecollection.com\/fr\/#website","url":"https:\/\/thebelizecollection.com\/fr\/","name":"The Belize Collection","description":"Everything Belize","potentialAction":[{"@type":"SearchAction","target":{"@type":"EntryPoint","urlTemplate":"https:\/\/thebelizecollection.com\/fr\/?s={search_term_string}"},"query-input":{"@type":"PropertyValueSpecification","valueRequired":true,"valueName":"search_term_string"}}],"inLanguage":"fr-FR"}]}},"jetpack_sharing_enabled":true,"_links":{"self":[{"href":"https:\/\/thebelizecollection.com\/fr\/wp-json\/wp\/v2\/pages\/75899","targetHints":{"allow":["GET"]}}],"collection":[{"href":"https:\/\/thebelizecollection.com\/fr\/wp-json\/wp\/v2\/pages"}],"about":[{"href":"https:\/\/thebelizecollection.com\/fr\/wp-json\/wp\/v2\/types\/page"}],"author":[{"embeddable":true,"href":"https:\/\/thebelizecollection.com\/fr\/wp-json\/wp\/v2\/users\/4"}],"replies":[{"embeddable":true,"href":"https:\/\/thebelizecollection.com\/fr\/wp-json\/wp\/v2\/comments?post=75899"}],"version-history":[{"count":1,"href":"https:\/\/thebelizecollection.com\/fr\/wp-json\/wp\/v2\/pages\/75899\/revisions"}],"predecessor-version":[{"id":75900,"href":"https:\/\/thebelizecollection.com\/fr\/wp-json\/wp\/v2\/pages\/75899\/revisions\/75900"}],"wp:attachment":[{"href":"https:\/\/thebelizecollection.com\/fr\/wp-json\/wp\/v2\/media?parent=75899"}],"wp:term":[{"taxonomy":"category","embeddable":true,"href":"https:\/\/thebelizecollection.com\/fr\/wp-json\/wp\/v2\/categories?post=75899"},{"taxonomy":"post_tag","embeddable":true,"href":"https:\/\/thebelizecollection.com\/fr\/wp-json\/wp\/v2\/tags?post=75899"}],"curies":[{"name":"wp","href":"https:\/\/api.w.org\/{rel}","templated":true}]}}