{"id":75902,"date":"2026-04-27T09:44:45","date_gmt":"2026-04-27T15:44:45","guid":{"rendered":"https:\/\/thebelizecollection.com\/forfaits-vacances\/de-la-jungle-au-caye-une-experience-de-deux-resorts-au-belize\/"},"modified":"2026-04-30T09:27:36","modified_gmt":"2026-04-30T15:27:36","slug":"de-la-jungle-au-caye-une-experience-de-deux-resorts-au-belize","status":"publish","type":"page","link":"https:\/\/thebelizecollection.com\/fr\/forfaits-vacances\/de-la-jungle-au-caye-une-experience-de-deux-resorts-au-belize\/","title":{"rendered":"De la jungle au caye : une exp\u00e9rience de deux resorts au Belize"},"content":{"rendered":"\t\t<div data-elementor-type=\"wp-page\" data-elementor-id=\"75902\" class=\"elementor elementor-75902 elementor-75606\" data-elementor-post-type=\"page\">\n\t\t\t\t<div class=\"elementor-element elementor-element-77efa722 e-con-full elementor-hidden-mobile e-flex e-con e-parent\" data-id=\"77efa722\" data-element_type=\"container\" data-e-type=\"container\" data-settings=\"{&quot;background_background&quot;:&quot;classic&quot;}\">\n\t\t\t\t<\/div>\n\t\t<div class=\"elementor-element elementor-element-61e72602 e-flex e-con-boxed e-con e-parent\" data-id=\"61e72602\" data-element_type=\"container\" data-e-type=\"container\">\n\t\t\t\t\t<div class=\"e-con-inner\">\n\t\t<div class=\"elementor-element elementor-element-4a8c92e4 e-con-full e-flex e-con e-child\" data-id=\"4a8c92e4\" data-element_type=\"container\" data-e-type=\"container\" data-settings=\"{&quot;background_background&quot;:&quot;classic&quot;}\">\n\t\t\t\t<\/div>\n\t\t<div class=\"elementor-element elementor-element-30a4e8bc e-con-full e-flex e-con e-child\" data-id=\"30a4e8bc\" data-element_type=\"container\" data-e-type=\"container\">\n\t\t\t\t<div class=\"elementor-element elementor-element-194eaabd elementor-widget elementor-widget-heading\" data-id=\"194eaabd\" data-element_type=\"widget\" data-e-type=\"widget\" data-widget_type=\"heading.default\">\n\t\t\t\t<div class=\"elementor-widget-container\">\n\t\t\t\t\t<h1 class=\"elementor-heading-title elementor-size-default\">De la jungle au caye : une exp\u00e9rience de deux resorts au Belize<\/h1>\t\t\t\t<\/div>\n\t\t\t\t<\/div>\n\t\t\t\t<div class=\"elementor-element elementor-element-19cf3edc elementor-widget elementor-widget-heading\" data-id=\"19cf3edc\" data-element_type=\"widget\" data-e-type=\"widget\" data-widget_type=\"heading.default\">\n\t\t\t\t<div class=\"elementor-widget-container\">\n\t\t\t\t\t<h3 class=\"elementor-heading-title elementor-size-default\">Deux univers et un voyage extraordinaire<\/h3>\t\t\t\t<\/div>\n\t\t\t\t<\/div>\n\t\t\t\t<div class=\"elementor-element elementor-element-2f5a4680 elementor-widget elementor-widget-text-editor\" data-id=\"2f5a4680\" data-element_type=\"widget\" data-e-type=\"widget\" data-widget_type=\"text-editor.default\">\n\t\t\t\t<div class=\"elementor-widget-container\">\n\t\t\t\t\t\t\t\t\t<div class=\"elementor-element elementor-element-3fd73d8 elementor-widget elementor-widget-text-editor\" data-id=\"3fd73d8\" data-element_type=\"widget\" data-widget_type=\"text-editor.default\"><div class=\"elementor-widget-container\">Commencez votre escapade au c\u0153ur de la for\u00eat tropicale, au The Rainforest Lodge at Sleeping Giant. Que vous partiez \u00e0 la d\u00e9couverte d\u2019anciens secrets mayas, que vous vous laissiez porter au fil de la rivi\u00e8re ou que vous profitiez simplement de votre suite pour tout savourer, chaque instant semble naturel et sans effort. Puis, mettez le cap sur la mer des Cara\u00efbes vers le St. George\u2019s Caye Resort, o\u00f9 vous serez envelopp\u00e9(e) d\u2019une beaut\u00e9 que seule une \u00eele priv\u00e9e peut offrir : cabanas au toit de chaume, sable blanc et fin sous vos pieds, et eaux turquoise et chaleureuses \u00e0 perte de vue. Laissez-vous bercer par le rythme de la vie insulaire et portez un toast au coucher du soleil avec un punch au rhum offert. C\u2019est le Belize dans toute sa magie : deux univers et un voyage extraordinaire.    <\/div><\/div>\t\t\t\t\t\t\t\t<\/div>\n\t\t\t\t<\/div>\n\t\t\t\t<div class=\"elementor-element elementor-element-1cf9d517 elementor-widget elementor-widget-heading\" data-id=\"1cf9d517\" data-element_type=\"widget\" data-e-type=\"widget\" data-widget_type=\"heading.default\">\n\t\t\t\t<div class=\"elementor-widget-container\">\n\t\t\t\t\t<h2 class=\"elementor-heading-title elementor-size-default\">Inclus dans cette exp\u00e9rience :<\/h2>\t\t\t\t<\/div>\n\t\t\t\t<\/div>\n\t\t\t\t<div class=\"elementor-element elementor-element-1ea6bd6 elementor-widget elementor-widget-text-editor\" data-id=\"1ea6bd6\" data-element_type=\"widget\" data-e-type=\"widget\" data-widget_type=\"text-editor.default\">\n\t\t\t\t<div class=\"elementor-widget-container\">\n\t\t\t\t\t\t\t\t\t<p data-start=\"194\" data-end=\"244\"><strong data-start=\"194\" data-end=\"244\">Au Rainforest Lodge at Sleeping Giant :<\/strong><\/p><ul data-start=\"245\" data-end=\"722\"><li data-section-id=\"epbw3b\" data-start=\"245\" data-end=\"308\">Transfert priv\u00e9 de l\u2019a\u00e9roport international vers le The Rainforest Lodge at Sleeping Giant<\/li><li data-section-id=\"k3p4ti\" data-start=\"309\" data-end=\"362\">S\u00e9jour de trois (3) nuits en suite Riverview avec bassin de d\u00e9tente<\/li><li data-section-id=\"c8hb3l\" data-start=\"363\" data-end=\"446\">Chaque jour : petit-d\u00e9jeuner \u00e0 un plat, d\u00e9jeuner \u00e0 deux plats et d\u00eener \u00e0 trois plats pour deux (2)<\/li><li data-section-id=\"1xfbafk\" data-start=\"447\" data-end=\"480\">Cours de cuisine maya pour deux (2)<\/li><li data-section-id=\"16lzv2w\" data-start=\"481\" data-end=\"515\">Visite de grotte c\u00e9r\u00e9monielle pour deux (2)<\/li><li data-section-id=\"1o6lzf7\" data-start=\"516\" data-end=\"558\">Boisson de bienvenue offerte \u00e0 l&#8217;arriv\u00e9e<\/li><li data-section-id=\"81un3q\" data-start=\"559\" data-end=\"616\">Utilisation gratuite des kayaks, paddleboards et v\u00e9los<\/li><li data-section-id=\"1ps60kh\" data-start=\"617\" data-end=\"660\">Acc\u00e8s gratuit \u00e0 tous les sentiers de randonn\u00e9e<\/li><li data-section-id=\"e9phyf\" data-start=\"661\" data-end=\"722\">Transfert priv\u00e9 de Sleeping Giant vers la Radisson Marina<\/li><\/ul><p data-start=\"724\" data-end=\"756\"><strong data-start=\"724\" data-end=\"756\">Au St. George\u2019s Caye Resort :<\/strong><\/p><ul data-start=\"757\" data-end=\"1576\"><li data-section-id=\"1sbaefr\" data-start=\"757\" data-end=\"802\">S\u00e9jour dans la cabana au toit de chaume de votre choix<\/li><li data-section-id=\"19gfjgc\" data-start=\"803\" data-end=\"901\">Tous les repas inclus \u2014 du d\u00eener le jour de l\u2019arriv\u00e9e au petit-d\u00e9jeuner le jour du d\u00e9part<\/li><li data-section-id=\"19o4xid\" data-start=\"902\" data-end=\"979\">Transfert aller-retour entre l\u2019a\u00e9roport international et le resort sur l\u2019\u00eele<\/li><li data-section-id=\"vu2612\" data-start=\"980\" data-end=\"1082\">Service gratuit de caf\u00e9 ou de th\u00e9 le matin, avec jus fra\u00eechement press\u00e9, livr\u00e9 chaque jour \u00e0 votre cabana<\/li><li data-section-id=\"1iwqkbb\" data-start=\"1083\" data-end=\"1122\">Premier punch au rhum offert chaque jour<\/li><li data-section-id=\"1r9qgma\" data-start=\"1123\" data-end=\"1191\">Caf\u00e9 et th\u00e9 \u00e0 volont\u00e9 disponibles tout au long de la journ\u00e9e au lodge<\/li><li data-section-id=\"1o1cufz\" data-start=\"1192\" data-end=\"1357\">Utilisation gratuite des kayaks, voiliers Hobie Cat, paddleboards, piscine, \u00e9quipement de snorkeling pour snorkeling depuis le ponton, p\u00eache depuis le ponton et hamacs<\/li><li data-section-id=\"1tulgp9\" data-start=\"1358\" data-end=\"1392\">Initiation \u00e0 la plong\u00e9e SCUBA en piscine<\/li><li data-section-id=\"30up1j\" data-start=\"1393\" data-end=\"1474\">Assistance du concierge pour la planification de la plong\u00e9e, du snorkeling et des excursions sur le continent<\/li><li data-section-id=\"5lvli8\" data-start=\"1475\" data-end=\"1576\">Eau potable fra\u00eeche filtr\u00e9e disponible dans tout le resort gr\u00e2ce \u00e0 un syst\u00e8me de filtration par osmose inverse<\/li><\/ul>\t\t\t\t\t\t\t\t<\/div>\n\t\t\t\t<\/div>\n\t\t\t\t<div class=\"elementor-element elementor-element-573cab3b elementor-widget elementor-widget-heading\" data-id=\"573cab3b\" data-element_type=\"widget\" data-e-type=\"widget\" data-widget_type=\"heading.default\">\n\t\t\t\t<div class=\"elementor-widget-container\">\n\t\t\t\t\t<h2 class=\"elementor-heading-title elementor-size-default\">\u00c0 PARTIR DE 6 200,00 $ US<\/h2>\t\t\t\t<\/div>\n\t\t\t\t<\/div>\n\t\t\t\t<div class=\"elementor-element elementor-element-6af4589d elementor-widget elementor-widget-text-editor\" data-id=\"6af4589d\" data-element_type=\"widget\" data-e-type=\"widget\" data-widget_type=\"text-editor.default\">\n\t\t\t\t<div class=\"elementor-widget-container\">\n\t\t\t\t\t\t\t\t\t<div class=\"elementor-element elementor-element-3fd73d8 elementor-widget elementor-widget-text-editor\" data-id=\"3fd73d8\" data-element_type=\"widget\" data-widget_type=\"text-editor.default\"><div class=\"elementor-widget-container\"><ul><li>Le prix du forfait est bas\u00e9 sur 2 personnes.<\/li><li>Taxes incluses<\/li><\/ul><\/div><\/div>\t\t\t\t\t\t\t\t<\/div>\n\t\t\t\t<\/div>\n\t\t<div class=\"elementor-element elementor-element-af947ac e-grid e-con-full e-con e-child\" data-id=\"af947ac\" data-element_type=\"container\" data-e-type=\"container\">\n\t\t\t\t<div class=\"elementor-element elementor-element-2179d652 elementor-align-left elementor-widget elementor-widget-button\" data-id=\"2179d652\" data-element_type=\"widget\" data-e-type=\"widget\" data-widget_type=\"button.default\">\n\t\t\t\t<div class=\"elementor-widget-container\">\n\t\t\t\t\t\t\t\t\t<div class=\"elementor-button-wrapper\">\n\t\t\t\t\t<a class=\"elementor-button elementor-button-link elementor-size-sm\" href=\"https:\/\/thebelizecollection.com\/fr\/contactez-nous\/\">\n\t\t\t\t\t\t<span class=\"elementor-button-content-wrapper\">\n\t\t\t\t\t\t\t\t\t<span class=\"elementor-button-text\">CONTACTEZ-NOUS<\/span>\n\t\t\t\t\t<\/span>\n\t\t\t\t\t<\/a>\n\t\t\t\t<\/div>\n\t\t\t\t\t\t\t\t<\/div>\n\t\t\t\t<\/div>\n\t\t\t\t<div class=\"elementor-element elementor-element-8ac75dd elementor-align-left elementor-widget elementor-widget-button\" data-id=\"8ac75dd\" data-element_type=\"widget\" data-e-type=\"widget\" id=\"tbc-go-back\" data-widget_type=\"button.default\">\n\t\t\t\t<div class=\"elementor-widget-container\">\n\t\t\t\t\t\t\t\t\t<div class=\"elementor-button-wrapper\">\n\t\t\t\t\t<a class=\"elementor-button elementor-button-link elementor-size-sm\" href=\"https:\/\/thebelizecollection.com\/fr\/forfaits-vacances\/\">\n\t\t\t\t\t\t<span class=\"elementor-button-content-wrapper\">\n\t\t\t\t\t\t<span class=\"elementor-button-icon\">\n\t\t\t\t<svg aria-hidden=\"true\" class=\"e-font-icon-svg e-fas-arrow-left\" viewBox=\"0 0 448 512\" xmlns=\"http:\/\/www.w3.org\/2000\/svg\"><path d=\"M257.5 445.1l-22.2 22.2c-9.4 9.4-24.6 9.4-33.9 0L7 273c-9.4-9.4-9.4-24.6 0-33.9L201.4 44.7c9.4-9.4 24.6-9.4 33.9 0l22.2 22.2c9.5 9.5 9.3 25-.4 34.3L136.6 216H424c13.3 0 24 10.7 24 24v32c0 13.3-10.7 24-24 24H136.6l120.5 114.8c9.8 9.3 10 24.8.4 34.3z\"><\/path><\/svg>\t\t\t<\/span>\n\t\t\t\t\t\t\t\t\t<span class=\"elementor-button-text\">VOIR LES FORFAITS VACANCES<\/span>\n\t\t\t\t\t<\/span>\n\t\t\t\t\t<\/a>\n\t\t\t\t<\/div>\n\t\t\t\t\t\t\t\t<\/div>\n\t\t\t\t<\/div>\n\t\t\t\t<\/div>\n\t\t\t\t<\/div>\n\t\t\t\t\t<\/div>\n\t\t\t\t<\/div>\n\t\t<div class=\"elementor-element elementor-element-24c626f2 e-flex e-con-boxed e-con e-parent\" data-id=\"24c626f2\" data-element_type=\"container\" data-e-type=\"container\">\n\t\t\t\t\t<div class=\"e-con-inner\">\n\t\t\t\t<div class=\"elementor-element elementor-element-bb33e2 elementor-widget elementor-widget-spacer\" data-id=\"bb33e2\" data-element_type=\"widget\" data-e-type=\"widget\" data-widget_type=\"spacer.default\">\n\t\t\t\t<div class=\"elementor-widget-container\">\n\t\t\t\t\t\t\t<div class=\"elementor-spacer\">\n\t\t\t<div class=\"elementor-spacer-inner\"><\/div>\n\t\t<\/div>\n\t\t\t\t\t\t<\/div>\n\t\t\t\t<\/div>\n\t\t\t\t\t<\/div>\n\t\t\t\t<\/div>\n\t\t\t\t<\/div>\n\t\t","protected":false},"excerpt":{"rendered":"<p>De la jungle au caye : une exp\u00e9rience de deux resorts au Belize Deux univers et un voyage extraordinaire Commencez votre escapade au c\u0153ur de la for\u00eat tropicale, au The Rainforest Lodge at Sleeping Giant. Que vous partiez \u00e0 la d\u00e9couverte d\u2019anciens secrets mayas, que vous vous laissiez porter au fil de la rivi\u00e8re ou [&hellip;]<\/p>\n","protected":false},"author":4,"featured_media":0,"parent":74303,"menu_order":0,"comment_status":"closed","ping_status":"closed","template":"page-full-width.php","meta":{"_acf_changed":false,"_vp_format_video_url":"","_vp_image_focal_point":[],"footnotes":""},"categories":[],"tags":[],"class_list":["post-75902","page","type-page","status-publish","hentry"],"acf":[],"yoast_head":"<!-- This site is optimized with the Yoast SEO plugin v27.6 - https:\/\/yoast.com\/product\/yoast-seo-wordpress\/ -->\n<title>De la jungle au caye : une exp\u00e9rience de deux resorts au Belize - The Belize Collection<\/title>\n<meta name=\"robots\" content=\"index, follow, max-snippet:-1, max-image-preview:large, max-video-preview:-1\" \/>\n<link rel=\"canonical\" href=\"https:\/\/thebelizecollection.com\/fr\/forfaits-vacances\/de-la-jungle-au-caye-une-experience-de-deux-resorts-au-belize\/\" \/>\n<meta property=\"og:locale\" content=\"fr_FR\" \/>\n<meta property=\"og:type\" content=\"article\" \/>\n<meta property=\"og:title\" content=\"De la jungle au caye : une exp\u00e9rience de deux resorts au Belize - The Belize Collection\" \/>\n<meta property=\"og:description\" content=\"De la jungle au caye : une exp\u00e9rience de deux resorts au Belize Deux univers et un voyage extraordinaire Commencez votre escapade au c\u0153ur de la for\u00eat tropicale, au The Rainforest Lodge at Sleeping Giant. Que vous partiez \u00e0 la d\u00e9couverte d\u2019anciens secrets mayas, que vous vous laissiez porter au fil de la rivi\u00e8re ou [&hellip;]\" \/>\n<meta property=\"og:url\" content=\"https:\/\/thebelizecollection.com\/fr\/forfaits-vacances\/de-la-jungle-au-caye-une-experience-de-deux-resorts-au-belize\/\" \/>\n<meta property=\"og:site_name\" content=\"The Belize Collection\" \/>\n<meta property=\"article:modified_time\" content=\"2026-04-30T15:27:36+00:00\" \/>\n<meta name=\"twitter:card\" content=\"summary_large_image\" \/>\n<meta name=\"twitter:label1\" content=\"Dur\u00e9e de lecture estim\u00e9e\" \/>\n\t<meta name=\"twitter:data1\" content=\"2 minutes\" \/>\n<script type=\"application\/ld+json\" class=\"yoast-schema-graph\">{\"@context\":\"https:\\\/\\\/schema.org\",\"@graph\":[{\"@type\":\"WebPage\",\"@id\":\"https:\\\/\\\/thebelizecollection.com\\\/fr\\\/forfaits-vacances\\\/de-la-jungle-au-caye-une-experience-de-deux-resorts-au-belize\\\/\",\"url\":\"https:\\\/\\\/thebelizecollection.com\\\/fr\\\/forfaits-vacances\\\/de-la-jungle-au-caye-une-experience-de-deux-resorts-au-belize\\\/\",\"name\":\"De la jungle au caye : une exp\u00e9rience de deux resorts au Belize - The Belize Collection\",\"isPartOf\":{\"@id\":\"https:\\\/\\\/thebelizecollection.com\\\/fr\\\/#website\"},\"datePublished\":\"2026-04-27T15:44:45+00:00\",\"dateModified\":\"2026-04-30T15:27:36+00:00\",\"breadcrumb\":{\"@id\":\"https:\\\/\\\/thebelizecollection.com\\\/fr\\\/forfaits-vacances\\\/de-la-jungle-au-caye-une-experience-de-deux-resorts-au-belize\\\/#breadcrumb\"},\"inLanguage\":\"fr-FR\",\"potentialAction\":[{\"@type\":\"ReadAction\",\"target\":[\"https:\\\/\\\/thebelizecollection.com\\\/fr\\\/forfaits-vacances\\\/de-la-jungle-au-caye-une-experience-de-deux-resorts-au-belize\\\/\"]}]},{\"@type\":\"BreadcrumbList\",\"@id\":\"https:\\\/\\\/thebelizecollection.com\\\/fr\\\/forfaits-vacances\\\/de-la-jungle-au-caye-une-experience-de-deux-resorts-au-belize\\\/#breadcrumb\",\"itemListElement\":[{\"@type\":\"ListItem\",\"position\":1,\"name\":\"Home\",\"item\":\"https:\\\/\\\/thebelizecollection.com\\\/fr\\\/the-belize-collection-2\\\/\"},{\"@type\":\"ListItem\",\"position\":2,\"name\":\"Forfaits Vacances\",\"item\":\"https:\\\/\\\/thebelizecollection.com\\\/fr\\\/forfaits-vacances\\\/\"},{\"@type\":\"ListItem\",\"position\":3,\"name\":\"De la jungle au caye : une exp\u00e9rience de deux resorts au Belize\"}]},{\"@type\":\"WebSite\",\"@id\":\"https:\\\/\\\/thebelizecollection.com\\\/fr\\\/#website\",\"url\":\"https:\\\/\\\/thebelizecollection.com\\\/fr\\\/\",\"name\":\"The Belize Collection\",\"description\":\"Everything Belize\",\"potentialAction\":[{\"@type\":\"SearchAction\",\"target\":{\"@type\":\"EntryPoint\",\"urlTemplate\":\"https:\\\/\\\/thebelizecollection.com\\\/fr\\\/?s={search_term_string}\"},\"query-input\":{\"@type\":\"PropertyValueSpecification\",\"valueRequired\":true,\"valueName\":\"search_term_string\"}}],\"inLanguage\":\"fr-FR\"}]}<\/script>\n<!-- \/ Yoast SEO plugin. -->","yoast_head_json":{"title":"De la jungle au caye : une exp\u00e9rience de deux resorts au Belize - The Belize Collection","robots":{"index":"index","follow":"follow","max-snippet":"max-snippet:-1","max-image-preview":"max-image-preview:large","max-video-preview":"max-video-preview:-1"},"canonical":"https:\/\/thebelizecollection.com\/fr\/forfaits-vacances\/de-la-jungle-au-caye-une-experience-de-deux-resorts-au-belize\/","og_locale":"fr_FR","og_type":"article","og_title":"De la jungle au caye : une exp\u00e9rience de deux resorts au Belize - The Belize Collection","og_description":"De la jungle au caye : une exp\u00e9rience de deux resorts au Belize Deux univers et un voyage extraordinaire Commencez votre escapade au c\u0153ur de la for\u00eat tropicale, au The Rainforest Lodge at Sleeping Giant. Que vous partiez \u00e0 la d\u00e9couverte d\u2019anciens secrets mayas, que vous vous laissiez porter au fil de la rivi\u00e8re ou [&hellip;]","og_url":"https:\/\/thebelizecollection.com\/fr\/forfaits-vacances\/de-la-jungle-au-caye-une-experience-de-deux-resorts-au-belize\/","og_site_name":"The Belize Collection","article_modified_time":"2026-04-30T15:27:36+00:00","twitter_card":"summary_large_image","twitter_misc":{"Dur\u00e9e de lecture estim\u00e9e":"2 minutes"},"schema":{"@context":"https:\/\/schema.org","@graph":[{"@type":"WebPage","@id":"https:\/\/thebelizecollection.com\/fr\/forfaits-vacances\/de-la-jungle-au-caye-une-experience-de-deux-resorts-au-belize\/","url":"https:\/\/thebelizecollection.com\/fr\/forfaits-vacances\/de-la-jungle-au-caye-une-experience-de-deux-resorts-au-belize\/","name":"De la jungle au caye : une exp\u00e9rience de deux resorts au Belize - The Belize Collection","isPartOf":{"@id":"https:\/\/thebelizecollection.com\/fr\/#website"},"datePublished":"2026-04-27T15:44:45+00:00","dateModified":"2026-04-30T15:27:36+00:00","breadcrumb":{"@id":"https:\/\/thebelizecollection.com\/fr\/forfaits-vacances\/de-la-jungle-au-caye-une-experience-de-deux-resorts-au-belize\/#breadcrumb"},"inLanguage":"fr-FR","potentialAction":[{"@type":"ReadAction","target":["https:\/\/thebelizecollection.com\/fr\/forfaits-vacances\/de-la-jungle-au-caye-une-experience-de-deux-resorts-au-belize\/"]}]},{"@type":"BreadcrumbList","@id":"https:\/\/thebelizecollection.com\/fr\/forfaits-vacances\/de-la-jungle-au-caye-une-experience-de-deux-resorts-au-belize\/#breadcrumb","itemListElement":[{"@type":"ListItem","position":1,"name":"Home","item":"https:\/\/thebelizecollection.com\/fr\/the-belize-collection-2\/"},{"@type":"ListItem","position":2,"name":"Forfaits Vacances","item":"https:\/\/thebelizecollection.com\/fr\/forfaits-vacances\/"},{"@type":"ListItem","position":3,"name":"De la jungle au caye : une exp\u00e9rience de deux resorts au Belize"}]},{"@type":"WebSite","@id":"https:\/\/thebelizecollection.com\/fr\/#website","url":"https:\/\/thebelizecollection.com\/fr\/","name":"The Belize Collection","description":"Everything Belize","potentialAction":[{"@type":"SearchAction","target":{"@type":"EntryPoint","urlTemplate":"https:\/\/thebelizecollection.com\/fr\/?s={search_term_string}"},"query-input":{"@type":"PropertyValueSpecification","valueRequired":true,"valueName":"search_term_string"}}],"inLanguage":"fr-FR"}]}},"jetpack_sharing_enabled":true,"_links":{"self":[{"href":"https:\/\/thebelizecollection.com\/fr\/wp-json\/wp\/v2\/pages\/75902","targetHints":{"allow":["GET"]}}],"collection":[{"href":"https:\/\/thebelizecollection.com\/fr\/wp-json\/wp\/v2\/pages"}],"about":[{"href":"https:\/\/thebelizecollection.com\/fr\/wp-json\/wp\/v2\/types\/page"}],"author":[{"embeddable":true,"href":"https:\/\/thebelizecollection.com\/fr\/wp-json\/wp\/v2\/users\/4"}],"replies":[{"embeddable":true,"href":"https:\/\/thebelizecollection.com\/fr\/wp-json\/wp\/v2\/comments?post=75902"}],"version-history":[{"count":1,"href":"https:\/\/thebelizecollection.com\/fr\/wp-json\/wp\/v2\/pages\/75902\/revisions"}],"predecessor-version":[{"id":75903,"href":"https:\/\/thebelizecollection.com\/fr\/wp-json\/wp\/v2\/pages\/75902\/revisions\/75903"}],"up":[{"embeddable":true,"href":"https:\/\/thebelizecollection.com\/fr\/wp-json\/wp\/v2\/pages\/74303"}],"wp:attachment":[{"href":"https:\/\/thebelizecollection.com\/fr\/wp-json\/wp\/v2\/media?parent=75902"}],"wp:term":[{"taxonomy":"category","embeddable":true,"href":"https:\/\/thebelizecollection.com\/fr\/wp-json\/wp\/v2\/categories?post=75902"},{"taxonomy":"post_tag","embeddable":true,"href":"https:\/\/thebelizecollection.com\/fr\/wp-json\/wp\/v2\/tags?post=75902"}],"curies":[{"name":"wp","href":"https:\/\/api.w.org\/{rel}","templated":true}]}}